{"id":2243,"date":"2019-11-15T11:57:13","date_gmt":"2019-11-15T10:57:13","guid":{"rendered":"https:\/\/icoprevencio.cat\/uc\/?page_id=2243\/"},"modified":"2020-03-02T12:30:58","modified_gmt":"2020-03-02T11:30:58","slug":"proves-complementaries-a-la-mamografia","status":"publish","type":"page","link":"https:\/\/icoprevencio.cat\/uc\/proves-complementaries-a-la-mamografia\/","title":{"rendered":"V\u00eddeo: Proves complement\u00e0ries a la mamografia"},"content":{"rendered":"<p><\/p>\n\n\n<h5 class=\"wp-block-heading\">T&#8217;has fet una mamografia i necessiten fer-te m\u00e9s proves? <br>Per a m\u00e9s informaci\u00f3 sobre aquestes proves, mira aquest v\u00eddeo.<br><br><\/h5>\n\n\n\n<p><\/p>\n\n\n\n<figure class=\"wp-block-image\"><a href=\"https:\/\/youtu.be\/XV_2IsOEo48\" target=\"_blank\" rel=\"noreferrer noopener\"><img loading=\"lazy\" decoding=\"async\" width=\"1920\" height=\"1080\" src=\"https:\/\/icoprevencio.cat\/uc\/wp-content\/uploads\/sites\/2\/2019\/11\/cat.jpg\" alt=\"\" class=\"wp-image-2251\" srcset=\"https:\/\/icoprevencio.cat\/uc\/wp-content\/uploads\/sites\/2\/2019\/11\/cat.jpg 1920w, https:\/\/icoprevencio.cat\/uc\/wp-content\/uploads\/sites\/2\/2019\/11\/cat-300x169.jpg 300w, https:\/\/icoprevencio.cat\/uc\/wp-content\/uploads\/sites\/2\/2019\/11\/cat-768x432.jpg 768w, https:\/\/icoprevencio.cat\/uc\/wp-content\/uploads\/sites\/2\/2019\/11\/cat-1024x576.jpg 1024w, https:\/\/icoprevencio.cat\/uc\/wp-content\/uploads\/sites\/2\/2019\/11\/cat-810x457.jpg 810w, https:\/\/icoprevencio.cat\/uc\/wp-content\/uploads\/sites\/2\/2019\/11\/cat-750x422.jpg 750w, https:\/\/icoprevencio.cat\/uc\/wp-content\/uploads\/sites\/2\/2019\/11\/cat-450x254.jpg 450w\" sizes=\"auto, (max-width: 1920px) 100vw, 1920px\" \/><\/a><\/figure>\n","protected":false},"excerpt":{"rendered":"<p>T&#8217;has fet una mamografia i necessiten fer-te m\u00e9s proves? Per a m\u00e9s informaci\u00f3 sobre aquestes proves, mira aquest v\u00eddeo.<\/p>\n","protected":false},"author":15,"featured_media":0,"parent":0,"menu_order":0,"comment_status":"closed","ping_status":"closed","template":"","meta":{"_uag_custom_page_level_css":"","site-sidebar-layout":"default","site-content-layout":"","ast-site-content-layout":"default","site-content-style":"default","site-sidebar-style":"default","ast-global-header-display":"","ast-banner-title-visibility":"","ast-main-header-display":"","ast-hfb-above-header-display":"","ast-hfb-below-header-display":"","ast-hfb-mobile-header-display":"","site-post-title":"","ast-breadcrumbs-content":"","ast-featured-img":"","footer-sml-layout":"","ast-disable-related-posts":"","theme-transparent-header-meta":"","adv-header-id-meta":"","stick-header-meta":"","header-above-stick-meta":"","header-main-stick-meta":"","header-below-stick-meta":"","astra-migrate-meta-layouts":"default","ast-page-background-enabled":"default","ast-page-background-meta":{"desktop":{"background-color":"var(--ast-global-color-4)","background-image":"","background-repeat":"repeat","background-position":"center center","background-size":"auto","background-attachment":"scroll","background-type":"","background-media":"","overlay-type":"","overlay-color":"","overlay-opacity":"","overlay-gradient":""},"tablet":{"background-color":"","background-image":"","background-repeat":"repeat","background-position":"center center","background-size":"auto","background-attachment":"scroll","background-type":"","background-media":"","overlay-type":"","overlay-color":"","overlay-opacity":"","overlay-gradient":""},"mobile":{"background-color":"","background-image":"","background-repeat":"repeat","background-position":"center center","background-size":"auto","background-attachment":"scroll","background-type":"","background-media":"","overlay-type":"","overlay-color":"","overlay-opacity":"","overlay-gradient":""}},"ast-content-background-meta":{"desktop":{"background-color":"var(--ast-global-color-5)","background-image":"","background-repeat":"repeat","background-position":"center center","background-size":"auto","background-attachment":"scroll","background-type":"","background-media":"","overlay-type":"","overlay-color":"","overlay-opacity":"","overlay-gradient":""},"tablet":{"background-color":"var(--ast-global-color-5)","background-image":"","background-repeat":"repeat","background-position":"center center","background-size":"auto","background-attachment":"scroll","background-type":"","background-media":"","overlay-type":"","overlay-color":"","overlay-opacity":"","overlay-gradient":""},"mobile":{"background-color":"var(--ast-global-color-5)","background-image":"","background-repeat":"repeat","background-position":"center center","background-size":"auto","background-attachment":"scroll","background-type":"","background-media":"","overlay-type":"","overlay-color":"","overlay-opacity":"","overlay-gradient":""}},"_vp_format_video_url":"","_vp_image_focal_point":[],"footnotes":""},"class_list":["post-2243","page","type-page","status-publish","hentry"],"uagb_featured_image_src":{"full":false,"thumbnail":false,"medium":false,"medium_large":false,"large":false,"1536x1536":false,"2048x2048":false,"vp_sm":false,"vp_md":false,"vp_lg":false,"vp_xl":false,"vp_sm_popup":false,"vp_md_popup":false,"vp_xl_popup":false},"uagb_author_info":{"display_name":"xesco","author_link":"https:\/\/icoprevencio.cat\/uc\/author\/xesco\/"},"uagb_comment_info":0,"uagb_excerpt":"T&#8217;has fet una mamografia i necessiten fer-te m\u00e9s proves? Per a m\u00e9s informaci\u00f3 sobre aquestes proves, mira aquest v\u00eddeo.","_links":{"self":[{"href":"https:\/\/icoprevencio.cat\/uc\/wp-json\/wp\/v2\/pages\/2243","targetHints":{"allow":["GET"]}}],"collection":[{"href":"https:\/\/icoprevencio.cat\/uc\/wp-json\/wp\/v2\/pages"}],"about":[{"href":"https:\/\/icoprevencio.cat\/uc\/wp-json\/wp\/v2\/types\/page"}],"author":[{"embeddable":true,"href":"https:\/\/icoprevencio.cat\/uc\/wp-json\/wp\/v2\/users\/15"}],"replies":[{"embeddable":true,"href":"https:\/\/icoprevencio.cat\/uc\/wp-json\/wp\/v2\/comments?post=2243"}],"version-history":[{"count":12,"href":"https:\/\/icoprevencio.cat\/uc\/wp-json\/wp\/v2\/pages\/2243\/revisions"}],"predecessor-version":[{"id":2367,"href":"https:\/\/icoprevencio.cat\/uc\/wp-json\/wp\/v2\/pages\/2243\/revisions\/2367"}],"wp:attachment":[{"href":"https:\/\/icoprevencio.cat\/uc\/wp-json\/wp\/v2\/media?parent=2243"}],"curies":[{"name":"wp","href":"https:\/\/api.w.org\/{rel}","templated":true}]}}