{"id":5733,"date":"2023-06-26T11:00:38","date_gmt":"2023-06-26T10:00:38","guid":{"rendered":"https:\/\/icoprevencio.cat\/uc\/?page_id=5733"},"modified":"2025-04-10T10:03:15","modified_gmt":"2025-04-10T09:03:15","slug":"projectes-en-curs","status":"publish","type":"page","link":"https:\/\/icoprevencio.cat\/uc\/projectes\/projectes-en-curs\/","title":{"rendered":"PROJECTES EN CURS"},"content":{"rendered":"\n<div class=\"wp-block-uagb-container uagb-block-709c37ea alignfull uagb-is-root-container\"><div class=\"uagb-container-inner-blocks-wrap\">\n<div class=\"wp-block-uagb-info-box uagb-block-353171f0 uagb-infobox__content-wrap  uagb-infobox-icon-above-title uagb-infobox-image-valign-top wp-block-uagb-info-box--has-margin\"><div class=\"uagb-infobox-margin-wrapper\"><div class=\"uagb-ifb-content\"><div class=\"uagb-ifb-title-wrap\"><h2 class=\"uagb-ifb-title\"><strong>Projectes en curs<\/strong><\/h2><\/div><\/div><\/div><\/div>\n<\/div><\/div>\n\n\n\n<div style=\"height:51px\" aria-hidden=\"true\" class=\"wp-block-spacer\"><\/div>\n\n\n\n<div class=\"wp-block-uagb-container uagb-block-ed804f6e alignfull uagb-is-root-container\"><div class=\"uagb-container-inner-blocks-wrap\">\n<div class=\"wp-block-media-text is-stacked-on-mobile\" style=\"grid-template-columns:29% auto\"><figure class=\"wp-block-media-text__media\"><img loading=\"lazy\" decoding=\"async\" width=\"226\" height=\"122\" src=\"https:\/\/icoprevencio.cat\/uc\/wp-content\/uploads\/sites\/2\/2023\/01\/mtics2-1.png\" alt=\"\" class=\"wp-image-5194 size-full\" \/><\/figure><div class=\"wp-block-media-text__content\">\n<div class=\"wp-block-uagb-info-box uagb-block-c7f218b1 uagb-infobox__content-wrap  uagb-infobox-icon-above-title uagb-infobox-image-valign-top wp-block-uagb-info-box--has-margin\"><div class=\"uagb-infobox-margin-wrapper\"><div class=\"uagb-ifb-content\"><div class=\"uagb-ifb-title-wrap\"><h3 class=\"uagb-ifb-title\">M-TICS<\/h3><\/div><p class=\"uagb-ifb-desc\">Implementaci\u00f3 de missatges SMS en els programes poblacionals de cribratge de c\u00e0ncer<\/p><div class=\"uagb-ifb-button-wrapper wp-block-button\"><a href=\"https:\/\/icoprevencio.cat\/uc\/m-tics\/\" target=\"_self\" class=\"uagb-infobox-cta-link\" rel=\"noopener noreferrer\"><span class=\"uagb-inline-editing\">M\u00e9s informaci\u00f3<\/span><\/a><\/div><\/div><\/div><\/div>\n<\/div><\/div>\n<\/div><\/div>\n\n\n\n<div class=\"wp-block-uagb-container uagb-block-f223f540 alignfull uagb-is-root-container\"><div class=\"uagb-container-inner-blocks-wrap\">\n<div class=\"wp-block-media-text is-stacked-on-mobile\" style=\"grid-template-columns:29% auto\"><figure class=\"wp-block-media-text__media\"><img loading=\"lazy\" decoding=\"async\" width=\"1024\" height=\"373\" src=\"https:\/\/icoprevencio.cat\/uc\/wp-content\/uploads\/sites\/2\/2025\/01\/5.-EUCanScreen_Logo_purlpe_letters-e1738164781414-1024x373.png\" alt=\"\" class=\"wp-image-7190 size-full\" srcset=\"https:\/\/icoprevencio.cat\/uc\/wp-content\/uploads\/sites\/2\/2025\/01\/5.-EUCanScreen_Logo_purlpe_letters-e1738164781414-1024x373.png 1024w, https:\/\/icoprevencio.cat\/uc\/wp-content\/uploads\/sites\/2\/2025\/01\/5.-EUCanScreen_Logo_purlpe_letters-e1738164781414-300x109.png 300w, https:\/\/icoprevencio.cat\/uc\/wp-content\/uploads\/sites\/2\/2025\/01\/5.-EUCanScreen_Logo_purlpe_letters-e1738164781414-768x280.png 768w, https:\/\/icoprevencio.cat\/uc\/wp-content\/uploads\/sites\/2\/2025\/01\/5.-EUCanScreen_Logo_purlpe_letters-e1738164781414-1536x560.png 1536w, https:\/\/icoprevencio.cat\/uc\/wp-content\/uploads\/sites\/2\/2025\/01\/5.-EUCanScreen_Logo_purlpe_letters-e1738164781414-2048x746.png 2048w, https:\/\/icoprevencio.cat\/uc\/wp-content\/uploads\/sites\/2\/2025\/01\/5.-EUCanScreen_Logo_purlpe_letters-e1738164781414-500x182.png 500w, https:\/\/icoprevencio.cat\/uc\/wp-content\/uploads\/sites\/2\/2025\/01\/5.-EUCanScreen_Logo_purlpe_letters-e1738164781414-800x292.png 800w, https:\/\/icoprevencio.cat\/uc\/wp-content\/uploads\/sites\/2\/2025\/01\/5.-EUCanScreen_Logo_purlpe_letters-e1738164781414-1280x467.png 1280w, https:\/\/icoprevencio.cat\/uc\/wp-content\/uploads\/sites\/2\/2025\/01\/5.-EUCanScreen_Logo_purlpe_letters-e1738164781414-1920x700.png 1920w\" sizes=\"auto, (max-width: 1024px) 100vw, 1024px\" \/><\/figure><div class=\"wp-block-media-text__content\">\n<div class=\"wp-block-uagb-info-box uagb-block-871e30e6 uagb-infobox__content-wrap  uagb-infobox-icon-above-title uagb-infobox-image-valign-top wp-block-uagb-info-box--has-margin\"><div class=\"uagb-infobox-margin-wrapper\"><div class=\"uagb-ifb-content\"><div class=\"uagb-ifb-title-wrap\"><h3 class=\"uagb-ifb-title\">EUCanScreen<\/h3><\/div><p class=\"uagb-ifb-desc\">Acci\u00f3 conjunta per garantir la implementaci\u00f3 sostenible de programes de detecci\u00f3 preco\u00e7 de c\u00e0ncer de mama, coll uter\u00ed i colorectal<br><\/p><div class=\"uagb-ifb-button-wrapper wp-block-button\"><a href=\"https:\/\/icoprevencio.cat\/uc\/eucanscreen\/\" target=\"_self\" class=\"uagb-infobox-cta-link\" rel=\"noopener noreferrer\"><span class=\"uagb-inline-editing\">M\u00e9s informaci\u00f3<\/span><\/a><\/div><\/div><\/div><\/div>\n<\/div><\/div>\n<\/div><\/div>\n\n\n\n<div class=\"wp-block-uagb-container uagb-block-8f2ebd99 alignfull uagb-is-root-container\"><div class=\"uagb-container-inner-blocks-wrap\">\n<div class=\"wp-block-media-text is-stacked-on-mobile\" style=\"grid-template-columns:29% auto\"><figure class=\"wp-block-media-text__media\"><img loading=\"lazy\" decoding=\"async\" width=\"1024\" height=\"259\" src=\"https:\/\/icoprevencio.cat\/uc\/wp-content\/uploads\/sites\/2\/2025\/01\/ibechange-final-logo-1024x259.png\" alt=\"\" class=\"wp-image-7203 size-full\" srcset=\"https:\/\/icoprevencio.cat\/uc\/wp-content\/uploads\/sites\/2\/2025\/01\/ibechange-final-logo-1024x259.png 1024w, https:\/\/icoprevencio.cat\/uc\/wp-content\/uploads\/sites\/2\/2025\/01\/ibechange-final-logo-300x76.png 300w, https:\/\/icoprevencio.cat\/uc\/wp-content\/uploads\/sites\/2\/2025\/01\/ibechange-final-logo-768x194.png 768w, https:\/\/icoprevencio.cat\/uc\/wp-content\/uploads\/sites\/2\/2025\/01\/ibechange-final-logo-1536x389.png 1536w, https:\/\/icoprevencio.cat\/uc\/wp-content\/uploads\/sites\/2\/2025\/01\/ibechange-final-logo-2048x518.png 2048w, https:\/\/icoprevencio.cat\/uc\/wp-content\/uploads\/sites\/2\/2025\/01\/ibechange-final-logo-500x127.png 500w, https:\/\/icoprevencio.cat\/uc\/wp-content\/uploads\/sites\/2\/2025\/01\/ibechange-final-logo-800x202.png 800w, https:\/\/icoprevencio.cat\/uc\/wp-content\/uploads\/sites\/2\/2025\/01\/ibechange-final-logo-1280x324.png 1280w, https:\/\/icoprevencio.cat\/uc\/wp-content\/uploads\/sites\/2\/2025\/01\/ibechange-final-logo-1920x486.png 1920w\" sizes=\"auto, (max-width: 1024px) 100vw, 1024px\" \/><\/figure><div class=\"wp-block-media-text__content\">\n<div class=\"wp-block-uagb-info-box uagb-block-87746dc1 uagb-infobox__content-wrap  uagb-infobox-icon-above-title uagb-infobox-image-valign-top wp-block-uagb-info-box--has-margin\"><div class=\"uagb-infobox-margin-wrapper\"><div class=\"uagb-ifb-content\"><div class=\"uagb-ifb-title-wrap\"><h3 class=\"uagb-ifb-title\">iBeChange<\/h3><\/div><p class=\"uagb-ifb-desc\">Abordar els factors de risc psicosocials i d&#8217;estil de vida per promoure la prevenci\u00f3 prim\u00e0ria del c\u00e0ncer: una plataforma integrada per promoure el canvi de comportament.<\/p><div class=\"uagb-ifb-button-wrapper wp-block-button\"><a href=\"https:\/\/icoprevencio.cat\/uc\/ibechange\/\" target=\"_self\" class=\"uagb-infobox-cta-link\" rel=\"noopener noreferrer\"><span class=\"uagb-inline-editing\">M\u00e9s informaci\u00f3<\/span><\/a><\/div><\/div><\/div><\/div>\n<\/div><\/div>\n<\/div><\/div>\n\n\n\n<div style=\"height:100px\" aria-hidden=\"true\" class=\"wp-block-spacer\"><\/div>\n","protected":false},"excerpt":{"rendered":"","protected":false},"author":15,"featured_media":0,"parent":3497,"menu_order":1,"comment_status":"closed","ping_status":"closed","template":"","meta":{"_uag_custom_page_level_css":"","site-sidebar-layout":"default","site-content-layout":"","ast-site-content-layout":"default","site-content-style":"default","site-sidebar-style":"default","ast-global-header-display":"","ast-banner-title-visibility":"","ast-main-header-display":"","ast-hfb-above-header-display":"","ast-hfb-below-header-display":"","ast-hfb-mobile-header-display":"","site-post-title":"disabled","ast-breadcrumbs-content":"","ast-featured-img":"","footer-sml-layout":"","ast-disable-related-posts":"","theme-transparent-header-meta":"","adv-header-id-meta":"","stick-header-meta":"","header-above-stick-meta":"","header-main-stick-meta":"","header-below-stick-meta":"","astra-migrate-meta-layouts":"set","ast-page-background-enabled":"default","ast-page-background-meta":{"desktop":{"background-color":"var(--ast-global-color-4)","background-image":"","background-repeat":"repeat","background-position":"center center","background-size":"auto","background-attachment":"scroll","background-type":"","background-media":"","overlay-type":"","overlay-color":"","overlay-opacity":"","overlay-gradient":""},"tablet":{"background-color":"","background-image":"","background-repeat":"repeat","background-position":"center center","background-size":"auto","background-attachment":"scroll","background-type":"","background-media":"","overlay-type":"","overlay-color":"","overlay-opacity":"","overlay-gradient":""},"mobile":{"background-color":"","background-image":"","background-repeat":"repeat","background-position":"center center","background-size":"auto","background-attachment":"scroll","background-type":"","background-media":"","overlay-type":"","overlay-color":"","overlay-opacity":"","overlay-gradient":""}},"ast-content-background-meta":{"desktop":{"background-color":"var(--ast-global-color-5)","background-image":"","background-repeat":"repeat","background-position":"center center","background-size":"auto","background-attachment":"scroll","background-type":"","background-media":"","overlay-type":"","overlay-color":"","overlay-opacity":"","overlay-gradient":""},"tablet":{"background-color":"var(--ast-global-color-5)","background-image":"","background-repeat":"repeat","background-position":"center center","background-size":"auto","background-attachment":"scroll","background-type":"","background-media":"","overlay-type":"","overlay-color":"","overlay-opacity":"","overlay-gradient":""},"mobile":{"background-color":"var(--ast-global-color-5)","background-image":"","background-repeat":"repeat","background-position":"center center","background-size":"auto","background-attachment":"scroll","background-type":"","background-media":"","overlay-type":"","overlay-color":"","overlay-opacity":"","overlay-gradient":""}},"_vp_format_video_url":"","_vp_image_focal_point":[],"footnotes":""},"class_list":["post-5733","page","type-page","status-publish","hentry"],"uagb_featured_image_src":{"full":false,"thumbnail":false,"medium":false,"medium_large":false,"large":false,"1536x1536":false,"2048x2048":false,"vp_sm":false,"vp_md":false,"vp_lg":false,"vp_xl":false,"vp_sm_popup":false,"vp_md_popup":false,"vp_xl_popup":false},"uagb_author_info":{"display_name":"xesco","author_link":"https:\/\/icoprevencio.cat\/uc\/author\/xesco\/"},"uagb_comment_info":0,"uagb_excerpt":null,"_links":{"self":[{"href":"https:\/\/icoprevencio.cat\/uc\/wp-json\/wp\/v2\/pages\/5733","targetHints":{"allow":["GET"]}}],"collection":[{"href":"https:\/\/icoprevencio.cat\/uc\/wp-json\/wp\/v2\/pages"}],"about":[{"href":"https:\/\/icoprevencio.cat\/uc\/wp-json\/wp\/v2\/types\/page"}],"author":[{"embeddable":true,"href":"https:\/\/icoprevencio.cat\/uc\/wp-json\/wp\/v2\/users\/15"}],"replies":[{"embeddable":true,"href":"https:\/\/icoprevencio.cat\/uc\/wp-json\/wp\/v2\/comments?post=5733"}],"version-history":[{"count":30,"href":"https:\/\/icoprevencio.cat\/uc\/wp-json\/wp\/v2\/pages\/5733\/revisions"}],"predecessor-version":[{"id":7562,"href":"https:\/\/icoprevencio.cat\/uc\/wp-json\/wp\/v2\/pages\/5733\/revisions\/7562"}],"up":[{"embeddable":true,"href":"https:\/\/icoprevencio.cat\/uc\/wp-json\/wp\/v2\/pages\/3497"}],"wp:attachment":[{"href":"https:\/\/icoprevencio.cat\/uc\/wp-json\/wp\/v2\/media?parent=5733"}],"curies":[{"name":"wp","href":"https:\/\/api.w.org\/{rel}","templated":true}]}}