{"id":6416,"date":"2024-05-27T10:04:06","date_gmt":"2024-05-27T09:04:06","guid":{"rendered":"https:\/\/icoprevencio.cat\/uc\/?page_id=6416"},"modified":"2025-02-18T14:15:22","modified_gmt":"2025-02-18T13:15:22","slug":"linies-de-recerca","status":"publish","type":"page","link":"https:\/\/icoprevencio.cat\/uc\/linies-de-recerca\/","title":{"rendered":"L\u00cdNIES DE RECERCA"},"content":{"rendered":"\n<div class=\"wp-block-uagb-container uagb-block-709c37ea alignfull uagb-is-root-container\"><div class=\"uagb-container-inner-blocks-wrap\">\n<div class=\"wp-block-uagb-info-box uagb-block-353171f0 uagb-infobox__content-wrap  uagb-infobox-icon-above-title uagb-infobox-image-valign-top wp-block-uagb-info-box--has-margin\"><div class=\"uagb-infobox-margin-wrapper\"><div class=\"uagb-ifb-content\"><div class=\"uagb-ifb-title-wrap\"><h2 class=\"uagb-ifb-title\"><strong>L\u00ednies de recerca<\/strong><\/h2><\/div><\/div><\/div><\/div>\n<\/div><\/div>\n\n\n\n<div style=\"height:83px\" aria-hidden=\"true\" class=\"wp-block-spacer\"><\/div>\n\n\n\n<p style=\"font-size:17px\">Les nostres principals l\u00ednies de recerca dins l&#8217;\u00e0mbit dels programes poblacions de cribratge de c\u00e0ncer s\u00f3n:<\/p>\n\n\n\n<div class=\"wp-block-uagb-container uagb-block-8533cbce alignfull uagb-is-root-container\"><div class=\"uagb-container-inner-blocks-wrap\"><div class=\"wp-block-uagb-faq uagb-faq__outer-wrap uagb-block-2f22ac83 uagb-faq-icon-row-reverse uagb-faq-layout-grid uagb-faq-expand-first-false uagb-faq-inactive-other-true uagb-faq__wrap uagb-buttons-layout-wrap uagb-faq-equal-height     \" data-faqtoggle=\"true\" role=\"tablist\"><div class=\"wp-block-uagb-faq-child uagb-faq-child__outer-wrap uagb-faq-item uagb-block-b2d909fc \" role=\"tab\" tabindex=\"0\"><div class=\"uagb-faq-questions-button uagb-faq-questions\"><span class=\"uagb-question\"><strong>BARRERES I FACILITADORS<\/strong><\/span><\/div><div class=\"uagb-faq-content\"><p>Identificar les barreres que fan que la poblaci\u00f3 diana no participi en els programes de cribratge de c\u00e0ncer i potenciar els factors que la faciliten.<\/p><\/div><\/div><div class=\"wp-block-uagb-faq-child uagb-faq-child__outer-wrap uagb-faq-item uagb-block-52245c71 \" role=\"tab\" tabindex=\"0\"><div class=\"uagb-faq-questions-button uagb-faq-questions\"><span class=\"uagb-question\"><strong>NOVES ESTRAT\u00c8GIES D\u2019INVITACI\u00d3 I DETECCI\u00d3 PRECO\u00c7<\/strong><\/span><\/div><div class=\"uagb-faq-content\"><p>Avaluar noves estrat\u00e8gies per convidar a la poblaci\u00f3 diana a participar acord a les noves tecnologies emergents i reduir la utilitzaci\u00f3 del paper. Incorporar mitjan\u00e7ant proves pilot, m\u00e8todes innovadors per a la detecci\u00f3 preco\u00e7 del c\u00e0ncer, amb l\u2019objectiu de ser m\u00e9s cost-efectius.<br><\/p><\/div><\/div><div class=\"wp-block-uagb-faq-child uagb-faq-child__outer-wrap uagb-faq-item uagb-block-05e3a427 \" role=\"tab\" tabindex=\"0\"><div class=\"uagb-faq-questions-button uagb-faq-questions\"><span class=\"uagb-question\"><strong>SISTEMA DE GESTI\u00d3 DE LA QUALITAT<\/strong><\/span><\/div><div class=\"uagb-faq-content\"><p>Garantir un adequat sistema de gesti\u00f3 de la qualitat. Realitzar avaluacions peri\u00f2diques dels principals indicadors i incorporar millores per assoli els est\u00e0ndards europeus.<\/p><\/div><\/div><div class=\"wp-block-uagb-faq-child uagb-faq-child__outer-wrap uagb-faq-item uagb-block-b04280f1 \" role=\"tab\" tabindex=\"0\"><div class=\"uagb-faq-questions-button uagb-faq-questions\"><span class=\"uagb-question\"><strong>EINES D\u2019AJUT A LA PRESA DE DECISIONS<\/strong><\/span><\/div><div class=\"uagb-faq-content\"><p>Incorporar dins el proc\u00e9s de cribratge, eines que ajudin a prendre la decisi\u00f3, de manera informada, de participar o no en els programes de detecci\u00f3 preco\u00e7.<\/p><\/div><\/div><\/div><\/div><\/div>\n\n\n\n<div style=\"height:121px\" aria-hidden=\"true\" class=\"wp-block-spacer\"><\/div>\n\n\n\n<p><\/p>\n","protected":false},"excerpt":{"rendered":"<p>Les nostres principals l\u00ednies de recerca dins l&#8217;\u00e0mbit dels programes poblacions de cribratge de c\u00e0ncer s\u00f3n:<\/p>\n","protected":false},"author":15,"featured_media":0,"parent":0,"menu_order":0,"comment_status":"closed","ping_status":"closed","template":"","meta":{"_uag_custom_page_level_css":"","site-sidebar-layout":"default","site-content-layout":"","ast-site-content-layout":"default","site-content-style":"default","site-sidebar-style":"default","ast-global-header-display":"","ast-banner-title-visibility":"","ast-main-header-display":"","ast-hfb-above-header-display":"","ast-hfb-below-header-display":"","ast-hfb-mobile-header-display":"","site-post-title":"disabled","ast-breadcrumbs-content":"","ast-featured-img":"","footer-sml-layout":"","ast-disable-related-posts":"","theme-transparent-header-meta":"","adv-header-id-meta":"","stick-header-meta":"","header-above-stick-meta":"","header-main-stick-meta":"","header-below-stick-meta":"","astra-migrate-meta-layouts":"set","ast-page-background-enabled":"default","ast-page-background-meta":{"desktop":{"background-color":"var(--ast-global-color-4)","background-image":"","background-repeat":"repeat","background-position":"center center","background-size":"auto","background-attachment":"scroll","background-type":"","background-media":"","overlay-type":"","overlay-color":"","overlay-opacity":"","overlay-gradient":""},"tablet":{"background-color":"","background-image":"","background-repeat":"repeat","background-position":"center center","background-size":"auto","background-attachment":"scroll","background-type":"","background-media":"","overlay-type":"","overlay-color":"","overlay-opacity":"","overlay-gradient":""},"mobile":{"background-color":"","background-image":"","background-repeat":"repeat","background-position":"center center","background-size":"auto","background-attachment":"scroll","background-type":"","background-media":"","overlay-type":"","overlay-color":"","overlay-opacity":"","overlay-gradient":""}},"ast-content-background-meta":{"desktop":{"background-color":"var(--ast-global-color-5)","background-image":"","background-repeat":"repeat","background-position":"center center","background-size":"auto","background-attachment":"scroll","background-type":"","background-media":"","overlay-type":"","overlay-color":"","overlay-opacity":"","overlay-gradient":""},"tablet":{"background-color":"var(--ast-global-color-5)","background-image":"","background-repeat":"repeat","background-position":"center center","background-size":"auto","background-attachment":"scroll","background-type":"","background-media":"","overlay-type":"","overlay-color":"","overlay-opacity":"","overlay-gradient":""},"mobile":{"background-color":"var(--ast-global-color-5)","background-image":"","background-repeat":"repeat","background-position":"center center","background-size":"auto","background-attachment":"scroll","background-type":"","background-media":"","overlay-type":"","overlay-color":"","overlay-opacity":"","overlay-gradient":""}},"_vp_format_video_url":"","_vp_image_focal_point":[],"footnotes":""},"class_list":["post-6416","page","type-page","status-publish","hentry"],"uagb_featured_image_src":{"full":false,"thumbnail":false,"medium":false,"medium_large":false,"large":false,"1536x1536":false,"2048x2048":false,"vp_sm":false,"vp_md":false,"vp_lg":false,"vp_xl":false,"vp_sm_popup":false,"vp_md_popup":false,"vp_xl_popup":false},"uagb_author_info":{"display_name":"xesco","author_link":"https:\/\/icoprevencio.cat\/uc\/author\/xesco\/"},"uagb_comment_info":0,"uagb_excerpt":"Les nostres principals l\u00ednies de recerca dins l&#8217;\u00e0mbit dels programes poblacions de cribratge de c\u00e0ncer s\u00f3n:","_links":{"self":[{"href":"https:\/\/icoprevencio.cat\/uc\/wp-json\/wp\/v2\/pages\/6416","targetHints":{"allow":["GET"]}}],"collection":[{"href":"https:\/\/icoprevencio.cat\/uc\/wp-json\/wp\/v2\/pages"}],"about":[{"href":"https:\/\/icoprevencio.cat\/uc\/wp-json\/wp\/v2\/types\/page"}],"author":[{"embeddable":true,"href":"https:\/\/icoprevencio.cat\/uc\/wp-json\/wp\/v2\/users\/15"}],"replies":[{"embeddable":true,"href":"https:\/\/icoprevencio.cat\/uc\/wp-json\/wp\/v2\/comments?post=6416"}],"version-history":[{"count":9,"href":"https:\/\/icoprevencio.cat\/uc\/wp-json\/wp\/v2\/pages\/6416\/revisions"}],"predecessor-version":[{"id":7341,"href":"https:\/\/icoprevencio.cat\/uc\/wp-json\/wp\/v2\/pages\/6416\/revisions\/7341"}],"wp:attachment":[{"href":"https:\/\/icoprevencio.cat\/uc\/wp-json\/wp\/v2\/media?parent=6416"}],"curies":[{"name":"wp","href":"https:\/\/api.w.org\/{rel}","templated":true}]}}