{"id":67,"date":"2016-03-11T08:17:32","date_gmt":"2016-03-11T07:17:32","guid":{"rendered":"https:\/\/icoprevencio.cat\/uc\/?page_id=67"},"modified":"2025-08-20T13:07:08","modified_gmt":"2025-08-20T12:07:08","slug":"inici-2","status":"publish","type":"page","link":"https:\/\/icoprevencio.cat\/uc\/","title":{"rendered":"Inici"},"content":{"rendered":"\n<div class=\"wp-block-uagb-container uagb-block-07613967 alignfull uagb-is-root-container\"><div class=\"uagb-container-inner-blocks-wrap\">\n<div class=\"wp-block-uagb-info-box uagb-block-e0eacc86 uagb-infobox__content-wrap  uagb-infobox-icon-above-title uagb-infobox-image-valign-top wp-block-uagb-info-box--has-margin\"><div class=\"uagb-infobox-margin-wrapper\"><div class=\"uagb-ifb-content\"><div class=\"uagb-ifb-title-wrap\"><span class=\"uagb-ifb-title-prefix\">Institut Catal\u00e0 d&#8217;Oncologia (ICO)<\/span><h3 class=\"uagb-ifb-title\"><strong>Unitat de Cribratge del C\u00e0ncer<\/strong><\/h3><\/div><\/div><\/div><\/div>\n<\/div><\/div>\n\n\n\n<div class=\"wp-block-uagb-container uagb-block-18aad818 alignfull uagb-is-root-container\"><div class=\"uagb-container-inner-blocks-wrap\">\n<div class=\"wp-block-uagb-container uagb-block-4f2f9a1a\">\n<div class=\"wp-block-uagb-advanced-heading uagb-block-07faea75\"><h5 class=\"uagb-heading-text\">La Unitat de Cribratge del C\u00e0ncer (UCC) es dedica a la implementaci\u00f3, gesti\u00f3 i avaluaci\u00f3 de programes de cribratge de base poblacional.<\/h5><\/div>\n<\/div>\n\n\n\n<div class=\"wp-block-uagb-container uagb-block-29c2175d alignfull uagb-is-root-container\"><div class=\"uagb-container-inner-blocks-wrap\">\n<div class=\"wp-block-uagb-container uagb-block-97c709a0\">\n<div class=\"wp-block-uagb-info-box uagb-block-07127c8b uagb-infobox__content-wrap  uagb-infobox-icon-above-title uagb-infobox-image-valign-top\"><div class=\"uagb-ifb-content\"><div class=\"uagb-ifb-image-content\"><img decoding=\"async\" src=\"https:\/\/icoprevencio.cat\/uc\/wp-content\/uploads\/sites\/2\/2025\/04\/Untitled-design-4-150x150.png\" alt=\"\" width=\"\" height=\"0\" loading=\"lazy\" \/><\/div><div class=\"uagb-ifb-title-wrap\"><h3 class=\"uagb-ifb-title\"><strong>Programa de detecci\u00f3 preco\u00e7<br>del c\u00e0ncer de mama<\/strong><\/h3><\/div><\/div><\/div>\n\n\n\n<div class=\"wp-block-uagb-buttons uagb-buttons__outer-wrap uagb-btn__default-btn uagb-btn-tablet__default-btn uagb-btn-mobile__default-btn uagb-block-5c3d8657\"><div class=\"uagb-buttons__wrap uagb-buttons-layout-wrap \">\n<div class=\"wp-block-uagb-buttons-child uagb-buttons__outer-wrap uagb-block-9e022ba8 wp-block-button\"><div class=\"uagb-button__wrapper\"><a class=\"uagb-buttons-repeater wp-block-button__link\" aria-label=\"\" href=\"https:\/\/icoprevencio.cat\/uc\/programa-de-deteccio-precoc-del-cancer-de-mama\/\" rel=\"follow noopener\" target=\"_self\" role=\"button\"><div class=\"uagb-button__link\">Soc usu\u00e0ria<\/div><\/a><\/div><\/div>\n<\/div><\/div>\n<\/div>\n\n\n\n<div class=\"wp-block-uagb-container uagb-block-16098959\">\n<div class=\"wp-block-uagb-info-box uagb-block-90b8afb7 uagb-infobox__content-wrap  uagb-infobox-icon-above-title uagb-infobox-image-valign-top\"><div class=\"uagb-ifb-content\"><div class=\"uagb-ifb-image-content\"><img decoding=\"async\" src=\"https:\/\/icoprevencio.cat\/uc\/wp-content\/uploads\/sites\/2\/2025\/04\/Untitled-design-2-150x150.png\" alt=\"\" width=\"\" height=\"0\" loading=\"lazy\" \/><\/div><div class=\"uagb-ifb-title-wrap\"><h3 class=\"uagb-ifb-title\">Programa de detecci\u00f3 preco\u00e7<br>del c\u00e0ncer colorectal<\/h3><\/div><\/div><\/div>\n\n\n\n<div class=\"wp-block-uagb-buttons uagb-buttons__outer-wrap uagb-btn__default-btn uagb-btn-tablet__default-btn uagb-btn-mobile__default-btn uagb-block-ce8d8cc6\"><div class=\"uagb-buttons__wrap uagb-buttons-layout-wrap \">\n<div class=\"wp-block-uagb-buttons-child uagb-buttons__outer-wrap uagb-block-7c6fc8c4 wp-block-button\"><div class=\"uagb-button__wrapper\"><a class=\"uagb-buttons-repeater wp-block-button__link\" aria-label=\"\" href=\"https:\/\/icoprevencio.cat\/uc\/pdpccr-usuaris\/\" rel=\"follow noopener\" target=\"_self\" role=\"button\"><div class=\"uagb-button__link\">Soc usuari\/a<\/div><\/a><\/div><\/div>\n\n\n\n<div class=\"wp-block-uagb-buttons-child uagb-buttons__outer-wrap uagb-block-80887f6c wp-block-button\"><div class=\"uagb-button__wrapper\"><a class=\"uagb-buttons-repeater wp-block-button__link\" aria-label=\"\" href=\"https:\/\/icoprevencio.cat\/uc\/farmacies-colon\/\" rel=\"follow noopener\" target=\"_self\" role=\"button\"><div class=\"uagb-button__link\">Soc farm\u00e0cia<\/div><\/a><\/div><\/div>\n<\/div><\/div>\n<\/div>\n<\/div><\/div>\n<\/div><\/div>\n\n\n\n<div class=\"wp-block-uagb-container uagb-block-4788616e alignfull uagb-is-root-container\"><div class=\"uagb-container-inner-blocks-wrap\">\n<div class=\"wp-block-group is-nowrap is-layout-flex wp-container-core-group-is-layout-6c531013 wp-block-group-is-layout-flex\">\n<div class=\"wp-block-uagb-container uagb-block-671122a9\">\n<div class=\"wp-block-uagb-counter uagb-block-2e24f1bb wp-block-uagb-counter--number\"><div class=\"wp-block-uagb-counter__number\"><span class=\"uagb-counter-block-prefix\">+<\/span><span class=\"uagb-counter-block-number\" data-duration=\"0.1\" data-to-value=\"300\" data-from-value=\"0\" data-delimiter=\".\"><\/span><\/div><div class=\"wp-block-uagb-counter__title\">Casos de c\u00e0ncer de mama<br>diagnosticats en l&#8217;\u00faltim any<\/div><\/div>\n<\/div>\n\n\n\n<div class=\"wp-block-uagb-container uagb-block-af4fd14e\">\n<div class=\"wp-block-uagb-counter uagb-block-8f1aa685 wp-block-uagb-counter--number\"><div class=\"wp-block-uagb-counter__number\"><span class=\"uagb-counter-block-prefix\">+<\/span><span class=\"uagb-counter-block-number\" data-duration=\"0.1\" data-to-value=\"110\" data-from-value=\"0\" data-delimiter=\".\"><\/span><\/div><div class=\"wp-block-uagb-counter__title\">Casos de c\u00e0ncer colorectal<br>diagnosticats en l&#8217;\u00faltim any<\/div><\/div>\n<\/div>\n\n\n\n<div class=\"wp-block-uagb-container uagb-block-32c8ea2b\">\n<div class=\"wp-block-group is-nowrap is-layout-flex wp-container-core-group-is-layout-6c531013 wp-block-group-is-layout-flex\">\n<div class=\"wp-block-uagb-counter uagb-block-976f9245 wp-block-uagb-counter--number\"><div class=\"wp-block-uagb-counter__number\"><span class=\"uagb-counter-block-prefix\">+<\/span><span class=\"uagb-counter-block-number\" data-duration=\"1.5\" data-to-value=\"56000\" data-from-value=\"0\" data-delimiter=\".\"><\/span><\/div><div class=\"wp-block-uagb-counter__title\">Participants en el cribratge<br>de mama en l&#8217;\u00faltim any<\/div><\/div>\n<\/div>\n<\/div>\n\n\n\n<div class=\"wp-block-uagb-container uagb-block-16bd4f97\">\n<div class=\"wp-block-uagb-counter uagb-block-68ca9ae2 wp-block-uagb-counter--number\"><div class=\"wp-block-uagb-counter__number\"><span class=\"uagb-counter-block-prefix\">+<\/span><span class=\"uagb-counter-block-number\" data-duration=\"1.5\" data-to-value=\"137000\" data-from-value=\"0\" data-delimiter=\".\"><\/span><\/div><div class=\"wp-block-uagb-counter__title\">Tests analitzats en el cribratge<br>colorectal en l&#8217;\u00faltim any<\/div><\/div>\n<\/div>\n<\/div>\n<\/div><\/div>\n\n\n\n<div class=\"wp-block-uagb-container uagb-block-e13fa930 alignfull uagb-is-root-container\"><div class=\"uagb-container-inner-blocks-wrap\">\n<div class=\"wp-block-uagb-container uagb-block-72767340\">\n<div class=\"wp-block-uagb-separator uagb-block-072160fe wp-block-uagb-separator--text\"><div class=\"uagb-separator-spacing-wrapper\"><div class=\"wp-block-uagb-separator__inner\" style=\"--my-background-image:\"><div class=\"wp-block-uagb-separator-element\"><h5 class=\"uagb-html-tag\">\u00daLTIMES NOT\u00cdCIES<\/h5><\/div><\/div><\/div><\/div>\n<\/div>\n\n\n\n<div class=\"wp-block-uagb-container uagb-block-963b57bc alignfull uagb-is-root-container\"><div class=\"uagb-container-inner-blocks-wrap\">\n\t\t\t<div class=\"wp-block-uagb-post-grid uagb-post-grid  uagb-post__image-position-top uagb-post__image-enabled uagb-block-d1fa8928     uagb-post__items uagb-post__columns-3 is-grid uagb-post__columns-tablet-2 uagb-post__columns-mobile-1 uagb-post__equal-height\" data-total=\"30\" style=\"\">\n\n\t\t\t\t\t\t\t\t\t\t\t\t<article class=\"uagb-post__inner-wrap\">\t\t\t\t\t\t\t\t<div class='uagb-post__image'>\n\t\t\t\t\t\t\t\t\t<a href=\"https:\/\/icoprevencio.cat\/uc\/detectant-abans-que-doni-la-cara-nova-sessio-de-laula-ico-a-carrec-de-la-ucc\/\" target=\"_self\" rel=\"bookmark noopener noreferrer\" class='uagb-image-ratio-inherit'><img loading=\"lazy\" decoding=\"async\" width=\"1024\" height=\"576\" src=\"https:\/\/icoprevencio.cat\/uc\/wp-content\/uploads\/sites\/2\/2026\/04\/fae5e184-65f4-4720-b07a-883fcc036826-1024x576.jpg\" class=\"attachment-large size-large\" alt=\"\" srcset=\"https:\/\/icoprevencio.cat\/uc\/wp-content\/uploads\/sites\/2\/2026\/04\/fae5e184-65f4-4720-b07a-883fcc036826-1024x576.jpg 1024w, https:\/\/icoprevencio.cat\/uc\/wp-content\/uploads\/sites\/2\/2026\/04\/fae5e184-65f4-4720-b07a-883fcc036826-300x169.jpg 300w, https:\/\/icoprevencio.cat\/uc\/wp-content\/uploads\/sites\/2\/2026\/04\/fae5e184-65f4-4720-b07a-883fcc036826-768x432.jpg 768w, https:\/\/icoprevencio.cat\/uc\/wp-content\/uploads\/sites\/2\/2026\/04\/fae5e184-65f4-4720-b07a-883fcc036826-500x281.jpg 500w, https:\/\/icoprevencio.cat\/uc\/wp-content\/uploads\/sites\/2\/2026\/04\/fae5e184-65f4-4720-b07a-883fcc036826-800x450.jpg 800w, https:\/\/icoprevencio.cat\/uc\/wp-content\/uploads\/sites\/2\/2026\/04\/fae5e184-65f4-4720-b07a-883fcc036826.jpg 1157w\" sizes=\"auto, (max-width: 1024px) 100vw, 1024px\" \/>\t\t\t\t\t<\/a>\n\t\t\t\t\t\t\t<\/div>\n\t\t\t\t\t\t<h4 class=\"uagb-post__title uagb-post__text\">\n\t\t\t\t<a href=\"https:\/\/icoprevencio.cat\/uc\/detectant-abans-que-doni-la-cara-nova-sessio-de-laula-ico-a-carrec-de-la-ucc\/\" target=\"_self\" rel=\"bookmark noopener noreferrer\">Detectant abans que doni la cara: nova sessi\u00f3 de l\u2019Aula ICO a c\u00e0rrec de la UCC<\/a>\n\t\t\t<\/h4>\n\t\t\t\t\t\t<div class='uagb-post__text uagb-post-grid-byline'>\n\t\t\t\t\t\t\t\t<time datetime=\"2026-04-14T12:40:02+01:00\" class=\"uagb-post__date\">\n\t\t\t\t\t\t\t\t\t14\/04\/2026\t\t\t\t<\/time>\n\t\t\t\t\t\t<\/div>\n\t\t\t\n\t\t\t\t\t\t\t\t\t<\/article>\n\t\t\t\t\t\t\t\t\t\t\t\t\t\t\t\t<article class=\"uagb-post__inner-wrap\">\t\t\t\t\t\t\t\t<div class='uagb-post__image'>\n\t\t\t\t\t\t\t\t\t<a href=\"https:\/\/icoprevencio.cat\/uc\/la-ucc-participa-en-la-traduccio-oficial-al-catala-del-nou-codi-europeu-contra-el-cancer\/\" target=\"_self\" rel=\"bookmark noopener noreferrer\" class='uagb-image-ratio-inherit'><img loading=\"lazy\" decoding=\"async\" width=\"1024\" height=\"576\" src=\"https:\/\/icoprevencio.cat\/uc\/wp-content\/uploads\/sites\/2\/2026\/04\/Untitled-design-6-1024x576.jpg\" class=\"attachment-large size-large\" alt=\"\" srcset=\"https:\/\/icoprevencio.cat\/uc\/wp-content\/uploads\/sites\/2\/2026\/04\/Untitled-design-6-1024x576.jpg 1024w, https:\/\/icoprevencio.cat\/uc\/wp-content\/uploads\/sites\/2\/2026\/04\/Untitled-design-6-300x169.jpg 300w, https:\/\/icoprevencio.cat\/uc\/wp-content\/uploads\/sites\/2\/2026\/04\/Untitled-design-6-768x432.jpg 768w, https:\/\/icoprevencio.cat\/uc\/wp-content\/uploads\/sites\/2\/2026\/04\/Untitled-design-6-1536x864.jpg 1536w, https:\/\/icoprevencio.cat\/uc\/wp-content\/uploads\/sites\/2\/2026\/04\/Untitled-design-6-2048x1152.jpg 2048w, https:\/\/icoprevencio.cat\/uc\/wp-content\/uploads\/sites\/2\/2026\/04\/Untitled-design-6-500x281.jpg 500w, https:\/\/icoprevencio.cat\/uc\/wp-content\/uploads\/sites\/2\/2026\/04\/Untitled-design-6-800x450.jpg 800w, https:\/\/icoprevencio.cat\/uc\/wp-content\/uploads\/sites\/2\/2026\/04\/Untitled-design-6-1280x720.jpg 1280w, https:\/\/icoprevencio.cat\/uc\/wp-content\/uploads\/sites\/2\/2026\/04\/Untitled-design-6-1920x1080.jpg 1920w\" sizes=\"auto, (max-width: 1024px) 100vw, 1024px\" \/>\t\t\t\t\t<\/a>\n\t\t\t\t\t\t\t<\/div>\n\t\t\t\t\t\t<h4 class=\"uagb-post__title uagb-post__text\">\n\t\t\t\t<a href=\"https:\/\/icoprevencio.cat\/uc\/la-ucc-participa-en-la-traduccio-oficial-al-catala-del-nou-codi-europeu-contra-el-cancer\/\" target=\"_self\" rel=\"bookmark noopener noreferrer\">La UCC participa en la traducci\u00f3 oficial al catal\u00e0 del nou Codi Europeu Contra el C\u00e0ncer<\/a>\n\t\t\t<\/h4>\n\t\t\t\t\t\t<div class='uagb-post__text uagb-post-grid-byline'>\n\t\t\t\t\t\t\t\t<time datetime=\"2026-04-13T08:28:07+01:00\" class=\"uagb-post__date\">\n\t\t\t\t\t\t\t\t\t13\/04\/2026\t\t\t\t<\/time>\n\t\t\t\t\t\t<\/div>\n\t\t\t\n\t\t\t\t\t\t\t\t\t<\/article>\n\t\t\t\t\t\t\t\t\t\t\t\t\t\t\t\t<article class=\"uagb-post__inner-wrap\">\t\t\t\t\t\t\t\t<div class='uagb-post__image'>\n\t\t\t\t\t\t\t\t\t<a href=\"https:\/\/icoprevencio.cat\/uc\/catalunya-amplia-fins-als-74-anys-ledat-del-cribratge-de-cancer-de-colon-i-recte\/\" target=\"_self\" rel=\"bookmark noopener noreferrer\" class='uagb-image-ratio-inherit'><img loading=\"lazy\" decoding=\"async\" width=\"1024\" height=\"576\" src=\"https:\/\/icoprevencio.cat\/uc\/wp-content\/uploads\/sites\/2\/2026\/04\/colonoscopia-1024x576.jpg\" class=\"attachment-large size-large\" alt=\"\" srcset=\"https:\/\/icoprevencio.cat\/uc\/wp-content\/uploads\/sites\/2\/2026\/04\/colonoscopia-1024x576.jpg 1024w, https:\/\/icoprevencio.cat\/uc\/wp-content\/uploads\/sites\/2\/2026\/04\/colonoscopia-300x169.jpg 300w, https:\/\/icoprevencio.cat\/uc\/wp-content\/uploads\/sites\/2\/2026\/04\/colonoscopia-768x432.jpg 768w, https:\/\/icoprevencio.cat\/uc\/wp-content\/uploads\/sites\/2\/2026\/04\/colonoscopia-1536x864.jpg 1536w, https:\/\/icoprevencio.cat\/uc\/wp-content\/uploads\/sites\/2\/2026\/04\/colonoscopia-2048x1152.jpg 2048w, https:\/\/icoprevencio.cat\/uc\/wp-content\/uploads\/sites\/2\/2026\/04\/colonoscopia-500x281.jpg 500w, https:\/\/icoprevencio.cat\/uc\/wp-content\/uploads\/sites\/2\/2026\/04\/colonoscopia-800x450.jpg 800w, https:\/\/icoprevencio.cat\/uc\/wp-content\/uploads\/sites\/2\/2026\/04\/colonoscopia-1280x720.jpg 1280w, https:\/\/icoprevencio.cat\/uc\/wp-content\/uploads\/sites\/2\/2026\/04\/colonoscopia-1920x1080.jpg 1920w\" sizes=\"auto, (max-width: 1024px) 100vw, 1024px\" \/>\t\t\t\t\t<\/a>\n\t\t\t\t\t\t\t<\/div>\n\t\t\t\t\t\t<h4 class=\"uagb-post__title uagb-post__text\">\n\t\t\t\t<a href=\"https:\/\/icoprevencio.cat\/uc\/catalunya-amplia-fins-als-74-anys-ledat-del-cribratge-de-cancer-de-colon-i-recte\/\" target=\"_self\" rel=\"bookmark noopener noreferrer\">Catalunya amplia fins als 74 anys l&#8217;edat del cribratge de c\u00e0ncer de c\u00f2lon i recte<\/a>\n\t\t\t<\/h4>\n\t\t\t\t\t\t<div class='uagb-post__text uagb-post-grid-byline'>\n\t\t\t\t\t\t\t\t<time datetime=\"2026-04-01T13:07:00+01:00\" class=\"uagb-post__date\">\n\t\t\t\t\t\t\t\t\t01\/04\/2026\t\t\t\t<\/time>\n\t\t\t\t\t\t<\/div>\n\t\t\t\n\t\t\t\t\t\t\t\t\t<\/article>\n\t\t\t\t\t\t\t\t\t\t\t<\/div>\n\t\t\t<\/div><\/div>\n<\/div><\/div>\n\n\n\n<div class=\"wp-block-uagb-container uagb-block-21ae7aa4 alignfull uagb-is-root-container\"><div class=\"uagb-container-inner-blocks-wrap\">\n<div class=\"wp-block-uagb-container uagb-block-60e6b872\">\n<div class=\"wp-block-uagb-info-box uagb-block-61f05152 uagb-infobox__content-wrap  uagb-infobox-icon-above-title uagb-infobox-image-valign-top\"><div class=\"uagb-ifb-content\"><div class=\"uagb-ifb-title-wrap\"><h3 class=\"uagb-ifb-title\">Tens dubtes? Contacta amb nosaltres<\/h3><\/div><div class=\"uagb-ifb-button-wrapper wp-block-button\"><a href=\"https:\/\/icoprevencio.cat\/uc\/contacta-amb-nosaltres\/\" class=\"uagb-infobox-cta-link wp-block-button__link\" target=\"_self\" rel=\"noopener noreferrer\"><span class=\"uagb-inline-editing\">Contacte<\/span><\/a><\/div><\/div><\/div>\n<\/div>\n<\/div><\/div>\n","protected":false},"excerpt":{"rendered":"<p>La Unitat de Cribratge del C\u00e0ncer (UCC) es dedica a la implementaci\u00f3, gesti\u00f3 i avaluaci\u00f3 de programes de cribratge de base poblacional.<\/p>\n","protected":false},"author":15,"featured_media":0,"parent":0,"menu_order":0,"comment_status":"closed","ping_status":"closed","template":"","meta":{"_uag_custom_page_level_css":"","site-sidebar-layout":"default","site-content-layout":"","ast-site-content-layout":"normal-width-container","site-content-style":"default","site-sidebar-style":"unboxed","ast-global-header-display":"","ast-banner-title-visibility":"","ast-main-header-display":"","ast-hfb-above-header-display":"","ast-hfb-below-header-display":"","ast-hfb-mobile-header-display":"","site-post-title":"disabled","ast-breadcrumbs-content":"","ast-featured-img":"","footer-sml-layout":"","ast-disable-related-posts":"","theme-transparent-header-meta":"","adv-header-id-meta":"","stick-header-meta":"","header-above-stick-meta":"","header-main-stick-meta":"","header-below-stick-meta":"","astra-migrate-meta-layouts":"set","ast-page-background-enabled":"default","ast-page-background-meta":{"desktop":{"background-color":"var(--ast-global-color-4)","background-image":"","background-repeat":"repeat","background-position":"center center","background-size":"auto","background-attachment":"scroll","background-type":"","background-media":"","overlay-type":"","overlay-color":"","overlay-opacity":"","overlay-gradient":""},"tablet":{"background-color":"","background-image":"","background-repeat":"repeat","background-position":"center center","background-size":"auto","background-attachment":"scroll","background-type":"","background-media":"","overlay-type":"","overlay-color":"","overlay-opacity":"","overlay-gradient":""},"mobile":{"background-color":"","background-image":"","background-repeat":"repeat","background-position":"center center","background-size":"auto","background-attachment":"scroll","background-type":"","background-media":"","overlay-type":"","overlay-color":"","overlay-opacity":"","overlay-gradient":""}},"ast-content-background-meta":{"desktop":{"background-color":"var(--ast-global-color-5)","background-image":"","background-repeat":"repeat","background-position":"center center","background-size":"auto","background-attachment":"scroll","background-type":"","background-media":"","overlay-type":"","overlay-color":"","overlay-opacity":"","overlay-gradient":""},"tablet":{"background-color":"var(--ast-global-color-5)","background-image":"","background-repeat":"repeat","background-position":"center center","background-size":"auto","background-attachment":"scroll","background-type":"","background-media":"","overlay-type":"","overlay-color":"","overlay-opacity":"","overlay-gradient":""},"mobile":{"background-color":"var(--ast-global-color-5)","background-image":"","background-repeat":"repeat","background-position":"center center","background-size":"auto","background-attachment":"scroll","background-type":"","background-media":"","overlay-type":"","overlay-color":"","overlay-opacity":"","overlay-gradient":""}},"_vp_format_video_url":"","_vp_image_focal_point":[],"footnotes":""},"class_list":["post-67","page","type-page","status-publish","hentry"],"uagb_featured_image_src":{"full":false,"thumbnail":false,"medium":false,"medium_large":false,"large":false,"1536x1536":false,"2048x2048":false,"vp_sm":false,"vp_md":false,"vp_lg":false,"vp_xl":false,"vp_sm_popup":false,"vp_md_popup":false,"vp_xl_popup":false},"uagb_author_info":{"display_name":"xesco","author_link":"https:\/\/icoprevencio.cat\/uc\/author\/xesco\/"},"uagb_comment_info":0,"uagb_excerpt":"La Unitat de Cribratge del C\u00e0ncer (UCC) es dedica a la implementaci\u00f3, gesti\u00f3 i avaluaci\u00f3 de programes de cribratge de base poblacional.","_links":{"self":[{"href":"https:\/\/icoprevencio.cat\/uc\/wp-json\/wp\/v2\/pages\/67","targetHints":{"allow":["GET"]}}],"collection":[{"href":"https:\/\/icoprevencio.cat\/uc\/wp-json\/wp\/v2\/pages"}],"about":[{"href":"https:\/\/icoprevencio.cat\/uc\/wp-json\/wp\/v2\/types\/page"}],"author":[{"embeddable":true,"href":"https:\/\/icoprevencio.cat\/uc\/wp-json\/wp\/v2\/users\/15"}],"replies":[{"embeddable":true,"href":"https:\/\/icoprevencio.cat\/uc\/wp-json\/wp\/v2\/comments?post=67"}],"version-history":[{"count":339,"href":"https:\/\/icoprevencio.cat\/uc\/wp-json\/wp\/v2\/pages\/67\/revisions"}],"predecessor-version":[{"id":8133,"href":"https:\/\/icoprevencio.cat\/uc\/wp-json\/wp\/v2\/pages\/67\/revisions\/8133"}],"wp:attachment":[{"href":"https:\/\/icoprevencio.cat\/uc\/wp-json\/wp\/v2\/media?parent=67"}],"curies":[{"name":"wp","href":"https:\/\/api.w.org\/{rel}","templated":true}]}}