{"id":7091,"date":"2025-01-27T15:05:10","date_gmt":"2025-01-27T14:05:10","guid":{"rendered":"https:\/\/icoprevencio.cat\/uc\/?page_id=7091"},"modified":"2026-02-13T15:05:07","modified_gmt":"2026-02-13T14:05:07","slug":"presa-de-decisions-informades-en-cribratge-de-cancer-de-mama","status":"publish","type":"page","link":"https:\/\/icoprevencio.cat\/uc\/presa-de-decisions-informades-en-cribratge-de-cancer-de-mama\/","title":{"rendered":"Presa de decisions informades en cribratge de c\u00e0ncer de mama"},"content":{"rendered":"\n<div class=\"wp-block-uagb-container uagb-block-709c37ea alignfull uagb-is-root-container\"><div class=\"uagb-container-inner-blocks-wrap\">\n<div class=\"wp-block-uagb-info-box uagb-block-353171f0 uagb-infobox__content-wrap  uagb-infobox-icon-above-title uagb-infobox-image-valign-top wp-block-uagb-info-box--has-margin\"><div class=\"uagb-infobox-margin-wrapper\"><div class=\"uagb-ifb-content\"><div class=\"uagb-ifb-title-wrap\"><h2 class=\"uagb-ifb-title\"><strong>Projectes anteriors<\/strong><\/h2><\/div><\/div><\/div><\/div>\n<\/div><\/div>\n\n\n\n<div style=\"height:60px\" aria-hidden=\"true\" class=\"wp-block-spacer\"><\/div>\n\n\n\n<div class=\"wp-block-uagb-image uagb-block-71d5725e wp-block-uagb-image--layout-default wp-block-uagb-image--effect-static wp-block-uagb-image--align-none\"><figure class=\"wp-block-uagb-image__figure\"><img decoding=\"async\" src=\"https:\/\/icoprevencio.cat\/uc\/wp-content\/uploads\/sites\/2\/2021\/04\/decision_logo_-web-e1737985840967.png\" alt=\"\" class=\"uag-image-4382\" width=\"237\" height=\"181\" title=\"decision_logo_ web\" loading=\"lazy\" role=\"img\" \/><\/figure><\/div>\n\n\n\n<div class=\"wp-block-uagb-info-box uagb-block-9271b190 uagb-infobox__content-wrap  uagb-infobox-icon-above-title uagb-infobox-image-valign-top wp-block-uagb-info-box--has-margin\"><div class=\"uagb-infobox-margin-wrapper\"><div class=\"uagb-ifb-content\"><div class=\"uagb-ifb-title-wrap\"><h3 class=\"uagb-ifb-title\">Presa de decisions informades en cribratge de c\u00e0ncer de mama<\/h3><\/div><p class=\"uagb-ifb-desc\">Els usuaris han de con\u00e8ixer els beneficis i els efectes adversos del cribratge per poder prendre una decisi\u00f3 informada sobre la seva participaci\u00f3 en els programes. La Guia Europea de Qualitat del cribratge de c\u00e0ncer de mama recomana la utilitzaci\u00f3 d\u2019instruments d\u2019ajuda a la decisi\u00f3.<\/p><\/div><\/div><\/div>\n\n\n<div class=\"wp-block-uagb-faq uagb-faq__outer-wrap uagb-block-07d58159 uagb-faq-icon-row-reverse uagb-faq-layout-accordion uagb-faq-expand-first-false uagb-faq-inactive-other-true uagb-faq__wrap uagb-buttons-layout-wrap uagb-faq-equal-height     \" data-faqtoggle=\"true\" role=\"tablist\"><div class=\"wp-block-uagb-faq-child uagb-faq-child__outer-wrap uagb-faq-item uagb-block-24e60ec9 \" role=\"tab\" tabindex=\"0\"><div class=\"uagb-faq-questions-button uagb-faq-questions\">\t\t\t<span class=\"uagb-icon uagb-faq-icon-wrap\">\n\t\t\t\t\t\t\t\t<svg xmlns=\"https:\/\/www.w3.org\/2000\/svg\" viewBox= \"0 0 384 512\"><path d=\"M192 384c-8.188 0-16.38-3.125-22.62-9.375l-160-160c-12.5-12.5-12.5-32.75 0-45.25s32.75-12.5 45.25 0L192 306.8l137.4-137.4c12.5-12.5 32.75-12.5 45.25 0s12.5 32.75 0 45.25l-160 160C208.4 380.9 200.2 384 192 384z\"><\/path><\/svg>\n\t\t\t\t\t\t\t<\/span>\n\t\t\t\t\t\t<span class=\"uagb-icon-active uagb-faq-icon-wrap\">\n\t\t\t\t\t\t\t\t<svg xmlns=\"https:\/\/www.w3.org\/2000\/svg\" viewBox= \"0 0 384 512\"><path d=\"M352 352c-8.188 0-16.38-3.125-22.62-9.375L192 205.3l-137.4 137.4c-12.5 12.5-32.75 12.5-45.25 0s-12.5-32.75 0-45.25l160-160c12.5-12.5 32.75-12.5 45.25 0l160 160c12.5 12.5 12.5 32.75 0 45.25C368.4 348.9 360.2 352 352 352z\"><\/path><\/svg>\n\t\t\t\t\t\t\t<\/span>\n\t\t\t<span class=\"uagb-question\"><strong>Participaci\u00f3 de les dones en les decisions i estrat\u00e8gies de detecci\u00f3 preco\u00e7 del c\u00e0ncer de mama<\/strong><\/span><\/div><div class=\"uagb-faq-content\"><p>Entitat finan\u00e7adora: Fondo de Investigaci\u00f3n Sanitaria (PI14\/00113)<br>Investigador\/a principal: Ru\u00e9 M<br>Investigadors col\u00b7laboradors: Vidal C<br>Durada del projecte: 2015-2017<br><\/p><\/div><\/div><div class=\"wp-block-uagb-faq-child uagb-faq-child__outer-wrap uagb-faq-item uagb-block-7502faf6 \" role=\"tab\" tabindex=\"0\"><div class=\"uagb-faq-questions-button uagb-faq-questions\">\t\t\t<span class=\"uagb-icon uagb-faq-icon-wrap\">\n\t\t\t\t\t\t\t\t<svg xmlns=\"https:\/\/www.w3.org\/2000\/svg\" viewBox= \"0 0 384 512\"><path d=\"M192 384c-8.188 0-16.38-3.125-22.62-9.375l-160-160c-12.5-12.5-12.5-32.75 0-45.25s32.75-12.5 45.25 0L192 306.8l137.4-137.4c12.5-12.5 32.75-12.5 45.25 0s12.5 32.75 0 45.25l-160 160C208.4 380.9 200.2 384 192 384z\"><\/path><\/svg>\n\t\t\t\t\t\t\t<\/span>\n\t\t\t\t\t\t<span class=\"uagb-icon-active uagb-faq-icon-wrap\">\n\t\t\t\t\t\t\t\t<svg xmlns=\"https:\/\/www.w3.org\/2000\/svg\" viewBox= \"0 0 384 512\"><path d=\"M352 352c-8.188 0-16.38-3.125-22.62-9.375L192 205.3l-137.4 137.4c-12.5 12.5-32.75 12.5-45.25 0s-12.5-32.75 0-45.25l160-160c12.5-12.5 32.75-12.5 45.25 0l160 160c12.5 12.5 12.5 32.75 0 45.25C368.4 348.9 360.2 352 352 352z\"><\/path><\/svg>\n\t\t\t\t\t\t\t<\/span>\n\t\t\t<span class=\"uagb-question\"><strong>La col\u00b7laboraci\u00f3 de professionals sanitaris per incloure la presa de decisions compartida en el cribratge del c\u00e0ncer de mama.<br><\/strong><\/span><\/div><div class=\"uagb-faq-content\"><p>Entitat Finan\u00e7adora: FIS, exp. PI18\/00773. Instituto de Salud Carlos III-ISCIII<br>Investigador Principal: Miseric\u00f2rdia Carles Lavila, Universitat Rovira i Virgili.<br>Investigador Col\u00b7laborador: Vidal C.<br>Durada del projecte: 2019-2021<\/p><\/div><\/div><\/div>\n\n\n<div style=\"height:76px\" aria-hidden=\"true\" class=\"wp-block-spacer\"><\/div>\n","protected":false},"excerpt":{"rendered":"","protected":false},"author":28,"featured_media":0,"parent":0,"menu_order":0,"comment_status":"closed","ping_status":"closed","template":"","meta":{"_uag_custom_page_level_css":"","site-sidebar-layout":"default","site-content-layout":"","ast-site-content-layout":"default","site-content-style":"default","site-sidebar-style":"default","ast-global-header-display":"","ast-banner-title-visibility":"","ast-main-header-display":"","ast-hfb-above-header-display":"","ast-hfb-below-header-display":"","ast-hfb-mobile-header-display":"","site-post-title":"disabled","ast-breadcrumbs-content":"","ast-featured-img":"","footer-sml-layout":"","ast-disable-related-posts":"","theme-transparent-header-meta":"","adv-header-id-meta":"","stick-header-meta":"","header-above-stick-meta":"","header-main-stick-meta":"","header-below-stick-meta":"","astra-migrate-meta-layouts":"set","ast-page-background-enabled":"default","ast-page-background-meta":{"desktop":{"background-color":"var(--ast-global-color-4)","background-image":"","background-repeat":"repeat","background-position":"center center","background-size":"auto","background-attachment":"scroll","background-type":"","background-media":"","overlay-type":"","overlay-color":"","overlay-opacity":"","overlay-gradient":""},"tablet":{"background-color":"","background-image":"","background-repeat":"repeat","background-position":"center center","background-size":"auto","background-attachment":"scroll","background-type":"","background-media":"","overlay-type":"","overlay-color":"","overlay-opacity":"","overlay-gradient":""},"mobile":{"background-color":"","background-image":"","background-repeat":"repeat","background-position":"center center","background-size":"auto","background-attachment":"scroll","background-type":"","background-media":"","overlay-type":"","overlay-color":"","overlay-opacity":"","overlay-gradient":""}},"ast-content-background-meta":{"desktop":{"background-color":"var(--ast-global-color-5)","background-image":"","background-repeat":"repeat","background-position":"center center","background-size":"auto","background-attachment":"scroll","background-type":"","background-media":"","overlay-type":"","overlay-color":"","overlay-opacity":"","overlay-gradient":""},"tablet":{"background-color":"var(--ast-global-color-5)","background-image":"","background-repeat":"repeat","background-position":"center center","background-size":"auto","background-attachment":"scroll","background-type":"","background-media":"","overlay-type":"","overlay-color":"","overlay-opacity":"","overlay-gradient":""},"mobile":{"background-color":"var(--ast-global-color-5)","background-image":"","background-repeat":"repeat","background-position":"center center","background-size":"auto","background-attachment":"scroll","background-type":"","background-media":"","overlay-type":"","overlay-color":"","overlay-opacity":"","overlay-gradient":""}},"_vp_format_video_url":"","_vp_image_focal_point":[],"footnotes":""},"class_list":["post-7091","page","type-page","status-publish","hentry"],"uagb_featured_image_src":{"full":false,"thumbnail":false,"medium":false,"medium_large":false,"large":false,"1536x1536":false,"2048x2048":false,"vp_sm":false,"vp_md":false,"vp_lg":false,"vp_xl":false,"vp_sm_popup":false,"vp_md_popup":false,"vp_xl_popup":false},"uagb_author_info":{"display_name":"clara","author_link":"https:\/\/icoprevencio.cat\/uc\/author\/clara\/"},"uagb_comment_info":0,"uagb_excerpt":null,"_links":{"self":[{"href":"https:\/\/icoprevencio.cat\/uc\/wp-json\/wp\/v2\/pages\/7091","targetHints":{"allow":["GET"]}}],"collection":[{"href":"https:\/\/icoprevencio.cat\/uc\/wp-json\/wp\/v2\/pages"}],"about":[{"href":"https:\/\/icoprevencio.cat\/uc\/wp-json\/wp\/v2\/types\/page"}],"author":[{"embeddable":true,"href":"https:\/\/icoprevencio.cat\/uc\/wp-json\/wp\/v2\/users\/28"}],"replies":[{"embeddable":true,"href":"https:\/\/icoprevencio.cat\/uc\/wp-json\/wp\/v2\/comments?post=7091"}],"version-history":[{"count":3,"href":"https:\/\/icoprevencio.cat\/uc\/wp-json\/wp\/v2\/pages\/7091\/revisions"}],"predecessor-version":[{"id":8240,"href":"https:\/\/icoprevencio.cat\/uc\/wp-json\/wp\/v2\/pages\/7091\/revisions\/8240"}],"wp:attachment":[{"href":"https:\/\/icoprevencio.cat\/uc\/wp-json\/wp\/v2\/media?parent=7091"}],"curies":[{"name":"wp","href":"https:\/\/api.w.org\/{rel}","templated":true}]}}