{"id":71,"date":"2016-03-11T08:22:31","date_gmt":"2016-03-11T07:22:31","guid":{"rendered":"https:\/\/icoprevencio.cat\/uc\/?page_id=71"},"modified":"2025-03-13T11:41:08","modified_gmt":"2025-03-13T10:41:08","slug":"noticies-2","status":"publish","type":"page","link":"https:\/\/icoprevencio.cat\/uc\/noticies-2\/","title":{"rendered":"NOT\u00cdCIES"},"content":{"rendered":"\n<div class=\"wp-block-uagb-container uagb-block-709c37ea alignfull uagb-is-root-container\"><div class=\"uagb-container-inner-blocks-wrap\">\n<div class=\"wp-block-uagb-info-box uagb-block-353171f0 uagb-infobox__content-wrap  uagb-infobox-icon-above-title uagb-infobox-image-valign-top wp-block-uagb-info-box--has-margin\"><div class=\"uagb-infobox-margin-wrapper\"><div class=\"uagb-ifb-content\"><div class=\"uagb-ifb-title-wrap\"><h2 class=\"uagb-ifb-title\"><strong>Not\u00edcies<\/strong><\/h2><\/div><\/div><\/div><\/div>\n<\/div><\/div>\n\n\n\n<div style=\"height:100px\" aria-hidden=\"true\" class=\"wp-block-spacer\"><\/div>\n\n\n\n\t\t\t<div class=\"wp-block-uagb-post-grid uagb-post-grid  uagb-post__image-position-top uagb-post__image-enabled uagb-block-40ec1ce9     uagb-post__items uagb-post__columns-3 is-grid uagb-post__columns-tablet-2 uagb-post__columns-mobile-1 uagb-post__equal-height uagb-equal_height_inline-read-more-buttons\" data-total=\"15\" style=\"\">\n\n\t\t\t\t\t\t\t\t\t\t\t\t<article class=\"uagb-post__inner-wrap\">\t\t\t\t\t\t\t\t<div class='uagb-post__image'>\n\t\t\t\t\t\t\t\t\t<a href=\"https:\/\/icoprevencio.cat\/uc\/detectant-abans-que-doni-la-cara-nova-sessio-de-laula-ico-a-carrec-de-la-ucc\/\" target=\"_self\" rel=\"bookmark noopener noreferrer\" class='uagb-image-ratio-inherit'><img loading=\"lazy\" decoding=\"async\" width=\"1024\" height=\"576\" src=\"https:\/\/icoprevencio.cat\/uc\/wp-content\/uploads\/sites\/2\/2026\/04\/fae5e184-65f4-4720-b07a-883fcc036826-1024x576.jpg\" class=\"attachment-large size-large\" alt=\"\" srcset=\"https:\/\/icoprevencio.cat\/uc\/wp-content\/uploads\/sites\/2\/2026\/04\/fae5e184-65f4-4720-b07a-883fcc036826-1024x576.jpg 1024w, https:\/\/icoprevencio.cat\/uc\/wp-content\/uploads\/sites\/2\/2026\/04\/fae5e184-65f4-4720-b07a-883fcc036826-300x169.jpg 300w, https:\/\/icoprevencio.cat\/uc\/wp-content\/uploads\/sites\/2\/2026\/04\/fae5e184-65f4-4720-b07a-883fcc036826-768x432.jpg 768w, https:\/\/icoprevencio.cat\/uc\/wp-content\/uploads\/sites\/2\/2026\/04\/fae5e184-65f4-4720-b07a-883fcc036826-500x281.jpg 500w, https:\/\/icoprevencio.cat\/uc\/wp-content\/uploads\/sites\/2\/2026\/04\/fae5e184-65f4-4720-b07a-883fcc036826-800x450.jpg 800w, https:\/\/icoprevencio.cat\/uc\/wp-content\/uploads\/sites\/2\/2026\/04\/fae5e184-65f4-4720-b07a-883fcc036826.jpg 1157w\" sizes=\"auto, (max-width: 1024px) 100vw, 1024px\" \/>\t\t\t\t\t<\/a>\n\t\t\t\t\t\t\t<\/div>\n\t\t\t\t\t\t<h4 class=\"uagb-post__title uagb-post__text\">\n\t\t\t\t<a href=\"https:\/\/icoprevencio.cat\/uc\/detectant-abans-que-doni-la-cara-nova-sessio-de-laula-ico-a-carrec-de-la-ucc\/\" target=\"_self\" rel=\"bookmark noopener noreferrer\">Detectant abans que doni la cara: nova sessi\u00f3 de l\u2019Aula ICO a c\u00e0rrec de la UCC<\/a>\n\t\t\t<\/h4>\n\t\t\t\t\t\t<div class='uagb-post__text uagb-post-grid-byline'>\n\t\t\t\t\t\t\t\t<time datetime=\"2026-04-14T12:40:02+01:00\" class=\"uagb-post__date\">\n\t\t\t\t\t\t\t\t\t14\/04\/2026\t\t\t\t<\/time>\n\t\t\t\t\t\t<\/div>\n\t\t\t\n\t\t\t\t\t\t\t\t\t<\/article>\n\t\t\t\t\t\t\t\t\t\t\t\t\t\t\t\t<article class=\"uagb-post__inner-wrap\">\t\t\t\t\t\t\t\t<div class='uagb-post__image'>\n\t\t\t\t\t\t\t\t\t<a href=\"https:\/\/icoprevencio.cat\/uc\/la-ucc-participa-en-la-traduccio-oficial-al-catala-del-nou-codi-europeu-contra-el-cancer\/\" target=\"_self\" rel=\"bookmark noopener noreferrer\" class='uagb-image-ratio-inherit'><img loading=\"lazy\" decoding=\"async\" width=\"1024\" height=\"576\" src=\"https:\/\/icoprevencio.cat\/uc\/wp-content\/uploads\/sites\/2\/2026\/04\/Untitled-design-6-1024x576.jpg\" class=\"attachment-large size-large\" alt=\"\" srcset=\"https:\/\/icoprevencio.cat\/uc\/wp-content\/uploads\/sites\/2\/2026\/04\/Untitled-design-6-1024x576.jpg 1024w, https:\/\/icoprevencio.cat\/uc\/wp-content\/uploads\/sites\/2\/2026\/04\/Untitled-design-6-300x169.jpg 300w, https:\/\/icoprevencio.cat\/uc\/wp-content\/uploads\/sites\/2\/2026\/04\/Untitled-design-6-768x432.jpg 768w, https:\/\/icoprevencio.cat\/uc\/wp-content\/uploads\/sites\/2\/2026\/04\/Untitled-design-6-1536x864.jpg 1536w, https:\/\/icoprevencio.cat\/uc\/wp-content\/uploads\/sites\/2\/2026\/04\/Untitled-design-6-2048x1152.jpg 2048w, https:\/\/icoprevencio.cat\/uc\/wp-content\/uploads\/sites\/2\/2026\/04\/Untitled-design-6-500x281.jpg 500w, https:\/\/icoprevencio.cat\/uc\/wp-content\/uploads\/sites\/2\/2026\/04\/Untitled-design-6-800x450.jpg 800w, https:\/\/icoprevencio.cat\/uc\/wp-content\/uploads\/sites\/2\/2026\/04\/Untitled-design-6-1280x720.jpg 1280w, https:\/\/icoprevencio.cat\/uc\/wp-content\/uploads\/sites\/2\/2026\/04\/Untitled-design-6-1920x1080.jpg 1920w\" sizes=\"auto, (max-width: 1024px) 100vw, 1024px\" \/>\t\t\t\t\t<\/a>\n\t\t\t\t\t\t\t<\/div>\n\t\t\t\t\t\t<h4 class=\"uagb-post__title uagb-post__text\">\n\t\t\t\t<a href=\"https:\/\/icoprevencio.cat\/uc\/la-ucc-participa-en-la-traduccio-oficial-al-catala-del-nou-codi-europeu-contra-el-cancer\/\" target=\"_self\" rel=\"bookmark noopener noreferrer\">La UCC participa en la traducci\u00f3 oficial al catal\u00e0 del nou Codi Europeu Contra el C\u00e0ncer<\/a>\n\t\t\t<\/h4>\n\t\t\t\t\t\t<div class='uagb-post__text uagb-post-grid-byline'>\n\t\t\t\t\t\t\t\t<time datetime=\"2026-04-13T08:28:07+01:00\" class=\"uagb-post__date\">\n\t\t\t\t\t\t\t\t\t13\/04\/2026\t\t\t\t<\/time>\n\t\t\t\t\t\t<\/div>\n\t\t\t\n\t\t\t\t\t\t\t\t\t<\/article>\n\t\t\t\t\t\t\t\t\t\t\t\t\t\t\t\t<article class=\"uagb-post__inner-wrap\">\t\t\t\t\t\t\t\t<div class='uagb-post__image'>\n\t\t\t\t\t\t\t\t\t<a href=\"https:\/\/icoprevencio.cat\/uc\/catalunya-amplia-fins-als-74-anys-ledat-del-cribratge-de-cancer-de-colon-i-recte\/\" target=\"_self\" rel=\"bookmark noopener noreferrer\" class='uagb-image-ratio-inherit'><img loading=\"lazy\" decoding=\"async\" width=\"1024\" height=\"576\" src=\"https:\/\/icoprevencio.cat\/uc\/wp-content\/uploads\/sites\/2\/2026\/04\/colonoscopia-1024x576.jpg\" class=\"attachment-large size-large\" alt=\"\" srcset=\"https:\/\/icoprevencio.cat\/uc\/wp-content\/uploads\/sites\/2\/2026\/04\/colonoscopia-1024x576.jpg 1024w, https:\/\/icoprevencio.cat\/uc\/wp-content\/uploads\/sites\/2\/2026\/04\/colonoscopia-300x169.jpg 300w, https:\/\/icoprevencio.cat\/uc\/wp-content\/uploads\/sites\/2\/2026\/04\/colonoscopia-768x432.jpg 768w, https:\/\/icoprevencio.cat\/uc\/wp-content\/uploads\/sites\/2\/2026\/04\/colonoscopia-1536x864.jpg 1536w, https:\/\/icoprevencio.cat\/uc\/wp-content\/uploads\/sites\/2\/2026\/04\/colonoscopia-2048x1152.jpg 2048w, https:\/\/icoprevencio.cat\/uc\/wp-content\/uploads\/sites\/2\/2026\/04\/colonoscopia-500x281.jpg 500w, https:\/\/icoprevencio.cat\/uc\/wp-content\/uploads\/sites\/2\/2026\/04\/colonoscopia-800x450.jpg 800w, https:\/\/icoprevencio.cat\/uc\/wp-content\/uploads\/sites\/2\/2026\/04\/colonoscopia-1280x720.jpg 1280w, https:\/\/icoprevencio.cat\/uc\/wp-content\/uploads\/sites\/2\/2026\/04\/colonoscopia-1920x1080.jpg 1920w\" sizes=\"auto, (max-width: 1024px) 100vw, 1024px\" \/>\t\t\t\t\t<\/a>\n\t\t\t\t\t\t\t<\/div>\n\t\t\t\t\t\t<h4 class=\"uagb-post__title uagb-post__text\">\n\t\t\t\t<a href=\"https:\/\/icoprevencio.cat\/uc\/catalunya-amplia-fins-als-74-anys-ledat-del-cribratge-de-cancer-de-colon-i-recte\/\" target=\"_self\" rel=\"bookmark noopener noreferrer\">Catalunya amplia fins als 74 anys l&#8217;edat del cribratge de c\u00e0ncer de c\u00f2lon i recte<\/a>\n\t\t\t<\/h4>\n\t\t\t\t\t\t<div class='uagb-post__text uagb-post-grid-byline'>\n\t\t\t\t\t\t\t\t<time datetime=\"2026-04-01T13:07:00+01:00\" class=\"uagb-post__date\">\n\t\t\t\t\t\t\t\t\t01\/04\/2026\t\t\t\t<\/time>\n\t\t\t\t\t\t<\/div>\n\t\t\t\n\t\t\t\t\t\t\t\t\t<\/article>\n\t\t\t\t\t\t\t\t\t\t\t\t\t\t\t\t<article class=\"uagb-post__inner-wrap\">\t\t\t\t\t\t\t\t<div class='uagb-post__image'>\n\t\t\t\t\t\t\t\t\t<a href=\"https:\/\/icoprevencio.cat\/uc\/dia-mundial-del-cancer-de-colon-i-recte-la-deteccio-precoc-salva-vides\/\" target=\"_self\" rel=\"bookmark noopener noreferrer\" class='uagb-image-ratio-inherit'><img loading=\"lazy\" decoding=\"async\" width=\"1024\" height=\"576\" src=\"https:\/\/icoprevencio.cat\/uc\/wp-content\/uploads\/sites\/2\/2026\/03\/Dia-Mundial-del-Cancer-de-Colon-i-Recte-1024x576.jpg\" class=\"attachment-large size-large\" alt=\"\" srcset=\"https:\/\/icoprevencio.cat\/uc\/wp-content\/uploads\/sites\/2\/2026\/03\/Dia-Mundial-del-Cancer-de-Colon-i-Recte-1024x576.jpg 1024w, https:\/\/icoprevencio.cat\/uc\/wp-content\/uploads\/sites\/2\/2026\/03\/Dia-Mundial-del-Cancer-de-Colon-i-Recte-300x169.jpg 300w, https:\/\/icoprevencio.cat\/uc\/wp-content\/uploads\/sites\/2\/2026\/03\/Dia-Mundial-del-Cancer-de-Colon-i-Recte-768x432.jpg 768w, https:\/\/icoprevencio.cat\/uc\/wp-content\/uploads\/sites\/2\/2026\/03\/Dia-Mundial-del-Cancer-de-Colon-i-Recte-1536x864.jpg 1536w, https:\/\/icoprevencio.cat\/uc\/wp-content\/uploads\/sites\/2\/2026\/03\/Dia-Mundial-del-Cancer-de-Colon-i-Recte-500x281.jpg 500w, https:\/\/icoprevencio.cat\/uc\/wp-content\/uploads\/sites\/2\/2026\/03\/Dia-Mundial-del-Cancer-de-Colon-i-Recte-800x450.jpg 800w, https:\/\/icoprevencio.cat\/uc\/wp-content\/uploads\/sites\/2\/2026\/03\/Dia-Mundial-del-Cancer-de-Colon-i-Recte-1280x720.jpg 1280w, https:\/\/icoprevencio.cat\/uc\/wp-content\/uploads\/sites\/2\/2026\/03\/Dia-Mundial-del-Cancer-de-Colon-i-Recte.jpg 1920w\" sizes=\"auto, (max-width: 1024px) 100vw, 1024px\" \/>\t\t\t\t\t<\/a>\n\t\t\t\t\t\t\t<\/div>\n\t\t\t\t\t\t<h4 class=\"uagb-post__title uagb-post__text\">\n\t\t\t\t<a href=\"https:\/\/icoprevencio.cat\/uc\/dia-mundial-del-cancer-de-colon-i-recte-la-deteccio-precoc-salva-vides\/\" target=\"_self\" rel=\"bookmark noopener noreferrer\">Dia Mundial del C\u00e0ncer de C\u00f2lon i Recte: la detecci\u00f3 preco\u00e7 salva vides<\/a>\n\t\t\t<\/h4>\n\t\t\t\t\t\t<div class='uagb-post__text uagb-post-grid-byline'>\n\t\t\t\t\t\t\t\t<time datetime=\"2026-03-31T06:00:00+01:00\" class=\"uagb-post__date\">\n\t\t\t\t\t\t\t\t\t31\/03\/2026\t\t\t\t<\/time>\n\t\t\t\t\t\t<\/div>\n\t\t\t\n\t\t\t\t\t\t\t\t\t<\/article>\n\t\t\t\t\t\t\t\t\t\t\t\t\t\t\t\t<article class=\"uagb-post__inner-wrap\">\t\t\t\t\t\t\t\t<div class='uagb-post__image'>\n\t\t\t\t\t\t\t\t\t<a href=\"https:\/\/icoprevencio.cat\/uc\/lico-reuneix-els-afiliats-espanyols-de-la-joint-action-eucanscreen-per-fer-seguiment-del-projecte\/\" target=\"_self\" rel=\"bookmark noopener noreferrer\" class='uagb-image-ratio-inherit'><img loading=\"lazy\" decoding=\"async\" width=\"1024\" height=\"576\" src=\"https:\/\/icoprevencio.cat\/uc\/wp-content\/uploads\/sites\/2\/2026\/03\/image-1-1024x576.jpg\" class=\"attachment-large size-large\" alt=\"\" srcset=\"https:\/\/icoprevencio.cat\/uc\/wp-content\/uploads\/sites\/2\/2026\/03\/image-1-1024x576.jpg 1024w, https:\/\/icoprevencio.cat\/uc\/wp-content\/uploads\/sites\/2\/2026\/03\/image-1-300x169.jpg 300w, https:\/\/icoprevencio.cat\/uc\/wp-content\/uploads\/sites\/2\/2026\/03\/image-1-768x432.jpg 768w, https:\/\/icoprevencio.cat\/uc\/wp-content\/uploads\/sites\/2\/2026\/03\/image-1-500x281.jpg 500w, https:\/\/icoprevencio.cat\/uc\/wp-content\/uploads\/sites\/2\/2026\/03\/image-1-800x450.jpg 800w, https:\/\/icoprevencio.cat\/uc\/wp-content\/uploads\/sites\/2\/2026\/03\/image-1.jpg 1097w\" sizes=\"auto, (max-width: 1024px) 100vw, 1024px\" \/>\t\t\t\t\t<\/a>\n\t\t\t\t\t\t\t<\/div>\n\t\t\t\t\t\t<h4 class=\"uagb-post__title uagb-post__text\">\n\t\t\t\t<a href=\"https:\/\/icoprevencio.cat\/uc\/lico-reuneix-els-afiliats-espanyols-de-la-joint-action-eucanscreen-per-fer-seguiment-del-projecte\/\" target=\"_self\" rel=\"bookmark noopener noreferrer\">L\u2019ICO reuneix els afiliats espanyols de la Joint Action EUCanScreen per fer seguiment del projecte<\/a>\n\t\t\t<\/h4>\n\t\t\t\t\t\t<div class='uagb-post__text uagb-post-grid-byline'>\n\t\t\t\t\t\t\t\t<time datetime=\"2026-03-30T10:49:42+01:00\" class=\"uagb-post__date\">\n\t\t\t\t\t\t\t\t\t30\/03\/2026\t\t\t\t<\/time>\n\t\t\t\t\t\t<\/div>\n\t\t\t\n\t\t\t\t\t\t\t\t\t<\/article>\n\t\t\t\t\t\t\t\t\t\t\t\t\t\t\t\t<article class=\"uagb-post__inner-wrap\">\t\t\t\t\t\t\t\t<div class='uagb-post__image'>\n\t\t\t\t\t\t\t\t\t<a href=\"https:\/\/icoprevencio.cat\/uc\/la-ucc-destaca-lexit-del-programa-de-cribratge-a-sant-boi-en-una-entrevista-per-dies-de-radio\/\" target=\"_self\" rel=\"bookmark noopener noreferrer\" class='uagb-image-ratio-inherit'><img loading=\"lazy\" decoding=\"async\" width=\"1024\" height=\"576\" src=\"https:\/\/icoprevencio.cat\/uc\/wp-content\/uploads\/sites\/2\/2026\/03\/IMG-20260323-WA0034-1-1024x576.jpg\" class=\"attachment-large size-large\" alt=\"\" srcset=\"https:\/\/icoprevencio.cat\/uc\/wp-content\/uploads\/sites\/2\/2026\/03\/IMG-20260323-WA0034-1-1024x576.jpg 1024w, https:\/\/icoprevencio.cat\/uc\/wp-content\/uploads\/sites\/2\/2026\/03\/IMG-20260323-WA0034-1-300x169.jpg 300w, https:\/\/icoprevencio.cat\/uc\/wp-content\/uploads\/sites\/2\/2026\/03\/IMG-20260323-WA0034-1-768x432.jpg 768w, https:\/\/icoprevencio.cat\/uc\/wp-content\/uploads\/sites\/2\/2026\/03\/IMG-20260323-WA0034-1-1536x864.jpg 1536w, https:\/\/icoprevencio.cat\/uc\/wp-content\/uploads\/sites\/2\/2026\/03\/IMG-20260323-WA0034-1-2048x1152.jpg 2048w, https:\/\/icoprevencio.cat\/uc\/wp-content\/uploads\/sites\/2\/2026\/03\/IMG-20260323-WA0034-1-500x281.jpg 500w, https:\/\/icoprevencio.cat\/uc\/wp-content\/uploads\/sites\/2\/2026\/03\/IMG-20260323-WA0034-1-800x450.jpg 800w, https:\/\/icoprevencio.cat\/uc\/wp-content\/uploads\/sites\/2\/2026\/03\/IMG-20260323-WA0034-1-1280x720.jpg 1280w, https:\/\/icoprevencio.cat\/uc\/wp-content\/uploads\/sites\/2\/2026\/03\/IMG-20260323-WA0034-1-1920x1080.jpg 1920w\" sizes=\"auto, (max-width: 1024px) 100vw, 1024px\" \/>\t\t\t\t\t<\/a>\n\t\t\t\t\t\t\t<\/div>\n\t\t\t\t\t\t<h4 class=\"uagb-post__title uagb-post__text\">\n\t\t\t\t<a href=\"https:\/\/icoprevencio.cat\/uc\/la-ucc-destaca-lexit-del-programa-de-cribratge-a-sant-boi-en-una-entrevista-per-dies-de-radio\/\" target=\"_self\" rel=\"bookmark noopener noreferrer\">La UCC destaca l\u2019\u00e8xit del programa de cribratge a Sant Boi en una entrevista a \u201cDies de R\u00e0dio\u201d<\/a>\n\t\t\t<\/h4>\n\t\t\t\t\t\t<div class='uagb-post__text uagb-post-grid-byline'>\n\t\t\t\t\t\t\t\t<time datetime=\"2026-03-25T14:41:43+01:00\" class=\"uagb-post__date\">\n\t\t\t\t\t\t\t\t\t25\/03\/2026\t\t\t\t<\/time>\n\t\t\t\t\t\t<\/div>\n\t\t\t\n\t\t\t\t\t\t\t\t\t<\/article>\n\t\t\t\t\t\t\t\t\t\t\t\t\t<div class=\"uagb-post-pagination-wrap\">\n\t\t\t\t\t\t<span aria-current=\"page\" class=\"page-numbers current\">1<\/span>\n<a class=\"page-numbers\" href=\"https:\/\/icoprevencio.cat\/uc\/wp-json\/wp\/v2\/pages\/71\/page\/2\/\">2<\/a>\n<a class=\"page-numbers\" href=\"https:\/\/icoprevencio.cat\/uc\/wp-json\/wp\/v2\/pages\/71\/page\/3\/\">3<\/a>\n<a class=\"page-numbers\" href=\"https:\/\/icoprevencio.cat\/uc\/wp-json\/wp\/v2\/pages\/71\/page\/4\/\">4<\/a>\n<a class=\"page-numbers\" href=\"https:\/\/icoprevencio.cat\/uc\/wp-json\/wp\/v2\/pages\/71\/page\/5\/\">5<\/a>\n<span class=\"page-numbers dots\">&hellip;<\/span>\n<a class=\"page-numbers\" href=\"https:\/\/icoprevencio.cat\/uc\/wp-json\/wp\/v2\/pages\/71\/page\/12\/\">12<\/a>\n<a class=\"page-numbers\" href=\"https:\/\/icoprevencio.cat\/uc\/wp-json\/wp\/v2\/pages\/71\/page\/13\/\">13<\/a>\n<a class=\"page-numbers\" href=\"https:\/\/icoprevencio.cat\/uc\/wp-json\/wp\/v2\/pages\/71\/page\/14\/\">14<\/a>\n<a class=\"page-numbers\" href=\"https:\/\/icoprevencio.cat\/uc\/wp-json\/wp\/v2\/pages\/71\/page\/15\/\">15<\/a>\n<a class=\"next page-numbers\" href=\"https:\/\/icoprevencio.cat\/uc\/wp-json\/wp\/v2\/pages\/71\/page\/2\/\">Next \u00bb<\/a>\t\t\t\t\t<\/div>\n\t\t\t\t\t\t\t\t<\/div>\n\t\t\t\n\n\n<div style=\"height:80px\" aria-hidden=\"true\" class=\"wp-block-spacer\"><\/div>\n","protected":false},"excerpt":{"rendered":"","protected":false},"author":15,"featured_media":0,"parent":0,"menu_order":0,"comment_status":"closed","ping_status":"closed","template":"","meta":{"_uag_custom_page_level_css":"","site-sidebar-layout":"default","site-content-layout":"","ast-site-content-layout":"default","site-content-style":"default","site-sidebar-style":"default","ast-global-header-display":"","ast-banner-title-visibility":"","ast-main-header-display":"","ast-hfb-above-header-display":"","ast-hfb-below-header-display":"","ast-hfb-mobile-header-display":"","site-post-title":"disabled","ast-breadcrumbs-content":"","ast-featured-img":"","footer-sml-layout":"","ast-disable-related-posts":"","theme-transparent-header-meta":"","adv-header-id-meta":"","stick-header-meta":"","header-above-stick-meta":"","header-main-stick-meta":"","header-below-stick-meta":"","astra-migrate-meta-layouts":"set","ast-page-background-enabled":"default","ast-page-background-meta":{"desktop":{"background-color":"var(--ast-global-color-4)","background-image":"","background-repeat":"repeat","background-position":"center center","background-size":"auto","background-attachment":"scroll","background-type":"","background-media":"","overlay-type":"","overlay-color":"","overlay-opacity":"","overlay-gradient":""},"tablet":{"background-color":"","background-image":"","background-repeat":"repeat","background-position":"center center","background-size":"auto","background-attachment":"scroll","background-type":"","background-media":"","overlay-type":"","overlay-color":"","overlay-opacity":"","overlay-gradient":""},"mobile":{"background-color":"","background-image":"","background-repeat":"repeat","background-position":"center center","background-size":"auto","background-attachment":"scroll","background-type":"","background-media":"","overlay-type":"","overlay-color":"","overlay-opacity":"","overlay-gradient":""}},"ast-content-background-meta":{"desktop":{"background-color":"var(--ast-global-color-5)","background-image":"","background-repeat":"repeat","background-position":"center center","background-size":"auto","background-attachment":"scroll","background-type":"","background-media":"","overlay-type":"","overlay-color":"","overlay-opacity":"","overlay-gradient":""},"tablet":{"background-color":"var(--ast-global-color-5)","background-image":"","background-repeat":"repeat","background-position":"center center","background-size":"auto","background-attachment":"scroll","background-type":"","background-media":"","overlay-type":"","overlay-color":"","overlay-opacity":"","overlay-gradient":""},"mobile":{"background-color":"var(--ast-global-color-5)","background-image":"","background-repeat":"repeat","background-position":"center center","background-size":"auto","background-attachment":"scroll","background-type":"","background-media":"","overlay-type":"","overlay-color":"","overlay-opacity":"","overlay-gradient":""}},"_vp_format_video_url":"","_vp_image_focal_point":[],"footnotes":""},"class_list":["post-71","page","type-page","status-publish","hentry"],"uagb_featured_image_src":{"full":false,"thumbnail":false,"medium":false,"medium_large":false,"large":false,"1536x1536":false,"2048x2048":false,"vp_sm":false,"vp_md":false,"vp_lg":false,"vp_xl":false,"vp_sm_popup":false,"vp_md_popup":false,"vp_xl_popup":false},"uagb_author_info":{"display_name":"xesco","author_link":"https:\/\/icoprevencio.cat\/uc\/author\/xesco\/"},"uagb_comment_info":0,"uagb_excerpt":null,"_links":{"self":[{"href":"https:\/\/icoprevencio.cat\/uc\/wp-json\/wp\/v2\/pages\/71","targetHints":{"allow":["GET"]}}],"collection":[{"href":"https:\/\/icoprevencio.cat\/uc\/wp-json\/wp\/v2\/pages"}],"about":[{"href":"https:\/\/icoprevencio.cat\/uc\/wp-json\/wp\/v2\/types\/page"}],"author":[{"embeddable":true,"href":"https:\/\/icoprevencio.cat\/uc\/wp-json\/wp\/v2\/users\/15"}],"replies":[{"embeddable":true,"href":"https:\/\/icoprevencio.cat\/uc\/wp-json\/wp\/v2\/comments?post=71"}],"version-history":[{"count":16,"href":"https:\/\/icoprevencio.cat\/uc\/wp-json\/wp\/v2\/pages\/71\/revisions"}],"predecessor-version":[{"id":7422,"href":"https:\/\/icoprevencio.cat\/uc\/wp-json\/wp\/v2\/pages\/71\/revisions\/7422"}],"wp:attachment":[{"href":"https:\/\/icoprevencio.cat\/uc\/wp-json\/wp\/v2\/media?parent=71"}],"curies":[{"name":"wp","href":"https:\/\/api.w.org\/{rel}","templated":true}]}}