{"id":7121,"date":"2025-01-27T15:20:38","date_gmt":"2025-01-27T14:20:38","guid":{"rendered":"https:\/\/icoprevencio.cat\/uc\/?page_id=7121"},"modified":"2025-02-18T11:18:07","modified_gmt":"2025-02-18T10:18:07","slug":"grups-de-recerca-agaur-sgr-cat","status":"publish","type":"page","link":"https:\/\/icoprevencio.cat\/uc\/grups-de-recerca-agaur-sgr-cat\/","title":{"rendered":"Grups de recerca AGAUR (SGR-CAT)"},"content":{"rendered":"\n<div class=\"wp-block-uagb-container uagb-block-709c37ea alignfull uagb-is-root-container\"><div class=\"uagb-container-inner-blocks-wrap\">\n<div class=\"wp-block-uagb-info-box uagb-block-353171f0 uagb-infobox__content-wrap  uagb-infobox-icon-above-title uagb-infobox-image-valign-top wp-block-uagb-info-box--has-margin\"><div class=\"uagb-infobox-margin-wrapper\"><div class=\"uagb-ifb-content\"><div class=\"uagb-ifb-title-wrap\"><h2 class=\"uagb-ifb-title\"><strong>Grups de recerca<\/strong><\/h2><\/div><\/div><\/div><\/div>\n<\/div><\/div>\n\n\n\n<div style=\"height:60px\" aria-hidden=\"true\" class=\"wp-block-spacer\"><\/div>\n\n\n\n<div class=\"wp-block-uagb-image uagb-block-71d5725e wp-block-uagb-image--layout-default wp-block-uagb-image--effect-static wp-block-uagb-image--align-none\"><figure class=\"wp-block-uagb-image__figure\"><img decoding=\"async\" src=\"https:\/\/icoprevencio.cat\/uc\/wp-content\/uploads\/sites\/2\/2025\/01\/Evaluacion-de-estrategies-300x213-1-1.png\" alt=\"\" class=\"uag-image-7115\" width=\"391\" height=\"92\" title=\"Evaluacion-de-estrategies-300x213-1 (1)\" loading=\"lazy\" role=\"img\" \/><\/figure><\/div>\n\n\n\n<div class=\"wp-block-uagb-info-box uagb-block-9271b190 uagb-infobox__content-wrap  uagb-infobox-icon-above-title uagb-infobox-image-valign-top wp-block-uagb-info-box--has-margin\"><div class=\"uagb-infobox-margin-wrapper\"><div class=\"uagb-ifb-content\"><div class=\"uagb-ifb-title-wrap\"><h3 class=\"uagb-ifb-title\">Grups de recerca AGAUR (SGR-CAT)<\/h3><\/div><p class=\"uagb-ifb-desc\"><strong>Grup Consolidat:<\/strong>\u00a0Prevenci\u00f3 del C\u00e0ncer<br>Ajudes per a donar suport a l\u2019activitat cient\u00edfica dels grups de recerca de Catalunya.<br>Entitat finan\u00e7adora: AGAUR.<br>IP: Victor Moreno.<br>Investigadors col\u00b7laboradors: Carmen Vidal, Gemma Binefa, No\u00e9mie Travier, Nuria Vives (SGR 00962)<br><br>La recerca relacionada amb els programes de detecci\u00f3 preco\u00e7 de c\u00e0ncer \u00e9s un element fonamental de millora del cribratge. El nostre grup fa recerca tant sobre els aspectes organitzatius i la prestaci\u00f3 de serveis sanitaris com sobre la pr\u00f2pia tecnologia del cribratge (o les proves diagn\u00f2stiques).<br>Els programes de cribratge i el coneixement sobre la hist\u00f2ria natural del c\u00e0ncer de mama i el c\u00e0ncer colorectal es troba en diferents moments evolutius. El programa de c\u00e0ncer de mama \u00e9s un programa consolidat de gran acceptaci\u00f3 per part de la poblaci\u00f3 diana mentre que el programa de c\u00e0ncer colorectal \u00e9s de recent implementaci\u00f3 i la participaci\u00f3 no supera el 40%.<br><br>Donat que el benefici d\u2019un programa de cribratge est\u00e0 relacionat amb el nombre de persones que hi participen, \u00e9s necessari con\u00e8ixer les barreres i facilitadors de l\u2019adhesi\u00f3 al programa de c\u00e0ncer colorectal. Un altre aspecte rellevant \u00e9s quantificar els efectes adversos del cribratge per a poder ajuda a la presa de decisions de participar o no en el programa.<br><br>En el programa de c\u00e0ncer de mama, la recerca avaluativa es centra en la variabilitat de resultats de les unitats de cribratge.<\/p><\/div><\/div><\/div>\n\n\n\n<div style=\"height:76px\" aria-hidden=\"true\" class=\"wp-block-spacer\"><\/div>\n\n\n\n<p><\/p>\n","protected":false},"excerpt":{"rendered":"","protected":false},"author":28,"featured_media":0,"parent":0,"menu_order":0,"comment_status":"closed","ping_status":"closed","template":"","meta":{"_uag_custom_page_level_css":"","site-sidebar-layout":"default","site-content-layout":"","ast-site-content-layout":"default","site-content-style":"default","site-sidebar-style":"default","ast-global-header-display":"","ast-banner-title-visibility":"","ast-main-header-display":"","ast-hfb-above-header-display":"","ast-hfb-below-header-display":"","ast-hfb-mobile-header-display":"","site-post-title":"disabled","ast-breadcrumbs-content":"","ast-featured-img":"","footer-sml-layout":"","ast-disable-related-posts":"","theme-transparent-header-meta":"","adv-header-id-meta":"","stick-header-meta":"","header-above-stick-meta":"","header-main-stick-meta":"","header-below-stick-meta":"","astra-migrate-meta-layouts":"set","ast-page-background-enabled":"default","ast-page-background-meta":{"desktop":{"background-color":"var(--ast-global-color-4)","background-image":"","background-repeat":"repeat","background-position":"center center","background-size":"auto","background-attachment":"scroll","background-type":"","background-media":"","overlay-type":"","overlay-color":"","overlay-opacity":"","overlay-gradient":""},"tablet":{"background-color":"","background-image":"","background-repeat":"repeat","background-position":"center center","background-size":"auto","background-attachment":"scroll","background-type":"","background-media":"","overlay-type":"","overlay-color":"","overlay-opacity":"","overlay-gradient":""},"mobile":{"background-color":"","background-image":"","background-repeat":"repeat","background-position":"center center","background-size":"auto","background-attachment":"scroll","background-type":"","background-media":"","overlay-type":"","overlay-color":"","overlay-opacity":"","overlay-gradient":""}},"ast-content-background-meta":{"desktop":{"background-color":"var(--ast-global-color-5)","background-image":"","background-repeat":"repeat","background-position":"center center","background-size":"auto","background-attachment":"scroll","background-type":"","background-media":"","overlay-type":"","overlay-color":"","overlay-opacity":"","overlay-gradient":""},"tablet":{"background-color":"var(--ast-global-color-5)","background-image":"","background-repeat":"repeat","background-position":"center center","background-size":"auto","background-attachment":"scroll","background-type":"","background-media":"","overlay-type":"","overlay-color":"","overlay-opacity":"","overlay-gradient":""},"mobile":{"background-color":"var(--ast-global-color-5)","background-image":"","background-repeat":"repeat","background-position":"center center","background-size":"auto","background-attachment":"scroll","background-type":"","background-media":"","overlay-type":"","overlay-color":"","overlay-opacity":"","overlay-gradient":""}},"_vp_format_video_url":"","_vp_image_focal_point":[],"footnotes":""},"class_list":["post-7121","page","type-page","status-publish","hentry"],"uagb_featured_image_src":{"full":false,"thumbnail":false,"medium":false,"medium_large":false,"large":false,"1536x1536":false,"2048x2048":false,"vp_sm":false,"vp_md":false,"vp_lg":false,"vp_xl":false,"vp_sm_popup":false,"vp_md_popup":false,"vp_xl_popup":false},"uagb_author_info":{"display_name":"clara","author_link":"https:\/\/icoprevencio.cat\/uc\/author\/clara\/"},"uagb_comment_info":0,"uagb_excerpt":null,"_links":{"self":[{"href":"https:\/\/icoprevencio.cat\/uc\/wp-json\/wp\/v2\/pages\/7121","targetHints":{"allow":["GET"]}}],"collection":[{"href":"https:\/\/icoprevencio.cat\/uc\/wp-json\/wp\/v2\/pages"}],"about":[{"href":"https:\/\/icoprevencio.cat\/uc\/wp-json\/wp\/v2\/types\/page"}],"author":[{"embeddable":true,"href":"https:\/\/icoprevencio.cat\/uc\/wp-json\/wp\/v2\/users\/28"}],"replies":[{"embeddable":true,"href":"https:\/\/icoprevencio.cat\/uc\/wp-json\/wp\/v2\/comments?post=7121"}],"version-history":[{"count":4,"href":"https:\/\/icoprevencio.cat\/uc\/wp-json\/wp\/v2\/pages\/7121\/revisions"}],"predecessor-version":[{"id":8070,"href":"https:\/\/icoprevencio.cat\/uc\/wp-json\/wp\/v2\/pages\/7121\/revisions\/8070"}],"wp:attachment":[{"href":"https:\/\/icoprevencio.cat\/uc\/wp-json\/wp\/v2\/media?parent=7121"}],"curies":[{"name":"wp","href":"https:\/\/api.w.org\/{rel}","templated":true}]}}