{"id":7319,"date":"2025-02-21T09:53:45","date_gmt":"2025-02-21T08:53:45","guid":{"rendered":"https:\/\/icoprevencio.cat\/uc\/?page_id=7319"},"modified":"2025-08-20T13:44:40","modified_gmt":"2025-08-20T12:44:40","slug":"que-fem","status":"publish","type":"page","link":"https:\/\/icoprevencio.cat\/uc\/que-fem\/","title":{"rendered":"Qu\u00e8 fem"},"content":{"rendered":"\n<div class=\"wp-block-uagb-container uagb-block-709c37ea alignfull uagb-is-root-container\"><div class=\"uagb-container-inner-blocks-wrap\">\n<div class=\"wp-block-uagb-info-box uagb-block-353171f0 uagb-infobox__content-wrap  uagb-infobox-icon-above-title uagb-infobox-image-valign-top wp-block-uagb-info-box--has-margin\"><div class=\"uagb-infobox-margin-wrapper\"><div class=\"uagb-ifb-content\"><div class=\"uagb-ifb-title-wrap\"><h2 class=\"uagb-ifb-title\"><strong>Qu\u00e8 fem<\/strong><\/h2><\/div><\/div><\/div><\/div>\n<\/div><\/div>\n\n\n\n<div class=\"wp-block-uagb-container uagb-block-8603d39b alignfull uagb-is-root-container\"><div class=\"uagb-container-inner-blocks-wrap\">\n<p style=\"font-size:17px\">La <strong>Unitat de Cribratge del C\u00e0ncer (UCC)<\/strong> est\u00e0 formada per un equip multidisciplinari de m\u00e9s de 25 professionals dedicats principalment a la implementaci\u00f3, gesti\u00f3 i avaluaci\u00f3 de programes de cribratge de base poblacional. Aquesta tasca principal es compagina amb la recerca, formaci\u00f3 i doc\u00e8ncia. L\u2019objectiu principal dels programes de cribratge \u00e9s detectar tumors incipients amb la finalitat de reduir la mortalitat per c\u00e0ncer a la nostra poblaci\u00f3 diana.&nbsp;<\/p>\n<\/div><\/div>\n\n\n\n<div class=\"wp-block-uagb-container uagb-block-16870a62 alignfull uagb-is-root-container\"><div class=\"uagb-container-inner-blocks-wrap\"><div class=\"wp-block-uagb-faq uagb-faq__outer-wrap uagb-block-80f1f323 uagb-faq-icon-row uagb-faq-layout-accordion uagb-faq-expand-first-false uagb-faq-inactive-other-true uagb-faq__wrap uagb-buttons-layout-wrap uagb-faq-equal-height     \" data-faqtoggle=\"true\" role=\"tablist\"><div class=\"wp-block-uagb-faq-child uagb-faq-child__outer-wrap uagb-faq-item uagb-block-cdd1bacb \" role=\"tab\" tabindex=\"0\"><div class=\"uagb-faq-questions-button uagb-faq-questions\">\t\t\t<span class=\"uagb-icon uagb-faq-icon-wrap\">\n\t\t\t\t\t\t\t\t<svg xmlns=\"https:\/\/www.w3.org\/2000\/svg\" viewBox= \"0 0 256 512\"><path d=\"M64 448c-8.188 0-16.38-3.125-22.62-9.375c-12.5-12.5-12.5-32.75 0-45.25L178.8 256L41.38 118.6c-12.5-12.5-12.5-32.75 0-45.25s32.75-12.5 45.25 0l160 160c12.5 12.5 12.5 32.75 0 45.25l-160 160C80.38 444.9 72.19 448 64 448z\"><\/path><\/svg>\n\t\t\t\t\t\t\t<\/span>\n\t\t\t\t\t\t<span class=\"uagb-icon-active uagb-faq-icon-wrap\">\n\t\t\t\t\t\t\t<\/span>\n\t\t\t<span class=\"uagb-question\">IMPLEMENTACI\u00d3 I GESTI\u00d3 DE PROJECTES<\/span><\/div><div class=\"uagb-faq-content\"><p><strong>Principals activitats<br><\/strong>\u2022 Planificaci\u00f3<br>\u2022 Disseny<br>\u2022 Gesti\u00f3 cl\u00ednica<br>\u2022 Gesti\u00f3 financera<br>\u2022 Gesti\u00f3 administrativa<br>\u2022 Coordinaci\u00f3 i representaci\u00f3 interinstitucional<br><\/p><\/div><\/div><div class=\"wp-block-uagb-faq-child uagb-faq-child__outer-wrap uagb-faq-item uagb-block-c787eb97 \" role=\"tab\" tabindex=\"0\"><div class=\"uagb-faq-questions-button uagb-faq-questions\">\t\t\t<span class=\"uagb-icon uagb-faq-icon-wrap\">\n\t\t\t\t\t\t\t\t<svg xmlns=\"https:\/\/www.w3.org\/2000\/svg\" viewBox= \"0 0 256 512\"><path d=\"M64 448c-8.188 0-16.38-3.125-22.62-9.375c-12.5-12.5-12.5-32.75 0-45.25L178.8 256L41.38 118.6c-12.5-12.5-12.5-32.75 0-45.25s32.75-12.5 45.25 0l160 160c12.5 12.5 12.5 32.75 0 45.25l-160 160C80.38 444.9 72.19 448 64 448z\"><\/path><\/svg>\n\t\t\t\t\t\t\t<\/span>\n\t\t\t\t\t\t<span class=\"uagb-icon-active uagb-faq-icon-wrap\">\n\t\t\t\t\t\t\t<\/span>\n\t\t\t<span class=\"uagb-question\">MONITORATGE, AVALUACI\u00d3 I RECERCA<\/span><\/div><div class=\"uagb-faq-content\"><p><strong>Principals activitats<br><\/strong><br><strong>\u2022<\/strong> Monitoritzaci\u00f3 dels principals indicadors de qualitat<br>\u2022 Avaluaci\u00f3 de programes<br>\u2022 Suport t\u00e8cnic\/epidemiol\u00f2gic<br>\u2022 Identificaci\u00f3 d&#8217;\u00e0rees de millora<br>\u2022 Recerca aplicada<br>\u2022 Formaci\u00f3 i doc\u00e8ncia<br>\u2022 Difusi\u00f3 i divulgaci\u00f3 de resultats<br><\/p><\/div><\/div><\/div><\/div><\/div>\n\n\n\n<p><\/p>\n\n\n\n<p><\/p>\n","protected":false},"excerpt":{"rendered":"<p>La Unitat de Cribratge del C\u00e0ncer (UCC) est\u00e0 formada per un equip multidisciplinari de m\u00e9s de 25 professionals dedicats principalment a la implementaci\u00f3, gesti\u00f3 i avaluaci\u00f3 de programes de cribratge de base poblacional. Aquesta tasca principal es compagina amb la recerca, formaci\u00f3 i doc\u00e8ncia. L\u2019objectiu principal dels programes de cribratge \u00e9s detectar tumors incipients amb [&hellip;]<\/p>\n","protected":false},"author":28,"featured_media":0,"parent":0,"menu_order":0,"comment_status":"closed","ping_status":"closed","template":"","meta":{"_uag_custom_page_level_css":"","site-sidebar-layout":"default","site-content-layout":"","ast-site-content-layout":"default","site-content-style":"default","site-sidebar-style":"default","ast-global-header-display":"","ast-banner-title-visibility":"","ast-main-header-display":"","ast-hfb-above-header-display":"","ast-hfb-below-header-display":"","ast-hfb-mobile-header-display":"","site-post-title":"disabled","ast-breadcrumbs-content":"","ast-featured-img":"","footer-sml-layout":"","ast-disable-related-posts":"","theme-transparent-header-meta":"","adv-header-id-meta":"","stick-header-meta":"","header-above-stick-meta":"","header-main-stick-meta":"","header-below-stick-meta":"","astra-migrate-meta-layouts":"set","ast-page-background-enabled":"default","ast-page-background-meta":{"desktop":{"background-color":"var(--ast-global-color-4)","background-image":"","background-repeat":"repeat","background-position":"center center","background-size":"auto","background-attachment":"scroll","background-type":"","background-media":"","overlay-type":"","overlay-color":"","overlay-opacity":"","overlay-gradient":""},"tablet":{"background-color":"","background-image":"","background-repeat":"repeat","background-position":"center center","background-size":"auto","background-attachment":"scroll","background-type":"","background-media":"","overlay-type":"","overlay-color":"","overlay-opacity":"","overlay-gradient":""},"mobile":{"background-color":"","background-image":"","background-repeat":"repeat","background-position":"center center","background-size":"auto","background-attachment":"scroll","background-type":"","background-media":"","overlay-type":"","overlay-color":"","overlay-opacity":"","overlay-gradient":""}},"ast-content-background-meta":{"desktop":{"background-color":"var(--ast-global-color-5)","background-image":"","background-repeat":"repeat","background-position":"center center","background-size":"auto","background-attachment":"scroll","background-type":"","background-media":"","overlay-type":"","overlay-color":"","overlay-opacity":"","overlay-gradient":""},"tablet":{"background-color":"var(--ast-global-color-5)","background-image":"","background-repeat":"repeat","background-position":"center center","background-size":"auto","background-attachment":"scroll","background-type":"","background-media":"","overlay-type":"","overlay-color":"","overlay-opacity":"","overlay-gradient":""},"mobile":{"background-color":"var(--ast-global-color-5)","background-image":"","background-repeat":"repeat","background-position":"center center","background-size":"auto","background-attachment":"scroll","background-type":"","background-media":"","overlay-type":"","overlay-color":"","overlay-opacity":"","overlay-gradient":""}},"_vp_format_video_url":"","_vp_image_focal_point":[],"footnotes":""},"class_list":["post-7319","page","type-page","status-publish","hentry"],"uagb_featured_image_src":{"full":false,"thumbnail":false,"medium":false,"medium_large":false,"large":false,"1536x1536":false,"2048x2048":false,"vp_sm":false,"vp_md":false,"vp_lg":false,"vp_xl":false,"vp_sm_popup":false,"vp_md_popup":false,"vp_xl_popup":false},"uagb_author_info":{"display_name":"clara","author_link":"https:\/\/icoprevencio.cat\/uc\/author\/clara\/"},"uagb_comment_info":0,"uagb_excerpt":"La Unitat de Cribratge del C\u00e0ncer (UCC) est\u00e0 formada per un equip multidisciplinari de m\u00e9s de 25 professionals dedicats principalment a la implementaci\u00f3, gesti\u00f3 i avaluaci\u00f3 de programes de cribratge de base poblacional. Aquesta tasca principal es compagina amb la recerca, formaci\u00f3 i doc\u00e8ncia. L\u2019objectiu principal dels programes de cribratge \u00e9s detectar tumors incipients amb&hellip;","_links":{"self":[{"href":"https:\/\/icoprevencio.cat\/uc\/wp-json\/wp\/v2\/pages\/7319","targetHints":{"allow":["GET"]}}],"collection":[{"href":"https:\/\/icoprevencio.cat\/uc\/wp-json\/wp\/v2\/pages"}],"about":[{"href":"https:\/\/icoprevencio.cat\/uc\/wp-json\/wp\/v2\/types\/page"}],"author":[{"embeddable":true,"href":"https:\/\/icoprevencio.cat\/uc\/wp-json\/wp\/v2\/users\/28"}],"replies":[{"embeddable":true,"href":"https:\/\/icoprevencio.cat\/uc\/wp-json\/wp\/v2\/comments?post=7319"}],"version-history":[{"count":19,"href":"https:\/\/icoprevencio.cat\/uc\/wp-json\/wp\/v2\/pages\/7319\/revisions"}],"predecessor-version":[{"id":8078,"href":"https:\/\/icoprevencio.cat\/uc\/wp-json\/wp\/v2\/pages\/7319\/revisions\/8078"}],"wp:attachment":[{"href":"https:\/\/icoprevencio.cat\/uc\/wp-json\/wp\/v2\/media?parent=7319"}],"curies":[{"name":"wp","href":"https:\/\/api.w.org\/{rel}","templated":true}]}}