{"id":13441,"date":"2025-07-15T12:59:58","date_gmt":"2025-07-15T11:59:58","guid":{"rendered":"https:\/\/icoprevencio.cat\/uct\/uct-in-the-media\/"},"modified":"2025-07-15T13:00:02","modified_gmt":"2025-07-15T12:00:02","slug":"uct-in-the-media","status":"publish","type":"page","link":"https:\/\/icoprevencio.cat\/uct\/en\/uct-in-the-media\/","title":{"rendered":"UCT IN THE MEDIA"},"content":{"rendered":"\n<div class=\"wp-block-uagb-container uagb-block-709c37ea alignfull uagb-is-root-container\"><div class=\"uagb-container-inner-blocks-wrap\">\n<div class=\"wp-block-uagb-info-box uagb-block-353171f0 uagb-infobox__content-wrap  uagb-infobox-icon-above-title uagb-infobox-image-valign-top wp-block-uagb-info-box--has-margin\"><div class=\"uagb-infobox-margin-wrapper\"><div class=\"uagb-ifb-content\"><div class=\"uagb-ifb-title-wrap\"><h2 class=\"uagb-ifb-title\"><strong><strong><strong>The UCT in the media<\/strong><\/strong><\/strong><\/h2><\/div><\/div><\/div><\/div>\n<\/div><\/div>\n\n<div style=\"height:94px\" aria-hidden=\"true\" class=\"wp-block-spacer\"><\/div>\n\n\t\t\t<div class=\"wp-block-uagb-post-grid uagb-post-grid  uagb-post__image-position-top uagb-post__image-enabled uagb-block-1d7cccd7     uagb-post__items uagb-post__columns-3 is-grid uagb-post__columns-tablet-2 uagb-post__columns-mobile-1 uagb-post__equal-height\" data-total=\"5\" style=\"\">\n\n\t\t\t\t\t\t\t\t\t\t\t\t<article class=\"uagb-post__inner-wrap\">\t\t\t\t\t\t\t\t<div class='uagb-post__image'>\n\t\t\t\t\t\t\t\t\t<a href=\"https:\/\/icoprevencio.cat\/uct\/en\/radio-estel-isabel-barroso-presenta-el-projecte-llars-sense-fum\/\" target=\"_self\" rel=\"bookmark noopener noreferrer\" class='uagb-image-ratio-inherit'><img loading=\"lazy\" decoding=\"async\" width=\"1024\" height=\"576\" src=\"https:\/\/icoprevencio.cat\/uct\/wp-content\/uploads\/sites\/10\/2026\/02\/Captura-de-pantalla-2026-02-05-092017-1024x576.jpg\" class=\"attachment-large size-large\" alt=\"\" srcset=\"https:\/\/icoprevencio.cat\/uct\/wp-content\/uploads\/sites\/10\/2026\/02\/Captura-de-pantalla-2026-02-05-092017-1024x576.jpg 1024w, https:\/\/icoprevencio.cat\/uct\/wp-content\/uploads\/sites\/10\/2026\/02\/Captura-de-pantalla-2026-02-05-092017-300x169.jpg 300w, https:\/\/icoprevencio.cat\/uct\/wp-content\/uploads\/sites\/10\/2026\/02\/Captura-de-pantalla-2026-02-05-092017-768x432.jpg 768w, https:\/\/icoprevencio.cat\/uct\/wp-content\/uploads\/sites\/10\/2026\/02\/Captura-de-pantalla-2026-02-05-092017-500x281.jpg 500w, https:\/\/icoprevencio.cat\/uct\/wp-content\/uploads\/sites\/10\/2026\/02\/Captura-de-pantalla-2026-02-05-092017-800x450.jpg 800w, https:\/\/icoprevencio.cat\/uct\/wp-content\/uploads\/sites\/10\/2026\/02\/Captura-de-pantalla-2026-02-05-092017.jpg 1214w\" sizes=\"auto, (max-width: 1024px) 100vw, 1024px\" \/>\t\t\t\t\t<\/a>\n\t\t\t\t\t\t\t<\/div>\n\t\t\t\t\t\t<h4 class=\"uagb-post__title uagb-post__text\">\n\t\t\t\t<a href=\"https:\/\/icoprevencio.cat\/uct\/en\/radio-estel-isabel-barroso-presenta-el-projecte-llars-sense-fum\/\" target=\"_self\" rel=\"bookmark noopener noreferrer\">R\u00c0DIO ESTEL | Isabel Barroso presenta el projecte &#8216;Llars Sense Fum&#8217;<\/a>\n\t\t\t<\/h4>\n\t\t\t\t\t\t<div class='uagb-post__text uagb-post-grid-byline'>\n\t\t\t\t\t\t\t<\/div>\n\t\t\t\t\t\t<div class=\"uagb-post__text uagb-post__cta wp-block-button\">\n\t\t\t\t<a class=\"wp-block-button__link uagb-text-link\" style=\"\" href=\"https:\/\/icoprevencio.cat\/uct\/en\/radio-estel-isabel-barroso-presenta-el-projecte-llars-sense-fum\/\" target=\"_self\" rel=\"bookmark noopener noreferrer\">Go to the news<\/a>\n\t\t\t<\/div>\n\t\t\t\n\t\t\t\t\t\t\t\t\t<\/article>\n\t\t\t\t\t\t\t\t\t\t\t\t\t\t\t\t<article class=\"uagb-post__inner-wrap\">\t\t\t\t\t\t\t\t<div class='uagb-post__image'>\n\t\t\t\t\t\t\t\t\t<a href=\"https:\/\/icoprevencio.cat\/uct\/en\/montse-fernandez-infermera-de-la-uct-a-la-marato-de-tv3\/\" target=\"_self\" rel=\"bookmark noopener noreferrer\" class='uagb-image-ratio-inherit'><img loading=\"lazy\" decoding=\"async\" width=\"1024\" height=\"576\" src=\"https:\/\/icoprevencio.cat\/uct\/wp-content\/uploads\/sites\/10\/2025\/12\/G8HaVQuWkAAx-Y0-1-1024x576.jpg\" class=\"attachment-large size-large\" alt=\"\" srcset=\"https:\/\/icoprevencio.cat\/uct\/wp-content\/uploads\/sites\/10\/2025\/12\/G8HaVQuWkAAx-Y0-1-1024x576.jpg 1024w, https:\/\/icoprevencio.cat\/uct\/wp-content\/uploads\/sites\/10\/2025\/12\/G8HaVQuWkAAx-Y0-1-300x169.jpg 300w, https:\/\/icoprevencio.cat\/uct\/wp-content\/uploads\/sites\/10\/2025\/12\/G8HaVQuWkAAx-Y0-1-768x432.jpg 768w, https:\/\/icoprevencio.cat\/uct\/wp-content\/uploads\/sites\/10\/2025\/12\/G8HaVQuWkAAx-Y0-1-1536x864.jpg 1536w, https:\/\/icoprevencio.cat\/uct\/wp-content\/uploads\/sites\/10\/2025\/12\/G8HaVQuWkAAx-Y0-1-500x281.jpg 500w, https:\/\/icoprevencio.cat\/uct\/wp-content\/uploads\/sites\/10\/2025\/12\/G8HaVQuWkAAx-Y0-1-800x450.jpg 800w, https:\/\/icoprevencio.cat\/uct\/wp-content\/uploads\/sites\/10\/2025\/12\/G8HaVQuWkAAx-Y0-1-1280x720.jpg 1280w, https:\/\/icoprevencio.cat\/uct\/wp-content\/uploads\/sites\/10\/2025\/12\/G8HaVQuWkAAx-Y0-1-1920x1080.jpg 1920w, https:\/\/icoprevencio.cat\/uct\/wp-content\/uploads\/sites\/10\/2025\/12\/G8HaVQuWkAAx-Y0-1.jpg 2006w\" sizes=\"auto, (max-width: 1024px) 100vw, 1024px\" \/>\t\t\t\t\t<\/a>\n\t\t\t\t\t\t\t<\/div>\n\t\t\t\t\t\t<h4 class=\"uagb-post__title uagb-post__text\">\n\t\t\t\t<a href=\"https:\/\/icoprevencio.cat\/uct\/en\/montse-fernandez-infermera-de-la-uct-a-la-marato-de-tv3\/\" target=\"_self\" rel=\"bookmark noopener noreferrer\">3CAT | Montse Fern\u00e1ndez, infermera de la UCT, a la Marat\u00f3 de 3Cat<\/a>\n\t\t\t<\/h4>\n\t\t\t\t\t\t<div class='uagb-post__text uagb-post-grid-byline'>\n\t\t\t\t\t\t\t<\/div>\n\t\t\t\t\t\t<div class=\"uagb-post__text uagb-post__cta wp-block-button\">\n\t\t\t\t<a class=\"wp-block-button__link uagb-text-link\" style=\"\" href=\"https:\/\/icoprevencio.cat\/uct\/en\/montse-fernandez-infermera-de-la-uct-a-la-marato-de-tv3\/\" target=\"_self\" rel=\"bookmark noopener noreferrer\">Go to the news<\/a>\n\t\t\t<\/div>\n\t\t\t\n\t\t\t\t\t\t\t\t\t<\/article>\n\t\t\t\t\t\t\t\t\t\t\t\t\t\t\t\t<article class=\"uagb-post__inner-wrap\">\t\t\t\t\t\t\t\t<div class='uagb-post__image'>\n\t\t\t\t\t\t\t\t\t<a href=\"https:\/\/icoprevencio.cat\/uct\/en\/nacio-digital-la-nova-llei-antitabac-avanca-entre-bastidors-que-pot-implicar-i-a-qui-pot-afectar\/\" target=\"_self\" rel=\"bookmark noopener noreferrer\" class='uagb-image-ratio-inherit'><img loading=\"lazy\" decoding=\"async\" width=\"1024\" height=\"576\" src=\"https:\/\/icoprevencio.cat\/uct\/wp-content\/uploads\/sites\/10\/2025\/09\/TOBACCO-1024x576.jpg\" class=\"attachment-large size-large\" alt=\"\" srcset=\"https:\/\/icoprevencio.cat\/uct\/wp-content\/uploads\/sites\/10\/2025\/09\/TOBACCO-1024x576.jpg 1024w, https:\/\/icoprevencio.cat\/uct\/wp-content\/uploads\/sites\/10\/2025\/09\/TOBACCO-300x169.jpg 300w, https:\/\/icoprevencio.cat\/uct\/wp-content\/uploads\/sites\/10\/2025\/09\/TOBACCO-768x432.jpg 768w, https:\/\/icoprevencio.cat\/uct\/wp-content\/uploads\/sites\/10\/2025\/09\/TOBACCO-1536x864.jpg 1536w, https:\/\/icoprevencio.cat\/uct\/wp-content\/uploads\/sites\/10\/2025\/09\/TOBACCO-500x281.jpg 500w, https:\/\/icoprevencio.cat\/uct\/wp-content\/uploads\/sites\/10\/2025\/09\/TOBACCO-800x450.jpg 800w, https:\/\/icoprevencio.cat\/uct\/wp-content\/uploads\/sites\/10\/2025\/09\/TOBACCO-1280x720.jpg 1280w, https:\/\/icoprevencio.cat\/uct\/wp-content\/uploads\/sites\/10\/2025\/09\/TOBACCO.jpg 1920w\" sizes=\"auto, (max-width: 1024px) 100vw, 1024px\" \/>\t\t\t\t\t<\/a>\n\t\t\t\t\t\t\t<\/div>\n\t\t\t\t\t\t<h4 class=\"uagb-post__title uagb-post__text\">\n\t\t\t\t<a href=\"https:\/\/icoprevencio.cat\/uct\/en\/nacio-digital-la-nova-llei-antitabac-avanca-entre-bastidors-que-pot-implicar-i-a-qui-pot-afectar\/\" target=\"_self\" rel=\"bookmark noopener noreferrer\">NACI\u00d3 DIGITAL | La nova llei antitabac avan\u00e7a entre bastidors: qu\u00e8 pot implicar i a qui pot afectar?<\/a>\n\t\t\t<\/h4>\n\t\t\t\t\t\t<div class='uagb-post__text uagb-post-grid-byline'>\n\t\t\t\t\t\t\t<\/div>\n\t\t\t\t\t\t<div class=\"uagb-post__text uagb-post__cta wp-block-button\">\n\t\t\t\t<a class=\"wp-block-button__link uagb-text-link\" style=\"\" href=\"https:\/\/icoprevencio.cat\/uct\/en\/nacio-digital-la-nova-llei-antitabac-avanca-entre-bastidors-que-pot-implicar-i-a-qui-pot-afectar\/\" target=\"_self\" rel=\"bookmark noopener noreferrer\">Go to the news<\/a>\n\t\t\t<\/div>\n\t\t\t\n\t\t\t\t\t\t\t\t\t<\/article>\n\t\t\t\t\t\t\t\t\t\t\t\t\t\t\t\t<article class=\"uagb-post__inner-wrap\">\t\t\t\t\t\t\t\t<div class='uagb-post__image'>\n\t\t\t\t\t\t\t\t\t<a href=\"https:\/\/icoprevencio.cat\/uct\/en\/lhdigital-la-prohibicio-de-fumar-a-terrasses-de-bars-a-debat\/\" target=\"_self\" rel=\"bookmark noopener noreferrer\" class='uagb-image-ratio-inherit'><img loading=\"lazy\" decoding=\"async\" width=\"1024\" height=\"576\" src=\"https:\/\/icoprevencio.cat\/uct\/wp-content\/uploads\/sites\/10\/2025\/09\/Captura-6-1024x576.jpg\" class=\"attachment-large size-large\" alt=\"\" srcset=\"https:\/\/icoprevencio.cat\/uct\/wp-content\/uploads\/sites\/10\/2025\/09\/Captura-6-1024x576.jpg 1024w, https:\/\/icoprevencio.cat\/uct\/wp-content\/uploads\/sites\/10\/2025\/09\/Captura-6-300x169.jpg 300w, https:\/\/icoprevencio.cat\/uct\/wp-content\/uploads\/sites\/10\/2025\/09\/Captura-6-768x432.jpg 768w, https:\/\/icoprevencio.cat\/uct\/wp-content\/uploads\/sites\/10\/2025\/09\/Captura-6-1536x864.jpg 1536w, https:\/\/icoprevencio.cat\/uct\/wp-content\/uploads\/sites\/10\/2025\/09\/Captura-6-500x281.jpg 500w, https:\/\/icoprevencio.cat\/uct\/wp-content\/uploads\/sites\/10\/2025\/09\/Captura-6-800x450.jpg 800w, https:\/\/icoprevencio.cat\/uct\/wp-content\/uploads\/sites\/10\/2025\/09\/Captura-6-1280x720.jpg 1280w, https:\/\/icoprevencio.cat\/uct\/wp-content\/uploads\/sites\/10\/2025\/09\/Captura-6.jpg 1711w\" sizes=\"auto, (max-width: 1024px) 100vw, 1024px\" \/>\t\t\t\t\t<\/a>\n\t\t\t\t\t\t\t<\/div>\n\t\t\t\t\t\t<h4 class=\"uagb-post__title uagb-post__text\">\n\t\t\t\t<a href=\"https:\/\/icoprevencio.cat\/uct\/en\/lhdigital-la-prohibicio-de-fumar-a-terrasses-de-bars-a-debat\/\" target=\"_self\" rel=\"bookmark noopener noreferrer\">L&#8217;HDIGITAL | La prohibici\u00f3 de fumar a terrasses de bars, a debat<\/a>\n\t\t\t<\/h4>\n\t\t\t\t\t\t<div class='uagb-post__text uagb-post-grid-byline'>\n\t\t\t\t\t\t\t<\/div>\n\t\t\t\t\t\t<div class=\"uagb-post__text uagb-post__cta wp-block-button\">\n\t\t\t\t<a class=\"wp-block-button__link uagb-text-link\" style=\"\" href=\"https:\/\/icoprevencio.cat\/uct\/en\/lhdigital-la-prohibicio-de-fumar-a-terrasses-de-bars-a-debat\/\" target=\"_self\" rel=\"bookmark noopener noreferrer\">Go to the news<\/a>\n\t\t\t<\/div>\n\t\t\t\n\t\t\t\t\t\t\t\t\t<\/article>\n\t\t\t\t\t\t\t\t\t\t\t\t\t\t\t\t<article class=\"uagb-post__inner-wrap\">\t\t\t\t\t\t\t\t<div class='uagb-post__image'>\n\t\t\t\t\t\t\t\t\t<a href=\"https:\/\/icoprevencio.cat\/uct\/en\/onda-cero-statements-by-dr-montse-ballbe-on-the-new-anti-smoking-law\/\" target=\"_self\" rel=\"bookmark noopener noreferrer\" class='uagb-image-ratio-inherit'><img loading=\"lazy\" decoding=\"async\" width=\"750\" height=\"422\" src=\"https:\/\/icoprevencio.cat\/uct\/wp-content\/uploads\/sites\/10\/2024\/07\/Montse-1-1.jpg\" class=\"attachment-large size-large\" alt=\"\" srcset=\"https:\/\/icoprevencio.cat\/uct\/wp-content\/uploads\/sites\/10\/2024\/07\/Montse-1-1.jpg 750w, https:\/\/icoprevencio.cat\/uct\/wp-content\/uploads\/sites\/10\/2024\/07\/Montse-1-1-300x169.jpg 300w, https:\/\/icoprevencio.cat\/uct\/wp-content\/uploads\/sites\/10\/2024\/07\/Montse-1-1-500x281.jpg 500w\" sizes=\"auto, (max-width: 750px) 100vw, 750px\" \/>\t\t\t\t\t<\/a>\n\t\t\t\t\t\t\t<\/div>\n\t\t\t\t\t\t<h4 class=\"uagb-post__title uagb-post__text\">\n\t\t\t\t<a href=\"https:\/\/icoprevencio.cat\/uct\/en\/onda-cero-statements-by-dr-montse-ballbe-on-the-new-anti-smoking-law\/\" target=\"_self\" rel=\"bookmark noopener noreferrer\">ONDA CERO | Statements by Dr. Montse Ballb\u00e9 on the new anti-smoking law<\/a>\n\t\t\t<\/h4>\n\t\t\t\t\t\t<div class='uagb-post__text uagb-post-grid-byline'>\n\t\t\t\t\t\t\t<\/div>\n\t\t\t\t\t\t<div class=\"uagb-post__text uagb-post__cta wp-block-button\">\n\t\t\t\t<a class=\"wp-block-button__link uagb-text-link\" style=\"\" href=\"https:\/\/icoprevencio.cat\/uct\/en\/onda-cero-statements-by-dr-montse-ballbe-on-the-new-anti-smoking-law\/\" target=\"_self\" rel=\"bookmark noopener noreferrer\">Go to the news<\/a>\n\t\t\t<\/div>\n\t\t\t\n\t\t\t\t\t\t\t\t\t<\/article>\n\t\t\t\t\t\t\t\t\t\t\t\t\t\t\t\t<article class=\"uagb-post__inner-wrap\">\t\t\t\t\t\t\t\t<div class='uagb-post__image'>\n\t\t\t\t\t\t\t\t\t<a href=\"https:\/\/icoprevencio.cat\/uct\/en\/everything-is-moving-new-anti-smoking-law-goodbye-to-smoking-on-terraces\/\" target=\"_self\" rel=\"bookmark noopener noreferrer\" class='uagb-image-ratio-inherit'><img loading=\"lazy\" decoding=\"async\" width=\"1024\" height=\"576\" src=\"https:\/\/icoprevencio.cat\/uct\/wp-content\/uploads\/sites\/10\/2025\/09\/Captura-5-1024x576.jpg\" class=\"attachment-large size-large\" alt=\"\" srcset=\"https:\/\/icoprevencio.cat\/uct\/wp-content\/uploads\/sites\/10\/2025\/09\/Captura-5-1024x576.jpg 1024w, https:\/\/icoprevencio.cat\/uct\/wp-content\/uploads\/sites\/10\/2025\/09\/Captura-5-300x169.jpg 300w, https:\/\/icoprevencio.cat\/uct\/wp-content\/uploads\/sites\/10\/2025\/09\/Captura-5-768x432.jpg 768w, https:\/\/icoprevencio.cat\/uct\/wp-content\/uploads\/sites\/10\/2025\/09\/Captura-5-500x281.jpg 500w, https:\/\/icoprevencio.cat\/uct\/wp-content\/uploads\/sites\/10\/2025\/09\/Captura-5-800x450.jpg 800w, https:\/\/icoprevencio.cat\/uct\/wp-content\/uploads\/sites\/10\/2025\/09\/Captura-5.jpg 1169w\" sizes=\"auto, (max-width: 1024px) 100vw, 1024px\" \/>\t\t\t\t\t<\/a>\n\t\t\t\t\t\t\t<\/div>\n\t\t\t\t\t\t<h4 class=\"uagb-post__title uagb-post__text\">\n\t\t\t\t<a href=\"https:\/\/icoprevencio.cat\/uct\/en\/everything-is-moving-new-anti-smoking-law-goodbye-to-smoking-on-terraces\/\" target=\"_self\" rel=\"bookmark noopener noreferrer\">TOT ES MOU | New anti-smoking law: goodbye to smoking on terraces<\/a>\n\t\t\t<\/h4>\n\t\t\t\t\t\t<div class='uagb-post__text uagb-post-grid-byline'>\n\t\t\t\t\t\t\t<\/div>\n\t\t\t\t\t\t<div class=\"uagb-post__text uagb-post__cta wp-block-button\">\n\t\t\t\t<a class=\"wp-block-button__link uagb-text-link\" style=\"\" href=\"https:\/\/icoprevencio.cat\/uct\/en\/everything-is-moving-new-anti-smoking-law-goodbye-to-smoking-on-terraces\/\" target=\"_self\" rel=\"bookmark noopener noreferrer\">Go to the news<\/a>\n\t\t\t<\/div>\n\t\t\t\n\t\t\t\t\t\t\t\t\t<\/article>\n\t\t\t\t\t\t\t\t\t\t\t\t\t<div class=\"uagb-post-pagination-wrap\">\n\t\t\t\t\t\t<span aria-current=\"page\" class=\"page-numbers current\">1<\/span>\n<a class=\"page-numbers\" href=\"https:\/\/icoprevencio.cat\/uct\/en\/wp-json\/wp\/v2\/pages\/13441\/page\/2\/\">2<\/a>\n<a class=\"page-numbers\" href=\"https:\/\/icoprevencio.cat\/uct\/en\/wp-json\/wp\/v2\/pages\/13441\/page\/3\/\">3<\/a>\n<a class=\"page-numbers\" href=\"https:\/\/icoprevencio.cat\/uct\/en\/wp-json\/wp\/v2\/pages\/13441\/page\/4\/\">4<\/a>\n<a class=\"page-numbers\" href=\"https:\/\/icoprevencio.cat\/uct\/en\/wp-json\/wp\/v2\/pages\/13441\/page\/5\/\">5<\/a>\n<a class=\"next page-numbers\" href=\"https:\/\/icoprevencio.cat\/uct\/en\/wp-json\/wp\/v2\/pages\/13441\/page\/2\/\">Next \u00bb<\/a>\t\t\t\t\t<\/div>\n\t\t\t\t\t\t\t\t<\/div>\n\t\t\t\n<div style=\"height:94px\" aria-hidden=\"true\" class=\"wp-block-spacer\"><\/div>\n","protected":false},"excerpt":{"rendered":"","protected":false},"author":28,"featured_media":0,"parent":0,"menu_order":0,"comment_status":"closed","ping_status":"closed","template":"","meta":{"_uag_custom_page_level_css":"","site-sidebar-layout":"default","site-content-layout":"","ast-site-content-layout":"default","site-content-style":"default","site-sidebar-style":"default","ast-global-header-display":"","ast-banner-title-visibility":"","ast-main-header-display":"","ast-hfb-above-header-display":"","ast-hfb-below-header-display":"","ast-hfb-mobile-header-display":"","site-post-title":"disabled","ast-breadcrumbs-content":"","ast-featured-img":"","footer-sml-layout":"","ast-disable-related-posts":"","theme-transparent-header-meta":"","adv-header-id-meta":"","stick-header-meta":"","header-above-stick-meta":"","header-main-stick-meta":"","header-below-stick-meta":"","astra-migrate-meta-layouts":"default","ast-page-background-enabled":"default","ast-page-background-meta":{"desktop":{"background-color":"var(--ast-global-color-4)","background-image":"","background-repeat":"repeat","background-position":"center center","background-size":"auto","background-attachment":"scroll","background-type":"","background-media":"","overlay-type":"","overlay-color":"","overlay-opacity":"","overlay-gradient":""},"tablet":{"background-color":"","background-image":"","background-repeat":"repeat","background-position":"center center","background-size":"auto","background-attachment":"scroll","background-type":"","background-media":"","overlay-type":"","overlay-color":"","overlay-opacity":"","overlay-gradient":""},"mobile":{"background-color":"","background-image":"","background-repeat":"repeat","background-position":"center center","background-size":"auto","background-attachment":"scroll","background-type":"","background-media":"","overlay-type":"","overlay-color":"","overlay-opacity":"","overlay-gradient":""}},"ast-content-background-meta":{"desktop":{"background-color":"var(--ast-global-color-5)","background-image":"","background-repeat":"repeat","background-position":"center center","background-size":"auto","background-attachment":"scroll","background-type":"","background-media":"","overlay-type":"","overlay-color":"","overlay-opacity":"","overlay-gradient":""},"tablet":{"background-color":"var(--ast-global-color-5)","background-image":"","background-repeat":"repeat","background-position":"center center","background-size":"auto","background-attachment":"scroll","background-type":"","background-media":"","overlay-type":"","overlay-color":"","overlay-opacity":"","overlay-gradient":""},"mobile":{"background-color":"var(--ast-global-color-5)","background-image":"","background-repeat":"repeat","background-position":"center center","background-size":"auto","background-attachment":"scroll","background-type":"","background-media":"","overlay-type":"","overlay-color":"","overlay-opacity":"","overlay-gradient":""}},"_vp_format_video_url":"","_vp_image_focal_point":[],"footnotes":""},"class_list":["post-13441","page","type-page","status-publish","hentry"],"uagb_featured_image_src":{"full":false,"thumbnail":false,"medium":false,"medium_large":false,"large":false,"1536x1536":false,"2048x2048":false,"vp_sm":false,"vp_md":false,"vp_lg":false,"vp_xl":false,"vp_sm_popup":false,"vp_md_popup":false,"vp_xl_popup":false},"uagb_author_info":{"display_name":"clara","author_link":"https:\/\/icoprevencio.cat\/uct\/en\/author\/clara\/"},"uagb_comment_info":0,"uagb_excerpt":null,"_links":{"self":[{"href":"https:\/\/icoprevencio.cat\/uct\/en\/wp-json\/wp\/v2\/pages\/13441","targetHints":{"allow":["GET"]}}],"collection":[{"href":"https:\/\/icoprevencio.cat\/uct\/en\/wp-json\/wp\/v2\/pages"}],"about":[{"href":"https:\/\/icoprevencio.cat\/uct\/en\/wp-json\/wp\/v2\/types\/page"}],"author":[{"embeddable":true,"href":"https:\/\/icoprevencio.cat\/uct\/en\/wp-json\/wp\/v2\/users\/28"}],"replies":[{"embeddable":true,"href":"https:\/\/icoprevencio.cat\/uct\/en\/wp-json\/wp\/v2\/comments?post=13441"}],"version-history":[{"count":2,"href":"https:\/\/icoprevencio.cat\/uct\/en\/wp-json\/wp\/v2\/pages\/13441\/revisions"}],"predecessor-version":[{"id":13443,"href":"https:\/\/icoprevencio.cat\/uct\/en\/wp-json\/wp\/v2\/pages\/13441\/revisions\/13443"}],"wp:attachment":[{"href":"https:\/\/icoprevencio.cat\/uct\/en\/wp-json\/wp\/v2\/media?parent=13441"}],"curies":[{"name":"wp","href":"https:\/\/api.w.org\/{rel}","templated":true}]}}