{"id":13519,"date":"2025-07-15T13:48:27","date_gmt":"2025-07-15T12:48:27","guid":{"rendered":"https:\/\/icoprevencio.cat\/uct\/aecc-catalonia-against-cancer\/"},"modified":"2025-07-18T08:33:00","modified_gmt":"2025-07-18T07:33:00","slug":"aecc-catalonia-against-cancer","status":"publish","type":"page","link":"https:\/\/icoprevencio.cat\/uct\/en\/aecc-catalonia-against-cancer\/","title":{"rendered":"AECC Catalonia against cancer"},"content":{"rendered":"\n<div class=\"wp-block-uagb-container uagb-block-709c37ea alignfull uagb-is-root-container\"><div class=\"uagb-container-inner-blocks-wrap\">\n<div class=\"wp-block-uagb-info-box uagb-block-353171f0 uagb-infobox__content-wrap  uagb-infobox-icon-above-title uagb-infobox-image-valign-top wp-block-uagb-info-box--has-margin\"><div class=\"uagb-infobox-margin-wrapper\"><div class=\"uagb-ifb-content\"><div class=\"uagb-ifb-title-wrap\"><h2 class=\"uagb-ifb-title\"><strong>Previous projects<\/strong><\/h2><\/div><\/div><\/div><\/div>\n<\/div><\/div>\n\n<div style=\"height:60px\" aria-hidden=\"true\" class=\"wp-block-spacer\"><\/div>\n\n<div class=\"wp-block-uagb-image uagb-block-71d5725e wp-block-uagb-image--layout-default wp-block-uagb-image--effect-static wp-block-uagb-image--align-none\"><figure class=\"wp-block-uagb-image__figure\"><img decoding=\"async\" src=\"https:\/\/icoprevencio.cat\/uct\/wp-content\/uploads\/sites\/10\/2024\/12\/AECC_logo-e1570087067939.jpg\" alt=\"\" class=\"uag-image-12108\" width=\"391\" height=\"92\" title=\"AECC_logo-e1570087067939\" loading=\"lazy\" role=\"img\"><\/figure><\/div>\n\n<div class=\"wp-block-uagb-info-box uagb-block-9271b190 uagb-infobox__content-wrap  uagb-infobox-icon-above-title uagb-infobox-image-valign-top wp-block-uagb-info-box--has-margin\"><div class=\"uagb-infobox-margin-wrapper\"><div class=\"uagb-ifb-content\"><div class=\"uagb-ifb-title-wrap\"><h3 class=\"uagb-ifb-title\">Cost-effectiveness and budgetary impact of three preventive strategies in lung cancer<\/h3><\/div><p class=\"uagb-ifb-desc\">The prevalence of smoking in Spain is decreasing; however, both the incidence and mortality from lung cancer are increasing alarmingly among women and the trend is expected to continue to increase if no intervention is made. In a general context of expenditure containment, health interventions must not only be evaluated in terms of impact on health or in economic terms, but also in terms of efficiency. <\/p><\/div><\/div><\/div>\n<div class=\"wp-block-uagb-faq uagb-faq__outer-wrap uagb-block-07d58159 uagb-faq-icon-row-reverse uagb-faq-layout-accordion uagb-faq-expand-first-false uagb-faq-inactive-other-true uagb-faq__wrap uagb-buttons-layout-wrap uagb-faq-equal-height     \" data-faqtoggle=\"true\" role=\"tablist\"><div class=\"wp-block-uagb-faq-child uagb-faq-child__outer-wrap uagb-faq-item uagb-block-24e60ec9 \" role=\"tab\" tabindex=\"0\"><div class=\"uagb-faq-questions-button uagb-faq-questions\">\t\t\t<span class=\"uagb-icon uagb-faq-icon-wrap\">\n\t\t\t\t\t\t\t\t<svg xmlns=\"https:\/\/www.w3.org\/2000\/svg\" viewBox= \"0 0 448 512\"><path d=\"M432 256c0 17.69-14.33 32.01-32 32.01H256v144c0 17.69-14.33 31.99-32 31.99s-32-14.3-32-31.99v-144H48c-17.67 0-32-14.32-32-32.01s14.33-31.99 32-31.99H192v-144c0-17.69 14.33-32.01 32-32.01s32 14.32 32 32.01v144h144C417.7 224 432 238.3 432 256z\"><\/path><\/svg>\n\t\t\t\t\t\t\t<\/span>\n\t\t\t\t\t\t<span class=\"uagb-icon-active uagb-faq-icon-wrap\">\n\t\t\t\t\t\t\t<\/span>\n\t\t\t<span class=\"uagb-question\"><strong>Objectives<\/strong><\/span><\/div><div class=\"uagb-faq-content\"><p>&#8211; Define and estimate the Spanish population at high risk of developing lung cancer.<br>&#8211; Determine the proportion of the population treated in Primary Care with a high risk of developing lung cancer.<br>&#8211; Conduct an economic evaluation comparing the implementation of three preventive strategies in lung cancer with a non-intervention scenario, from the perspective of the National Health System (NHS) and from a social perspective. A cost-utility analysis is contemplated to measure the health benefit as quality-adjusted life years gained, and a cost-effectiveness analysis to measure the health benefit as avoidable deaths from lung cancer. <br>&#8211; Analyze the budgetary impact of the implementation of three preventive strategies for lung cancer in the NHS.<br><\/p><\/div><\/div><div class=\"wp-block-uagb-faq-child uagb-faq-child__outer-wrap uagb-faq-item uagb-block-9be3fce9 \" role=\"tab\" tabindex=\"0\"><div class=\"uagb-faq-questions-button uagb-faq-questions\">\t\t\t<span class=\"uagb-icon uagb-faq-icon-wrap\">\n\t\t\t\t\t\t\t\t<svg xmlns=\"https:\/\/www.w3.org\/2000\/svg\" viewBox= \"0 0 448 512\"><path d=\"M432 256c0 17.69-14.33 32.01-32 32.01H256v144c0 17.69-14.33 31.99-32 31.99s-32-14.3-32-31.99v-144H48c-17.67 0-32-14.32-32-32.01s14.33-31.99 32-31.99H192v-144c0-17.69 14.33-32.01 32-32.01s32 14.32 32 32.01v144h144C417.7 224 432 238.3 432 256z\"><\/path><\/svg>\n\t\t\t\t\t\t\t<\/span>\n\t\t\t\t\t\t<span class=\"uagb-icon-active uagb-faq-icon-wrap\">\n\t\t\t\t\t\t\t<\/span>\n\t\t\t<span class=\"uagb-question\"><strong>Methodology:<\/strong><\/span><\/div><div class=\"uagb-faq-content\"><p>Objective 1: Data from the Spanish National Health Survey (ENSE) 2011-12 are used. The population at risk is described throughout the Spanish territory and stratified by sex and by autonomous community. <br><br>Objective 2: The electronic medical record of Primary Care is explored. The assigned population and the population served in the Barcelona Health Region are selected considering two age groups: 35-49 years (potentially at risk) and 50-75 years (high risk). The results are compared with the theoretical proportion obtained with the ENSE and confidence intervals of proportions are calculated to estimate statistically significant differences between both groups.  <br><br>Objective 3: A hypothetical cohort with the characteristics of the adult population at high risk of developing lung cancer and the population potentially at risk is studied using data from the ENSE 2011-12. Primary and secondary prevention interventions applied to high-risk and potentially at-risk population groups are combined: brief intervention to quit smoking, intensive treatment to quit smoking and organized screening. To determine the effectiveness of each of the interventions, a systematic review of the literature is carried out to obtain different percentages of cessation of consumption. The baseline scenario (no intervention) is compared with three preventive strategies, which combine primary and secondary prevention interventions applied to both population groups.   <br><br>Objective 4: The population at risk calculated from the ENSE 2011-12 is considered. Two scenarios are estimated and compared, the current scenario and new hypothetical scenarios derived from the introduction of the different strategies, considering different percentages of implementation of the interventions. <\/p><\/div><\/div><div class=\"wp-block-uagb-faq-child uagb-faq-child__outer-wrap uagb-faq-item uagb-block-076be222 \" role=\"tab\" tabindex=\"0\"><div class=\"uagb-faq-questions-button uagb-faq-questions\">\t\t\t<span class=\"uagb-icon uagb-faq-icon-wrap\">\n\t\t\t\t\t\t\t\t<svg xmlns=\"https:\/\/www.w3.org\/2000\/svg\" viewBox= \"0 0 448 512\"><path d=\"M432 256c0 17.69-14.33 32.01-32 32.01H256v144c0 17.69-14.33 31.99-32 31.99s-32-14.3-32-31.99v-144H48c-17.67 0-32-14.32-32-32.01s14.33-31.99 32-31.99H192v-144c0-17.69 14.33-32.01 32-32.01s32 14.32 32 32.01v144h144C417.7 224 432 238.3 432 256z\"><\/path><\/svg>\n\t\t\t\t\t\t\t<\/span>\n\t\t\t\t\t\t<span class=\"uagb-icon-active uagb-faq-icon-wrap\">\n\t\t\t\t\t\t\t<\/span>\n\t\t\t<span class=\"uagb-question\"><strong>Duration<\/strong><\/span><\/div><div class=\"uagb-faq-content\"><p>1 year, extended for 6 months (January 2017 to June 2018).<\/p><\/div><\/div><div class=\"wp-block-uagb-faq-child uagb-faq-child__outer-wrap uagb-faq-item uagb-block-f17a63bd \" role=\"tab\" tabindex=\"0\"><div class=\"uagb-faq-questions-button uagb-faq-questions\">\t\t\t<span class=\"uagb-icon uagb-faq-icon-wrap\">\n\t\t\t\t\t\t\t\t<svg xmlns=\"https:\/\/www.w3.org\/2000\/svg\" viewBox= \"0 0 448 512\"><path d=\"M432 256c0 17.69-14.33 32.01-32 32.01H256v144c0 17.69-14.33 31.99-32 31.99s-32-14.3-32-31.99v-144H48c-17.67 0-32-14.32-32-32.01s14.33-31.99 32-31.99H192v-144c0-17.69 14.33-32.01 32-32.01s32 14.32 32 32.01v144h144C417.7 224 432 238.3 432 256z\"><\/path><\/svg>\n\t\t\t\t\t\t\t<\/span>\n\t\t\t\t\t\t<span class=\"uagb-icon-active uagb-faq-icon-wrap\">\n\t\t\t\t\t\t\t<\/span>\n\t\t\t<span class=\"uagb-question\"><strong>Financing<\/strong><\/span><\/div><div class=\"uagb-faq-content\"><p>Grants for cancer research projects, Spanish Association Against Cancer (\u20ac35,000).<br><\/p><\/div><\/div><div class=\"wp-block-uagb-faq-child uagb-faq-child__outer-wrap uagb-faq-item uagb-block-43ba4076 \" role=\"tab\" tabindex=\"0\"><div class=\"uagb-faq-questions-button uagb-faq-questions\">\t\t\t<span class=\"uagb-icon uagb-faq-icon-wrap\">\n\t\t\t\t\t\t\t\t<svg xmlns=\"https:\/\/www.w3.org\/2000\/svg\" viewBox= \"0 0 448 512\"><path d=\"M432 256c0 17.69-14.33 32.01-32 32.01H256v144c0 17.69-14.33 31.99-32 31.99s-32-14.3-32-31.99v-144H48c-17.67 0-32-14.32-32-32.01s14.33-31.99 32-31.99H192v-144c0-17.69 14.33-32.01 32-32.01s32 14.32 32 32.01v144h144C417.7 224 432 238.3 432 256z\"><\/path><\/svg>\n\t\t\t\t\t\t\t<\/span>\n\t\t\t\t\t\t<span class=\"uagb-icon-active uagb-faq-icon-wrap\">\n\t\t\t\t\t\t\t<\/span>\n\t\t\t<span class=\"uagb-question\"><strong>Research team<\/strong><\/span><\/div><div class=\"uagb-faq-content\"><p>Lucia Benito (ICO-IDIBELL)<br> Gemma Binefa (ICO-IDIBELL)<br> Mercy Carles (URV)<br> Julieta Corral (ICO-IDIBELL)<br> Mireia D\u00edaz (ICO-IDIBELL)<br> Esteve Fern\u00e1ndez (ICO-IDIBELL)<br> Marcela Fu (IP, ICO-IDIBELL)<br> Montse Garc\u00eda (IP, ICO-IDIBELL)<br> Carlos Mart\u00edn (CAP Passeig de Sant Joan)<br> Amparo Romaguera (ICO)<br> Albert Santiago (ICO-IDIBELL)<br> Carmen Vidal (ICO-IDIBELL)<br> Montserrat Ru\u00e9 (IRB Lleida)<br> Marta Trapero-Bertran (UIC)<br><\/p><\/div><\/div><div class=\"wp-block-uagb-faq-child uagb-faq-child__outer-wrap uagb-faq-item uagb-block-faa63e9c \" role=\"tab\" tabindex=\"0\"><div class=\"uagb-faq-questions-button uagb-faq-questions\">\t\t\t<span class=\"uagb-icon uagb-faq-icon-wrap\">\n\t\t\t\t\t\t\t\t<svg xmlns=\"https:\/\/www.w3.org\/2000\/svg\" viewBox= \"0 0 448 512\"><path d=\"M432 256c0 17.69-14.33 32.01-32 32.01H256v144c0 17.69-14.33 31.99-32 31.99s-32-14.3-32-31.99v-144H48c-17.67 0-32-14.32-32-32.01s14.33-31.99 32-31.99H192v-144c0-17.69 14.33-32.01 32-32.01s32 14.32 32 32.01v144h144C417.7 224 432 238.3 432 256z\"><\/path><\/svg>\n\t\t\t\t\t\t\t<\/span>\n\t\t\t\t\t\t<span class=\"uagb-icon-active uagb-faq-icon-wrap\">\n\t\t\t\t\t\t\t<\/span>\n\t\t\t<span class=\"uagb-question\"><strong>Scientific publications<\/strong><\/span><\/div><div class=\"uagb-faq-content\"><p>1: Fu M, Travier N, Mart\u00edn-S\u00e1nchez JC, Mart\u00ednez-S\u00e1nchez JM, Vidal C, Garcia M; LUCAPREV research group. Identifying high-risk individuals for lung cancer screening: Going beyond NLST criteria. PLoS One. 2018;13(4):e0195441. doi: 10.1371\/journal.pone.0195441. PMID: 29621354; PMCID: PMC5886563.     <br><br>2: Travier N, Fu M, Romaguera A, Mart\u00edn-Cantera C, Fern\u00e1ndez E, Vidal C, Garcia M; LUCAPREV research group. 6-Year Risk of Developing Lung Cancer in Spain: Analysis by Autonomous Communities. Arch Bronchopneumol. 2021;57(8):521-7. doi: 10.1016\/j.arbres.2020.03.022. PMID: 32402549.     <br><br>3: Diaz M, Garcia M, Vidal C, Santiago A, Gnutti G, G\u00f3mez D, Trapero-Bertran M, Fu M; Lung Cancer Prevention LUCAPREV research group. Health and economic impact at a population level of both primary and secondary preventive lung cancer interventions: A model-based cost-effectiveness analysis. Lung Cancer. 2021;159:153-161. doi: 10.1016\/j.lungcan.2021.06.027. PMID: 34352591.     <br><br>Travier publication podcast: https:\/\/multimedia.elsevier.es\/PublicationsMultimediaV1\/item\/multimedia\/stream\/S0300289620301034:mmc1.mp3?idApp=UINPBA00003Z<\/p><\/div><\/div><div class=\"wp-block-uagb-faq-child uagb-faq-child__outer-wrap uagb-faq-item uagb-block-3dabbcd9 \" role=\"tab\" tabindex=\"0\"><div class=\"uagb-faq-questions-button uagb-faq-questions\">\t\t\t<span class=\"uagb-icon uagb-faq-icon-wrap\">\n\t\t\t\t\t\t\t\t<svg xmlns=\"https:\/\/www.w3.org\/2000\/svg\" viewBox= \"0 0 448 512\"><path d=\"M432 256c0 17.69-14.33 32.01-32 32.01H256v144c0 17.69-14.33 31.99-32 31.99s-32-14.3-32-31.99v-144H48c-17.67 0-32-14.32-32-32.01s14.33-31.99 32-31.99H192v-144c0-17.69 14.33-32.01 32-32.01s32 14.32 32 32.01v144h144C417.7 224 432 238.3 432 256z\"><\/path><\/svg>\n\t\t\t\t\t\t\t<\/span>\n\t\t\t\t\t\t<span class=\"uagb-icon-active uagb-faq-icon-wrap\">\n\t\t\t\t\t\t\t<\/span>\n\t\t\t<span class=\"uagb-question\"><strong><strong>Communications at conferences<\/strong><br><\/strong><\/span><\/div><div class=\"uagb-faq-content\"><p>Poster communication: Santiago A, Fu M, Vidal C, Trapero M, Garcia M, D\u00edaz M. Mathematical simulation model to evaluate lung cancer prevention strategies. MESIO UPC-UB R+D Conference, 9 May 2018. <br><br>Oral communication: Santiago-Bo\u00edl A, Fu M, Vidal C, Garcia M, D\u00edaz M. Cost-effectiveness analysis of lung cancer prevention strategies. XXXVIII Conference on Health Economics; Las Palmas de Gran Canaria, 20-22 June 2018. <br><br>Oral communication: Santiago-Bo\u00edl A, Fu M, Vidal C, Garcia M, D\u00edaz M. Cost-effectiveness analyzes of lung cancer prevention strategies. XXIX International Biometric Conference; Barcelona, 8-13 July 2018. <br><br>Oral communication: Vidal C, Fu M, Travier N, Garc\u00eda M. Lung cancer risk stratification in the Spanish population. Implications for prevention. XXXVI Annual Meeting of the Spanish Society of Epidemiology (SEE) and XIII Congress of the Portuguese Association of Epidemiology (APE), Lisbon, 11-14 September 2018.  <br><br>Poster communication Garcia M, Fu M, Travier N, Vidal C. Identifying high-risk individuals for lung cancer screening\u2013going beyond NELSON and NLST eligibility criteria. International Cancer Screening Network Conference, Rotterdam, 3-5 June 2019. <br><br>Oral communication: Garcia M, Vidal C, Santiago A, Fu M, Rue M, Carles-Lavila M, Trapero-Bertran M, D\u00edaz M, Lung Cancer Prevention research group. A cost-effectiveness analysis of lung cancer prevention strategies at population level combining smoking cessation interventions and early detection with low-dose computed tomography in Spain. International Cancer Screening Conference, Rotterdam, 3-5 June 2019.  <br><br>D\u00edaz M, Garc\u00eda M, Vidal C, Santiago A, Rue M, Carles-Lavila M, Trapero-Bertran M, Fu M, Grupo de trabajo LUCAPREV. Cost-effectiveness analysis of lung cancer preventive strategies in Spain. XXXVII Annual Meeting of the Spanish Society of Epidemiology (SEE), XIV Congress of the Portuguese Association of Epidemiology (APE) and XVIII Congress of the Spanish Society of Public Health and Health Administration (SESPAS), Oviedo, September 3-6, 2019.  <\/p><\/div><\/div><div class=\"wp-block-uagb-faq-child uagb-faq-child__outer-wrap uagb-faq-item uagb-block-363ff10c \" role=\"tab\" tabindex=\"0\"><div class=\"uagb-faq-questions-button uagb-faq-questions\">\t\t\t<span class=\"uagb-icon uagb-faq-icon-wrap\">\n\t\t\t\t\t\t\t\t<svg xmlns=\"https:\/\/www.w3.org\/2000\/svg\" viewBox= \"0 0 448 512\"><path d=\"M432 256c0 17.69-14.33 32.01-32 32.01H256v144c0 17.69-14.33 31.99-32 31.99s-32-14.3-32-31.99v-144H48c-17.67 0-32-14.32-32-32.01s14.33-31.99 32-31.99H192v-144c0-17.69 14.33-32.01 32-32.01s32 14.32 32 32.01v144h144C417.7 224 432 238.3 432 256z\"><\/path><\/svg>\n\t\t\t\t\t\t\t<\/span>\n\t\t\t\t\t\t<span class=\"uagb-icon-active uagb-faq-icon-wrap\">\n\t\t\t\t\t\t\t<\/span>\n\t\t\t<span class=\"uagb-question\"><strong><strong><strong>Master&#8217;s Thesis<\/strong><br><\/strong><\/strong><\/span><\/div><div class=\"uagb-faq-content\"><p>Title: Lung Cancer Model for Evaluating Cancer Control Interventions.<br> Student: Albert Santiago Bo\u00edl.<br> Director: Mireia D\u00edaz Sanchis.<br> Co-Director: Klaus Gerhard Langohr.<br> Program: Master of Science in Advanced Mathematics and Mathematical Engineering<br> Centre: Department of Statistics and Operational Research, UPC<br> Defense date: May 16, 2018.2019.<\/p><\/div><\/div><\/div>\n<div style=\"height:131px\" aria-hidden=\"true\" class=\"wp-block-spacer\"><\/div>\n\n<p><\/p>\n","protected":false},"excerpt":{"rendered":"","protected":false},"author":28,"featured_media":0,"parent":0,"menu_order":0,"comment_status":"closed","ping_status":"closed","template":"","meta":{"_uag_custom_page_level_css":"","site-sidebar-layout":"default","site-content-layout":"","ast-site-content-layout":"default","site-content-style":"default","site-sidebar-style":"default","ast-global-header-display":"","ast-banner-title-visibility":"","ast-main-header-display":"","ast-hfb-above-header-display":"","ast-hfb-below-header-display":"","ast-hfb-mobile-header-display":"","site-post-title":"disabled","ast-breadcrumbs-content":"","ast-featured-img":"","footer-sml-layout":"","ast-disable-related-posts":"","theme-transparent-header-meta":"","adv-header-id-meta":"","stick-header-meta":"","header-above-stick-meta":"","header-main-stick-meta":"","header-below-stick-meta":"","astra-migrate-meta-layouts":"default","ast-page-background-enabled":"default","ast-page-background-meta":{"desktop":{"background-color":"var(--ast-global-color-4)","background-image":"","background-repeat":"repeat","background-position":"center center","background-size":"auto","background-attachment":"scroll","background-type":"","background-media":"","overlay-type":"","overlay-color":"","overlay-opacity":"","overlay-gradient":""},"tablet":{"background-color":"","background-image":"","background-repeat":"repeat","background-position":"center center","background-size":"auto","background-attachment":"scroll","background-type":"","background-media":"","overlay-type":"","overlay-color":"","overlay-opacity":"","overlay-gradient":""},"mobile":{"background-color":"","background-image":"","background-repeat":"repeat","background-position":"center center","background-size":"auto","background-attachment":"scroll","background-type":"","background-media":"","overlay-type":"","overlay-color":"","overlay-opacity":"","overlay-gradient":""}},"ast-content-background-meta":{"desktop":{"background-color":"var(--ast-global-color-5)","background-image":"","background-repeat":"repeat","background-position":"center center","background-size":"auto","background-attachment":"scroll","background-type":"","background-media":"","overlay-type":"","overlay-color":"","overlay-opacity":"","overlay-gradient":""},"tablet":{"background-color":"var(--ast-global-color-5)","background-image":"","background-repeat":"repeat","background-position":"center center","background-size":"auto","background-attachment":"scroll","background-type":"","background-media":"","overlay-type":"","overlay-color":"","overlay-opacity":"","overlay-gradient":""},"mobile":{"background-color":"var(--ast-global-color-5)","background-image":"","background-repeat":"repeat","background-position":"center center","background-size":"auto","background-attachment":"scroll","background-type":"","background-media":"","overlay-type":"","overlay-color":"","overlay-opacity":"","overlay-gradient":""}},"_vp_format_video_url":"","_vp_image_focal_point":[],"footnotes":""},"class_list":["post-13519","page","type-page","status-publish","hentry"],"uagb_featured_image_src":{"full":false,"thumbnail":false,"medium":false,"medium_large":false,"large":false,"1536x1536":false,"2048x2048":false,"vp_sm":false,"vp_md":false,"vp_lg":false,"vp_xl":false,"vp_sm_popup":false,"vp_md_popup":false,"vp_xl_popup":false},"uagb_author_info":{"display_name":"clara","author_link":"https:\/\/icoprevencio.cat\/uct\/en\/author\/clara\/"},"uagb_comment_info":0,"uagb_excerpt":null,"_links":{"self":[{"href":"https:\/\/icoprevencio.cat\/uct\/en\/wp-json\/wp\/v2\/pages\/13519","targetHints":{"allow":["GET"]}}],"collection":[{"href":"https:\/\/icoprevencio.cat\/uct\/en\/wp-json\/wp\/v2\/pages"}],"about":[{"href":"https:\/\/icoprevencio.cat\/uct\/en\/wp-json\/wp\/v2\/types\/page"}],"author":[{"embeddable":true,"href":"https:\/\/icoprevencio.cat\/uct\/en\/wp-json\/wp\/v2\/users\/28"}],"replies":[{"embeddable":true,"href":"https:\/\/icoprevencio.cat\/uct\/en\/wp-json\/wp\/v2\/comments?post=13519"}],"version-history":[{"count":2,"href":"https:\/\/icoprevencio.cat\/uct\/en\/wp-json\/wp\/v2\/pages\/13519\/revisions"}],"predecessor-version":[{"id":13943,"href":"https:\/\/icoprevencio.cat\/uct\/en\/wp-json\/wp\/v2\/pages\/13519\/revisions\/13943"}],"wp:attachment":[{"href":"https:\/\/icoprevencio.cat\/uct\/en\/wp-json\/wp\/v2\/media?parent=13519"}],"curies":[{"name":"wp","href":"https:\/\/api.w.org\/{rel}","templated":true}]}}