{"id":14195,"date":"2025-07-18T10:57:23","date_gmt":"2025-07-18T09:57:23","guid":{"rendered":"https:\/\/icoprevencio.cat\/uct\/es%c2%b7esc\/"},"modified":"2025-07-18T10:58:39","modified_gmt":"2025-07-18T09:58:39","slug":"es%c2%b7esc","status":"publish","type":"page","link":"https:\/\/icoprevencio.cat\/uct\/en\/es%c2%b7esc\/","title":{"rendered":"ES\u00b7ESC"},"content":{"rendered":"\n<div class=\"wp-block-uagb-container uagb-block-709c37ea alignfull uagb-is-root-container\"><div class=\"uagb-container-inner-blocks-wrap\">\n<div class=\"wp-block-uagb-info-box uagb-block-353171f0 uagb-infobox__content-wrap  uagb-infobox-icon-above-title uagb-infobox-image-valign-top wp-block-uagb-info-box--has-margin\"><div class=\"uagb-infobox-margin-wrapper\"><div class=\"uagb-ifb-content\"><div class=\"uagb-ifb-title-wrap\"><h2 class=\"uagb-ifb-title\"><strong>Previous projects<\/strong><\/h2><\/div><\/div><\/div><\/div>\n<\/div><\/div>\n\n<div style=\"height:62px\" aria-hidden=\"true\" class=\"wp-block-spacer\"><\/div>\n\n<div class=\"wp-block-uagb-image uagb-block-71d5725e wp-block-uagb-image--layout-default wp-block-uagb-image--effect-static wp-block-uagb-image--align-none\"><figure class=\"wp-block-uagb-image__figure\"><img decoding=\"async\" src=\"https:\/\/icoprevencio.cat\/uct\/wp-content\/uploads\/sites\/10\/2025\/07\/esesc-300x169-1.jpg\" alt=\"\" class=\"uag-image-14186\" width=\"391\" height=\"92\" title=\"esesc-300x169\" loading=\"lazy\" role=\"img\"><\/figure><\/div>\n\n<div class=\"wp-block-uagb-info-box uagb-block-9271b190 uagb-infobox__content-wrap  uagb-infobox-icon-above-title uagb-infobox-image-valign-top wp-block-uagb-info-box--has-margin\"><div class=\"uagb-infobox-margin-wrapper\"><div class=\"uagb-ifb-content\"><div class=\"uagb-ifb-title-wrap\"><h3 class=\"uagb-ifb-title\">Cornell\u00e0 Health Survey Follow-up Study<\/h3><\/div><p class=\"uagb-ifb-desc\">In Spain, there are cohorts formed with volunteers, such as the MONICA project on cardiovascular risk factors, the EPIC study on diet and cancer or the SUN study on diet and other risk factors. In our country, several Health Surveys have been carried out at a national, regional or local level, but there is no tradition of studies monitoring mortality and\/or incidence experienced in these representative samples of the general population, who were interviewed personally, and from whom information was obtained not only on their health status and lifestyles but also on comorbidity and use of health services. <\/p><\/div><\/div><\/div>\n<div class=\"wp-block-uagb-faq uagb-faq__outer-wrap uagb-block-07d58159 uagb-faq-icon-row-reverse uagb-faq-layout-accordion uagb-faq-expand-first-false uagb-faq-inactive-other-true uagb-faq__wrap uagb-buttons-layout-wrap uagb-faq-equal-height     \" data-faqtoggle=\"true\" role=\"tablist\"><div class=\"wp-block-uagb-faq-child uagb-faq-child__outer-wrap uagb-faq-item uagb-block-24e60ec9 \" role=\"tab\" tabindex=\"0\"><div class=\"uagb-faq-questions-button uagb-faq-questions\">\t\t\t<span class=\"uagb-icon uagb-faq-icon-wrap\">\n\t\t\t\t\t\t\t\t<svg xmlns=\"https:\/\/www.w3.org\/2000\/svg\" viewBox= \"0 0 448 512\"><path d=\"M432 256c0 17.69-14.33 32.01-32 32.01H256v144c0 17.69-14.33 31.99-32 31.99s-32-14.3-32-31.99v-144H48c-17.67 0-32-14.32-32-32.01s14.33-31.99 32-31.99H192v-144c0-17.69 14.33-32.01 32-32.01s32 14.32 32 32.01v144h144C417.7 224 432 238.3 432 256z\"><\/path><\/svg>\n\t\t\t\t\t\t\t<\/span>\n\t\t\t\t\t\t<span class=\"uagb-icon-active uagb-faq-icon-wrap\">\n\t\t\t\t\t\t\t<\/span>\n\t\t\t<span class=\"uagb-question\"><strong>Objectives<\/strong><\/span><\/div><div class=\"uagb-faq-content\"><p>To analyze changes in tobacco consumption, alcohol consumption and physical activity between 1994 (baseline interview) and 2002 (follow-up interview). Secondly, the project will allow obtaining cross-sectional information on other psychosocial factors (perception of risk, locus of control, social support) related to health and to investigate methodological aspects related to cohort studies. <br><\/p><\/div><\/div><div class=\"wp-block-uagb-faq-child uagb-faq-child__outer-wrap uagb-faq-item uagb-block-7502faf6 \" role=\"tab\" tabindex=\"0\"><div class=\"uagb-faq-questions-button uagb-faq-questions\">\t\t\t<span class=\"uagb-icon uagb-faq-icon-wrap\">\n\t\t\t\t\t\t\t\t<svg xmlns=\"https:\/\/www.w3.org\/2000\/svg\" viewBox= \"0 0 448 512\"><path d=\"M432 256c0 17.69-14.33 32.01-32 32.01H256v144c0 17.69-14.33 31.99-32 31.99s-32-14.3-32-31.99v-144H48c-17.67 0-32-14.32-32-32.01s14.33-31.99 32-31.99H192v-144c0-17.69 14.33-32.01 32-32.01s32 14.32 32 32.01v144h144C417.7 224 432 238.3 432 256z\"><\/path><\/svg>\n\t\t\t\t\t\t\t<\/span>\n\t\t\t\t\t\t<span class=\"uagb-icon-active uagb-faq-icon-wrap\">\n\t\t\t\t\t\t\t<\/span>\n\t\t\t<span class=\"uagb-question\"><strong>Methods<\/strong><\/span><\/div><div class=\"uagb-faq-content\"><p><strong>Design:<\/strong> Prospective cohort study of a representative sample of the general population. <strong>Study area:<\/strong> General non-institutionalized population of Cornell\u00e0 de Llobregat (Barcelona). <strong>Study subjects:<\/strong> 1,237 men and 1,263 women interviewed personally during 1994 in Cornell\u00e0. <strong>Procedures:<\/strong> The follow-up of the cohort and the obtaining of new information on lifestyles and occurrence of diseases will be carried out by personal telephone interview during 2002. The follow-up questionnaire is based on the one used in the baseline interview. The feasibility of its use must be verified in a convenience sample and during the pilot test. The determinants related to changes in lifestyles and the relative risk of suffering the different diseases studied will be analyzed using Cox and logistic regression models.   <br><\/p><\/div><\/div><div class=\"wp-block-uagb-faq-child uagb-faq-child__outer-wrap uagb-faq-item uagb-block-076be222 \" role=\"tab\" tabindex=\"0\"><div class=\"uagb-faq-questions-button uagb-faq-questions\">\t\t\t<span class=\"uagb-icon uagb-faq-icon-wrap\">\n\t\t\t\t\t\t\t\t<svg xmlns=\"https:\/\/www.w3.org\/2000\/svg\" viewBox= \"0 0 448 512\"><path d=\"M432 256c0 17.69-14.33 32.01-32 32.01H256v144c0 17.69-14.33 31.99-32 31.99s-32-14.3-32-31.99v-144H48c-17.67 0-32-14.32-32-32.01s14.33-31.99 32-31.99H192v-144c0-17.69 14.33-32.01 32-32.01s32 14.32 32 32.01v144h144C417.7 224 432 238.3 432 256z\"><\/path><\/svg>\n\t\t\t\t\t\t\t<\/span>\n\t\t\t\t\t\t<span class=\"uagb-icon-active uagb-faq-icon-wrap\">\n\t\t\t\t\t\t\t<\/span>\n\t\t\t<span class=\"uagb-question\"><strong>Financing<\/strong><\/span><\/div><div class=\"uagb-faq-content\"><p>Grant PI020261 (\u20ac26,680.00, in three annual payments) from the Health Research Fund of the Carlos III Health Institute (European Regional Development Fund, FEDER) and contracts with the City Council of Cornell\u00e0 de Llobregat.<br><\/p><\/div><\/div><div class=\"wp-block-uagb-faq-child uagb-faq-child__outer-wrap uagb-faq-item uagb-block-79fb3d4b \" role=\"tab\" tabindex=\"0\"><div class=\"uagb-faq-questions-button uagb-faq-questions\">\t\t\t<span class=\"uagb-icon uagb-faq-icon-wrap\">\n\t\t\t\t\t\t\t\t<svg xmlns=\"https:\/\/www.w3.org\/2000\/svg\" viewBox= \"0 0 448 512\"><path d=\"M432 256c0 17.69-14.33 32.01-32 32.01H256v144c0 17.69-14.33 31.99-32 31.99s-32-14.3-32-31.99v-144H48c-17.67 0-32-14.32-32-32.01s14.33-31.99 32-31.99H192v-144c0-17.69 14.33-32.01 32-32.01s32 14.32 32 32.01v144h144C417.7 224 432 238.3 432 256z\"><\/path><\/svg>\n\t\t\t\t\t\t\t<\/span>\n\t\t\t\t\t\t<span class=\"uagb-icon-active uagb-faq-icon-wrap\">\n\t\t\t\t\t\t\t<\/span>\n\t\t\t<span class=\"uagb-question\"><strong>Duration<\/strong><\/span><\/div><div class=\"uagb-faq-content\"><p>2002-2005.<br><\/p><\/div><\/div><div class=\"wp-block-uagb-faq-child uagb-faq-child__outer-wrap uagb-faq-item uagb-block-43ba4076 \" role=\"tab\" tabindex=\"0\"><div class=\"uagb-faq-questions-button uagb-faq-questions\">\t\t\t<span class=\"uagb-icon uagb-faq-icon-wrap\">\n\t\t\t\t\t\t\t\t<svg xmlns=\"https:\/\/www.w3.org\/2000\/svg\" viewBox= \"0 0 448 512\"><path d=\"M432 256c0 17.69-14.33 32.01-32 32.01H256v144c0 17.69-14.33 31.99-32 31.99s-32-14.3-32-31.99v-144H48c-17.67 0-32-14.32-32-32.01s14.33-31.99 32-31.99H192v-144c0-17.69 14.33-32.01 32-32.01s32 14.32 32 32.01v144h144C417.7 224 432 238.3 432 256z\"><\/path><\/svg>\n\t\t\t\t\t\t\t<\/span>\n\t\t\t\t\t\t<span class=\"uagb-icon-active uagb-faq-icon-wrap\">\n\t\t\t\t\t\t\t<\/span>\n\t\t\t<span class=\"uagb-question\"><strong><strong>Research team<\/strong><\/strong><\/span><\/div><div class=\"uagb-faq-content\"><p><a href=\"https:\/\/icoprevencio.cat\/uct\/?member=esteve-fernandez\">Esteve Fern\u00e1ndez<\/a> (Principal Inv., ICO-IDIBELL)<br> Josep Maria Borr\u00e0s (ICO-IDIBELL)<br> Montse Garc\u00eda (ICO-IDIBELL)<br> Merc\u00e8 Mart\u00ed (Aj Cornell\u00e0)<br> F. Javier Nieto (University of Wisconsin)<br> Gloria Perez (DS)<br> Merc\u00e8 Peris (ICO-IDIBELL)<br> Anna Schiaffino (ICO-IDIBELL)<br> Esteve Salt\u00f3 (DS, ICO-IDIBELL)<\/p><\/div><\/div><div class=\"wp-block-uagb-faq-child uagb-faq-child__outer-wrap uagb-faq-item uagb-block-5f7306f3 \" role=\"tab\" tabindex=\"0\"><div class=\"uagb-faq-questions-button uagb-faq-questions\">\t\t\t<span class=\"uagb-icon uagb-faq-icon-wrap\">\n\t\t\t\t\t\t\t\t<svg xmlns=\"https:\/\/www.w3.org\/2000\/svg\" viewBox= \"0 0 448 512\"><path d=\"M432 256c0 17.69-14.33 32.01-32 32.01H256v144c0 17.69-14.33 31.99-32 31.99s-32-14.3-32-31.99v-144H48c-17.67 0-32-14.32-32-32.01s14.33-31.99 32-31.99H192v-144c0-17.69 14.33-32.01 32-32.01s32 14.32 32 32.01v144h144C417.7 224 432 238.3 432 256z\"><\/path><\/svg>\n\t\t\t\t\t\t\t<\/span>\n\t\t\t\t\t\t<span class=\"uagb-icon-active uagb-faq-icon-wrap\">\n\t\t\t\t\t\t\t<\/span>\n\t\t\t<span class=\"uagb-question\"><strong><strong>Publications<\/strong><\/strong><\/span><\/div><div class=\"uagb-faq-content\"><p>Garc\u00eda M, Schiaffino A, Fern\u00e1ndez E, et al.  <a href=\"http:\/\/www.ncbi.nlm.nih.gov\/pmc\/articles\/PMC152654\/pdf\/1471-2458-3-12.pdf\" target=\"_blank\" rel=\"noreferrer noopener\">The Cornella Health Interview Survey Follow-Up (CHIS.FU) Study: design, methods, and response rate.<\/a>  BMC Public Health. 2003; 3:12<br> Garc\u00eda M, Schiaffino, Twose J, Borrell C, Salt\u00f3 E, Peris M, Fern\u00e1ndez E. <a href=\"http:\/\/www.archbronconeumol.org\/index.php?p=watermark&amp;idApp=UINPBA00003Z&amp;piiItem=S030028960475543X&amp;origen=bronco&amp;web=bronco&amp;urlApp=http:\/\/www.archbronconeumol.org&amp;estadoItem=S300&amp;idiomaItem=es\" target=\"_blank\" rel=\"noreferrer noopener\">Smoking cessation in a population-based cohort.<\/a> Arch Bronchopneumol. 2004; 40:344-350.<br> Twose J, Schiaffino A, Garc\u00eda M, Mart\u00ed M, Fern\u00e1ndez E, Researchers of the Cornell\u00e0 Health Survey Follow-up Study. <a href=\"http:\/\/apps.elsevier.es\/watermark\/ctl_servlet?_f=10&amp;pident_articulo=13067522&amp;pident_usuario=0&amp;pcontactid=&amp;pident_revista=2&amp;ty=44&amp;accion=L&amp;origen=zonadelectura&amp;web=www.elsevier.es&amp;lan=es&amp;fichero=2v123n13a13067522pdf001.pdf\" target=\"_blank\" rel=\"noreferrer noopener\">Prevalence of exposure to environmental tobacco smoke in Cornell\u00e0 de Llobregat<\/a> . Med Clin (Ship). 2004;123(13):496-498.<br> Garc\u00eda M, Fern\u00e1ndez E, Schiaffino A, Borrell C, Mart\u00ed M, Borr\u00e1s JM; CHIS.FU Study Group. <a href=\"http:\/\/www.annalsofepidemiology.org\/article\/S1047-2797(04)00123-1\/abstract\" target=\"_blank\" rel=\"noreferrer noopener\">Attrition in a population-based cohort eight years after baseline interview: The Cornella Health Interview Survey Follow-up (CHIS.FU) Study<\/a> . Ann Epidemiol. 2005;15(2):98-104.<br> Garc\u00eda M, Fern\u00e1ndez E, Schiaffino A, Peris M, Borr\u00e1s JM, Nieto J. <a href=\"http:\/\/www.ncbi.nlm.nih.gov\/pubmed\/15771332\" target=\"_blank\" rel=\"noreferrer noopener\">Phone tracking in a follow-up study<\/a> . Soz Pr\u00e4ventivmed. 2005;50: 63-66.<br> Garc\u00eda M, Fern\u00e1ndez E, Schiaffino A, Peris M, Borr\u00e1s JM. <a href=\"http:\/\/www.ncbi.nlm.nih.gov\/pubmed\/15850864\" target=\"_blank\" rel=\"noreferrer noopener\">Smoking reduction in a population-based cohort<\/a> . Prev Med. 2005; 40: 679-684.<br> Garc\u00eda M, Fern\u00e1ndez E, Borr\u00e1s JM, Nieto J, Schiaffino A, Peris M, P\u00e9rez G, La Vecchia C. <a href=\"http:\/\/onlinelibrary.wiley.com\/doi\/10.1002\/ijc.21091\/epdf\" target=\"_blank\" rel=\"noreferrer noopener\">Cancer risk perceptions in an urban Mediterranean population<\/a> . Int J Cancer. 2005; 7: 132-136.<br> Twose J, Schiaffino A, Garc\u00eda M, Borr\u00e1s JM, Fern\u00e1ndez E. CHIS.FU Investigators. <a href=\"http:\/\/www.ncbi.nlm.nih.gov\/pmc\/articles\/PMC1963452\/pdf\/1471-2458-7-194.pdf\" target=\"_blank\" rel=\"noreferrer noopener\">Correlates of exposure to secondhand smoke in an urban Mediterranean population<\/a> . BMC Public Health. 2007;7:194.<br> Cornelio C, Schiaffino A, Garc\u00eda M, P\u00e9rez G, Borr\u00e1s JM, Peris M, Fern\u00e1ndez E.               <a href=\"http:\/\/www.ncbi.nlm.nih.gov\/pubmed\/18272739\" target=\"_blank\" rel=\"noreferrer noopener\">Changes in leisure time and occupational physical activity over 8 years. The Cornella Health Interview Survey Follow-Up Study <\/a>. J Epidemiol Community Health. 2008;62(3):239-44.<br> Ortiz-Moncada R, Garc\u00eda M, Gonz\u00e1lez-Zapata LI, Fern\u00e1ndez E, Alvarez-Dardet C. <a href=\"http:\/\/www.ncbi.nlm.nih.gov\/pubmed\/19944714\" target=\"_blank\" rel=\"noreferrer noopener\">Incidence of overweight and obesity in a Mediterranean population-based cohort: the Cornell\u00e0 Health Interview Survey Follow-up Study (CHIS.FU)<\/a> . Prev Med. 2010;50(1-2):45-9.  <br><\/p><\/div><\/div><\/div>\n<div style=\"height:131px\" aria-hidden=\"true\" class=\"wp-block-spacer\"><\/div>\n\n<p><\/p>\n","protected":false},"excerpt":{"rendered":"","protected":false},"author":28,"featured_media":0,"parent":0,"menu_order":0,"comment_status":"closed","ping_status":"closed","template":"","meta":{"_uag_custom_page_level_css":"","site-sidebar-layout":"default","site-content-layout":"","ast-site-content-layout":"default","site-content-style":"default","site-sidebar-style":"default","ast-global-header-display":"","ast-banner-title-visibility":"","ast-main-header-display":"","ast-hfb-above-header-display":"","ast-hfb-below-header-display":"","ast-hfb-mobile-header-display":"","site-post-title":"disabled","ast-breadcrumbs-content":"","ast-featured-img":"","footer-sml-layout":"","ast-disable-related-posts":"","theme-transparent-header-meta":"","adv-header-id-meta":"","stick-header-meta":"","header-above-stick-meta":"","header-main-stick-meta":"","header-below-stick-meta":"","astra-migrate-meta-layouts":"default","ast-page-background-enabled":"default","ast-page-background-meta":{"desktop":{"background-color":"var(--ast-global-color-4)","background-image":"","background-repeat":"repeat","background-position":"center center","background-size":"auto","background-attachment":"scroll","background-type":"","background-media":"","overlay-type":"","overlay-color":"","overlay-opacity":"","overlay-gradient":""},"tablet":{"background-color":"","background-image":"","background-repeat":"repeat","background-position":"center center","background-size":"auto","background-attachment":"scroll","background-type":"","background-media":"","overlay-type":"","overlay-color":"","overlay-opacity":"","overlay-gradient":""},"mobile":{"background-color":"","background-image":"","background-repeat":"repeat","background-position":"center center","background-size":"auto","background-attachment":"scroll","background-type":"","background-media":"","overlay-type":"","overlay-color":"","overlay-opacity":"","overlay-gradient":""}},"ast-content-background-meta":{"desktop":{"background-color":"var(--ast-global-color-5)","background-image":"","background-repeat":"repeat","background-position":"center center","background-size":"auto","background-attachment":"scroll","background-type":"","background-media":"","overlay-type":"","overlay-color":"","overlay-opacity":"","overlay-gradient":""},"tablet":{"background-color":"var(--ast-global-color-5)","background-image":"","background-repeat":"repeat","background-position":"center center","background-size":"auto","background-attachment":"scroll","background-type":"","background-media":"","overlay-type":"","overlay-color":"","overlay-opacity":"","overlay-gradient":""},"mobile":{"background-color":"var(--ast-global-color-5)","background-image":"","background-repeat":"repeat","background-position":"center center","background-size":"auto","background-attachment":"scroll","background-type":"","background-media":"","overlay-type":"","overlay-color":"","overlay-opacity":"","overlay-gradient":""}},"_vp_format_video_url":"","_vp_image_focal_point":[],"footnotes":""},"class_list":["post-14195","page","type-page","status-publish","hentry"],"uagb_featured_image_src":{"full":false,"thumbnail":false,"medium":false,"medium_large":false,"large":false,"1536x1536":false,"2048x2048":false,"vp_sm":false,"vp_md":false,"vp_lg":false,"vp_xl":false,"vp_sm_popup":false,"vp_md_popup":false,"vp_xl_popup":false},"uagb_author_info":{"display_name":"clara","author_link":"https:\/\/icoprevencio.cat\/uct\/en\/author\/clara\/"},"uagb_comment_info":0,"uagb_excerpt":null,"_links":{"self":[{"href":"https:\/\/icoprevencio.cat\/uct\/en\/wp-json\/wp\/v2\/pages\/14195","targetHints":{"allow":["GET"]}}],"collection":[{"href":"https:\/\/icoprevencio.cat\/uct\/en\/wp-json\/wp\/v2\/pages"}],"about":[{"href":"https:\/\/icoprevencio.cat\/uct\/en\/wp-json\/wp\/v2\/types\/page"}],"author":[{"embeddable":true,"href":"https:\/\/icoprevencio.cat\/uct\/en\/wp-json\/wp\/v2\/users\/28"}],"replies":[{"embeddable":true,"href":"https:\/\/icoprevencio.cat\/uct\/en\/wp-json\/wp\/v2\/comments?post=14195"}],"version-history":[{"count":2,"href":"https:\/\/icoprevencio.cat\/uct\/en\/wp-json\/wp\/v2\/pages\/14195\/revisions"}],"predecessor-version":[{"id":14202,"href":"https:\/\/icoprevencio.cat\/uct\/en\/wp-json\/wp\/v2\/pages\/14195\/revisions\/14202"}],"wp:attachment":[{"href":"https:\/\/icoprevencio.cat\/uct\/en\/wp-json\/wp\/v2\/media?parent=14195"}],"curies":[{"name":"wp","href":"https:\/\/api.w.org\/{rel}","templated":true}]}}