{"id":13351,"date":"2025-07-08T13:32:28","date_gmt":"2025-07-08T12:32:28","guid":{"rendered":"https:\/\/icoprevencio.cat\/uct\/proyectos-en-curso\/"},"modified":"2025-07-18T11:16:17","modified_gmt":"2025-07-18T10:16:17","slug":"proyectos-en-curso","status":"publish","type":"page","link":"https:\/\/icoprevencio.cat\/uct\/es\/proyectos-en-curso\/","title":{"rendered":"PROYECTOS EN CURSO"},"content":{"rendered":"\n<div class=\"wp-block-uagb-container uagb-block-709c37ea alignfull uagb-is-root-container\"><div class=\"uagb-container-inner-blocks-wrap\">\n<div class=\"wp-block-uagb-info-box uagb-block-353171f0 uagb-infobox__content-wrap  uagb-infobox-icon-above-title uagb-infobox-image-valign-top wp-block-uagb-info-box--has-margin\"><div class=\"uagb-infobox-margin-wrapper\"><div class=\"uagb-ifb-content\"><div class=\"uagb-ifb-title-wrap\"><h2 class=\"uagb-ifb-title\"><strong>Proyectos en curso<\/strong><\/h2><\/div><\/div><\/div><\/div>\n<\/div><\/div>\n\n<div style=\"height:54px\" aria-hidden=\"true\" class=\"wp-block-spacer\"><\/div>\n\n<div class=\"wp-block-uagb-container uagb-block-faf68f82 alignfull uagb-is-root-container\"><div class=\"uagb-container-inner-blocks-wrap\">\n<div class=\"wp-block-media-text is-stacked-on-mobile\" style=\"grid-template-columns:29% auto\"><figure class=\"wp-block-media-text__media\"><img loading=\"lazy\" decoding=\"async\" width=\"417\" height=\"174\" src=\"https:\/\/icoprevencio.cat\/uct\/wp-content\/uploads\/sites\/10\/2024\/12\/Logo-PEACHD.png\" alt=\"\" class=\"wp-image-12005 size-full\" srcset=\"https:\/\/icoprevencio.cat\/uct\/wp-content\/uploads\/sites\/10\/2024\/12\/Logo-PEACHD.png 417w, https:\/\/icoprevencio.cat\/uct\/wp-content\/uploads\/sites\/10\/2024\/12\/Logo-PEACHD-300x125.png 300w\" sizes=\"auto, (max-width: 417px) 100vw, 417px\" \/><\/figure><div class=\"wp-block-media-text__content\">\n<div class=\"wp-block-uagb-info-box uagb-block-cdf14eeb uagb-infobox__content-wrap  uagb-infobox-icon-above-title uagb-infobox-image-valign-top\"><div class=\"uagb-ifb-content\"><div class=\"uagb-ifb-title-wrap\"><h3 class=\"uagb-ifb-title\">PEACHD<\/h3><\/div><p class=\"uagb-ifb-desc\">Prevenci\u00f3n integrada del c\u00e1ncer mediante factores de riesgo relacionados con el estilo de vida: adaptaci\u00f3n y puesta en pr\u00e1ctica del enfoque BRIEF de la OMS (PEACHD) <\/p><div class=\"uagb-ifb-button-wrapper wp-block-button\"><a href=\"https:\/\/icoprevencio.cat\/uct\/peachd\/\" target=\"_self\" class=\"uagb-infobox-cta-link\" rel=\"noopener noreferrer\"><span class=\"uagb-inline-editing\">M\u00e1s informaci\u00f3n<\/span><\/a><\/div><\/div><\/div>\n<\/div><\/div>\n<\/div><\/div>\n\n<div style=\"height:54px\" aria-hidden=\"true\" class=\"wp-block-spacer\"><\/div>\n\n<div class=\"wp-block-uagb-container uagb-block-00d38ed6 alignfull uagb-is-root-container\"><div class=\"uagb-container-inner-blocks-wrap\">\n<div class=\"wp-block-media-text is-stacked-on-mobile\" style=\"grid-template-columns:30% auto\"><figure class=\"wp-block-media-text__media\"><img loading=\"lazy\" decoding=\"async\" width=\"412\" height=\"105\" src=\"https:\/\/icoprevencio.cat\/uct\/wp-content\/uploads\/sites\/10\/2024\/11\/Captura.jpg\" alt=\"\" class=\"wp-image-11723 size-full\" srcset=\"https:\/\/icoprevencio.cat\/uct\/wp-content\/uploads\/sites\/10\/2024\/11\/Captura.jpg 412w, https:\/\/icoprevencio.cat\/uct\/wp-content\/uploads\/sites\/10\/2024\/11\/Captura-300x76.jpg 300w\" sizes=\"auto, (max-width: 412px) 100vw, 412px\" \/><\/figure><div class=\"wp-block-media-text__content\">\n<div class=\"wp-block-uagb-info-box uagb-block-d807e2b2 uagb-infobox__content-wrap  uagb-infobox-icon-above-title uagb-infobox-image-valign-top\"><div class=\"uagb-ifb-content\"><div class=\"uagb-ifb-title-wrap\"><h3 class=\"uagb-ifb-title\">JA PREVENT NCD<\/h3><\/div><p class=\"uagb-ifb-desc\">Joint Action Prevent: C\u00e1ncer y otros NCDs prevenci\u00f3n \u2013 acci\u00f3n sobre determinantes de la salud<\/p><div class=\"uagb-ifb-button-wrapper wp-block-button\"><a href=\"https:\/\/icoprevencio.cat\/uct\/ja-prevent-ncd\/\" target=\"_self\" class=\"uagb-infobox-cta-link\" rel=\"noopener noreferrer\"><span class=\"uagb-inline-editing\">M\u00e1s informaci\u00f3n<\/span><\/a><\/div><\/div><\/div>\n<\/div><\/div>\n<\/div><\/div>\n\n<div style=\"height:54px\" aria-hidden=\"true\" class=\"wp-block-spacer\"><\/div>\n\n<div class=\"wp-block-uagb-container uagb-block-9041e287 alignfull uagb-is-root-container\"><div class=\"uagb-container-inner-blocks-wrap\">\n<div class=\"wp-block-media-text is-stacked-on-mobile\" style=\"grid-template-columns:30% auto\"><figure class=\"wp-block-media-text__media\"><img loading=\"lazy\" decoding=\"async\" width=\"585\" height=\"247\" src=\"https:\/\/icoprevencio.cat\/uct\/wp-content\/uploads\/sites\/10\/2024\/11\/Diseno-sin-titulo-34.png\" alt=\"\" class=\"wp-image-11726 size-full\" srcset=\"https:\/\/icoprevencio.cat\/uct\/wp-content\/uploads\/sites\/10\/2024\/11\/Diseno-sin-titulo-34.png 585w, https:\/\/icoprevencio.cat\/uct\/wp-content\/uploads\/sites\/10\/2024\/11\/Diseno-sin-titulo-34-300x127.png 300w, https:\/\/icoprevencio.cat\/uct\/wp-content\/uploads\/sites\/10\/2024\/11\/Diseno-sin-titulo-34-500x211.png 500w\" sizes=\"auto, (max-width: 585px) 100vw, 585px\" \/><\/figure><div class=\"wp-block-media-text__content\">\n<div class=\"wp-block-uagb-info-box uagb-block-4633d7de uagb-infobox__content-wrap  uagb-infobox-icon-above-title uagb-infobox-image-valign-top\"><div class=\"uagb-ifb-content\"><div class=\"uagb-ifb-title-wrap\"><h3 class=\"uagb-ifb-title\">PIECES<\/h3><\/div><p class=\"uagb-ifb-desc\">Hacia una adaptaci\u00f3n e implementaci\u00f3n a medida a gran escala y una de programas de prevenci\u00f3n primaria del c\u00e1ncer basados en la evidencia a Europa y m\u00e1s all\u00e1 (PIECES)<\/p><div class=\"uagb-ifb-button-wrapper wp-block-button\"><a href=\"https:\/\/icoprevencio.cat\/uct\/pieces\/\" target=\"_self\" class=\"uagb-infobox-cta-link\" rel=\"noopener noreferrer\"><span class=\"uagb-inline-editing\">M\u00e1s informaci\u00f3n<\/span><\/a><\/div><\/div><\/div>\n<\/div><\/div>\n<\/div><\/div>\n\n<div style=\"height:54px\" aria-hidden=\"true\" class=\"wp-block-spacer\"><\/div>\n\n<div class=\"wp-block-uagb-container uagb-block-b5c5683c alignfull uagb-is-root-container\"><div class=\"uagb-container-inner-blocks-wrap\">\n<div class=\"wp-block-media-text is-stacked-on-mobile\" style=\"grid-template-columns:30% auto\"><figure class=\"wp-block-media-text__media\"><img loading=\"lazy\" decoding=\"async\" width=\"626\" height=\"343\" src=\"https:\/\/icoprevencio.cat\/uct\/wp-content\/uploads\/sites\/10\/2025\/03\/LSF_Positiu-1.png\" alt=\"\" class=\"wp-image-12406 size-full\" srcset=\"https:\/\/icoprevencio.cat\/uct\/wp-content\/uploads\/sites\/10\/2025\/03\/LSF_Positiu-1.png 626w, https:\/\/icoprevencio.cat\/uct\/wp-content\/uploads\/sites\/10\/2025\/03\/LSF_Positiu-1-300x164.png 300w, https:\/\/icoprevencio.cat\/uct\/wp-content\/uploads\/sites\/10\/2025\/03\/LSF_Positiu-1-500x274.png 500w\" sizes=\"auto, (max-width: 626px) 100vw, 626px\" \/><\/figure><div class=\"wp-block-media-text__content\">\n<div class=\"wp-block-uagb-info-box uagb-block-ae30f6ab uagb-infobox__content-wrap  uagb-infobox-icon-above-title uagb-infobox-image-valign-top\"><div class=\"uagb-ifb-content\"><div class=\"uagb-ifb-title-wrap\"><h3 class=\"uagb-ifb-title\">HOGARES SIN HUMO<\/h3><\/div><p class=\"uagb-ifb-desc\">Efectividad de una intervenci\u00f3n basada en la evidencia para promover hogares sin humo de tabaco: ensayo controlado aleatorizado<\/p><div class=\"uagb-ifb-button-wrapper wp-block-button\"><a href=\"https:\/\/icoprevencio.cat\/uct\/llars-sense-fum\/\" target=\"_self\" class=\"uagb-infobox-cta-link\" rel=\"noopener noreferrer\"><span class=\"uagb-inline-editing\">M\u00e1s informaci\u00f3n<\/span><\/a><\/div><\/div><\/div>\n<\/div><\/div>\n<\/div><\/div>\n\n<div style=\"height:54px\" aria-hidden=\"true\" class=\"wp-block-spacer\"><\/div>\n\n<div class=\"wp-block-uagb-container uagb-block-24ddd39c alignfull uagb-is-root-container\"><div class=\"uagb-container-inner-blocks-wrap\">\n<div class=\"wp-block-media-text is-stacked-on-mobile\" style=\"grid-template-columns:30% auto\"><figure class=\"wp-block-media-text__media\"><img loading=\"lazy\" decoding=\"async\" width=\"875\" height=\"242\" src=\"https:\/\/icoprevencio.cat\/uct\/wp-content\/uploads\/sites\/10\/2024\/11\/Diseno-sin-titulo-29-1.png\" alt=\"\" class=\"wp-image-11678 size-full\" srcset=\"https:\/\/icoprevencio.cat\/uct\/wp-content\/uploads\/sites\/10\/2024\/11\/Diseno-sin-titulo-29-1.png 875w, https:\/\/icoprevencio.cat\/uct\/wp-content\/uploads\/sites\/10\/2024\/11\/Diseno-sin-titulo-29-1-300x83.png 300w, https:\/\/icoprevencio.cat\/uct\/wp-content\/uploads\/sites\/10\/2024\/11\/Diseno-sin-titulo-29-1-768x212.png 768w, https:\/\/icoprevencio.cat\/uct\/wp-content\/uploads\/sites\/10\/2024\/11\/Diseno-sin-titulo-29-1-500x138.png 500w, https:\/\/icoprevencio.cat\/uct\/wp-content\/uploads\/sites\/10\/2024\/11\/Diseno-sin-titulo-29-1-800x221.png 800w\" sizes=\"auto, (max-width: 875px) 100vw, 875px\" \/><\/figure><div class=\"wp-block-media-text__content\">\n<div class=\"wp-block-uagb-info-box uagb-block-3fecf84e uagb-infobox__content-wrap  uagb-infobox-icon-above-title uagb-infobox-image-valign-top\"><div class=\"uagb-ifb-content\"><div class=\"uagb-ifb-title-wrap\"><h3 class=\"uagb-ifb-title\">IMAGIN OH TV<\/h3><\/div><p class=\"uagb-ifb-desc\">Exposici\u00f3n de la poblaci\u00f3n espa\u00f1ola al imaginario alcoh\u00f3lico en la TV (Estudio ImaginOH-TV)<\/p><div class=\"uagb-ifb-button-wrapper wp-block-button\"><a href=\"https:\/\/icoprevencio.cat\/uct\/imagin-oh-tv\/\" target=\"_self\" class=\"uagb-infobox-cta-link\" rel=\"noopener noreferrer\"><span class=\"uagb-inline-editing\">M\u00e1s informaci\u00f3n<\/span><\/a><\/div><\/div><\/div>\n<\/div><\/div>\n<\/div><\/div>\n\n<div style=\"height:54px\" aria-hidden=\"true\" class=\"wp-block-spacer\"><\/div>\n\n<div class=\"wp-block-uagb-container uagb-block-8f52e16f alignfull uagb-is-root-container\"><div class=\"uagb-container-inner-blocks-wrap\">\n<div class=\"wp-block-media-text is-stacked-on-mobile\" style=\"grid-template-columns:30% auto\"><figure class=\"wp-block-media-text__media\"><img loading=\"lazy\" decoding=\"async\" width=\"390\" height=\"165\" src=\"https:\/\/icoprevencio.cat\/uct\/wp-content\/uploads\/sites\/10\/2022\/02\/Logo-JACT2.jpg\" alt=\"\" class=\"wp-image-9995 size-full\" srcset=\"https:\/\/icoprevencio.cat\/uct\/wp-content\/uploads\/sites\/10\/2022\/02\/Logo-JACT2.jpg 390w, https:\/\/icoprevencio.cat\/uct\/wp-content\/uploads\/sites\/10\/2022\/02\/Logo-JACT2-300x127.jpg 300w\" sizes=\"auto, (max-width: 390px) 100vw, 390px\" \/><\/figure><div class=\"wp-block-media-text__content\">\n<div class=\"wp-block-uagb-info-box uagb-block-2752c37a uagb-infobox__content-wrap  uagb-infobox-icon-above-title uagb-infobox-image-valign-top\"><div class=\"uagb-ifb-content\"><div class=\"uagb-ifb-title-wrap\"><h3 class=\"uagb-ifb-title\">JATC2<\/h3><\/div><p class=\"uagb-ifb-desc\">Acci\u00f3n conjunta sobre el refuerzo de la cooperaci\u00f3n en el control del tabaco entre los Estados miembros y la Comisi\u00f3n Europea<\/p><div class=\"uagb-ifb-button-wrapper wp-block-button\"><a href=\"https:\/\/icoprevencio.cat\/uct\/jatc2\/\" target=\"_self\" class=\"uagb-infobox-cta-link\" rel=\"noopener noreferrer\"><span class=\"uagb-inline-editing\">M\u00e1s informaci\u00f3n<\/span><\/a><\/div><\/div><\/div>\n<\/div><\/div>\n<\/div><\/div>\n\n<div style=\"height:54px\" aria-hidden=\"true\" class=\"wp-block-spacer\"><\/div>\n\n<div class=\"wp-block-uagb-container uagb-block-9c418c85 alignfull uagb-is-root-container\"><div class=\"uagb-container-inner-blocks-wrap\">\n<div class=\"wp-block-media-text is-stacked-on-mobile\" style=\"grid-template-columns:30% auto\"><figure class=\"wp-block-media-text__media\"><img loading=\"lazy\" decoding=\"async\" width=\"630\" height=\"266\" src=\"https:\/\/icoprevencio.cat\/uct\/wp-content\/uploads\/sites\/10\/2024\/11\/Diseno-sin-titulo-32.png\" alt=\"\" class=\"wp-image-11711 size-full\" srcset=\"https:\/\/icoprevencio.cat\/uct\/wp-content\/uploads\/sites\/10\/2024\/11\/Diseno-sin-titulo-32.png 630w, https:\/\/icoprevencio.cat\/uct\/wp-content\/uploads\/sites\/10\/2024\/11\/Diseno-sin-titulo-32-300x127.png 300w, https:\/\/icoprevencio.cat\/uct\/wp-content\/uploads\/sites\/10\/2024\/11\/Diseno-sin-titulo-32-500x211.png 500w\" sizes=\"auto, (max-width: 630px) 100vw, 630px\" \/><\/figure><div class=\"wp-block-media-text__content\">\n<div class=\"wp-block-uagb-info-box uagb-block-eecad85f uagb-infobox__content-wrap  uagb-infobox-icon-above-title uagb-infobox-image-valign-top\"><div class=\"uagb-ifb-content\"><div class=\"uagb-ifb-title-wrap\"><h3 class=\"uagb-ifb-title\">EUREST-RISE<\/h3><\/div><p class=\"uagb-ifb-desc\">Ciencia Reguladora Europea sobre el Tabaco \u2013 Intercambio de personal de investigaci\u00f3n e innovaci\u00f3n (EUREST-RISE)<\/p><div class=\"uagb-ifb-button-wrapper wp-block-button\"><a href=\"https:\/\/icoprevencio.cat\/uct\/eurest-rise\/\" target=\"_self\" class=\"uagb-infobox-cta-link\" rel=\"noopener noreferrer\"><span class=\"uagb-inline-editing\">M\u00e1s informaci\u00f3n<\/span><\/a><\/div><\/div><\/div>\n<\/div><\/div>\n<\/div><\/div>\n\n<div style=\"height:54px\" aria-hidden=\"true\" class=\"wp-block-spacer\"><\/div>\n\n<div class=\"wp-block-uagb-container uagb-block-5bd41fdc alignfull uagb-is-root-container\"><div class=\"uagb-container-inner-blocks-wrap\">\n<div class=\"wp-block-media-text is-stacked-on-mobile\" style=\"grid-template-columns:30% auto\"><figure class=\"wp-block-media-text__media\"><img loading=\"lazy\" decoding=\"async\" width=\"390\" height=\"165\" src=\"https:\/\/icoprevencio.cat\/uct\/wp-content\/uploads\/sites\/10\/2024\/11\/Logo-GamCat.jpg\" alt=\"\" class=\"wp-image-11714 size-full\" srcset=\"https:\/\/icoprevencio.cat\/uct\/wp-content\/uploads\/sites\/10\/2024\/11\/Logo-GamCat.jpg 390w, https:\/\/icoprevencio.cat\/uct\/wp-content\/uploads\/sites\/10\/2024\/11\/Logo-GamCat-300x127.jpg 300w\" sizes=\"auto, (max-width: 390px) 100vw, 390px\" \/><\/figure><div class=\"wp-block-media-text__content\">\n<div class=\"wp-block-uagb-info-box uagb-block-55a39e80 uagb-infobox__content-wrap  uagb-infobox-icon-above-title uagb-infobox-image-valign-top\"><div class=\"uagb-ifb-content\"><div class=\"uagb-ifb-title-wrap\"><h3 class=\"uagb-ifb-title\">GAM-CAT<\/h3><\/div><p class=\"uagb-ifb-desc\">Aceptabilidad, factibilidad y eficacia de una aplicaci\u00f3n gamificada co-dise\u00f1ada con los usuarios para monitorizar el consumo de cannabis y tabaco: estudio GAM-Cat<\/p><div class=\"uagb-ifb-button-wrapper wp-block-button\"><a href=\"https:\/\/icoprevencio.cat\/uct\/gam-cat\/\" target=\"_self\" class=\"uagb-infobox-cta-link\" rel=\"noopener noreferrer\"><span class=\"uagb-inline-editing\">M\u00e1s informaci\u00f3n<\/span><\/a><\/div><\/div><\/div>\n<\/div><\/div>\n<\/div><\/div>\n\n<div style=\"height:54px\" aria-hidden=\"true\" class=\"wp-block-spacer\"><\/div>\n\n<div class=\"wp-block-uagb-container uagb-block-3e0912d4 alignfull uagb-is-root-container\"><div class=\"uagb-container-inner-blocks-wrap\">\n<div class=\"wp-block-media-text is-stacked-on-mobile\" style=\"grid-template-columns:30% auto\"><figure class=\"wp-block-media-text__media\"><img loading=\"lazy\" decoding=\"async\" width=\"630\" height=\"266\" src=\"https:\/\/icoprevencio.cat\/uct\/wp-content\/uploads\/sites\/10\/2024\/11\/Diseno-sin-titulo-33.png\" alt=\"\" class=\"wp-image-11717 size-full\" srcset=\"https:\/\/icoprevencio.cat\/uct\/wp-content\/uploads\/sites\/10\/2024\/11\/Diseno-sin-titulo-33.png 630w, https:\/\/icoprevencio.cat\/uct\/wp-content\/uploads\/sites\/10\/2024\/11\/Diseno-sin-titulo-33-300x127.png 300w, https:\/\/icoprevencio.cat\/uct\/wp-content\/uploads\/sites\/10\/2024\/11\/Diseno-sin-titulo-33-500x211.png 500w\" sizes=\"auto, (max-width: 630px) 100vw, 630px\" \/><\/figure><div class=\"wp-block-media-text__content\">\n<div class=\"wp-block-uagb-info-box uagb-block-690c1fc3 uagb-infobox__content-wrap  uagb-infobox-icon-above-title uagb-infobox-image-valign-top\"><div class=\"uagb-ifb-content\"><div class=\"uagb-ifb-title-wrap\"><h3 class=\"uagb-ifb-title\">DUCATA<\/h3><\/div><p class=\"uagb-ifb-desc\">Patr\u00f3n de consumo y Sd. de abstinencia cannabis-tabaco en personas con tr. por consumo de cannabis  <\/p><div class=\"uagb-ifb-button-wrapper wp-block-button\"><a href=\"https:\/\/icoprevencio.cat\/uct\/ducata\/\" target=\"_self\" class=\"uagb-infobox-cta-link\" rel=\"noopener noreferrer\"><span class=\"uagb-inline-editing\">M\u00e1s informaci\u00f3n<\/span><\/a><\/div><\/div><\/div>\n<\/div><\/div>\n<\/div><\/div>\n\n<div style=\"height:54px\" aria-hidden=\"true\" class=\"wp-block-spacer\"><\/div>\n\n<div class=\"wp-block-uagb-container uagb-block-a20ea337 alignfull uagb-is-root-container\"><div class=\"uagb-container-inner-blocks-wrap\">\n<div class=\"wp-block-media-text is-stacked-on-mobile\" style=\"grid-template-columns:30% auto\"><figure class=\"wp-block-media-text__media\"><img loading=\"lazy\" decoding=\"async\" width=\"300\" height=\"127\" src=\"https:\/\/icoprevencio.cat\/uct\/wp-content\/uploads\/sites\/10\/2025\/03\/Logo-ACTATAC-300x127-1.jpg\" alt=\"\" class=\"wp-image-12439 size-full\" \/><\/figure><div class=\"wp-block-media-text__content\">\n<div class=\"wp-block-uagb-info-box uagb-block-a269bf47 uagb-infobox__content-wrap  uagb-infobox-icon-above-title uagb-infobox-image-valign-top\"><div class=\"uagb-ifb-content\"><div class=\"uagb-ifb-title-wrap\"><h3 class=\"uagb-ifb-title\">ACT-ATAC<\/h3><\/div><p class=\"uagb-ifb-desc\">Abandono del consumo de tabaco durante la atenci\u00f3n y el tratamiento por alcohol y\/o cannabis<\/p><div class=\"uagb-ifb-button-wrapper wp-block-button\"><a href=\"https:\/\/icoprevencio.cat\/uct\/act-atac\/\" target=\"_self\" class=\"uagb-infobox-cta-link\" rel=\"noopener noreferrer\"><span class=\"uagb-inline-editing\">M\u00e1s informaci\u00f3n<\/span><\/a><\/div><\/div><\/div>\n<\/div><\/div>\n<\/div><\/div>\n\n<div style=\"height:122px\" aria-hidden=\"true\" class=\"wp-block-spacer\"><\/div>\n\n<p><\/p>\n","protected":false},"excerpt":{"rendered":"","protected":false},"author":28,"featured_media":0,"parent":0,"menu_order":0,"comment_status":"closed","ping_status":"closed","template":"","meta":{"_uag_custom_page_level_css":"","site-sidebar-layout":"default","site-content-layout":"","ast-site-content-layout":"default","site-content-style":"default","site-sidebar-style":"default","ast-global-header-display":"","ast-banner-title-visibility":"","ast-main-header-display":"","ast-hfb-above-header-display":"","ast-hfb-below-header-display":"","ast-hfb-mobile-header-display":"","site-post-title":"disabled","ast-breadcrumbs-content":"","ast-featured-img":"","footer-sml-layout":"","ast-disable-related-posts":"","theme-transparent-header-meta":"","adv-header-id-meta":"","stick-header-meta":"","header-above-stick-meta":"","header-main-stick-meta":"","header-below-stick-meta":"","astra-migrate-meta-layouts":"default","ast-page-background-enabled":"default","ast-page-background-meta":{"desktop":{"background-color":"var(--ast-global-color-4)","background-image":"","background-repeat":"repeat","background-position":"center center","background-size":"auto","background-attachment":"scroll","background-type":"","background-media":"","overlay-type":"","overlay-color":"","overlay-opacity":"","overlay-gradient":""},"tablet":{"background-color":"","background-image":"","background-repeat":"repeat","background-position":"center center","background-size":"auto","background-attachment":"scroll","background-type":"","background-media":"","overlay-type":"","overlay-color":"","overlay-opacity":"","overlay-gradient":""},"mobile":{"background-color":"","background-image":"","background-repeat":"repeat","background-position":"center center","background-size":"auto","background-attachment":"scroll","background-type":"","background-media":"","overlay-type":"","overlay-color":"","overlay-opacity":"","overlay-gradient":""}},"ast-content-background-meta":{"desktop":{"background-color":"var(--ast-global-color-5)","background-image":"","background-repeat":"repeat","background-position":"center center","background-size":"auto","background-attachment":"scroll","background-type":"","background-media":"","overlay-type":"","overlay-color":"","overlay-opacity":"","overlay-gradient":""},"tablet":{"background-color":"var(--ast-global-color-5)","background-image":"","background-repeat":"repeat","background-position":"center center","background-size":"auto","background-attachment":"scroll","background-type":"","background-media":"","overlay-type":"","overlay-color":"","overlay-opacity":"","overlay-gradient":""},"mobile":{"background-color":"var(--ast-global-color-5)","background-image":"","background-repeat":"repeat","background-position":"center center","background-size":"auto","background-attachment":"scroll","background-type":"","background-media":"","overlay-type":"","overlay-color":"","overlay-opacity":"","overlay-gradient":""}},"_vp_format_video_url":"","_vp_image_focal_point":[],"footnotes":""},"class_list":["post-13351","page","type-page","status-publish","hentry"],"uagb_featured_image_src":{"full":false,"thumbnail":false,"medium":false,"medium_large":false,"large":false,"1536x1536":false,"2048x2048":false,"vp_sm":false,"vp_md":false,"vp_lg":false,"vp_xl":false,"vp_sm_popup":false,"vp_md_popup":false,"vp_xl_popup":false},"uagb_author_info":{"display_name":"clara","author_link":"https:\/\/icoprevencio.cat\/uct\/es\/author\/clara\/"},"uagb_comment_info":0,"uagb_excerpt":null,"_links":{"self":[{"href":"https:\/\/icoprevencio.cat\/uct\/es\/wp-json\/wp\/v2\/pages\/13351","targetHints":{"allow":["GET"]}}],"collection":[{"href":"https:\/\/icoprevencio.cat\/uct\/es\/wp-json\/wp\/v2\/pages"}],"about":[{"href":"https:\/\/icoprevencio.cat\/uct\/es\/wp-json\/wp\/v2\/types\/page"}],"author":[{"embeddable":true,"href":"https:\/\/icoprevencio.cat\/uct\/es\/wp-json\/wp\/v2\/users\/28"}],"replies":[{"embeddable":true,"href":"https:\/\/icoprevencio.cat\/uct\/es\/wp-json\/wp\/v2\/comments?post=13351"}],"version-history":[{"count":4,"href":"https:\/\/icoprevencio.cat\/uct\/es\/wp-json\/wp\/v2\/pages\/13351\/revisions"}],"predecessor-version":[{"id":14228,"href":"https:\/\/icoprevencio.cat\/uct\/es\/wp-json\/wp\/v2\/pages\/13351\/revisions\/14228"}],"wp:attachment":[{"href":"https:\/\/icoprevencio.cat\/uct\/es\/wp-json\/wp\/v2\/media?parent=13351"}],"curies":[{"name":"wp","href":"https:\/\/api.w.org\/{rel}","templated":true}]}}