{"id":13376,"date":"2025-07-08T14:37:24","date_gmt":"2025-07-08T13:37:24","guid":{"rendered":"https:\/\/icoprevencio.cat\/uct\/sobre-nosotros\/"},"modified":"2025-11-18T16:33:34","modified_gmt":"2025-11-18T15:33:34","slug":"sobre-nosotros","status":"publish","type":"page","link":"https:\/\/icoprevencio.cat\/uct\/es\/sobre-nosotros\/","title":{"rendered":"SOBRE NOSOTROS"},"content":{"rendered":"\n<div class=\"wp-block-uagb-container uagb-block-709c37ea alignfull uagb-is-root-container\"><div class=\"uagb-container-inner-blocks-wrap\">\n<div class=\"wp-block-uagb-info-box uagb-block-353171f0 uagb-infobox__content-wrap  uagb-infobox-icon-above-title uagb-infobox-image-valign-top wp-block-uagb-info-box--has-margin\"><div class=\"uagb-infobox-margin-wrapper\"><div class=\"uagb-ifb-content\"><div class=\"uagb-ifb-title-wrap\"><h2 class=\"uagb-ifb-title\"><strong>Sobre nosotros<\/strong><\/h2><\/div><\/div><\/div><\/div>\n<\/div><\/div>\n\n<div class=\"wp-block-uagb-container uagb-layout-grid uagb-block-57b3d91a alignfull uagb-is-root-container\"><div class=\"uagb-container-inner-blocks-wrap\">\n<div class=\"wp-block-uagb-image aligncenter uagb-block-43771326 wp-block-uagb-image--layout-default wp-block-uagb-image--effect-static wp-block-uagb-image--align-center\"><figure class=\"wp-block-uagb-image__figure\"><img decoding=\"async\" src=\"https:\/\/icoprevencio.cat\/uct\/wp-content\/uploads\/sites\/10\/2025\/04\/xchsf.cat-6.jpg\" alt=\"\" class=\"uag-image-12527\" width=\"800\" height=\"720\" title=\"ico\" loading=\"lazy\" role=\"img\"><\/figure><\/div>\n\n\n\n<div class=\"wp-block-uagb-info-box uagb-block-f154063d uagb-infobox__content-wrap  uagb-infobox-icon-above-title uagb-infobox-image-valign-top\"><div class=\"uagb-ifb-content\"><div class=\"uagb-ifb-title-wrap\"><h2 class=\"uagb-ifb-title\">Unidad de Control del Tabaco <\/h2><\/div><p class=\"uagb-ifb-desc\">La Unidad de Control del Tabaco (UCT) forma parte del <strong>Programa de Prevenci\u00f3n y Control del C\u00e1ncer<\/strong> del <strong>Instituto Catal\u00e1n de Oncolog\u00eda<\/strong>. Los\u202fprincipales objetivos\u202f de la Unidad son conocer los determinantes y la forma de prevenir y controlar el consumo de tabaco y la exposici\u00f3n al humo ambiental del tabaco, as\u00ed como de los pitillos electr\u00f3nicos.  La UCT desarrolla, miedo un lado,\u202fla investigaci\u00f3n y evaluaci\u00f3n de proyectos dirigidos a disminuir lo consumo de tabaco y la Morbimortalidad asociada. Por otro lado, tambi\u00e9n tiene cura de\u202fproyectos aplicados de intervenci\u00f3n\u202fcomo la\u202fRed Catalana de Hospitales Sin Humo (XCHsF por sus siglas en catal\u00e1n)\u202fo asistenciales como la\u202fconsulta de tabaco\u202fque ofrece ayuda para dejar de fumar tanto.<br \/><\/p><\/div><\/div>\n<\/div><\/div>\n\n<div class=\"wp-block-uagb-container uagb-block-c237c520 alignfull uagb-is-root-container\"><div class=\"uagb-container-inner-blocks-wrap\">\n<div class=\"wp-block-uagb-info-box uagb-block-9271b190 uagb-infobox__content-wrap  uagb-infobox-icon-above-title uagb-infobox-image-valign-top wp-block-uagb-info-box--has-margin\"><div class=\"uagb-infobox-margin-wrapper\"><div class=\"uagb-ifb-content\"><div class=\"uagb-ifb-title-wrap\"><h3 class=\"uagb-ifb-title\"><strong><strong><strong><strong><strong><strong>Investigando en el \u00e1rea de tabaquismo desde el a\u00f1o 2000<\/strong><\/strong><\/strong><\/strong><\/strong><\/strong><\/h3><\/div><p class=\"uagb-ifb-desc\">El origen de la\u202fUnidad de Control del Tabaco (UCT) \u202fes el Grupo de Investigaci\u00f3n en Tabaquismo del <strong>Dr.\u202fEsteve Fern\u00e1ndez\u202f<\/strong>constituido en 2000 al Programa de Prevenci\u00f3n y Control del C\u00e1ncer (PPCC) del ICO. El Grupo desarrollaba l\u00edneas de investigaci\u00f3n sobre tabaquismo con proyectos liderados desde el ICO y tambi\u00e9n en colaboraci\u00f3n con otras instituciones, como las Agencias de Salud P\u00fablica de Barcelona y de Catalu\u00f1a, \u202fel Instituto Hospital del Mar de Investigaciones M\u00e9dicas, el Instituto de Investigaci\u00f3n Mario Negri\u202f(Mil\u00e0),\u202fla\u202fEuropean Network for Smoking Prevention\u202f(*ENSP) y la\u202fInternational Agency for Research donde Cancer. La actividad creci\u00f3 con la participaci\u00f3n en proyectos de investigaci\u00f3n europeos y la coordinaci\u00f3n de la Red Catalana de Hospitales sin Humo (XCHsF),\u202fcon un notable incremento de las personas implicadas y de la productividad tanto en el \u00e1mbito de la investigaci\u00f3n como de las intervenciones. El grupo est\u00e1 acreditado por el AGAUR de la Generalitat de Catalu\u00f1a como Grupo de Investigaci\u00f3n Consolidado (Grupo de investigaci\u00f3n en epidemiolog\u00eda del tabaquismo, 2021SGR00906).   <br \/><br \/>La investigaci\u00f3n de la UCT se materializa a trav\u00e9s del Grupo de Investigaci\u00f3n Consolidado en Epidemiolog\u00eda, Prevenci\u00f3n y Control del Tabaquismo (2021SGR00906) en el Instituto de Investigaci\u00f3n Biom\u00e9dica de Bellvitge. Este Grupo est\u00e1 formado por el n\u00facleo de investigadores de la UCT e incorpora colaboradores de la Universidad de Alcal\u00e0, la Universitat Oberta de Catalunya y la Agencia de Salud P\u00fablica de Catalu\u00f1a. Adem\u00e1s, la UCT es el n\u00facleo del Grupo CB19\/06\/00004 del CIBER de Enfermedades Respiratorias, financiado por la Instituto de Salud Carlos III. En este Grupo, adem\u00e1s del n\u00facleo de investigadores ICO-IDIBELL, contamos con compa\u00f1eros de la Universidad de Alcal\u00e0 y del Hospital de La Princesa.   <\/p><\/div><\/div><\/div>\n\n\n\n<div class=\"wp-block-uagb-image aligncenter uagb-block-e0606ea5 wp-block-uagb-image--layout-default wp-block-uagb-image--effect-static wp-block-uagb-image--align-center\"><figure class=\"wp-block-uagb-image__figure\"><img decoding=\"async\" src=\"https:\/\/icoprevencio.cat\/uct\/wp-content\/uploads\/sites\/10\/2024\/10\/Noncommunicable-diseases-1-e1728309042710-1024x513.png\" alt=\"El control del tabaco es uno de los temas prioritarios del Plan de Salud de Catalu\u00f1a, varios planes directores (oncolog\u00eda y enfermedades respiratorias) y del Plan Estrat\u00e9gico de Investigaci\u00f3n e innovaci\u00f3n en Salud (PERIS) 2016-2020. Por eso queremos que los proyectos desarrollados a la UCT tengan impacto para la prevenci\u00f3n y el control del tabaquismo tanto en nuestro entorno inmediato (ICO) como en el \u00e1mbito nacional e internacional.\" class=\"uag-image-10908\" width=\"769\" height=\"385\" title=\"Noncommunicable diseases (1)\" loading=\"lazy\" role=\"img\"><figcaption class=\"uagb-image-caption\">El control del tabaco es uno de los temas prioritarios del Plan de Salud de Catalu\u00f1a, varios planes directores (oncolog\u00eda y enfermedades respiratorias) y del Plan Estrat\u00e9gico de Investigaci\u00f3n e innovaci\u00f3n en Salud (PERIS) 2016-2020. Por eso queremos que los proyectos desarrollados a la UCT tengan impacto para la prevenci\u00f3n y el control del tabaquismo tanto en nuestro entorno inmediato (ICO) como en el \u00e1mbito nacional e internacional. <br><\/figcaption><\/figure><\/div>\n<\/div><\/div>\n\n<div style=\"height:100px\" aria-hidden=\"true\" class=\"wp-block-spacer\"><\/div>\n\n<p><\/p>\n","protected":false},"excerpt":{"rendered":"","protected":false},"author":28,"featured_media":0,"parent":0,"menu_order":0,"comment_status":"closed","ping_status":"closed","template":"","meta":{"_uag_custom_page_level_css":"","site-sidebar-layout":"default","site-content-layout":"","ast-site-content-layout":"default","site-content-style":"default","site-sidebar-style":"default","ast-global-header-display":"","ast-banner-title-visibility":"","ast-main-header-display":"","ast-hfb-above-header-display":"","ast-hfb-below-header-display":"","ast-hfb-mobile-header-display":"","site-post-title":"disabled","ast-breadcrumbs-content":"","ast-featured-img":"","footer-sml-layout":"","ast-disable-related-posts":"","theme-transparent-header-meta":"","adv-header-id-meta":"","stick-header-meta":"","header-above-stick-meta":"","header-main-stick-meta":"","header-below-stick-meta":"","astra-migrate-meta-layouts":"default","ast-page-background-enabled":"default","ast-page-background-meta":{"desktop":{"background-color":"var(--ast-global-color-4)","background-image":"","background-repeat":"repeat","background-position":"center center","background-size":"auto","background-attachment":"scroll","background-type":"","background-media":"","overlay-type":"","overlay-color":"","overlay-opacity":"","overlay-gradient":""},"tablet":{"background-color":"","background-image":"","background-repeat":"repeat","background-position":"center center","background-size":"auto","background-attachment":"scroll","background-type":"","background-media":"","overlay-type":"","overlay-color":"","overlay-opacity":"","overlay-gradient":""},"mobile":{"background-color":"","background-image":"","background-repeat":"repeat","background-position":"center center","background-size":"auto","background-attachment":"scroll","background-type":"","background-media":"","overlay-type":"","overlay-color":"","overlay-opacity":"","overlay-gradient":""}},"ast-content-background-meta":{"desktop":{"background-color":"var(--ast-global-color-5)","background-image":"","background-repeat":"repeat","background-position":"center center","background-size":"auto","background-attachment":"scroll","background-type":"","background-media":"","overlay-type":"","overlay-color":"","overlay-opacity":"","overlay-gradient":""},"tablet":{"background-color":"var(--ast-global-color-5)","background-image":"","background-repeat":"repeat","background-position":"center center","background-size":"auto","background-attachment":"scroll","background-type":"","background-media":"","overlay-type":"","overlay-color":"","overlay-opacity":"","overlay-gradient":""},"mobile":{"background-color":"var(--ast-global-color-5)","background-image":"","background-repeat":"repeat","background-position":"center center","background-size":"auto","background-attachment":"scroll","background-type":"","background-media":"","overlay-type":"","overlay-color":"","overlay-opacity":"","overlay-gradient":""}},"_vp_format_video_url":"","_vp_image_focal_point":[],"footnotes":""},"class_list":["post-13376","page","type-page","status-publish","hentry"],"uagb_featured_image_src":{"full":false,"thumbnail":false,"medium":false,"medium_large":false,"large":false,"1536x1536":false,"2048x2048":false,"vp_sm":false,"vp_md":false,"vp_lg":false,"vp_xl":false,"vp_sm_popup":false,"vp_md_popup":false,"vp_xl_popup":false},"uagb_author_info":{"display_name":"clara","author_link":"https:\/\/icoprevencio.cat\/uct\/es\/author\/clara\/"},"uagb_comment_info":0,"uagb_excerpt":null,"_links":{"self":[{"href":"https:\/\/icoprevencio.cat\/uct\/es\/wp-json\/wp\/v2\/pages\/13376","targetHints":{"allow":["GET"]}}],"collection":[{"href":"https:\/\/icoprevencio.cat\/uct\/es\/wp-json\/wp\/v2\/pages"}],"about":[{"href":"https:\/\/icoprevencio.cat\/uct\/es\/wp-json\/wp\/v2\/types\/page"}],"author":[{"embeddable":true,"href":"https:\/\/icoprevencio.cat\/uct\/es\/wp-json\/wp\/v2\/users\/28"}],"replies":[{"embeddable":true,"href":"https:\/\/icoprevencio.cat\/uct\/es\/wp-json\/wp\/v2\/comments?post=13376"}],"version-history":[{"count":2,"href":"https:\/\/icoprevencio.cat\/uct\/es\/wp-json\/wp\/v2\/pages\/13376\/revisions"}],"predecessor-version":[{"id":13379,"href":"https:\/\/icoprevencio.cat\/uct\/es\/wp-json\/wp\/v2\/pages\/13376\/revisions\/13379"}],"wp:attachment":[{"href":"https:\/\/icoprevencio.cat\/uct\/es\/wp-json\/wp\/v2\/media?parent=13376"}],"curies":[{"name":"wp","href":"https:\/\/api.w.org\/{rel}","templated":true}]}}