{"id":13450,"date":"2025-07-15T13:13:09","date_gmt":"2025-07-15T12:13:09","guid":{"rendered":"https:\/\/icoprevencio.cat\/uct\/peachd\/"},"modified":"2025-07-15T13:16:27","modified_gmt":"2025-07-15T12:16:27","slug":"peachd","status":"publish","type":"page","link":"https:\/\/icoprevencio.cat\/uct\/es\/peachd\/","title":{"rendered":"PEACHD"},"content":{"rendered":"\n<div class=\"wp-block-uagb-container uagb-block-709c37ea alignfull uagb-is-root-container\"><div class=\"uagb-container-inner-blocks-wrap\">\n<div class=\"wp-block-uagb-info-box uagb-block-353171f0 uagb-infobox__content-wrap  uagb-infobox-icon-above-title uagb-infobox-image-valign-top wp-block-uagb-info-box--has-margin\"><div class=\"uagb-infobox-margin-wrapper\"><div class=\"uagb-ifb-content\"><div class=\"uagb-ifb-title-wrap\"><h2 class=\"uagb-ifb-title\"><strong>Proyectos en curso<\/strong><\/h2><\/div><\/div><\/div><\/div>\n<\/div><\/div>\n\n<div style=\"height:60px\" aria-hidden=\"true\" class=\"wp-block-spacer\"><\/div>\n\n<div class=\"wp-block-uagb-image uagb-block-71d5725e wp-block-uagb-image--layout-default wp-block-uagb-image--effect-static wp-block-uagb-image--align-none\"><figure class=\"wp-block-uagb-image__figure\"><img decoding=\"async\" src=\"https:\/\/icoprevencio.cat\/uct\/wp-content\/uploads\/sites\/10\/2024\/02\/Logo-PEACHD-Nuevo.png\" alt=\"\" class=\"uag-image-10546\" width=\"391\" height=\"92\" title=\"Logo PEACHD Nuevo\" loading=\"lazy\" role=\"img\"><\/figure><\/div>\n\n<div class=\"wp-block-uagb-info-box uagb-block-9271b190 uagb-infobox__content-wrap  uagb-infobox-icon-above-title uagb-infobox-image-valign-top wp-block-uagb-info-box--has-margin\"><div class=\"uagb-infobox-margin-wrapper\"><div class=\"uagb-ifb-content\"><div class=\"uagb-ifb-title-wrap\"><h3 class=\"uagb-ifb-title\">Prevenci\u00f3n integrada del c\u00e1ncer mediante factores de riesgo relacionados con el estilo de vida: adaptaci\u00f3n y puesta en pr\u00e1ctica del enfoque BRIEF de la OMS (PEACHD)<\/h3><\/div><p class=\"uagb-ifb-desc\">El c\u00e1ncer es responsable de casi una cuarta parte de todas las muertes anuales en la Regi\u00f3n Europea de la Organizaci\u00f3n Mundial de la Salud (OMS). Esta cifra aumentar\u00e1 en m\u00e1s del 34% en 2040. En Europa, <strong>se observan desigualdades en cuanto al c\u00e1ncer entre diferentes poblaciones y los grupos socioecon\u00f3micos m\u00e1s desfavorecidos<\/strong> est\u00e1n afectados de forma desproporcionada. Adem\u00e1s, la demanda de atenci\u00f3n sanitaria est\u00e1 sobrepasando los recursos disponibles en los sistemas de salud europeos, especialmente en aquellos pa\u00edses que acogen a un mayor n\u00famero de refugiados. Este hecho pone de manifiesto la urgente necesidad de implementar iniciativas de prevenci\u00f3n eficaces y eficientes. En este sentido, La OMS propone realizar <strong>breves intervenciones<\/strong> que integren diversos factores de riesgo modificables para que se fomenten estilos de vida saludables.     <\/p><\/div><\/div><\/div>\n<div class=\"wp-block-uagb-faq uagb-faq__outer-wrap uagb-block-07d58159 uagb-faq-icon-row-reverse uagb-faq-layout-accordion uagb-faq-expand-first-false uagb-faq-inactive-other-true uagb-faq__wrap uagb-buttons-layout-wrap uagb-faq-equal-height     \" data-faqtoggle=\"true\" role=\"tablist\"><div class=\"wp-block-uagb-faq-child uagb-faq-child__outer-wrap uagb-faq-item uagb-block-24e60ec9 \" role=\"tab\" tabindex=\"0\"><div class=\"uagb-faq-questions-button uagb-faq-questions\">\t\t\t<span class=\"uagb-icon uagb-faq-icon-wrap\">\n\t\t\t\t\t\t\t\t<svg xmlns=\"https:\/\/www.w3.org\/2000\/svg\" viewBox= \"0 0 448 512\"><path d=\"M432 256c0 17.69-14.33 32.01-32 32.01H256v144c0 17.69-14.33 31.99-32 31.99s-32-14.3-32-31.99v-144H48c-17.67 0-32-14.32-32-32.01s14.33-31.99 32-31.99H192v-144c0-17.69 14.33-32.01 32-32.01s32 14.32 32 32.01v144h144C417.7 224 432 238.3 432 256z\"><\/path><\/svg>\n\t\t\t\t\t\t\t<\/span>\n\t\t\t\t\t\t<span class=\"uagb-icon-active uagb-faq-icon-wrap\">\n\t\t\t\t\t\t\t<\/span>\n\t\t\t<span class=\"uagb-question\"><strong>Objetivos<\/strong><\/span><\/div><div class=\"uagb-faq-content\"><p>El <a href=\"https:\/\/peachd4health.eu\/\">proyecto PEACHD<\/a> <strong>(EU4H-2022-PJ-3)<\/strong> tiene como objetivo desarrollar y evaluar una <strong>intervenci\u00f3n breve<\/strong> integrada de detecci\u00f3n y asesoramiento de los principales factores modificables de riesgo de enfermedades cr\u00f3nicas (tabaquismo, alcohol, inactividad f\u00edsica, dieta poco saludable, obesidad y exposici\u00f3n al sol) basada en el modelo BRIEF de la O.  <br><br>Los objetivos espec\u00edficos de PEACHD son:  <br><br>&#8211; Desarrollar un <strong>programa presencial<\/strong> y una <strong>herramienta digital<\/strong> para realizar la breve intervenci\u00f3n integrada de diversos factores de riesgo modificables.<br> &#8211; Ofrecer formaci\u00f3n sobre la breve intervenci\u00f3n integrada a profesionales sanitarios, principalmente de la atenci\u00f3n primaria y comunitaria.<br> &#8211; Ofrecer y evaluar la intervenci\u00f3n integrada a <strong>31.000 personas<\/strong> de la poblaci\u00f3n general, teniendo en cuenta el nivel socioecon\u00f3mico y los ejes de desigualdad de las poblaciones, especialmente si se trata de poblaci\u00f3n inmigrante o exiliada.  <br><\/p><\/div><\/div><div class=\"wp-block-uagb-faq-child uagb-faq-child__outer-wrap uagb-faq-item uagb-block-7502faf6 \" role=\"tab\" tabindex=\"0\"><div class=\"uagb-faq-questions-button uagb-faq-questions\">\t\t\t<span class=\"uagb-icon uagb-faq-icon-wrap\">\n\t\t\t\t\t\t\t\t<svg xmlns=\"https:\/\/www.w3.org\/2000\/svg\" viewBox= \"0 0 448 512\"><path d=\"M432 256c0 17.69-14.33 32.01-32 32.01H256v144c0 17.69-14.33 31.99-32 31.99s-32-14.3-32-31.99v-144H48c-17.67 0-32-14.32-32-32.01s14.33-31.99 32-31.99H192v-144c0-17.69 14.33-32.01 32-32.01s32 14.32 32 32.01v144h144C417.7 224 432 238.3 432 256z\"><\/path><\/svg>\n\t\t\t\t\t\t\t<\/span>\n\t\t\t\t\t\t<span class=\"uagb-icon-active uagb-faq-icon-wrap\">\n\t\t\t\t\t\t\t<\/span>\n\t\t\t<span class=\"uagb-question\"><strong>M\u00e9todos<\/strong><\/span><\/div><div class=\"uagb-faq-content\"><p>PEACHD es un proyecto enmarcado en la <strong>Ciencia de la Implementaci\u00f3n<\/strong> en el que se adaptar\u00e1, pondr\u00e1 en pr\u00e1ctica y evaluar\u00e1 el enfoque BRIEF de la OMS-UE en distintos contextos europeos, centr\u00e1ndose especialmente en el apoyo a las poblaciones desplazadas de Ucrania ya los grupos socioecon\u00f3micos m\u00e1s bajos para abordar las desigualdades en salud.  <br>  La acci\u00f3n utilizar\u00e1 un proceso participativo para alinearse con los objetivos de la Acci\u00f3n Conjunta de la UE sobre el c\u00e1ncer y otras enfermedades no transmisibles y para definir, co-crear y adaptar las herramientas de intervenci\u00f3n.  <br>  Estas herramientas se pondr\u00e1n a prueba para determinar su viabilidad en tres Estados miembros de la UE: <strong>Polonia<\/strong> , <strong>Rep\u00fablica Checa<\/strong> y <strong>Espa\u00f1a<\/strong> (Catalu\u00f1a). Se prestar\u00e1 especial atenci\u00f3n a dos grupos vulnerables: inmigrantes y personas desplazadas (particularmente refugiados ucranianos) y poblaciones de bajo nivel socioecon\u00f3mico.   <\/p><\/div><\/div><div class=\"wp-block-uagb-faq-child uagb-faq-child__outer-wrap uagb-faq-item uagb-block-076be222 \" role=\"tab\" tabindex=\"0\"><div class=\"uagb-faq-questions-button uagb-faq-questions\">\t\t\t<span class=\"uagb-icon uagb-faq-icon-wrap\">\n\t\t\t\t\t\t\t\t<svg xmlns=\"https:\/\/www.w3.org\/2000\/svg\" viewBox= \"0 0 448 512\"><path d=\"M432 256c0 17.69-14.33 32.01-32 32.01H256v144c0 17.69-14.33 31.99-32 31.99s-32-14.3-32-31.99v-144H48c-17.67 0-32-14.32-32-32.01s14.33-31.99 32-31.99H192v-144c0-17.69 14.33-32.01 32-32.01s32 14.32 32 32.01v144h144C417.7 224 432 238.3 432 256z\"><\/path><\/svg>\n\t\t\t\t\t\t\t<\/span>\n\t\t\t\t\t\t<span class=\"uagb-icon-active uagb-faq-icon-wrap\">\n\t\t\t\t\t\t\t<\/span>\n\t\t\t<span class=\"uagb-question\"><strong>Duraci\u00f3n<\/strong><\/span><\/div><div class=\"uagb-faq-content\"><p>3 a\u00f1os (febrero de 2024 \u2013 febrero de 2027)  <\/p><\/div><\/div><div class=\"wp-block-uagb-faq-child uagb-faq-child__outer-wrap uagb-faq-item uagb-block-f17a63bd \" role=\"tab\" tabindex=\"0\"><div class=\"uagb-faq-questions-button uagb-faq-questions\">\t\t\t<span class=\"uagb-icon uagb-faq-icon-wrap\">\n\t\t\t\t\t\t\t\t<svg xmlns=\"https:\/\/www.w3.org\/2000\/svg\" viewBox= \"0 0 448 512\"><path d=\"M432 256c0 17.69-14.33 32.01-32 32.01H256v144c0 17.69-14.33 31.99-32 31.99s-32-14.3-32-31.99v-144H48c-17.67 0-32-14.32-32-32.01s14.33-31.99 32-31.99H192v-144c0-17.69 14.33-32.01 32-32.01s32 14.32 32 32.01v144h144C417.7 224 432 238.3 432 256z\"><\/path><\/svg>\n\t\t\t\t\t\t\t<\/span>\n\t\t\t\t\t\t<span class=\"uagb-icon-active uagb-faq-icon-wrap\">\n\t\t\t\t\t\t\t<\/span>\n\t\t\t<span class=\"uagb-question\"><strong>Financiaci\u00f3n<\/strong><\/span><\/div><div class=\"uagb-faq-content\"><p>1.249.999,68 euros  <\/p><\/div><\/div><div class=\"wp-block-uagb-faq-child uagb-faq-child__outer-wrap uagb-faq-item uagb-block-8b0e255c \" role=\"tab\" tabindex=\"0\"><div class=\"uagb-faq-questions-button uagb-faq-questions\">\t\t\t<span class=\"uagb-icon uagb-faq-icon-wrap\">\n\t\t\t\t\t\t\t\t<svg xmlns=\"https:\/\/www.w3.org\/2000\/svg\" viewBox= \"0 0 448 512\"><path d=\"M432 256c0 17.69-14.33 32.01-32 32.01H256v144c0 17.69-14.33 31.99-32 31.99s-32-14.3-32-31.99v-144H48c-17.67 0-32-14.32-32-32.01s14.33-31.99 32-31.99H192v-144c0-17.69 14.33-32.01 32-32.01s32 14.32 32 32.01v144h144C417.7 224 432 238.3 432 256z\"><\/path><\/svg>\n\t\t\t\t\t\t\t<\/span>\n\t\t\t\t\t\t<span class=\"uagb-icon-active uagb-faq-icon-wrap\">\n\t\t\t\t\t\t\t<\/span>\n\t\t\t<span class=\"uagb-question\"><strong>Coordinaci\u00f3n<\/strong><\/span><\/div><div class=\"uagb-faq-content\"><p>Fundaci\u00f3n de Investigaci\u00f3n Cl\u00ednico Barcelona- Instituto de Investigaciones Biom\u00e9dicas August Pi i Sunyer (FRCB-IDIBAPS \u2013 Spain)  <\/p><\/div><\/div><div class=\"wp-block-uagb-faq-child uagb-faq-child__outer-wrap uagb-faq-item uagb-block-da622fa5 \" role=\"tab\" tabindex=\"0\"><div class=\"uagb-faq-questions-button uagb-faq-questions\">\t\t\t<span class=\"uagb-icon uagb-faq-icon-wrap\">\n\t\t\t\t\t\t\t\t<svg xmlns=\"https:\/\/www.w3.org\/2000\/svg\" viewBox= \"0 0 448 512\"><path d=\"M432 256c0 17.69-14.33 32.01-32 32.01H256v144c0 17.69-14.33 31.99-32 31.99s-32-14.3-32-31.99v-144H48c-17.67 0-32-14.32-32-32.01s14.33-31.99 32-31.99H192v-144c0-17.69 14.33-32.01 32-32.01s32 14.32 32 32.01v144h144C417.7 224 432 238.3 432 256z\"><\/path><\/svg>\n\t\t\t\t\t\t\t<\/span>\n\t\t\t\t\t\t<span class=\"uagb-icon-active uagb-faq-icon-wrap\">\n\t\t\t\t\t\t\t<\/span>\n\t\t\t<span class=\"uagb-question\"><strong>Socios del proyecto e investigador principal<\/strong><\/span><\/div><div class=\"uagb-faq-content\"><p>Fundaci\u00f3n de Investigaci\u00f3n Cl\u00ednico Barcelona- Instituto de Investigaciones Biom\u00e9dicas August Pi i Sunyer (FRCB-IDIBAPS \u2013 Spain)<br> Hospital Cl\u00ednico de Barcelona (HCB \u2013 Spain)<br> Instituto Catal\u00e1n de Oncolog\u00eda (ICO \u2013 Spain)<br> Fundaci\u00f3n Instituto de Investigaci\u00f3n Biom\u00e9dica de Bellvitge (IDIBELL \u2013 Spain)<br> Warszawski Uniwersytet Medyczny (MUW \u2013 Poland)<br> Univerzita Karlova (CUNI &#8211; Czechia)<br> Departamento de Salud \u2013 Generalidad de Catalu\u00f1a (GENCAT \u2013 Spain)<br> Servico de Intervencao nos Comportamentos Aditivos y nariz Dependencias (SICAD \u2013 Portugal)<br><br> Investigador principal: Hugo L\u00f3pez (Hospital Cl\u00ednic)  <\/p><\/div><\/div><div class=\"wp-block-uagb-faq-child uagb-faq-child__outer-wrap uagb-faq-item uagb-block-43ba4076 \" role=\"tab\" tabindex=\"0\"><div class=\"uagb-faq-questions-button uagb-faq-questions\">\t\t\t<span class=\"uagb-icon uagb-faq-icon-wrap\">\n\t\t\t\t\t\t\t\t<svg xmlns=\"https:\/\/www.w3.org\/2000\/svg\" viewBox= \"0 0 448 512\"><path d=\"M432 256c0 17.69-14.33 32.01-32 32.01H256v144c0 17.69-14.33 31.99-32 31.99s-32-14.3-32-31.99v-144H48c-17.67 0-32-14.32-32-32.01s14.33-31.99 32-31.99H192v-144c0-17.69 14.33-32.01 32-32.01s32 14.32 32 32.01v144h144C417.7 224 432 238.3 432 256z\"><\/path><\/svg>\n\t\t\t\t\t\t\t<\/span>\n\t\t\t\t\t\t<span class=\"uagb-icon-active uagb-faq-icon-wrap\">\n\t\t\t\t\t\t\t<\/span>\n\t\t\t<span class=\"uagb-question\"><strong>Equipo de Investigaci\u00f3n UCT<\/strong><\/span><\/div><div class=\"uagb-faq-content\"><p>Dra. Cristina Mart\u00ednez (IP: WP3)<br> Laura Perdiguero (Project manager)<br> Olena Tigova<br> Montse Ballb\u00e8 <\/p><\/div><\/div><div class=\"wp-block-uagb-faq-child uagb-faq-child__outer-wrap uagb-faq-item uagb-block-faa63e9c \" role=\"tab\" tabindex=\"0\"><div class=\"uagb-faq-questions-button uagb-faq-questions\">\t\t\t<span class=\"uagb-icon uagb-faq-icon-wrap\">\n\t\t\t\t\t\t\t\t<svg xmlns=\"https:\/\/www.w3.org\/2000\/svg\" viewBox= \"0 0 448 512\"><path d=\"M432 256c0 17.69-14.33 32.01-32 32.01H256v144c0 17.69-14.33 31.99-32 31.99s-32-14.3-32-31.99v-144H48c-17.67 0-32-14.32-32-32.01s14.33-31.99 32-31.99H192v-144c0-17.69 14.33-32.01 32-32.01s32 14.32 32 32.01v144h144C417.7 224 432 238.3 432 256z\"><\/path><\/svg>\n\t\t\t\t\t\t\t<\/span>\n\t\t\t\t\t\t<span class=\"uagb-icon-active uagb-faq-icon-wrap\">\n\t\t\t\t\t\t\t<\/span>\n\t\t\t<span class=\"uagb-question\"><strong>Publicaciones cient\u00edficas<\/strong><\/span><\/div><div class=\"uagb-faq-content\"><p>A\u00fan no hay publicaciones&#8230;<br><\/p><\/div><\/div><\/div>\n<div class=\"wp-block-media-text is-stacked-on-mobile\" style=\"grid-template-columns:21% auto\"><figure class=\"wp-block-media-text__media\"><img loading=\"lazy\" decoding=\"async\" width=\"640\" height=\"134\" src=\"https:\/\/icoprevencio.cat\/uct\/wp-content\/uploads\/sites\/10\/2025\/07\/image.jpeg\" alt=\"\" class=\"wp-image-13390 size-full\" srcset=\"https:\/\/icoprevencio.cat\/uct\/wp-content\/uploads\/sites\/10\/2025\/07\/image.jpeg 640w, https:\/\/icoprevencio.cat\/uct\/wp-content\/uploads\/sites\/10\/2025\/07\/image-300x63.jpeg 300w, https:\/\/icoprevencio.cat\/uct\/wp-content\/uploads\/sites\/10\/2025\/07\/image-500x105.jpeg 500w\" sizes=\"auto, (max-width: 640px) 100vw, 640px\" \/><\/figure><div class=\"wp-block-media-text__content\">\n<p class=\"has-small-font-size\">Este trabajo se produce entre el PEACHD contrato (Piloting European Action on Cancer Health Determinants, Grant Agreement No. 101129260, <a href=\"http:\/\/www.peachd4health.eu\/\" target=\"_blank\" rel=\"noreferrer noopener\">www.peachd4health.eu<\/a> ) con el Health and Digital Executive Agency (HaDEA) of the European Commission. The information and any pensation set of this material reflects the views only of the authors, and the Commission cannot be held responsible for any use which may be made of the information contained therein.   <\/p>\n<\/div><\/div>\n\n<div style=\"height:131px\" aria-hidden=\"true\" class=\"wp-block-spacer\"><\/div>\n\n<p><\/p>\n","protected":false},"excerpt":{"rendered":"<p>Este trabajo se produce entre el PEACHD contrato (Piloting European Action on Cancer Health Determinants, Grant Agreement No. 101129260, www.peachd4health.eu ) con el Health and Digital Executive Agency (HaDEA) of the European Commission. The information and any pensation set of this material reflects the views only of the authors, and the Commission cannot be held [&hellip;]<\/p>\n","protected":false},"author":28,"featured_media":0,"parent":0,"menu_order":0,"comment_status":"closed","ping_status":"closed","template":"","meta":{"_uag_custom_page_level_css":"","site-sidebar-layout":"default","site-content-layout":"","ast-site-content-layout":"default","site-content-style":"default","site-sidebar-style":"default","ast-global-header-display":"","ast-banner-title-visibility":"","ast-main-header-display":"","ast-hfb-above-header-display":"","ast-hfb-below-header-display":"","ast-hfb-mobile-header-display":"","site-post-title":"disabled","ast-breadcrumbs-content":"","ast-featured-img":"","footer-sml-layout":"","ast-disable-related-posts":"","theme-transparent-header-meta":"","adv-header-id-meta":"","stick-header-meta":"","header-above-stick-meta":"","header-main-stick-meta":"","header-below-stick-meta":"","astra-migrate-meta-layouts":"default","ast-page-background-enabled":"default","ast-page-background-meta":{"desktop":{"background-color":"var(--ast-global-color-4)","background-image":"","background-repeat":"repeat","background-position":"center center","background-size":"auto","background-attachment":"scroll","background-type":"","background-media":"","overlay-type":"","overlay-color":"","overlay-opacity":"","overlay-gradient":""},"tablet":{"background-color":"","background-image":"","background-repeat":"repeat","background-position":"center center","background-size":"auto","background-attachment":"scroll","background-type":"","background-media":"","overlay-type":"","overlay-color":"","overlay-opacity":"","overlay-gradient":""},"mobile":{"background-color":"","background-image":"","background-repeat":"repeat","background-position":"center center","background-size":"auto","background-attachment":"scroll","background-type":"","background-media":"","overlay-type":"","overlay-color":"","overlay-opacity":"","overlay-gradient":""}},"ast-content-background-meta":{"desktop":{"background-color":"var(--ast-global-color-5)","background-image":"","background-repeat":"repeat","background-position":"center center","background-size":"auto","background-attachment":"scroll","background-type":"","background-media":"","overlay-type":"","overlay-color":"","overlay-opacity":"","overlay-gradient":""},"tablet":{"background-color":"var(--ast-global-color-5)","background-image":"","background-repeat":"repeat","background-position":"center center","background-size":"auto","background-attachment":"scroll","background-type":"","background-media":"","overlay-type":"","overlay-color":"","overlay-opacity":"","overlay-gradient":""},"mobile":{"background-color":"var(--ast-global-color-5)","background-image":"","background-repeat":"repeat","background-position":"center center","background-size":"auto","background-attachment":"scroll","background-type":"","background-media":"","overlay-type":"","overlay-color":"","overlay-opacity":"","overlay-gradient":""}},"_vp_format_video_url":"","_vp_image_focal_point":[],"footnotes":""},"class_list":["post-13450","page","type-page","status-publish","hentry"],"uagb_featured_image_src":{"full":false,"thumbnail":false,"medium":false,"medium_large":false,"large":false,"1536x1536":false,"2048x2048":false,"vp_sm":false,"vp_md":false,"vp_lg":false,"vp_xl":false,"vp_sm_popup":false,"vp_md_popup":false,"vp_xl_popup":false},"uagb_author_info":{"display_name":"clara","author_link":"https:\/\/icoprevencio.cat\/uct\/es\/author\/clara\/"},"uagb_comment_info":0,"uagb_excerpt":"Este trabajo se produce entre el PEACHD contrato (Piloting European Action on Cancer Health Determinants, Grant Agreement No. 101129260, www.peachd4health.eu ) con el Health and Digital Executive Agency (HaDEA) of the European Commission. The information and any pensation set of this material reflects the views only of the authors, and the Commission cannot be held&hellip;","_links":{"self":[{"href":"https:\/\/icoprevencio.cat\/uct\/es\/wp-json\/wp\/v2\/pages\/13450","targetHints":{"allow":["GET"]}}],"collection":[{"href":"https:\/\/icoprevencio.cat\/uct\/es\/wp-json\/wp\/v2\/pages"}],"about":[{"href":"https:\/\/icoprevencio.cat\/uct\/es\/wp-json\/wp\/v2\/types\/page"}],"author":[{"embeddable":true,"href":"https:\/\/icoprevencio.cat\/uct\/es\/wp-json\/wp\/v2\/users\/28"}],"replies":[{"embeddable":true,"href":"https:\/\/icoprevencio.cat\/uct\/es\/wp-json\/wp\/v2\/comments?post=13450"}],"version-history":[{"count":2,"href":"https:\/\/icoprevencio.cat\/uct\/es\/wp-json\/wp\/v2\/pages\/13450\/revisions"}],"predecessor-version":[{"id":13452,"href":"https:\/\/icoprevencio.cat\/uct\/es\/wp-json\/wp\/v2\/pages\/13450\/revisions\/13452"}],"wp:attachment":[{"href":"https:\/\/icoprevencio.cat\/uct\/es\/wp-json\/wp\/v2\/media?parent=13450"}],"curies":[{"name":"wp","href":"https:\/\/api.w.org\/{rel}","templated":true}]}}