{"id":13473,"date":"2025-07-15T13:22:55","date_gmt":"2025-07-15T12:22:55","guid":{"rendered":"https:\/\/icoprevencio.cat\/uct\/hogares-sin-humo\/"},"modified":"2025-07-15T13:25:35","modified_gmt":"2025-07-15T12:25:35","slug":"hogares-sin-humo","status":"publish","type":"page","link":"https:\/\/icoprevencio.cat\/uct\/es\/hogares-sin-humo\/","title":{"rendered":"HOGARES SIN HUMO"},"content":{"rendered":"\n<div class=\"wp-block-uagb-container uagb-block-709c37ea alignfull uagb-is-root-container\"><div class=\"uagb-container-inner-blocks-wrap\">\n<div class=\"wp-block-uagb-info-box uagb-block-353171f0 uagb-infobox__content-wrap  uagb-infobox-icon-above-title uagb-infobox-image-valign-top wp-block-uagb-info-box--has-margin\"><div class=\"uagb-infobox-margin-wrapper\"><div class=\"uagb-ifb-content\"><div class=\"uagb-ifb-title-wrap\"><h2 class=\"uagb-ifb-title\"><strong>Proyectos en curso<\/strong><\/h2><\/div><\/div><\/div><\/div>\n<\/div><\/div>\n\n<div style=\"height:60px\" aria-hidden=\"true\" class=\"wp-block-spacer\"><\/div>\n\n<div class=\"wp-block-uagb-image uagb-block-71d5725e wp-block-uagb-image--layout-default wp-block-uagb-image--effect-static wp-block-uagb-image--align-none\"><figure class=\"wp-block-uagb-image__figure\"><img decoding=\"async\" src=\"https:\/\/icoprevencio.cat\/uct\/wp-content\/uploads\/sites\/10\/2025\/03\/LSF_Positiu.png\" alt=\"\" class=\"uag-image-12402\" width=\"376\" height=\"206\" title=\"LSF_Positivo\" loading=\"lazy\" role=\"img\"><\/figure><\/div>\n\n<div class=\"wp-block-uagb-info-box uagb-block-9271b190 uagb-infobox__content-wrap  uagb-infobox-icon-above-title uagb-infobox-image-valign-top wp-block-uagb-info-box--has-margin\"><div class=\"uagb-infobox-margin-wrapper\"><div class=\"uagb-ifb-content\"><div class=\"uagb-ifb-title-wrap\"><h3 class=\"uagb-ifb-title\">Efectividad de una intervenci\u00f3n basada en la evidencia para promover hogares sin humo de tabaco: ensayo controlado aleatorizado<\/h3><\/div><p class=\"uagb-ifb-desc\">El humo ambiental de tabaco (FAT) es una mezcla de humo exhalado por un fumador y humo del extremo encendido de un cigarrillo. <strong>La exposici\u00f3n al FAT es un problema de salud p\u00fablica importante porque causa diversas enfermedades potencialmente mortales<\/strong> , como el c\u00e1ncer de pulm\u00f3n, el accidente vascular cerebral (AVC), la enfermedad pulmonar obstructiva cr\u00f3nica (EPOC) y la cardiopat\u00eda isqu\u00e9mica en adultos. Adem\u00e1s, los ni\u00f1os y ni\u00f1as expuestas en el FAT tienen m\u00e1s riesgo de sufrir el s\u00edndrome de muerte s\u00fabita del lactante (SMSL), infecciones respiratorias agudas, otitis media y asma grave. Si bien el tabaquismo y la exposici\u00f3n al humo ambiental del tabaco en la mayor\u00eda de los lugares p\u00fablicos se ha reducido gracias a las regulaciones libres de humo, la exposici\u00f3n al FAT en lugares privados, como son los hogares, sigue siendo frecuente y representa un importante reto de salud p\u00fablica.  <br \/><br \/>Actualmente, en Espa\u00f1a, se permite fumar dentro del hogar, lo que resulta en un porcentaje muy alto de fumadores que lo hacen dentro de su hogar y en una <strong>alta carga de exposici\u00f3n al FAT tanto para adultos como para ni\u00f1os<\/strong> . Adem\u00e1s, esta situaci\u00f3n se ha visto agravada con las medidas de restricci\u00f3n de la COVID-19. En Espa\u00f1a, no se ofrece soporte integral y sistem\u00e1tico a nivel nacional o local a las personas que quieren crear hogares libres de humo, que representa una carencia significativa por parte de los servicios de prevenci\u00f3n de la salud. Por tanto, existe una necesidad importante de introducir las intervenciones eficaces y ofrecerlas a la poblaci\u00f3n espa\u00f1ola.   <br \/><br \/><strong><a href=\"https:\/\/forms.office.com\/Pages\/ResponsePage.aspx?id=3CeUOw7TvEOMBv9yU2dv7IIvBBHL2gRHoW9XHFMItKNUQzZUTVFLTEg2SDVINjFWQTJMN0Q1MkpKRC4u\">Si es representante de la Asociaci\u00f3n de Familias de Alumnos (AFA) en Catalu\u00f1a y le interesa apuntarse al proyecto, por favor, rellene este breve formulario.<\/a><\/strong><\/p><\/div><\/div><\/div>\n<div class=\"wp-block-uagb-faq uagb-faq__outer-wrap uagb-block-07d58159 uagb-faq-icon-row-reverse uagb-faq-layout-accordion uagb-faq-expand-first-false uagb-faq-inactive-other-true uagb-faq__wrap uagb-buttons-layout-wrap uagb-faq-equal-height     \" data-faqtoggle=\"true\" role=\"tablist\"><div class=\"wp-block-uagb-faq-child uagb-faq-child__outer-wrap uagb-faq-item uagb-block-24e60ec9 \" role=\"tab\" tabindex=\"0\"><div class=\"uagb-faq-questions-button uagb-faq-questions\">\t\t\t<span class=\"uagb-icon uagb-faq-icon-wrap\">\n\t\t\t\t\t\t\t\t<svg xmlns=\"https:\/\/www.w3.org\/2000\/svg\" viewBox= \"0 0 448 512\"><path d=\"M432 256c0 17.69-14.33 32.01-32 32.01H256v144c0 17.69-14.33 31.99-32 31.99s-32-14.3-32-31.99v-144H48c-17.67 0-32-14.32-32-32.01s14.33-31.99 32-31.99H192v-144c0-17.69 14.33-32.01 32-32.01s32 14.32 32 32.01v144h144C417.7 224 432 238.3 432 256z\"><\/path><\/svg>\n\t\t\t\t\t\t\t<\/span>\n\t\t\t\t\t\t<span class=\"uagb-icon-active uagb-faq-icon-wrap\">\n\t\t\t\t\t\t\t<\/span>\n\t\t\t<span class=\"uagb-question\"><strong>Objetivos<\/strong><\/span><\/div><div class=\"uagb-faq-content\"><p>El objetivo principal del proyecto es evaluar la efectividad de una intervenci\u00f3n basada en la evidencia para crear hogares libres de humo en hogares con ni\u00f1os y ni\u00f1as.<br><br>Los objetivos espec\u00edficos son:<br><br>1. Adaptar y probar la viabilidad de una intervenci\u00f3n basada en la evidencia con el fin de promover hogares libres de humo del tabaco en el contexto espa\u00f1ol entre hogares con ni\u00f1os y ni\u00f1as.<br>2. Evaluar la efectividad a medio plazo (a los 3 y 6 meses despu\u00e9s del inicio) de la intervenci\u00f3n en t\u00e9rminos de prohibiciones totales de fumar y de una disminuci\u00f3n de la exposici\u00f3n al FAT en los hogares con ni\u00f1os y ni\u00f1as.<br>3. Caracterizar los factores socioecon\u00f3micos tanto individuales como de contexto que impactan en la efectividad de la intervenci\u00f3n.<br>4. Determinar la efectividad de la intervenci\u00f3n considerando los moderadores demogr\u00e1ficos y los factores relacionados con el tabaquismo.<br>5. Analizar la implementaci\u00f3n de la intervenci\u00f3n en t\u00e9rminos de adopci\u00f3n, alcance, fidelidad y otros indicadores de implementaci\u00f3n.<br><\/p><\/div><\/div><div class=\"wp-block-uagb-faq-child uagb-faq-child__outer-wrap uagb-faq-item uagb-block-7502faf6 \" role=\"tab\" tabindex=\"0\"><div class=\"uagb-faq-questions-button uagb-faq-questions\">\t\t\t<span class=\"uagb-icon uagb-faq-icon-wrap\">\n\t\t\t\t\t\t\t\t<svg xmlns=\"https:\/\/www.w3.org\/2000\/svg\" viewBox= \"0 0 448 512\"><path d=\"M432 256c0 17.69-14.33 32.01-32 32.01H256v144c0 17.69-14.33 31.99-32 31.99s-32-14.3-32-31.99v-144H48c-17.67 0-32-14.32-32-32.01s14.33-31.99 32-31.99H192v-144c0-17.69 14.33-32.01 32-32.01s32 14.32 32 32.01v144h144C417.7 224 432 238.3 432 256z\"><\/path><\/svg>\n\t\t\t\t\t\t\t<\/span>\n\t\t\t\t\t\t<span class=\"uagb-icon-active uagb-faq-icon-wrap\">\n\t\t\t\t\t\t\t<\/span>\n\t\t\t<span class=\"uagb-question\"><strong>M\u00e9todos<\/strong><\/span><\/div><div class=\"uagb-faq-content\"><p>Realizaremos un ensayo controlado aleatorizado (estudio h\u00edbrido tipo 2). La poblaci\u00f3n diana de esta intervenci\u00f3n son las familias con ni\u00f1os y ni\u00f1as (\u226412 a\u00f1os) y al menos un fumador que permitan fumar en el hogar y que residan en el \u00c1rea Metropolitana de Barcelona. Los participantes en el ensayo ser\u00e1n asignados aleatoriamente al grupo intervenci\u00f3n (GI, 201 familias) y al grupo control (GC, 201 familias). Reclutaremos a los participantes partiendo de las asociaciones de familias de alumnos de escuelas primarias del \u00c1rea Metropolitana de Barcelona. La intervenci\u00f3n que evaluaremos fue desarrollada por el equipo del Proyecto \u201cSmoke-Free Homes\u201d de la Escuela de Salud Publica de Rollins, Universidad de Emory. La intervenci\u00f3n est\u00e1 organizada en 5 pasos (Decidir; Hablar; Elegir una fecha; Adoptar el cambio; y Seguir as\u00ed) y se realiza durante 6 semanas en intervalos de 2 semanas (primer env\u00edo de los materiales, llamada de asesor\u00eda y dos env\u00edos m\u00e1s). La intervenci\u00f3n se entregar\u00e1 \u00fanicamente en el GI. Los participantes del GC recibir\u00e1n un breve consejo (tr\u00edptico) sobre hogares libres de humo. Todos los participantes proporcionar\u00e1n el consentimiento informado antes de la aleatorizaci\u00f3n. Los datos sobre la efectividad de la intervenci\u00f3n y la implementaci\u00f3n se recopilar\u00e1n al principio, a los 3 meses ya los 6 despu\u00e9s de la entrega de la intervenci\u00f3n. El resultado primario de la eficacia de la intervenci\u00f3n que se va a medir es la prevalencia de hogares con prohibici\u00f3n total de fumar durante los seguimientos (autorreportado). Resultados secundarios: nivel de exposici\u00f3n al humo ambiental del tabaco en los seguimientos (nicotina en el aire y autorreportada). El proceso de implementaci\u00f3n ser\u00e1 evaluado mediante el modelo RE-AIM.            <br><\/p><\/div><\/div><div class=\"wp-block-uagb-faq-child uagb-faq-child__outer-wrap uagb-faq-item uagb-block-076be222 \" role=\"tab\" tabindex=\"0\"><div class=\"uagb-faq-questions-button uagb-faq-questions\">\t\t\t<span class=\"uagb-icon uagb-faq-icon-wrap\">\n\t\t\t\t\t\t\t\t<svg xmlns=\"https:\/\/www.w3.org\/2000\/svg\" viewBox= \"0 0 448 512\"><path d=\"M432 256c0 17.69-14.33 32.01-32 32.01H256v144c0 17.69-14.33 31.99-32 31.99s-32-14.3-32-31.99v-144H48c-17.67 0-32-14.32-32-32.01s14.33-31.99 32-31.99H192v-144c0-17.69 14.33-32.01 32-32.01s32 14.32 32 32.01v144h144C417.7 224 432 238.3 432 256z\"><\/path><\/svg>\n\t\t\t\t\t\t\t<\/span>\n\t\t\t\t\t\t<span class=\"uagb-icon-active uagb-faq-icon-wrap\">\n\t\t\t\t\t\t\t<\/span>\n\t\t\t<span class=\"uagb-question\"><strong>Duraci\u00f3n<\/strong><\/span><\/div><div class=\"uagb-faq-content\"><p>Enero 2022- junio 2026<\/p><\/div><\/div><div class=\"wp-block-uagb-faq-child uagb-faq-child__outer-wrap uagb-faq-item uagb-block-f17a63bd \" role=\"tab\" tabindex=\"0\"><div class=\"uagb-faq-questions-button uagb-faq-questions\">\t\t\t<span class=\"uagb-icon uagb-faq-icon-wrap\">\n\t\t\t\t\t\t\t\t<svg xmlns=\"https:\/\/www.w3.org\/2000\/svg\" viewBox= \"0 0 448 512\"><path d=\"M432 256c0 17.69-14.33 32.01-32 32.01H256v144c0 17.69-14.33 31.99-32 31.99s-32-14.3-32-31.99v-144H48c-17.67 0-32-14.32-32-32.01s14.33-31.99 32-31.99H192v-144c0-17.69 14.33-32.01 32-32.01s32 14.32 32 32.01v144h144C417.7 224 432 238.3 432 256z\"><\/path><\/svg>\n\t\t\t\t\t\t\t<\/span>\n\t\t\t\t\t\t<span class=\"uagb-icon-active uagb-faq-icon-wrap\">\n\t\t\t\t\t\t\t<\/span>\n\t\t\t<span class=\"uagb-question\"><strong>Financiaci\u00f3n<\/strong><\/span><\/div><div class=\"uagb-faq-content\"><p>Subvenci\u00f3n PI21\/00818, AES-ISCIII (114.950,00 \u20ac).<\/p><\/div><\/div><div class=\"wp-block-uagb-faq-child uagb-faq-child__outer-wrap uagb-faq-item uagb-block-da622fa5 \" role=\"tab\" tabindex=\"0\"><div class=\"uagb-faq-questions-button uagb-faq-questions\">\t\t\t<span class=\"uagb-icon uagb-faq-icon-wrap\">\n\t\t\t\t\t\t\t\t<svg xmlns=\"https:\/\/www.w3.org\/2000\/svg\" viewBox= \"0 0 448 512\"><path d=\"M432 256c0 17.69-14.33 32.01-32 32.01H256v144c0 17.69-14.33 31.99-32 31.99s-32-14.3-32-31.99v-144H48c-17.67 0-32-14.32-32-32.01s14.33-31.99 32-31.99H192v-144c0-17.69 14.33-32.01 32-32.01s32 14.32 32 32.01v144h144C417.7 224 432 238.3 432 256z\"><\/path><\/svg>\n\t\t\t\t\t\t\t<\/span>\n\t\t\t\t\t\t<span class=\"uagb-icon-active uagb-faq-icon-wrap\">\n\t\t\t\t\t\t\t<\/span>\n\t\t\t<span class=\"uagb-question\"><strong>Equipo investigador<\/strong><\/span><\/div><div class=\"uagb-faq-content\"><p>Esteve Fern\u00e1ndez<br> Olena Tigova<br> Isabel Barroso<br> Yolanda Catal\u00e0<br> Laura Ant\u00f3n<br> Dolores Carnicer-Pont<br> Angelina Gonz\u00e1lez (Public Health Agency of Catalonia)<br> Carmen Cab\u00e9zas (Public Health Agency of Catalonia)<br><\/p><\/div><\/div><div class=\"wp-block-uagb-faq-child uagb-faq-child__outer-wrap uagb-faq-item uagb-block-43ba4076 \" role=\"tab\" tabindex=\"0\"><div class=\"uagb-faq-questions-button uagb-faq-questions\">\t\t\t<span class=\"uagb-icon uagb-faq-icon-wrap\">\n\t\t\t\t\t\t\t\t<svg xmlns=\"https:\/\/www.w3.org\/2000\/svg\" viewBox= \"0 0 448 512\"><path d=\"M432 256c0 17.69-14.33 32.01-32 32.01H256v144c0 17.69-14.33 31.99-32 31.99s-32-14.3-32-31.99v-144H48c-17.67 0-32-14.32-32-32.01s14.33-31.99 32-31.99H192v-144c0-17.69 14.33-32.01 32-32.01s32 14.32 32 32.01v144h144C417.7 224 432 238.3 432 256z\"><\/path><\/svg>\n\t\t\t\t\t\t\t<\/span>\n\t\t\t\t\t\t<span class=\"uagb-icon-active uagb-faq-icon-wrap\">\n\t\t\t\t\t\t\t<\/span>\n\t\t\t<span class=\"uagb-question\"><strong>Investigadores colaboradores<\/strong><\/span><\/div><div class=\"uagb-faq-content\"><p>Cristina Mart\u00ednez<br> Armando Peruga<br> Mar\u00eda Jos\u00e9 L\u00f3pez (Public Health Agency of Barcelona)<br> Michelle Kegler (Emory University)<br> \u0141ucja Bundy (Emory University)<br> Shad\u00e9 Owolabi (Emory University)<br><\/p><\/div><\/div><div class=\"wp-block-uagb-faq-child uagb-faq-child__outer-wrap uagb-faq-item uagb-block-faa63e9c \" role=\"tab\" tabindex=\"0\"><div class=\"uagb-faq-questions-button uagb-faq-questions\">\t\t\t<span class=\"uagb-icon uagb-faq-icon-wrap\">\n\t\t\t\t\t\t\t\t<svg xmlns=\"https:\/\/www.w3.org\/2000\/svg\" viewBox= \"0 0 448 512\"><path d=\"M432 256c0 17.69-14.33 32.01-32 32.01H256v144c0 17.69-14.33 31.99-32 31.99s-32-14.3-32-31.99v-144H48c-17.67 0-32-14.32-32-32.01s14.33-31.99 32-31.99H192v-144c0-17.69 14.33-32.01 32-32.01s32 14.32 32 32.01v144h144C417.7 224 432 238.3 432 256z\"><\/path><\/svg>\n\t\t\t\t\t\t\t<\/span>\n\t\t\t\t\t\t<span class=\"uagb-icon-active uagb-faq-icon-wrap\">\n\t\t\t\t\t\t\t<\/span>\n\t\t\t<span class=\"uagb-question\"><strong>Publicaciones cient\u00edficas<\/strong><\/span><\/div><div class=\"uagb-faq-content\"><p>A\u00fan no hay publicaciones&#8230;<br><\/p><\/div><\/div><\/div>\n<div style=\"height:131px\" aria-hidden=\"true\" class=\"wp-block-spacer\"><\/div>\n","protected":false},"excerpt":{"rendered":"","protected":false},"author":28,"featured_media":0,"parent":0,"menu_order":0,"comment_status":"closed","ping_status":"closed","template":"","meta":{"_uag_custom_page_level_css":"","site-sidebar-layout":"default","site-content-layout":"","ast-site-content-layout":"default","site-content-style":"default","site-sidebar-style":"default","ast-global-header-display":"","ast-banner-title-visibility":"","ast-main-header-display":"","ast-hfb-above-header-display":"","ast-hfb-below-header-display":"","ast-hfb-mobile-header-display":"","site-post-title":"disabled","ast-breadcrumbs-content":"","ast-featured-img":"","footer-sml-layout":"","ast-disable-related-posts":"","theme-transparent-header-meta":"","adv-header-id-meta":"","stick-header-meta":"","header-above-stick-meta":"","header-main-stick-meta":"","header-below-stick-meta":"","astra-migrate-meta-layouts":"default","ast-page-background-enabled":"default","ast-page-background-meta":{"desktop":{"background-color":"var(--ast-global-color-4)","background-image":"","background-repeat":"repeat","background-position":"center center","background-size":"auto","background-attachment":"scroll","background-type":"","background-media":"","overlay-type":"","overlay-color":"","overlay-opacity":"","overlay-gradient":""},"tablet":{"background-color":"","background-image":"","background-repeat":"repeat","background-position":"center center","background-size":"auto","background-attachment":"scroll","background-type":"","background-media":"","overlay-type":"","overlay-color":"","overlay-opacity":"","overlay-gradient":""},"mobile":{"background-color":"","background-image":"","background-repeat":"repeat","background-position":"center center","background-size":"auto","background-attachment":"scroll","background-type":"","background-media":"","overlay-type":"","overlay-color":"","overlay-opacity":"","overlay-gradient":""}},"ast-content-background-meta":{"desktop":{"background-color":"var(--ast-global-color-5)","background-image":"","background-repeat":"repeat","background-position":"center center","background-size":"auto","background-attachment":"scroll","background-type":"","background-media":"","overlay-type":"","overlay-color":"","overlay-opacity":"","overlay-gradient":""},"tablet":{"background-color":"var(--ast-global-color-5)","background-image":"","background-repeat":"repeat","background-position":"center center","background-size":"auto","background-attachment":"scroll","background-type":"","background-media":"","overlay-type":"","overlay-color":"","overlay-opacity":"","overlay-gradient":""},"mobile":{"background-color":"var(--ast-global-color-5)","background-image":"","background-repeat":"repeat","background-position":"center center","background-size":"auto","background-attachment":"scroll","background-type":"","background-media":"","overlay-type":"","overlay-color":"","overlay-opacity":"","overlay-gradient":""}},"_vp_format_video_url":"","_vp_image_focal_point":[],"footnotes":""},"class_list":["post-13473","page","type-page","status-publish","hentry"],"uagb_featured_image_src":{"full":false,"thumbnail":false,"medium":false,"medium_large":false,"large":false,"1536x1536":false,"2048x2048":false,"vp_sm":false,"vp_md":false,"vp_lg":false,"vp_xl":false,"vp_sm_popup":false,"vp_md_popup":false,"vp_xl_popup":false},"uagb_author_info":{"display_name":"clara","author_link":"https:\/\/icoprevencio.cat\/uct\/es\/author\/clara\/"},"uagb_comment_info":0,"uagb_excerpt":null,"_links":{"self":[{"href":"https:\/\/icoprevencio.cat\/uct\/es\/wp-json\/wp\/v2\/pages\/13473","targetHints":{"allow":["GET"]}}],"collection":[{"href":"https:\/\/icoprevencio.cat\/uct\/es\/wp-json\/wp\/v2\/pages"}],"about":[{"href":"https:\/\/icoprevencio.cat\/uct\/es\/wp-json\/wp\/v2\/types\/page"}],"author":[{"embeddable":true,"href":"https:\/\/icoprevencio.cat\/uct\/es\/wp-json\/wp\/v2\/users\/28"}],"replies":[{"embeddable":true,"href":"https:\/\/icoprevencio.cat\/uct\/es\/wp-json\/wp\/v2\/comments?post=13473"}],"version-history":[{"count":2,"href":"https:\/\/icoprevencio.cat\/uct\/es\/wp-json\/wp\/v2\/pages\/13473\/revisions"}],"predecessor-version":[{"id":13475,"href":"https:\/\/icoprevencio.cat\/uct\/es\/wp-json\/wp\/v2\/pages\/13473\/revisions\/13475"}],"wp:attachment":[{"href":"https:\/\/icoprevencio.cat\/uct\/es\/wp-json\/wp\/v2\/media?parent=13473"}],"curies":[{"name":"wp","href":"https:\/\/api.w.org\/{rel}","templated":true}]}}