{"id":13534,"date":"2025-07-15T13:53:28","date_gmt":"2025-07-15T12:53:28","guid":{"rendered":"https:\/\/icoprevencio.cat\/uct\/jatc1\/"},"modified":"2025-07-18T08:33:52","modified_gmt":"2025-07-18T07:33:52","slug":"jatc1","status":"publish","type":"page","link":"https:\/\/icoprevencio.cat\/uct\/es\/jatc1\/","title":{"rendered":"JATC1"},"content":{"rendered":"\n<div class=\"wp-block-uagb-container uagb-block-709c37ea alignfull uagb-is-root-container\"><div class=\"uagb-container-inner-blocks-wrap\">\n<div class=\"wp-block-uagb-info-box uagb-block-353171f0 uagb-infobox__content-wrap  uagb-infobox-icon-above-title uagb-infobox-image-valign-top wp-block-uagb-info-box--has-margin\"><div class=\"uagb-infobox-margin-wrapper\"><div class=\"uagb-ifb-content\"><div class=\"uagb-ifb-title-wrap\"><h2 class=\"uagb-ifb-title\"><strong>Proyectos anteriores<\/strong><\/h2><\/div><\/div><\/div><\/div>\n<\/div><\/div>\n\n<div style=\"height:60px\" aria-hidden=\"true\" class=\"wp-block-spacer\"><\/div>\n\n<div class=\"wp-block-uagb-image uagb-block-71d5725e wp-block-uagb-image--layout-default wp-block-uagb-image--effect-static wp-block-uagb-image--align-none\"><figure class=\"wp-block-uagb-image__figure\"><img decoding=\"async\" src=\"https:\/\/icoprevencio.cat\/uct\/wp-content\/uploads\/sites\/10\/2024\/12\/JATC.jpg\" alt=\"\" class=\"uag-image-12132\" width=\"550\" height=\"210\" title=\"JATC\" loading=\"lazy\" role=\"img\"><\/figure><\/div>\n\n<div class=\"wp-block-uagb-info-box uagb-block-9271b190 uagb-infobox__content-wrap  uagb-infobox-icon-above-title uagb-infobox-image-valign-top wp-block-uagb-info-box--has-margin\"><div class=\"uagb-infobox-margin-wrapper\"><div class=\"uagb-ifb-content\"><div class=\"uagb-ifb-title-wrap\"><h3 class=\"uagb-ifb-title\">Acci\u00f3n conjunta sobre el control del tabaco<\/h3><\/div><p class=\"uagb-ifb-desc\">El consumo de cigarrillos y otras formas de tabaco se considera la causa m\u00e1s importante de morbilidad y mortalidad precoz en todo el mundo. Los esfuerzos por reducir la devastaci\u00f3n de muertes y enfermedades relacionadas con el tabaco en la Uni\u00f3n Europea consisten en la Directiva sobre los Productos del Tabaco (TPD) y la Convenio Marco de la Organizaci\u00f3n Mundial de la Salud (OMS) sobre el Control del Tabaco (CMCT). El TPD establece normas que regulan la fabricaci\u00f3n, presentaci\u00f3n y venta de tabaco y productos afines. El TPD estipula que los Estados miembros exigen que los fabricantes e importadores de productos del tabaco entreguen a la informaci\u00f3n de sus autoridades competentes informaci\u00f3n a trav\u00e9s de una puerta de entrada com\u00fan (EU-CEG): una herramienta inform\u00e1tica dise\u00f1ada para garantizar una aplicaci\u00f3n uniforme de las obligaciones de informaci\u00f3n y notificaci\u00f3n, armonizar la presentaci\u00f3n de datos, facilita la comparaci\u00f3n.   <\/p><\/div><\/div><\/div>\n<div class=\"wp-block-uagb-faq uagb-faq__outer-wrap uagb-block-07d58159 uagb-faq-icon-row-reverse uagb-faq-layout-accordion uagb-faq-expand-first-false uagb-faq-inactive-other-true uagb-faq__wrap uagb-buttons-layout-wrap uagb-faq-equal-height     \" data-faqtoggle=\"true\" role=\"tablist\"><div class=\"wp-block-uagb-faq-child uagb-faq-child__outer-wrap uagb-faq-item uagb-block-24e60ec9 \" role=\"tab\" tabindex=\"0\"><div class=\"uagb-faq-questions-button uagb-faq-questions\">\t\t\t<span class=\"uagb-icon uagb-faq-icon-wrap\">\n\t\t\t\t\t\t\t\t<svg xmlns=\"https:\/\/www.w3.org\/2000\/svg\" viewBox= \"0 0 448 512\"><path d=\"M432 256c0 17.69-14.33 32.01-32 32.01H256v144c0 17.69-14.33 31.99-32 31.99s-32-14.3-32-31.99v-144H48c-17.67 0-32-14.32-32-32.01s14.33-31.99 32-31.99H192v-144c0-17.69 14.33-32.01 32-32.01s32 14.32 32 32.01v144h144C417.7 224 432 238.3 432 256z\"><\/path><\/svg>\n\t\t\t\t\t\t\t<\/span>\n\t\t\t\t\t\t<span class=\"uagb-icon-active uagb-faq-icon-wrap\">\n\t\t\t\t\t\t\t<\/span>\n\t\t\t<span class=\"uagb-question\"><strong>Objetivos<\/strong><\/span><\/div><div class=\"uagb-faq-content\"><p>El objetivo general de la Acci\u00f3n Conjunta sobre el Control del Tabaco ser\u00e1 apoyar la implementaci\u00f3n del TPD en los 28 Estados miembros de la UE a trav\u00e9s de los an\u00e1lisis de datos EU-CEG, el apoyo de colaboraciones de laboratorio y el esfuerzo por evaluar los aditivos prioritarios.<br><br>Los objetivos espec\u00edficos del proyecto son:<br>&#8211; Asegurar la adecuada coordinaci\u00f3n y evaluaci\u00f3n de la informaci\u00f3n recibida<br>&#8211; Apoyar la difusi\u00f3n de informaci\u00f3n al p\u00fablico, reguladores e investigadores<br>&#8211; Mejorar la facilidad de acceso a los datos recopilados a trav\u00e9s de la UE-CEG<br>&#8211; Monitorizar y apoyar las tareas de regulaci\u00f3n de productos del tabaco y cigarrillos electr\u00f3nicos<br>&#8211; Asistir a la creaci\u00f3n de redes de EM de la UE y colaboraciones entre laboratorios para la evaluaci\u00f3n del tabaco<br>&#8211; Apoyar a la UE en el proceso de seguimiento y actualizaci\u00f3n de los aditivos prioritarios<br>&#8211; Integrar los resultados del JATC en las pol\u00edticas nacionales<br><\/p><\/div><\/div><div class=\"wp-block-uagb-faq-child uagb-faq-child__outer-wrap uagb-faq-item uagb-block-9be3fce9 \" role=\"tab\" tabindex=\"0\"><div class=\"uagb-faq-questions-button uagb-faq-questions\">\t\t\t<span class=\"uagb-icon uagb-faq-icon-wrap\">\n\t\t\t\t\t\t\t\t<svg xmlns=\"https:\/\/www.w3.org\/2000\/svg\" viewBox= \"0 0 448 512\"><path d=\"M432 256c0 17.69-14.33 32.01-32 32.01H256v144c0 17.69-14.33 31.99-32 31.99s-32-14.3-32-31.99v-144H48c-17.67 0-32-14.32-32-32.01s14.33-31.99 32-31.99H192v-144c0-17.69 14.33-32.01 32-32.01s32 14.32 32 32.01v144h144C417.7 224 432 238.3 432 256z\"><\/path><\/svg>\n\t\t\t\t\t\t\t<\/span>\n\t\t\t\t\t\t<span class=\"uagb-icon-active uagb-faq-icon-wrap\">\n\t\t\t\t\t\t\t<\/span>\n\t\t\t<span class=\"uagb-question\"><strong>Metodolog\u00eda<\/strong><\/span><\/div><div class=\"uagb-faq-content\"><p>Objetivo 1: Se utilizan los datos de la Encuesta Nacional de Salud de Espa\u00f1a (ENSE) 2011-12. Se describe la poblaci\u00f3n a riesgo en todo el territorio espa\u00f1ol y estratificado por sexo y por comunidad aut\u00f3noma. <br><br>Objetivo 2: Se explora la historia cl\u00ednica electr\u00f3nica de Atenci\u00f3n Primaria. Se selecciona la poblaci\u00f3n asignada y la poblaci\u00f3n atendida en la Regi\u00f3n Sanitaria de Barcelona considerando dos grupos de edad: 35-49 a\u00f1os (potencialmente a riesgo) y 50-75 a\u00f1os (alto riesgo). Se comparan los resultados con la proporci\u00f3n te\u00f3rica obtenida con ENSE y se calculan intervalos de confianza de proporciones para estimar diferencias estad\u00edsticamente significativas entre ambos grupos.  <br><br>Objetivo 3: Se estudia una cohorte hipot\u00e9tica con las caracter\u00edsticas de la poblaci\u00f3n adulta con alto riesgo de desarrollar un c\u00e1ncer de pulm\u00f3n y de la poblaci\u00f3n potencialmente a riesgo utilizando los datos de la ENSE 2011-12. y cribado organizado. Para determinar la eficacia de cada una de las intervenciones se realiza una revisi\u00f3n sistem\u00e1tica de la literatura para obtener diferentes porcentajes de abandono del consumo. Se compara el escenario basal (no intervenci\u00f3n) con tres estrategias preventivas, que combinan intervenciones de prevenci\u00f3n primaria y secundaria aplicadas a ambos grupos de poblaci\u00f3n.   <br><br>Objetivo 4: Se considera a la poblaci\u00f3n a riesgo calculada a partir de la ENSE 2011-12. Se estiman y comparan dos escenarios, el escenario actual y nuevos escenarios hipot\u00e9ticos derivados de la introducci\u00f3n de las distintas estrategias, contemplando distintos porcentajes de implementaci\u00f3n de las intervenciones. <\/p><\/div><\/div><div class=\"wp-block-uagb-faq-child uagb-faq-child__outer-wrap uagb-faq-item uagb-block-076be222 \" role=\"tab\" tabindex=\"0\"><div class=\"uagb-faq-questions-button uagb-faq-questions\">\t\t\t<span class=\"uagb-icon uagb-faq-icon-wrap\">\n\t\t\t\t\t\t\t\t<svg xmlns=\"https:\/\/www.w3.org\/2000\/svg\" viewBox= \"0 0 448 512\"><path d=\"M432 256c0 17.69-14.33 32.01-32 32.01H256v144c0 17.69-14.33 31.99-32 31.99s-32-14.3-32-31.99v-144H48c-17.67 0-32-14.32-32-32.01s14.33-31.99 32-31.99H192v-144c0-17.69 14.33-32.01 32-32.01s32 14.32 32 32.01v144h144C417.7 224 432 238.3 432 256z\"><\/path><\/svg>\n\t\t\t\t\t\t\t<\/span>\n\t\t\t\t\t\t<span class=\"uagb-icon-active uagb-faq-icon-wrap\">\n\t\t\t\t\t\t\t<\/span>\n\t\t\t<span class=\"uagb-question\"><strong>Duraci\u00f3n<\/strong><\/span><\/div><div class=\"uagb-faq-content\"><p>36 meses a partir del 10\/16\/2017 hasta el 15\/10\/2020<\/p><\/div><\/div><div class=\"wp-block-uagb-faq-child uagb-faq-child__outer-wrap uagb-faq-item uagb-block-f17a63bd \" role=\"tab\" tabindex=\"0\"><div class=\"uagb-faq-questions-button uagb-faq-questions\">\t\t\t<span class=\"uagb-icon uagb-faq-icon-wrap\">\n\t\t\t\t\t\t\t\t<svg xmlns=\"https:\/\/www.w3.org\/2000\/svg\" viewBox= \"0 0 448 512\"><path d=\"M432 256c0 17.69-14.33 32.01-32 32.01H256v144c0 17.69-14.33 31.99-32 31.99s-32-14.3-32-31.99v-144H48c-17.67 0-32-14.32-32-32.01s14.33-31.99 32-31.99H192v-144c0-17.69 14.33-32.01 32-32.01s32 14.32 32 32.01v144h144C417.7 224 432 238.3 432 256z\"><\/path><\/svg>\n\t\t\t\t\t\t\t<\/span>\n\t\t\t\t\t\t<span class=\"uagb-icon-active uagb-faq-icon-wrap\">\n\t\t\t\t\t\t\t<\/span>\n\t\t\t<span class=\"uagb-question\"><strong>Financiaci\u00f3n<\/strong><\/span><\/div><div class=\"uagb-faq-content\"><p>Granto N\u00ba 761297 Comisi\u00f3n Europea CHAFEA (2.498.773,08 \u20ac)<\/p><\/div><\/div><div class=\"wp-block-uagb-faq-child uagb-faq-child__outer-wrap uagb-faq-item uagb-block-43ba4076 \" role=\"tab\" tabindex=\"0\"><div class=\"uagb-faq-questions-button uagb-faq-questions\">\t\t\t<span class=\"uagb-icon uagb-faq-icon-wrap\">\n\t\t\t\t\t\t\t\t<svg xmlns=\"https:\/\/www.w3.org\/2000\/svg\" viewBox= \"0 0 448 512\"><path d=\"M432 256c0 17.69-14.33 32.01-32 32.01H256v144c0 17.69-14.33 31.99-32 31.99s-32-14.3-32-31.99v-144H48c-17.67 0-32-14.32-32-32.01s14.33-31.99 32-31.99H192v-144c0-17.69 14.33-32.01 32-32.01s32 14.32 32 32.01v144h144C417.7 224 432 238.3 432 256z\"><\/path><\/svg>\n\t\t\t\t\t\t\t<\/span>\n\t\t\t\t\t\t<span class=\"uagb-icon-active uagb-faq-icon-wrap\">\n\t\t\t\t\t\t\t<\/span>\n\t\t\t<span class=\"uagb-question\"><strong>Investigador<\/strong> <strong>principal<\/strong><\/span><\/div><div class=\"uagb-faq-content\"><p>Dr. Panagiotis Behrakis (Sociedad Hel\u00e9nica del C\u00e1ncer, Grecia)<\/p><\/div><\/div><div class=\"wp-block-uagb-faq-child uagb-faq-child__outer-wrap uagb-faq-item uagb-block-faa63e9c \" role=\"tab\" tabindex=\"0\"><div class=\"uagb-faq-questions-button uagb-faq-questions\">\t\t\t<span class=\"uagb-icon uagb-faq-icon-wrap\">\n\t\t\t\t\t\t\t\t<svg xmlns=\"https:\/\/www.w3.org\/2000\/svg\" viewBox= \"0 0 448 512\"><path d=\"M432 256c0 17.69-14.33 32.01-32 32.01H256v144c0 17.69-14.33 31.99-32 31.99s-32-14.3-32-31.99v-144H48c-17.67 0-32-14.32-32-32.01s14.33-31.99 32-31.99H192v-144c0-17.69 14.33-32.01 32-32.01s32 14.32 32 32.01v144h144C417.7 224 432 238.3 432 256z\"><\/path><\/svg>\n\t\t\t\t\t\t\t<\/span>\n\t\t\t\t\t\t<span class=\"uagb-icon-active uagb-faq-icon-wrap\">\n\t\t\t\t\t\t\t<\/span>\n\t\t\t<span class=\"uagb-question\"><strong>Publicaciones cient\u00edficas<\/strong><\/span><\/div><div class=\"uagb-faq-content\"><p>Carnicero-Puente D, Tigova O, Havermans A, Remue E, Ferech M, Vejdovszky K et al. Tobacco producidos en el European Union Common Entry Gate (EU-CEG): A tool para monitorear los EU tobacco productos directive. <em>Tobacco Prevention &amp; Cessation<\/em> . 2022;8(March):10. doi: <a href=\"http:\/\/www.tobaccopreventioncessation.com\/Tobacco-products-in-the-European-Union-Common-Entry-Gate-EU-CEG-A-tool-for-monitoring,145501,0,2.html\" target=\"_blank\" rel=\"noreferrer noopener\">10.18332\/tpc\/145501<\/a> .   <\/p><\/div><\/div><\/div>\n<div style=\"height:131px\" aria-hidden=\"true\" class=\"wp-block-spacer\"><\/div>\n\n<p><\/p>\n","protected":false},"excerpt":{"rendered":"","protected":false},"author":28,"featured_media":0,"parent":0,"menu_order":0,"comment_status":"closed","ping_status":"closed","template":"","meta":{"_uag_custom_page_level_css":"","site-sidebar-layout":"default","site-content-layout":"","ast-site-content-layout":"default","site-content-style":"default","site-sidebar-style":"default","ast-global-header-display":"","ast-banner-title-visibility":"","ast-main-header-display":"","ast-hfb-above-header-display":"","ast-hfb-below-header-display":"","ast-hfb-mobile-header-display":"","site-post-title":"disabled","ast-breadcrumbs-content":"","ast-featured-img":"","footer-sml-layout":"","ast-disable-related-posts":"","theme-transparent-header-meta":"","adv-header-id-meta":"","stick-header-meta":"","header-above-stick-meta":"","header-main-stick-meta":"","header-below-stick-meta":"","astra-migrate-meta-layouts":"default","ast-page-background-enabled":"default","ast-page-background-meta":{"desktop":{"background-color":"var(--ast-global-color-4)","background-image":"","background-repeat":"repeat","background-position":"center center","background-size":"auto","background-attachment":"scroll","background-type":"","background-media":"","overlay-type":"","overlay-color":"","overlay-opacity":"","overlay-gradient":""},"tablet":{"background-color":"","background-image":"","background-repeat":"repeat","background-position":"center center","background-size":"auto","background-attachment":"scroll","background-type":"","background-media":"","overlay-type":"","overlay-color":"","overlay-opacity":"","overlay-gradient":""},"mobile":{"background-color":"","background-image":"","background-repeat":"repeat","background-position":"center center","background-size":"auto","background-attachment":"scroll","background-type":"","background-media":"","overlay-type":"","overlay-color":"","overlay-opacity":"","overlay-gradient":""}},"ast-content-background-meta":{"desktop":{"background-color":"var(--ast-global-color-5)","background-image":"","background-repeat":"repeat","background-position":"center center","background-size":"auto","background-attachment":"scroll","background-type":"","background-media":"","overlay-type":"","overlay-color":"","overlay-opacity":"","overlay-gradient":""},"tablet":{"background-color":"var(--ast-global-color-5)","background-image":"","background-repeat":"repeat","background-position":"center center","background-size":"auto","background-attachment":"scroll","background-type":"","background-media":"","overlay-type":"","overlay-color":"","overlay-opacity":"","overlay-gradient":""},"mobile":{"background-color":"var(--ast-global-color-5)","background-image":"","background-repeat":"repeat","background-position":"center center","background-size":"auto","background-attachment":"scroll","background-type":"","background-media":"","overlay-type":"","overlay-color":"","overlay-opacity":"","overlay-gradient":""}},"_vp_format_video_url":"","_vp_image_focal_point":[],"footnotes":""},"class_list":["post-13534","page","type-page","status-publish","hentry"],"uagb_featured_image_src":{"full":false,"thumbnail":false,"medium":false,"medium_large":false,"large":false,"1536x1536":false,"2048x2048":false,"vp_sm":false,"vp_md":false,"vp_lg":false,"vp_xl":false,"vp_sm_popup":false,"vp_md_popup":false,"vp_xl_popup":false},"uagb_author_info":{"display_name":"clara","author_link":"https:\/\/icoprevencio.cat\/uct\/es\/author\/clara\/"},"uagb_comment_info":0,"uagb_excerpt":null,"_links":{"self":[{"href":"https:\/\/icoprevencio.cat\/uct\/es\/wp-json\/wp\/v2\/pages\/13534","targetHints":{"allow":["GET"]}}],"collection":[{"href":"https:\/\/icoprevencio.cat\/uct\/es\/wp-json\/wp\/v2\/pages"}],"about":[{"href":"https:\/\/icoprevencio.cat\/uct\/es\/wp-json\/wp\/v2\/types\/page"}],"author":[{"embeddable":true,"href":"https:\/\/icoprevencio.cat\/uct\/es\/wp-json\/wp\/v2\/users\/28"}],"replies":[{"embeddable":true,"href":"https:\/\/icoprevencio.cat\/uct\/es\/wp-json\/wp\/v2\/comments?post=13534"}],"version-history":[{"count":2,"href":"https:\/\/icoprevencio.cat\/uct\/es\/wp-json\/wp\/v2\/pages\/13534\/revisions"}],"predecessor-version":[{"id":13954,"href":"https:\/\/icoprevencio.cat\/uct\/es\/wp-json\/wp\/v2\/pages\/13534\/revisions\/13954"}],"wp:attachment":[{"href":"https:\/\/icoprevencio.cat\/uct\/es\/wp-json\/wp\/v2\/media?parent=13534"}],"curies":[{"name":"wp","href":"https:\/\/api.w.org\/{rel}","templated":true}]}}