{"id":13550,"date":"2025-07-15T14:42:31","date_gmt":"2025-07-15T13:42:31","guid":{"rendered":"https:\/\/icoprevencio.cat\/uct\/patron-de-uso-aceptabilidad-y-percepcion-de-riesgo-de-los-cigarrillos-electronicos\/"},"modified":"2025-07-15T14:42:35","modified_gmt":"2025-07-15T13:42:35","slug":"patron-de-uso-aceptabilidad-y-percepcion-de-riesgo-de-los-cigarrillos-electronicos","status":"publish","type":"page","link":"https:\/\/icoprevencio.cat\/uct\/es\/patron-de-uso-aceptabilidad-y-percepcion-de-riesgo-de-los-cigarrillos-electronicos\/","title":{"rendered":"Patr\u00f3n de uso, aceptabilidad y percepci\u00f3n de riesgo de los cigarrillos electr\u00f3nicos"},"content":{"rendered":"\n<div class=\"wp-block-uagb-container uagb-block-709c37ea alignfull uagb-is-root-container\"><div class=\"uagb-container-inner-blocks-wrap\">\n<div class=\"wp-block-uagb-info-box uagb-block-353171f0 uagb-infobox__content-wrap  uagb-infobox-icon-above-title uagb-infobox-image-valign-top wp-block-uagb-info-box--has-margin\"><div class=\"uagb-infobox-margin-wrapper\"><div class=\"uagb-ifb-content\"><div class=\"uagb-ifb-title-wrap\"><h2 class=\"uagb-ifb-title\"><strong>Proyectos anteriores<\/strong><\/h2><\/div><\/div><\/div><\/div>\n<\/div><\/div>\n\n<div style=\"height:60px\" aria-hidden=\"true\" class=\"wp-block-spacer\"><\/div>\n\n<div class=\"wp-block-uagb-info-box uagb-block-9271b190 uagb-infobox__content-wrap  uagb-infobox-icon-above-title uagb-infobox-image-valign-top wp-block-uagb-info-box--has-margin\"><div class=\"uagb-infobox-margin-wrapper\"><div class=\"uagb-ifb-content\"><div class=\"uagb-ifb-title-wrap\"><h3 class=\"uagb-ifb-title\"><strong>Patr\u00f3n de uso, aceptabilidad y percepci\u00f3n de riesgo de los cigarrillos electr\u00f3nicos: estudio prospectivo de cohortes con biomarcadores<\/strong><\/h3><\/div><p class=\"uagb-ifb-desc\">En la actualidad, el inter\u00e9s por los cigarrillos electr\u00f3nicos ha aumentado por parte de la poblaci\u00f3n fumadora y algunos investigadores. El cigarrillo electr\u00f3nico es un aparato electr\u00f3nico con forma de cigarrillo (tambi\u00e9n hay dispositivos con puro o pipa) que vaporiza una mezcla de nicotina, propilenglicol y otros compuestos qu\u00edmicos. Su utilizaci\u00f3n simula el uso de los cigarrillos convencionales, mediante la inhalaci\u00f3n del vapor producido. El aparato consta de una bater\u00eda recargable, un atomizador y un dep\u00f3sito o cartucho que contiene el l\u00edquido a vaporizar. Durante los primeros a\u00f1os, los cigarrillos electr\u00f3nicos y sus productos relacionados s\u00f3lo se pod\u00edan adquirir por Internet; sin embargo, al igual que ha ocurrido en otros pa\u00edses, las tiendas especializadas donde se pueden adquirir e-cigarrillos proliferaron en las ciudades espa\u00f1olas durante el a\u00f1o 2013, aunque parece que su n\u00famero se ha reducido durante el \u00faltimo a\u00f1o.<br \/> Desde la irrupci\u00f3n del cigarrillo electr\u00f3nico en el mercado se ha creado una polarizaci\u00f3n, tanto entre los investigadores como en la poblaci\u00f3n, sobre sus riesgos y beneficios. Algunos investigadores y ciudadanos, colectivos de usuarios y activistas, defienden los cigarrillos electr\u00f3nicos como una herramienta \u00fatil para dejar de fumar o reducir el consumo de tabaco; incluso se sugieren como una herramienta de reducci\u00f3n de da\u00f1o para los fumadores. Sin embargo, autoridades sanitarias, otros investigadores y activistas del control del tabaco consideran al cigarrillo electr\u00f3nico como una v\u00eda para volver a normalizar el consumo de tabaco en los centros de trabajo y lugares p\u00fablicos, adem\u00e1s de crear nuevos adictos a la nicotina, especialmente entre la poblaci\u00f3n m\u00e1s joven, y fomentar el uso dual con otros productos del tabaco.      <\/p><\/div><\/div><\/div>\n<div class=\"wp-block-uagb-faq uagb-faq__outer-wrap uagb-block-07d58159 uagb-faq-icon-row-reverse uagb-faq-layout-accordion uagb-faq-expand-first-false uagb-faq-inactive-other-true uagb-faq__wrap uagb-buttons-layout-wrap uagb-faq-equal-height     \" data-faqtoggle=\"true\" role=\"tablist\"><div class=\"wp-block-uagb-faq-child uagb-faq-child__outer-wrap uagb-faq-item uagb-block-24e60ec9 \" role=\"tab\" tabindex=\"0\"><div class=\"uagb-faq-questions-button uagb-faq-questions\">\t\t\t<span class=\"uagb-icon uagb-faq-icon-wrap\">\n\t\t\t\t\t\t\t\t<svg xmlns=\"https:\/\/www.w3.org\/2000\/svg\" viewBox= \"0 0 448 512\"><path d=\"M432 256c0 17.69-14.33 32.01-32 32.01H256v144c0 17.69-14.33 31.99-32 31.99s-32-14.3-32-31.99v-144H48c-17.67 0-32-14.32-32-32.01s14.33-31.99 32-31.99H192v-144c0-17.69 14.33-32.01 32-32.01s32 14.32 32 32.01v144h144C417.7 224 432 238.3 432 256z\"><\/path><\/svg>\n\t\t\t\t\t\t\t<\/span>\n\t\t\t\t\t\t<span class=\"uagb-icon-active uagb-faq-icon-wrap\">\n\t\t\t\t\t\t\t<\/span>\n\t\t\t<span class=\"uagb-question\"><strong>Objetivos<\/strong><\/span><\/div><div class=\"uagb-faq-content\"><p>&#8211; Identificar mediante cuestionario el patr\u00f3n de uso de los cigarrillos electr\u00f3nicos en la ciudad de Barcelona.<br>&#8211; Describir la percepci\u00f3n del riesgo y los motivos de uso del cigarrillo electr\u00f3nico entre sus usuarios.<br>&#8211; Analizar la influencia del uso de cigarrillos electr\u00f3nicos sobre el consumo de tabaco convencional seg\u00fan las caracter\u00edsticas de los usuarios y su patr\u00f3n de consumo.<br>&#8211; Caracterizar los niveles de propilenglicol, y su principal metabolito el propilenglicol-glucur\u00f3nico, en orina y saliva en usuarios de cigarrillos electr\u00f3nicos.<br>&#8211; Comparar los niveles de nicotina, cotinina y carcin\u00f3genos en orina y saliva de los usuarios de cigarrillos electr\u00f3nicos con los de una muestra de fumadoras de cigarrillos convencionales.<br><\/p><\/div><\/div><div class=\"wp-block-uagb-faq-child uagb-faq-child__outer-wrap uagb-faq-item uagb-block-9be3fce9 \" role=\"tab\" tabindex=\"0\"><div class=\"uagb-faq-questions-button uagb-faq-questions\">\t\t\t<span class=\"uagb-icon uagb-faq-icon-wrap\">\n\t\t\t\t\t\t\t\t<svg xmlns=\"https:\/\/www.w3.org\/2000\/svg\" viewBox= \"0 0 448 512\"><path d=\"M432 256c0 17.69-14.33 32.01-32 32.01H256v144c0 17.69-14.33 31.99-32 31.99s-32-14.3-32-31.99v-144H48c-17.67 0-32-14.32-32-32.01s14.33-31.99 32-31.99H192v-144c0-17.69 14.33-32.01 32-32.01s32 14.32 32 32.01v144h144C417.7 224 432 238.3 432 256z\"><\/path><\/svg>\n\t\t\t\t\t\t\t<\/span>\n\t\t\t\t\t\t<span class=\"uagb-icon-active uagb-faq-icon-wrap\">\n\t\t\t\t\t\t\t<\/span>\n\t\t\t<span class=\"uagb-question\"><strong>Metodolog\u00eda<\/strong><\/span><\/div><div class=\"uagb-faq-content\"><p><em>Dise\u00f1o:<\/em> estudio de cohortes con biomarcadoras. <em>Sujetos:<\/em> usuarios de cigarrillos electr\u00f3nicos mayores de 18 a\u00f1os de la ciudad de Barcelona (n=600), seguidos 6 y 12 meses despu\u00e9s del reclutamiento. <em>Variables dependientes:<\/em> uso del cigarrillo electr\u00f3nico, patr\u00f3n de uso (cono y sin nicotina, caladas, l\u00edquidos utilizados, etc.), creencias y percepciones sobre estos dispositivos. <em>Variables independientes:<\/em> variables sociodemogr\u00e1ficas, estado de salud general, consumo de tabaco convencional (actual y previo al uso del cigarrillo electr\u00f3nico), obtenidas mediante cuestionario. <em>Fuentes de informaci\u00f3n:<\/em> cuestionario, muestras biol\u00f3gicas (saliva y orina), muestra de l\u00edquido de recarga.<\/p><\/div><\/div><div class=\"wp-block-uagb-faq-child uagb-faq-child__outer-wrap uagb-faq-item uagb-block-076be222 \" role=\"tab\" tabindex=\"0\"><div class=\"uagb-faq-questions-button uagb-faq-questions\">\t\t\t<span class=\"uagb-icon uagb-faq-icon-wrap\">\n\t\t\t\t\t\t\t\t<svg xmlns=\"https:\/\/www.w3.org\/2000\/svg\" viewBox= \"0 0 448 512\"><path d=\"M432 256c0 17.69-14.33 32.01-32 32.01H256v144c0 17.69-14.33 31.99-32 31.99s-32-14.3-32-31.99v-144H48c-17.67 0-32-14.32-32-32.01s14.33-31.99 32-31.99H192v-144c0-17.69 14.33-32.01 32-32.01s32 14.32 32 32.01v144h144C417.7 224 432 238.3 432 256z\"><\/path><\/svg>\n\t\t\t\t\t\t\t<\/span>\n\t\t\t\t\t\t<span class=\"uagb-icon-active uagb-faq-icon-wrap\">\n\t\t\t\t\t\t\t<\/span>\n\t\t\t<span class=\"uagb-question\"><strong>Duraci\u00f3n<\/strong><\/span><\/div><div class=\"uagb-faq-content\"><p>Tres a\u00f1os (2016-2018).<\/p><\/div><\/div><div class=\"wp-block-uagb-faq-child uagb-faq-child__outer-wrap uagb-faq-item uagb-block-f17a63bd \" role=\"tab\" tabindex=\"0\"><div class=\"uagb-faq-questions-button uagb-faq-questions\">\t\t\t<span class=\"uagb-icon uagb-faq-icon-wrap\">\n\t\t\t\t\t\t\t\t<svg xmlns=\"https:\/\/www.w3.org\/2000\/svg\" viewBox= \"0 0 448 512\"><path d=\"M432 256c0 17.69-14.33 32.01-32 32.01H256v144c0 17.69-14.33 31.99-32 31.99s-32-14.3-32-31.99v-144H48c-17.67 0-32-14.32-32-32.01s14.33-31.99 32-31.99H192v-144c0-17.69 14.33-32.01 32-32.01s32 14.32 32 32.01v144h144C417.7 224 432 238.3 432 256z\"><\/path><\/svg>\n\t\t\t\t\t\t\t<\/span>\n\t\t\t\t\t\t<span class=\"uagb-icon-active uagb-faq-icon-wrap\">\n\t\t\t\t\t\t\t<\/span>\n\t\t\t<span class=\"uagb-question\"><strong>Financiaci\u00f3n<\/strong><\/span><\/div><div class=\"uagb-faq-content\"><p>Ayuda PI15\/00291 (62.920,00 \u20ac, en tres anualidades) del Fondo de Investigaci\u00f3n Sanitaria del Instituto de Salud Carlos III (Fondo Europeo de Desarrollo Regional, FEDER).<br><\/p><\/div><\/div><div class=\"wp-block-uagb-faq-child uagb-faq-child__outer-wrap uagb-faq-item uagb-block-43ba4076 \" role=\"tab\" tabindex=\"0\"><div class=\"uagb-faq-questions-button uagb-faq-questions\">\t\t\t<span class=\"uagb-icon uagb-faq-icon-wrap\">\n\t\t\t\t\t\t\t\t<svg xmlns=\"https:\/\/www.w3.org\/2000\/svg\" viewBox= \"0 0 448 512\"><path d=\"M432 256c0 17.69-14.33 32.01-32 32.01H256v144c0 17.69-14.33 31.99-32 31.99s-32-14.3-32-31.99v-144H48c-17.67 0-32-14.32-32-32.01s14.33-31.99 32-31.99H192v-144c0-17.69 14.33-32.01 32-32.01s32 14.32 32 32.01v144h144C417.7 224 432 238.3 432 256z\"><\/path><\/svg>\n\t\t\t\t\t\t\t<\/span>\n\t\t\t\t\t\t<span class=\"uagb-icon-active uagb-faq-icon-wrap\">\n\t\t\t\t\t\t\t<\/span>\n\t\t\t<span class=\"uagb-question\"><strong>Equipo investigador<\/strong><\/span><\/div><div class=\"uagb-faq-content\"><p><a href=\"https:\/\/icoprevencio.cat\/uct\/?member=jose-maria-martinez\">Jose M. Mart\u00ednez-S\u00e1nchez<\/a> (Inv. Principal, ICO-IDIBELL)<br> <a href=\"https:\/\/icoprevencio.cat\/uct\/?member=esteve-fernandez\">Esteve Fern\u00e1ndez<\/a> (ICO-IDIBELL)<br> <a href=\"https:\/\/icoprevencio.cat\/uct\/?member=marcela-fu\">Marcela Fu<\/a> (ICO-IDIBELL)<br> <a href=\"https:\/\/icoprevencio.cat\/uct\/?member=montse-ballbe\">Montse Ballb\u00e8<\/a> (ICO-IDIBELL)<br> <a href=\"https:\/\/icoprevencio.cat\/uct\/es\/?p=2893\">Esteve Salt\u00f3<\/a> (DS, ICO-IDIBELL)<br> Juan Carlos Mart\u00edn-S\u00e1nchez (UIC)<br> Jos\u00e9 A. Pascual (IMIM)<br> Ra\u00fal P\u00e9rez-Ortu\u00f1o (IMIM)<br><\/p><\/div><\/div><div class=\"wp-block-uagb-faq-child uagb-faq-child__outer-wrap uagb-faq-item uagb-block-faa63e9c \" role=\"tab\" tabindex=\"0\"><div class=\"uagb-faq-questions-button uagb-faq-questions\">\t\t\t<span class=\"uagb-icon uagb-faq-icon-wrap\">\n\t\t\t\t\t\t\t\t<svg xmlns=\"https:\/\/www.w3.org\/2000\/svg\" viewBox= \"0 0 448 512\"><path d=\"M432 256c0 17.69-14.33 32.01-32 32.01H256v144c0 17.69-14.33 31.99-32 31.99s-32-14.3-32-31.99v-144H48c-17.67 0-32-14.32-32-32.01s14.33-31.99 32-31.99H192v-144c0-17.69 14.33-32.01 32-32.01s32 14.32 32 32.01v144h144C417.7 224 432 238.3 432 256z\"><\/path><\/svg>\n\t\t\t\t\t\t\t<\/span>\n\t\t\t\t\t\t<span class=\"uagb-icon-active uagb-faq-icon-wrap\">\n\t\t\t\t\t\t\t<\/span>\n\t\t\t<span class=\"uagb-question\"><strong>Publicaciones cient\u00edficas<\/strong><\/span><\/div><div class=\"uagb-faq-content\"><p>1: Bunch K, Fu M, Ballb\u00e8 M, Matilla-Santadero N, Lid\u00f3n-Moyano C, Martin-Sanchez JC, Fernandez E, Mart\u00ednez-S\u00e1nchez JM. Motivaci\u00f3n y main flavour de uso, uso de nicotina y dual uso de electr\u00f3nicos cigarrillos en Barcelona, Espa\u00f1a: en cross-sectional study. BMJ Open. 2018 Mar 22;8(3):e018329. doi: <a href=\"https:\/\/doi.org\/10.1136\/bmjopen-2017-018329\" target=\"_blank\" rel=\"noreferrer noopener\">10.1136\/bmjopen-2017-018329<\/a> . PMID: <a href=\"https:\/\/pubmed.ncbi.nlm.nih.gov\/29567840\/\" target=\"_blank\" rel=\"noreferrer noopener\">29567840<\/a> ; PMCID: <a href=\"http:\/\/www.ncbi.nlm.nih.gov\/pmc\/articles\/pmc5875655\/\" target=\"_blank\" rel=\"noreferrer noopener\">PMC5875655<\/a> .<br> 2: Matilla-Santander N, Fu M, Ballbe M, Lid\u00f3n-Moyano C, Mart\u00edn-S\u00e1nchez JC, Fern\u00e1ndez E, Mart\u00ednez-S\u00e1nchez JM. Uso de paneles de consumidores en estudios observacionales de salud p\u00fablica [Using consumer panels in public health observational studies]. Gac Sanit. 2017 Sep-Oct;31(5):436-438. Espa\u00f1ol. doi: <a href=\"https:\/\/doi.org\/10.1016\/j.gaceta.2017.03.011\" target=\"_blank\" rel=\"noreferrer noopener\">10.1016\/j.gaceta.2017.03.011<\/a> . Epub 2017 Jun 7. PMID: <a href=\"https:\/\/pubmed.ncbi.nlm.nih.gov\/28595990\/\" target=\"_blank\" rel=\"noreferrer noopener\">28595990<\/a> .<br> 3: Lid\u00f3n-Moyano C, Mart\u00ednez-S\u00e1nchez JM, Fu M, Ballb\u00e8 M, Mart\u00edn-S\u00e1nchez JC, Fern\u00e1ndez E. Prevalencia y perfil de uso del cigarrillo electr\u00f3nico en Espa\u00f1a (2014). Gac Sanit. 2016 Nov-Dec;30(6):432-437. Espa\u00f1ol. doi: <a href=\"https:\/\/doi.org\/10.1016\/j.gaceta.2016.03.010\" target=\"_blank\" rel=\"noreferrer noopener\">10.1016\/j.gaceta.2016.03.010<\/a> . Epub 2016 May 16. PMID: <a href=\"https:\/\/pubmed.ncbi.nlm.nih.gov\/27198921\/\" target=\"_blank\" rel=\"noreferrer noopener\">27198921<\/a> .<br> 4: Matilla-Santander N, Fu M, Ballbe M, Bunch K, Lid\u00f3n-Moyano C, Mart\u00edn-S\u00e1nchez JC, Fern\u00e1ndez E, Mart\u00ednez-S\u00e1nchez JM. Utilice electr\u00f3nico cigarrillo en p\u00fablico y privado en Barcelona (Spain). Environ Nada. 2017 Oct;158:685-690. doi: <a href=\"https:\/\/doi.org\/10.1016\/j.envres.2017.07.019\" target=\"_blank\" rel=\"noreferrer noopener\">10.1016\/j.envres.2017.07.019<\/a> . Epub 2017 Jul 19. PMID: <a href=\"https:\/\/pubmed.ncbi.nlm.nih.gov\/28734255\/\" target=\"_blank\" rel=\"noreferrer noopener\">28734255<\/a> .<br> 5: Mart\u00ednez-S\u00e1nchez JM, Ballb\u00e8 M, P\u00e9rez-Ortu\u00f1o R, Fu M, Alcornoque X, Pascual JA, Peruga A, Fern\u00e1ndez E. Secondhand exponer el aerosol from electronic cigarrillos: piloto estudio de asesoramiento de tobacco-specific nitrosamine (N. Gac Sanit. 2019 Nov-Dec;33(6):575-578. doi: <a href=\"https:\/\/doi.org\/10.1016\/j.gaceta.2018.07.016\" target=\"_blank\" rel=\"noreferrer noopener\">10.1016\/j.gaceta.2018.07.016<\/a> . Epub 2018 Oct 28. PMID: <a href=\"https:\/\/pubmed.ncbi.nlm.nih.gov\/30377020\/\" target=\"_blank\" rel=\"noreferrer noopener\">30377020<\/a> .<br> 6: Moreno S, Gonz\u00e1lez-Marr\u00f3n A, Lid\u00f3n-Moyano C, Carballar R, Mart\u00ednez-L\u00e1inez JM, P\u00e9rez-Mart\u00edn H, Fu M, P\u00e9rez-Ortu\u00f1o R, Ballbe M, Pascual JA, Fern\u00e1ndez E, Clotet J, Mart\u00ednez-S\u00e1nchez JM. Determinaci\u00f3n de soluble angiotensin-converting enzyme 2 en saliva samples and its asociation with nicotine. Environ Nada. 2022 Oct 3;216(Pt 1):114443. doi: <a href=\"https:\/\/doi.org\/10.1016\/j.envres.2022.114443\" target=\"_blank\" rel=\"noreferrer noopener\">10.1016\/j.envres.2022.114443<\/a> . Epub ahead of print. PMID: <a href=\"https:\/\/pubmed.ncbi.nlm.nih.gov\/36195157\/\" target=\"_blank\" rel=\"noreferrer noopener\">36195157<\/a> ; PMCID: <a href=\"http:\/\/www.ncbi.nlm.nih.gov\/pmc\/articles\/pmc9527194\/\" target=\"_blank\" rel=\"noreferrer noopener\">PMC9527194<\/a> .                                 <\/p><\/div><\/div><\/div>\n<div style=\"height:131px\" aria-hidden=\"true\" class=\"wp-block-spacer\"><\/div>\n\n<p><\/p>\n","protected":false},"excerpt":{"rendered":"","protected":false},"author":28,"featured_media":0,"parent":0,"menu_order":0,"comment_status":"closed","ping_status":"closed","template":"","meta":{"_uag_custom_page_level_css":"","site-sidebar-layout":"default","site-content-layout":"","ast-site-content-layout":"default","site-content-style":"default","site-sidebar-style":"default","ast-global-header-display":"","ast-banner-title-visibility":"","ast-main-header-display":"","ast-hfb-above-header-display":"","ast-hfb-below-header-display":"","ast-hfb-mobile-header-display":"","site-post-title":"disabled","ast-breadcrumbs-content":"","ast-featured-img":"","footer-sml-layout":"","ast-disable-related-posts":"","theme-transparent-header-meta":"","adv-header-id-meta":"","stick-header-meta":"","header-above-stick-meta":"","header-main-stick-meta":"","header-below-stick-meta":"","astra-migrate-meta-layouts":"default","ast-page-background-enabled":"default","ast-page-background-meta":{"desktop":{"background-color":"var(--ast-global-color-4)","background-image":"","background-repeat":"repeat","background-position":"center center","background-size":"auto","background-attachment":"scroll","background-type":"","background-media":"","overlay-type":"","overlay-color":"","overlay-opacity":"","overlay-gradient":""},"tablet":{"background-color":"","background-image":"","background-repeat":"repeat","background-position":"center center","background-size":"auto","background-attachment":"scroll","background-type":"","background-media":"","overlay-type":"","overlay-color":"","overlay-opacity":"","overlay-gradient":""},"mobile":{"background-color":"","background-image":"","background-repeat":"repeat","background-position":"center center","background-size":"auto","background-attachment":"scroll","background-type":"","background-media":"","overlay-type":"","overlay-color":"","overlay-opacity":"","overlay-gradient":""}},"ast-content-background-meta":{"desktop":{"background-color":"var(--ast-global-color-5)","background-image":"","background-repeat":"repeat","background-position":"center center","background-size":"auto","background-attachment":"scroll","background-type":"","background-media":"","overlay-type":"","overlay-color":"","overlay-opacity":"","overlay-gradient":""},"tablet":{"background-color":"var(--ast-global-color-5)","background-image":"","background-repeat":"repeat","background-position":"center center","background-size":"auto","background-attachment":"scroll","background-type":"","background-media":"","overlay-type":"","overlay-color":"","overlay-opacity":"","overlay-gradient":""},"mobile":{"background-color":"var(--ast-global-color-5)","background-image":"","background-repeat":"repeat","background-position":"center center","background-size":"auto","background-attachment":"scroll","background-type":"","background-media":"","overlay-type":"","overlay-color":"","overlay-opacity":"","overlay-gradient":""}},"_vp_format_video_url":"","_vp_image_focal_point":[],"footnotes":""},"class_list":["post-13550","page","type-page","status-publish","hentry"],"uagb_featured_image_src":{"full":false,"thumbnail":false,"medium":false,"medium_large":false,"large":false,"1536x1536":false,"2048x2048":false,"vp_sm":false,"vp_md":false,"vp_lg":false,"vp_xl":false,"vp_sm_popup":false,"vp_md_popup":false,"vp_xl_popup":false},"uagb_author_info":{"display_name":"clara","author_link":"https:\/\/icoprevencio.cat\/uct\/es\/author\/clara\/"},"uagb_comment_info":0,"uagb_excerpt":null,"_links":{"self":[{"href":"https:\/\/icoprevencio.cat\/uct\/es\/wp-json\/wp\/v2\/pages\/13550","targetHints":{"allow":["GET"]}}],"collection":[{"href":"https:\/\/icoprevencio.cat\/uct\/es\/wp-json\/wp\/v2\/pages"}],"about":[{"href":"https:\/\/icoprevencio.cat\/uct\/es\/wp-json\/wp\/v2\/types\/page"}],"author":[{"embeddable":true,"href":"https:\/\/icoprevencio.cat\/uct\/es\/wp-json\/wp\/v2\/users\/28"}],"replies":[{"embeddable":true,"href":"https:\/\/icoprevencio.cat\/uct\/es\/wp-json\/wp\/v2\/comments?post=13550"}],"version-history":[{"count":2,"href":"https:\/\/icoprevencio.cat\/uct\/es\/wp-json\/wp\/v2\/pages\/13550\/revisions"}],"predecessor-version":[{"id":13552,"href":"https:\/\/icoprevencio.cat\/uct\/es\/wp-json\/wp\/v2\/pages\/13550\/revisions\/13552"}],"wp:attachment":[{"href":"https:\/\/icoprevencio.cat\/uct\/es\/wp-json\/wp\/v2\/media?parent=13550"}],"curies":[{"name":"wp","href":"https:\/\/api.w.org\/{rel}","templated":true}]}}