{"id":13980,"date":"2025-07-18T08:57:12","date_gmt":"2025-07-18T07:57:12","guid":{"rendered":"https:\/\/icoprevencio.cat\/uct\/tcatsm\/"},"modified":"2025-07-18T08:57:16","modified_gmt":"2025-07-18T07:57:16","slug":"tcatsm","status":"publish","type":"page","link":"https:\/\/icoprevencio.cat\/uct\/es\/tcatsm\/","title":{"rendered":"TCAT+sm"},"content":{"rendered":"\n<div class=\"wp-block-uagb-container uagb-block-709c37ea alignfull uagb-is-root-container\"><div class=\"uagb-container-inner-blocks-wrap\">\n<div class=\"wp-block-uagb-info-box uagb-block-353171f0 uagb-infobox__content-wrap  uagb-infobox-icon-above-title uagb-infobox-image-valign-top wp-block-uagb-info-box--has-margin\"><div class=\"uagb-infobox-margin-wrapper\"><div class=\"uagb-ifb-content\"><div class=\"uagb-ifb-title-wrap\"><h2 class=\"uagb-ifb-title\"><strong>Proyectos en curso<\/strong><\/h2><\/div><\/div><\/div><\/div>\n<\/div><\/div>\n\n<div style=\"height:62px\" aria-hidden=\"true\" class=\"wp-block-spacer\"><\/div>\n\n<div class=\"wp-block-uagb-image uagb-block-71d5725e wp-block-uagb-image--layout-default wp-block-uagb-image--effect-static wp-block-uagb-image--align-none\"><figure class=\"wp-block-uagb-image__figure\"><img decoding=\"async\" src=\"https:\/\/icoprevencio.cat\/uct\/wp-content\/uploads\/sites\/10\/2025\/06\/Logo-TCAT-sm.jpg\" alt=\"\" class=\"uag-image-12987\" width=\"391\" height=\"92\" title=\"Logo-TCAT-sm\" loading=\"lazy\" role=\"img\"><\/figure><\/div>\n\n<div class=\"wp-block-uagb-info-box uagb-block-9271b190 uagb-infobox__content-wrap  uagb-infobox-icon-above-title uagb-infobox-image-valign-top wp-block-uagb-info-box--has-margin\"><div class=\"uagb-infobox-margin-wrapper\"><div class=\"uagb-ifb-content\"><div class=\"uagb-ifb-title-wrap\"><h3 class=\"uagb-ifb-title\">Evaluaci\u00f3n control del tabaco, contaminaci\u00f3n y consumo de tabaco en unidades de salud mental de Catalu\u00f1a<\/h3><\/div><p class=\"uagb-ifb-desc\">La prevalencia de tabaquismo en los pa\u00edses desarrollados va disminuyendo a lo largo de los a\u00f1os, sin embargo, se mantiene estable en la poblaci\u00f3n de personas con trastornos mentales, que tambi\u00e9n fuma mayor cantidad de cigarrillos por d\u00eda que la poblaci\u00f3n general. Los pacientes con trastornos mentales graves pueden morir hasta 20 a\u00f1os antes que la poblaci\u00f3n general, habitualmente debido a enfermedades provocadas o empeoradas por el tabaco. Aunque la prevalencia de fumadores en las unidades hospitalarias de salud mental puede alcanzar hasta un 80%, el consumo de tabaco ha sido un tema habitualmente desatendido por los profesionales de este \u00e1mbito.  <\/p><\/div><\/div><\/div>\n<div class=\"wp-block-uagb-faq uagb-faq__outer-wrap uagb-block-07d58159 uagb-faq-icon-row-reverse uagb-faq-layout-accordion uagb-faq-expand-first-false uagb-faq-inactive-other-true uagb-faq__wrap uagb-buttons-layout-wrap uagb-faq-equal-height     \" data-faqtoggle=\"true\" role=\"tablist\"><div class=\"wp-block-uagb-faq-child uagb-faq-child__outer-wrap uagb-faq-item uagb-block-24e60ec9 \" role=\"tab\" tabindex=\"0\"><div class=\"uagb-faq-questions-button uagb-faq-questions\">\t\t\t<span class=\"uagb-icon uagb-faq-icon-wrap\">\n\t\t\t\t\t\t\t\t<svg xmlns=\"https:\/\/www.w3.org\/2000\/svg\" viewBox= \"0 0 448 512\"><path d=\"M432 256c0 17.69-14.33 32.01-32 32.01H256v144c0 17.69-14.33 31.99-32 31.99s-32-14.3-32-31.99v-144H48c-17.67 0-32-14.32-32-32.01s14.33-31.99 32-31.99H192v-144c0-17.69 14.33-32.01 32-32.01s32 14.32 32 32.01v144h144C417.7 224 432 238.3 432 256z\"><\/path><\/svg>\n\t\t\t\t\t\t\t<\/span>\n\t\t\t\t\t\t<span class=\"uagb-icon-active uagb-faq-icon-wrap\">\n\t\t\t\t\t\t\t<\/span>\n\t\t\t<span class=\"uagb-question\"><strong>Objetivos<\/strong><\/span><\/div><div class=\"uagb-faq-content\"><p>Con este estudio se pretende: 1) Caracterizar y comparar con los resultados de hace 10 a\u00f1os las estrategias de control del tabaco desplegadas en las unidades de salud mental de Catalu\u00f1a (hospitalarias y ambulatorias), 2) Evaluar objetivamente los niveles de humo ambiental del tabaco en las unidades hospitalarias de salud mental y compararlos con los resultados de proh\u00edbe fumar en los centros sanitarios de salud mental, y 3) Evaluar el consumo de tabaco y actitudes respecto al uso del tabaco en el \u00e1mbito de la salud mental por parte de pacientes y trabajadores de las unidades de hospitalizaci\u00f3n, y compararlos con los resultados de hace 10 a\u00f1os ( <a href=\"https:\/\/icoprevencio.cat\/uct\/es\/portfolio\/avaluacio-del-fum-ambiental-del-tabac-en-unitats-dingres-de-salut-mental\/\" target=\"_blank\" rel=\"noreferrer noopener\">ver estudio previo<\/a> )  <\/p><\/div><\/div><div class=\"wp-block-uagb-faq-child uagb-faq-child__outer-wrap uagb-faq-item uagb-block-7502faf6 \" role=\"tab\" tabindex=\"0\"><div class=\"uagb-faq-questions-button uagb-faq-questions\">\t\t\t<span class=\"uagb-icon uagb-faq-icon-wrap\">\n\t\t\t\t\t\t\t\t<svg xmlns=\"https:\/\/www.w3.org\/2000\/svg\" viewBox= \"0 0 448 512\"><path d=\"M432 256c0 17.69-14.33 32.01-32 32.01H256v144c0 17.69-14.33 31.99-32 31.99s-32-14.3-32-31.99v-144H48c-17.67 0-32-14.32-32-32.01s14.33-31.99 32-31.99H192v-144c0-17.69 14.33-32.01 32-32.01s32 14.32 32 32.01v144h144C417.7 224 432 238.3 432 256z\"><\/path><\/svg>\n\t\t\t\t\t\t\t<\/span>\n\t\t\t\t\t\t<span class=\"uagb-icon-active uagb-faq-icon-wrap\">\n\t\t\t\t\t\t\t<\/span>\n\t\t\t<span class=\"uagb-question\"><strong>M\u00e9todos<\/strong><\/span><\/div><div class=\"uagb-faq-content\"><p>Para el objetivo 1, se enviar\u00e1 a todos los responsables de unidades hospitalarias y centros de d\u00eda de salud mental de Catalu\u00f1a (n=192) un amplio cuestionario electr\u00f3nico con las variables de inter\u00e9s. Para el objetivo 2 se medir\u00e1 la concentraci\u00f3n ambiental de part\u00edculas ultrafinas (PM <sub>2.5<\/sub> ) como marcador del humo ambiental del tabaco (FAT) (n=67). Por \u00faltimo, para el objetivo 3 se administrar\u00e1 un breve cuestionario a pacientes (m\u00ednimo n=600) y profesionales (m\u00ednimo n=600) en los mismos centros. Toda esta informaci\u00f3n se comparar\u00e1 con la del estudio previo realizado hace 10 a\u00f1os utilizando la misma metodolog\u00eda.   <\/p><\/div><\/div><div class=\"wp-block-uagb-faq-child uagb-faq-child__outer-wrap uagb-faq-item uagb-block-076be222 \" role=\"tab\" tabindex=\"0\"><div class=\"uagb-faq-questions-button uagb-faq-questions\">\t\t\t<span class=\"uagb-icon uagb-faq-icon-wrap\">\n\t\t\t\t\t\t\t\t<svg xmlns=\"https:\/\/www.w3.org\/2000\/svg\" viewBox= \"0 0 448 512\"><path d=\"M432 256c0 17.69-14.33 32.01-32 32.01H256v144c0 17.69-14.33 31.99-32 31.99s-32-14.3-32-31.99v-144H48c-17.67 0-32-14.32-32-32.01s14.33-31.99 32-31.99H192v-144c0-17.69 14.33-32.01 32-32.01s32 14.32 32 32.01v144h144C417.7 224 432 238.3 432 256z\"><\/path><\/svg>\n\t\t\t\t\t\t\t<\/span>\n\t\t\t\t\t\t<span class=\"uagb-icon-active uagb-faq-icon-wrap\">\n\t\t\t\t\t\t\t<\/span>\n\t\t\t<span class=\"uagb-question\"><strong>Duraci\u00f3n<\/strong><\/span><\/div><div class=\"uagb-faq-content\"><p>3 a\u00f1os (enero 2019 \u2013 enero 2022)<\/p><\/div><\/div><div class=\"wp-block-uagb-faq-child uagb-faq-child__outer-wrap uagb-faq-item uagb-block-f17a63bd \" role=\"tab\" tabindex=\"0\"><div class=\"uagb-faq-questions-button uagb-faq-questions\">\t\t\t<span class=\"uagb-icon uagb-faq-icon-wrap\">\n\t\t\t\t\t\t\t\t<svg xmlns=\"https:\/\/www.w3.org\/2000\/svg\" viewBox= \"0 0 448 512\"><path d=\"M432 256c0 17.69-14.33 32.01-32 32.01H256v144c0 17.69-14.33 31.99-32 31.99s-32-14.3-32-31.99v-144H48c-17.67 0-32-14.32-32-32.01s14.33-31.99 32-31.99H192v-144c0-17.69 14.33-32.01 32-32.01s32 14.32 32 32.01v144h144C417.7 224 432 238.3 432 256z\"><\/path><\/svg>\n\t\t\t\t\t\t\t<\/span>\n\t\t\t\t\t\t<span class=\"uagb-icon-active uagb-faq-icon-wrap\">\n\t\t\t\t\t\t\t<\/span>\n\t\t\t<span class=\"uagb-question\"><strong>Financiaci\u00f3n<\/strong><\/span><\/div><div class=\"uagb-faq-content\"><p>Instituto Carlos III FIS PI18\/01148 dotada con 59.290,00 \u20ac<\/p><\/div><\/div><div class=\"wp-block-uagb-faq-child uagb-faq-child__outer-wrap uagb-faq-item uagb-block-da622fa5 \" role=\"tab\" tabindex=\"0\"><div class=\"uagb-faq-questions-button uagb-faq-questions\">\t\t\t<span class=\"uagb-icon uagb-faq-icon-wrap\">\n\t\t\t\t\t\t\t\t<svg xmlns=\"https:\/\/www.w3.org\/2000\/svg\" viewBox= \"0 0 448 512\"><path d=\"M432 256c0 17.69-14.33 32.01-32 32.01H256v144c0 17.69-14.33 31.99-32 31.99s-32-14.3-32-31.99v-144H48c-17.67 0-32-14.32-32-32.01s14.33-31.99 32-31.99H192v-144c0-17.69 14.33-32.01 32-32.01s32 14.32 32 32.01v144h144C417.7 224 432 238.3 432 256z\"><\/path><\/svg>\n\t\t\t\t\t\t\t<\/span>\n\t\t\t\t\t\t<span class=\"uagb-icon-active uagb-faq-icon-wrap\">\n\t\t\t\t\t\t\t<\/span>\n\t\t\t<span class=\"uagb-question\"><strong>Socios del proyecto e investigador principal<\/strong><\/span><\/div><div class=\"uagb-faq-content\"><p>Instituto Catal\u00e1n de Oncolog\u00eda (ICO \u2013 Spain)<br> Fundaci\u00f3n Instituto de Investigaci\u00f3n Biom\u00e9dica de Bellvitge (IDIBELL &#8211; Spain)<br> Dreamedsoft Solutions SL (DSOFT-Spain)<br> Amsterdam University Medical Center (Vumc \u2013 Netherlands)<br> Stichting Trimbos-Instituut, Netherlands institute of mental health and addiction (TRIMBOS \u2013 Netherlands)<br> Universiteti y Mjekesise Tirane (UMT-Albania)<br> Istituto por el studio, la prevenzione y la rete oncol\u00f3gica (ISPRO\u2014Italy)<br> State Institution Public Health Center of Ministry of Health of Ukraine (UPHC\u2014Ukraine)<br> Association Europeenne des Ligues Contre le Cancer (ECL-Belgium)<br> Helse Bergen HF (HBE\/HUS-Norway)<br> Medizinische Hochschule Hannover (MHH\u2014Germany)<br> German Cancer Research Center (DKFZ-Germany)<br> German Network para Tobacco Free Healthcare Services (DNRfK-Germany)<br> The University of Queensland (UQ-Australia)<br> The University of Stirling (USTIRLING \u2013 United Kingdom)<br><br>Investigador principal: Cristina Mart\u00ednez (ICO)<\/p><\/div><\/div><div class=\"wp-block-uagb-faq-child uagb-faq-child__outer-wrap uagb-faq-item uagb-block-43ba4076 \" role=\"tab\" tabindex=\"0\"><div class=\"uagb-faq-questions-button uagb-faq-questions\">\t\t\t<span class=\"uagb-icon uagb-faq-icon-wrap\">\n\t\t\t\t\t\t\t\t<svg xmlns=\"https:\/\/www.w3.org\/2000\/svg\" viewBox= \"0 0 448 512\"><path d=\"M432 256c0 17.69-14.33 32.01-32 32.01H256v144c0 17.69-14.33 31.99-32 31.99s-32-14.3-32-31.99v-144H48c-17.67 0-32-14.32-32-32.01s14.33-31.99 32-31.99H192v-144c0-17.69 14.33-32.01 32-32.01s32 14.32 32 32.01v144h144C417.7 224 432 238.3 432 256z\"><\/path><\/svg>\n\t\t\t\t\t\t\t<\/span>\n\t\t\t\t\t\t<span class=\"uagb-icon-active uagb-faq-icon-wrap\">\n\t\t\t\t\t\t\t<\/span>\n\t\t\t<span class=\"uagb-question\"><strong>Equipo de Investigaci\u00f3n<\/strong><\/span><\/div><div class=\"uagb-faq-content\"><p><a href=\"https:\/\/icoprevencio.cat\/uct\/member\/montse-ballbe\/\" target=\"_blank\" rel=\"noreferrer noopener\">Montse Ballb\u00e8<\/a> (IP). (ICO-IDIBELL) <br><a href=\"https:\/\/icoprevencio.cat\/uct\/member\/esteve-fernandez\/\" target=\"_blank\" rel=\"noreferrer noopener\">Esteve Fern\u00e1ndez.<\/a>  (ICO-IDIBELL)<br><a href=\"https:\/\/icoprevencio.cat\/uct\/?attachment_id=2749\" target=\"_blank\" rel=\"noreferrer noopener\">Yolanda Castellano.<\/a> (ICO-IDIBELL)<br> Josep Maria Suelves. (Departamento de Salud de la Generalitat de Catalunya) <br><a href=\"https:\/\/icoprevencio.cat\/uct\/member\/esteve-salto\/\" target=\"_blank\" rel=\"noreferrer noopener\">Esteve Salt\u00f3n.<\/a>  (Departamento de Salud de la Generalitat de Catalunya)<br><br><strong>Colaboradores:<\/strong><br><a href=\"https:\/\/icoprevencio.cat\/uct\/member\/laura-anton\/\" target=\"_blank\" rel=\"noreferrer noopener\">Laura Ant\u00f3n.<\/a> (ICO-IDIBELL)<br> Antoni Gual. (Hospital Cl\u00ednico de Barcelona)<br> Proyecto anterior: <a href=\"https:\/\/icoprevencio.cat\/uct\/es\/portfolio\/avaluacio-del-fum-ambiental-del-tabac-en-unitats-dingres-de-salut-mental\/\">Evaluaci\u00f3n del humo ambiental del tabaco en unidades de ingreso de salud mental<\/a> <\/p><\/div><\/div><\/div>\n<div style=\"height:131px\" aria-hidden=\"true\" class=\"wp-block-spacer\"><\/div>\n\n<p><\/p>\n","protected":false},"excerpt":{"rendered":"","protected":false},"author":28,"featured_media":0,"parent":0,"menu_order":0,"comment_status":"closed","ping_status":"closed","template":"","meta":{"_uag_custom_page_level_css":"","site-sidebar-layout":"default","site-content-layout":"","ast-site-content-layout":"default","site-content-style":"default","site-sidebar-style":"default","ast-global-header-display":"","ast-banner-title-visibility":"","ast-main-header-display":"","ast-hfb-above-header-display":"","ast-hfb-below-header-display":"","ast-hfb-mobile-header-display":"","site-post-title":"disabled","ast-breadcrumbs-content":"","ast-featured-img":"","footer-sml-layout":"","ast-disable-related-posts":"","theme-transparent-header-meta":"","adv-header-id-meta":"","stick-header-meta":"","header-above-stick-meta":"","header-main-stick-meta":"","header-below-stick-meta":"","astra-migrate-meta-layouts":"default","ast-page-background-enabled":"default","ast-page-background-meta":{"desktop":{"background-color":"var(--ast-global-color-4)","background-image":"","background-repeat":"repeat","background-position":"center center","background-size":"auto","background-attachment":"scroll","background-type":"","background-media":"","overlay-type":"","overlay-color":"","overlay-opacity":"","overlay-gradient":""},"tablet":{"background-color":"","background-image":"","background-repeat":"repeat","background-position":"center center","background-size":"auto","background-attachment":"scroll","background-type":"","background-media":"","overlay-type":"","overlay-color":"","overlay-opacity":"","overlay-gradient":""},"mobile":{"background-color":"","background-image":"","background-repeat":"repeat","background-position":"center center","background-size":"auto","background-attachment":"scroll","background-type":"","background-media":"","overlay-type":"","overlay-color":"","overlay-opacity":"","overlay-gradient":""}},"ast-content-background-meta":{"desktop":{"background-color":"var(--ast-global-color-5)","background-image":"","background-repeat":"repeat","background-position":"center center","background-size":"auto","background-attachment":"scroll","background-type":"","background-media":"","overlay-type":"","overlay-color":"","overlay-opacity":"","overlay-gradient":""},"tablet":{"background-color":"var(--ast-global-color-5)","background-image":"","background-repeat":"repeat","background-position":"center center","background-size":"auto","background-attachment":"scroll","background-type":"","background-media":"","overlay-type":"","overlay-color":"","overlay-opacity":"","overlay-gradient":""},"mobile":{"background-color":"var(--ast-global-color-5)","background-image":"","background-repeat":"repeat","background-position":"center center","background-size":"auto","background-attachment":"scroll","background-type":"","background-media":"","overlay-type":"","overlay-color":"","overlay-opacity":"","overlay-gradient":""}},"_vp_format_video_url":"","_vp_image_focal_point":[],"footnotes":""},"class_list":["post-13980","page","type-page","status-publish","hentry"],"uagb_featured_image_src":{"full":false,"thumbnail":false,"medium":false,"medium_large":false,"large":false,"1536x1536":false,"2048x2048":false,"vp_sm":false,"vp_md":false,"vp_lg":false,"vp_xl":false,"vp_sm_popup":false,"vp_md_popup":false,"vp_xl_popup":false},"uagb_author_info":{"display_name":"clara","author_link":"https:\/\/icoprevencio.cat\/uct\/es\/author\/clara\/"},"uagb_comment_info":0,"uagb_excerpt":null,"_links":{"self":[{"href":"https:\/\/icoprevencio.cat\/uct\/es\/wp-json\/wp\/v2\/pages\/13980","targetHints":{"allow":["GET"]}}],"collection":[{"href":"https:\/\/icoprevencio.cat\/uct\/es\/wp-json\/wp\/v2\/pages"}],"about":[{"href":"https:\/\/icoprevencio.cat\/uct\/es\/wp-json\/wp\/v2\/types\/page"}],"author":[{"embeddable":true,"href":"https:\/\/icoprevencio.cat\/uct\/es\/wp-json\/wp\/v2\/users\/28"}],"replies":[{"embeddable":true,"href":"https:\/\/icoprevencio.cat\/uct\/es\/wp-json\/wp\/v2\/comments?post=13980"}],"version-history":[{"count":2,"href":"https:\/\/icoprevencio.cat\/uct\/es\/wp-json\/wp\/v2\/pages\/13980\/revisions"}],"predecessor-version":[{"id":13982,"href":"https:\/\/icoprevencio.cat\/uct\/es\/wp-json\/wp\/v2\/pages\/13980\/revisions\/13982"}],"wp:attachment":[{"href":"https:\/\/icoprevencio.cat\/uct\/es\/wp-json\/wp\/v2\/media?parent=13980"}],"curies":[{"name":"wp","href":"https:\/\/api.w.org\/{rel}","templated":true}]}}