{"id":14065,"date":"2025-07-18T09:48:07","date_gmt":"2025-07-18T08:48:07","guid":{"rendered":"https:\/\/icoprevencio.cat\/uct\/dcot3-2\/"},"modified":"2025-07-18T09:52:58","modified_gmt":"2025-07-18T08:52:58","slug":"dcot3-2","status":"publish","type":"page","link":"https:\/\/icoprevencio.cat\/uct\/es\/dcot3-2\/","title":{"rendered":"dCOT3"},"content":{"rendered":"\n<div class=\"wp-block-uagb-container uagb-block-709c37ea alignfull uagb-is-root-container\"><div class=\"uagb-container-inner-blocks-wrap\">\n<div class=\"wp-block-uagb-info-box uagb-block-353171f0 uagb-infobox__content-wrap  uagb-infobox-icon-above-title uagb-infobox-image-valign-top wp-block-uagb-info-box--has-margin\"><div class=\"uagb-infobox-margin-wrapper\"><div class=\"uagb-ifb-content\"><div class=\"uagb-ifb-title-wrap\"><h2 class=\"uagb-ifb-title\"><strong>Proyectos anteriores<\/strong><\/h2><\/div><\/div><\/div><\/div>\n<\/div><\/div>\n\n<div style=\"height:62px\" aria-hidden=\"true\" class=\"wp-block-spacer\"><\/div>\n\n<div class=\"wp-block-uagb-image uagb-block-71d5725e wp-block-uagb-image--layout-default wp-block-uagb-image--effect-static wp-block-uagb-image--align-none\"><figure class=\"wp-block-uagb-image__figure\"><img decoding=\"async\" src=\"https:\/\/icoprevencio.cat\/uct\/wp-content\/uploads\/sites\/10\/2025\/07\/dcot3-300x169-1.jpg\" alt=\"\" class=\"uag-image-14058\" width=\"391\" height=\"92\" title=\"dcot3-300x169\" loading=\"lazy\" role=\"img\"><\/figure><\/div>\n\n<div class=\"wp-block-uagb-info-box uagb-block-9271b190 uagb-infobox__content-wrap  uagb-infobox-icon-above-title uagb-infobox-image-valign-top wp-block-uagb-info-box--has-margin\"><div class=\"uagb-infobox-margin-wrapper\"><div class=\"uagb-ifb-content\"><div class=\"uagb-ifb-title-wrap\"><h3 class=\"uagb-ifb-title\">Impacto de la legislaci\u00f3n espa\u00f1ola sobre el consumo de tabaco y la exposici\u00f3n pasiva<\/h3><\/div><p class=\"uagb-ifb-desc\">Existen pocas evaluaciones del impacto de las medidas de control del tabaquismo a nivel poblacional. En nuestro pa\u00eds s\u00f3lo dos estudios, uno realizado en todo el territorio nacional y otro en la Comunidad de Madrid, han evaluado hasta el momento el impacto de las medidas de control del tabaquismo a nivel poblacional mediante encuesta telef\u00f3nica. Nuestro grupo de investigaci\u00f3n puso un proyecto (estudio de COT2) en marcha con este mismo dise\u00f1o (dos encuestas transversales una antes y otra despu\u00e9s de la ley, proyecto financiado por el Instituto de Salud Carlos III, PI081436) a fin de obtener no s\u00f3lo la prevalencia de exposici\u00f3n percibida en el HAT sino que disponer tambi\u00e9n de medida de la exposici\u00f3n mediante la exposici\u00f3n un estudio previo (PI020981).  <br \/><br \/>Con bastante anterioridad a la Ley 28\/2005 dise\u00f1amos el primer estudio antes mencionado (PI020981) para determinar la prevalencia y niveles de exposici\u00f3n de la poblaci\u00f3n general en el FAT. Este estudio ha proporcionado abundante informaci\u00f3n sobre la exposici\u00f3n poblacional al FAT como que el 75% de la poblaci\u00f3n adulta no fumadora de la ciudad de Barcelona percibe estar expuesta en el FAT ya sea en el domicilio, lugar de trabajo o estudios, durante el tiempo libre y durante la utilizaci\u00f3n de transportes p\u00fablicos o privados. <\/p><\/div><\/div><\/div>\n<div class=\"wp-block-uagb-faq uagb-faq__outer-wrap uagb-block-07d58159 uagb-faq-icon-row-reverse uagb-faq-layout-accordion uagb-faq-expand-first-false uagb-faq-inactive-other-true uagb-faq__wrap uagb-buttons-layout-wrap uagb-faq-equal-height     \" data-faqtoggle=\"true\" role=\"tablist\"><div class=\"wp-block-uagb-faq-child uagb-faq-child__outer-wrap uagb-faq-item uagb-block-24e60ec9 \" role=\"tab\" tabindex=\"0\"><div class=\"uagb-faq-questions-button uagb-faq-questions\">\t\t\t<span class=\"uagb-icon uagb-faq-icon-wrap\">\n\t\t\t\t\t\t\t\t<svg xmlns=\"https:\/\/www.w3.org\/2000\/svg\" viewBox= \"0 0 448 512\"><path d=\"M432 256c0 17.69-14.33 32.01-32 32.01H256v144c0 17.69-14.33 31.99-32 31.99s-32-14.3-32-31.99v-144H48c-17.67 0-32-14.32-32-32.01s14.33-31.99 32-31.99H192v-144c0-17.69 14.33-32.01 32-32.01s32 14.32 32 32.01v144h144C417.7 224 432 238.3 432 256z\"><\/path><\/svg>\n\t\t\t\t\t\t\t<\/span>\n\t\t\t\t\t\t<span class=\"uagb-icon-active uagb-faq-icon-wrap\">\n\t\t\t\t\t\t\t<\/span>\n\t\t\t<span class=\"uagb-question\"><strong>Objetivos<\/strong><\/span><\/div><div class=\"uagb-faq-content\"><p>Evaluar el impacto de la legislaci\u00f3n espa\u00f1ola de control del tabaquismo (Leyes 28\/2005 y 42\/2010) sobre el tabaquismo (cambios en el consumo, la dependencia, la motivaci\u00f3n para abandonarlo y abandono) en los fumadores de una cohorte de base poblacional (mediante una encuesta y bio).<br>Evaluar el impacto de la legislaci\u00f3n espa\u00f1ola de control del tabaquismo (Leyes 28\/2005 y 42\/2010) sobre la exposici\u00f3n a humo ambiental del tabaco (autodeclarada y seg\u00fan niveles de cotinina en saliva) en los no fumadores de una cohorte de base poblacional.<\/p><\/div><\/div><div class=\"wp-block-uagb-faq-child uagb-faq-child__outer-wrap uagb-faq-item uagb-block-7502faf6 \" role=\"tab\" tabindex=\"0\"><div class=\"uagb-faq-questions-button uagb-faq-questions\">\t\t\t<span class=\"uagb-icon uagb-faq-icon-wrap\">\n\t\t\t\t\t\t\t\t<svg xmlns=\"https:\/\/www.w3.org\/2000\/svg\" viewBox= \"0 0 448 512\"><path d=\"M432 256c0 17.69-14.33 32.01-32 32.01H256v144c0 17.69-14.33 31.99-32 31.99s-32-14.3-32-31.99v-144H48c-17.67 0-32-14.32-32-32.01s14.33-31.99 32-31.99H192v-144c0-17.69 14.33-32.01 32-32.01s32 14.32 32 32.01v144h144C417.7 224 432 238.3 432 256z\"><\/path><\/svg>\n\t\t\t\t\t\t\t<\/span>\n\t\t\t\t\t\t<span class=\"uagb-icon-active uagb-faq-icon-wrap\">\n\t\t\t\t\t\t\t<\/span>\n\t\t\t<span class=\"uagb-question\"><strong>M\u00e9todos<\/strong><\/span><\/div><div class=\"uagb-faq-content\"><p>Dise\u00f1o. Estudio de cohortes.   <em>Sujetos.<\/em>  Cohorte formada en 2004-2005 a partir de una muestra representativa de la poblaci\u00f3n adulta (+16 a\u00f1os) de la ciudad de Barcelona (1245 participantes con informaci\u00f3n basal).  <em>Variables dependientes.<\/em>  Consumo de tabaco y exposici\u00f3n al humo ambiental tabaco obtenidas mediante cuestionario y concentraciones de cotinina y otros biomarcadores.  <em>Variables independientes.<\/em>  Variables sociodemogr\u00e1ficas, estado de salud general, actividad f\u00edsica y consumo de alcohol, obtenidas mediante cuestionario.<\/p><\/div><\/div><div class=\"wp-block-uagb-faq-child uagb-faq-child__outer-wrap uagb-faq-item uagb-block-076be222 \" role=\"tab\" tabindex=\"0\"><div class=\"uagb-faq-questions-button uagb-faq-questions\">\t\t\t<span class=\"uagb-icon uagb-faq-icon-wrap\">\n\t\t\t\t\t\t\t\t<svg xmlns=\"https:\/\/www.w3.org\/2000\/svg\" viewBox= \"0 0 448 512\"><path d=\"M432 256c0 17.69-14.33 32.01-32 32.01H256v144c0 17.69-14.33 31.99-32 31.99s-32-14.3-32-31.99v-144H48c-17.67 0-32-14.32-32-32.01s14.33-31.99 32-31.99H192v-144c0-17.69 14.33-32.01 32-32.01s32 14.32 32 32.01v144h144C417.7 224 432 238.3 432 256z\"><\/path><\/svg>\n\t\t\t\t\t\t\t<\/span>\n\t\t\t\t\t\t<span class=\"uagb-icon-active uagb-faq-icon-wrap\">\n\t\t\t\t\t\t\t<\/span>\n\t\t\t<span class=\"uagb-question\"><strong>Duraci\u00f3n<\/strong><\/span><\/div><div class=\"uagb-faq-content\"><p>2013-2015.<\/p><\/div><\/div><div class=\"wp-block-uagb-faq-child uagb-faq-child__outer-wrap uagb-faq-item uagb-block-43ba4076 \" role=\"tab\" tabindex=\"0\"><div class=\"uagb-faq-questions-button uagb-faq-questions\">\t\t\t<span class=\"uagb-icon uagb-faq-icon-wrap\">\n\t\t\t\t\t\t\t\t<svg xmlns=\"https:\/\/www.w3.org\/2000\/svg\" viewBox= \"0 0 448 512\"><path d=\"M432 256c0 17.69-14.33 32.01-32 32.01H256v144c0 17.69-14.33 31.99-32 31.99s-32-14.3-32-31.99v-144H48c-17.67 0-32-14.32-32-32.01s14.33-31.99 32-31.99H192v-144c0-17.69 14.33-32.01 32-32.01s32 14.32 32 32.01v144h144C417.7 224 432 238.3 432 256z\"><\/path><\/svg>\n\t\t\t\t\t\t\t<\/span>\n\t\t\t\t\t\t<span class=\"uagb-icon-active uagb-faq-icon-wrap\">\n\t\t\t\t\t\t\t<\/span>\n\t\t\t<span class=\"uagb-question\"><strong>Equipo de Investigaci\u00f3n<\/strong><\/span><\/div><div class=\"uagb-faq-content\"><p>Ayuda PI1201114 (125.961,00 \u20ac, en tres anualidades) del Fondo de Investigaci\u00f3n Sanitaria del Instituto de Salud Carlos III (Fondo Europeo de Desarrollo Regional, FEDER).<\/p><\/div><\/div><div class=\"wp-block-uagb-faq-child uagb-faq-child__outer-wrap uagb-faq-item uagb-block-ee3946a6 \" role=\"tab\" tabindex=\"0\"><div class=\"uagb-faq-questions-button uagb-faq-questions\">\t\t\t<span class=\"uagb-icon uagb-faq-icon-wrap\">\n\t\t\t\t\t\t\t\t<svg xmlns=\"https:\/\/www.w3.org\/2000\/svg\" viewBox= \"0 0 448 512\"><path d=\"M432 256c0 17.69-14.33 32.01-32 32.01H256v144c0 17.69-14.33 31.99-32 31.99s-32-14.3-32-31.99v-144H48c-17.67 0-32-14.32-32-32.01s14.33-31.99 32-31.99H192v-144c0-17.69 14.33-32.01 32-32.01s32 14.32 32 32.01v144h144C417.7 224 432 238.3 432 256z\"><\/path><\/svg>\n\t\t\t\t\t\t\t<\/span>\n\t\t\t\t\t\t<span class=\"uagb-icon-active uagb-faq-icon-wrap\">\n\t\t\t\t\t\t\t<\/span>\n\t\t\t<span class=\"uagb-question\"><strong>Publicaciones<\/strong><\/span><\/div><div class=\"uagb-faq-content\"><p><em>Hasta el momento se han publicado resultados sobre cigarrillos electr\u00f3nicos y se est\u00e1n elaborando otros art\u00edculos seg\u00fan los objetivos propuestos.<\/em><br> Mart\u00ednez-S\u00e1nchez JM, Ballb\u00e9 M, Fu M, Mart\u00edn-S\u00e1nchez JC, Salt\u00f3n E, Fern\u00e1ndez E. <a href=\"http:\/\/www.gacetasanitaria.org\/index.php?p=watermark&amp;idApp=WGSE&amp;piiItem=S0213911115000187&amp;origen=gacetasanitaria&amp;web=gacetasanitaria&amp;urlApp=http:\/\/www.gacetasanitaria.org&amp;estadoItem=S300&amp;idiomaItem=es\" target=\"_blank\" rel=\"noreferrer noopener\">Conocimiento y percepci\u00f3n de nocividad del cigarrillo electr\u00f3nico en la poblaci\u00f3n adulta de Barcelona.<\/a> Gac Sanit. 2015; 29(4):296-9.<br> Mart\u00ednez-S\u00e1nchez JM, Fu M, Mart\u00edn-S\u00e1nchez JC, Ballb\u00e8 M, Salt\u00f3n E, Fern\u00e1ndez E. <a href=\"http:\/\/www.ncbi.nlm.nih.gov\/pmc\/articles\/PMC4636602\/pdf\/bmjopen-2015-009218.pdf\" target=\"_blank\" rel=\"noreferrer noopener\">Percepci\u00f3n de electr\u00f3nicos cigarrillos en la general poblaci\u00f3n: \u00bfdos de esa usefulness outweigh their risks?<\/a> . BMJ Open.   2015. Nov 3;5(11):e009218.<br> Mart\u00ednez-S\u00e1nchez JM, Ballb\u00e8 M, Fu M, Mart\u00edn-S\u00e1nchez JC, Salt\u00f3n E, Gottlieb M, Daynard R, Connolly GN, Fern\u00e1ndez E. <a href=\"http:\/\/www.ncbi.nlm.nih.gov\/pmc\/articles\/PMC4156815\/pdf\/bmjopen-2014-005894.pdf\" target=\"_blank\" rel=\"noreferrer noopener\">Electr\u00f3nico cigarrillo utiliza una adulta poblaci\u00f3n: en cross-sectional study en Barcelona, Espa\u00f1a (2013-20.<\/a> BMJ Open. 2014;4(8):e005894.<br> Mart\u00ednez-S\u00e1nchez JM, Ballb\u00e8 M, Fu M, Mart\u00edn-S\u00e1nchez JC, Gottlieb M, Salt\u00f3n E, Vardavas CI, Daynard R, Connolly GN, Fern\u00e1ndez E. <a href=\"http:\/\/www.ncbi.nlm.nih.gov\/pmc\/articles\/PMC4254991\/pdf\/pone.0114256.pdf\" target=\"_blank\" rel=\"noreferrer noopener\">Attitudes hacia electr\u00f3nico cigarrillos regulaci\u00f3n en indoor workplaces and selected public and private- study.<\/a> PLoS One. 2014;9(12):e114256.  <br><\/p><\/div><\/div><\/div>\n<div style=\"height:131px\" aria-hidden=\"true\" class=\"wp-block-spacer\"><\/div>\n","protected":false},"excerpt":{"rendered":"","protected":false},"author":28,"featured_media":0,"parent":0,"menu_order":0,"comment_status":"closed","ping_status":"closed","template":"","meta":{"_uag_custom_page_level_css":"","site-sidebar-layout":"default","site-content-layout":"","ast-site-content-layout":"default","site-content-style":"default","site-sidebar-style":"default","ast-global-header-display":"","ast-banner-title-visibility":"","ast-main-header-display":"","ast-hfb-above-header-display":"","ast-hfb-below-header-display":"","ast-hfb-mobile-header-display":"","site-post-title":"disabled","ast-breadcrumbs-content":"","ast-featured-img":"","footer-sml-layout":"","ast-disable-related-posts":"","theme-transparent-header-meta":"","adv-header-id-meta":"","stick-header-meta":"","header-above-stick-meta":"","header-main-stick-meta":"","header-below-stick-meta":"","astra-migrate-meta-layouts":"default","ast-page-background-enabled":"default","ast-page-background-meta":{"desktop":{"background-color":"var(--ast-global-color-4)","background-image":"","background-repeat":"repeat","background-position":"center center","background-size":"auto","background-attachment":"scroll","background-type":"","background-media":"","overlay-type":"","overlay-color":"","overlay-opacity":"","overlay-gradient":""},"tablet":{"background-color":"","background-image":"","background-repeat":"repeat","background-position":"center center","background-size":"auto","background-attachment":"scroll","background-type":"","background-media":"","overlay-type":"","overlay-color":"","overlay-opacity":"","overlay-gradient":""},"mobile":{"background-color":"","background-image":"","background-repeat":"repeat","background-position":"center center","background-size":"auto","background-attachment":"scroll","background-type":"","background-media":"","overlay-type":"","overlay-color":"","overlay-opacity":"","overlay-gradient":""}},"ast-content-background-meta":{"desktop":{"background-color":"var(--ast-global-color-5)","background-image":"","background-repeat":"repeat","background-position":"center center","background-size":"auto","background-attachment":"scroll","background-type":"","background-media":"","overlay-type":"","overlay-color":"","overlay-opacity":"","overlay-gradient":""},"tablet":{"background-color":"var(--ast-global-color-5)","background-image":"","background-repeat":"repeat","background-position":"center center","background-size":"auto","background-attachment":"scroll","background-type":"","background-media":"","overlay-type":"","overlay-color":"","overlay-opacity":"","overlay-gradient":""},"mobile":{"background-color":"var(--ast-global-color-5)","background-image":"","background-repeat":"repeat","background-position":"center center","background-size":"auto","background-attachment":"scroll","background-type":"","background-media":"","overlay-type":"","overlay-color":"","overlay-opacity":"","overlay-gradient":""}},"_vp_format_video_url":"","_vp_image_focal_point":[],"footnotes":""},"class_list":["post-14065","page","type-page","status-publish","hentry"],"uagb_featured_image_src":{"full":false,"thumbnail":false,"medium":false,"medium_large":false,"large":false,"1536x1536":false,"2048x2048":false,"vp_sm":false,"vp_md":false,"vp_lg":false,"vp_xl":false,"vp_sm_popup":false,"vp_md_popup":false,"vp_xl_popup":false},"uagb_author_info":{"display_name":"clara","author_link":"https:\/\/icoprevencio.cat\/uct\/es\/author\/clara\/"},"uagb_comment_info":0,"uagb_excerpt":null,"_links":{"self":[{"href":"https:\/\/icoprevencio.cat\/uct\/es\/wp-json\/wp\/v2\/pages\/14065","targetHints":{"allow":["GET"]}}],"collection":[{"href":"https:\/\/icoprevencio.cat\/uct\/es\/wp-json\/wp\/v2\/pages"}],"about":[{"href":"https:\/\/icoprevencio.cat\/uct\/es\/wp-json\/wp\/v2\/types\/page"}],"author":[{"embeddable":true,"href":"https:\/\/icoprevencio.cat\/uct\/es\/wp-json\/wp\/v2\/users\/28"}],"replies":[{"embeddable":true,"href":"https:\/\/icoprevencio.cat\/uct\/es\/wp-json\/wp\/v2\/comments?post=14065"}],"version-history":[{"count":2,"href":"https:\/\/icoprevencio.cat\/uct\/es\/wp-json\/wp\/v2\/pages\/14065\/revisions"}],"predecessor-version":[{"id":14077,"href":"https:\/\/icoprevencio.cat\/uct\/es\/wp-json\/wp\/v2\/pages\/14065\/revisions\/14077"}],"wp:attachment":[{"href":"https:\/\/icoprevencio.cat\/uct\/es\/wp-json\/wp\/v2\/media?parent=14065"}],"curies":[{"name":"wp","href":"https:\/\/api.w.org\/{rel}","templated":true}]}}