{"id":14106,"date":"2025-07-18T10:06:34","date_gmt":"2025-07-18T09:06:34","guid":{"rendered":"https:\/\/icoprevencio.cat\/uct\/ppacte\/"},"modified":"2025-07-18T10:09:59","modified_gmt":"2025-07-18T09:09:59","slug":"ppacte","status":"publish","type":"page","link":"https:\/\/icoprevencio.cat\/uct\/es\/ppacte\/","title":{"rendered":"PPACTE"},"content":{"rendered":"\n<div class=\"wp-block-uagb-container uagb-block-709c37ea alignfull uagb-is-root-container\"><div class=\"uagb-container-inner-blocks-wrap\">\n<div class=\"wp-block-uagb-info-box uagb-block-353171f0 uagb-infobox__content-wrap  uagb-infobox-icon-above-title uagb-infobox-image-valign-top wp-block-uagb-info-box--has-margin\"><div class=\"uagb-infobox-margin-wrapper\"><div class=\"uagb-ifb-content\"><div class=\"uagb-ifb-title-wrap\"><h2 class=\"uagb-ifb-title\"><strong>Proyectos anteriores<\/strong><\/h2><\/div><\/div><\/div><\/div>\n<\/div><\/div>\n\n<div style=\"height:62px\" aria-hidden=\"true\" class=\"wp-block-spacer\"><\/div>\n\n<div class=\"wp-block-uagb-image uagb-block-71d5725e wp-block-uagb-image--layout-default wp-block-uagb-image--effect-static wp-block-uagb-image--align-none\"><figure class=\"wp-block-uagb-image__figure\"><img decoding=\"async\" src=\"https:\/\/icoprevencio.cat\/uct\/wp-content\/uploads\/sites\/10\/2025\/07\/ppacte-300x169-1.jpg\" alt=\"\" class=\"uag-image-14098\" width=\"391\" height=\"92\" title=\"ppacte-300x169\" loading=\"lazy\" role=\"img\"><\/figure><\/div>\n\n<div class=\"wp-block-uagb-info-box uagb-block-9271b190 uagb-infobox__content-wrap  uagb-infobox-icon-above-title uagb-infobox-image-valign-top wp-block-uagb-info-box--has-margin\"><div class=\"uagb-infobox-margin-wrapper\"><div class=\"uagb-ifb-content\"><div class=\"uagb-ifb-title-wrap\"><h3 class=\"uagb-ifb-title\">Pol\u00edticas de precios y control del tabaco en Europa<\/h3><\/div><p class=\"uagb-ifb-desc\"><a href=\"https:\/\/www.tri.ie\/ppacte.html\">Pol\u00edticas de Precios y Control de Tabaco en Europa <strong>(PPACTE)<\/strong><\/a> es un proyecto colaborativo de tres a\u00f1os de duraci\u00f3n financiado por el S\u00e9ptimo Programa Marco de la Comisi\u00f3n Europea para la Investigaci\u00f3n y el Desarrollo Tecnol\u00f3gico (7PM).<br \/><\/p><\/div><\/div><\/div>\n<div class=\"wp-block-uagb-faq uagb-faq__outer-wrap uagb-block-07d58159 uagb-faq-icon-row-reverse uagb-faq-layout-accordion uagb-faq-expand-first-false uagb-faq-inactive-other-true uagb-faq__wrap uagb-buttons-layout-wrap uagb-faq-equal-height     \" data-faqtoggle=\"true\" role=\"tablist\"><div class=\"wp-block-uagb-faq-child uagb-faq-child__outer-wrap uagb-faq-item uagb-block-24e60ec9 \" role=\"tab\" tabindex=\"0\"><div class=\"uagb-faq-questions-button uagb-faq-questions\">\t\t\t<span class=\"uagb-icon uagb-faq-icon-wrap\">\n\t\t\t\t\t\t\t\t<svg xmlns=\"https:\/\/www.w3.org\/2000\/svg\" viewBox= \"0 0 448 512\"><path d=\"M432 256c0 17.69-14.33 32.01-32 32.01H256v144c0 17.69-14.33 31.99-32 31.99s-32-14.3-32-31.99v-144H48c-17.67 0-32-14.32-32-32.01s14.33-31.99 32-31.99H192v-144c0-17.69 14.33-32.01 32-32.01s32 14.32 32 32.01v144h144C417.7 224 432 238.3 432 256z\"><\/path><\/svg>\n\t\t\t\t\t\t\t<\/span>\n\t\t\t\t\t\t<span class=\"uagb-icon-active uagb-faq-icon-wrap\">\n\t\t\t\t\t\t\t<\/span>\n\t\t\t<span class=\"uagb-question\"><strong>Objetivos<\/strong><\/span><\/div><div class=\"uagb-faq-content\"><p><strong>PPACTE<\/strong> analizar\u00e1 el impacto del precio del tabaco y sus impuestos sobre la pol\u00edtica fiscal y el control del tabaco en Europa y ofrecer\u00e1 recomendaciones a los estados miembros ya la Comisi\u00f3n Europea. PPACTE proporcionar\u00e1 una comprensi\u00f3n de c\u00f3mo utilizar las pol\u00edticas de precios para el eficaz control del consumo de tabaco en Europa, que es imprescindible para abordar la carga de enfermedades causadas por el consumo de tabaco. Sin embargo, esto es complicado por la diversidad entre los Estados miembros en cuanto a su etapa de la epidemia de tabaquismo y su nivel de desarrollo de control del tabaco, as\u00ed como su entorno econ\u00f3mico, cultural y pol\u00edtico.  <br><\/p><\/div><\/div><div class=\"wp-block-uagb-faq-child uagb-faq-child__outer-wrap uagb-faq-item uagb-block-7502faf6 \" role=\"tab\" tabindex=\"0\"><div class=\"uagb-faq-questions-button uagb-faq-questions\">\t\t\t<span class=\"uagb-icon uagb-faq-icon-wrap\">\n\t\t\t\t\t\t\t\t<svg xmlns=\"https:\/\/www.w3.org\/2000\/svg\" viewBox= \"0 0 448 512\"><path d=\"M432 256c0 17.69-14.33 32.01-32 32.01H256v144c0 17.69-14.33 31.99-32 31.99s-32-14.3-32-31.99v-144H48c-17.67 0-32-14.32-32-32.01s14.33-31.99 32-31.99H192v-144c0-17.69 14.33-32.01 32-32.01s32 14.32 32 32.01v144h144C417.7 224 432 238.3 432 256z\"><\/path><\/svg>\n\t\t\t\t\t\t\t<\/span>\n\t\t\t\t\t\t<span class=\"uagb-icon-active uagb-faq-icon-wrap\">\n\t\t\t\t\t\t\t<\/span>\n\t\t\t<span class=\"uagb-question\"><strong>M\u00e9todos<\/strong><\/span><\/div><div class=\"uagb-faq-content\"><p>La estructura del 7PM ha permitido al Instituto RIFTFS reunir a un equipo multidisciplinar con algunos de los mejores economistas de la salud, epidemi\u00f3logos, especialistas en salud p\u00fablica y expertos en pol\u00edticas de control del tabaco bajo su liderazgo. Los socios son: Tobacco Free Research Institute Irlanda (TFRI) (Coordinador), International Agency for Research on Cancer (IARC) Francia, The National Institute for Health and Welfare (THL) Finlandia, Istituto de Reserche Farmacologiche Mario Negri (IRFMN) of Bath Reino Unido, ICO Espa\u00f1a y HBSA EE.UU. <\/p><\/div><\/div><div class=\"wp-block-uagb-faq-child uagb-faq-child__outer-wrap uagb-faq-item uagb-block-66e90450 \" role=\"tab\" tabindex=\"0\"><div class=\"uagb-faq-questions-button uagb-faq-questions\">\t\t\t<span class=\"uagb-icon uagb-faq-icon-wrap\">\n\t\t\t\t\t\t\t\t<svg xmlns=\"https:\/\/www.w3.org\/2000\/svg\" viewBox= \"0 0 448 512\"><path d=\"M432 256c0 17.69-14.33 32.01-32 32.01H256v144c0 17.69-14.33 31.99-32 31.99s-32-14.3-32-31.99v-144H48c-17.67 0-32-14.32-32-32.01s14.33-31.99 32-31.99H192v-144c0-17.69 14.33-32.01 32-32.01s32 14.32 32 32.01v144h144C417.7 224 432 238.3 432 256z\"><\/path><\/svg>\n\t\t\t\t\t\t\t<\/span>\n\t\t\t\t\t\t<span class=\"uagb-icon-active uagb-faq-icon-wrap\">\n\t\t\t\t\t\t\t<\/span>\n\t\t\t<span class=\"uagb-question\"><strong>Participantes<\/strong><\/span><\/div><div class=\"uagb-faq-content\"><p>La estructura del 7PM ha permitido al Instituto RIFTFS reunir a un equipo multidisciplinar con algunos de los mejores economistas de la salud, epidemi\u00f3logos, especialistas en salud p\u00fablica y expertos en pol\u00edticas de control del tabaco bajo su liderazgo. Los socios son: Tobacco Free Research Institute Irlanda (TFRI) (Coordinador), International Agency for Research on Cancer (IARC) Francia, The National Institute for Health and Welfare (THL) Finlandia, Istituto de Reserche Farmacologiche Mario Negri (IRFMN) of Bath Reino Unido, ICO Espa\u00f1a y HBSA EE.UU. <\/p><\/div><\/div><div class=\"wp-block-uagb-faq-child uagb-faq-child__outer-wrap uagb-faq-item uagb-block-076be222 \" role=\"tab\" tabindex=\"0\"><div class=\"uagb-faq-questions-button uagb-faq-questions\">\t\t\t<span class=\"uagb-icon uagb-faq-icon-wrap\">\n\t\t\t\t\t\t\t\t<svg xmlns=\"https:\/\/www.w3.org\/2000\/svg\" viewBox= \"0 0 448 512\"><path d=\"M432 256c0 17.69-14.33 32.01-32 32.01H256v144c0 17.69-14.33 31.99-32 31.99s-32-14.3-32-31.99v-144H48c-17.67 0-32-14.32-32-32.01s14.33-31.99 32-31.99H192v-144c0-17.69 14.33-32.01 32-32.01s32 14.32 32 32.01v144h144C417.7 224 432 238.3 432 256z\"><\/path><\/svg>\n\t\t\t\t\t\t\t<\/span>\n\t\t\t\t\t\t<span class=\"uagb-icon-active uagb-faq-icon-wrap\">\n\t\t\t\t\t\t\t<\/span>\n\t\t\t<span class=\"uagb-question\"><strong>Duraci\u00f3n<\/strong><\/span><\/div><div class=\"uagb-faq-content\"><p>2009-2011<\/p><\/div><\/div><div class=\"wp-block-uagb-faq-child uagb-faq-child__outer-wrap uagb-faq-item uagb-block-66745a3e \" role=\"tab\" tabindex=\"0\"><div class=\"uagb-faq-questions-button uagb-faq-questions\">\t\t\t<span class=\"uagb-icon uagb-faq-icon-wrap\">\n\t\t\t\t\t\t\t\t<svg xmlns=\"https:\/\/www.w3.org\/2000\/svg\" viewBox= \"0 0 448 512\"><path d=\"M432 256c0 17.69-14.33 32.01-32 32.01H256v144c0 17.69-14.33 31.99-32 31.99s-32-14.3-32-31.99v-144H48c-17.67 0-32-14.32-32-32.01s14.33-31.99 32-31.99H192v-144c0-17.69 14.33-32.01 32-32.01s32 14.32 32 32.01v144h144C417.7 224 432 238.3 432 256z\"><\/path><\/svg>\n\t\t\t\t\t\t\t<\/span>\n\t\t\t\t\t\t<span class=\"uagb-icon-active uagb-faq-icon-wrap\">\n\t\t\t\t\t\t\t<\/span>\n\t\t\t<span class=\"uagb-question\"><strong>Financiaci\u00f3n<\/strong><\/span><\/div><div class=\"uagb-faq-content\"><p>UE, 7\u00ba Programa Marco (FP7-HEALTH-2007-B)<\/p><\/div><\/div><div class=\"wp-block-uagb-faq-child uagb-faq-child__outer-wrap uagb-faq-item uagb-block-43ba4076 \" role=\"tab\" tabindex=\"0\"><div class=\"uagb-faq-questions-button uagb-faq-questions\">\t\t\t<span class=\"uagb-icon uagb-faq-icon-wrap\">\n\t\t\t\t\t\t\t\t<svg xmlns=\"https:\/\/www.w3.org\/2000\/svg\" viewBox= \"0 0 448 512\"><path d=\"M432 256c0 17.69-14.33 32.01-32 32.01H256v144c0 17.69-14.33 31.99-32 31.99s-32-14.3-32-31.99v-144H48c-17.67 0-32-14.32-32-32.01s14.33-31.99 32-31.99H192v-144c0-17.69 14.33-32.01 32-32.01s32 14.32 32 32.01v144h144C417.7 224 432 238.3 432 256z\"><\/path><\/svg>\n\t\t\t\t\t\t\t<\/span>\n\t\t\t\t\t\t<span class=\"uagb-icon-active uagb-faq-icon-wrap\">\n\t\t\t\t\t\t\t<\/span>\n\t\t\t<span class=\"uagb-question\"><strong>Investigador principal<\/strong><\/span><\/div><div class=\"uagb-faq-content\"><p>Prof. Luke Clancy (TobaccoFree Research Institute Ireland, TFRI)<br><\/p><\/div><\/div><div class=\"wp-block-uagb-faq-child uagb-faq-child__outer-wrap uagb-faq-item uagb-block-43da1e65 \" role=\"tab\" tabindex=\"0\"><div class=\"uagb-faq-questions-button uagb-faq-questions\">\t\t\t<span class=\"uagb-icon uagb-faq-icon-wrap\">\n\t\t\t\t\t\t\t\t<svg xmlns=\"https:\/\/www.w3.org\/2000\/svg\" viewBox= \"0 0 448 512\"><path d=\"M432 256c0 17.69-14.33 32.01-32 32.01H256v144c0 17.69-14.33 31.99-32 31.99s-32-14.3-32-31.99v-144H48c-17.67 0-32-14.32-32-32.01s14.33-31.99 32-31.99H192v-144c0-17.69 14.33-32.01 32-32.01s32 14.32 32 32.01v144h144C417.7 224 432 238.3 432 256z\"><\/path><\/svg>\n\t\t\t\t\t\t\t<\/span>\n\t\t\t\t\t\t<span class=\"uagb-icon-active uagb-faq-icon-wrap\">\n\t\t\t\t\t\t\t<\/span>\n\t\t\t<span class=\"uagb-question\"><strong>Publicaciones<\/strong><\/span><\/div><div class=\"uagb-faq-content\"><p>Fern\u00e1ndez E, Lugo A, Clancy L, Matsuo K, La Vecchia C, Gallus S. <a href=\"http:\/\/www.sciencedirect.com\/science\/article\/pii\/S0091743515003084\" target=\"_blank\" rel=\"noreferrer noopener\">Smoking dependencia en 18 European countries: Hard to maintain the hardening hypothesis.<\/a> Prev Med. 2015 Dic;81:314-9.<br> Ferketich AK, Lugo A, La Vecchia C, Fernandez E, Boffetta P, Clancy L, Gallus S. <a href=\"http:\/\/tobaccocontrol.bmj.com\/content\/25\/1\/60.abstract\" target=\"_blank\" rel=\"noreferrer noopener\">Relaci\u00f3n between nacional-level tobacco control polic\u00edas and individual-level voluntario home smoking bans in Europe<\/a> . Tob Control. 2016 Jan;25(1):60-5. PMID: 25335901.<br> Gallus S, Lugo A, Fernandez <a href=\"http:\/\/www.sciencedirect.com\/science\/article\/pii\/S0091743514002916\" target=\"_blank\" rel=\"noreferrer noopener\">E<\/a> , Gilmore AB, Le\u00f3n ME, Clancy L, La Vecchia C. Prev Med. 2014 Oct;67:255-8. PubMed<br> Gallus S, Lugo A, Ghislandi S, Vecchia C, Gilmore AB. <a href=\"http:\/\/www.ncbi.nlm.nih.gov\/pmc\/articles\/PMC4127802\/pdf\/nihms568925.pdf\" target=\"_blank\" rel=\"noreferrer noopener\">Roll-your-own cigarrillos en Europa: use, weight and implications for fiscal policies<\/a> . Eur J Cancer Prev. 2014 May;23(3):186-92.<br> Gallus S, Lugo A, Vecchia C, Boffetta P, Chaloupka FJ, Colombo P, Currie L, Fernandez E, Fischbacher C, Gilmore A, Godfrey F, Joosenses L, Le\u00f3n ME, Levy DT, Nguyen L, Rosenqvist G, Ross H <a href=\"http:\/\/www.ncbi.nlm.nih.gov\/pubmed\/24441832\" target=\"_blank\" rel=\"noreferrer noopener\">, Town Tobacco en Europa (PPACTE) proyecto: cross-national comparison of smoking prevalence en 18 European countries.<\/a> Eur J Cancer Prev. 2014 May;23(3):177-85.<br> Gilmore AB, Rowell A, Gallus S, Lugo A, Joossens L, Sims M. <a href=\"http:\/\/tobaccocontrol.bmj.com\/content\/early\/2013\/12\/11\/tobaccocontrol-2013-051240.full.pdf+html\" target=\"_blank\" rel=\"noreferrer noopener\">Towards en greater understanding of illicit tobacco trade in Europe: en review de PMI fundado &#8216;Project Star&#8217; report<\/a> . Tob Control. 2014 May;23(e1):e51-61.<br> Joossens L, Lugo A, La Vecchia C, Gilmore AB, Clancy L, Gallus S. <a href=\"http:\/\/tobaccocontrol.bmj.com\/content\/early\/2012\/11\/14\/tobaccocontrol-2012-050644.abstract\" target=\"_blank\" rel=\"noreferrer noopener\">Ilicito cigarrillos y hand-rolled tobacco en 18 European countries: en cross-sectional survey.<\/a> Tob Control. 2014 May;23(e1):e17-23.           <br><\/p><\/div><\/div><\/div>\n<div style=\"height:131px\" aria-hidden=\"true\" class=\"wp-block-spacer\"><\/div>\n","protected":false},"excerpt":{"rendered":"","protected":false},"author":28,"featured_media":0,"parent":0,"menu_order":0,"comment_status":"closed","ping_status":"closed","template":"","meta":{"_uag_custom_page_level_css":"","site-sidebar-layout":"default","site-content-layout":"","ast-site-content-layout":"default","site-content-style":"default","site-sidebar-style":"default","ast-global-header-display":"","ast-banner-title-visibility":"","ast-main-header-display":"","ast-hfb-above-header-display":"","ast-hfb-below-header-display":"","ast-hfb-mobile-header-display":"","site-post-title":"disabled","ast-breadcrumbs-content":"","ast-featured-img":"","footer-sml-layout":"","ast-disable-related-posts":"","theme-transparent-header-meta":"","adv-header-id-meta":"","stick-header-meta":"","header-above-stick-meta":"","header-main-stick-meta":"","header-below-stick-meta":"","astra-migrate-meta-layouts":"default","ast-page-background-enabled":"default","ast-page-background-meta":{"desktop":{"background-color":"var(--ast-global-color-4)","background-image":"","background-repeat":"repeat","background-position":"center center","background-size":"auto","background-attachment":"scroll","background-type":"","background-media":"","overlay-type":"","overlay-color":"","overlay-opacity":"","overlay-gradient":""},"tablet":{"background-color":"","background-image":"","background-repeat":"repeat","background-position":"center center","background-size":"auto","background-attachment":"scroll","background-type":"","background-media":"","overlay-type":"","overlay-color":"","overlay-opacity":"","overlay-gradient":""},"mobile":{"background-color":"","background-image":"","background-repeat":"repeat","background-position":"center center","background-size":"auto","background-attachment":"scroll","background-type":"","background-media":"","overlay-type":"","overlay-color":"","overlay-opacity":"","overlay-gradient":""}},"ast-content-background-meta":{"desktop":{"background-color":"var(--ast-global-color-5)","background-image":"","background-repeat":"repeat","background-position":"center center","background-size":"auto","background-attachment":"scroll","background-type":"","background-media":"","overlay-type":"","overlay-color":"","overlay-opacity":"","overlay-gradient":""},"tablet":{"background-color":"var(--ast-global-color-5)","background-image":"","background-repeat":"repeat","background-position":"center center","background-size":"auto","background-attachment":"scroll","background-type":"","background-media":"","overlay-type":"","overlay-color":"","overlay-opacity":"","overlay-gradient":""},"mobile":{"background-color":"var(--ast-global-color-5)","background-image":"","background-repeat":"repeat","background-position":"center center","background-size":"auto","background-attachment":"scroll","background-type":"","background-media":"","overlay-type":"","overlay-color":"","overlay-opacity":"","overlay-gradient":""}},"_vp_format_video_url":"","_vp_image_focal_point":[],"footnotes":""},"class_list":["post-14106","page","type-page","status-publish","hentry"],"uagb_featured_image_src":{"full":false,"thumbnail":false,"medium":false,"medium_large":false,"large":false,"1536x1536":false,"2048x2048":false,"vp_sm":false,"vp_md":false,"vp_lg":false,"vp_xl":false,"vp_sm_popup":false,"vp_md_popup":false,"vp_xl_popup":false},"uagb_author_info":{"display_name":"clara","author_link":"https:\/\/icoprevencio.cat\/uct\/es\/author\/clara\/"},"uagb_comment_info":0,"uagb_excerpt":null,"_links":{"self":[{"href":"https:\/\/icoprevencio.cat\/uct\/es\/wp-json\/wp\/v2\/pages\/14106","targetHints":{"allow":["GET"]}}],"collection":[{"href":"https:\/\/icoprevencio.cat\/uct\/es\/wp-json\/wp\/v2\/pages"}],"about":[{"href":"https:\/\/icoprevencio.cat\/uct\/es\/wp-json\/wp\/v2\/types\/page"}],"author":[{"embeddable":true,"href":"https:\/\/icoprevencio.cat\/uct\/es\/wp-json\/wp\/v2\/users\/28"}],"replies":[{"embeddable":true,"href":"https:\/\/icoprevencio.cat\/uct\/es\/wp-json\/wp\/v2\/comments?post=14106"}],"version-history":[{"count":2,"href":"https:\/\/icoprevencio.cat\/uct\/es\/wp-json\/wp\/v2\/pages\/14106\/revisions"}],"predecessor-version":[{"id":14113,"href":"https:\/\/icoprevencio.cat\/uct\/es\/wp-json\/wp\/v2\/pages\/14106\/revisions\/14113"}],"wp:attachment":[{"href":"https:\/\/icoprevencio.cat\/uct\/es\/wp-json\/wp\/v2\/media?parent=14106"}],"curies":[{"name":"wp","href":"https:\/\/api.w.org\/{rel}","templated":true}]}}