{"id":14141,"date":"2025-07-18T10:35:22","date_gmt":"2025-07-18T09:35:22","guid":{"rendered":"https:\/\/icoprevencio.cat\/uct\/respir-net\/"},"modified":"2025-07-18T10:35:22","modified_gmt":"2025-07-18T09:35:22","slug":"respir-net","status":"publish","type":"page","link":"https:\/\/icoprevencio.cat\/uct\/es\/respir-net\/","title":{"rendered":"RESPIR.NET"},"content":{"rendered":"\n<div class=\"wp-block-uagb-container uagb-block-709c37ea alignfull uagb-is-root-container\"><div class=\"uagb-container-inner-blocks-wrap\">\n<div class=\"wp-block-uagb-info-box uagb-block-353171f0 uagb-infobox__content-wrap  uagb-infobox-icon-above-title uagb-infobox-image-valign-top wp-block-uagb-info-box--has-margin\"><div class=\"uagb-infobox-margin-wrapper\"><div class=\"uagb-ifb-content\"><div class=\"uagb-ifb-title-wrap\"><h2 class=\"uagb-ifb-title\"><strong>Proyectos anteriores<\/strong><\/h2><\/div><\/div><\/div><\/div>\n<\/div><\/div>\n\n<div style=\"height:62px\" aria-hidden=\"true\" class=\"wp-block-spacer\"><\/div>\n\n<div class=\"wp-block-uagb-image uagb-block-71d5725e wp-block-uagb-image--layout-default wp-block-uagb-image--effect-static wp-block-uagb-image--align-none\"><figure class=\"wp-block-uagb-image__figure\"><img decoding=\"async\" src=\"https:\/\/icoprevencio.cat\/uct\/wp-content\/uploads\/sites\/10\/2025\/07\/respirnet-300x169-1.jpg\" alt=\"\" class=\"uag-image-14130\" width=\"391\" height=\"92\" title=\"respirnet-300x169\" loading=\"lazy\" role=\"img\"><\/figure><\/div>\n\n<div class=\"wp-block-uagb-info-box uagb-block-9271b190 uagb-infobox__content-wrap  uagb-infobox-icon-above-title uagb-infobox-image-valign-top wp-block-uagb-info-box--has-margin\"><div class=\"uagb-infobox-margin-wrapper\"><div class=\"uagb-ifb-content\"><div class=\"uagb-ifb-title-wrap\"><h3 class=\"uagb-ifb-title\">RESPIR.NET: s\u00edntomas respiratorios, asma y tabaquismo pasivo en ni\u00f1os<\/h3><\/div><p class=\"uagb-ifb-desc\">La evidencia epidemiol\u00f3gica disponible indica que el tabaquismo involuntario o pasivo (tambi\u00e9n conocido como humo de segunda mano o Humo Ambiental del Tabaco, FAT) por parte de los ni\u00f1os est\u00e1 relacionado, entre otros efectos adversos para la salud, con las enfermedades respiratorias y, en particular, el asma. Mientras que la exposici\u00f3n de los ni\u00f1os al humo del tabaco se da principalmente en el hogar, los entornos en los que est\u00e1n expuestos son m\u00faltiples. Por tanto, las intervenciones a varios niveles (ni\u00f1os, padres\/tutores, escuelas) destinadas a reducir el tabaquismo de los padres y de otros cuidadores, ya sea cambiando el lugar donde se fuma, as\u00ed como aumentando el conocimiento sobre los efectos del tabaquismo pasivo en los ni\u00f1os, puede reducir su exposici\u00f3n al humo del tabaco ya sus consecuencias.  <\/p><\/div><\/div><\/div>\n<div class=\"wp-block-uagb-faq uagb-faq__outer-wrap uagb-block-07d58159 uagb-faq-icon-row-reverse uagb-faq-layout-accordion uagb-faq-expand-first-false uagb-faq-inactive-other-true uagb-faq__wrap uagb-buttons-layout-wrap uagb-faq-equal-height     \" data-faqtoggle=\"true\" role=\"tablist\"><div class=\"wp-block-uagb-faq-child uagb-faq-child__outer-wrap uagb-faq-item uagb-block-24e60ec9 \" role=\"tab\" tabindex=\"0\"><div class=\"uagb-faq-questions-button uagb-faq-questions\">\t\t\t<span class=\"uagb-icon uagb-faq-icon-wrap\">\n\t\t\t\t\t\t\t\t<svg xmlns=\"https:\/\/www.w3.org\/2000\/svg\" viewBox= \"0 0 448 512\"><path d=\"M432 256c0 17.69-14.33 32.01-32 32.01H256v144c0 17.69-14.33 31.99-32 31.99s-32-14.3-32-31.99v-144H48c-17.67 0-32-14.32-32-32.01s14.33-31.99 32-31.99H192v-144c0-17.69 14.33-32.01 32-32.01s32 14.32 32 32.01v144h144C417.7 224 432 238.3 432 256z\"><\/path><\/svg>\n\t\t\t\t\t\t\t<\/span>\n\t\t\t\t\t\t<span class=\"uagb-icon-active uagb-faq-icon-wrap\">\n\t\t\t\t\t\t\t<\/span>\n\t\t\t<span class=\"uagb-question\"><strong>Objetivos<\/strong><\/span><\/div><div class=\"uagb-faq-content\"><p>Evaluar la efectividad de una intervenci\u00f3n multinivel (individual, familiar y escolar) en la prevenci\u00f3n del tabaquismo pasivo y su impacto sobre la salud respiratoria en ni\u00f1os de 12 a 14 a\u00f1os de edad.<br><\/p><\/div><\/div><div class=\"wp-block-uagb-faq-child uagb-faq-child__outer-wrap uagb-faq-item uagb-block-7502faf6 \" role=\"tab\" tabindex=\"0\"><div class=\"uagb-faq-questions-button uagb-faq-questions\">\t\t\t<span class=\"uagb-icon uagb-faq-icon-wrap\">\n\t\t\t\t\t\t\t\t<svg xmlns=\"https:\/\/www.w3.org\/2000\/svg\" viewBox= \"0 0 448 512\"><path d=\"M432 256c0 17.69-14.33 32.01-32 32.01H256v144c0 17.69-14.33 31.99-32 31.99s-32-14.3-32-31.99v-144H48c-17.67 0-32-14.32-32-32.01s14.33-31.99 32-31.99H192v-144c0-17.69 14.33-32.01 32-32.01s32 14.32 32 32.01v144h144C417.7 224 432 238.3 432 256z\"><\/path><\/svg>\n\t\t\t\t\t\t\t<\/span>\n\t\t\t\t\t\t<span class=\"uagb-icon-active uagb-faq-icon-wrap\">\n\t\t\t\t\t\t\t<\/span>\n\t\t\t<span class=\"uagb-question\"><strong>M\u00e9todos<\/strong><\/span><\/div><div class=\"uagb-faq-content\"><p><strong><em>Dise\u00f1o: Ensayo<\/em><\/strong> controlado aleatorizado. 25 escuelas de secundaria (del \u00e1rea metropolitana de Barcelona) asignadas aleatoriamente a dos grupos: intervenci\u00f3n completa o intervenci\u00f3n m\u00ednima. <strong><em>Sujetos:<\/em><\/strong> 3.700 escolares de 12-14 a\u00f1os de edad en 1\u00ba y 2\u00ba de ESO (curso 2005-2006). <strong><em>Procedimiento:<\/em><\/strong> 1) Dise\u00f1o de la intervenci\u00f3n de m\u00faltiples niveles y un cuestionario para la evaluaci\u00f3n del FAT; 2) Evaluci\u00f3n de la situaci\u00f3n de partida de los ni\u00f1os en relaci\u00f3n con la salud respiratoria y la exposici\u00f3n al FAT; 3) Implementaci\u00f3n de la intervenci\u00f3n y 4) evaluaci\u00f3n de la eficacia de la intervenci\u00f3n, evaluaci\u00f3n de la salud respiratoria y la exposici\u00f3n al FAT de los ni\u00f1os ocho meses despu\u00e9s de la intervenci\u00f3n. <strong>Principales medidas:<\/strong> 1) S\u00edntomas respiratorios: mediante el cuestionario ISAAC, validado y traducido (catal\u00e1n y castellano); 2) exposici\u00f3n al FAT: mediante cuestionario, incluyendo la exposici\u00f3n al FAT en el hogar, en el tiempo libre y en otros entornos, y determinaci\u00f3n de la concentraci\u00f3n de nicotina en el cabello como biomarcador de la exposici\u00f3n al FAT en una muestra aleatoria de 700 ni\u00f1os. <em><strong>Intervenci\u00f3n:<\/strong><\/em> Dise\u00f1o de un perfil de atenci\u00f3n escalonada, con un m\u00ednimo contacto inicial en las escuelas proporcionado por personal entrenado (actividad grupal) con retroalimentaci\u00f3n y material adicional impreso (actividad individual), y con mayor intensidad y duraci\u00f3n en el seguimiento (cartas a los ni\u00f1os ya sus padres).    <br><\/p><\/div><\/div><div class=\"wp-block-uagb-faq-child uagb-faq-child__outer-wrap uagb-faq-item uagb-block-565f9c20 \" role=\"tab\" tabindex=\"0\"><div class=\"uagb-faq-questions-button uagb-faq-questions\">\t\t\t<span class=\"uagb-icon uagb-faq-icon-wrap\">\n\t\t\t\t\t\t\t\t<svg xmlns=\"https:\/\/www.w3.org\/2000\/svg\" viewBox= \"0 0 448 512\"><path d=\"M432 256c0 17.69-14.33 32.01-32 32.01H256v144c0 17.69-14.33 31.99-32 31.99s-32-14.3-32-31.99v-144H48c-17.67 0-32-14.32-32-32.01s14.33-31.99 32-31.99H192v-144c0-17.69 14.33-32.01 32-32.01s32 14.32 32 32.01v144h144C417.7 224 432 238.3 432 256z\"><\/path><\/svg>\n\t\t\t\t\t\t\t<\/span>\n\t\t\t\t\t\t<span class=\"uagb-icon-active uagb-faq-icon-wrap\">\n\t\t\t\t\t\t\t<\/span>\n\t\t\t<span class=\"uagb-question\"><strong><strong>Paquetes de trabajo<\/strong><\/strong><\/span><\/div><div class=\"uagb-faq-content\"><p>WP1. Coordinaci\u00f3n, implementaci\u00f3n de la intervenci\u00f3n, an\u00e1lisis y difusi\u00f3n de edades (ICO-IDIBELL, Coordinador: Esteve Fern\u00e1ndez). <br>WP2. Dise\u00f1o de la intervenci\u00f3n y la evaluaci\u00f3n (ASPB, Coordinador: Manel Nebot). <br>WP3. Evaluaci\u00f3n de la nicotina (IMIM, Coordinador: Jos\u00e9 A. Pascual). <\/p><\/div><\/div><div class=\"wp-block-uagb-faq-child uagb-faq-child__outer-wrap uagb-faq-item uagb-block-076be222 \" role=\"tab\" tabindex=\"0\"><div class=\"uagb-faq-questions-button uagb-faq-questions\">\t\t\t<span class=\"uagb-icon uagb-faq-icon-wrap\">\n\t\t\t\t\t\t\t\t<svg xmlns=\"https:\/\/www.w3.org\/2000\/svg\" viewBox= \"0 0 448 512\"><path d=\"M432 256c0 17.69-14.33 32.01-32 32.01H256v144c0 17.69-14.33 31.99-32 31.99s-32-14.3-32-31.99v-144H48c-17.67 0-32-14.32-32-32.01s14.33-31.99 32-31.99H192v-144c0-17.69 14.33-32.01 32-32.01s32 14.32 32 32.01v144h144C417.7 224 432 238.3 432 256z\"><\/path><\/svg>\n\t\t\t\t\t\t\t<\/span>\n\t\t\t\t\t\t<span class=\"uagb-icon-active uagb-faq-icon-wrap\">\n\t\t\t\t\t\t\t<\/span>\n\t\t\t<span class=\"uagb-question\"><strong>Financiaci\u00f3n<\/strong><\/span><\/div><div class=\"uagb-faq-content\"><p>Fundaci\u00f3n \u00abLa Marat\u00f3 de TV3\u00bb, 283.790,00 \u20ac<\/p><\/div><\/div><div class=\"wp-block-uagb-faq-child uagb-faq-child__outer-wrap uagb-faq-item uagb-block-79fb3d4b \" role=\"tab\" tabindex=\"0\"><div class=\"uagb-faq-questions-button uagb-faq-questions\">\t\t\t<span class=\"uagb-icon uagb-faq-icon-wrap\">\n\t\t\t\t\t\t\t\t<svg xmlns=\"https:\/\/www.w3.org\/2000\/svg\" viewBox= \"0 0 448 512\"><path d=\"M432 256c0 17.69-14.33 32.01-32 32.01H256v144c0 17.69-14.33 31.99-32 31.99s-32-14.3-32-31.99v-144H48c-17.67 0-32-14.32-32-32.01s14.33-31.99 32-31.99H192v-144c0-17.69 14.33-32.01 32-32.01s32 14.32 32 32.01v144h144C417.7 224 432 238.3 432 256z\"><\/path><\/svg>\n\t\t\t\t\t\t\t<\/span>\n\t\t\t\t\t\t<span class=\"uagb-icon-active uagb-faq-icon-wrap\">\n\t\t\t\t\t\t\t<\/span>\n\t\t\t<span class=\"uagb-question\"><strong>Duraci\u00f3n<\/strong><\/span><\/div><div class=\"uagb-faq-content\"><p>36 meses: del 03\/2005 hasta el 03\/2008<br><\/p><\/div><\/div><div class=\"wp-block-uagb-faq-child uagb-faq-child__outer-wrap uagb-faq-item uagb-block-43ba4076 \" role=\"tab\" tabindex=\"0\"><div class=\"uagb-faq-questions-button uagb-faq-questions\">\t\t\t<span class=\"uagb-icon uagb-faq-icon-wrap\">\n\t\t\t\t\t\t\t\t<svg xmlns=\"https:\/\/www.w3.org\/2000\/svg\" viewBox= \"0 0 448 512\"><path d=\"M432 256c0 17.69-14.33 32.01-32 32.01H256v144c0 17.69-14.33 31.99-32 31.99s-32-14.3-32-31.99v-144H48c-17.67 0-32-14.32-32-32.01s14.33-31.99 32-31.99H192v-144c0-17.69 14.33-32.01 32-32.01s32 14.32 32 32.01v144h144C417.7 224 432 238.3 432 256z\"><\/path><\/svg>\n\t\t\t\t\t\t\t<\/span>\n\t\t\t\t\t\t<span class=\"uagb-icon-active uagb-faq-icon-wrap\">\n\t\t\t\t\t\t\t<\/span>\n\t\t\t<span class=\"uagb-question\"><strong><strong>Investigador principal y centro coordinador<\/strong><\/strong><\/span><\/div><div class=\"uagb-faq-content\"><p><a href=\"https:\/\/icoprevencio.cat\/uct\/?member=esteve-fernandez\">Dr. Esteve Fern\u00e1ndez<\/a> , Unidad de Control del Tabaco-Instituto Catal\u00e1n de Oncolog\u00eda<\/p><\/div><\/div><div class=\"wp-block-uagb-faq-child uagb-faq-child__outer-wrap uagb-faq-item uagb-block-5f7306f3 \" role=\"tab\" tabindex=\"0\"><div class=\"uagb-faq-questions-button uagb-faq-questions\">\t\t\t<span class=\"uagb-icon uagb-faq-icon-wrap\">\n\t\t\t\t\t\t\t\t<svg xmlns=\"https:\/\/www.w3.org\/2000\/svg\" viewBox= \"0 0 448 512\"><path d=\"M432 256c0 17.69-14.33 32.01-32 32.01H256v144c0 17.69-14.33 31.99-32 31.99s-32-14.3-32-31.99v-144H48c-17.67 0-32-14.32-32-32.01s14.33-31.99 32-31.99H192v-144c0-17.69 14.33-32.01 32-32.01s32 14.32 32 32.01v144h144C417.7 224 432 238.3 432 256z\"><\/path><\/svg>\n\t\t\t\t\t\t\t<\/span>\n\t\t\t\t\t\t<span class=\"uagb-icon-active uagb-faq-icon-wrap\">\n\t\t\t\t\t\t\t<\/span>\n\t\t\t<span class=\"uagb-question\"><strong><strong>Publicaciones<\/strong><\/strong><\/span><\/div><div class=\"uagb-faq-content\"><p>Ariza C, Schiaffino A, Pascual JA, Twose J, Sobrino M, Fern\u00e1ndez E. <a href=\"http:\/\/www.ncbi.nlm.nih.gov\/pubmed\/19520402\" target=\"_blank\" rel=\"noreferrer noopener\">Exposici\u00f3n en el humo de tabaco y concentraci\u00f3n de cotinina en saliva en una muestra de escolares de Barcelona.<\/a> Medicina Cl\u00ednica (Barco). 2009 133:622-5.<br> Mart\u00edn-Pujol A, Fern\u00e1ndez E, Schiaffino A, Moncada A, Ariza C, Blanco C, Mart\u00ednez-S\u00e1nchez JM; RESPIR.NET research group. <a href=\"http:\/\/www.ncbi.nlm.nih.gov\/pubmed\/23581609\" target=\"_blank\" rel=\"noreferrer noopener\">Tobacco smoking, exponer el second-hand smoke, and asthma and wheezing in schoolchildren: en cross-sectional study<\/a> . Acta Paediatrica. 2013;102:e305-9.<br> Blanco C, Fern\u00e1ndez E, Mart\u00ednez-S\u00e1nchez JM, Ariza C, L\u00f3pez MJ, Moncada A, Schiaffino A, Rajmil L, Salt\u00f3n E, Pascual YA, Sobrino M; RESPIR.NET research group. <a href=\"http:\/\/www.ncbi.nlm.nih.gov\/pubmed\/23933268\" target=\"_blank\" rel=\"noreferrer noopener\">Impact de multi-level intervention to prevent secondhand smoke exposure in schoolchildren: a randomized cluster community trial.<\/a> Preventive Medicine. 2013;57:585-90.<br> Respir.net Group. <a href=\"https:\/\/statics.ccma.cat\/recursos\/marato\/simposiums\/marato2003\/cat\/Dr_Fernandez.pdf\">S\u00edntomas respiratorios, asma y tabaquismo pasivo en escolares: efectividad de una intervenci\u00f3n individual, familiar y escolar.<\/a> Barcelona: Fundaci\u00f3n La Marat\u00f3; 2003.    <\/p><\/div><\/div><\/div>\n<div style=\"height:131px\" aria-hidden=\"true\" class=\"wp-block-spacer\"><\/div>\n","protected":false},"excerpt":{"rendered":"","protected":false},"author":28,"featured_media":0,"parent":0,"menu_order":0,"comment_status":"closed","ping_status":"closed","template":"","meta":{"_uag_custom_page_level_css":"","site-sidebar-layout":"default","site-content-layout":"","ast-site-content-layout":"default","site-content-style":"default","site-sidebar-style":"default","ast-global-header-display":"","ast-banner-title-visibility":"","ast-main-header-display":"","ast-hfb-above-header-display":"","ast-hfb-below-header-display":"","ast-hfb-mobile-header-display":"","site-post-title":"disabled","ast-breadcrumbs-content":"","ast-featured-img":"","footer-sml-layout":"","ast-disable-related-posts":"","theme-transparent-header-meta":"","adv-header-id-meta":"","stick-header-meta":"","header-above-stick-meta":"","header-main-stick-meta":"","header-below-stick-meta":"","astra-migrate-meta-layouts":"default","ast-page-background-enabled":"default","ast-page-background-meta":{"desktop":{"background-color":"var(--ast-global-color-4)","background-image":"","background-repeat":"repeat","background-position":"center center","background-size":"auto","background-attachment":"scroll","background-type":"","background-media":"","overlay-type":"","overlay-color":"","overlay-opacity":"","overlay-gradient":""},"tablet":{"background-color":"","background-image":"","background-repeat":"repeat","background-position":"center center","background-size":"auto","background-attachment":"scroll","background-type":"","background-media":"","overlay-type":"","overlay-color":"","overlay-opacity":"","overlay-gradient":""},"mobile":{"background-color":"","background-image":"","background-repeat":"repeat","background-position":"center center","background-size":"auto","background-attachment":"scroll","background-type":"","background-media":"","overlay-type":"","overlay-color":"","overlay-opacity":"","overlay-gradient":""}},"ast-content-background-meta":{"desktop":{"background-color":"var(--ast-global-color-5)","background-image":"","background-repeat":"repeat","background-position":"center center","background-size":"auto","background-attachment":"scroll","background-type":"","background-media":"","overlay-type":"","overlay-color":"","overlay-opacity":"","overlay-gradient":""},"tablet":{"background-color":"var(--ast-global-color-5)","background-image":"","background-repeat":"repeat","background-position":"center center","background-size":"auto","background-attachment":"scroll","background-type":"","background-media":"","overlay-type":"","overlay-color":"","overlay-opacity":"","overlay-gradient":""},"mobile":{"background-color":"var(--ast-global-color-5)","background-image":"","background-repeat":"repeat","background-position":"center center","background-size":"auto","background-attachment":"scroll","background-type":"","background-media":"","overlay-type":"","overlay-color":"","overlay-opacity":"","overlay-gradient":""}},"_vp_format_video_url":"","_vp_image_focal_point":[],"footnotes":""},"class_list":["post-14141","page","type-page","status-publish","hentry"],"uagb_featured_image_src":{"full":false,"thumbnail":false,"medium":false,"medium_large":false,"large":false,"1536x1536":false,"2048x2048":false,"vp_sm":false,"vp_md":false,"vp_lg":false,"vp_xl":false,"vp_sm_popup":false,"vp_md_popup":false,"vp_xl_popup":false},"uagb_author_info":{"display_name":"clara","author_link":"https:\/\/icoprevencio.cat\/uct\/es\/author\/clara\/"},"uagb_comment_info":0,"uagb_excerpt":null,"_links":{"self":[{"href":"https:\/\/icoprevencio.cat\/uct\/es\/wp-json\/wp\/v2\/pages\/14141","targetHints":{"allow":["GET"]}}],"collection":[{"href":"https:\/\/icoprevencio.cat\/uct\/es\/wp-json\/wp\/v2\/pages"}],"about":[{"href":"https:\/\/icoprevencio.cat\/uct\/es\/wp-json\/wp\/v2\/types\/page"}],"author":[{"embeddable":true,"href":"https:\/\/icoprevencio.cat\/uct\/es\/wp-json\/wp\/v2\/users\/28"}],"replies":[{"embeddable":true,"href":"https:\/\/icoprevencio.cat\/uct\/es\/wp-json\/wp\/v2\/comments?post=14141"}],"version-history":[{"count":1,"href":"https:\/\/icoprevencio.cat\/uct\/es\/wp-json\/wp\/v2\/pages\/14141\/revisions"}],"predecessor-version":[{"id":14142,"href":"https:\/\/icoprevencio.cat\/uct\/es\/wp-json\/wp\/v2\/pages\/14141\/revisions\/14142"}],"wp:attachment":[{"href":"https:\/\/icoprevencio.cat\/uct\/es\/wp-json\/wp\/v2\/media?parent=14141"}],"curies":[{"name":"wp","href":"https:\/\/api.w.org\/{rel}","templated":true}]}}