{"id":14193,"date":"2025-07-18T10:56:52","date_gmt":"2025-07-18T09:56:52","guid":{"rendered":"https:\/\/icoprevencio.cat\/uct\/es%c2%b7esc\/"},"modified":"2025-07-18T10:58:39","modified_gmt":"2025-07-18T09:58:39","slug":"es%c2%b7esc","status":"publish","type":"page","link":"https:\/\/icoprevencio.cat\/uct\/es\/es%c2%b7esc\/","title":{"rendered":"ES\u00b7ESC"},"content":{"rendered":"\n<div class=\"wp-block-uagb-container uagb-block-709c37ea alignfull uagb-is-root-container\"><div class=\"uagb-container-inner-blocks-wrap\">\n<div class=\"wp-block-uagb-info-box uagb-block-353171f0 uagb-infobox__content-wrap  uagb-infobox-icon-above-title uagb-infobox-image-valign-top wp-block-uagb-info-box--has-margin\"><div class=\"uagb-infobox-margin-wrapper\"><div class=\"uagb-ifb-content\"><div class=\"uagb-ifb-title-wrap\"><h2 class=\"uagb-ifb-title\"><strong>Proyectos anteriores<\/strong><\/h2><\/div><\/div><\/div><\/div>\n<\/div><\/div>\n\n<div style=\"height:62px\" aria-hidden=\"true\" class=\"wp-block-spacer\"><\/div>\n\n<div class=\"wp-block-uagb-image uagb-block-71d5725e wp-block-uagb-image--layout-default wp-block-uagb-image--effect-static wp-block-uagb-image--align-none\"><figure class=\"wp-block-uagb-image__figure\"><img decoding=\"async\" src=\"https:\/\/icoprevencio.cat\/uct\/wp-content\/uploads\/sites\/10\/2025\/07\/esesc-300x169-1.jpg\" alt=\"\" class=\"uag-image-14186\" width=\"391\" height=\"92\" title=\"esesco-300x169\" loading=\"lazy\" role=\"img\"><\/figure><\/div>\n\n<div class=\"wp-block-uagb-info-box uagb-block-9271b190 uagb-infobox__content-wrap  uagb-infobox-icon-above-title uagb-infobox-image-valign-top wp-block-uagb-info-box--has-margin\"><div class=\"uagb-infobox-margin-wrapper\"><div class=\"uagb-ifb-content\"><div class=\"uagb-ifb-title-wrap\"><h3 class=\"uagb-ifb-title\">Estudio de Seguimiento de la Encuesta de Salud de Cornell\u00e0<\/h3><\/div><p class=\"uagb-ifb-desc\">Existen en Espa\u00f1a cohortes formadas con voluntarios, como el proyecto MONICA sobre factores de riesgo cardiovascular, el estudio EPIC sobre dieta y c\u00e1ncer o el estudio SUN sobre dieta y otros factores de riesgo. En nuestro pa\u00eds se han realizado diversas Encuestas de Salud de \u00e1mbito nacional, auton\u00f3mico o local, pero no existe una tradici\u00f3n de estudios de seguimiento de la mortalidad y\/o de la incidencia experimentada en estas muestras representativas de la poblaci\u00f3n general, que fueron entrevistadas personalmente, y de las que se obtuvo informaci\u00f3n en relaci\u00f3n no s\u00f3lo a su estado de salud y estilos de vida sino tambi\u00e9n sobre c\u00f3morbi. <\/p><\/div><\/div><\/div>\n<div class=\"wp-block-uagb-faq uagb-faq__outer-wrap uagb-block-07d58159 uagb-faq-icon-row-reverse uagb-faq-layout-accordion uagb-faq-expand-first-false uagb-faq-inactive-other-true uagb-faq__wrap uagb-buttons-layout-wrap uagb-faq-equal-height     \" data-faqtoggle=\"true\" role=\"tablist\"><div class=\"wp-block-uagb-faq-child uagb-faq-child__outer-wrap uagb-faq-item uagb-block-24e60ec9 \" role=\"tab\" tabindex=\"0\"><div class=\"uagb-faq-questions-button uagb-faq-questions\">\t\t\t<span class=\"uagb-icon uagb-faq-icon-wrap\">\n\t\t\t\t\t\t\t\t<svg xmlns=\"https:\/\/www.w3.org\/2000\/svg\" viewBox= \"0 0 448 512\"><path d=\"M432 256c0 17.69-14.33 32.01-32 32.01H256v144c0 17.69-14.33 31.99-32 31.99s-32-14.3-32-31.99v-144H48c-17.67 0-32-14.32-32-32.01s14.33-31.99 32-31.99H192v-144c0-17.69 14.33-32.01 32-32.01s32 14.32 32 32.01v144h144C417.7 224 432 238.3 432 256z\"><\/path><\/svg>\n\t\t\t\t\t\t\t<\/span>\n\t\t\t\t\t\t<span class=\"uagb-icon-active uagb-faq-icon-wrap\">\n\t\t\t\t\t\t\t<\/span>\n\t\t\t<span class=\"uagb-question\"><strong>Objetivos<\/strong><\/span><\/div><div class=\"uagb-faq-content\"><p>Analizar los cambios en el consumo de tabaco, consumo de alcohol y actividad f\u00edsica entre 1994 (entrevista basal) y 2002 (entrevista de seguimiento). Secundariamente, el proyecto permitir\u00e1 obtener informaci\u00f3n transversal sobre otros factores psicosociales (percepci\u00f3n de riesgo, locus de control, apoyo social) relacionados con la salud e investigar aspectos metodol\u00f3gicos relacionados con los estudios de cohortes. <br><\/p><\/div><\/div><div class=\"wp-block-uagb-faq-child uagb-faq-child__outer-wrap uagb-faq-item uagb-block-7502faf6 \" role=\"tab\" tabindex=\"0\"><div class=\"uagb-faq-questions-button uagb-faq-questions\">\t\t\t<span class=\"uagb-icon uagb-faq-icon-wrap\">\n\t\t\t\t\t\t\t\t<svg xmlns=\"https:\/\/www.w3.org\/2000\/svg\" viewBox= \"0 0 448 512\"><path d=\"M432 256c0 17.69-14.33 32.01-32 32.01H256v144c0 17.69-14.33 31.99-32 31.99s-32-14.3-32-31.99v-144H48c-17.67 0-32-14.32-32-32.01s14.33-31.99 32-31.99H192v-144c0-17.69 14.33-32.01 32-32.01s32 14.32 32 32.01v144h144C417.7 224 432 238.3 432 256z\"><\/path><\/svg>\n\t\t\t\t\t\t\t<\/span>\n\t\t\t\t\t\t<span class=\"uagb-icon-active uagb-faq-icon-wrap\">\n\t\t\t\t\t\t\t<\/span>\n\t\t\t<span class=\"uagb-question\"><strong>M\u00e9todos<\/strong><\/span><\/div><div class=\"uagb-faq-content\"><p><strong>Dise\u00f1o:<\/strong> Estudio prospectivo de cohortes de una muestra representativa de la poblaci\u00f3n general. <strong>\u00c1mbito del estudio:<\/strong> Poblaci\u00f3n general no institucionalizada de Cornell\u00e0 de Llobregat (Barcelona). <strong>Sujetos del estudio:<\/strong> 1.237 hombres y 1.263 mujeres entrevistados personalmente durante el a\u00f1o 1994 en Cornell\u00e0. <strong>Procedimientos:<\/strong> El seguimiento de la cohorte y la obtenci\u00f3n de la nueva informaci\u00f3n sobre los estilos de vida y ocurrencia de enfermedades se realizar\u00e1 mediante entrevista telef\u00f3nica personal durante el 2002. El cuestionario de seguimiento se basa en el utilizado en la entrevista basal. Se comprobar\u00e1 la factibilidad de su uso en una muestra de conveniencia y durante la prueba piloto. Se analizar\u00e1n los determinantes relacionados con los cambios en los estilos de vida y el riesgo relativo de sufrir las distintas enfermedades estudiadas mediante modelos de Cox y regresi\u00f3n log\u00edstica.   <br><\/p><\/div><\/div><div class=\"wp-block-uagb-faq-child uagb-faq-child__outer-wrap uagb-faq-item uagb-block-076be222 \" role=\"tab\" tabindex=\"0\"><div class=\"uagb-faq-questions-button uagb-faq-questions\">\t\t\t<span class=\"uagb-icon uagb-faq-icon-wrap\">\n\t\t\t\t\t\t\t\t<svg xmlns=\"https:\/\/www.w3.org\/2000\/svg\" viewBox= \"0 0 448 512\"><path d=\"M432 256c0 17.69-14.33 32.01-32 32.01H256v144c0 17.69-14.33 31.99-32 31.99s-32-14.3-32-31.99v-144H48c-17.67 0-32-14.32-32-32.01s14.33-31.99 32-31.99H192v-144c0-17.69 14.33-32.01 32-32.01s32 14.32 32 32.01v144h144C417.7 224 432 238.3 432 256z\"><\/path><\/svg>\n\t\t\t\t\t\t\t<\/span>\n\t\t\t\t\t\t<span class=\"uagb-icon-active uagb-faq-icon-wrap\">\n\t\t\t\t\t\t\t<\/span>\n\t\t\t<span class=\"uagb-question\"><strong>Financiaci\u00f3n<\/strong><\/span><\/div><div class=\"uagb-faq-content\"><p>Ayuda PI020261 (26.680,00 \u20ac, en tres anualidades) del Fondo de Investigaci\u00f3n Sanitaria del Instituto de Salud Carlos III (Fondo de Desarrollo Regional Europeo, FEDER) y contratos con el Ayuntamiento de Cornell\u00e0 de Llobregat.<br><\/p><\/div><\/div><div class=\"wp-block-uagb-faq-child uagb-faq-child__outer-wrap uagb-faq-item uagb-block-79fb3d4b \" role=\"tab\" tabindex=\"0\"><div class=\"uagb-faq-questions-button uagb-faq-questions\">\t\t\t<span class=\"uagb-icon uagb-faq-icon-wrap\">\n\t\t\t\t\t\t\t\t<svg xmlns=\"https:\/\/www.w3.org\/2000\/svg\" viewBox= \"0 0 448 512\"><path d=\"M432 256c0 17.69-14.33 32.01-32 32.01H256v144c0 17.69-14.33 31.99-32 31.99s-32-14.3-32-31.99v-144H48c-17.67 0-32-14.32-32-32.01s14.33-31.99 32-31.99H192v-144c0-17.69 14.33-32.01 32-32.01s32 14.32 32 32.01v144h144C417.7 224 432 238.3 432 256z\"><\/path><\/svg>\n\t\t\t\t\t\t\t<\/span>\n\t\t\t\t\t\t<span class=\"uagb-icon-active uagb-faq-icon-wrap\">\n\t\t\t\t\t\t\t<\/span>\n\t\t\t<span class=\"uagb-question\"><strong>Duraci\u00f3n<\/strong><\/span><\/div><div class=\"uagb-faq-content\"><p>2002-2005.<br><\/p><\/div><\/div><div class=\"wp-block-uagb-faq-child uagb-faq-child__outer-wrap uagb-faq-item uagb-block-43ba4076 \" role=\"tab\" tabindex=\"0\"><div class=\"uagb-faq-questions-button uagb-faq-questions\">\t\t\t<span class=\"uagb-icon uagb-faq-icon-wrap\">\n\t\t\t\t\t\t\t\t<svg xmlns=\"https:\/\/www.w3.org\/2000\/svg\" viewBox= \"0 0 448 512\"><path d=\"M432 256c0 17.69-14.33 32.01-32 32.01H256v144c0 17.69-14.33 31.99-32 31.99s-32-14.3-32-31.99v-144H48c-17.67 0-32-14.32-32-32.01s14.33-31.99 32-31.99H192v-144c0-17.69 14.33-32.01 32-32.01s32 14.32 32 32.01v144h144C417.7 224 432 238.3 432 256z\"><\/path><\/svg>\n\t\t\t\t\t\t\t<\/span>\n\t\t\t\t\t\t<span class=\"uagb-icon-active uagb-faq-icon-wrap\">\n\t\t\t\t\t\t\t<\/span>\n\t\t\t<span class=\"uagb-question\"><strong><strong>Equipo investigador<\/strong><\/strong><\/span><\/div><div class=\"uagb-faq-content\"><p><a href=\"https:\/\/icoprevencio.cat\/uct\/?member=esteve-fernandez\">Esteve Fern\u00e1ndez<\/a> (Inv. Principal, ICO-IDIBELL)<br> Josep Maria Borr\u00e0s (ICO-IDIBELL)<br> Montse Garc\u00eda (ICO-IDIBELL)<br> Merc\u00e8 Mart\u00ed (Ay Cornell\u00e0)<br> F. Javier Nieto (University of Wisconsin)<br> Gloria P\u00e9rez (DS)<br> Merc\u00e8 Peris (ICO-IDIBELL)<br> Anna Schiaffino (ICO-IDIBELL)<br> Esteve Salt\u00f3 (DS, ICO-IDIBELL)<\/p><\/div><\/div><div class=\"wp-block-uagb-faq-child uagb-faq-child__outer-wrap uagb-faq-item uagb-block-5f7306f3 \" role=\"tab\" tabindex=\"0\"><div class=\"uagb-faq-questions-button uagb-faq-questions\">\t\t\t<span class=\"uagb-icon uagb-faq-icon-wrap\">\n\t\t\t\t\t\t\t\t<svg xmlns=\"https:\/\/www.w3.org\/2000\/svg\" viewBox= \"0 0 448 512\"><path d=\"M432 256c0 17.69-14.33 32.01-32 32.01H256v144c0 17.69-14.33 31.99-32 31.99s-32-14.3-32-31.99v-144H48c-17.67 0-32-14.32-32-32.01s14.33-31.99 32-31.99H192v-144c0-17.69 14.33-32.01 32-32.01s32 14.32 32 32.01v144h144C417.7 224 432 238.3 432 256z\"><\/path><\/svg>\n\t\t\t\t\t\t\t<\/span>\n\t\t\t\t\t\t<span class=\"uagb-icon-active uagb-faq-icon-wrap\">\n\t\t\t\t\t\t\t<\/span>\n\t\t\t<span class=\"uagb-question\"><strong><strong>Publicaciones<\/strong><\/strong><\/span><\/div><div class=\"uagb-faq-content\"><p>Garc\u00eda M, Schiaffino A, Fern\u00e1ndez E, et al.  <a href=\"http:\/\/www.ncbi.nlm.nih.gov\/pmc\/articles\/PMC152654\/pdf\/1471-2458-3-12.pdf\" target=\"_blank\" rel=\"noreferrer noopener\">The Cornella Health Interview Survey Follow-Up (CHIS.FU) Study: design, methods, and response rate.<\/a>  BMC Public Health. 2003;<br> Garc\u00eda M, Schiaffino, Twose J, Borrell E, Peris M, Fern\u00e1ndez E. <a href=\"http:\/\/www.archbronconeumol.org\/index.php?p=watermark&amp;idApp=UINPBA00003Z&amp;piiItem=S030028960475543X&amp;origen=bronco&amp;web=bronco&amp;urlApp=http:\/\/www.archbronconeumol.org&amp;estadoItem=S300&amp;idiomaItem=es\" target=\"_blank\" rel=\"noreferrer noopener\">Abandono del consumo de tabaco en una cohorte de base poblacional.<\/a><br> Twose J, Schiaffino A, Garc\u00eda M, Mart\u00ed <a href=\"http:\/\/apps.elsevier.es\/watermark\/ctl_servlet?_f=10&amp;pident_articulo=13067522&amp;pident_usuario=0&amp;pcontactid=&amp;pident_revista=2&amp;ty=44&amp;accion=L&amp;origen=zonadelectura&amp;web=www.elsevier.es&amp;lan=es&amp;fichero=2v123n13a13067522pdf001.pdf\" target=\"_blank\" rel=\"noreferrer noopener\">M<\/a> , Fern\u00e1ndez E, Investigadoras del Estudio de Seguimiento de la Encuesta de Salud de Cornell\u00e0.<br> Garc\u00eda M, Fern\u00e1ndez E, Schiaffino A, Mart\u00edn M, Borr\u00e1s JM <a href=\"http:\/\/www.annalsofepidemiology.org\/article\/S1047-2797(04)00123-1\/abstract\" target=\"_blank\" rel=\"noreferrer noopener\">;<\/a> 2005;15(2):98-104.<br> Garc\u00eda M, Fern\u00e1ndez E, Schiaffino A, Peris M, Borr\u00e1s JM, Nieto J. <a href=\"http:\/\/www.ncbi.nlm.nih.gov\/pubmed\/15771332\" target=\"_blank\" rel=\"noreferrer noopener\">Phonetracking in follow-up study<\/a> 2005;<br> Garc\u00eda M, Fern\u00e1ndez E, Schiaffino A, Peris M, <a href=\"http:\/\/www.ncbi.nlm.nih.gov\/pubmed\/15850864\" target=\"_blank\" rel=\"noreferrer noopener\">Smoking reduction in a population-based cohort<\/a> 2005;<br> Garc\u00eda M, Fern\u00e1ndez E, Borr\u00e1s JM, Nieto J, Schiaffino A, P\u00e9rez G, La Vecchia C. <a href=\"http:\/\/onlinelibrary.wiley.com\/doi\/10.1002\/ijc.21091\/epdf\" target=\"_blank\" rel=\"noreferrer noopener\">Cancer risk perceptions in an urban Mediterranean population<\/a> .<br> Twose J, Schiaffino <a href=\"http:\/\/www.ncbi.nlm.nih.gov\/pmc\/articles\/PMC1963452\/pdf\/1471-2458-7-194.pdf\" target=\"_blank\" rel=\"noreferrer noopener\">A<\/a> , Garc\u00eda M, Borr\u00e1s JM, Fern\u00e1ndez E. CHIS.FU Investigators.<br> Cornelio C, Schiaffino A, Garc\u00eda M, P\u00e9rez G, Borras JM, Peris M, Fern\u00e1ndez E.               <a href=\"http:\/\/www.ncbi.nlm.nih.gov\/pubmed\/18272739\" target=\"_blank\" rel=\"noreferrer noopener\">Changes in leisure time and occupational physical activity over 8 years. The Cornella Health Interview Survey Follow-Up Study <\/a>. J Epidemiol Community Health. 2008;62(3):239-44.<br> Ortiz-Moncada R, Garc\u00eda M, Gonz\u00e1lez-Zapata LI, Fern\u00e1ndez E, \u00c1lvarez-Dardet C. <a href=\"http:\/\/www.ncbi.nlm.nih.gov\/pubmed\/19944714\" target=\"_blank\" rel=\"noreferrer noopener\">Incidencia de emergencia y obesidad en el Mediterr\u00e1neo poblaci\u00f3n basada en cohorte: la Cornell\u00e0 Health Interview Survey Follow-up Study (CHIS.FU)<\/a> . Prev Med. 2010;50(1-2):45-9.  <br><\/p><\/div><\/div><\/div>\n<div style=\"height:131px\" aria-hidden=\"true\" class=\"wp-block-spacer\"><\/div>\n\n<p><\/p>\n","protected":false},"excerpt":{"rendered":"","protected":false},"author":28,"featured_media":0,"parent":0,"menu_order":0,"comment_status":"closed","ping_status":"closed","template":"","meta":{"_uag_custom_page_level_css":"","site-sidebar-layout":"default","site-content-layout":"","ast-site-content-layout":"default","site-content-style":"default","site-sidebar-style":"default","ast-global-header-display":"","ast-banner-title-visibility":"","ast-main-header-display":"","ast-hfb-above-header-display":"","ast-hfb-below-header-display":"","ast-hfb-mobile-header-display":"","site-post-title":"disabled","ast-breadcrumbs-content":"","ast-featured-img":"","footer-sml-layout":"","ast-disable-related-posts":"","theme-transparent-header-meta":"","adv-header-id-meta":"","stick-header-meta":"","header-above-stick-meta":"","header-main-stick-meta":"","header-below-stick-meta":"","astra-migrate-meta-layouts":"default","ast-page-background-enabled":"default","ast-page-background-meta":{"desktop":{"background-color":"var(--ast-global-color-4)","background-image":"","background-repeat":"repeat","background-position":"center center","background-size":"auto","background-attachment":"scroll","background-type":"","background-media":"","overlay-type":"","overlay-color":"","overlay-opacity":"","overlay-gradient":""},"tablet":{"background-color":"","background-image":"","background-repeat":"repeat","background-position":"center center","background-size":"auto","background-attachment":"scroll","background-type":"","background-media":"","overlay-type":"","overlay-color":"","overlay-opacity":"","overlay-gradient":""},"mobile":{"background-color":"","background-image":"","background-repeat":"repeat","background-position":"center center","background-size":"auto","background-attachment":"scroll","background-type":"","background-media":"","overlay-type":"","overlay-color":"","overlay-opacity":"","overlay-gradient":""}},"ast-content-background-meta":{"desktop":{"background-color":"var(--ast-global-color-5)","background-image":"","background-repeat":"repeat","background-position":"center center","background-size":"auto","background-attachment":"scroll","background-type":"","background-media":"","overlay-type":"","overlay-color":"","overlay-opacity":"","overlay-gradient":""},"tablet":{"background-color":"var(--ast-global-color-5)","background-image":"","background-repeat":"repeat","background-position":"center center","background-size":"auto","background-attachment":"scroll","background-type":"","background-media":"","overlay-type":"","overlay-color":"","overlay-opacity":"","overlay-gradient":""},"mobile":{"background-color":"var(--ast-global-color-5)","background-image":"","background-repeat":"repeat","background-position":"center center","background-size":"auto","background-attachment":"scroll","background-type":"","background-media":"","overlay-type":"","overlay-color":"","overlay-opacity":"","overlay-gradient":""}},"_vp_format_video_url":"","_vp_image_focal_point":[],"footnotes":""},"class_list":["post-14193","page","type-page","status-publish","hentry"],"uagb_featured_image_src":{"full":false,"thumbnail":false,"medium":false,"medium_large":false,"large":false,"1536x1536":false,"2048x2048":false,"vp_sm":false,"vp_md":false,"vp_lg":false,"vp_xl":false,"vp_sm_popup":false,"vp_md_popup":false,"vp_xl_popup":false},"uagb_author_info":{"display_name":"clara","author_link":"https:\/\/icoprevencio.cat\/uct\/es\/author\/clara\/"},"uagb_comment_info":0,"uagb_excerpt":null,"_links":{"self":[{"href":"https:\/\/icoprevencio.cat\/uct\/es\/wp-json\/wp\/v2\/pages\/14193","targetHints":{"allow":["GET"]}}],"collection":[{"href":"https:\/\/icoprevencio.cat\/uct\/es\/wp-json\/wp\/v2\/pages"}],"about":[{"href":"https:\/\/icoprevencio.cat\/uct\/es\/wp-json\/wp\/v2\/types\/page"}],"author":[{"embeddable":true,"href":"https:\/\/icoprevencio.cat\/uct\/es\/wp-json\/wp\/v2\/users\/28"}],"replies":[{"embeddable":true,"href":"https:\/\/icoprevencio.cat\/uct\/es\/wp-json\/wp\/v2\/comments?post=14193"}],"version-history":[{"count":2,"href":"https:\/\/icoprevencio.cat\/uct\/es\/wp-json\/wp\/v2\/pages\/14193\/revisions"}],"predecessor-version":[{"id":14203,"href":"https:\/\/icoprevencio.cat\/uct\/es\/wp-json\/wp\/v2\/pages\/14193\/revisions\/14203"}],"wp:attachment":[{"href":"https:\/\/icoprevencio.cat\/uct\/es\/wp-json\/wp\/v2\/media?parent=14193"}],"curies":[{"name":"wp","href":"https:\/\/api.w.org\/{rel}","templated":true}]}}