{"id":15009,"date":"2026-01-15T10:41:00","date_gmt":"2026-01-15T09:41:00","guid":{"rendered":"https:\/\/icoprevencio.cat\/uct\/seminarios-i-webinars\/"},"modified":"2026-02-23T11:55:10","modified_gmt":"2026-02-23T10:55:10","slug":"seminarios-i-webinars","status":"publish","type":"page","link":"https:\/\/icoprevencio.cat\/uct\/es\/seminarios-i-webinars\/","title":{"rendered":"SEMINARIOS Y WEBINARS"},"content":{"rendered":"\n<div class=\"wp-block-uagb-container uagb-block-709c37ea alignfull uagb-is-root-container\"><div class=\"uagb-container-inner-blocks-wrap\">\n<div class=\"wp-block-uagb-info-box uagb-block-353171f0 uagb-infobox__content-wrap  uagb-infobox-icon-above-title uagb-infobox-image-valign-top wp-block-uagb-info-box--has-margin\"><div class=\"uagb-infobox-margin-wrapper\"><div class=\"uagb-ifb-content\"><div class=\"uagb-ifb-title-wrap\"><h2 class=\"uagb-ifb-title\"><strong><strong><strong>Seminarios y Webinars<\/strong><\/strong><\/strong><\/h2><\/div><\/div><\/div><\/div>\n<\/div><\/div>\n\n<div style=\"height:94px\" aria-hidden=\"true\" class=\"wp-block-spacer\"><\/div>\n\n\t\t\t<div class=\"wp-block-uagb-post-grid uagb-post-grid  uagb-post__image-position-top uagb-post__image-enabled uagb-block-0281a941     uagb-post__items uagb-post__columns-3 is-grid uagb-post__columns-tablet-2 uagb-post__columns-mobile-1 uagb-post__equal-height\" data-total=\"1\" style=\"\">\n\n\t\t\t\t\t\t\t\t\t\t\t\t<article class=\"uagb-post__inner-wrap\">\t\t\t\t\t\t\t\t<div class='uagb-post__image'>\n\t\t\t\t\t\t\t\t\t<a href=\"https:\/\/icoprevencio.cat\/uct\/es\/webinar-interferencia-de-la-industria-del-tabac-a-espanya-evidencies-desafiaments-i-respostes-2\/\" target=\"_self\" rel=\"bookmark noopener noreferrer\" class='uagb-image-ratio-inherit'><img loading=\"lazy\" decoding=\"async\" width=\"1024\" height=\"512\" src=\"https:\/\/icoprevencio.cat\/uct\/wp-content\/uploads\/sites\/10\/2026\/01\/Banner-Whatsapp-y-Redes-Sociales-2-1024x512.jpg\" class=\"attachment-large size-large\" alt=\"\" srcset=\"https:\/\/icoprevencio.cat\/uct\/wp-content\/uploads\/sites\/10\/2026\/01\/Banner-Whatsapp-y-Redes-Sociales-2-1024x512.jpg 1024w, https:\/\/icoprevencio.cat\/uct\/wp-content\/uploads\/sites\/10\/2026\/01\/Banner-Whatsapp-y-Redes-Sociales-2-300x150.jpg 300w, https:\/\/icoprevencio.cat\/uct\/wp-content\/uploads\/sites\/10\/2026\/01\/Banner-Whatsapp-y-Redes-Sociales-2-768x384.jpg 768w, https:\/\/icoprevencio.cat\/uct\/wp-content\/uploads\/sites\/10\/2026\/01\/Banner-Whatsapp-y-Redes-Sociales-2-1536x768.jpg 1536w, https:\/\/icoprevencio.cat\/uct\/wp-content\/uploads\/sites\/10\/2026\/01\/Banner-Whatsapp-y-Redes-Sociales-2-2048x1024.jpg 2048w, https:\/\/icoprevencio.cat\/uct\/wp-content\/uploads\/sites\/10\/2026\/01\/Banner-Whatsapp-y-Redes-Sociales-2-500x250.jpg 500w, https:\/\/icoprevencio.cat\/uct\/wp-content\/uploads\/sites\/10\/2026\/01\/Banner-Whatsapp-y-Redes-Sociales-2-800x400.jpg 800w, https:\/\/icoprevencio.cat\/uct\/wp-content\/uploads\/sites\/10\/2026\/01\/Banner-Whatsapp-y-Redes-Sociales-2-1280x640.jpg 1280w, https:\/\/icoprevencio.cat\/uct\/wp-content\/uploads\/sites\/10\/2026\/01\/Banner-Whatsapp-y-Redes-Sociales-2-1920x960.jpg 1920w\" sizes=\"auto, (max-width: 1024px) 100vw, 1024px\" \/>\t\t\t\t\t<\/a>\n\t\t\t\t\t\t\t<\/div>\n\t\t\t\t\t\t<h4 class=\"uagb-post__title uagb-post__text\">\n\t\t\t\t<a href=\"https:\/\/icoprevencio.cat\/uct\/es\/webinar-interferencia-de-la-industria-del-tabac-a-espanya-evidencies-desafiaments-i-respostes-2\/\" target=\"_self\" rel=\"bookmark noopener noreferrer\">Interfer\u00e8ncia de la ind\u00fastria del tabac a Espanya: evid\u00e8ncies, desafiaments i respostes<\/a>\n\t\t\t<\/h4>\n\t\t\t\t\t\t<div class='uagb-post__text uagb-post-grid-byline'>\n\t\t\t\t\t\t\t<\/div>\n\t\t\t\t\t\t<div class=\"uagb-post__text uagb-post__cta wp-block-button\">\n\t\t\t\t<a class=\"wp-block-button__link uagb-text-link\" style=\"\" href=\"https:\/\/icoprevencio.cat\/uct\/es\/webinar-interferencia-de-la-industria-del-tabac-a-espanya-evidencies-desafiaments-i-respostes-2\/\" target=\"_self\" rel=\"bookmark noopener noreferrer\">Ve al Webinar<\/a>\n\t\t\t<\/div>\n\t\t\t\n\t\t\t\t\t\t\t\t\t<\/article>\n\t\t\t\t\t\t\t\t\t\t\t\t\t\t\t\t<article class=\"uagb-post__inner-wrap\">\t\t\t\t\t\t\t\t<div class='uagb-post__image'>\n\t\t\t\t\t\t\t\t\t<a href=\"https:\/\/icoprevencio.cat\/uct\/es\/consum-del-tabac-i-cannabis-entre-joves-del-regne-unit-2\/\" target=\"_self\" rel=\"bookmark noopener noreferrer\" class='uagb-image-ratio-inherit'><img loading=\"lazy\" decoding=\"async\" width=\"1024\" height=\"576\" src=\"https:\/\/icoprevencio.cat\/uct\/wp-content\/uploads\/sites\/10\/2026\/03\/hannah_walsh-1-1024x576.jpg\" class=\"attachment-large size-large\" alt=\"\" srcset=\"https:\/\/icoprevencio.cat\/uct\/wp-content\/uploads\/sites\/10\/2026\/03\/hannah_walsh-1-1024x576.jpg 1024w, https:\/\/icoprevencio.cat\/uct\/wp-content\/uploads\/sites\/10\/2026\/03\/hannah_walsh-1-300x169.jpg 300w, https:\/\/icoprevencio.cat\/uct\/wp-content\/uploads\/sites\/10\/2026\/03\/hannah_walsh-1-768x432.jpg 768w, https:\/\/icoprevencio.cat\/uct\/wp-content\/uploads\/sites\/10\/2026\/03\/hannah_walsh-1-500x281.jpg 500w, https:\/\/icoprevencio.cat\/uct\/wp-content\/uploads\/sites\/10\/2026\/03\/hannah_walsh-1-800x450.jpg 800w, https:\/\/icoprevencio.cat\/uct\/wp-content\/uploads\/sites\/10\/2026\/03\/hannah_walsh-1-1280x720.jpg 1280w, https:\/\/icoprevencio.cat\/uct\/wp-content\/uploads\/sites\/10\/2026\/03\/hannah_walsh-1.jpg 1533w\" sizes=\"auto, (max-width: 1024px) 100vw, 1024px\" \/>\t\t\t\t\t<\/a>\n\t\t\t\t\t\t\t<\/div>\n\t\t\t\t\t\t<h4 class=\"uagb-post__title uagb-post__text\">\n\t\t\t\t<a href=\"https:\/\/icoprevencio.cat\/uct\/es\/consum-del-tabac-i-cannabis-entre-joves-del-regne-unit-2\/\" target=\"_self\" rel=\"bookmark noopener noreferrer\">Consum del tabac i c\u00e0nnabis entre joves del Regne Unit<\/a>\n\t\t\t<\/h4>\n\t\t\t\t\t\t<div class='uagb-post__text uagb-post-grid-byline'>\n\t\t\t\t\t\t\t<\/div>\n\t\t\t\t\t\t<div class=\"uagb-post__text uagb-post__cta wp-block-button\">\n\t\t\t\t<a class=\"wp-block-button__link uagb-text-link\" style=\"\" href=\"https:\/\/icoprevencio.cat\/uct\/es\/consum-del-tabac-i-cannabis-entre-joves-del-regne-unit-2\/\" target=\"_self\" rel=\"bookmark noopener noreferrer\">Ve al Webinar<\/a>\n\t\t\t<\/div>\n\t\t\t\n\t\t\t\t\t\t\t\t\t<\/article>\n\t\t\t\t\t\t\t\t\t\t\t\t\t\t\t\t<article class=\"uagb-post__inner-wrap\">\t\t\t\t\t\t\t\t<div class='uagb-post__image'>\n\t\t\t\t\t\t\t\t\t<a href=\"https:\/\/icoprevencio.cat\/uct\/es\/seminari-recerca-en-control-del-tabac-amb-lenquesta-eurobarometre\/\" target=\"_self\" rel=\"bookmark noopener noreferrer\" class='uagb-image-ratio-inherit'><img loading=\"lazy\" decoding=\"async\" width=\"400\" height=\"225\" src=\"https:\/\/icoprevencio.cat\/uct\/wp-content\/uploads\/sites\/10\/2026\/03\/WhmbHfYs_400x400-1.jpg\" class=\"attachment-large size-large\" alt=\"\" srcset=\"https:\/\/icoprevencio.cat\/uct\/wp-content\/uploads\/sites\/10\/2026\/03\/WhmbHfYs_400x400-1.jpg 400w, https:\/\/icoprevencio.cat\/uct\/wp-content\/uploads\/sites\/10\/2026\/03\/WhmbHfYs_400x400-1-300x169.jpg 300w\" sizes=\"auto, (max-width: 400px) 100vw, 400px\" \/>\t\t\t\t\t<\/a>\n\t\t\t\t\t\t\t<\/div>\n\t\t\t\t\t\t<h4 class=\"uagb-post__title uagb-post__text\">\n\t\t\t\t<a href=\"https:\/\/icoprevencio.cat\/uct\/es\/seminari-recerca-en-control-del-tabac-amb-lenquesta-eurobarometre\/\" target=\"_self\" rel=\"bookmark noopener noreferrer\">Seminari: Recerca en control del tabac amb l\u2019enquesta Eurobar\u00f2metre<\/a>\n\t\t\t<\/h4>\n\t\t\t\t\t\t<div class='uagb-post__text uagb-post-grid-byline'>\n\t\t\t\t\t\t\t<\/div>\n\t\t\t\t\t\t<div class=\"uagb-post__text uagb-post__cta wp-block-button\">\n\t\t\t\t<a class=\"wp-block-button__link uagb-text-link\" style=\"\" href=\"https:\/\/icoprevencio.cat\/uct\/es\/seminari-recerca-en-control-del-tabac-amb-lenquesta-eurobarometre\/\" target=\"_self\" rel=\"bookmark noopener noreferrer\">Ve al Webinar<\/a>\n\t\t\t<\/div>\n\t\t\t\n\t\t\t\t\t\t\t\t\t<\/article>\n\t\t\t\t\t\t\t\t\t\t\t\t\t\t\t\t<article class=\"uagb-post__inner-wrap\">\t\t\t\t\t\t\t\t<div class='uagb-post__image'>\n\t\t\t\t\t\t\t\t\t<a href=\"https:\/\/icoprevencio.cat\/uct\/es\/deixar-de-fumar-sense-ajuda-com-la-majoria-dexfumadors-han-deixat-de-fumar-sempre\/\" target=\"_self\" rel=\"bookmark noopener noreferrer\" class='uagb-image-ratio-inherit'><img loading=\"lazy\" decoding=\"async\" width=\"1024\" height=\"576\" src=\"https:\/\/icoprevencio.cat\/uct\/wp-content\/uploads\/sites\/10\/2026\/03\/TSSimonChapman-1024x451-1-1024x576.jpg\" class=\"attachment-large size-large\" alt=\"\" srcset=\"https:\/\/icoprevencio.cat\/uct\/wp-content\/uploads\/sites\/10\/2026\/03\/TSSimonChapman-1024x451-1-1024x576.jpg 1024w, https:\/\/icoprevencio.cat\/uct\/wp-content\/uploads\/sites\/10\/2026\/03\/TSSimonChapman-1024x451-1-300x169.jpg 300w, https:\/\/icoprevencio.cat\/uct\/wp-content\/uploads\/sites\/10\/2026\/03\/TSSimonChapman-1024x451-1-768x432.jpg 768w, https:\/\/icoprevencio.cat\/uct\/wp-content\/uploads\/sites\/10\/2026\/03\/TSSimonChapman-1024x451-1-500x281.jpg 500w, https:\/\/icoprevencio.cat\/uct\/wp-content\/uploads\/sites\/10\/2026\/03\/TSSimonChapman-1024x451-1-800x450.jpg 800w, https:\/\/icoprevencio.cat\/uct\/wp-content\/uploads\/sites\/10\/2026\/03\/TSSimonChapman-1024x451-1.jpg 1067w\" sizes=\"auto, (max-width: 1024px) 100vw, 1024px\" \/>\t\t\t\t\t<\/a>\n\t\t\t\t\t\t\t<\/div>\n\t\t\t\t\t\t<h4 class=\"uagb-post__title uagb-post__text\">\n\t\t\t\t<a href=\"https:\/\/icoprevencio.cat\/uct\/es\/deixar-de-fumar-sense-ajuda-com-la-majoria-dexfumadors-han-deixat-de-fumar-sempre\/\" target=\"_self\" rel=\"bookmark noopener noreferrer\">Deixar de fumar sense ajuda: com la majoria d&#8217;exfumadors han deixat de fumar sempre<\/a>\n\t\t\t<\/h4>\n\t\t\t\t\t\t<div class='uagb-post__text uagb-post-grid-byline'>\n\t\t\t\t\t\t\t<\/div>\n\t\t\t\t\t\t<div class=\"uagb-post__text uagb-post__cta wp-block-button\">\n\t\t\t\t<a class=\"wp-block-button__link uagb-text-link\" style=\"\" href=\"https:\/\/icoprevencio.cat\/uct\/es\/deixar-de-fumar-sense-ajuda-com-la-majoria-dexfumadors-han-deixat-de-fumar-sempre\/\" target=\"_self\" rel=\"bookmark noopener noreferrer\">Ve al Webinar<\/a>\n\t\t\t<\/div>\n\t\t\t\n\t\t\t\t\t\t\t\t\t<\/article>\n\t\t\t\t\t\t\t\t\t\t\t\t\t\t\t\t<article class=\"uagb-post__inner-wrap\">\t\t\t\t\t\t\t\t<div class='uagb-post__image'>\n\t\t\t\t\t\t\t\t\t<a href=\"https:\/\/icoprevencio.cat\/uct\/es\/seminari-el-paper-de-les-xarxes-socials-en-el-control-del-tabac-i-la-prevencio-de-lobesitat\/\" target=\"_self\" rel=\"bookmark noopener noreferrer\" class='uagb-image-ratio-inherit'><img loading=\"lazy\" decoding=\"async\" width=\"1024\" height=\"577\" src=\"https:\/\/icoprevencio.cat\/uct\/wp-content\/uploads\/sites\/10\/2026\/03\/TSBeckyFreeman-1024x448-1-1024x577.jpg\" class=\"attachment-large size-large\" alt=\"\" srcset=\"https:\/\/icoprevencio.cat\/uct\/wp-content\/uploads\/sites\/10\/2026\/03\/TSBeckyFreeman-1024x448-1-1024x577.jpg 1024w, https:\/\/icoprevencio.cat\/uct\/wp-content\/uploads\/sites\/10\/2026\/03\/TSBeckyFreeman-1024x448-1-300x169.jpg 300w, https:\/\/icoprevencio.cat\/uct\/wp-content\/uploads\/sites\/10\/2026\/03\/TSBeckyFreeman-1024x448-1-768x432.jpg 768w, https:\/\/icoprevencio.cat\/uct\/wp-content\/uploads\/sites\/10\/2026\/03\/TSBeckyFreeman-1024x448-1-500x282.jpg 500w, https:\/\/icoprevencio.cat\/uct\/wp-content\/uploads\/sites\/10\/2026\/03\/TSBeckyFreeman-1024x448-1-800x450.jpg 800w, https:\/\/icoprevencio.cat\/uct\/wp-content\/uploads\/sites\/10\/2026\/03\/TSBeckyFreeman-1024x448-1.jpg 1126w\" sizes=\"auto, (max-width: 1024px) 100vw, 1024px\" \/>\t\t\t\t\t<\/a>\n\t\t\t\t\t\t\t<\/div>\n\t\t\t\t\t\t<h4 class=\"uagb-post__title uagb-post__text\">\n\t\t\t\t<a href=\"https:\/\/icoprevencio.cat\/uct\/es\/seminari-el-paper-de-les-xarxes-socials-en-el-control-del-tabac-i-la-prevencio-de-lobesitat\/\" target=\"_self\" rel=\"bookmark noopener noreferrer\">Seminari: El paper de les xarxes socials en el control del tabac i la prevenci\u00f3 de l&#8217;obesitat<\/a>\n\t\t\t<\/h4>\n\t\t\t\t\t\t<div class='uagb-post__text uagb-post-grid-byline'>\n\t\t\t\t\t\t\t<\/div>\n\t\t\t\t\t\t<div class=\"uagb-post__text uagb-post__cta wp-block-button\">\n\t\t\t\t<a class=\"wp-block-button__link uagb-text-link\" style=\"\" href=\"https:\/\/icoprevencio.cat\/uct\/es\/seminari-el-paper-de-les-xarxes-socials-en-el-control-del-tabac-i-la-prevencio-de-lobesitat\/\" target=\"_self\" rel=\"bookmark noopener noreferrer\">Ve al Webinar<\/a>\n\t\t\t<\/div>\n\t\t\t\n\t\t\t\t\t\t\t\t\t<\/article>\n\t\t\t\t\t\t\t\t\t\t\t\t\t<div class=\"uagb-post-pagination-wrap\">\n\t\t\t\t\t\t\t\t\t\t\t<\/div>\n\t\t\t\t\t\t\t\t<\/div>\n\t\t\t\n<div style=\"height:94px\" aria-hidden=\"true\" class=\"wp-block-spacer\"><\/div>\n\n<p><\/p>\n\n<p><\/p>\n","protected":false},"excerpt":{"rendered":"","protected":false},"author":28,"featured_media":0,"parent":0,"menu_order":0,"comment_status":"closed","ping_status":"closed","template":"","meta":{"_uag_custom_page_level_css":"","site-sidebar-layout":"default","site-content-layout":"","ast-site-content-layout":"default","site-content-style":"default","site-sidebar-style":"default","ast-global-header-display":"","ast-banner-title-visibility":"","ast-main-header-display":"","ast-hfb-above-header-display":"","ast-hfb-below-header-display":"","ast-hfb-mobile-header-display":"","site-post-title":"disabled","ast-breadcrumbs-content":"","ast-featured-img":"","footer-sml-layout":"","ast-disable-related-posts":"","theme-transparent-header-meta":"","adv-header-id-meta":"","stick-header-meta":"","header-above-stick-meta":"","header-main-stick-meta":"","header-below-stick-meta":"","astra-migrate-meta-layouts":"default","ast-page-background-enabled":"default","ast-page-background-meta":{"desktop":{"background-color":"var(--ast-global-color-4)","background-image":"","background-repeat":"repeat","background-position":"center center","background-size":"auto","background-attachment":"scroll","background-type":"","background-media":"","overlay-type":"","overlay-color":"","overlay-opacity":"","overlay-gradient":""},"tablet":{"background-color":"","background-image":"","background-repeat":"repeat","background-position":"center center","background-size":"auto","background-attachment":"scroll","background-type":"","background-media":"","overlay-type":"","overlay-color":"","overlay-opacity":"","overlay-gradient":""},"mobile":{"background-color":"","background-image":"","background-repeat":"repeat","background-position":"center center","background-size":"auto","background-attachment":"scroll","background-type":"","background-media":"","overlay-type":"","overlay-color":"","overlay-opacity":"","overlay-gradient":""}},"ast-content-background-meta":{"desktop":{"background-color":"var(--ast-global-color-5)","background-image":"","background-repeat":"repeat","background-position":"center center","background-size":"auto","background-attachment":"scroll","background-type":"","background-media":"","overlay-type":"","overlay-color":"","overlay-opacity":"","overlay-gradient":""},"tablet":{"background-color":"var(--ast-global-color-5)","background-image":"","background-repeat":"repeat","background-position":"center center","background-size":"auto","background-attachment":"scroll","background-type":"","background-media":"","overlay-type":"","overlay-color":"","overlay-opacity":"","overlay-gradient":""},"mobile":{"background-color":"var(--ast-global-color-5)","background-image":"","background-repeat":"repeat","background-position":"center center","background-size":"auto","background-attachment":"scroll","background-type":"","background-media":"","overlay-type":"","overlay-color":"","overlay-opacity":"","overlay-gradient":""}},"_vp_format_video_url":"","_vp_image_focal_point":[],"footnotes":""},"class_list":["post-15009","page","type-page","status-publish","hentry"],"uagb_featured_image_src":{"full":false,"thumbnail":false,"medium":false,"medium_large":false,"large":false,"1536x1536":false,"2048x2048":false,"vp_sm":false,"vp_md":false,"vp_lg":false,"vp_xl":false,"vp_sm_popup":false,"vp_md_popup":false,"vp_xl_popup":false},"uagb_author_info":{"display_name":"clara","author_link":"https:\/\/icoprevencio.cat\/uct\/es\/author\/clara\/"},"uagb_comment_info":0,"uagb_excerpt":null,"_links":{"self":[{"href":"https:\/\/icoprevencio.cat\/uct\/es\/wp-json\/wp\/v2\/pages\/15009","targetHints":{"allow":["GET"]}}],"collection":[{"href":"https:\/\/icoprevencio.cat\/uct\/es\/wp-json\/wp\/v2\/pages"}],"about":[{"href":"https:\/\/icoprevencio.cat\/uct\/es\/wp-json\/wp\/v2\/types\/page"}],"author":[{"embeddable":true,"href":"https:\/\/icoprevencio.cat\/uct\/es\/wp-json\/wp\/v2\/users\/28"}],"replies":[{"embeddable":true,"href":"https:\/\/icoprevencio.cat\/uct\/es\/wp-json\/wp\/v2\/comments?post=15009"}],"version-history":[{"count":6,"href":"https:\/\/icoprevencio.cat\/uct\/es\/wp-json\/wp\/v2\/pages\/15009\/revisions"}],"predecessor-version":[{"id":15368,"href":"https:\/\/icoprevencio.cat\/uct\/es\/wp-json\/wp\/v2\/pages\/15009\/revisions\/15368"}],"wp:attachment":[{"href":"https:\/\/icoprevencio.cat\/uct\/es\/wp-json\/wp\/v2\/media?parent=15009"}],"curies":[{"name":"wp","href":"https:\/\/api.w.org\/{rel}","templated":true}]}}