{"id":15357,"date":"2026-02-23T09:11:58","date_gmt":"2026-02-23T08:11:58","guid":{"rendered":"https:\/\/icoprevencio.cat\/uct\/?page_id=15357"},"modified":"2026-02-24T12:24:38","modified_gmt":"2026-02-24T11:24:38","slug":"whocc","status":"publish","type":"page","link":"https:\/\/icoprevencio.cat\/uct\/es\/whocc\/","title":{"rendered":"CENTRO COLABORADOR DE LA OMS PARA EL CONTROL DEL TABACO"},"content":{"rendered":"\n<div class=\"wp-block-uagb-container uagb-block-709c37ea alignfull uagb-is-root-container\"><div class=\"uagb-container-inner-blocks-wrap\">\n<div class=\"wp-block-uagb-info-box uagb-block-353171f0 uagb-infobox__content-wrap  uagb-infobox-icon-above-title uagb-infobox-image-valign-top wp-block-uagb-info-box--has-margin\"><div class=\"uagb-infobox-margin-wrapper\"><div class=\"uagb-ifb-content\"><div class=\"uagb-ifb-title-wrap\"><h2 class=\"uagb-ifb-title\">Centro Colaborador de la OMS para el Control del Tabaco<\/h2><\/div><\/div><\/div><\/div>\n<\/div><\/div>\n\n\n\n<div class=\"wp-block-uagb-container uagb-block-8603d39b alignfull uagb-is-root-container\"><div class=\"uagb-container-inner-blocks-wrap\">\n<div style=\"height:29px\" aria-hidden=\"true\" class=\"wp-block-spacer\"><\/div>\n\n\n\n<h2 class=\"wp-block-heading\">Centro de referencia internacional en el \u00e1mbito del control del tabaco<\/h2>\n\n\n\n<p>La Unidad de Control del Tabaco\/Instituto Catal\u00e1n de Oncolog\u00eda fue designada\u00a0<a href=\"https:\/\/who.my.site.com\/ecc\/s\/view-designation-details?recordId=a79NN0000005EKZYA2\" target=\"_blank\" rel=\"noreferrer noopener\">Centro Colaborador de la OMS para el Control del Tabaco<\/a> el 19 de marzo de 2015. Esta designaci\u00f3n reconoce a la UCT del ICO como centro de referencia internacional en el \u00e1mbito del tabaco. La visibilidad y el reconocimiento internacional de la UCT se deben a la investigaci\u00f3n realizada en Catalu\u00f1a, Espa\u00f1a y Europa y a su participaci\u00f3n y liderazgo de redes internacionales. La UCT ha colaborado en asesor\u00edas y encargos espec\u00edficos de la Oficina Europea de la OMS (OMS-EURO, Copenhague), del Programa Mundial de Control del Tabaco (OMS, Ginebra) y de la Agencia Internacional de Investigaci\u00f3n del C\u00e1ncer (IARC, Lyon).<\/p>\n\n\n\n<p class=\"has-ast-global-color-3-color has-text-color has-link-color has-medium-font-size wp-elements-69088893badaa79a4cf2a4e6671c3a29\" style=\"margin-top:0;margin-bottom:0\"><strong>Objectivos del Centro Colaborador&nbsp;<\/strong><\/p>\n\n\n\n<ul style=\"padding-top:0px;padding-bottom:0px\" class=\"wp-block-list\">\n<li>Proporcionar soporte t\u00e9cnico para el seguimiento, la evaluaci\u00f3n y la investigaci\u00f3n en el control del tabaco a la OMS y pa\u00edses de las regiones europea, africana y americana.<\/li>\n\n\n\n<li>Desarrollar redes y la capacitaci\u00f3n en pa\u00edses de las regiones europea, africana y americana.<\/li>\n\n\n\n<li>Mejorar y dar soporte en la formaci\u00f3n de los profesionales de la salud en pa\u00edses de las regiones europea, africana y americana.<\/li>\n\n\n\n<li>Facilitar y dar soporte en la difusi\u00f3n de la informaci\u00f3n para los profesionales y la ciudadan\u00eda en pa\u00edses de las regiones europea, africana y americana.<\/li>\n<\/ul>\n\n\n\n<p class=\"has-ast-global-color-3-color has-text-color has-link-color has-medium-font-size wp-elements-8e7854bb98c8851f79a8786100b7d994\" style=\"margin-top:0;margin-bottom:0\"><strong>Actividades del Centro Colaborador<\/strong><\/p>\n\n\n\n<p>Las actividades previstas incluyen la organizaci\u00f3n de talleres, seminarios y cursos presenciales y a distancia (para investigaci\u00f3n, control y tratamiento de la adicci\u00f3n al tabaco, de la metodolog\u00eda para la evaluaci\u00f3n de las intervenciones, programas y pol\u00edticas\u2026), grupos para la coordinaci\u00f3n de trabajo internacional (sobre buenas pr\u00e1cticas, centros de salud sin humo\u2026) y control de la preparaci\u00f3n, traducci\u00f3n y difusi\u00f3n de gu\u00edas, informes y materiales sobre el tabaco, con especial \u00e9nfasis en el uso de las redes sociales.<\/p>\n\n\n\n<p style=\"margin-bottom:0\"><a href=\"https:\/\/icowhosymposia.net\/\"><strong>ICO-WHO SYMPOSIA ON TOBACCO CONTROL<\/strong><\/a>: La UCT organiza, con periodicidad bianual, un simposium internacional para el debate y la reflexi\u00f3n sobre temas de inter\u00e9s y actualidad para el control del tabaco. Los Simposia, de un d\u00eda de duraci\u00f3n, se celebran a la sede del ICO y re\u00fanen a un centenar de profesionales y expertos en la materia. Los simposia celebrados han sido:<\/p>\n\n\n\n<ul style=\"padding-top:0px;padding-bottom:0px\" class=\"wp-block-list\">\n<li>A\u00f1o 2012: <a href=\"https:\/\/www.icowhosymposia.net\/2012-presentation\/\" target=\"_blank\" rel=\"noopener noreferrer\">\u00ab<span lang=\"EN-GB\">The success of the failure of the &#8216;Spanish model\u00bb<\/span><\/a>.<\/li>\n\n\n\n<li>A\u00f1o 2014:<a href=\"https:\/\/www.icowhosymposia.net\/2014-presentation\/\" target=\"_blank\" rel=\"noopener noreferrer\">\u00abCurrent challenges for global tobacco control:&nbsp;electronic cigarettes\u00bb<\/a>.<\/li>\n\n\n\n<li>A\u00f1o 2016:&nbsp;<a href=\"https:\/\/www.icowhosymposia.net\/2016-edition\/\">\u00abThe WHO Framework Convention on Tobacco Control: challenges ahead\u00bb<\/a>.<\/li>\n\n\n\n<li>A\u00f1o 2018:&nbsp;<a href=\"https:\/\/www.icowhosymposia.net\/\">\u00abBridging the gap between research and policies in Tobacco Control\u00bb<\/a>.<\/li>\n\n\n\n<li>A\u00f1o 2020: <a href=\"https:\/\/icowhosymposia.net\/2020-edition\/\">\u00abTobacco Endgame in Covid-19 Times\u00bb<\/a><\/li>\n\n\n\n<li>A\u00f1o 2022:<a href=\"https:\/\/icowhosymposia.net\/2022-symposium\/\">\u00abFrom Tobacco Control to Tobacco Endgame\u00bb<\/a><\/li>\n\n\n\n<li>A\u00f1o 2024: <a href=\"https:\/\/icowhosymposia.net\/\">\u00abTaking decisive action in Tobacco Control\u00bb<\/a><\/li>\n<\/ul>\n\n\n\n<p><strong><strong><a href=\"https:\/\/icoprevencio.cat\/uct\/seminaris-i-webinars\/\">TOBACCO CONTROL SEMINARS &amp; WEBINARS<\/a><\/strong><\/strong>: Estos seminarios introducen temas novedosos e investigaciones en curso sobre el control del tabaco por expertos nacionales e internacionales en un ambiente cordial y acad\u00e9mico. Los seminarios est\u00e1n abiertos a los profesionales y estudiantes en el amplio campo del control del tabaco y se organizan aprovechando la visita de expertos en nuestro entorno por diversos motivos<\/p>\n<\/div><\/div>\n","protected":false},"excerpt":{"rendered":"<p>Centro de referencia internacional en el \u00e1mbito del control del tabaco La Unidad de Control del Tabaco\/Instituto Catal\u00e1n de Oncolog\u00eda fue designada\u00a0Centro Colaborador de la OMS para el Control del Tabaco el 19 de marzo de 2015. Esta designaci\u00f3n reconoce a la UCT del ICO como centro de referencia internacional en el \u00e1mbito del tabaco. [&hellip;]<\/p>\n","protected":false},"author":15,"featured_media":0,"parent":0,"menu_order":0,"comment_status":"closed","ping_status":"closed","template":"","meta":{"_uag_custom_page_level_css":"","site-sidebar-layout":"default","site-content-layout":"","ast-site-content-layout":"default","site-content-style":"default","site-sidebar-style":"default","ast-global-header-display":"","ast-banner-title-visibility":"","ast-main-header-display":"","ast-hfb-above-header-display":"","ast-hfb-below-header-display":"","ast-hfb-mobile-header-display":"","site-post-title":"disabled","ast-breadcrumbs-content":"","ast-featured-img":"","footer-sml-layout":"","ast-disable-related-posts":"","theme-transparent-header-meta":"","adv-header-id-meta":"","stick-header-meta":"","header-above-stick-meta":"","header-main-stick-meta":"","header-below-stick-meta":"","astra-migrate-meta-layouts":"set","ast-page-background-enabled":"default","ast-page-background-meta":{"desktop":{"background-color":"var(--ast-global-color-4)","background-image":"","background-repeat":"repeat","background-position":"center center","background-size":"auto","background-attachment":"scroll","background-type":"","background-media":"","overlay-type":"","overlay-color":"","overlay-opacity":"","overlay-gradient":""},"tablet":{"background-color":"","background-image":"","background-repeat":"repeat","background-position":"center center","background-size":"auto","background-attachment":"scroll","background-type":"","background-media":"","overlay-type":"","overlay-color":"","overlay-opacity":"","overlay-gradient":""},"mobile":{"background-color":"","background-image":"","background-repeat":"repeat","background-position":"center center","background-size":"auto","background-attachment":"scroll","background-type":"","background-media":"","overlay-type":"","overlay-color":"","overlay-opacity":"","overlay-gradient":""}},"ast-content-background-meta":{"desktop":{"background-color":"var(--ast-global-color-5)","background-image":"","background-repeat":"repeat","background-position":"center center","background-size":"auto","background-attachment":"scroll","background-type":"","background-media":"","overlay-type":"","overlay-color":"","overlay-opacity":"","overlay-gradient":""},"tablet":{"background-color":"var(--ast-global-color-5)","background-image":"","background-repeat":"repeat","background-position":"center center","background-size":"auto","background-attachment":"scroll","background-type":"","background-media":"","overlay-type":"","overlay-color":"","overlay-opacity":"","overlay-gradient":""},"mobile":{"background-color":"var(--ast-global-color-5)","background-image":"","background-repeat":"repeat","background-position":"center center","background-size":"auto","background-attachment":"scroll","background-type":"","background-media":"","overlay-type":"","overlay-color":"","overlay-opacity":"","overlay-gradient":""}},"_vp_format_video_url":"","_vp_image_focal_point":[],"footnotes":""},"class_list":["post-15357","page","type-page","status-publish","hentry"],"uagb_featured_image_src":{"full":false,"thumbnail":false,"medium":false,"medium_large":false,"large":false,"1536x1536":false,"2048x2048":false,"vp_sm":false,"vp_md":false,"vp_lg":false,"vp_xl":false,"vp_sm_popup":false,"vp_md_popup":false,"vp_xl_popup":false},"uagb_author_info":{"display_name":"xesco","author_link":"https:\/\/icoprevencio.cat\/uct\/es\/author\/xesco\/"},"uagb_comment_info":0,"uagb_excerpt":"Centro de referencia internacional en el \u00e1mbito del control del tabaco La Unidad de Control del Tabaco\/Instituto Catal\u00e1n de Oncolog\u00eda fue designada\u00a0Centro Colaborador de la OMS para el Control del Tabaco el 19 de marzo de 2015. Esta designaci\u00f3n reconoce a la UCT del ICO como centro de referencia internacional en el \u00e1mbito del tabaco.&hellip;","_links":{"self":[{"href":"https:\/\/icoprevencio.cat\/uct\/es\/wp-json\/wp\/v2\/pages\/15357","targetHints":{"allow":["GET"]}}],"collection":[{"href":"https:\/\/icoprevencio.cat\/uct\/es\/wp-json\/wp\/v2\/pages"}],"about":[{"href":"https:\/\/icoprevencio.cat\/uct\/es\/wp-json\/wp\/v2\/types\/page"}],"author":[{"embeddable":true,"href":"https:\/\/icoprevencio.cat\/uct\/es\/wp-json\/wp\/v2\/users\/15"}],"replies":[{"embeddable":true,"href":"https:\/\/icoprevencio.cat\/uct\/es\/wp-json\/wp\/v2\/comments?post=15357"}],"version-history":[{"count":4,"href":"https:\/\/icoprevencio.cat\/uct\/es\/wp-json\/wp\/v2\/pages\/15357\/revisions"}],"predecessor-version":[{"id":15433,"href":"https:\/\/icoprevencio.cat\/uct\/es\/wp-json\/wp\/v2\/pages\/15357\/revisions\/15433"}],"wp:attachment":[{"href":"https:\/\/icoprevencio.cat\/uct\/es\/wp-json\/wp\/v2\/media?parent=15357"}],"curies":[{"name":"wp","href":"https:\/\/api.w.org\/{rel}","templated":true}]}}