{"id":15745,"date":"2026-04-13T11:42:20","date_gmt":"2026-04-13T10:42:20","guid":{"rendered":"https:\/\/icoprevencio.cat\/uct\/ja-safe\/"},"modified":"2026-04-13T11:42:22","modified_gmt":"2026-04-13T10:42:22","slug":"ja-safe","status":"publish","type":"page","link":"https:\/\/icoprevencio.cat\/uct\/es\/ja-safe\/","title":{"rendered":"JA SAFE"},"content":{"rendered":"\n<div class=\"wp-block-uagb-container uagb-block-709c37ea alignfull uagb-is-root-container\"><div class=\"uagb-container-inner-blocks-wrap\">\n<div class=\"wp-block-uagb-info-box uagb-block-353171f0 uagb-infobox__content-wrap  uagb-infobox-icon-above-title uagb-infobox-image-valign-top wp-block-uagb-info-box--has-margin\"><div class=\"uagb-infobox-margin-wrapper\"><div class=\"uagb-ifb-content\"><div class=\"uagb-ifb-title-wrap\"><h2 class=\"uagb-ifb-title\"><strong>Proyectos en curso<\/strong><\/h2><\/div><\/div><\/div><\/div>\n<\/div><\/div>\n\n<div style=\"height:60px\" aria-hidden=\"true\" class=\"wp-block-spacer\"><\/div>\n\n<div class=\"wp-block-uagb-image uagb-block-71d5725e wp-block-uagb-image--layout-default wp-block-uagb-image--effect-static wp-block-uagb-image--align-none\"><figure class=\"wp-block-uagb-image__figure\"><img decoding=\"async\" src=\"https:\/\/icoprevencio.cat\/uct\/wp-content\/uploads\/sites\/10\/2026\/04\/logo.png\" alt=\"\" class=\"uag-image-15710\" width=\"443\" height=\"176\" title=\"logo\" loading=\"lazy\" role=\"img\"><\/figure><\/div>\n\n<div class=\"wp-block-uagb-info-box uagb-block-9271b190 uagb-infobox__content-wrap  uagb-infobox-icon-above-title uagb-infobox-image-valign-top wp-block-uagb-info-box--has-margin\"><div class=\"uagb-infobox-margin-wrapper\"><div class=\"uagb-ifb-content\"><div class=\"uagb-ifb-title-wrap\"><h3 class=\"uagb-ifb-title\">Acci\u00f3n Conjunta sobre Promoci\u00f3n de la Salud y Prevenci\u00f3n de Enfermedades, incluyendo entornos libres de humo y aerosoles<\/h3><\/div><p class=\"uagb-ifb-desc\">El c\u00e1ncer y otras enfermedades no transmisibles (ENT) representan una parte significativa de la carga de enfermedad en Europa, gran parte de la cual es prevenible. La Acci\u00f3n Conjunta JA-SAFE est\u00e1 dise\u00f1ada para abordar este reto apoyando estrategias y pol\u00edticas destinadas a reducir la carga del c\u00e1ncer y de las ENT, centr\u00e1ndose en los factores de riesgo tanto personales como sociales.   <br\/><br\/>P\u00e1gina web oficial: <a href=\"https:\/\/www.jasafe.org\/\" target=\"_blank\" rel=\"noreferrer noopener\">jasafe.org<\/a><\/p><\/div><\/div><\/div>\n<div class=\"wp-block-uagb-faq uagb-faq__outer-wrap uagb-block-07d58159 uagb-faq-icon-row-reverse uagb-faq-layout-accordion uagb-faq-expand-first-false uagb-faq-inactive-other-true uagb-faq__wrap uagb-buttons-layout-wrap uagb-faq-equal-height     \" data-faqtoggle=\"true\" role=\"tablist\"><div class=\"wp-block-uagb-faq-child uagb-faq-child__outer-wrap uagb-faq-item uagb-block-24e60ec9 \" role=\"tab\" tabindex=\"0\"><div class=\"uagb-faq-questions-button uagb-faq-questions\">\t\t\t<span class=\"uagb-icon uagb-faq-icon-wrap\">\n\t\t\t\t\t\t\t\t<svg xmlns=\"https:\/\/www.w3.org\/2000\/svg\" viewBox= \"0 0 448 512\"><path d=\"M432 256c0 17.69-14.33 32.01-32 32.01H256v144c0 17.69-14.33 31.99-32 31.99s-32-14.3-32-31.99v-144H48c-17.67 0-32-14.32-32-32.01s14.33-31.99 32-31.99H192v-144c0-17.69 14.33-32.01 32-32.01s32 14.32 32 32.01v144h144C417.7 224 432 238.3 432 256z\"><\/path><\/svg>\n\t\t\t\t\t\t\t<\/span>\n\t\t\t\t\t\t<span class=\"uagb-icon-active uagb-faq-icon-wrap\">\n\t\t\t\t\t\t\t<\/span>\n\t\t\t<span class=\"uagb-question\"><strong>Objetivos<\/strong><\/span><\/div><div class=\"uagb-faq-content\"><p>El objetivo de JA-SAFE \u2014la Acci\u00f3n Conjunta sobre Promoci\u00f3n de la Salud y Prevenci\u00f3n de Enfermedades, incluidos los entornos libres de humo y aerosoles\u2014 es reducir la carga de las enfermedades no transmisibles (ENT), incluido el c\u00e1ncer, y sus factores de riesgo, tanto a nivel individual como poblacional.<br><br>JA-SAFE busca reducir significativamente el consumo de tabaco y la exposici\u00f3n al humo de segunda mano en toda Europa, contribuyendo al objetivo de la UE de lograr una generaci\u00f3n libre de tabaco.<br><br><br>Los objetivos de JA-SAFE traducen las prioridades de salud p\u00fablica europeas en acciones coordinadas y pr\u00e1cticas entre pa\u00edses y sectores. Bas\u00e1ndose en la evidencia de que el consumo de tabaco, la exposici\u00f3n al humo y a los aerosoles, y el consumo de alcohol siguen siendo factores principales de enfermedades no transmisibles prevenibles, la Acci\u00f3n Conjunta se centra en la implementaci\u00f3n de pol\u00edticas, el fortalecimiento de los sistemas y el desarrollo de capacidades, m\u00e1s que en intervenciones aisladas.<br> <br><br><strong>Objectivoss<\/strong> <strong>espec\u00edficos<\/strong>:<br><br><strong>Prevenir el consumo de tabaco y la exposici\u00f3n al humo<\/strong>: apoyar la implementaci\u00f3n y el cumplimiento de entornos libres de humo y aerosoles, incluidos los entornos sanitarios y los espacios p\u00fablicos.<br><br><strong>Prevenir los da\u00f1os relacionados con el alcohol<\/strong>: reforzar los enfoques de prevenci\u00f3n del alcohol como componente central de las estrategias de prevenci\u00f3n del c\u00e1ncer y de las ENT.<br><br><strong>Apoyar la cesaci\u00f3n del consumo de tabaco y nicotina y su tratamiento<\/strong>: promover gu\u00edas de cesaci\u00f3n basadas en la evidencia y mejorar el acceso a apoyo efectivo, especialmente dentro de los sistemas sanitarios.<br><br><strong>Avanzar hacia una generaci\u00f3n libre de tabaco<\/strong>: contribuir al objetivo de la UE cerrando lagunas normativas, abordando los nuevos productos de tabaco y nicotina y protegiendo a los j\u00f3venes frente a la adicci\u00f3n.<br><br><strong>Reforzar la capacidad de promoci\u00f3n de la salud y prevenci\u00f3n<\/strong>: mejorar la cooperaci\u00f3n, el intercambio de conocimientos y la capacidad de implementaci\u00f3n entre Estados miembros, regiones e instituciones, as\u00ed como entre sectores y \u00e1mbitos de investigaci\u00f3n.<br><\/p><\/div><\/div><div class=\"wp-block-uagb-faq-child uagb-faq-child__outer-wrap uagb-faq-item uagb-block-265ce632 \" role=\"tab\" tabindex=\"0\"><div class=\"uagb-faq-questions-button uagb-faq-questions\">\t\t\t<span class=\"uagb-icon uagb-faq-icon-wrap\">\n\t\t\t\t\t\t\t\t<svg xmlns=\"https:\/\/www.w3.org\/2000\/svg\" viewBox= \"0 0 448 512\"><path d=\"M432 256c0 17.69-14.33 32.01-32 32.01H256v144c0 17.69-14.33 31.99-32 31.99s-32-14.3-32-31.99v-144H48c-17.67 0-32-14.32-32-32.01s14.33-31.99 32-31.99H192v-144c0-17.69 14.33-32.01 32-32.01s32 14.32 32 32.01v144h144C417.7 224 432 238.3 432 256z\"><\/path><\/svg>\n\t\t\t\t\t\t\t<\/span>\n\t\t\t\t\t\t<span class=\"uagb-icon-active uagb-faq-icon-wrap\">\n\t\t\t\t\t\t\t<\/span>\n\t\t\t<span class=\"uagb-question\"><strong>M\u00e9todos:<\/strong><\/span><\/div><div class=\"uagb-faq-content\"><p>A trav\u00e9s de una acci\u00f3n coordinada, la evidencia compartida y la investigaci\u00f3n aplicada y la orientaci\u00f3n pr\u00e1ctica, JA-SAFE apoya a los Estados miembros a traducir medidas de prevenci\u00f3n probadas en impactos reales en el mundo, contribuyendo a la ambici\u00f3n de la UE de una generaci\u00f3n libre de tabaco y una reducci\u00f3n del da\u00f1o relacionado con el alcohol, as\u00ed como a sistemas m\u00e1s s\u00f3lidos de promoci\u00f3n de la salud.<br><br><br>JA-SAFE re\u00fane a autoridades p\u00fablicas, institutos de investigaci\u00f3n y organizaciones sanitarias de toda Europa para prevenir y reducir el consumo de tabaco, la exposici\u00f3n al humo de segunda mano y a los aerosoles, y el da\u00f1o relacionado con el alcohol, tanto a nivel poblacional como individual.<br><br>El proyecto abarca nueve paquetes de trabajo dentro de cinco \u00e1reas tem\u00e1ticas: entornos libres de humo, prevenci\u00f3n del consumo de alcohol, cesaci\u00f3n (abandono del consumo), pasos hacia una generaci\u00f3n libre de tabaco y apoyo a la promoci\u00f3n de la salud y la prevenci\u00f3n de enfermedades en Europa.<br><br><strong>\u00c1reas de trabajo:<\/strong><br><br>1. <strong>Entornos libres de humo<\/strong>: Promover una Europa libre de humo y aerosoles (SAFE).<br>2. <strong>Prevenci\u00f3n del consumo de alcohol<\/strong>: prevenir el da\u00f1o relacionado con el alcohol en Europa.<br>3. <strong>Cesaci\u00f3n<\/strong>: ampliar las intervenciones para el control del tabaco y los entornos SAFE en los sistemas sanitarios.<br>4. <strong>Generaci\u00f3n libre de tabaco<\/strong>: acelerar el camino hacia una generaci\u00f3n libre de tabaco en Europa.<br>5. <strong>Promoci\u00f3n de la salud y prevenci\u00f3n de enfermedades<\/strong>: reforzar la prevenci\u00f3n de enfermedades y la promoci\u00f3n de la salud en Europa<br><\/p><\/div><\/div><div class=\"wp-block-uagb-faq-child uagb-faq-child__outer-wrap uagb-faq-item uagb-block-076be222 \" role=\"tab\" tabindex=\"0\"><div class=\"uagb-faq-questions-button uagb-faq-questions\">\t\t\t<span class=\"uagb-icon uagb-faq-icon-wrap\">\n\t\t\t\t\t\t\t\t<svg xmlns=\"https:\/\/www.w3.org\/2000\/svg\" viewBox= \"0 0 448 512\"><path d=\"M432 256c0 17.69-14.33 32.01-32 32.01H256v144c0 17.69-14.33 31.99-32 31.99s-32-14.3-32-31.99v-144H48c-17.67 0-32-14.32-32-32.01s14.33-31.99 32-31.99H192v-144c0-17.69 14.33-32.01 32-32.01s32 14.32 32 32.01v144h144C417.7 224 432 238.3 432 256z\"><\/path><\/svg>\n\t\t\t\t\t\t\t<\/span>\n\t\t\t\t\t\t<span class=\"uagb-icon-active uagb-faq-icon-wrap\">\n\t\t\t\t\t\t\t<\/span>\n\t\t\t<span class=\"uagb-question\"><strong>Duraci\u00f3n<\/strong><\/span><\/div><div class=\"uagb-faq-content\"><p>2025\u20132029<\/p><\/div><\/div><div class=\"wp-block-uagb-faq-child uagb-faq-child__outer-wrap uagb-faq-item uagb-block-f17a63bd \" role=\"tab\" tabindex=\"0\"><div class=\"uagb-faq-questions-button uagb-faq-questions\">\t\t\t<span class=\"uagb-icon uagb-faq-icon-wrap\">\n\t\t\t\t\t\t\t\t<svg xmlns=\"https:\/\/www.w3.org\/2000\/svg\" viewBox= \"0 0 448 512\"><path d=\"M432 256c0 17.69-14.33 32.01-32 32.01H256v144c0 17.69-14.33 31.99-32 31.99s-32-14.3-32-31.99v-144H48c-17.67 0-32-14.32-32-32.01s14.33-31.99 32-31.99H192v-144c0-17.69 14.33-32.01 32-32.01s32 14.32 32 32.01v144h144C417.7 224 432 238.3 432 256z\"><\/path><\/svg>\n\t\t\t\t\t\t\t<\/span>\n\t\t\t\t\t\t<span class=\"uagb-icon-active uagb-faq-icon-wrap\">\n\t\t\t\t\t\t\t<\/span>\n\t\t\t<span class=\"uagb-question\"><strong>Financiaci\u00f3n<\/strong><\/span><\/div><div class=\"uagb-faq-content\"><p><\/p><\/div><\/div><div class=\"wp-block-uagb-faq-child uagb-faq-child__outer-wrap uagb-faq-item uagb-block-8b0e255c \" role=\"tab\" tabindex=\"0\"><div class=\"uagb-faq-questions-button uagb-faq-questions\">\t\t\t<span class=\"uagb-icon uagb-faq-icon-wrap\">\n\t\t\t\t\t\t\t\t<svg xmlns=\"https:\/\/www.w3.org\/2000\/svg\" viewBox= \"0 0 448 512\"><path d=\"M432 256c0 17.69-14.33 32.01-32 32.01H256v144c0 17.69-14.33 31.99-32 31.99s-32-14.3-32-31.99v-144H48c-17.67 0-32-14.32-32-32.01s14.33-31.99 32-31.99H192v-144c0-17.69 14.33-32.01 32-32.01s32 14.32 32 32.01v144h144C417.7 224 432 238.3 432 256z\"><\/path><\/svg>\n\t\t\t\t\t\t\t<\/span>\n\t\t\t\t\t\t<span class=\"uagb-icon-active uagb-faq-icon-wrap\">\n\t\t\t\t\t\t\t<\/span>\n\t\t\t<span class=\"uagb-question\"><strong>Coordinaci\u00f3n<\/strong><\/span><\/div><div class=\"uagb-faq-content\"><p>La Universidad Nacional y Kapodistr\u00edaca de Atenas (UOA) lidera la coordinaci\u00f3n del proyecto de JA-SAFE dentro del Paquete de Trabajo 1, garantizando una gobernanza eficaz y una implementaci\u00f3n coherente en toda la Acci\u00f3n Conjunta. La coordinaci\u00f3n y gesti\u00f3n global del proyecto est\u00e1n a cargo del coordinador del proyecto, Constantine Vardavas, con el apoyo de la Secretar\u00eda del proyecto.<br> <br><\/p><\/div><\/div><div class=\"wp-block-uagb-faq-child uagb-faq-child__outer-wrap uagb-faq-item uagb-block-d536b914 \" role=\"tab\" tabindex=\"0\"><div class=\"uagb-faq-questions-button uagb-faq-questions\">\t\t\t<span class=\"uagb-icon uagb-faq-icon-wrap\">\n\t\t\t\t\t\t\t\t<svg xmlns=\"https:\/\/www.w3.org\/2000\/svg\" viewBox= \"0 0 448 512\"><path d=\"M432 256c0 17.69-14.33 32.01-32 32.01H256v144c0 17.69-14.33 31.99-32 31.99s-32-14.3-32-31.99v-144H48c-17.67 0-32-14.32-32-32.01s14.33-31.99 32-31.99H192v-144c0-17.69 14.33-32.01 32-32.01s32 14.32 32 32.01v144h144C417.7 224 432 238.3 432 256z\"><\/path><\/svg>\n\t\t\t\t\t\t\t<\/span>\n\t\t\t\t\t\t<span class=\"uagb-icon-active uagb-faq-icon-wrap\">\n\t\t\t\t\t\t\t<\/span>\n\t\t\t<span class=\"uagb-question\"><strong><strong>Socios del proyecto e investigadores principales<\/strong><\/strong><\/span><\/div><div class=\"uagb-faq-content\"><p>El proyecto re\u00fane a 60 instituciones asociadas de 23 pa\u00edses europeos.<\/p><\/div><\/div><div class=\"wp-block-uagb-faq-child uagb-faq-child__outer-wrap uagb-faq-item uagb-block-43ba4076 \" role=\"tab\" tabindex=\"0\"><div class=\"uagb-faq-questions-button uagb-faq-questions\">\t\t\t<span class=\"uagb-icon uagb-faq-icon-wrap\">\n\t\t\t\t\t\t\t\t<svg xmlns=\"https:\/\/www.w3.org\/2000\/svg\" viewBox= \"0 0 448 512\"><path d=\"M432 256c0 17.69-14.33 32.01-32 32.01H256v144c0 17.69-14.33 31.99-32 31.99s-32-14.3-32-31.99v-144H48c-17.67 0-32-14.32-32-32.01s14.33-31.99 32-31.99H192v-144c0-17.69 14.33-32.01 32-32.01s32 14.32 32 32.01v144h144C417.7 224 432 238.3 432 256z\"><\/path><\/svg>\n\t\t\t\t\t\t\t<\/span>\n\t\t\t\t\t\t<span class=\"uagb-icon-active uagb-faq-icon-wrap\">\n\t\t\t\t\t\t\t<\/span>\n\t\t\t<span class=\"uagb-question\"><strong>Equipo de Investigaci\u00f3n UCT<\/strong><\/span><\/div><div class=\"uagb-faq-content\"><p>Dra. Cristina Mart\u00ednez (IP: WP5)<br>Dra. Marcela Fu<br>Dr. Armando Peruga<br>Dra. Montse Ballbe<br>Dra. Dolors Carnicer-Pont<br>Dra. Laura Ant\u00f3n<br>Dra. Olena Tigova<br>Judith Saura<br>Clara F\u00e1bregas<br>Laura Perdiguero (project manager)<br>Dra. Anna Tokar (project manager)      <br><\/p><\/div><\/div><div class=\"wp-block-uagb-faq-child uagb-faq-child__outer-wrap uagb-faq-item uagb-block-faa63e9c \" role=\"tab\" tabindex=\"0\"><div class=\"uagb-faq-questions-button uagb-faq-questions\">\t\t\t<span class=\"uagb-icon uagb-faq-icon-wrap\">\n\t\t\t\t\t\t\t\t<svg xmlns=\"https:\/\/www.w3.org\/2000\/svg\" viewBox= \"0 0 448 512\"><path d=\"M432 256c0 17.69-14.33 32.01-32 32.01H256v144c0 17.69-14.33 31.99-32 31.99s-32-14.3-32-31.99v-144H48c-17.67 0-32-14.32-32-32.01s14.33-31.99 32-31.99H192v-144c0-17.69 14.33-32.01 32-32.01s32 14.32 32 32.01v144h144C417.7 224 432 238.3 432 256z\"><\/path><\/svg>\n\t\t\t\t\t\t\t<\/span>\n\t\t\t\t\t\t<span class=\"uagb-icon-active uagb-faq-icon-wrap\">\n\t\t\t\t\t\t\t<\/span>\n\t\t\t<span class=\"uagb-question\"><strong>Resultados relevantes<\/strong><\/span><\/div><div class=\"uagb-faq-content\"><p>No disponibles<\/p><\/div><\/div><\/div>\n<div style=\"height:131px\" aria-hidden=\"true\" class=\"wp-block-spacer\"><\/div>\n\n<p><\/p>\n","protected":false},"excerpt":{"rendered":"","protected":false},"author":28,"featured_media":0,"parent":0,"menu_order":0,"comment_status":"closed","ping_status":"closed","template":"","meta":{"_uag_custom_page_level_css":"","site-sidebar-layout":"default","site-content-layout":"","ast-site-content-layout":"default","site-content-style":"default","site-sidebar-style":"default","ast-global-header-display":"","ast-banner-title-visibility":"","ast-main-header-display":"","ast-hfb-above-header-display":"","ast-hfb-below-header-display":"","ast-hfb-mobile-header-display":"","site-post-title":"disabled","ast-breadcrumbs-content":"","ast-featured-img":"","footer-sml-layout":"","ast-disable-related-posts":"","theme-transparent-header-meta":"","adv-header-id-meta":"","stick-header-meta":"","header-above-stick-meta":"","header-main-stick-meta":"","header-below-stick-meta":"","astra-migrate-meta-layouts":"default","ast-page-background-enabled":"default","ast-page-background-meta":{"desktop":{"background-color":"var(--ast-global-color-4)","background-image":"","background-repeat":"repeat","background-position":"center center","background-size":"auto","background-attachment":"scroll","background-type":"","background-media":"","overlay-type":"","overlay-color":"","overlay-opacity":"","overlay-gradient":""},"tablet":{"background-color":"","background-image":"","background-repeat":"repeat","background-position":"center center","background-size":"auto","background-attachment":"scroll","background-type":"","background-media":"","overlay-type":"","overlay-color":"","overlay-opacity":"","overlay-gradient":""},"mobile":{"background-color":"","background-image":"","background-repeat":"repeat","background-position":"center center","background-size":"auto","background-attachment":"scroll","background-type":"","background-media":"","overlay-type":"","overlay-color":"","overlay-opacity":"","overlay-gradient":""}},"ast-content-background-meta":{"desktop":{"background-color":"var(--ast-global-color-5)","background-image":"","background-repeat":"repeat","background-position":"center center","background-size":"auto","background-attachment":"scroll","background-type":"","background-media":"","overlay-type":"","overlay-color":"","overlay-opacity":"","overlay-gradient":""},"tablet":{"background-color":"var(--ast-global-color-5)","background-image":"","background-repeat":"repeat","background-position":"center center","background-size":"auto","background-attachment":"scroll","background-type":"","background-media":"","overlay-type":"","overlay-color":"","overlay-opacity":"","overlay-gradient":""},"mobile":{"background-color":"var(--ast-global-color-5)","background-image":"","background-repeat":"repeat","background-position":"center center","background-size":"auto","background-attachment":"scroll","background-type":"","background-media":"","overlay-type":"","overlay-color":"","overlay-opacity":"","overlay-gradient":""}},"_vp_format_video_url":"","_vp_image_focal_point":[],"footnotes":""},"class_list":["post-15745","page","type-page","status-publish","hentry"],"uagb_featured_image_src":{"full":false,"thumbnail":false,"medium":false,"medium_large":false,"large":false,"1536x1536":false,"2048x2048":false,"vp_sm":false,"vp_md":false,"vp_lg":false,"vp_xl":false,"vp_sm_popup":false,"vp_md_popup":false,"vp_xl_popup":false},"uagb_author_info":{"display_name":"clara","author_link":"https:\/\/icoprevencio.cat\/uct\/es\/author\/clara\/"},"uagb_comment_info":0,"uagb_excerpt":null,"_links":{"self":[{"href":"https:\/\/icoprevencio.cat\/uct\/es\/wp-json\/wp\/v2\/pages\/15745","targetHints":{"allow":["GET"]}}],"collection":[{"href":"https:\/\/icoprevencio.cat\/uct\/es\/wp-json\/wp\/v2\/pages"}],"about":[{"href":"https:\/\/icoprevencio.cat\/uct\/es\/wp-json\/wp\/v2\/types\/page"}],"author":[{"embeddable":true,"href":"https:\/\/icoprevencio.cat\/uct\/es\/wp-json\/wp\/v2\/users\/28"}],"replies":[{"embeddable":true,"href":"https:\/\/icoprevencio.cat\/uct\/es\/wp-json\/wp\/v2\/comments?post=15745"}],"version-history":[{"count":2,"href":"https:\/\/icoprevencio.cat\/uct\/es\/wp-json\/wp\/v2\/pages\/15745\/revisions"}],"predecessor-version":[{"id":15747,"href":"https:\/\/icoprevencio.cat\/uct\/es\/wp-json\/wp\/v2\/pages\/15745\/revisions\/15747"}],"wp:attachment":[{"href":"https:\/\/icoprevencio.cat\/uct\/es\/wp-json\/wp\/v2\/media?parent=15745"}],"curies":[{"name":"wp","href":"https:\/\/api.w.org\/{rel}","templated":true}]}}