{"id":11184,"date":"2024-12-12T10:48:28","date_gmt":"2024-12-12T09:48:28","guid":{"rendered":"https:\/\/icoprevencio.cat\/uct\/?page_id=11184"},"modified":"2026-01-19T12:53:44","modified_gmt":"2026-01-19T11:53:44","slug":"ultimes-noticies","status":"publish","type":"page","link":"https:\/\/icoprevencio.cat\/uct\/ultimes-noticies\/","title":{"rendered":"NOT\u00cdCIES"},"content":{"rendered":"\n<div class=\"wp-block-uagb-container uagb-block-709c37ea alignfull uagb-is-root-container\"><div class=\"uagb-container-inner-blocks-wrap\">\n<div class=\"wp-block-uagb-info-box uagb-block-353171f0 uagb-infobox__content-wrap  uagb-infobox-icon-above-title uagb-infobox-image-valign-top wp-block-uagb-info-box--has-margin\"><div class=\"uagb-infobox-margin-wrapper\"><div class=\"uagb-ifb-content\"><div class=\"uagb-ifb-title-wrap\"><h2 class=\"uagb-ifb-title\"><strong><strong><strong>Not\u00edcies<\/strong><\/strong><\/strong><\/h2><\/div><\/div><\/div><\/div>\n<\/div><\/div>\n\n\n\n<div style=\"height:94px\" aria-hidden=\"true\" class=\"wp-block-spacer\"><\/div>\n\n\n\n\t\t\t<div class=\"wp-block-uagb-post-grid uagb-post-grid  uagb-post__image-position-top uagb-post__image-enabled uagb-block-40ec1ce9     uagb-post__items uagb-post__columns-3 is-grid uagb-post__columns-tablet-2 uagb-post__columns-mobile-1 uagb-post__equal-height\" data-total=\"46\" style=\"\">\n\n\t\t\t\t\t\t\t\t\t\t\t\t<article class=\"uagb-post__inner-wrap\">\t\t\t\t\t\t\t\t<div class='uagb-post__image'>\n\t\t\t\t\t\t\t\t\t<a href=\"https:\/\/icoprevencio.cat\/uct\/la-recerca-de-la-uct-a-la-conferencia-doctoral-de-la-universitat-de-barcelona\/\" target=\"_self\" rel=\"bookmark noopener noreferrer\" class='uagb-image-ratio-inherit'><img loading=\"lazy\" decoding=\"async\" width=\"890\" height=\"501\" src=\"https:\/\/icoprevencio.cat\/uct\/wp-content\/uploads\/sites\/10\/2026\/04\/WhatsApp-Image-2026-04-20-at-09.30.05.png\" class=\"attachment-large size-large\" alt=\"\" srcset=\"https:\/\/icoprevencio.cat\/uct\/wp-content\/uploads\/sites\/10\/2026\/04\/WhatsApp-Image-2026-04-20-at-09.30.05.png 890w, https:\/\/icoprevencio.cat\/uct\/wp-content\/uploads\/sites\/10\/2026\/04\/WhatsApp-Image-2026-04-20-at-09.30.05-300x169.png 300w, https:\/\/icoprevencio.cat\/uct\/wp-content\/uploads\/sites\/10\/2026\/04\/WhatsApp-Image-2026-04-20-at-09.30.05-768x432.png 768w, https:\/\/icoprevencio.cat\/uct\/wp-content\/uploads\/sites\/10\/2026\/04\/WhatsApp-Image-2026-04-20-at-09.30.05-500x281.png 500w, https:\/\/icoprevencio.cat\/uct\/wp-content\/uploads\/sites\/10\/2026\/04\/WhatsApp-Image-2026-04-20-at-09.30.05-800x450.png 800w\" sizes=\"auto, (max-width: 890px) 100vw, 890px\" \/>\t\t\t\t\t<\/a>\n\t\t\t\t\t\t\t<\/div>\n\t\t\t\t\t\t<h4 class=\"uagb-post__title uagb-post__text\">\n\t\t\t\t<a href=\"https:\/\/icoprevencio.cat\/uct\/la-recerca-de-la-uct-a-la-conferencia-doctoral-de-la-universitat-de-barcelona\/\" target=\"_self\" rel=\"bookmark noopener noreferrer\">La recerca de la UCT a la Confer\u00e8ncia Doctoral de la Universitat de Barcelona<\/a>\n\t\t\t<\/h4>\n\t\t\t\t\t\t<div class='uagb-post__text uagb-post-grid-byline'>\n\t\t\t\t\t\t\t<\/div>\n\t\t\t\t\t\t<div class=\"uagb-post__text uagb-post__cta wp-block-button\">\n\t\t\t\t<a class=\"wp-block-button__link uagb-text-link\" style=\"\" href=\"https:\/\/icoprevencio.cat\/uct\/la-recerca-de-la-uct-a-la-conferencia-doctoral-de-la-universitat-de-barcelona\/\" target=\"_self\" rel=\"bookmark noopener noreferrer\">Llegeix m\u00e9s<\/a>\n\t\t\t<\/div>\n\t\t\t\n\t\t\t\t\t\t\t\t\t<\/article>\n\t\t\t\t\t\t\t\t\t\t\t\t\t\t\t\t<article class=\"uagb-post__inner-wrap\">\t\t\t\t\t\t\t\t<div class='uagb-post__image'>\n\t\t\t\t\t\t\t\t\t<a href=\"https:\/\/icoprevencio.cat\/uct\/el-ico-se-suma-a-la-joint-action-on-smoke-and-aerosol-free-environments-ja-safe\/\" target=\"_self\" rel=\"bookmark noopener noreferrer\" class='uagb-image-ratio-inherit'><img loading=\"lazy\" decoding=\"async\" width=\"1024\" height=\"576\" src=\"https:\/\/icoprevencio.cat\/uct\/wp-content\/uploads\/sites\/10\/2026\/04\/Untitled-design-5-1024x576.jpg\" class=\"attachment-large size-large\" alt=\"\" srcset=\"https:\/\/icoprevencio.cat\/uct\/wp-content\/uploads\/sites\/10\/2026\/04\/Untitled-design-5-1024x576.jpg 1024w, https:\/\/icoprevencio.cat\/uct\/wp-content\/uploads\/sites\/10\/2026\/04\/Untitled-design-5-300x169.jpg 300w, https:\/\/icoprevencio.cat\/uct\/wp-content\/uploads\/sites\/10\/2026\/04\/Untitled-design-5-768x432.jpg 768w, https:\/\/icoprevencio.cat\/uct\/wp-content\/uploads\/sites\/10\/2026\/04\/Untitled-design-5-1536x864.jpg 1536w, https:\/\/icoprevencio.cat\/uct\/wp-content\/uploads\/sites\/10\/2026\/04\/Untitled-design-5-500x281.jpg 500w, https:\/\/icoprevencio.cat\/uct\/wp-content\/uploads\/sites\/10\/2026\/04\/Untitled-design-5-800x450.jpg 800w, https:\/\/icoprevencio.cat\/uct\/wp-content\/uploads\/sites\/10\/2026\/04\/Untitled-design-5-1280x720.jpg 1280w, https:\/\/icoprevencio.cat\/uct\/wp-content\/uploads\/sites\/10\/2026\/04\/Untitled-design-5.jpg 1920w\" sizes=\"auto, (max-width: 1024px) 100vw, 1024px\" \/>\t\t\t\t\t<\/a>\n\t\t\t\t\t\t\t<\/div>\n\t\t\t\t\t\t<h4 class=\"uagb-post__title uagb-post__text\">\n\t\t\t\t<a href=\"https:\/\/icoprevencio.cat\/uct\/el-ico-se-suma-a-la-joint-action-on-smoke-and-aerosol-free-environments-ja-safe\/\" target=\"_self\" rel=\"bookmark noopener noreferrer\">L\u2019ICO s\u2019incorpora a l\u2019Acci\u00f3 Conjunta sobre Entorns Lliures de Fum i Aerosols (JA-SAFE)<\/a>\n\t\t\t<\/h4>\n\t\t\t\t\t\t<div class='uagb-post__text uagb-post-grid-byline'>\n\t\t\t\t\t\t\t<\/div>\n\t\t\t\t\t\t<div class=\"uagb-post__text uagb-post__cta wp-block-button\">\n\t\t\t\t<a class=\"wp-block-button__link uagb-text-link\" style=\"\" href=\"https:\/\/icoprevencio.cat\/uct\/el-ico-se-suma-a-la-joint-action-on-smoke-and-aerosol-free-environments-ja-safe\/\" target=\"_self\" rel=\"bookmark noopener noreferrer\">Llegeix m\u00e9s<\/a>\n\t\t\t<\/div>\n\t\t\t\n\t\t\t\t\t\t\t\t\t<\/article>\n\t\t\t\t\t\t\t\t\t\t\t\t\t\t\t\t<article class=\"uagb-post__inner-wrap\">\t\t\t\t\t\t\t\t<div class='uagb-post__image'>\n\t\t\t\t\t\t\t\t\t<a href=\"https:\/\/icoprevencio.cat\/uct\/nova-doctora-a-la-unitat-ayaka-teshima-defensa-la-seva-tesi-sobre-la-carrega-del-tabaquisme-a-la-unio-europea\/\" target=\"_self\" rel=\"bookmark noopener noreferrer\" class='uagb-image-ratio-inherit'><img loading=\"lazy\" decoding=\"async\" width=\"1024\" height=\"576\" src=\"https:\/\/icoprevencio.cat\/uct\/wp-content\/uploads\/sites\/10\/2026\/03\/WhatsApp-Image-2026-03-04-at-14.11.23-1024x576.jpg\" class=\"attachment-large size-large\" alt=\"\" srcset=\"https:\/\/icoprevencio.cat\/uct\/wp-content\/uploads\/sites\/10\/2026\/03\/WhatsApp-Image-2026-03-04-at-14.11.23-1024x576.jpg 1024w, https:\/\/icoprevencio.cat\/uct\/wp-content\/uploads\/sites\/10\/2026\/03\/WhatsApp-Image-2026-03-04-at-14.11.23-300x169.jpg 300w, https:\/\/icoprevencio.cat\/uct\/wp-content\/uploads\/sites\/10\/2026\/03\/WhatsApp-Image-2026-03-04-at-14.11.23-768x432.jpg 768w, https:\/\/icoprevencio.cat\/uct\/wp-content\/uploads\/sites\/10\/2026\/03\/WhatsApp-Image-2026-03-04-at-14.11.23-500x281.jpg 500w, https:\/\/icoprevencio.cat\/uct\/wp-content\/uploads\/sites\/10\/2026\/03\/WhatsApp-Image-2026-03-04-at-14.11.23-800x450.jpg 800w, https:\/\/icoprevencio.cat\/uct\/wp-content\/uploads\/sites\/10\/2026\/03\/WhatsApp-Image-2026-03-04-at-14.11.23-1280x720.jpg 1280w, https:\/\/icoprevencio.cat\/uct\/wp-content\/uploads\/sites\/10\/2026\/03\/WhatsApp-Image-2026-03-04-at-14.11.23.jpg 1297w\" sizes=\"auto, (max-width: 1024px) 100vw, 1024px\" \/>\t\t\t\t\t<\/a>\n\t\t\t\t\t\t\t<\/div>\n\t\t\t\t\t\t<h4 class=\"uagb-post__title uagb-post__text\">\n\t\t\t\t<a href=\"https:\/\/icoprevencio.cat\/uct\/nova-doctora-a-la-unitat-ayaka-teshima-defensa-la-seva-tesi-sobre-la-carrega-del-tabaquisme-a-la-unio-europea\/\" target=\"_self\" rel=\"bookmark noopener noreferrer\">Nova doctora a la unitat: Ayaka Teshima defensa la seva tesi sobre la c\u00e0rrega del tabaquisme a la Uni\u00f3 Europea<\/a>\n\t\t\t<\/h4>\n\t\t\t\t\t\t<div class='uagb-post__text uagb-post-grid-byline'>\n\t\t\t\t\t\t\t<\/div>\n\t\t\t\t\t\t<div class=\"uagb-post__text uagb-post__cta wp-block-button\">\n\t\t\t\t<a class=\"wp-block-button__link uagb-text-link\" style=\"\" href=\"https:\/\/icoprevencio.cat\/uct\/nova-doctora-a-la-unitat-ayaka-teshima-defensa-la-seva-tesi-sobre-la-carrega-del-tabaquisme-a-la-unio-europea\/\" target=\"_self\" rel=\"bookmark noopener noreferrer\">Llegeix m\u00e9s<\/a>\n\t\t\t<\/div>\n\t\t\t\n\t\t\t\t\t\t\t\t\t<\/article>\n\t\t\t\t\t\t\t\t\t\t\t\t\t\t\t\t<article class=\"uagb-post__inner-wrap\">\t\t\t\t\t\t\t\t<div class='uagb-post__image'>\n\t\t\t\t\t\t\t\t\t<a href=\"https:\/\/icoprevencio.cat\/uct\/tret-de-sortida-del-projecte-taboh-una-proposta-innovadora-per-deixar-de-fumar-i-reduir-el-consum-dalcohol\/\" target=\"_self\" rel=\"bookmark noopener noreferrer\" class='uagb-image-ratio-inherit'><img loading=\"lazy\" decoding=\"async\" width=\"1024\" height=\"576\" src=\"https:\/\/icoprevencio.cat\/uct\/wp-content\/uploads\/sites\/10\/2026\/03\/7bc051fc-fc71-45d8-95db-f4a5b91d54e3-1-1024x576.jpg\" class=\"attachment-large size-large\" alt=\"\" srcset=\"https:\/\/icoprevencio.cat\/uct\/wp-content\/uploads\/sites\/10\/2026\/03\/7bc051fc-fc71-45d8-95db-f4a5b91d54e3-1-1024x576.jpg 1024w, https:\/\/icoprevencio.cat\/uct\/wp-content\/uploads\/sites\/10\/2026\/03\/7bc051fc-fc71-45d8-95db-f4a5b91d54e3-1-300x169.jpg 300w, https:\/\/icoprevencio.cat\/uct\/wp-content\/uploads\/sites\/10\/2026\/03\/7bc051fc-fc71-45d8-95db-f4a5b91d54e3-1-768x432.jpg 768w, https:\/\/icoprevencio.cat\/uct\/wp-content\/uploads\/sites\/10\/2026\/03\/7bc051fc-fc71-45d8-95db-f4a5b91d54e3-1-1536x864.jpg 1536w, https:\/\/icoprevencio.cat\/uct\/wp-content\/uploads\/sites\/10\/2026\/03\/7bc051fc-fc71-45d8-95db-f4a5b91d54e3-1-500x281.jpg 500w, https:\/\/icoprevencio.cat\/uct\/wp-content\/uploads\/sites\/10\/2026\/03\/7bc051fc-fc71-45d8-95db-f4a5b91d54e3-1-800x450.jpg 800w, https:\/\/icoprevencio.cat\/uct\/wp-content\/uploads\/sites\/10\/2026\/03\/7bc051fc-fc71-45d8-95db-f4a5b91d54e3-1-1280x720.jpg 1280w, https:\/\/icoprevencio.cat\/uct\/wp-content\/uploads\/sites\/10\/2026\/03\/7bc051fc-fc71-45d8-95db-f4a5b91d54e3-1.jpg 1584w\" sizes=\"auto, (max-width: 1024px) 100vw, 1024px\" \/>\t\t\t\t\t<\/a>\n\t\t\t\t\t\t\t<\/div>\n\t\t\t\t\t\t<h4 class=\"uagb-post__title uagb-post__text\">\n\t\t\t\t<a href=\"https:\/\/icoprevencio.cat\/uct\/tret-de-sortida-del-projecte-taboh-una-proposta-innovadora-per-deixar-de-fumar-i-reduir-el-consum-dalcohol\/\" target=\"_self\" rel=\"bookmark noopener noreferrer\">Tret de sortida del projecte TABOH, una proposta innovadora per deixar de fumar i reduir el consum d\u2019alcohol<\/a>\n\t\t\t<\/h4>\n\t\t\t\t\t\t<div class='uagb-post__text uagb-post-grid-byline'>\n\t\t\t\t\t\t\t<\/div>\n\t\t\t\t\t\t<div class=\"uagb-post__text uagb-post__cta wp-block-button\">\n\t\t\t\t<a class=\"wp-block-button__link uagb-text-link\" style=\"\" href=\"https:\/\/icoprevencio.cat\/uct\/tret-de-sortida-del-projecte-taboh-una-proposta-innovadora-per-deixar-de-fumar-i-reduir-el-consum-dalcohol\/\" target=\"_self\" rel=\"bookmark noopener noreferrer\">Llegeix m\u00e9s<\/a>\n\t\t\t<\/div>\n\t\t\t\n\t\t\t\t\t\t\t\t\t<\/article>\n\t\t\t\t\t\t\t\t\t\t\t\t\t\t\t\t<article class=\"uagb-post__inner-wrap\">\t\t\t\t\t\t\t\t<div class='uagb-post__image'>\n\t\t\t\t\t\t\t\t\t<a href=\"https:\/\/icoprevencio.cat\/uct\/xvi-jornada-scatt-un-any-mes-compromesos-amb-la-prevencio-i-control-del-tabaquisme\/\" target=\"_self\" rel=\"bookmark noopener noreferrer\" class='uagb-image-ratio-inherit'><img loading=\"lazy\" decoding=\"async\" width=\"1024\" height=\"576\" src=\"https:\/\/icoprevencio.cat\/uct\/wp-content\/uploads\/sites\/10\/2026\/02\/WhatsApp-Image-2026-02-26-at-12.01.48-1024x576.png\" class=\"attachment-large size-large\" alt=\"\" srcset=\"https:\/\/icoprevencio.cat\/uct\/wp-content\/uploads\/sites\/10\/2026\/02\/WhatsApp-Image-2026-02-26-at-12.01.48-1024x576.png 1024w, https:\/\/icoprevencio.cat\/uct\/wp-content\/uploads\/sites\/10\/2026\/02\/WhatsApp-Image-2026-02-26-at-12.01.48-300x169.png 300w, https:\/\/icoprevencio.cat\/uct\/wp-content\/uploads\/sites\/10\/2026\/02\/WhatsApp-Image-2026-02-26-at-12.01.48-768x432.png 768w, https:\/\/icoprevencio.cat\/uct\/wp-content\/uploads\/sites\/10\/2026\/02\/WhatsApp-Image-2026-02-26-at-12.01.48-1536x864.png 1536w, https:\/\/icoprevencio.cat\/uct\/wp-content\/uploads\/sites\/10\/2026\/02\/WhatsApp-Image-2026-02-26-at-12.01.48-500x281.png 500w, https:\/\/icoprevencio.cat\/uct\/wp-content\/uploads\/sites\/10\/2026\/02\/WhatsApp-Image-2026-02-26-at-12.01.48-800x450.png 800w, https:\/\/icoprevencio.cat\/uct\/wp-content\/uploads\/sites\/10\/2026\/02\/WhatsApp-Image-2026-02-26-at-12.01.48-1280x720.png 1280w, https:\/\/icoprevencio.cat\/uct\/wp-content\/uploads\/sites\/10\/2026\/02\/WhatsApp-Image-2026-02-26-at-12.01.48.png 1550w\" sizes=\"auto, (max-width: 1024px) 100vw, 1024px\" \/>\t\t\t\t\t<\/a>\n\t\t\t\t\t\t\t<\/div>\n\t\t\t\t\t\t<h4 class=\"uagb-post__title uagb-post__text\">\n\t\t\t\t<a href=\"https:\/\/icoprevencio.cat\/uct\/xvi-jornada-scatt-un-any-mes-compromesos-amb-la-prevencio-i-control-del-tabaquisme\/\" target=\"_self\" rel=\"bookmark noopener noreferrer\">La investigaci\u00f3 de la UCT, distingida amb el primer premi de comunicacions orals a la XVI Jornada SCATT<\/a>\n\t\t\t<\/h4>\n\t\t\t\t\t\t<div class='uagb-post__text uagb-post-grid-byline'>\n\t\t\t\t\t\t\t<\/div>\n\t\t\t\t\t\t<div class=\"uagb-post__text uagb-post__cta wp-block-button\">\n\t\t\t\t<a class=\"wp-block-button__link uagb-text-link\" style=\"\" href=\"https:\/\/icoprevencio.cat\/uct\/xvi-jornada-scatt-un-any-mes-compromesos-amb-la-prevencio-i-control-del-tabaquisme\/\" target=\"_self\" rel=\"bookmark noopener noreferrer\">Llegeix m\u00e9s<\/a>\n\t\t\t<\/div>\n\t\t\t\n\t\t\t\t\t\t\t\t\t<\/article>\n\t\t\t\t\t\t\t\t\t\t\t\t\t\t\t\t<article class=\"uagb-post__inner-wrap\">\t\t\t\t\t\t\t\t<div class='uagb-post__image'>\n\t\t\t\t\t\t\t\t\t<a href=\"https:\/\/icoprevencio.cat\/uct\/la-uct-lidera-un-taller-sobre-ciencia-de-la-implementacio-organitzat-per-la-fundacio-la-caixa\/\" target=\"_self\" rel=\"bookmark noopener noreferrer\" class='uagb-image-ratio-inherit'><img loading=\"lazy\" decoding=\"async\" width=\"1024\" height=\"576\" src=\"https:\/\/icoprevencio.cat\/uct\/wp-content\/uploads\/sites\/10\/2026\/02\/WhatsApp-Image-2026-02-18-at-14.09.57-1024x576.jpg\" class=\"attachment-large size-large\" alt=\"\" srcset=\"https:\/\/icoprevencio.cat\/uct\/wp-content\/uploads\/sites\/10\/2026\/02\/WhatsApp-Image-2026-02-18-at-14.09.57-1024x576.jpg 1024w, https:\/\/icoprevencio.cat\/uct\/wp-content\/uploads\/sites\/10\/2026\/02\/WhatsApp-Image-2026-02-18-at-14.09.57-300x169.jpg 300w, https:\/\/icoprevencio.cat\/uct\/wp-content\/uploads\/sites\/10\/2026\/02\/WhatsApp-Image-2026-02-18-at-14.09.57-768x432.jpg 768w, https:\/\/icoprevencio.cat\/uct\/wp-content\/uploads\/sites\/10\/2026\/02\/WhatsApp-Image-2026-02-18-at-14.09.57-1536x864.jpg 1536w, https:\/\/icoprevencio.cat\/uct\/wp-content\/uploads\/sites\/10\/2026\/02\/WhatsApp-Image-2026-02-18-at-14.09.57-500x281.jpg 500w, https:\/\/icoprevencio.cat\/uct\/wp-content\/uploads\/sites\/10\/2026\/02\/WhatsApp-Image-2026-02-18-at-14.09.57-800x450.jpg 800w, https:\/\/icoprevencio.cat\/uct\/wp-content\/uploads\/sites\/10\/2026\/02\/WhatsApp-Image-2026-02-18-at-14.09.57-1280x720.jpg 1280w, https:\/\/icoprevencio.cat\/uct\/wp-content\/uploads\/sites\/10\/2026\/02\/WhatsApp-Image-2026-02-18-at-14.09.57-1920x1080.jpg 1920w, https:\/\/icoprevencio.cat\/uct\/wp-content\/uploads\/sites\/10\/2026\/02\/WhatsApp-Image-2026-02-18-at-14.09.57.jpg 1980w\" sizes=\"auto, (max-width: 1024px) 100vw, 1024px\" \/>\t\t\t\t\t<\/a>\n\t\t\t\t\t\t\t<\/div>\n\t\t\t\t\t\t<h4 class=\"uagb-post__title uagb-post__text\">\n\t\t\t\t<a href=\"https:\/\/icoprevencio.cat\/uct\/la-uct-lidera-un-taller-sobre-ciencia-de-la-implementacio-organitzat-per-la-fundacio-la-caixa\/\" target=\"_self\" rel=\"bookmark noopener noreferrer\">La UCT lidera un taller sobre ci\u00e8ncia de la implementaci\u00f3 organitzat per la Fundaci\u00f3 \u201dLa Caixa\u201d<\/a>\n\t\t\t<\/h4>\n\t\t\t\t\t\t<div class='uagb-post__text uagb-post-grid-byline'>\n\t\t\t\t\t\t\t<\/div>\n\t\t\t\t\t\t<div class=\"uagb-post__text uagb-post__cta wp-block-button\">\n\t\t\t\t<a class=\"wp-block-button__link uagb-text-link\" style=\"\" href=\"https:\/\/icoprevencio.cat\/uct\/la-uct-lidera-un-taller-sobre-ciencia-de-la-implementacio-organitzat-per-la-fundacio-la-caixa\/\" target=\"_self\" rel=\"bookmark noopener noreferrer\">Llegeix m\u00e9s<\/a>\n\t\t\t<\/div>\n\t\t\t\n\t\t\t\t\t\t\t\t\t<\/article>\n\t\t\t\t\t\t\t\t\t\t\t\t\t<div class=\"uagb-post-pagination-wrap\">\n\t\t\t\t\t\t<span aria-current=\"page\" class=\"page-numbers current\">1<\/span>\n<a class=\"page-numbers\" href=\"https:\/\/icoprevencio.cat\/uct\/wp-json\/wp\/v2\/pages\/11184\/page\/2\/\">2<\/a>\n<a class=\"page-numbers\" href=\"https:\/\/icoprevencio.cat\/uct\/wp-json\/wp\/v2\/pages\/11184\/page\/3\/\">3<\/a>\n<a class=\"page-numbers\" href=\"https:\/\/icoprevencio.cat\/uct\/wp-json\/wp\/v2\/pages\/11184\/page\/4\/\">4<\/a>\n<a class=\"page-numbers\" href=\"https:\/\/icoprevencio.cat\/uct\/wp-json\/wp\/v2\/pages\/11184\/page\/5\/\">5<\/a>\n<span class=\"page-numbers dots\">&hellip;<\/span>\n<a class=\"page-numbers\" href=\"https:\/\/icoprevencio.cat\/uct\/wp-json\/wp\/v2\/pages\/11184\/page\/43\/\">43<\/a>\n<a class=\"page-numbers\" href=\"https:\/\/icoprevencio.cat\/uct\/wp-json\/wp\/v2\/pages\/11184\/page\/44\/\">44<\/a>\n<a class=\"page-numbers\" href=\"https:\/\/icoprevencio.cat\/uct\/wp-json\/wp\/v2\/pages\/11184\/page\/45\/\">45<\/a>\n<a class=\"page-numbers\" href=\"https:\/\/icoprevencio.cat\/uct\/wp-json\/wp\/v2\/pages\/11184\/page\/46\/\">46<\/a>\n<a class=\"next page-numbers\" href=\"https:\/\/icoprevencio.cat\/uct\/wp-json\/wp\/v2\/pages\/11184\/page\/2\/\">Next \u00bb<\/a>\t\t\t\t\t<\/div>\n\t\t\t\t\t\t\t\t<\/div>\n\t\t\t\n\n\n<div style=\"height:80px\" aria-hidden=\"true\" class=\"wp-block-spacer\"><\/div>\n","protected":false},"excerpt":{"rendered":"","protected":false},"author":28,"featured_media":0,"parent":0,"menu_order":0,"comment_status":"closed","ping_status":"closed","template":"","meta":{"_uag_custom_page_level_css":"","site-sidebar-layout":"default","site-content-layout":"","ast-site-content-layout":"default","site-content-style":"default","site-sidebar-style":"default","ast-global-header-display":"","ast-banner-title-visibility":"","ast-main-header-display":"","ast-hfb-above-header-display":"","ast-hfb-below-header-display":"","ast-hfb-mobile-header-display":"","site-post-title":"disabled","ast-breadcrumbs-content":"","ast-featured-img":"","footer-sml-layout":"","ast-disable-related-posts":"","theme-transparent-header-meta":"","adv-header-id-meta":"","stick-header-meta":"","header-above-stick-meta":"","header-main-stick-meta":"","header-below-stick-meta":"","astra-migrate-meta-layouts":"set","ast-page-background-enabled":"default","ast-page-background-meta":{"desktop":{"background-color":"var(--ast-global-color-4)","background-image":"","background-repeat":"repeat","background-position":"center center","background-size":"auto","background-attachment":"scroll","background-type":"","background-media":"","overlay-type":"","overlay-color":"","overlay-opacity":"","overlay-gradient":""},"tablet":{"background-color":"","background-image":"","background-repeat":"repeat","background-position":"center center","background-size":"auto","background-attachment":"scroll","background-type":"","background-media":"","overlay-type":"","overlay-color":"","overlay-opacity":"","overlay-gradient":""},"mobile":{"background-color":"","background-image":"","background-repeat":"repeat","background-position":"center center","background-size":"auto","background-attachment":"scroll","background-type":"","background-media":"","overlay-type":"","overlay-color":"","overlay-opacity":"","overlay-gradient":""}},"ast-content-background-meta":{"desktop":{"background-color":"var(--ast-global-color-5)","background-image":"","background-repeat":"repeat","background-position":"center center","background-size":"auto","background-attachment":"scroll","background-type":"","background-media":"","overlay-type":"","overlay-color":"","overlay-opacity":"","overlay-gradient":""},"tablet":{"background-color":"var(--ast-global-color-5)","background-image":"","background-repeat":"repeat","background-position":"center center","background-size":"auto","background-attachment":"scroll","background-type":"","background-media":"","overlay-type":"","overlay-color":"","overlay-opacity":"","overlay-gradient":""},"mobile":{"background-color":"var(--ast-global-color-5)","background-image":"","background-repeat":"repeat","background-position":"center center","background-size":"auto","background-attachment":"scroll","background-type":"","background-media":"","overlay-type":"","overlay-color":"","overlay-opacity":"","overlay-gradient":""}},"_vp_format_video_url":"","_vp_image_focal_point":[],"footnotes":""},"class_list":["post-11184","page","type-page","status-publish","hentry"],"uagb_featured_image_src":{"full":false,"thumbnail":false,"medium":false,"medium_large":false,"large":false,"1536x1536":false,"2048x2048":false,"vp_sm":false,"vp_md":false,"vp_lg":false,"vp_xl":false,"vp_sm_popup":false,"vp_md_popup":false,"vp_xl_popup":false},"uagb_author_info":{"display_name":"clara","author_link":"https:\/\/icoprevencio.cat\/uct\/author\/clara\/"},"uagb_comment_info":0,"uagb_excerpt":null,"_links":{"self":[{"href":"https:\/\/icoprevencio.cat\/uct\/wp-json\/wp\/v2\/pages\/11184","targetHints":{"allow":["GET"]}}],"collection":[{"href":"https:\/\/icoprevencio.cat\/uct\/wp-json\/wp\/v2\/pages"}],"about":[{"href":"https:\/\/icoprevencio.cat\/uct\/wp-json\/wp\/v2\/types\/page"}],"author":[{"embeddable":true,"href":"https:\/\/icoprevencio.cat\/uct\/wp-json\/wp\/v2\/users\/28"}],"replies":[{"embeddable":true,"href":"https:\/\/icoprevencio.cat\/uct\/wp-json\/wp\/v2\/comments?post=11184"}],"version-history":[{"count":10,"href":"https:\/\/icoprevencio.cat\/uct\/wp-json\/wp\/v2\/pages\/11184\/revisions"}],"predecessor-version":[{"id":14627,"href":"https:\/\/icoprevencio.cat\/uct\/wp-json\/wp\/v2\/pages\/11184\/revisions\/14627"}],"wp:attachment":[{"href":"https:\/\/icoprevencio.cat\/uct\/wp-json\/wp\/v2\/media?parent=11184"}],"curies":[{"name":"wp","href":"https:\/\/api.w.org\/{rel}","templated":true}]}}