{"id":11656,"date":"2024-12-16T12:53:50","date_gmt":"2024-12-16T11:53:50","guid":{"rendered":"https:\/\/icoprevencio.cat\/uct\/?page_id=11656"},"modified":"2025-07-15T13:16:27","modified_gmt":"2025-07-15T12:16:27","slug":"peachd","status":"publish","type":"page","link":"https:\/\/icoprevencio.cat\/uct\/peachd\/","title":{"rendered":"PEACHD"},"content":{"rendered":"\n<div class=\"wp-block-uagb-container uagb-block-709c37ea alignfull uagb-is-root-container\"><div class=\"uagb-container-inner-blocks-wrap\">\n<div class=\"wp-block-uagb-info-box uagb-block-353171f0 uagb-infobox__content-wrap  uagb-infobox-icon-above-title uagb-infobox-image-valign-top wp-block-uagb-info-box--has-margin\"><div class=\"uagb-infobox-margin-wrapper\"><div class=\"uagb-ifb-content\"><div class=\"uagb-ifb-title-wrap\"><h2 class=\"uagb-ifb-title\"><strong>Projectes en curs<\/strong><\/h2><\/div><\/div><\/div><\/div>\n<\/div><\/div>\n\n\n\n<div style=\"height:60px\" aria-hidden=\"true\" class=\"wp-block-spacer\"><\/div>\n\n\n\n<div class=\"wp-block-uagb-image uagb-block-71d5725e wp-block-uagb-image--layout-default wp-block-uagb-image--effect-static wp-block-uagb-image--align-none\"><figure class=\"wp-block-uagb-image__figure\"><img decoding=\"async\" src=\"https:\/\/icoprevencio.cat\/uct\/wp-content\/uploads\/sites\/10\/2024\/02\/Logo-PEACHD-Nuevo.png\" alt=\"\" class=\"uag-image-10546\" width=\"391\" height=\"92\" title=\"Logo PEACHD Nuevo\" loading=\"lazy\" role=\"img\" \/><\/figure><\/div>\n\n\n\n<div class=\"wp-block-uagb-info-box uagb-block-9271b190 uagb-infobox__content-wrap  uagb-infobox-icon-above-title uagb-infobox-image-valign-top wp-block-uagb-info-box--has-margin\"><div class=\"uagb-infobox-margin-wrapper\"><div class=\"uagb-ifb-content\"><div class=\"uagb-ifb-title-wrap\"><h3 class=\"uagb-ifb-title\">Prevenci\u00f3 integrada del c\u00e0ncer mitjan\u00e7ant factors de risc relacionats amb l\u2019estil de vida: adaptaci\u00f3 i posada en pr\u00e0ctica de l\u2019enfocament BRIEF de l\u2019OMS (PEACHD)<\/h3><\/div><p class=\"uagb-ifb-desc\">El c\u00e0ncer \u00e9s responsable de gaireb\u00e9 una quarta part de totes les morts anuals a la Regi\u00f3 Europea de l\u2019Organitzaci\u00f3 Mundial de la Salut (OMS). Aquesta xifra augmentar\u00e0 en m\u00e9s del 34% en 2040. A Europa,<strong> s\u2019observen desigualtats quant al c\u00e0ncer entre diferents poblacions i els grups socioecon\u00f2mics m\u00e9s desfavorits<\/strong> s\u00f3n afectats de manera desproporcionada. A m\u00e9s, la demanda d\u2019atenci\u00f3 sanit\u00e0ria est\u00e0 sobrepassant els recursos disponibles en els sistemes de salut europeus, especialment en aquells pa\u00efsos que acullen a un major nombre de refugiats. Aquest fet posa de manifest la urgent necessitat d\u2019implementar iniciatives de prevenci\u00f3 eficaces i eficients. En aquest sentit, L\u2019OMS proposa realitzar <strong>intervencions breus<\/strong> que integrin diversos factors de risc modificables perqu\u00e8 es fomentin estils de vida saludables.<\/p><\/div><\/div><\/div>\n\n\n<div class=\"wp-block-uagb-faq uagb-faq__outer-wrap uagb-block-07d58159 uagb-faq-icon-row-reverse uagb-faq-layout-accordion uagb-faq-expand-first-false uagb-faq-inactive-other-true uagb-faq__wrap uagb-buttons-layout-wrap uagb-faq-equal-height     \" data-faqtoggle=\"true\" role=\"tablist\"><div class=\"wp-block-uagb-faq-child uagb-faq-child__outer-wrap uagb-faq-item uagb-block-24e60ec9 \" role=\"tab\" tabindex=\"0\"><div class=\"uagb-faq-questions-button uagb-faq-questions\">\t\t\t<span class=\"uagb-icon uagb-faq-icon-wrap\">\n\t\t\t\t\t\t\t\t<svg xmlns=\"https:\/\/www.w3.org\/2000\/svg\" viewBox= \"0 0 448 512\"><path d=\"M432 256c0 17.69-14.33 32.01-32 32.01H256v144c0 17.69-14.33 31.99-32 31.99s-32-14.3-32-31.99v-144H48c-17.67 0-32-14.32-32-32.01s14.33-31.99 32-31.99H192v-144c0-17.69 14.33-32.01 32-32.01s32 14.32 32 32.01v144h144C417.7 224 432 238.3 432 256z\"><\/path><\/svg>\n\t\t\t\t\t\t\t<\/span>\n\t\t\t\t\t\t<span class=\"uagb-icon-active uagb-faq-icon-wrap\">\n\t\t\t\t\t\t\t<\/span>\n\t\t\t<span class=\"uagb-question\"><strong>Objectius<\/strong><\/span><\/div><div class=\"uagb-faq-content\"><p>El\u00a0<a href=\"https:\/\/peachd4health.eu\/\">projecte PEACHD<\/a>\u00a0<strong>(EU4H-2022-PJ-3)<\/strong>\u00a0t\u00e9 com a objectiu desenvolupar i avaluar una\u00a0<strong>intervenci\u00f3 breu<\/strong>\u00a0integrada de detecci\u00f3 i assessorament dels principals factors modificables de risc de malalties cr\u00f2niques (tabaquisme, alcohol, inactivitat f\u00edsica, dieta poc saludable, obesitat i exposici\u00f3 al sol) basada en el model BRIEF de l\u2019OMS, la qual ser\u00e0 oferta i avaluada en diversos pa\u00efsos d\u2019Europa.\u00a0\u00a0<br><br>Els objectius espec\u00edfics de PEACHD s\u00f3n:\u00a0\u00a0<br><br>&#8211; Desenvolupar un\u00a0<strong>programa presencial<\/strong>\u00a0i una\u00a0<strong>eina digital<\/strong>\u00a0per a realitzar la intervenci\u00f3 breu integrada de diversos factors de risc modificables.\u00a0\u00a0<br>&#8211; Oferir formaci\u00f3 sobre la intervenci\u00f3 breu integrada a professionals sanitaris, principalment de l\u2019atenci\u00f3 prim\u00e0ria i comunit\u00e0ria.\u00a0\u00a0<br>&#8211; Oferir i avaluar la intervenci\u00f3 integrada a\u00a0<strong>31.000 persones<\/strong>\u00a0de la poblaci\u00f3 general, tenint en compte el nivell socioecon\u00f2mic i els eixos de desigualtat de les poblacions, especialment si es tracta de poblaci\u00f3 immigrant o exiliada.\u00a0<br><\/p><\/div><\/div><div class=\"wp-block-uagb-faq-child uagb-faq-child__outer-wrap uagb-faq-item uagb-block-7502faf6 \" role=\"tab\" tabindex=\"0\"><div class=\"uagb-faq-questions-button uagb-faq-questions\">\t\t\t<span class=\"uagb-icon uagb-faq-icon-wrap\">\n\t\t\t\t\t\t\t\t<svg xmlns=\"https:\/\/www.w3.org\/2000\/svg\" viewBox= \"0 0 448 512\"><path d=\"M432 256c0 17.69-14.33 32.01-32 32.01H256v144c0 17.69-14.33 31.99-32 31.99s-32-14.3-32-31.99v-144H48c-17.67 0-32-14.32-32-32.01s14.33-31.99 32-31.99H192v-144c0-17.69 14.33-32.01 32-32.01s32 14.32 32 32.01v144h144C417.7 224 432 238.3 432 256z\"><\/path><\/svg>\n\t\t\t\t\t\t\t<\/span>\n\t\t\t\t\t\t<span class=\"uagb-icon-active uagb-faq-icon-wrap\">\n\t\t\t\t\t\t\t<\/span>\n\t\t\t<span class=\"uagb-question\"><strong>M\u00e8todes<\/strong><\/span><\/div><div class=\"uagb-faq-content\"><p>PEACHD \u00e9s un projecte emmarcat en la\u00a0<strong>Ci\u00e8ncia de la Implementaci\u00f3<\/strong>\u00a0en el qual s\u2019adaptar\u00e0, posar\u00e0 en pr\u00e0ctica i avaluar\u00e0 l\u2019enfocament BRIEF de l\u2019OMS-UE en diferents contextos europeus, centrant-se especialment en el suport a les poblacions despla\u00e7ades d\u2019Ucra\u00efna i als grups socioecon\u00f2mics m\u00e9s baixos per a abordar les desigualtats en salut.\u00a0\u00a0<br>\u00a0L\u2019acci\u00f3 utilitzar\u00e0 un proc\u00e9s participatiu per a alinear-se amb els objectius de l\u2019Acci\u00f3 Conjunta de la UE sobre el c\u00e0ncer i altres malalties no transmissibles i per a definir, co-crear i adaptar les eines d\u2019intervenci\u00f3.\u00a0\u00a0<br>\u00a0Aquestes eines es posaran a prova per a determinar la seva viabilitat en tres Estats membres de la UE:\u00a0<strong>Pol\u00f2nia<\/strong>,\u00a0<strong>Rep\u00fablica Txeca<\/strong>\u00a0i\u00a0<strong>Espanya<\/strong>\u00a0(Catalunya). Es prestar\u00e0 especial atenci\u00f3 a dos grups vulnerables: immigrants i persones despla\u00e7ades (particularment refugiats ucra\u00efnesos) i poblacions de baix nivell socioecon\u00f2mic.\u00a0<\/p><\/div><\/div><div class=\"wp-block-uagb-faq-child uagb-faq-child__outer-wrap uagb-faq-item uagb-block-076be222 \" role=\"tab\" tabindex=\"0\"><div class=\"uagb-faq-questions-button uagb-faq-questions\">\t\t\t<span class=\"uagb-icon uagb-faq-icon-wrap\">\n\t\t\t\t\t\t\t\t<svg xmlns=\"https:\/\/www.w3.org\/2000\/svg\" viewBox= \"0 0 448 512\"><path d=\"M432 256c0 17.69-14.33 32.01-32 32.01H256v144c0 17.69-14.33 31.99-32 31.99s-32-14.3-32-31.99v-144H48c-17.67 0-32-14.32-32-32.01s14.33-31.99 32-31.99H192v-144c0-17.69 14.33-32.01 32-32.01s32 14.32 32 32.01v144h144C417.7 224 432 238.3 432 256z\"><\/path><\/svg>\n\t\t\t\t\t\t\t<\/span>\n\t\t\t\t\t\t<span class=\"uagb-icon-active uagb-faq-icon-wrap\">\n\t\t\t\t\t\t\t<\/span>\n\t\t\t<span class=\"uagb-question\"><strong>Duraci\u00f3<\/strong><\/span><\/div><div class=\"uagb-faq-content\"><p>3 anys (febrer de 2024 \u2013 febrer de 2027)\u00a0<\/p><\/div><\/div><div class=\"wp-block-uagb-faq-child uagb-faq-child__outer-wrap uagb-faq-item uagb-block-f17a63bd \" role=\"tab\" tabindex=\"0\"><div class=\"uagb-faq-questions-button uagb-faq-questions\">\t\t\t<span class=\"uagb-icon uagb-faq-icon-wrap\">\n\t\t\t\t\t\t\t\t<svg xmlns=\"https:\/\/www.w3.org\/2000\/svg\" viewBox= \"0 0 448 512\"><path d=\"M432 256c0 17.69-14.33 32.01-32 32.01H256v144c0 17.69-14.33 31.99-32 31.99s-32-14.3-32-31.99v-144H48c-17.67 0-32-14.32-32-32.01s14.33-31.99 32-31.99H192v-144c0-17.69 14.33-32.01 32-32.01s32 14.32 32 32.01v144h144C417.7 224 432 238.3 432 256z\"><\/path><\/svg>\n\t\t\t\t\t\t\t<\/span>\n\t\t\t\t\t\t<span class=\"uagb-icon-active uagb-faq-icon-wrap\">\n\t\t\t\t\t\t\t<\/span>\n\t\t\t<span class=\"uagb-question\"><strong>Finan\u00e7ament<\/strong><\/span><\/div><div class=\"uagb-faq-content\"><p>1.249.999,68 euros\u00a0<\/p><\/div><\/div><div class=\"wp-block-uagb-faq-child uagb-faq-child__outer-wrap uagb-faq-item uagb-block-8b0e255c \" role=\"tab\" tabindex=\"0\"><div class=\"uagb-faq-questions-button uagb-faq-questions\">\t\t\t<span class=\"uagb-icon uagb-faq-icon-wrap\">\n\t\t\t\t\t\t\t\t<svg xmlns=\"https:\/\/www.w3.org\/2000\/svg\" viewBox= \"0 0 448 512\"><path d=\"M432 256c0 17.69-14.33 32.01-32 32.01H256v144c0 17.69-14.33 31.99-32 31.99s-32-14.3-32-31.99v-144H48c-17.67 0-32-14.32-32-32.01s14.33-31.99 32-31.99H192v-144c0-17.69 14.33-32.01 32-32.01s32 14.32 32 32.01v144h144C417.7 224 432 238.3 432 256z\"><\/path><\/svg>\n\t\t\t\t\t\t\t<\/span>\n\t\t\t\t\t\t<span class=\"uagb-icon-active uagb-faq-icon-wrap\">\n\t\t\t\t\t\t\t<\/span>\n\t\t\t<span class=\"uagb-question\"><strong>Coordinaci\u00f3<\/strong><\/span><\/div><div class=\"uagb-faq-content\"><p>Fundaci\u00f3 de Recerca Cl\u00ednic Barcelona- Institut d\u2019Investigacions Biomediques August Pi i Sunyer (FRCB-IDIBAPS \u2013 Spain)\u00a0<\/p><\/div><\/div><div class=\"wp-block-uagb-faq-child uagb-faq-child__outer-wrap uagb-faq-item uagb-block-da622fa5 \" role=\"tab\" tabindex=\"0\"><div class=\"uagb-faq-questions-button uagb-faq-questions\">\t\t\t<span class=\"uagb-icon uagb-faq-icon-wrap\">\n\t\t\t\t\t\t\t\t<svg xmlns=\"https:\/\/www.w3.org\/2000\/svg\" viewBox= \"0 0 448 512\"><path d=\"M432 256c0 17.69-14.33 32.01-32 32.01H256v144c0 17.69-14.33 31.99-32 31.99s-32-14.3-32-31.99v-144H48c-17.67 0-32-14.32-32-32.01s14.33-31.99 32-31.99H192v-144c0-17.69 14.33-32.01 32-32.01s32 14.32 32 32.01v144h144C417.7 224 432 238.3 432 256z\"><\/path><\/svg>\n\t\t\t\t\t\t\t<\/span>\n\t\t\t\t\t\t<span class=\"uagb-icon-active uagb-faq-icon-wrap\">\n\t\t\t\t\t\t\t<\/span>\n\t\t\t<span class=\"uagb-question\"><strong>Socis del projecte i investigador principal<\/strong><\/span><\/div><div class=\"uagb-faq-content\"><p>Fundaci\u00f3 de Recerca Cl\u00ednic Barcelona- Institut d\u2019Investigacions Biomediques August Pi i Sunyer (FRCB-IDIBAPS \u2013 Spain)\u00a0 \u00a0<br>Hospital Cl\u00ednic de Barcelona (HCB \u2013 Spain) \u00a0<br>Institut Catal\u00e0 d\u2019Oncologia (ICO \u2013 Spain)\u00a0\u00a0<br>Fundaci\u00f3 Institut d\u2019Investigaci\u00f3 Biom\u00e8dica de Bellvitge (IDIBELL \u2013 Spain)\u00a0\u00a0<br>Warszawski Uniwersytet Medyczny (MUW \u2013 Poland)\u00a0\u00a0<br>Univerzita Karlova (CUNI \u2013 Czechia)\u00a0\u00a0<br>Departament de Salut \u2013 Generalitat de Catalunya (GENCAT \u2013 Spain)\u00a0\u00a0<br>Servico de Intervencao nos Comportamentos Aditivos e nas Dependencias (SICAD \u2013 Portugal)\u00a0<br><br>Investigador principal: \u00a0Hugo L\u00f3pez (Hospital Cl\u00ednic)\u00a0<\/p><\/div><\/div><div class=\"wp-block-uagb-faq-child uagb-faq-child__outer-wrap uagb-faq-item uagb-block-43ba4076 \" role=\"tab\" tabindex=\"0\"><div class=\"uagb-faq-questions-button uagb-faq-questions\">\t\t\t<span class=\"uagb-icon uagb-faq-icon-wrap\">\n\t\t\t\t\t\t\t\t<svg xmlns=\"https:\/\/www.w3.org\/2000\/svg\" viewBox= \"0 0 448 512\"><path d=\"M432 256c0 17.69-14.33 32.01-32 32.01H256v144c0 17.69-14.33 31.99-32 31.99s-32-14.3-32-31.99v-144H48c-17.67 0-32-14.32-32-32.01s14.33-31.99 32-31.99H192v-144c0-17.69 14.33-32.01 32-32.01s32 14.32 32 32.01v144h144C417.7 224 432 238.3 432 256z\"><\/path><\/svg>\n\t\t\t\t\t\t\t<\/span>\n\t\t\t\t\t\t<span class=\"uagb-icon-active uagb-faq-icon-wrap\">\n\t\t\t\t\t\t\t<\/span>\n\t\t\t<span class=\"uagb-question\"><strong>Equip d\u2019Investigaci\u00f3 UCT<\/strong><\/span><\/div><div class=\"uagb-faq-content\"><p>Dra. Cristina Mart\u00ednez (IP: WP3)<br>Laura Perdiguero (Project manager)<br>Olena Tigova<br>Montse Ballb\u00e8<\/p><\/div><\/div><div class=\"wp-block-uagb-faq-child uagb-faq-child__outer-wrap uagb-faq-item uagb-block-faa63e9c \" role=\"tab\" tabindex=\"0\"><div class=\"uagb-faq-questions-button uagb-faq-questions\">\t\t\t<span class=\"uagb-icon uagb-faq-icon-wrap\">\n\t\t\t\t\t\t\t\t<svg xmlns=\"https:\/\/www.w3.org\/2000\/svg\" viewBox= \"0 0 448 512\"><path d=\"M432 256c0 17.69-14.33 32.01-32 32.01H256v144c0 17.69-14.33 31.99-32 31.99s-32-14.3-32-31.99v-144H48c-17.67 0-32-14.32-32-32.01s14.33-31.99 32-31.99H192v-144c0-17.69 14.33-32.01 32-32.01s32 14.32 32 32.01v144h144C417.7 224 432 238.3 432 256z\"><\/path><\/svg>\n\t\t\t\t\t\t\t<\/span>\n\t\t\t\t\t\t<span class=\"uagb-icon-active uagb-faq-icon-wrap\">\n\t\t\t\t\t\t\t<\/span>\n\t\t\t<span class=\"uagb-question\"><strong>Publicacions cient\u00edfiques<\/strong><\/span><\/div><div class=\"uagb-faq-content\"><p>Encara no hi han publicacions&#8230;<br><\/p><\/div><\/div><\/div>\n\n\n<div class=\"wp-block-media-text is-stacked-on-mobile\" style=\"grid-template-columns:21% auto\"><figure class=\"wp-block-media-text__media\"><img loading=\"lazy\" decoding=\"async\" width=\"640\" height=\"134\" src=\"https:\/\/icoprevencio.cat\/uct\/wp-content\/uploads\/sites\/10\/2025\/07\/image.jpeg\" alt=\"\" class=\"wp-image-13390 size-full\" srcset=\"https:\/\/icoprevencio.cat\/uct\/wp-content\/uploads\/sites\/10\/2025\/07\/image.jpeg 640w, https:\/\/icoprevencio.cat\/uct\/wp-content\/uploads\/sites\/10\/2025\/07\/image-300x63.jpeg 300w, https:\/\/icoprevencio.cat\/uct\/wp-content\/uploads\/sites\/10\/2025\/07\/image-500x105.jpeg 500w\" sizes=\"auto, (max-width: 640px) 100vw, 640px\" \/><\/figure><div class=\"wp-block-media-text__content\">\n<p class=\"has-small-font-size\">This work is produced under the PEACHD contract (Piloting European Action on Cancer Health Determinants, Grant Agreement No. 101129260, <a href=\"http:\/\/www.peachd4health.eu\/\" target=\"_blank\" rel=\"noreferrer noopener\">www.peachd4health.eu<\/a>) with the Health and Digital Executive Agency (HaDEA) of the European Commission. The information and any opinion set out in this material reflects the views only of the authors, and the Commission cannot be held responsible for any use which may be made of the information contained therein.&nbsp;<\/p>\n<\/div><\/div>\n\n\n\n<div style=\"height:131px\" aria-hidden=\"true\" class=\"wp-block-spacer\"><\/div>\n\n\n\n<p><\/p>\n","protected":false},"excerpt":{"rendered":"<p>This work is produced under the PEACHD contract (Piloting European Action on Cancer Health Determinants, Grant Agreement No. 101129260, www.peachd4health.eu) with the Health and Digital Executive Agency (HaDEA) of the European Commission. The information and any opinion set out in this material reflects the views only of the authors, and the Commission cannot be held [&hellip;]<\/p>\n","protected":false},"author":28,"featured_media":0,"parent":0,"menu_order":0,"comment_status":"closed","ping_status":"closed","template":"","meta":{"_uag_custom_page_level_css":"","site-sidebar-layout":"default","site-content-layout":"","ast-site-content-layout":"default","site-content-style":"default","site-sidebar-style":"default","ast-global-header-display":"","ast-banner-title-visibility":"","ast-main-header-display":"","ast-hfb-above-header-display":"","ast-hfb-below-header-display":"","ast-hfb-mobile-header-display":"","site-post-title":"disabled","ast-breadcrumbs-content":"","ast-featured-img":"","footer-sml-layout":"","ast-disable-related-posts":"","theme-transparent-header-meta":"","adv-header-id-meta":"","stick-header-meta":"","header-above-stick-meta":"","header-main-stick-meta":"","header-below-stick-meta":"","astra-migrate-meta-layouts":"set","ast-page-background-enabled":"default","ast-page-background-meta":{"desktop":{"background-color":"var(--ast-global-color-4)","background-image":"","background-repeat":"repeat","background-position":"center center","background-size":"auto","background-attachment":"scroll","background-type":"","background-media":"","overlay-type":"","overlay-color":"","overlay-opacity":"","overlay-gradient":""},"tablet":{"background-color":"","background-image":"","background-repeat":"repeat","background-position":"center center","background-size":"auto","background-attachment":"scroll","background-type":"","background-media":"","overlay-type":"","overlay-color":"","overlay-opacity":"","overlay-gradient":""},"mobile":{"background-color":"","background-image":"","background-repeat":"repeat","background-position":"center center","background-size":"auto","background-attachment":"scroll","background-type":"","background-media":"","overlay-type":"","overlay-color":"","overlay-opacity":"","overlay-gradient":""}},"ast-content-background-meta":{"desktop":{"background-color":"var(--ast-global-color-5)","background-image":"","background-repeat":"repeat","background-position":"center center","background-size":"auto","background-attachment":"scroll","background-type":"","background-media":"","overlay-type":"","overlay-color":"","overlay-opacity":"","overlay-gradient":""},"tablet":{"background-color":"var(--ast-global-color-5)","background-image":"","background-repeat":"repeat","background-position":"center center","background-size":"auto","background-attachment":"scroll","background-type":"","background-media":"","overlay-type":"","overlay-color":"","overlay-opacity":"","overlay-gradient":""},"mobile":{"background-color":"var(--ast-global-color-5)","background-image":"","background-repeat":"repeat","background-position":"center center","background-size":"auto","background-attachment":"scroll","background-type":"","background-media":"","overlay-type":"","overlay-color":"","overlay-opacity":"","overlay-gradient":""}},"_vp_format_video_url":"","_vp_image_focal_point":[],"footnotes":""},"class_list":["post-11656","page","type-page","status-publish","hentry"],"uagb_featured_image_src":{"full":false,"thumbnail":false,"medium":false,"medium_large":false,"large":false,"1536x1536":false,"2048x2048":false,"vp_sm":false,"vp_md":false,"vp_lg":false,"vp_xl":false,"vp_sm_popup":false,"vp_md_popup":false,"vp_xl_popup":false},"uagb_author_info":{"display_name":"clara","author_link":"https:\/\/icoprevencio.cat\/uct\/author\/clara\/"},"uagb_comment_info":0,"uagb_excerpt":"This work is produced under the PEACHD contract (Piloting European Action on Cancer Health Determinants, Grant Agreement No. 101129260, www.peachd4health.eu) with the Health and Digital Executive Agency (HaDEA) of the European Commission. The information and any opinion set out in this material reflects the views only of the authors, and the Commission cannot be held&hellip;","_links":{"self":[{"href":"https:\/\/icoprevencio.cat\/uct\/wp-json\/wp\/v2\/pages\/11656","targetHints":{"allow":["GET"]}}],"collection":[{"href":"https:\/\/icoprevencio.cat\/uct\/wp-json\/wp\/v2\/pages"}],"about":[{"href":"https:\/\/icoprevencio.cat\/uct\/wp-json\/wp\/v2\/types\/page"}],"author":[{"embeddable":true,"href":"https:\/\/icoprevencio.cat\/uct\/wp-json\/wp\/v2\/users\/28"}],"replies":[{"embeddable":true,"href":"https:\/\/icoprevencio.cat\/uct\/wp-json\/wp\/v2\/comments?post=11656"}],"version-history":[{"count":21,"href":"https:\/\/icoprevencio.cat\/uct\/wp-json\/wp\/v2\/pages\/11656\/revisions"}],"predecessor-version":[{"id":15284,"href":"https:\/\/icoprevencio.cat\/uct\/wp-json\/wp\/v2\/pages\/11656\/revisions\/15284"}],"wp:attachment":[{"href":"https:\/\/icoprevencio.cat\/uct\/wp-json\/wp\/v2\/media?parent=11656"}],"curies":[{"name":"wp","href":"https:\/\/api.w.org\/{rel}","templated":true}]}}