{"id":11734,"date":"2024-12-17T14:19:46","date_gmt":"2024-12-17T13:19:46","guid":{"rendered":"https:\/\/icoprevencio.cat\/uct\/?page_id=11734"},"modified":"2025-07-15T13:25:35","modified_gmt":"2025-07-15T12:25:35","slug":"llars-sense-fum","status":"publish","type":"page","link":"https:\/\/icoprevencio.cat\/uct\/llars-sense-fum\/","title":{"rendered":"LLARS SENSE FUM"},"content":{"rendered":"\n<div class=\"wp-block-uagb-container uagb-block-709c37ea alignfull uagb-is-root-container\"><div class=\"uagb-container-inner-blocks-wrap\">\n<div class=\"wp-block-uagb-info-box uagb-block-353171f0 uagb-infobox__content-wrap  uagb-infobox-icon-above-title uagb-infobox-image-valign-top wp-block-uagb-info-box--has-margin\"><div class=\"uagb-infobox-margin-wrapper\"><div class=\"uagb-ifb-content\"><div class=\"uagb-ifb-title-wrap\"><h2 class=\"uagb-ifb-title\"><strong>Projectes en curs<\/strong><\/h2><\/div><\/div><\/div><\/div>\n<\/div><\/div>\n\n\n\n<div style=\"height:60px\" aria-hidden=\"true\" class=\"wp-block-spacer\"><\/div>\n\n\n\n<div class=\"wp-block-uagb-image uagb-block-71d5725e wp-block-uagb-image--layout-default wp-block-uagb-image--effect-static wp-block-uagb-image--align-none\"><figure class=\"wp-block-uagb-image__figure\"><img decoding=\"async\" src=\"https:\/\/icoprevencio.cat\/uct\/wp-content\/uploads\/sites\/10\/2025\/03\/LSF_Positiu.png\" alt=\"\" class=\"uag-image-12402\" width=\"376\" height=\"206\" title=\"LSF_Positiu\" loading=\"lazy\" role=\"img\" \/><\/figure><\/div>\n\n\n\n<div class=\"wp-block-uagb-info-box uagb-block-9271b190 uagb-infobox__content-wrap  uagb-infobox-icon-above-title uagb-infobox-image-valign-top wp-block-uagb-info-box--has-margin\"><div class=\"uagb-infobox-margin-wrapper\"><div class=\"uagb-ifb-content\"><div class=\"uagb-ifb-title-wrap\"><h3 class=\"uagb-ifb-title\">Efectivitat d\u2019una intervenci\u00f3 basada en l\u2019evid\u00e8ncia per promoure llars sense fum de tabac: assaig controlat aleatoritzat.<\/h3><\/div><p class=\"uagb-ifb-desc\">El fum ambiental de tabac (FAT) \u00e9s una barreja de fum exhalat per un fumador i fum de l\u2019extrem enc\u00e8s d\u2019una cigarreta.<strong> L\u2019exposici\u00f3 al FAT \u00e9s un problema de salut p\u00fablica important perqu\u00e8 causa diverses malalties potencialment mortals<\/strong>, com s\u00f3n, el c\u00e0ncer de pulm\u00f3, l\u2019accident vascular cerebral (AVC), la malaltia pulmonar obstructiva cr\u00f2nica (MPOC) i la cardiopatia isqu\u00e8mica en adults. A m\u00e9s, els nens i les nenes exposades al FAT tenen m\u00e9s risc de patir la s\u00edndrome de mort sobtada del lactant (SMSL), infeccions respirat\u00f2ries agudes, otitis mitjana i asma greu. Si b\u00e9 el tabaquisme i l\u2019exposici\u00f3 al fum ambiental del tabac a la majoria dels llocs p\u00fablics s\u2019ha redu\u00eft gr\u00e0cies a les regulacions lliures de fum, l\u2019exposici\u00f3 al FAT en llocs privats, com son les llars, continua essent freq\u00fcent i representa un important repte de salut p\u00fablica.<br><br>Actualment, a Espanya, es permet fumar dins de la llar, cosa que resulta en un percentatge molt alt de fumadors que ho fan dins de la seva llar i en una<strong> alta c\u00e0rrega d\u2019exposici\u00f3 al FAT tant pels adults com pels infants<\/strong>. A m\u00e9s, aquesta situaci\u00f3 s\u2019ha vist agreujada amb les mesures de restricci\u00f3 de la COVID-19. A Espanya, no s\u2019ofereix suport integral i sistem\u00e0tic a nivell nacional o local a les persones que volen crear llars lliures de fum, que representa una mancan\u00e7a significativa per part dels serveis de prevenci\u00f3 de la salut. Per tant, hi ha una necessitat important d\u2019introduir les intervencions eficaces i oferir-les a la poblaci\u00f3 espanyola.<br><br><strong><a href=\"https:\/\/forms.office.com\/Pages\/ResponsePage.aspx?id=3CeUOw7TvEOMBv9yU2dv7IIvBBHL2gRHoW9XHFMItKNUQzZUTVFLTEg2SDVINjFWQTJMN0Q1MkpKRC4u\">Si sou representants de l&#8217;Associaci\u00f3 de Fam\u00edlies d&#8217;Alumnes (AFA) a Catalunya i us interessa apuntar-vos al projecte, si us plau, ompliu aquest breu formulari.<\/a><\/strong><\/p><\/div><\/div><\/div>\n\n\n<div class=\"wp-block-uagb-faq uagb-faq__outer-wrap uagb-block-07d58159 uagb-faq-icon-row-reverse uagb-faq-layout-accordion uagb-faq-expand-first-false uagb-faq-inactive-other-true uagb-faq__wrap uagb-buttons-layout-wrap uagb-faq-equal-height     \" data-faqtoggle=\"true\" role=\"tablist\"><div class=\"wp-block-uagb-faq-child uagb-faq-child__outer-wrap uagb-faq-item uagb-block-24e60ec9 \" role=\"tab\" tabindex=\"0\"><div class=\"uagb-faq-questions-button uagb-faq-questions\">\t\t\t<span class=\"uagb-icon uagb-faq-icon-wrap\">\n\t\t\t\t\t\t\t\t<svg xmlns=\"https:\/\/www.w3.org\/2000\/svg\" viewBox= \"0 0 448 512\"><path d=\"M432 256c0 17.69-14.33 32.01-32 32.01H256v144c0 17.69-14.33 31.99-32 31.99s-32-14.3-32-31.99v-144H48c-17.67 0-32-14.32-32-32.01s14.33-31.99 32-31.99H192v-144c0-17.69 14.33-32.01 32-32.01s32 14.32 32 32.01v144h144C417.7 224 432 238.3 432 256z\"><\/path><\/svg>\n\t\t\t\t\t\t\t<\/span>\n\t\t\t\t\t\t<span class=\"uagb-icon-active uagb-faq-icon-wrap\">\n\t\t\t\t\t\t\t<\/span>\n\t\t\t<span class=\"uagb-question\"><strong>Objectius<\/strong><\/span><\/div><div class=\"uagb-faq-content\"><p>L\u2019objectiu principal del projecte \u00e9s avaluar l\u2019efectivitat d\u2019una intervenci\u00f3 basada en l\u2019evid\u00e8ncia per tal de crear llars lliures de fum en llars amb nens i nenes.<br><br>Els objectius espec\u00edfics s\u00f3n:<br><br>1. Adaptar i provar la viabilitat d\u2019una intervenci\u00f3 basada en l\u2019evid\u00e8ncia per tal de promoure llars lliures de fum del tabac en el context espanyol entre llars amb nens i nenes.<br>2. Avaluar l\u2019efectivitat a mitj\u00e0 termini (als 3 i als 6 mesos despr\u00e9s de l\u2019inici) de la intervenci\u00f3 en termes de prohibicions totals de fumar i d\u2019una disminuci\u00f3 de l\u2019exposici\u00f3 al FAT a les llars amb nens i nenes.<br>3. Caracteritzar els factors socioecon\u00f2mics tant individuals com de context que impacten en l\u2019efectivitat de la intervenci\u00f3.<br>4. Determinar l\u2019efectivitat de la intervenci\u00f3 considerant els moderadors demogr\u00e0fics i els factors relacionats amb el tabaquisme.<br>5. Analitzar la implementaci\u00f3 de la intervenci\u00f3 en termes d\u2019adopci\u00f3, abast, fidelitat i altres indicadors d\u2019implementaci\u00f3.<br><\/p><\/div><\/div><div class=\"wp-block-uagb-faq-child uagb-faq-child__outer-wrap uagb-faq-item uagb-block-7502faf6 \" role=\"tab\" tabindex=\"0\"><div class=\"uagb-faq-questions-button uagb-faq-questions\">\t\t\t<span class=\"uagb-icon uagb-faq-icon-wrap\">\n\t\t\t\t\t\t\t\t<svg xmlns=\"https:\/\/www.w3.org\/2000\/svg\" viewBox= \"0 0 448 512\"><path d=\"M432 256c0 17.69-14.33 32.01-32 32.01H256v144c0 17.69-14.33 31.99-32 31.99s-32-14.3-32-31.99v-144H48c-17.67 0-32-14.32-32-32.01s14.33-31.99 32-31.99H192v-144c0-17.69 14.33-32.01 32-32.01s32 14.32 32 32.01v144h144C417.7 224 432 238.3 432 256z\"><\/path><\/svg>\n\t\t\t\t\t\t\t<\/span>\n\t\t\t\t\t\t<span class=\"uagb-icon-active uagb-faq-icon-wrap\">\n\t\t\t\t\t\t\t<\/span>\n\t\t\t<span class=\"uagb-question\"><strong>M\u00e8todes<\/strong><\/span><\/div><div class=\"uagb-faq-content\"><p>Realitzarem un assaig controlat aleatoritzat (estudi h\u00edbrid tipus 2). La poblaci\u00f3 diana d\u2019aquesta intervenci\u00f3 s\u00f3n les fam\u00edlies amb nens i nenes (\u226412 anys) i almenys un fumador que permetin fumar a la llar i que resideixin a l\u2019\u00c0rea Metropolitana de Barcelona. Els participants a l\u2019assaig seran assignats aleat\u00f2riament al grup intervenci\u00f3 (GI, 201 fam\u00edlies) i al grup control (GC, 201 fam\u00edlies). Reclutarem els participants partint de les associacions de fam\u00edlies d\u2019alumnes d\u2019escoles prim\u00e0ries de l\u2019\u00c0rea Metropolitana de Barcelona. La intervenci\u00f3 que avaluarem va estar desenvolupada per l\u2019equip del Projecte \u201cSmoke-Free Homes\u201d de la Escola de Salut Publica de Rollins, Universitat d\u2019Emory. La intervenci\u00f3 est\u00e0 organitzada en 5 passos (Decidir; Parlar; Triar una data; Adoptar el canvi; i Seguir aix\u00ed) i es realitza durant 6 setmanes en intervals de 2 setmanes (primer enviament dels materials, trucada d\u2019assessoria i dos enviaments m\u00e9s). La intervenci\u00f3 es lliurar\u00e0 \u00fanicament al GI. Els participants del GC rebran un breu consell (tr\u00edptic) sobre llars lliures de fum. Tots els participants proporcionaran el consentiment informat abans de l\u2019aleatoritzaci\u00f3. Les dades sobre l\u2019efectivitat de la intervenci\u00f3 i la implementaci\u00f3 es recopilaran al comen\u00e7ament, als 3 mesos i als 6 despr\u00e9s del lliurament de la intervenci\u00f3. El resultat primari de l\u2019efic\u00e0cia de la intervenci\u00f3 que es mesurar\u00e0 \u00e9s la prevalen\u00e7a de llars amb prohibici\u00f3 total de fumar durant els seguiments (autoreportat). Resultats secundaris: nivell d\u2019exposici\u00f3 al fum ambiental del tabac en els seguiments (nicotina a l\u2019aire i autoreportada). El proc\u00e9s d\u2019implementaci\u00f3 l\u2019avaluarem mitjan\u00e7ant el model RE-AIM.<br><\/p><\/div><\/div><div class=\"wp-block-uagb-faq-child uagb-faq-child__outer-wrap uagb-faq-item uagb-block-076be222 \" role=\"tab\" tabindex=\"0\"><div class=\"uagb-faq-questions-button uagb-faq-questions\">\t\t\t<span class=\"uagb-icon uagb-faq-icon-wrap\">\n\t\t\t\t\t\t\t\t<svg xmlns=\"https:\/\/www.w3.org\/2000\/svg\" viewBox= \"0 0 448 512\"><path d=\"M432 256c0 17.69-14.33 32.01-32 32.01H256v144c0 17.69-14.33 31.99-32 31.99s-32-14.3-32-31.99v-144H48c-17.67 0-32-14.32-32-32.01s14.33-31.99 32-31.99H192v-144c0-17.69 14.33-32.01 32-32.01s32 14.32 32 32.01v144h144C417.7 224 432 238.3 432 256z\"><\/path><\/svg>\n\t\t\t\t\t\t\t<\/span>\n\t\t\t\t\t\t<span class=\"uagb-icon-active uagb-faq-icon-wrap\">\n\t\t\t\t\t\t\t<\/span>\n\t\t\t<span class=\"uagb-question\"><strong>Duraci\u00f3<\/strong><\/span><\/div><div class=\"uagb-faq-content\"><p>Gener 2022- juny 2026<\/p><\/div><\/div><div class=\"wp-block-uagb-faq-child uagb-faq-child__outer-wrap uagb-faq-item uagb-block-f17a63bd \" role=\"tab\" tabindex=\"0\"><div class=\"uagb-faq-questions-button uagb-faq-questions\">\t\t\t<span class=\"uagb-icon uagb-faq-icon-wrap\">\n\t\t\t\t\t\t\t\t<svg xmlns=\"https:\/\/www.w3.org\/2000\/svg\" viewBox= \"0 0 448 512\"><path d=\"M432 256c0 17.69-14.33 32.01-32 32.01H256v144c0 17.69-14.33 31.99-32 31.99s-32-14.3-32-31.99v-144H48c-17.67 0-32-14.32-32-32.01s14.33-31.99 32-31.99H192v-144c0-17.69 14.33-32.01 32-32.01s32 14.32 32 32.01v144h144C417.7 224 432 238.3 432 256z\"><\/path><\/svg>\n\t\t\t\t\t\t\t<\/span>\n\t\t\t\t\t\t<span class=\"uagb-icon-active uagb-faq-icon-wrap\">\n\t\t\t\t\t\t\t<\/span>\n\t\t\t<span class=\"uagb-question\"><strong>Finan\u00e7ament<\/strong><\/span><\/div><div class=\"uagb-faq-content\"><p>Subvenci\u00f3 PI21\/00818, AES-ISCIII (114.950,00\u20ac).<\/p><\/div><\/div><div class=\"wp-block-uagb-faq-child uagb-faq-child__outer-wrap uagb-faq-item uagb-block-da622fa5 \" role=\"tab\" tabindex=\"0\"><div class=\"uagb-faq-questions-button uagb-faq-questions\">\t\t\t<span class=\"uagb-icon uagb-faq-icon-wrap\">\n\t\t\t\t\t\t\t\t<svg xmlns=\"https:\/\/www.w3.org\/2000\/svg\" viewBox= \"0 0 448 512\"><path d=\"M432 256c0 17.69-14.33 32.01-32 32.01H256v144c0 17.69-14.33 31.99-32 31.99s-32-14.3-32-31.99v-144H48c-17.67 0-32-14.32-32-32.01s14.33-31.99 32-31.99H192v-144c0-17.69 14.33-32.01 32-32.01s32 14.32 32 32.01v144h144C417.7 224 432 238.3 432 256z\"><\/path><\/svg>\n\t\t\t\t\t\t\t<\/span>\n\t\t\t\t\t\t<span class=\"uagb-icon-active uagb-faq-icon-wrap\">\n\t\t\t\t\t\t\t<\/span>\n\t\t\t<span class=\"uagb-question\"><strong>Equip investigador<\/strong><\/span><\/div><div class=\"uagb-faq-content\"><p>Esteve Fern\u00e1ndez<br>Olena Tigova<br>Isabel Barroso<br>Yolanda Castellano<br>Laura Ant\u00f3n<br>Dolors Carnicer-Pont<br>Angelina Gonz\u00e1lez (Public Health Agency of Catalonia)<br>Carmen Cab\u00e9zas (Public Health Agency of Catalonia)<br><\/p><\/div><\/div><div class=\"wp-block-uagb-faq-child uagb-faq-child__outer-wrap uagb-faq-item uagb-block-43ba4076 \" role=\"tab\" tabindex=\"0\"><div class=\"uagb-faq-questions-button uagb-faq-questions\">\t\t\t<span class=\"uagb-icon uagb-faq-icon-wrap\">\n\t\t\t\t\t\t\t\t<svg xmlns=\"https:\/\/www.w3.org\/2000\/svg\" viewBox= \"0 0 448 512\"><path d=\"M432 256c0 17.69-14.33 32.01-32 32.01H256v144c0 17.69-14.33 31.99-32 31.99s-32-14.3-32-31.99v-144H48c-17.67 0-32-14.32-32-32.01s14.33-31.99 32-31.99H192v-144c0-17.69 14.33-32.01 32-32.01s32 14.32 32 32.01v144h144C417.7 224 432 238.3 432 256z\"><\/path><\/svg>\n\t\t\t\t\t\t\t<\/span>\n\t\t\t\t\t\t<span class=\"uagb-icon-active uagb-faq-icon-wrap\">\n\t\t\t\t\t\t\t<\/span>\n\t\t\t<span class=\"uagb-question\"><strong>Investigadors col\u00b7laboradors<\/strong><\/span><\/div><div class=\"uagb-faq-content\"><p>Cristina Mart\u00ednez<br>Armando Peruga<br>Maria Jos\u00e9 L\u00f3pez (Public Health Agency of Barcelona)<br>Michelle Kegler (Emory University)<br>\u0141ucja Bundy (Emory University)<br>Shad\u00e9 Owolabi (Emory University)<br><\/p><\/div><\/div><div class=\"wp-block-uagb-faq-child uagb-faq-child__outer-wrap uagb-faq-item uagb-block-faa63e9c \" role=\"tab\" tabindex=\"0\"><div class=\"uagb-faq-questions-button uagb-faq-questions\">\t\t\t<span class=\"uagb-icon uagb-faq-icon-wrap\">\n\t\t\t\t\t\t\t\t<svg xmlns=\"https:\/\/www.w3.org\/2000\/svg\" viewBox= \"0 0 448 512\"><path d=\"M432 256c0 17.69-14.33 32.01-32 32.01H256v144c0 17.69-14.33 31.99-32 31.99s-32-14.3-32-31.99v-144H48c-17.67 0-32-14.32-32-32.01s14.33-31.99 32-31.99H192v-144c0-17.69 14.33-32.01 32-32.01s32 14.32 32 32.01v144h144C417.7 224 432 238.3 432 256z\"><\/path><\/svg>\n\t\t\t\t\t\t\t<\/span>\n\t\t\t\t\t\t<span class=\"uagb-icon-active uagb-faq-icon-wrap\">\n\t\t\t\t\t\t\t<\/span>\n\t\t\t<span class=\"uagb-question\"><strong>Publicacions cient\u00edfiques<\/strong><\/span><\/div><div class=\"uagb-faq-content\"><p>Encara no hi han publicacions&#8230;<br><\/p><\/div><\/div><\/div>\n\n\n<div style=\"height:131px\" aria-hidden=\"true\" class=\"wp-block-spacer\"><\/div>\n","protected":false},"excerpt":{"rendered":"","protected":false},"author":28,"featured_media":0,"parent":0,"menu_order":0,"comment_status":"closed","ping_status":"closed","template":"","meta":{"_uag_custom_page_level_css":"","site-sidebar-layout":"default","site-content-layout":"","ast-site-content-layout":"default","site-content-style":"default","site-sidebar-style":"default","ast-global-header-display":"","ast-banner-title-visibility":"","ast-main-header-display":"","ast-hfb-above-header-display":"","ast-hfb-below-header-display":"","ast-hfb-mobile-header-display":"","site-post-title":"disabled","ast-breadcrumbs-content":"","ast-featured-img":"","footer-sml-layout":"","ast-disable-related-posts":"","theme-transparent-header-meta":"","adv-header-id-meta":"","stick-header-meta":"","header-above-stick-meta":"","header-main-stick-meta":"","header-below-stick-meta":"","astra-migrate-meta-layouts":"set","ast-page-background-enabled":"default","ast-page-background-meta":{"desktop":{"background-color":"var(--ast-global-color-4)","background-image":"","background-repeat":"repeat","background-position":"center center","background-size":"auto","background-attachment":"scroll","background-type":"","background-media":"","overlay-type":"","overlay-color":"","overlay-opacity":"","overlay-gradient":""},"tablet":{"background-color":"","background-image":"","background-repeat":"repeat","background-position":"center center","background-size":"auto","background-attachment":"scroll","background-type":"","background-media":"","overlay-type":"","overlay-color":"","overlay-opacity":"","overlay-gradient":""},"mobile":{"background-color":"","background-image":"","background-repeat":"repeat","background-position":"center center","background-size":"auto","background-attachment":"scroll","background-type":"","background-media":"","overlay-type":"","overlay-color":"","overlay-opacity":"","overlay-gradient":""}},"ast-content-background-meta":{"desktop":{"background-color":"var(--ast-global-color-5)","background-image":"","background-repeat":"repeat","background-position":"center center","background-size":"auto","background-attachment":"scroll","background-type":"","background-media":"","overlay-type":"","overlay-color":"","overlay-opacity":"","overlay-gradient":""},"tablet":{"background-color":"var(--ast-global-color-5)","background-image":"","background-repeat":"repeat","background-position":"center center","background-size":"auto","background-attachment":"scroll","background-type":"","background-media":"","overlay-type":"","overlay-color":"","overlay-opacity":"","overlay-gradient":""},"mobile":{"background-color":"var(--ast-global-color-5)","background-image":"","background-repeat":"repeat","background-position":"center center","background-size":"auto","background-attachment":"scroll","background-type":"","background-media":"","overlay-type":"","overlay-color":"","overlay-opacity":"","overlay-gradient":""}},"_vp_format_video_url":"","_vp_image_focal_point":[],"footnotes":""},"class_list":["post-11734","page","type-page","status-publish","hentry"],"uagb_featured_image_src":{"full":false,"thumbnail":false,"medium":false,"medium_large":false,"large":false,"1536x1536":false,"2048x2048":false,"vp_sm":false,"vp_md":false,"vp_lg":false,"vp_xl":false,"vp_sm_popup":false,"vp_md_popup":false,"vp_xl_popup":false},"uagb_author_info":{"display_name":"clara","author_link":"https:\/\/icoprevencio.cat\/uct\/author\/clara\/"},"uagb_comment_info":0,"uagb_excerpt":null,"_links":{"self":[{"href":"https:\/\/icoprevencio.cat\/uct\/wp-json\/wp\/v2\/pages\/11734","targetHints":{"allow":["GET"]}}],"collection":[{"href":"https:\/\/icoprevencio.cat\/uct\/wp-json\/wp\/v2\/pages"}],"about":[{"href":"https:\/\/icoprevencio.cat\/uct\/wp-json\/wp\/v2\/types\/page"}],"author":[{"embeddable":true,"href":"https:\/\/icoprevencio.cat\/uct\/wp-json\/wp\/v2\/users\/28"}],"replies":[{"embeddable":true,"href":"https:\/\/icoprevencio.cat\/uct\/wp-json\/wp\/v2\/comments?post=11734"}],"version-history":[{"count":12,"href":"https:\/\/icoprevencio.cat\/uct\/wp-json\/wp\/v2\/pages\/11734\/revisions"}],"predecessor-version":[{"id":13051,"href":"https:\/\/icoprevencio.cat\/uct\/wp-json\/wp\/v2\/pages\/11734\/revisions\/13051"}],"wp:attachment":[{"href":"https:\/\/icoprevencio.cat\/uct\/wp-json\/wp\/v2\/media?parent=11734"}],"curies":[{"name":"wp","href":"https:\/\/api.w.org\/{rel}","templated":true}]}}