{"id":11738,"date":"2024-12-17T15:27:04","date_gmt":"2024-12-17T14:27:04","guid":{"rendered":"https:\/\/icoprevencio.cat\/uct\/?page_id=11738"},"modified":"2025-07-18T08:27:28","modified_gmt":"2025-07-18T07:27:28","slug":"jatc2","status":"publish","type":"page","link":"https:\/\/icoprevencio.cat\/uct\/jatc2\/","title":{"rendered":"JATC2"},"content":{"rendered":"\n<div class=\"wp-block-uagb-container uagb-block-709c37ea alignfull uagb-is-root-container\"><div class=\"uagb-container-inner-blocks-wrap\">\n<div class=\"wp-block-uagb-info-box uagb-block-353171f0 uagb-infobox__content-wrap  uagb-infobox-icon-above-title uagb-infobox-image-valign-top wp-block-uagb-info-box--has-margin\"><div class=\"uagb-infobox-margin-wrapper\"><div class=\"uagb-ifb-content\"><div class=\"uagb-ifb-title-wrap\"><h2 class=\"uagb-ifb-title\"><strong>Projectes en curs<\/strong><\/h2><\/div><\/div><\/div><\/div>\n<\/div><\/div>\n\n\n\n<div style=\"height:60px\" aria-hidden=\"true\" class=\"wp-block-spacer\"><\/div>\n\n\n\n<div class=\"wp-block-uagb-image uagb-block-71d5725e wp-block-uagb-image--layout-default wp-block-uagb-image--effect-static wp-block-uagb-image--align-none\"><figure class=\"wp-block-uagb-image__figure\"><img decoding=\"async\" src=\"https:\/\/icoprevencio.cat\/uct\/wp-content\/uploads\/sites\/10\/2022\/02\/Logo-JACT2.jpg\" alt=\"\" class=\"uag-image-9995\" width=\"391\" height=\"92\" title=\"Logo-JACT2\" loading=\"lazy\" role=\"img\" \/><\/figure><\/div>\n\n\n\n<div class=\"wp-block-uagb-info-box uagb-block-9271b190 uagb-infobox__content-wrap  uagb-infobox-icon-above-title uagb-infobox-image-valign-top wp-block-uagb-info-box--has-margin\"><div class=\"uagb-infobox-margin-wrapper\"><div class=\"uagb-ifb-content\"><div class=\"uagb-ifb-title-wrap\"><h3 class=\"uagb-ifb-title\">Acci\u00f3 conjunta sobre el refor\u00e7 de la cooperaci\u00f3 en el control del tabac entre els Estats Membres i la Comissi\u00f3 Europea<\/h3><\/div><p class=\"uagb-ifb-desc\">L\u2019objectiu general d\u2019aquest projecte \u00e9s donar suport a la implementaci\u00f3 de la Directiva Europea del Tabac (TPD) i a m\u00e9s a la Directiva Europea sobre Publicitat del Tabac (TAD), per promoure activitats alineades amb els objectius del Conveni Marc per a Control del Tabaquisme (CMCT) de l\u2019Organitzaci\u00f3 Mundial de la Salut (OMS). La <a href=\"https:\/\/jaotc.eu\/\">JATC1<\/a> , ha contribu\u00eft a la implementaci\u00f3 de determinades \u00e0rees de capacitat de laboratori, m\u00e8todes de prova de productes del tabac i productes relacionats, regulaci\u00f3 d\u2019ingredients i ha dut a terme acords per compartir dades contingudes al Portal d\u2019Entrada Comuna de la Uni\u00f3 Europea (EU-CEG) que permetin l\u2019an\u00e0lisi d\u2019aquestes. El programa de JATC2 es fonamenta en els resultats obtinguts a la JATC1 i afegeix nous pilars a aquest darrer.<\/p><\/div><\/div><\/div>\n\n\n<div class=\"wp-block-uagb-faq uagb-faq__outer-wrap uagb-block-07d58159 uagb-faq-icon-row-reverse uagb-faq-layout-accordion uagb-faq-expand-first-false uagb-faq-inactive-other-true uagb-faq__wrap uagb-buttons-layout-wrap uagb-faq-equal-height     \" data-faqtoggle=\"true\" role=\"tablist\"><div class=\"wp-block-uagb-faq-child uagb-faq-child__outer-wrap uagb-faq-item uagb-block-24e60ec9 \" role=\"tab\" tabindex=\"0\"><div class=\"uagb-faq-questions-button uagb-faq-questions\">\t\t\t<span class=\"uagb-icon uagb-faq-icon-wrap\">\n\t\t\t\t\t\t\t\t<svg xmlns=\"https:\/\/www.w3.org\/2000\/svg\" viewBox= \"0 0 448 512\"><path d=\"M432 256c0 17.69-14.33 32.01-32 32.01H256v144c0 17.69-14.33 31.99-32 31.99s-32-14.3-32-31.99v-144H48c-17.67 0-32-14.32-32-32.01s14.33-31.99 32-31.99H192v-144c0-17.69 14.33-32.01 32-32.01s32 14.32 32 32.01v144h144C417.7 224 432 238.3 432 256z\"><\/path><\/svg>\n\t\t\t\t\t\t\t<\/span>\n\t\t\t\t\t\t<span class=\"uagb-icon-active uagb-faq-icon-wrap\">\n\t\t\t\t\t\t\t<\/span>\n\t\t\t<span class=\"uagb-question\"><strong>Objectius<\/strong><\/span><\/div><div class=\"uagb-faq-content\"><p>&#8211; Assegurar una efectiva coordinaci\u00f3 amb especial atenci\u00f3 a les eines digitals que asseguri la sostenibilitat i la progressi\u00f3 del projecte inclusiu en un m\u00f3n en crisi tal com \u00e9s la situaci\u00f3 actual de pand\u00e8mia.<br><br>&#8211; Donar suport a la disseminaci\u00f3 de la informaci\u00f3 al p\u00fablic, reguladors i investigadors.<br><br>&#8211; Integrar els resultats en les pol\u00edtiques nacionals i assegurar que els resultats del projecte s\u00f3n sostenibles un cop acabat el mateix.<br><br>&#8211; Facilitar l\u2019 intercanvi de bones pr\u00e0ctiques entre els Estats Membres per tal de millorar la implementaci\u00f3 de la TPD i resolucions delegades i d\u2019 implementaci\u00f3 relacionades amb els productes del tabac i els cigarrets electr\u00f2nics, incloent-hi la capacitat dels laboratoris, an\u00e0lisi i valoraci\u00f3.<br><br>&#8211; Assegurar major consist\u00e8ncia en l\u2019 aplicaci\u00f3 de la TPD assegurant un mercat intern just per als productes del tabac i relacionats, especialment pel que fa a la vigil\u00e0ncia del mercat i compliment de les normes.<br><br>&#8211; Promoure activitats alineades amb els objectius del CMCT-OMS per promoure una millor implementaci\u00f3 dels objectius del mateix CMCT.<br>Identificar i valorar la legislaci\u00f3 actual, referent a, per\u00f2 no limitada a, la publicitat del tabac i altres productes emergents.<br><br>&#8211; Identificar i desenvolupar millors pr\u00e0ctiques referents a l\u2019 estrat\u00e8gia de fi de joc del tabac i l\u2019 expansi\u00f3 dels espais sense fum.<br><br>La Unitat de Control del Tabac-Institut Catal\u00e0 d\u2019Oncologia, UCT-ICO participa en aquest projecte com l\u00edder del WP8 i tamb\u00e9 com coordinador nacional (Autoritat competent a Espanya). Des d\u2019Espanya participen en la JATC altres 6 entitats, 4 com entitats afiliades (Institut d\u2019Investigaci\u00f3 de Bellvitge, IDIBELL; Universitat Internacional de Catalunya, UIC; Centre Nacional de Prevenci\u00f3 del Tabaquisme, CNPT; Perqu\u00e8 nosaltres s\u00ed, XQNS) i dos com col\u00b7laboradors (Ministeri de Sanitat i No fumadors).<br><\/p><\/div><\/div><div class=\"wp-block-uagb-faq-child uagb-faq-child__outer-wrap uagb-faq-item uagb-block-076be222 \" role=\"tab\" tabindex=\"0\"><div class=\"uagb-faq-questions-button uagb-faq-questions\">\t\t\t<span class=\"uagb-icon uagb-faq-icon-wrap\">\n\t\t\t\t\t\t\t\t<svg xmlns=\"https:\/\/www.w3.org\/2000\/svg\" viewBox= \"0 0 448 512\"><path d=\"M432 256c0 17.69-14.33 32.01-32 32.01H256v144c0 17.69-14.33 31.99-32 31.99s-32-14.3-32-31.99v-144H48c-17.67 0-32-14.32-32-32.01s14.33-31.99 32-31.99H192v-144c0-17.69 14.33-32.01 32-32.01s32 14.32 32 32.01v144h144C417.7 224 432 238.3 432 256z\"><\/path><\/svg>\n\t\t\t\t\t\t\t<\/span>\n\t\t\t\t\t\t<span class=\"uagb-icon-active uagb-faq-icon-wrap\">\n\t\t\t\t\t\t\t<\/span>\n\t\t\t<span class=\"uagb-question\"><strong>Duraci\u00f3<\/strong><\/span><\/div><div class=\"uagb-faq-content\"><p>36 mesos, de l\u20191\/10\/2021 al 30\/09\/2024<\/p><\/div><\/div><div class=\"wp-block-uagb-faq-child uagb-faq-child__outer-wrap uagb-faq-item uagb-block-f17a63bd \" role=\"tab\" tabindex=\"0\"><div class=\"uagb-faq-questions-button uagb-faq-questions\">\t\t\t<span class=\"uagb-icon uagb-faq-icon-wrap\">\n\t\t\t\t\t\t\t\t<svg xmlns=\"https:\/\/www.w3.org\/2000\/svg\" viewBox= \"0 0 448 512\"><path d=\"M432 256c0 17.69-14.33 32.01-32 32.01H256v144c0 17.69-14.33 31.99-32 31.99s-32-14.3-32-31.99v-144H48c-17.67 0-32-14.32-32-32.01s14.33-31.99 32-31.99H192v-144c0-17.69 14.33-32.01 32-32.01s32 14.32 32 32.01v144h144C417.7 224 432 238.3 432 256z\"><\/path><\/svg>\n\t\t\t\t\t\t\t<\/span>\n\t\t\t\t\t\t<span class=\"uagb-icon-active uagb-faq-icon-wrap\">\n\t\t\t\t\t\t\t<\/span>\n\t\t\t<span class=\"uagb-question\"><strong>Finan\u00e7ament<\/strong><\/span><\/div><div class=\"uagb-faq-content\"><p>Concessi\u00f3 No. 101035968 Comissi\u00f3 Europea HaDEA (\u20ac3,124,999.51)<br><\/p><\/div><\/div><div class=\"wp-block-uagb-faq-child uagb-faq-child__outer-wrap uagb-faq-item uagb-block-8b0e255c \" role=\"tab\" tabindex=\"0\"><div class=\"uagb-faq-questions-button uagb-faq-questions\">\t\t\t<span class=\"uagb-icon uagb-faq-icon-wrap\">\n\t\t\t\t\t\t\t\t<svg xmlns=\"https:\/\/www.w3.org\/2000\/svg\" viewBox= \"0 0 448 512\"><path d=\"M432 256c0 17.69-14.33 32.01-32 32.01H256v144c0 17.69-14.33 31.99-32 31.99s-32-14.3-32-31.99v-144H48c-17.67 0-32-14.32-32-32.01s14.33-31.99 32-31.99H192v-144c0-17.69 14.33-32.01 32-32.01s32 14.32 32 32.01v144h144C417.7 224 432 238.3 432 256z\"><\/path><\/svg>\n\t\t\t\t\t\t\t<\/span>\n\t\t\t\t\t\t<span class=\"uagb-icon-active uagb-faq-icon-wrap\">\n\t\t\t\t\t\t\t<\/span>\n\t\t\t<span class=\"uagb-question\"><strong>Coordinaci\u00f3<\/strong><\/span><\/div><div class=\"uagb-faq-content\"><p>Jakob Graulund J\u00f8rgensen (Danish Safety Technology Authority, Dinamarca)<br><\/p><\/div><\/div><div class=\"wp-block-uagb-faq-child uagb-faq-child__outer-wrap uagb-faq-item uagb-block-43ba4076 \" role=\"tab\" tabindex=\"0\"><div class=\"uagb-faq-questions-button uagb-faq-questions\">\t\t\t<span class=\"uagb-icon uagb-faq-icon-wrap\">\n\t\t\t\t\t\t\t\t<svg xmlns=\"https:\/\/www.w3.org\/2000\/svg\" viewBox= \"0 0 448 512\"><path d=\"M432 256c0 17.69-14.33 32.01-32 32.01H256v144c0 17.69-14.33 31.99-32 31.99s-32-14.3-32-31.99v-144H48c-17.67 0-32-14.32-32-32.01s14.33-31.99 32-31.99H192v-144c0-17.69 14.33-32.01 32-32.01s32 14.32 32 32.01v144h144C417.7 224 432 238.3 432 256z\"><\/path><\/svg>\n\t\t\t\t\t\t\t<\/span>\n\t\t\t\t\t\t<span class=\"uagb-icon-active uagb-faq-icon-wrap\">\n\t\t\t\t\t\t\t<\/span>\n\t\t\t<span class=\"uagb-question\"><strong>Equip d\u2019Investigaci\u00f3 UCT<\/strong><\/span><\/div><div class=\"uagb-faq-content\"><p>Esteve Fern\u00e1ndez (investigador principal del WP8); Dolors Carnicer-Pont; Olena Tigova<\/p><\/div><\/div><div class=\"wp-block-uagb-faq-child uagb-faq-child__outer-wrap uagb-faq-item uagb-block-faa63e9c \" role=\"tab\" tabindex=\"0\"><div class=\"uagb-faq-questions-button uagb-faq-questions\">\t\t\t<span class=\"uagb-icon uagb-faq-icon-wrap\">\n\t\t\t\t\t\t\t\t<svg xmlns=\"https:\/\/www.w3.org\/2000\/svg\" viewBox= \"0 0 448 512\"><path d=\"M432 256c0 17.69-14.33 32.01-32 32.01H256v144c0 17.69-14.33 31.99-32 31.99s-32-14.3-32-31.99v-144H48c-17.67 0-32-14.32-32-32.01s14.33-31.99 32-31.99H192v-144c0-17.69 14.33-32.01 32-32.01s32 14.32 32 32.01v144h144C417.7 224 432 238.3 432 256z\"><\/path><\/svg>\n\t\t\t\t\t\t\t<\/span>\n\t\t\t\t\t\t<span class=\"uagb-icon-active uagb-faq-icon-wrap\">\n\t\t\t\t\t\t\t<\/span>\n\t\t\t<span class=\"uagb-question\"><strong>Resultats rellevants<\/strong><\/span><\/div><div class=\"uagb-faq-content\"><p>&#8211; <a href=\"https:\/\/icoprevencio.cat\/uct\/wp-content\/uploads\/sites\/10\/2025\/01\/SAFE_barriersandopportunities_JATC2layout.pdf\">Report on Barriers and opportunities for SAFE<\/a><br>&#8211; Report on SAFE best practices + Annex 1<br>&#8211; Annex 1 of the Report on SAFE best practices<br>&#8211; Report of symposium on SAFE best practices<br>&#8211; Web-based repository on SAFE:\u00a0<a href=\"https:\/\/smokefreebestpractices.eu\/\" target=\"_blank\" rel=\"noreferrer noopener\">https:\/\/smokefreebestpractices.eu\/<\/a><br>&#8211; Weight of evidence paper on barriers, opportunities and best practices for SAFE expansion and SHS\/SHA exposure protection<br>&#8211; Position paper on best practices for expansion of SAFE<br>&#8211; Video on the symposium on SAFE practices [EN]:\u00a0<a href=\"https:\/\/www.youtube.com\/watch?v=fav2NekuNuA\" target=\"_blank\" rel=\"noreferrer noopener\">https:\/\/www.youtube.com\/watch?v=fav2NekuNuA<\/a><br>&#8211; Video on the symposium on SAFE practices [ES]:\u00a0<a href=\"https:\/\/www.youtube.com\/watch?v=M0DKzJjzYN0\" target=\"_blank\" rel=\"noreferrer noopener\">https:\/\/www.youtube.com\/watch?v=M0DKzJjzYN0<\/a><br>&#8211; Questionnaire for the SAFE consultation on barriers, opportunities and best practices<br><\/p><\/div><\/div><\/div>\n\n\n<div style=\"height:131px\" aria-hidden=\"true\" class=\"wp-block-spacer\"><\/div>\n\n\n\n<p><\/p>\n","protected":false},"excerpt":{"rendered":"","protected":false},"author":28,"featured_media":0,"parent":0,"menu_order":0,"comment_status":"closed","ping_status":"closed","template":"","meta":{"_uag_custom_page_level_css":"","site-sidebar-layout":"default","site-content-layout":"","ast-site-content-layout":"default","site-content-style":"default","site-sidebar-style":"default","ast-global-header-display":"","ast-banner-title-visibility":"","ast-main-header-display":"","ast-hfb-above-header-display":"","ast-hfb-below-header-display":"","ast-hfb-mobile-header-display":"","site-post-title":"disabled","ast-breadcrumbs-content":"","ast-featured-img":"","footer-sml-layout":"","ast-disable-related-posts":"","theme-transparent-header-meta":"","adv-header-id-meta":"","stick-header-meta":"","header-above-stick-meta":"","header-main-stick-meta":"","header-below-stick-meta":"","astra-migrate-meta-layouts":"set","ast-page-background-enabled":"default","ast-page-background-meta":{"desktop":{"background-color":"var(--ast-global-color-4)","background-image":"","background-repeat":"repeat","background-position":"center center","background-size":"auto","background-attachment":"scroll","background-type":"","background-media":"","overlay-type":"","overlay-color":"","overlay-opacity":"","overlay-gradient":""},"tablet":{"background-color":"","background-image":"","background-repeat":"repeat","background-position":"center center","background-size":"auto","background-attachment":"scroll","background-type":"","background-media":"","overlay-type":"","overlay-color":"","overlay-opacity":"","overlay-gradient":""},"mobile":{"background-color":"","background-image":"","background-repeat":"repeat","background-position":"center center","background-size":"auto","background-attachment":"scroll","background-type":"","background-media":"","overlay-type":"","overlay-color":"","overlay-opacity":"","overlay-gradient":""}},"ast-content-background-meta":{"desktop":{"background-color":"var(--ast-global-color-5)","background-image":"","background-repeat":"repeat","background-position":"center center","background-size":"auto","background-attachment":"scroll","background-type":"","background-media":"","overlay-type":"","overlay-color":"","overlay-opacity":"","overlay-gradient":""},"tablet":{"background-color":"var(--ast-global-color-5)","background-image":"","background-repeat":"repeat","background-position":"center center","background-size":"auto","background-attachment":"scroll","background-type":"","background-media":"","overlay-type":"","overlay-color":"","overlay-opacity":"","overlay-gradient":""},"mobile":{"background-color":"var(--ast-global-color-5)","background-image":"","background-repeat":"repeat","background-position":"center center","background-size":"auto","background-attachment":"scroll","background-type":"","background-media":"","overlay-type":"","overlay-color":"","overlay-opacity":"","overlay-gradient":""}},"_vp_format_video_url":"","_vp_image_focal_point":[],"footnotes":""},"class_list":["post-11738","page","type-page","status-publish","hentry"],"uagb_featured_image_src":{"full":false,"thumbnail":false,"medium":false,"medium_large":false,"large":false,"1536x1536":false,"2048x2048":false,"vp_sm":false,"vp_md":false,"vp_lg":false,"vp_xl":false,"vp_sm_popup":false,"vp_md_popup":false,"vp_xl_popup":false},"uagb_author_info":{"display_name":"clara","author_link":"https:\/\/icoprevencio.cat\/uct\/author\/clara\/"},"uagb_comment_info":0,"uagb_excerpt":null,"_links":{"self":[{"href":"https:\/\/icoprevencio.cat\/uct\/wp-json\/wp\/v2\/pages\/11738","targetHints":{"allow":["GET"]}}],"collection":[{"href":"https:\/\/icoprevencio.cat\/uct\/wp-json\/wp\/v2\/pages"}],"about":[{"href":"https:\/\/icoprevencio.cat\/uct\/wp-json\/wp\/v2\/types\/page"}],"author":[{"embeddable":true,"href":"https:\/\/icoprevencio.cat\/uct\/wp-json\/wp\/v2\/users\/28"}],"replies":[{"embeddable":true,"href":"https:\/\/icoprevencio.cat\/uct\/wp-json\/wp\/v2\/comments?post=11738"}],"version-history":[{"count":9,"href":"https:\/\/icoprevencio.cat\/uct\/wp-json\/wp\/v2\/pages\/11738\/revisions"}],"predecessor-version":[{"id":13929,"href":"https:\/\/icoprevencio.cat\/uct\/wp-json\/wp\/v2\/pages\/11738\/revisions\/13929"}],"wp:attachment":[{"href":"https:\/\/icoprevencio.cat\/uct\/wp-json\/wp\/v2\/media?parent=11738"}],"curies":[{"name":"wp","href":"https:\/\/api.w.org\/{rel}","templated":true}]}}