{"id":11745,"date":"2024-12-17T15:33:05","date_gmt":"2024-12-17T14:33:05","guid":{"rendered":"https:\/\/icoprevencio.cat\/uct\/?page_id=11745"},"modified":"2026-02-03T09:30:36","modified_gmt":"2026-02-03T08:30:36","slug":"ducata","status":"publish","type":"page","link":"https:\/\/icoprevencio.cat\/uct\/ducata\/","title":{"rendered":"DUCATA"},"content":{"rendered":"\n<div class=\"wp-block-uagb-container uagb-block-709c37ea alignfull uagb-is-root-container\"><div class=\"uagb-container-inner-blocks-wrap\">\n<div class=\"wp-block-uagb-info-box uagb-block-353171f0 uagb-infobox__content-wrap  uagb-infobox-icon-above-title uagb-infobox-image-valign-top wp-block-uagb-info-box--has-margin\"><div class=\"uagb-infobox-margin-wrapper\"><div class=\"uagb-ifb-content\"><div class=\"uagb-ifb-title-wrap\"><h2 class=\"uagb-ifb-title\"><strong>Projectes en curs<\/strong><\/h2><\/div><\/div><\/div><\/div>\n<\/div><\/div>\n\n\n\n<div style=\"height:60px\" aria-hidden=\"true\" class=\"wp-block-spacer\"><\/div>\n\n\n\n<div class=\"wp-block-uagb-image uagb-block-71d5725e wp-block-uagb-image--layout-default wp-block-uagb-image--effect-static wp-block-uagb-image--align-none\"><figure class=\"wp-block-uagb-image__figure\"><img decoding=\"async\" src=\"https:\/\/icoprevencio.cat\/uct\/wp-content\/uploads\/sites\/10\/2024\/11\/Diseno-sin-titulo-33.png\" alt=\"\" class=\"uag-image-11717\" width=\"414\" height=\"175\" title=\"Dise\u00f1o sin t\u00edtulo (33)\" loading=\"lazy\" role=\"img\" \/><\/figure><\/div>\n\n\n\n<div class=\"wp-block-uagb-info-box uagb-block-9271b190 uagb-infobox__content-wrap  uagb-infobox-icon-above-title uagb-infobox-image-valign-top wp-block-uagb-info-box--has-margin\"><div class=\"uagb-infobox-margin-wrapper\"><div class=\"uagb-ifb-content\"><div class=\"uagb-ifb-title-wrap\"><h3 class=\"uagb-ifb-title\">Patr\u00f3 de consum i Sd. d\u2019abstin\u00e8ncia c\u00e0nnabis-tabac en persones amb tr. per consum de c\u00e0nnabis<\/h3><\/div><p class=\"uagb-ifb-desc\">El c\u00e0nnabis \u00e9s la droga il\u00b7legal m\u00e9s consumida a Espanya. En els \u00faltims anys, s\u2019ha detectat un notable increment en el nombre de visites per tractament del seu consum en els serveis de drogodepend\u00e8ncies. La majoria dels usuaris de c\u00e0nnabis s\u00f3n tamb\u00e9 consumidors de tabac i el patr\u00f3 de consum dual de c\u00e0nnabis-tabac \u00e9s cada vegada m\u00e9s freq\u00fcent als pa\u00efsos occidentals. Tanmateix, la caracteritzaci\u00f3 d\u2019aquest patr\u00f3 de consum i de la simptomatologia d\u2019abstin\u00e8ncia associada est\u00e0 poc identificada, entre altres motius per la complexitat de les vies de consum i la multitud de productes utilitzats per a consumir tant c\u00e0nnabis com tabac, que dificulten la descripci\u00f3 distintiva de la simptomatologia d\u2019abstin\u00e8ncia entre totes dues subst\u00e0ncies.<\/p><\/div><\/div><\/div>\n\n\n<div class=\"wp-block-uagb-faq uagb-faq__outer-wrap uagb-block-07d58159 uagb-faq-icon-row-reverse uagb-faq-layout-accordion uagb-faq-expand-first-false uagb-faq-inactive-other-true uagb-faq__wrap uagb-buttons-layout-wrap uagb-faq-equal-height     \" data-faqtoggle=\"true\" role=\"tablist\"><div class=\"wp-block-uagb-faq-child uagb-faq-child__outer-wrap uagb-faq-item uagb-block-24e60ec9 \" role=\"tab\" tabindex=\"0\"><div class=\"uagb-faq-questions-button uagb-faq-questions\">\t\t\t<span class=\"uagb-icon uagb-faq-icon-wrap\">\n\t\t\t\t\t\t\t\t<svg xmlns=\"https:\/\/www.w3.org\/2000\/svg\" viewBox= \"0 0 448 512\"><path d=\"M432 256c0 17.69-14.33 32.01-32 32.01H256v144c0 17.69-14.33 31.99-32 31.99s-32-14.3-32-31.99v-144H48c-17.67 0-32-14.32-32-32.01s14.33-31.99 32-31.99H192v-144c0-17.69 14.33-32.01 32-32.01s32 14.32 32 32.01v144h144C417.7 224 432 238.3 432 256z\"><\/path><\/svg>\n\t\t\t\t\t\t\t<\/span>\n\t\t\t\t\t\t<span class=\"uagb-icon-active uagb-faq-icon-wrap\">\n\t\t\t\t\t\t\t<\/span>\n\t\t\t<span class=\"uagb-question\">Objectius<\/span><\/div><div class=\"uagb-faq-content\"><p>Caracteritzar el patr\u00f3 de consum dual c\u00e0nnabis-tabac (consum exclusiu de c\u00e0nnabis, concurrent i\/o simultani amb productes del tabac), en persones que inicien un proc\u00e9s d\u2019aband\u00f3 o reducci\u00f3 del c\u00e0nnabis.<br><br>Descriure la simptomatologia d\u2019abstin\u00e8ncia de totes dues subst\u00e0ncies durant el proc\u00e9s d\u2019aband\u00f3 tenint en compte el tipus de consum i caracter\u00edstiques de les persones (sexe, edat, etc.).<br><br>Identificar els canvis en el patr\u00f3 de consum c\u00e0nnabis-tabac i la probabilitat d\u2019abstin\u00e8ncia en persones que inicien tractament per consum de c\u00e0nnabis d\u2019acord amb les seves caracter\u00edstiques individuals i cl\u00edniques.<br><\/p><\/div><\/div><div class=\"wp-block-uagb-faq-child uagb-faq-child__outer-wrap uagb-faq-item uagb-block-7502faf6 \" role=\"tab\" tabindex=\"0\"><div class=\"uagb-faq-questions-button uagb-faq-questions\">\t\t\t<span class=\"uagb-icon uagb-faq-icon-wrap\">\n\t\t\t\t\t\t\t\t<svg xmlns=\"https:\/\/www.w3.org\/2000\/svg\" viewBox= \"0 0 448 512\"><path d=\"M432 256c0 17.69-14.33 32.01-32 32.01H256v144c0 17.69-14.33 31.99-32 31.99s-32-14.3-32-31.99v-144H48c-17.67 0-32-14.32-32-32.01s14.33-31.99 32-31.99H192v-144c0-17.69 14.33-32.01 32-32.01s32 14.32 32 32.01v144h144C417.7 224 432 238.3 432 256z\"><\/path><\/svg>\n\t\t\t\t\t\t\t<\/span>\n\t\t\t\t\t\t<span class=\"uagb-icon-active uagb-faq-icon-wrap\">\n\t\t\t\t\t\t\t<\/span>\n\t\t\t<span class=\"uagb-question\">M\u00e8todes<\/span><\/div><div class=\"uagb-faq-content\"><p>Estudi de m\u00e8todes mixtos seq\u00fcencial.<br>Fase I: Estudi qualitatiu mitjan\u00e7ant grups de discussi\u00f3 homogenis que permetr\u00e0 desenvolupar una aplicaci\u00f3 m\u00f2bil gamificada.<br>Fase II: Estudi prospectiu longitudinal en el qual se seguir\u00e0 a les persones amb aquest trastorn ateses en Centres d\u2019Atenci\u00f3 i Seguiment de les Drogodepend\u00e8ncies de la prov\u00edncia de Barcelona durant 2021-2022.<br>Fase III: Estudi qualitatiu mitjan\u00e7ant grups de discussi\u00f3 homogenis per a explorar les experi\u00e8ncies dels participants durant el proc\u00e9s d\u2019aband\u00f3 del c\u00e0nnabis i\/o tabac.<\/p><\/div><\/div><div class=\"wp-block-uagb-faq-child uagb-faq-child__outer-wrap uagb-faq-item uagb-block-076be222 \" role=\"tab\" tabindex=\"0\"><div class=\"uagb-faq-questions-button uagb-faq-questions\">\t\t\t<span class=\"uagb-icon uagb-faq-icon-wrap\">\n\t\t\t\t\t\t\t\t<svg xmlns=\"https:\/\/www.w3.org\/2000\/svg\" viewBox= \"0 0 448 512\"><path d=\"M432 256c0 17.69-14.33 32.01-32 32.01H256v144c0 17.69-14.33 31.99-32 31.99s-32-14.3-32-31.99v-144H48c-17.67 0-32-14.32-32-32.01s14.33-31.99 32-31.99H192v-144c0-17.69 14.33-32.01 32-32.01s32 14.32 32 32.01v144h144C417.7 224 432 238.3 432 256z\"><\/path><\/svg>\n\t\t\t\t\t\t\t<\/span>\n\t\t\t\t\t\t<span class=\"uagb-icon-active uagb-faq-icon-wrap\">\n\t\t\t\t\t\t\t<\/span>\n\t\t\t<span class=\"uagb-question\">Duraci\u00f3<\/span><\/div><div class=\"uagb-faq-content\"><p>3 anys (gener 2021 \u2013 2024)<br><\/p><\/div><\/div><div class=\"wp-block-uagb-faq-child uagb-faq-child__outer-wrap uagb-faq-item uagb-block-f17a63bd \" role=\"tab\" tabindex=\"0\"><div class=\"uagb-faq-questions-button uagb-faq-questions\">\t\t\t<span class=\"uagb-icon uagb-faq-icon-wrap\">\n\t\t\t\t\t\t\t\t<svg xmlns=\"https:\/\/www.w3.org\/2000\/svg\" viewBox= \"0 0 448 512\"><path d=\"M432 256c0 17.69-14.33 32.01-32 32.01H256v144c0 17.69-14.33 31.99-32 31.99s-32-14.3-32-31.99v-144H48c-17.67 0-32-14.32-32-32.01s14.33-31.99 32-31.99H192v-144c0-17.69 14.33-32.01 32-32.01s32 14.32 32 32.01v144h144C417.7 224 432 238.3 432 256z\"><\/path><\/svg>\n\t\t\t\t\t\t\t<\/span>\n\t\t\t\t\t\t<span class=\"uagb-icon-active uagb-faq-icon-wrap\">\n\t\t\t\t\t\t\t<\/span>\n\t\t\t<span class=\"uagb-question\">Finan\u00e7ament<\/span><\/div><div class=\"uagb-faq-content\"><p>85.742,6 \u20ac pel Pla Nacional sobre Drogues<br><\/p><\/div><\/div><div class=\"wp-block-uagb-faq-child uagb-faq-child__outer-wrap uagb-faq-item uagb-block-43ba4076 \" role=\"tab\" tabindex=\"0\"><div class=\"uagb-faq-questions-button uagb-faq-questions\">\t\t\t<span class=\"uagb-icon uagb-faq-icon-wrap\">\n\t\t\t\t\t\t\t\t<svg xmlns=\"https:\/\/www.w3.org\/2000\/svg\" viewBox= \"0 0 448 512\"><path d=\"M432 256c0 17.69-14.33 32.01-32 32.01H256v144c0 17.69-14.33 31.99-32 31.99s-32-14.3-32-31.99v-144H48c-17.67 0-32-14.32-32-32.01s14.33-31.99 32-31.99H192v-144c0-17.69 14.33-32.01 32-32.01s32 14.32 32 32.01v144h144C417.7 224 432 238.3 432 256z\"><\/path><\/svg>\n\t\t\t\t\t\t\t<\/span>\n\t\t\t\t\t\t<span class=\"uagb-icon-active uagb-faq-icon-wrap\">\n\t\t\t\t\t\t\t<\/span>\n\t\t\t<span class=\"uagb-question\">Equip investigador<\/span><\/div><div class=\"uagb-faq-content\"><p>Cristina Mart\u00ednez, Institut Catal\u00e0 d\u2019Oncologia (IP)<br>Esteve Fern\u00e1ndez, Institut Catal\u00e0 d\u2019Oncologia<br>Judith Saura, Institut Catal\u00e0 d\u2019Oncologia<br>Marcela Fu, Institut Catal\u00e0 d\u2019Oncologia<br>Montse Ballb\u00e8, Institut Catal\u00e0 d\u2019Oncologia<br>Ariadna Feliu, Institut Catal\u00e0 d\u2019Oncologia<br>Marta Enr\u00edquez, Institut Catal\u00e0 d&#8217;Oncologia<br>Yolanda Castellano, Institut Catal\u00e0 d\u2019Oncologia<br>Marga Pla, Universitat de Barcelona<br>Petia Radeva, Universitat de Barcelona<br>Elena Maestre, Universitat de Barcelona<br>Carmen Cabezas, Ag\u00e8ncia de Salut P\u00fablica de Catalunya<br>Joan Colom, Ag\u00e8ncia de Salut P\u00fablica de Catalunya<br>Josep Maria Suelves, Agencia de Salud P\u00fablica de Catalu\u00f1a<br>Silvia Mondon, Hospital Cl\u00ednic i Provincial de Barcelona<br>Pablo Barrio, Hospital Cl\u00ednic i Provincial de Barcelona<br>Magal\u00ed Andreu, Hospital Cl\u00ednic i Provincial de Barcelona<br>Ant\u00f2nia Raich, Fundaci\u00f3 Althaia<br>Jordi Bernabeu, Fundaci\u00f3 Althaia<br>Jordi Vilaplana, Universitat de Lleida<br>Xavier Roca, Hospital de la Santa Creu i Sant Pau<br>Joseph Guydish, University of California San Francisco<\/p><\/div><\/div><div class=\"wp-block-uagb-faq-child uagb-faq-child__outer-wrap uagb-faq-item uagb-block-faa63e9c \" role=\"tab\" tabindex=\"0\"><div class=\"uagb-faq-questions-button uagb-faq-questions\">\t\t\t<span class=\"uagb-icon uagb-faq-icon-wrap\">\n\t\t\t\t\t\t\t\t<svg xmlns=\"https:\/\/www.w3.org\/2000\/svg\" viewBox= \"0 0 448 512\"><path d=\"M432 256c0 17.69-14.33 32.01-32 32.01H256v144c0 17.69-14.33 31.99-32 31.99s-32-14.3-32-31.99v-144H48c-17.67 0-32-14.32-32-32.01s14.33-31.99 32-31.99H192v-144c0-17.69 14.33-32.01 32-32.01s32 14.32 32 32.01v144h144C417.7 224 432 238.3 432 256z\"><\/path><\/svg>\n\t\t\t\t\t\t\t<\/span>\n\t\t\t\t\t\t<span class=\"uagb-icon-active uagb-faq-icon-wrap\">\n\t\t\t\t\t\t\t<\/span>\n\t\t\t<span class=\"uagb-question\">Publicacions cient\u00edfiques<\/span><\/div><div class=\"uagb-faq-content\"><p><a href=\"https:\/\/www.researchprotocols.org\/2024\/1\/e58335\">&#8211; Patterns of Use and Withdrawal Syndrome in Dual Cannabis and Tobacco Users (DuCATA_GAM-CAT): Protocol for a Mixed Methods Study<\/a><br><a href=\"https:\/\/pubmed.ncbi.nlm.nih.gov\/40975944\/\">&#8211; Co-creating a gamified tool for cannabis and tobacco use monitoring: Participant-driven development<\/a><br><a href=\"https:\/\/pubmed.ncbi.nlm.nih.gov\/41531671\/\">&#8211; Consumption patterns and withdrawal symptoms in dual cannabis-tobacco users in Spain: Cross-sectional study<br><\/a><\/p><\/div><\/div><div class=\"wp-block-uagb-faq-child uagb-faq-child__outer-wrap uagb-faq-item uagb-block-858e8ce6 \" role=\"tab\" tabindex=\"0\"><div class=\"uagb-faq-questions-button uagb-faq-questions\">\t\t\t<span class=\"uagb-icon uagb-faq-icon-wrap\">\n\t\t\t\t\t\t\t\t<svg xmlns=\"https:\/\/www.w3.org\/2000\/svg\" viewBox= \"0 0 448 512\"><path d=\"M432 256c0 17.69-14.33 32.01-32 32.01H256v144c0 17.69-14.33 31.99-32 31.99s-32-14.3-32-31.99v-144H48c-17.67 0-32-14.32-32-32.01s14.33-31.99 32-31.99H192v-144c0-17.69 14.33-32.01 32-32.01s32 14.32 32 32.01v144h144C417.7 224 432 238.3 432 256z\"><\/path><\/svg>\n\t\t\t\t\t\t\t<\/span>\n\t\t\t\t\t\t<span class=\"uagb-icon-active uagb-faq-icon-wrap\">\n\t\t\t\t\t\t\t<\/span>\n\t\t\t<span class=\"uagb-question\">Manual d&#8217;una webapp gamificada: DuCATA<\/span><\/div><div class=\"uagb-faq-content\"><p><a href=\"https:\/\/icoprevencio.cat\/uct\/wp-content\/uploads\/sites\/10\/2025\/05\/manual-ducata-2025.pdf\">Manual DuCATA 2025<\/a><\/p><\/div><\/div><\/div>\n\n\n<div style=\"height:131px\" aria-hidden=\"true\" class=\"wp-block-spacer\"><\/div>\n\n\n\n<p><\/p>\n","protected":false},"excerpt":{"rendered":"","protected":false},"author":28,"featured_media":0,"parent":0,"menu_order":0,"comment_status":"closed","ping_status":"closed","template":"","meta":{"_uag_custom_page_level_css":"","site-sidebar-layout":"default","site-content-layout":"","ast-site-content-layout":"default","site-content-style":"default","site-sidebar-style":"default","ast-global-header-display":"","ast-banner-title-visibility":"","ast-main-header-display":"","ast-hfb-above-header-display":"","ast-hfb-below-header-display":"","ast-hfb-mobile-header-display":"","site-post-title":"disabled","ast-breadcrumbs-content":"","ast-featured-img":"","footer-sml-layout":"","ast-disable-related-posts":"","theme-transparent-header-meta":"","adv-header-id-meta":"","stick-header-meta":"","header-above-stick-meta":"","header-main-stick-meta":"","header-below-stick-meta":"","astra-migrate-meta-layouts":"set","ast-page-background-enabled":"default","ast-page-background-meta":{"desktop":{"background-color":"var(--ast-global-color-4)","background-image":"","background-repeat":"repeat","background-position":"center center","background-size":"auto","background-attachment":"scroll","background-type":"","background-media":"","overlay-type":"","overlay-color":"","overlay-opacity":"","overlay-gradient":""},"tablet":{"background-color":"","background-image":"","background-repeat":"repeat","background-position":"center center","background-size":"auto","background-attachment":"scroll","background-type":"","background-media":"","overlay-type":"","overlay-color":"","overlay-opacity":"","overlay-gradient":""},"mobile":{"background-color":"","background-image":"","background-repeat":"repeat","background-position":"center center","background-size":"auto","background-attachment":"scroll","background-type":"","background-media":"","overlay-type":"","overlay-color":"","overlay-opacity":"","overlay-gradient":""}},"ast-content-background-meta":{"desktop":{"background-color":"var(--ast-global-color-5)","background-image":"","background-repeat":"repeat","background-position":"center center","background-size":"auto","background-attachment":"scroll","background-type":"","background-media":"","overlay-type":"","overlay-color":"","overlay-opacity":"","overlay-gradient":""},"tablet":{"background-color":"var(--ast-global-color-5)","background-image":"","background-repeat":"repeat","background-position":"center center","background-size":"auto","background-attachment":"scroll","background-type":"","background-media":"","overlay-type":"","overlay-color":"","overlay-opacity":"","overlay-gradient":""},"mobile":{"background-color":"var(--ast-global-color-5)","background-image":"","background-repeat":"repeat","background-position":"center center","background-size":"auto","background-attachment":"scroll","background-type":"","background-media":"","overlay-type":"","overlay-color":"","overlay-opacity":"","overlay-gradient":""}},"_vp_format_video_url":"","_vp_image_focal_point":[],"footnotes":""},"class_list":["post-11745","page","type-page","status-publish","hentry"],"uagb_featured_image_src":{"full":false,"thumbnail":false,"medium":false,"medium_large":false,"large":false,"1536x1536":false,"2048x2048":false,"vp_sm":false,"vp_md":false,"vp_lg":false,"vp_xl":false,"vp_sm_popup":false,"vp_md_popup":false,"vp_xl_popup":false},"uagb_author_info":{"display_name":"clara","author_link":"https:\/\/icoprevencio.cat\/uct\/author\/clara\/"},"uagb_comment_info":0,"uagb_excerpt":null,"_links":{"self":[{"href":"https:\/\/icoprevencio.cat\/uct\/wp-json\/wp\/v2\/pages\/11745","targetHints":{"allow":["GET"]}}],"collection":[{"href":"https:\/\/icoprevencio.cat\/uct\/wp-json\/wp\/v2\/pages"}],"about":[{"href":"https:\/\/icoprevencio.cat\/uct\/wp-json\/wp\/v2\/types\/page"}],"author":[{"embeddable":true,"href":"https:\/\/icoprevencio.cat\/uct\/wp-json\/wp\/v2\/users\/28"}],"replies":[{"embeddable":true,"href":"https:\/\/icoprevencio.cat\/uct\/wp-json\/wp\/v2\/comments?post=11745"}],"version-history":[{"count":10,"href":"https:\/\/icoprevencio.cat\/uct\/wp-json\/wp\/v2\/pages\/11745\/revisions"}],"predecessor-version":[{"id":15236,"href":"https:\/\/icoprevencio.cat\/uct\/wp-json\/wp\/v2\/pages\/11745\/revisions\/15236"}],"wp:attachment":[{"href":"https:\/\/icoprevencio.cat\/uct\/wp-json\/wp\/v2\/media?parent=11745"}],"curies":[{"name":"wp","href":"https:\/\/api.w.org\/{rel}","templated":true}]}}