{"id":11951,"date":"2024-12-12T10:42:29","date_gmt":"2024-12-12T09:42:29","guid":{"rendered":"https:\/\/icoprevencio.cat\/uct\/?page_id=11951"},"modified":"2026-04-02T12:19:25","modified_gmt":"2026-04-02T11:19:25","slug":"xarxa-catalana-dhospitals-sense-fum","status":"publish","type":"page","link":"https:\/\/icoprevencio.cat\/uct\/xarxa-catalana-dhospitals-sense-fum\/","title":{"rendered":"XARXA CATALANA D&#8217;HOSPITALS SENSE FUM"},"content":{"rendered":"\n<div class=\"wp-block-uagb-container uagb-block-709c37ea alignfull uagb-is-root-container\"><div class=\"uagb-container-inner-blocks-wrap\">\n<div class=\"wp-block-uagb-info-box uagb-block-353171f0 uagb-infobox__content-wrap  uagb-infobox-icon-above-title uagb-infobox-image-valign-top wp-block-uagb-info-box--has-margin\"><div class=\"uagb-infobox-margin-wrapper\"><div class=\"uagb-ifb-content\"><div class=\"uagb-ifb-title-wrap\"><h2 class=\"uagb-ifb-title\"><strong>Xarxa Catalana d&#8217;Hospitals sense Fum<\/strong><\/h2><\/div><\/div><\/div><\/div>\n<\/div><\/div>\n\n\n\n<div class=\"wp-block-uagb-container uagb-block-8603d39b alignfull uagb-is-root-container\"><div class=\"uagb-container-inner-blocks-wrap\">\n<div style=\"height:29px\" aria-hidden=\"true\" class=\"wp-block-spacer\"><\/div>\n\n\n\n<p>L\u2019objectiu de la XCHsF \u00e9s assessorar als centres sanitaris en la implementaci\u00f3 de mesures de control del tabaquisme que assegurin un ambient saludable per a tothom: pacients, visitants i treballadors. A Catalunya, la majoria d\u2019hospitals del sistema sanitari p\u00fablic pertanyen a la Xarxa. Aquesta iniciativa promou la implementaci\u00f3 de pol\u00edtiques i activitats de control del tabac als seus membres mitjan\u00e7ant unes directrius internacionals definides des de la Global Network for Tobacco Free Healthcare Services.<\/p>\n\n\n\n<p>La Xarxa no nom\u00e9s recomana mesures de control del tabac, si no que tamb\u00e9 forma als professionals dels centres adherits en cessaci\u00f3 tab\u00e0quica i suport en programes d\u2019ajuda per deixar de fumar. L\u2019Institut Catal\u00e0 d\u2019Oncologia es la instituci\u00f3 que coordina la Xarxa Catalana d\u2019Hospitals sense Fum des dels seus inicis, amb el suport de l\u2019Ag\u00e8ncia de Salut P\u00fablica de la Generalitat de Catalunya.<\/p>\n\n\n\n<p>Per m\u00e9s informaci\u00f3, visita: <a href=\"https:\/\/xchsf.cat\/\">https:\/\/xchsf.cat\/<\/a><\/p>\n<\/div><\/div>\n\n\n\n<p><\/p>\n","protected":false},"excerpt":{"rendered":"<p>L\u2019objectiu de la XCHsF \u00e9s assessorar als centres sanitaris en la implementaci\u00f3 de mesures de control del tabaquisme que assegurin un ambient saludable per a tothom: pacients, visitants i treballadors. A Catalunya, la majoria d\u2019hospitals del sistema sanitari p\u00fablic pertanyen a la Xarxa. Aquesta iniciativa promou la implementaci\u00f3 de pol\u00edtiques i activitats de control del [&hellip;]<\/p>\n","protected":false},"author":28,"featured_media":0,"parent":0,"menu_order":0,"comment_status":"closed","ping_status":"closed","template":"","meta":{"_uag_custom_page_level_css":"","site-sidebar-layout":"default","site-content-layout":"","ast-site-content-layout":"default","site-content-style":"default","site-sidebar-style":"default","ast-global-header-display":"","ast-banner-title-visibility":"","ast-main-header-display":"","ast-hfb-above-header-display":"","ast-hfb-below-header-display":"","ast-hfb-mobile-header-display":"","site-post-title":"disabled","ast-breadcrumbs-content":"","ast-featured-img":"","footer-sml-layout":"","ast-disable-related-posts":"","theme-transparent-header-meta":"","adv-header-id-meta":"","stick-header-meta":"","header-above-stick-meta":"","header-main-stick-meta":"","header-below-stick-meta":"","astra-migrate-meta-layouts":"set","ast-page-background-enabled":"default","ast-page-background-meta":{"desktop":{"background-color":"var(--ast-global-color-4)","background-image":"","background-repeat":"repeat","background-position":"center center","background-size":"auto","background-attachment":"scroll","background-type":"","background-media":"","overlay-type":"","overlay-color":"","overlay-opacity":"","overlay-gradient":""},"tablet":{"background-color":"","background-image":"","background-repeat":"repeat","background-position":"center center","background-size":"auto","background-attachment":"scroll","background-type":"","background-media":"","overlay-type":"","overlay-color":"","overlay-opacity":"","overlay-gradient":""},"mobile":{"background-color":"","background-image":"","background-repeat":"repeat","background-position":"center center","background-size":"auto","background-attachment":"scroll","background-type":"","background-media":"","overlay-type":"","overlay-color":"","overlay-opacity":"","overlay-gradient":""}},"ast-content-background-meta":{"desktop":{"background-color":"var(--ast-global-color-5)","background-image":"","background-repeat":"repeat","background-position":"center center","background-size":"auto","background-attachment":"scroll","background-type":"","background-media":"","overlay-type":"","overlay-color":"","overlay-opacity":"","overlay-gradient":""},"tablet":{"background-color":"var(--ast-global-color-5)","background-image":"","background-repeat":"repeat","background-position":"center center","background-size":"auto","background-attachment":"scroll","background-type":"","background-media":"","overlay-type":"","overlay-color":"","overlay-opacity":"","overlay-gradient":""},"mobile":{"background-color":"var(--ast-global-color-5)","background-image":"","background-repeat":"repeat","background-position":"center center","background-size":"auto","background-attachment":"scroll","background-type":"","background-media":"","overlay-type":"","overlay-color":"","overlay-opacity":"","overlay-gradient":""}},"_vp_format_video_url":"","_vp_image_focal_point":[],"footnotes":""},"class_list":["post-11951","page","type-page","status-publish","hentry"],"uagb_featured_image_src":{"full":false,"thumbnail":false,"medium":false,"medium_large":false,"large":false,"1536x1536":false,"2048x2048":false,"vp_sm":false,"vp_md":false,"vp_lg":false,"vp_xl":false,"vp_sm_popup":false,"vp_md_popup":false,"vp_xl_popup":false},"uagb_author_info":{"display_name":"clara","author_link":"https:\/\/icoprevencio.cat\/uct\/author\/clara\/"},"uagb_comment_info":0,"uagb_excerpt":"L\u2019objectiu de la XCHsF \u00e9s assessorar als centres sanitaris en la implementaci\u00f3 de mesures de control del tabaquisme que assegurin un ambient saludable per a tothom: pacients, visitants i treballadors. A Catalunya, la majoria d\u2019hospitals del sistema sanitari p\u00fablic pertanyen a la Xarxa. Aquesta iniciativa promou la implementaci\u00f3 de pol\u00edtiques i activitats de control del&hellip;","_links":{"self":[{"href":"https:\/\/icoprevencio.cat\/uct\/wp-json\/wp\/v2\/pages\/11951","targetHints":{"allow":["GET"]}}],"collection":[{"href":"https:\/\/icoprevencio.cat\/uct\/wp-json\/wp\/v2\/pages"}],"about":[{"href":"https:\/\/icoprevencio.cat\/uct\/wp-json\/wp\/v2\/types\/page"}],"author":[{"embeddable":true,"href":"https:\/\/icoprevencio.cat\/uct\/wp-json\/wp\/v2\/users\/28"}],"replies":[{"embeddable":true,"href":"https:\/\/icoprevencio.cat\/uct\/wp-json\/wp\/v2\/comments?post=11951"}],"version-history":[{"count":9,"href":"https:\/\/icoprevencio.cat\/uct\/wp-json\/wp\/v2\/pages\/11951\/revisions"}],"predecessor-version":[{"id":15662,"href":"https:\/\/icoprevencio.cat\/uct\/wp-json\/wp\/v2\/pages\/11951\/revisions\/15662"}],"wp:attachment":[{"href":"https:\/\/icoprevencio.cat\/uct\/wp-json\/wp\/v2\/media?parent=11951"}],"curies":[{"name":"wp","href":"https:\/\/api.w.org\/{rel}","templated":true}]}}