{"id":12107,"date":"2024-12-17T15:58:38","date_gmt":"2024-12-17T14:58:38","guid":{"rendered":"https:\/\/icoprevencio.cat\/uct\/?page_id=12107"},"modified":"2025-07-18T08:32:59","modified_gmt":"2025-07-18T07:32:59","slug":"aecc-catalunya-contra-el-cancer","status":"publish","type":"page","link":"https:\/\/icoprevencio.cat\/uct\/aecc-catalunya-contra-el-cancer\/","title":{"rendered":"AECC Catalunya contra el c\u00e0ncer"},"content":{"rendered":"\n<div class=\"wp-block-uagb-container uagb-block-709c37ea alignfull uagb-is-root-container\"><div class=\"uagb-container-inner-blocks-wrap\">\n<div class=\"wp-block-uagb-info-box uagb-block-353171f0 uagb-infobox__content-wrap  uagb-infobox-icon-above-title uagb-infobox-image-valign-top wp-block-uagb-info-box--has-margin\"><div class=\"uagb-infobox-margin-wrapper\"><div class=\"uagb-ifb-content\"><div class=\"uagb-ifb-title-wrap\"><h2 class=\"uagb-ifb-title\"><strong>Projectes anteriors<\/strong><\/h2><\/div><\/div><\/div><\/div>\n<\/div><\/div>\n\n\n\n<div style=\"height:60px\" aria-hidden=\"true\" class=\"wp-block-spacer\"><\/div>\n\n\n\n<div class=\"wp-block-uagb-image uagb-block-71d5725e wp-block-uagb-image--layout-default wp-block-uagb-image--effect-static wp-block-uagb-image--align-none\"><figure class=\"wp-block-uagb-image__figure\"><img decoding=\"async\" src=\"https:\/\/icoprevencio.cat\/uct\/wp-content\/uploads\/sites\/10\/2024\/12\/AECC_logo-e1570087067939.jpg\" alt=\"\" class=\"uag-image-12108\" width=\"391\" height=\"92\" title=\"AECC_logo-e1570087067939\" loading=\"lazy\" role=\"img\" \/><\/figure><\/div>\n\n\n\n<div class=\"wp-block-uagb-info-box uagb-block-9271b190 uagb-infobox__content-wrap  uagb-infobox-icon-above-title uagb-infobox-image-valign-top wp-block-uagb-info-box--has-margin\"><div class=\"uagb-infobox-margin-wrapper\"><div class=\"uagb-ifb-content\"><div class=\"uagb-ifb-title-wrap\"><h3 class=\"uagb-ifb-title\">Cost-efectivitat i impacte pressupostari de tres estrat\u00e8gies preventives en c\u00e0ncer de pulm\u00f3<\/h3><\/div><p class=\"uagb-ifb-desc\">La prevalen\u00e7a de tabaquisme a Espanya est\u00e0 disminuint; malgrat aix\u00f2, tant la incid\u00e8ncia com la mortalitat per c\u00e0ncer de pulm\u00f3 estan augmentant de manera alarmant entre les dones i es preveu que la tend\u00e8ncia continu\u00ef en augment si no s\u2019interv\u00e9. En un context general de contenci\u00f3 de la despesa, les intervencions sanit\u00e0ries no nom\u00e9s han de ser avaluades en termes d\u2019impacte en salut o en termes econ\u00f2mics, sin\u00f3 tamb\u00e9 en termes d\u2019efici\u00e8ncia.<\/p><\/div><\/div><\/div>\n\n\n<div class=\"wp-block-uagb-faq uagb-faq__outer-wrap uagb-block-07d58159 uagb-faq-icon-row-reverse uagb-faq-layout-accordion uagb-faq-expand-first-false uagb-faq-inactive-other-true uagb-faq__wrap uagb-buttons-layout-wrap uagb-faq-equal-height     \" data-faqtoggle=\"true\" role=\"tablist\"><div class=\"wp-block-uagb-faq-child uagb-faq-child__outer-wrap uagb-faq-item uagb-block-24e60ec9 \" role=\"tab\" tabindex=\"0\"><div class=\"uagb-faq-questions-button uagb-faq-questions\">\t\t\t<span class=\"uagb-icon uagb-faq-icon-wrap\">\n\t\t\t\t\t\t\t\t<svg xmlns=\"https:\/\/www.w3.org\/2000\/svg\" viewBox= \"0 0 448 512\"><path d=\"M432 256c0 17.69-14.33 32.01-32 32.01H256v144c0 17.69-14.33 31.99-32 31.99s-32-14.3-32-31.99v-144H48c-17.67 0-32-14.32-32-32.01s14.33-31.99 32-31.99H192v-144c0-17.69 14.33-32.01 32-32.01s32 14.32 32 32.01v144h144C417.7 224 432 238.3 432 256z\"><\/path><\/svg>\n\t\t\t\t\t\t\t<\/span>\n\t\t\t\t\t\t<span class=\"uagb-icon-active uagb-faq-icon-wrap\">\n\t\t\t\t\t\t\t<\/span>\n\t\t\t<span class=\"uagb-question\"><strong>Objectius<\/strong><\/span><\/div><div class=\"uagb-faq-content\"><p>&#8211; Definir i estimar la poblaci\u00f3 espanyola amb un alt risc de desenvolupar un c\u00e0ncer de pulm\u00f3.<br>&#8211; Determinar la proporci\u00f3 de poblaci\u00f3 atesa en Atenci\u00f3 Prim\u00e0ria amb un alt risc de desenvolupar c\u00e0ncer de pulm\u00f3.<br>&#8211; Realitzar una avaluaci\u00f3 econ\u00f2mica comparant la implementaci\u00f3 de tres estrat\u00e8gies preventives en c\u00e0ncer de pulm\u00f3 amb un escenari de no intervenci\u00f3, des de la perspectiva del Sistema Nacional de Salut (SNS) i des de la perspectiva social. Es contempla una an\u00e0lisi de cost-utilitat per mesurar el benefici en salut com anys de vida guanyats ajustats per qualitat de vida, i una an\u00e0lisi de cost-efectivitat per mesurar el benefici en salut com morts evitables per c\u00e0ncer de pulm\u00f3.<br>&#8211; Analitzar l\u2019impacte pressupostari de la implementaci\u00f3 de tres estrat\u00e8gies preventives en c\u00e0ncer de pulm\u00f3 en el SNS.<br><\/p><\/div><\/div><div class=\"wp-block-uagb-faq-child uagb-faq-child__outer-wrap uagb-faq-item uagb-block-9be3fce9 \" role=\"tab\" tabindex=\"0\"><div class=\"uagb-faq-questions-button uagb-faq-questions\">\t\t\t<span class=\"uagb-icon uagb-faq-icon-wrap\">\n\t\t\t\t\t\t\t\t<svg xmlns=\"https:\/\/www.w3.org\/2000\/svg\" viewBox= \"0 0 448 512\"><path d=\"M432 256c0 17.69-14.33 32.01-32 32.01H256v144c0 17.69-14.33 31.99-32 31.99s-32-14.3-32-31.99v-144H48c-17.67 0-32-14.32-32-32.01s14.33-31.99 32-31.99H192v-144c0-17.69 14.33-32.01 32-32.01s32 14.32 32 32.01v144h144C417.7 224 432 238.3 432 256z\"><\/path><\/svg>\n\t\t\t\t\t\t\t<\/span>\n\t\t\t\t\t\t<span class=\"uagb-icon-active uagb-faq-icon-wrap\">\n\t\t\t\t\t\t\t<\/span>\n\t\t\t<span class=\"uagb-question\"><strong>Metodologia:<\/strong><\/span><\/div><div class=\"uagb-faq-content\"><p>Objectiu 1: S\u2019utilitzen les dades de l\u2019Enquesta Nacional de Salut d\u2019Espanya (ENSE) 2011-12. Es descriu la poblaci\u00f3 a risc en tot el territori espanyol i estratificat per sexe i per comunitat aut\u00f2noma.<br><br>Objectiu 2: S\u2019explora la hist\u00f2ria cl\u00ednica electr\u00f2nica d\u2019Atenci\u00f3 Prim\u00e0ria. Se selecciona la poblaci\u00f3 assignada i la poblaci\u00f3 atesa a la Regi\u00f3 Sanit\u00e0ria de Barcelona considerant dos grups d\u2019edat: 35-49 anys (potencialment a risc) i 50-75 anys (alt risc). Es comparen els resultats amb la proporci\u00f3 te\u00f2rica obtinguda amb l\u2019ENSE i es calculen intervals de confian\u00e7a de proporcions per estimar difer\u00e8ncies estad\u00edsticament significatives entre ambd\u00f3s grups.<br><br>Objectiu 3: S\u2019estudia una cohort hipot\u00e8tica amb les caracter\u00edstiques de la poblaci\u00f3 adulta amb alt risc de desenvolupar un c\u00e0ncer de pulm\u00f3 i de la poblaci\u00f3 potencialment a risc utilitzant les dades de l\u2019ENSE 2011-12. Es combinen intervencions de prevenci\u00f3 prim\u00e0ria i secund\u00e0ria aplicades a grups de poblaci\u00f3 d\u2019alt risc i potencialment a risc: intervenci\u00f3 breu per deixar de fumar, tractament intensiu per deixar de fumar i cribratge organitzat. Per determinar l\u2019efic\u00e0cia de cadascuna de les intervencions es realitza una revisi\u00f3 sistem\u00e0tica de la literatura per obtenir diferents percentatges d\u2019abandonament del consum. Es compara l\u2019escenari basal (no intervenci\u00f3) amb tres estrat\u00e8gies preventives, que combinen intervencions de prevenci\u00f3 prim\u00e0ria i secund\u00e0ria aplicades a ambd\u00f3s grups de poblaci\u00f3.<br><br>Objectiu 4: Es considera la poblaci\u00f3 a risc calculada a partir de l\u2019ENSE 2011-12. S\u2019estimen i comparen dos escenaris, l\u2019escenari actual i nous escenaris hipot\u00e8tics derivats de la introducci\u00f3 de les diferents estrat\u00e8gies, contemplant diferents percentatges d\u2019implementaci\u00f3 de les intervencions.<\/p><\/div><\/div><div class=\"wp-block-uagb-faq-child uagb-faq-child__outer-wrap uagb-faq-item uagb-block-076be222 \" role=\"tab\" tabindex=\"0\"><div class=\"uagb-faq-questions-button uagb-faq-questions\">\t\t\t<span class=\"uagb-icon uagb-faq-icon-wrap\">\n\t\t\t\t\t\t\t\t<svg xmlns=\"https:\/\/www.w3.org\/2000\/svg\" viewBox= \"0 0 448 512\"><path d=\"M432 256c0 17.69-14.33 32.01-32 32.01H256v144c0 17.69-14.33 31.99-32 31.99s-32-14.3-32-31.99v-144H48c-17.67 0-32-14.32-32-32.01s14.33-31.99 32-31.99H192v-144c0-17.69 14.33-32.01 32-32.01s32 14.32 32 32.01v144h144C417.7 224 432 238.3 432 256z\"><\/path><\/svg>\n\t\t\t\t\t\t\t<\/span>\n\t\t\t\t\t\t<span class=\"uagb-icon-active uagb-faq-icon-wrap\">\n\t\t\t\t\t\t\t<\/span>\n\t\t\t<span class=\"uagb-question\"><strong>Duraci\u00f3<\/strong><\/span><\/div><div class=\"uagb-faq-content\"><p>1 any, prorrogat 6 mesos (gener 2017 a juny 2018).<\/p><\/div><\/div><div class=\"wp-block-uagb-faq-child uagb-faq-child__outer-wrap uagb-faq-item uagb-block-f17a63bd \" role=\"tab\" tabindex=\"0\"><div class=\"uagb-faq-questions-button uagb-faq-questions\">\t\t\t<span class=\"uagb-icon uagb-faq-icon-wrap\">\n\t\t\t\t\t\t\t\t<svg xmlns=\"https:\/\/www.w3.org\/2000\/svg\" viewBox= \"0 0 448 512\"><path d=\"M432 256c0 17.69-14.33 32.01-32 32.01H256v144c0 17.69-14.33 31.99-32 31.99s-32-14.3-32-31.99v-144H48c-17.67 0-32-14.32-32-32.01s14.33-31.99 32-31.99H192v-144c0-17.69 14.33-32.01 32-32.01s32 14.32 32 32.01v144h144C417.7 224 432 238.3 432 256z\"><\/path><\/svg>\n\t\t\t\t\t\t\t<\/span>\n\t\t\t\t\t\t<span class=\"uagb-icon-active uagb-faq-icon-wrap\">\n\t\t\t\t\t\t\t<\/span>\n\t\t\t<span class=\"uagb-question\"><strong>Finan\u00e7ament<\/strong><\/span><\/div><div class=\"uagb-faq-content\"><p>Ajuts per a projectes de recerca en c\u00e0ncer, Associaci\u00f3 Espanyola Contra el C\u00e0ncer (35.000 \u20ac).<br><\/p><\/div><\/div><div class=\"wp-block-uagb-faq-child uagb-faq-child__outer-wrap uagb-faq-item uagb-block-43ba4076 \" role=\"tab\" tabindex=\"0\"><div class=\"uagb-faq-questions-button uagb-faq-questions\">\t\t\t<span class=\"uagb-icon uagb-faq-icon-wrap\">\n\t\t\t\t\t\t\t\t<svg xmlns=\"https:\/\/www.w3.org\/2000\/svg\" viewBox= \"0 0 448 512\"><path d=\"M432 256c0 17.69-14.33 32.01-32 32.01H256v144c0 17.69-14.33 31.99-32 31.99s-32-14.3-32-31.99v-144H48c-17.67 0-32-14.32-32-32.01s14.33-31.99 32-31.99H192v-144c0-17.69 14.33-32.01 32-32.01s32 14.32 32 32.01v144h144C417.7 224 432 238.3 432 256z\"><\/path><\/svg>\n\t\t\t\t\t\t\t<\/span>\n\t\t\t\t\t\t<span class=\"uagb-icon-active uagb-faq-icon-wrap\">\n\t\t\t\t\t\t\t<\/span>\n\t\t\t<span class=\"uagb-question\"><strong>Equip investigador<\/strong><\/span><\/div><div class=\"uagb-faq-content\"><p>Ll\u00facia Benito (ICO-IDIBELL)<br>Gemma Binefa (ICO-IDIBELL)<br>Miseric\u00f2rdia Carles (URV)<br>Julieta Corral (ICO-IDIBELL)<br>Mireia D\u00edaz (ICO-IDIBELL)<br>Esteve Fern\u00e1ndez (ICO-IDIBELL)<br>Marcela Fu (IP, ICO-IDIBELL)<br>Montse Garc\u00eda (IP, ICO-IDIBELL)<br>Carlos Mart\u00edn (CAP Passeig de Sant Joan)<br>Amparo Romaguera (ICO)<br>Albert Santiago (ICO-IDIBELL)<br>Carmen Vidal (ICO-IDIBELL)<br>Montserrat Ru\u00e9 (IRB Lleida)<br>Marta Trapero-Bertran (UIC)<br><\/p><\/div><\/div><div class=\"wp-block-uagb-faq-child uagb-faq-child__outer-wrap uagb-faq-item uagb-block-faa63e9c \" role=\"tab\" tabindex=\"0\"><div class=\"uagb-faq-questions-button uagb-faq-questions\">\t\t\t<span class=\"uagb-icon uagb-faq-icon-wrap\">\n\t\t\t\t\t\t\t\t<svg xmlns=\"https:\/\/www.w3.org\/2000\/svg\" viewBox= \"0 0 448 512\"><path d=\"M432 256c0 17.69-14.33 32.01-32 32.01H256v144c0 17.69-14.33 31.99-32 31.99s-32-14.3-32-31.99v-144H48c-17.67 0-32-14.32-32-32.01s14.33-31.99 32-31.99H192v-144c0-17.69 14.33-32.01 32-32.01s32 14.32 32 32.01v144h144C417.7 224 432 238.3 432 256z\"><\/path><\/svg>\n\t\t\t\t\t\t\t<\/span>\n\t\t\t\t\t\t<span class=\"uagb-icon-active uagb-faq-icon-wrap\">\n\t\t\t\t\t\t\t<\/span>\n\t\t\t<span class=\"uagb-question\"><strong>Publicacions cient\u00edfiques<\/strong><\/span><\/div><div class=\"uagb-faq-content\"><p>1: Fu M, Travier N, Mart\u00edn-S\u00e1nchez JC, Mart\u00ednez-S\u00e1nchez JM, Vidal C, Garcia M; LUCAPREV research group. Identifying high-risk individuals for lung cancer screening: Going beyond NLST criteria. PLoS One. 2018;13(4):e0195441. doi: 10.1371\/journal.pone.0195441. PMID: 29621354; PMCID: PMC5886563.<br><br>2: Travier N, Fu M, Romaguera A, Mart\u00edn-Cantera C, Fern\u00e1ndez E, Vidal C, Garcia M; LUCAPREV research group. 6-Year Risk of Developing Lung Cancer in Spain: Analysis by Autonomous Communities. Arch Bronconeumol. 2021;57(8):521-7. doi: 10.1016\/j.arbres.2020.03.022. PMID: 32402549.<br><br>3: Diaz M, Garcia M, Vidal C, Santiago A, Gnutti G, G\u00f3mez D, Trapero-Bertran M, Fu M; Lung Cancer Prevention LUCAPREV research group. Health and economic impact at a population level of both primary and secondary preventive lung cancer interventions: A model-based cost-effectiveness analysis. Lung Cancer. 2021;159:153-161. doi: 10.1016\/j.lungcan.2021.06.027. PMID: 34352591.<br><br>Podcast publicaci\u00f3 Travier: https:\/\/multimedia.elsevier.es\/PublicationsMultimediaV1\/item\/multimedia\/stream\/S0300289620301034:mmc1.mp3?idApp=UINPBA00003Z<\/p><\/div><\/div><div class=\"wp-block-uagb-faq-child uagb-faq-child__outer-wrap uagb-faq-item uagb-block-3dabbcd9 \" role=\"tab\" tabindex=\"0\"><div class=\"uagb-faq-questions-button uagb-faq-questions\">\t\t\t<span class=\"uagb-icon uagb-faq-icon-wrap\">\n\t\t\t\t\t\t\t\t<svg xmlns=\"https:\/\/www.w3.org\/2000\/svg\" viewBox= \"0 0 448 512\"><path d=\"M432 256c0 17.69-14.33 32.01-32 32.01H256v144c0 17.69-14.33 31.99-32 31.99s-32-14.3-32-31.99v-144H48c-17.67 0-32-14.32-32-32.01s14.33-31.99 32-31.99H192v-144c0-17.69 14.33-32.01 32-32.01s32 14.32 32 32.01v144h144C417.7 224 432 238.3 432 256z\"><\/path><\/svg>\n\t\t\t\t\t\t\t<\/span>\n\t\t\t\t\t\t<span class=\"uagb-icon-active uagb-faq-icon-wrap\">\n\t\t\t\t\t\t\t<\/span>\n\t\t\t<span class=\"uagb-question\"><strong><strong>Comunicacions a congressos<\/strong><br><\/strong><\/span><\/div><div class=\"uagb-faq-content\"><p>Comunicaci\u00f3 p\u00f2ster: Santiago A, Fu M, Vidal C, Trapero M, Garcia M, D\u00edaz M. Model de simulaci\u00f3 matem\u00e0tica per avaluar estrat\u00e8gies de prevenci\u00f3 de c\u00e0ncer de pulm\u00f3. Jornada I+D MESIO UPC-UB, 9 maig 2018.<br><br>Comunicaci\u00f3 oral: Santiago-Bo\u00edl A, Fu M, Vidal C, Garcia M, D\u00edaz M. Cost-effectiveness analysis of lung cancer prevention strategies. XXXVIII Jornadas de Econom\u00eda de la Salud; Las Palmas de Gran Canaria, 20-22 juny 2018.<br><br>Comunicaci\u00f3 oral: Santiago-Bo\u00edl A, Fu M, Vidal C, Garcia M, D\u00edaz M. Cost-effectiveness analyses of lung cancer prevention strategies. XXIX International Biometric Conference; Barcelona, 8-13 juliol 2018.<br><br>Comunicaci\u00f3 oral: Vidal C, Fu M, Travier N, Garc\u00eda M. Estratificaci\u00f3n del riesgo de c\u00e1ncer de pulm\u00f3n en la poblaci\u00f3n espa\u00f1ola. Implicaciones para la prevenci\u00f3n. XXXVI Reuni\u00f3n Anual de la Sociedad Espa\u00f1ola de Epidemiolog\u00eda (SEE) y XIII Congresso da Associa\u00e7\u00e3o Portuguesa de Epidemiologia (APE), Lisboa, 11-14 setembre 2018.<br><br>Comunicaci\u00f3 poster Garcia M, Fu M, Travier N, Vidal C. Identifying high-risk individuals for lung cancer screening\u2013going beyond NELSON and NLST eligibility criteria. International Cancer Screening Network Conference, Rotterdam, 3-5 juny 2019.<br><br>Comunicaci\u00f3 oral: Garcia M, Vidal C, Santiago A, Fu M, Rue M, Carles-Lavila M, Trapero-Bertran M, D\u00edaz M, Lung Cancer Prevention research group. A cost-effectiveness analysis of lung cancer prevention strategies at population level combining smoking cessation interventions and early detection with low-dose computed tomography in Spain. International Cancer Screening Conference, Rotterdam, 3-5 juny 2019.<br><br>D\u00edaz M, Garc\u00eda M, Vidal C, Santiago A, Rue M, Carles-Lavila M, Trapero-Bertran M, Fu M, Grupo de trabajo LUCAPREV. An\u00e1lisis de coste-efectividad de estrategias preventivas de c\u00e1ncer de pulm\u00f3n en Espa\u00f1a. XXXVII Reuni\u00f3n Anual de la Sociedad Espa\u00f1ola de Epidemiolog\u00eda (SEE), XIV Congresso da Associa\u00e7\u00e3o Portuguesa de Epidemiologia (APE) y XVIII Congreso de la Sociedad Espa\u00f1ola de Sociedad Espa\u00f1ola de Salud P\u00fablica y Administraci\u00f3n Sanitaria (SESPAS), Oviedo, 3-6 setembre 2019.<\/p><\/div><\/div><div class=\"wp-block-uagb-faq-child uagb-faq-child__outer-wrap uagb-faq-item uagb-block-363ff10c \" role=\"tab\" tabindex=\"0\"><div class=\"uagb-faq-questions-button uagb-faq-questions\">\t\t\t<span class=\"uagb-icon uagb-faq-icon-wrap\">\n\t\t\t\t\t\t\t\t<svg xmlns=\"https:\/\/www.w3.org\/2000\/svg\" viewBox= \"0 0 448 512\"><path d=\"M432 256c0 17.69-14.33 32.01-32 32.01H256v144c0 17.69-14.33 31.99-32 31.99s-32-14.3-32-31.99v-144H48c-17.67 0-32-14.32-32-32.01s14.33-31.99 32-31.99H192v-144c0-17.69 14.33-32.01 32-32.01s32 14.32 32 32.01v144h144C417.7 224 432 238.3 432 256z\"><\/path><\/svg>\n\t\t\t\t\t\t\t<\/span>\n\t\t\t\t\t\t<span class=\"uagb-icon-active uagb-faq-icon-wrap\">\n\t\t\t\t\t\t\t<\/span>\n\t\t\t<span class=\"uagb-question\"><strong><strong><strong>Treball de Fi de M\u00e0ster<\/strong><br><\/strong><\/strong><\/span><\/div><div class=\"uagb-faq-content\"><p>T\u00edtol: Lung Cancer Model for Evaluating Cancer Control Interventions.<br>Alumne: Albert Santiago Bo\u00edl.<br>Directora: Mireia D\u00edaz Sanchis.<br>Co-Director: Klaus Gerhard Langohr.<br>Programa: Master of Science in Advanced Mathematics and Mathematical Engineering<br>Centre: Departamento de Estad\u00edstica e Investigaci\u00f3n Operativa, UPC<br>Data de defensa: 16 maig 2018.2019.<\/p><\/div><\/div><\/div>\n\n\n<div style=\"height:131px\" aria-hidden=\"true\" class=\"wp-block-spacer\"><\/div>\n\n\n\n<p><\/p>\n","protected":false},"excerpt":{"rendered":"","protected":false},"author":28,"featured_media":0,"parent":0,"menu_order":0,"comment_status":"closed","ping_status":"closed","template":"","meta":{"_uag_custom_page_level_css":"","site-sidebar-layout":"default","site-content-layout":"","ast-site-content-layout":"default","site-content-style":"default","site-sidebar-style":"default","ast-global-header-display":"","ast-banner-title-visibility":"","ast-main-header-display":"","ast-hfb-above-header-display":"","ast-hfb-below-header-display":"","ast-hfb-mobile-header-display":"","site-post-title":"disabled","ast-breadcrumbs-content":"","ast-featured-img":"","footer-sml-layout":"","ast-disable-related-posts":"","theme-transparent-header-meta":"","adv-header-id-meta":"","stick-header-meta":"","header-above-stick-meta":"","header-main-stick-meta":"","header-below-stick-meta":"","astra-migrate-meta-layouts":"set","ast-page-background-enabled":"default","ast-page-background-meta":{"desktop":{"background-color":"var(--ast-global-color-4)","background-image":"","background-repeat":"repeat","background-position":"center center","background-size":"auto","background-attachment":"scroll","background-type":"","background-media":"","overlay-type":"","overlay-color":"","overlay-opacity":"","overlay-gradient":""},"tablet":{"background-color":"","background-image":"","background-repeat":"repeat","background-position":"center center","background-size":"auto","background-attachment":"scroll","background-type":"","background-media":"","overlay-type":"","overlay-color":"","overlay-opacity":"","overlay-gradient":""},"mobile":{"background-color":"","background-image":"","background-repeat":"repeat","background-position":"center center","background-size":"auto","background-attachment":"scroll","background-type":"","background-media":"","overlay-type":"","overlay-color":"","overlay-opacity":"","overlay-gradient":""}},"ast-content-background-meta":{"desktop":{"background-color":"var(--ast-global-color-5)","background-image":"","background-repeat":"repeat","background-position":"center center","background-size":"auto","background-attachment":"scroll","background-type":"","background-media":"","overlay-type":"","overlay-color":"","overlay-opacity":"","overlay-gradient":""},"tablet":{"background-color":"var(--ast-global-color-5)","background-image":"","background-repeat":"repeat","background-position":"center center","background-size":"auto","background-attachment":"scroll","background-type":"","background-media":"","overlay-type":"","overlay-color":"","overlay-opacity":"","overlay-gradient":""},"mobile":{"background-color":"var(--ast-global-color-5)","background-image":"","background-repeat":"repeat","background-position":"center center","background-size":"auto","background-attachment":"scroll","background-type":"","background-media":"","overlay-type":"","overlay-color":"","overlay-opacity":"","overlay-gradient":""}},"_vp_format_video_url":"","_vp_image_focal_point":[],"footnotes":""},"class_list":["post-12107","page","type-page","status-publish","hentry"],"uagb_featured_image_src":{"full":false,"thumbnail":false,"medium":false,"medium_large":false,"large":false,"1536x1536":false,"2048x2048":false,"vp_sm":false,"vp_md":false,"vp_lg":false,"vp_xl":false,"vp_sm_popup":false,"vp_md_popup":false,"vp_xl_popup":false},"uagb_author_info":{"display_name":"clara","author_link":"https:\/\/icoprevencio.cat\/uct\/author\/clara\/"},"uagb_comment_info":0,"uagb_excerpt":null,"_links":{"self":[{"href":"https:\/\/icoprevencio.cat\/uct\/wp-json\/wp\/v2\/pages\/12107","targetHints":{"allow":["GET"]}}],"collection":[{"href":"https:\/\/icoprevencio.cat\/uct\/wp-json\/wp\/v2\/pages"}],"about":[{"href":"https:\/\/icoprevencio.cat\/uct\/wp-json\/wp\/v2\/types\/page"}],"author":[{"embeddable":true,"href":"https:\/\/icoprevencio.cat\/uct\/wp-json\/wp\/v2\/users\/28"}],"replies":[{"embeddable":true,"href":"https:\/\/icoprevencio.cat\/uct\/wp-json\/wp\/v2\/comments?post=12107"}],"version-history":[{"count":2,"href":"https:\/\/icoprevencio.cat\/uct\/wp-json\/wp\/v2\/pages\/12107\/revisions"}],"predecessor-version":[{"id":13942,"href":"https:\/\/icoprevencio.cat\/uct\/wp-json\/wp\/v2\/pages\/12107\/revisions\/13942"}],"wp:attachment":[{"href":"https:\/\/icoprevencio.cat\/uct\/wp-json\/wp\/v2\/media?parent=12107"}],"curies":[{"name":"wp","href":"https:\/\/api.w.org\/{rel}","templated":true}]}}