{"id":12173,"date":"2024-12-18T15:19:24","date_gmt":"2024-12-18T14:19:24","guid":{"rendered":"https:\/\/icoprevencio.cat\/uct\/?page_id=12173"},"modified":"2025-07-18T08:34:09","modified_gmt":"2025-07-18T07:34:09","slug":"isci-sec","status":"publish","type":"page","link":"https:\/\/icoprevencio.cat\/uct\/isci-sec\/","title":{"rendered":"ISCI SEC"},"content":{"rendered":"\n<div class=\"wp-block-uagb-container uagb-block-709c37ea alignfull uagb-is-root-container\"><div class=\"uagb-container-inner-blocks-wrap\">\n<div class=\"wp-block-uagb-info-box uagb-block-353171f0 uagb-infobox__content-wrap  uagb-infobox-icon-above-title uagb-infobox-image-valign-top wp-block-uagb-info-box--has-margin\"><div class=\"uagb-infobox-margin-wrapper\"><div class=\"uagb-ifb-content\"><div class=\"uagb-ifb-title-wrap\"><h2 class=\"uagb-ifb-title\"><strong>Projectes anteriors<\/strong><\/h2><\/div><\/div><\/div><\/div>\n<\/div><\/div>\n\n\n\n<div style=\"height:60px\" aria-hidden=\"true\" class=\"wp-block-spacer\"><\/div>\n\n\n\n<div class=\"wp-block-uagb-image uagb-block-71d5725e wp-block-uagb-image--layout-default wp-block-uagb-image--effect-static wp-block-uagb-image--align-none\"><figure class=\"wp-block-uagb-image__figure\"><img decoding=\"async\" src=\"https:\/\/icoprevencio.cat\/uct\/wp-content\/uploads\/sites\/10\/2024\/12\/ISCI_SEC-01-1-e1566208986304.jpg\" alt=\"\" class=\"uag-image-12135\" width=\"391\" height=\"92\" title=\"ISCI_SEC-01-1-e1566208986304\" loading=\"lazy\" role=\"img\" \/><\/figure><\/div>\n\n\n\n<div class=\"wp-block-uagb-info-box uagb-block-9271b190 uagb-infobox__content-wrap  uagb-infobox-icon-above-title uagb-infobox-image-valign-top wp-block-uagb-info-box--has-margin\"><div class=\"uagb-infobox-margin-wrapper\"><div class=\"uagb-ifb-content\"><div class=\"uagb-ifb-title-wrap\"><h3 class=\"uagb-ifb-title\">Millorant les intervencions per deixar de fumar a Espanya i Portugal<\/h3><\/div><p class=\"uagb-ifb-desc\">Els pa\u00efsos del sud d\u2019Europa encara tenen un n\u00famero elevat de fumadors; d\u2019ells la prevalen\u00e7a m\u00e9s alta (homes i dones) es van enregistrar a Espanya (29%) i Portugal (25%). Els fumadors s\u00f3n usuaris freq\u00fcents dels serveis sanitaris, i el seu contacte amb el sistema de salut podria ser un moment adequat per deixar de fumar. De fet, entre el 60% i el 70% dels pacients fan l\u2019intent de deixar de fumar mentre estan hospitalitzats. Aix\u00ed, l\u2019hospitalitzaci\u00f3 proporciona una oportunitat \u00fanica d\u2019identificar i motivar als fumadors a deixar de fumar, iniciar tractaments de cessaci\u00f3, i facilitar el suport i seguiment apropiat. Tot i aquestes condicions favorables, els programes de cessaci\u00f3 basats en l\u2019evid\u00e8ncia cient\u00edfica dif\u00edcilment estan disponible als hospitals dels pa\u00efsos del sud d\u2019Europa.<\/p><\/div><\/div><\/div>\n\n\n<div class=\"wp-block-uagb-faq uagb-faq__outer-wrap uagb-block-07d58159 uagb-faq-icon-row-reverse uagb-faq-layout-accordion uagb-faq-expand-first-false uagb-faq-inactive-other-true uagb-faq__wrap uagb-buttons-layout-wrap uagb-faq-equal-height     \" data-faqtoggle=\"true\" role=\"tablist\"><div class=\"wp-block-uagb-faq-child uagb-faq-child__outer-wrap uagb-faq-item uagb-block-24e60ec9 \" role=\"tab\" tabindex=\"0\"><div class=\"uagb-faq-questions-button uagb-faq-questions\">\t\t\t<span class=\"uagb-icon uagb-faq-icon-wrap\">\n\t\t\t\t\t\t\t\t<svg xmlns=\"https:\/\/www.w3.org\/2000\/svg\" viewBox= \"0 0 448 512\"><path d=\"M432 256c0 17.69-14.33 32.01-32 32.01H256v144c0 17.69-14.33 31.99-32 31.99s-32-14.3-32-31.99v-144H48c-17.67 0-32-14.32-32-32.01s14.33-31.99 32-31.99H192v-144c0-17.69 14.33-32.01 32-32.01s32 14.32 32 32.01v144h144C417.7 224 432 238.3 432 256z\"><\/path><\/svg>\n\t\t\t\t\t\t\t<\/span>\n\t\t\t\t\t\t<span class=\"uagb-icon-active uagb-faq-icon-wrap\">\n\t\t\t\t\t\t\t<\/span>\n\t\t\t<span class=\"uagb-question\"><strong>Objectius<\/strong><\/span><\/div><div class=\"uagb-faq-content\"><p>Els pa\u00efsos del sud d\u2019Europa encara tenen un n\u00famero elevat de fumadors; d\u2019ells la prevalen\u00e7a m\u00e9s alta (homes i dones) es van enregistrar a Espanya (29%) i Portugal (25%). Els fumadors s\u00f3n usuaris freq\u00fcents dels serveis sanitaris, i el seu contacte amb el sistema de salut podria ser un moment adequat per deixar de fumar. De fet, entre el 60% i el 70% dels pacients fan l\u2019intent de deixar de fumar mentre estan hospitalitzats. Aix\u00ed, l\u2019hospitalitzaci\u00f3 proporciona una oportunitat \u00fanica d\u2019identificar i motivar als fumadors a deixar de fumar, iniciar tractaments de cessaci\u00f3, i facilitar el suport i seguiment apropiat. Tot i aquestes condicions favorables, els programes de cessaci\u00f3 basats en l\u2019evid\u00e8ncia cient\u00edfica dif\u00edcilment estan disponible als hospitals dels pa\u00efsos del sud d\u2019Europa.<br><\/p><\/div><\/div><div class=\"wp-block-uagb-faq-child uagb-faq-child__outer-wrap uagb-faq-item uagb-block-9be3fce9 \" role=\"tab\" tabindex=\"0\"><div class=\"uagb-faq-questions-button uagb-faq-questions\">\t\t\t<span class=\"uagb-icon uagb-faq-icon-wrap\">\n\t\t\t\t\t\t\t\t<svg xmlns=\"https:\/\/www.w3.org\/2000\/svg\" viewBox= \"0 0 448 512\"><path d=\"M432 256c0 17.69-14.33 32.01-32 32.01H256v144c0 17.69-14.33 31.99-32 31.99s-32-14.3-32-31.99v-144H48c-17.67 0-32-14.32-32-32.01s14.33-31.99 32-31.99H192v-144c0-17.69 14.33-32.01 32-32.01s32 14.32 32 32.01v144h144C417.7 224 432 238.3 432 256z\"><\/path><\/svg>\n\t\t\t\t\t\t\t<\/span>\n\t\t\t\t\t\t<span class=\"uagb-icon-active uagb-faq-icon-wrap\">\n\t\t\t\t\t\t\t<\/span>\n\t\t\t<span class=\"uagb-question\"><strong>Metodologia<\/strong><\/span><\/div><div class=\"uagb-faq-content\"><p>Es dissenyar\u00e0 un programa integral de cessaci\u00f3 tab\u00e0quica que combina dos productes testats basats en l\u2019evid\u00e8ncia: (1) un curs de cessaci\u00f3 de tabac en l\u00ednia, i (2) materials per fomentar la deshabituaci\u00f3, adre\u00e7ats als professionals i als fumadors basats en el model d\u2019Ottawa. La traducci\u00f3 i l\u2019adaptaci\u00f3 dels materials es realitzar\u00e0 pels experts de cada pa\u00eds. L\u2019adopci\u00f3 i la implementaci\u00f3 del programa de cessaci\u00f3 del tabac seguir\u00e0 el model d\u2019AHRQ per transferir l\u2019evid\u00e8ncia a la pr\u00e0ctica.<br><\/p><\/div><\/div><div class=\"wp-block-uagb-faq-child uagb-faq-child__outer-wrap uagb-faq-item uagb-block-3dabbcd9 \" role=\"tab\" tabindex=\"0\"><div class=\"uagb-faq-questions-button uagb-faq-questions\">\t\t\t<span class=\"uagb-icon uagb-faq-icon-wrap\">\n\t\t\t\t\t\t\t\t<svg xmlns=\"https:\/\/www.w3.org\/2000\/svg\" viewBox= \"0 0 448 512\"><path d=\"M432 256c0 17.69-14.33 32.01-32 32.01H256v144c0 17.69-14.33 31.99-32 31.99s-32-14.3-32-31.99v-144H48c-17.67 0-32-14.32-32-32.01s14.33-31.99 32-31.99H192v-144c0-17.69 14.33-32.01 32-32.01s32 14.32 32 32.01v144h144C417.7 224 432 238.3 432 256z\"><\/path><\/svg>\n\t\t\t\t\t\t\t<\/span>\n\t\t\t\t\t\t<span class=\"uagb-icon-active uagb-faq-icon-wrap\">\n\t\t\t\t\t\t\t<\/span>\n\t\t\t<span class=\"uagb-question\"><strong><strong>Avaluaci\u00f3<\/strong><\/strong><\/span><\/div><div class=\"uagb-faq-content\"><p>Estan planejades una s\u00e8rie d\u2019avaluacions pre-post: (1) De proc\u00e9s: per avaluar la cobertura, fidelitat i satisfacci\u00f3 del programa (considerarem una cobertura positiva quan la inclusi\u00f3 dels fumadors sigui \u226550% dels fumadors admesos); (2) De resultat: per mesurar canvis en els coneixements dels professionals de salut, actituds i comportaments despr\u00e9s de la formaci\u00f3 (considerarem un canvi positiu amb un augment de \u226520% d\u2019aquests indicadors); (3) D\u2019impacte: per avaluar si la intervenci\u00f3 augmenta el n\u00famero dels fumadors assistits i si els \u00edndexs de fumadors que cessen en el consum augmenten comparats amb les dades pre-intervenci\u00f3 (considerarem un canvi positiu un augment dels \u00edndexs per damunt \u226510% despr\u00e9s 6 mesos de l\u2019alta de l\u2019hospital).<br>2019.<\/p><\/div><\/div><div class=\"wp-block-uagb-faq-child uagb-faq-child__outer-wrap uagb-faq-item uagb-block-076be222 \" role=\"tab\" tabindex=\"0\"><div class=\"uagb-faq-questions-button uagb-faq-questions\">\t\t\t<span class=\"uagb-icon uagb-faq-icon-wrap\">\n\t\t\t\t\t\t\t\t<svg xmlns=\"https:\/\/www.w3.org\/2000\/svg\" viewBox= \"0 0 448 512\"><path d=\"M432 256c0 17.69-14.33 32.01-32 32.01H256v144c0 17.69-14.33 31.99-32 31.99s-32-14.3-32-31.99v-144H48c-17.67 0-32-14.32-32-32.01s14.33-31.99 32-31.99H192v-144c0-17.69 14.33-32.01 32-32.01s32 14.32 32 32.01v144h144C417.7 224 432 238.3 432 256z\"><\/path><\/svg>\n\t\t\t\t\t\t\t<\/span>\n\t\t\t\t\t\t<span class=\"uagb-icon-active uagb-faq-icon-wrap\">\n\t\t\t\t\t\t\t<\/span>\n\t\t\t<span class=\"uagb-question\"><strong>Duraci\u00f3<\/strong><\/span><\/div><div class=\"uagb-faq-content\"><p>Febrer 2017 \u2013 Febrer 2019<br><\/p><\/div><\/div><div class=\"wp-block-uagb-faq-child uagb-faq-child__outer-wrap uagb-faq-item uagb-block-f17a63bd \" role=\"tab\" tabindex=\"0\"><div class=\"uagb-faq-questions-button uagb-faq-questions\">\t\t\t<span class=\"uagb-icon uagb-faq-icon-wrap\">\n\t\t\t\t\t\t\t\t<svg xmlns=\"https:\/\/www.w3.org\/2000\/svg\" viewBox= \"0 0 448 512\"><path d=\"M432 256c0 17.69-14.33 32.01-32 32.01H256v144c0 17.69-14.33 31.99-32 31.99s-32-14.3-32-31.99v-144H48c-17.67 0-32-14.32-32-32.01s14.33-31.99 32-31.99H192v-144c0-17.69 14.33-32.01 32-32.01s32 14.32 32 32.01v144h144C417.7 224 432 238.3 432 256z\"><\/path><\/svg>\n\t\t\t\t\t\t\t<\/span>\n\t\t\t\t\t\t<span class=\"uagb-icon-active uagb-faq-icon-wrap\">\n\t\t\t\t\t\t\t<\/span>\n\t\t\t<span class=\"uagb-question\"><strong>Finan\u00e7ament<\/strong><\/span><\/div><div class=\"uagb-faq-content\"><p><strong>Refer\u00e8ncia:<\/strong>\u00a025678023.\u00a0<strong>Pressupost:<\/strong>\u00a0199.000,00 $. L\u2019estudi est\u00e0 finan\u00e7at per Global Bridges: Healthcare Alliance for Tobacco Dependence Treatment, hosted at Mayo Clinic, and Pfizer Independent Grants for Learning and Change (IGLC).<br><\/p><\/div><\/div><div class=\"wp-block-uagb-faq-child uagb-faq-child__outer-wrap uagb-faq-item uagb-block-43ba4076 \" role=\"tab\" tabindex=\"0\"><div class=\"uagb-faq-questions-button uagb-faq-questions\">\t\t\t<span class=\"uagb-icon uagb-faq-icon-wrap\">\n\t\t\t\t\t\t\t\t<svg xmlns=\"https:\/\/www.w3.org\/2000\/svg\" viewBox= \"0 0 448 512\"><path d=\"M432 256c0 17.69-14.33 32.01-32 32.01H256v144c0 17.69-14.33 31.99-32 31.99s-32-14.3-32-31.99v-144H48c-17.67 0-32-14.32-32-32.01s14.33-31.99 32-31.99H192v-144c0-17.69 14.33-32.01 32-32.01s32 14.32 32 32.01v144h144C417.7 224 432 238.3 432 256z\"><\/path><\/svg>\n\t\t\t\t\t\t\t<\/span>\n\t\t\t\t\t\t<span class=\"uagb-icon-active uagb-faq-icon-wrap\">\n\t\t\t\t\t\t\t<\/span>\n\t\t\t<span class=\"uagb-question\"><strong>Equip investigador<\/strong><\/span><\/div><div class=\"uagb-faq-content\"><p><a href=\"https:\/\/icoprevencio.cat\/uct\/?p=229\">Cristina Mart\u00ednez<\/a>\u00a0(ICO-IDIBELL)<br><a href=\"https:\/\/icoprevencio.cat\/uct\/?p=235\">Esteve Fern\u00e1ndez<\/a>\u00a0(ICO-IDIBELL)<br>Assumpta Company<br>Olga Guillen<br><a href=\"https:\/\/icoprevencio.cat\/uct\/?p=220\">Laura Ant\u00f3n<\/a>\u00a0(ICO-IDIBELL)<br><a href=\"https:\/\/icoprevencio.cat\/uct\/?p=1748\">Ariadna Feliu<\/a>\u00a0(ICO-IDIBELL)<br><a href=\"https:\/\/icoprevencio.cat\/uct\/member\/marta-enriquez\/\" target=\"_blank\" rel=\"noreferrer noopener\">Marta Enriquez<\/a>\u00a0(ICO-IDIBELL)<br>Sofia Ravara<br>L\u00eddia Videira<br>Hilson Cunha Filho<br>Jose Precioso<br>Manuel Macedo Gon\u00e7alves<br>Constantine Vardavas<br>Sophia Papadakis<br><\/p><\/div><\/div><div class=\"wp-block-uagb-faq-child uagb-faq-child__outer-wrap uagb-faq-item uagb-block-faa63e9c \" role=\"tab\" tabindex=\"0\"><div class=\"uagb-faq-questions-button uagb-faq-questions\">\t\t\t<span class=\"uagb-icon uagb-faq-icon-wrap\">\n\t\t\t\t\t\t\t\t<svg xmlns=\"https:\/\/www.w3.org\/2000\/svg\" viewBox= \"0 0 448 512\"><path d=\"M432 256c0 17.69-14.33 32.01-32 32.01H256v144c0 17.69-14.33 31.99-32 31.99s-32-14.3-32-31.99v-144H48c-17.67 0-32-14.32-32-32.01s14.33-31.99 32-31.99H192v-144c0-17.69 14.33-32.01 32-32.01s32 14.32 32 32.01v144h144C417.7 224 432 238.3 432 256z\"><\/path><\/svg>\n\t\t\t\t\t\t\t<\/span>\n\t\t\t\t\t\t<span class=\"uagb-icon-active uagb-faq-icon-wrap\">\n\t\t\t\t\t\t\t<\/span>\n\t\t\t<span class=\"uagb-question\"><strong>Publicacions cient\u00edfiques<\/strong><\/span><\/div><div class=\"uagb-faq-content\"><p>Feliu A, Ravara S, Papadakis S, Enr\u00edquez M, Ant\u00f3n L, Saura J, Company A, Romero O, Ripoll R, Ruz A, Precioso J, Pascoal I, Videira L, Correia C, Ferreira S, Fern\u00e1ndez E, Mart\u00ednez C. Factores asociados a los cambios en el patr\u00f3n de tabaquismo de los pacientes ingresados durante la hospitalizaci\u00f3n y un mes despu\u00e9s del alta: Un estudio de cohortes. J Nurs Scholarsh. 2021 Nov 9. doi: 10.1111\/jnu.12735. Epub ahead of print. PMID: 34755457. Enlace:\u00a0<a href=\"https:\/\/eur03.safelinks.protection.outlook.com\/?url=https%3A%2F%2Fpubmed.ncbi.nlm.nih.gov%2F34755457%2F&amp;data=04%7C01%7Cdanielgalan%40iconcologia.net%7Cdbc2d956e07242b5870a08d9a8173d66%7C3b9427dcd30e43bc8c06ff7253676fec%7C1%7C0%7C637725640025225680%7CUnknown%7CTWFpbGZsb3d8eyJWIjoiMC4wLjAwMDAiLCJQIjoiV2luMzIiLCJBTiI6Ik1haWwiLCJXVCI6Mn0%3D%7C3000&amp;sdata=GfPC4Y%2BL6A8Y09b7Vd%2BN18lzuImqDw%2FL%2FswIXjHjdkM%3D&amp;reserved=0\" target=\"_blank\" rel=\"noreferrer noopener\">https:\/\/pubmed.ncbi.nlm.nih.gov\/34755457\/<\/a><\/p><\/div><\/div><\/div>\n\n\n<div style=\"height:131px\" aria-hidden=\"true\" class=\"wp-block-spacer\"><\/div>\n\n\n\n<p><\/p>\n","protected":false},"excerpt":{"rendered":"","protected":false},"author":28,"featured_media":0,"parent":0,"menu_order":0,"comment_status":"closed","ping_status":"closed","template":"","meta":{"_uag_custom_page_level_css":"","site-sidebar-layout":"default","site-content-layout":"","ast-site-content-layout":"default","site-content-style":"default","site-sidebar-style":"default","ast-global-header-display":"","ast-banner-title-visibility":"","ast-main-header-display":"","ast-hfb-above-header-display":"","ast-hfb-below-header-display":"","ast-hfb-mobile-header-display":"","site-post-title":"disabled","ast-breadcrumbs-content":"","ast-featured-img":"","footer-sml-layout":"","ast-disable-related-posts":"","theme-transparent-header-meta":"","adv-header-id-meta":"","stick-header-meta":"","header-above-stick-meta":"","header-main-stick-meta":"","header-below-stick-meta":"","astra-migrate-meta-layouts":"set","ast-page-background-enabled":"default","ast-page-background-meta":{"desktop":{"background-color":"var(--ast-global-color-4)","background-image":"","background-repeat":"repeat","background-position":"center center","background-size":"auto","background-attachment":"scroll","background-type":"","background-media":"","overlay-type":"","overlay-color":"","overlay-opacity":"","overlay-gradient":""},"tablet":{"background-color":"","background-image":"","background-repeat":"repeat","background-position":"center center","background-size":"auto","background-attachment":"scroll","background-type":"","background-media":"","overlay-type":"","overlay-color":"","overlay-opacity":"","overlay-gradient":""},"mobile":{"background-color":"","background-image":"","background-repeat":"repeat","background-position":"center center","background-size":"auto","background-attachment":"scroll","background-type":"","background-media":"","overlay-type":"","overlay-color":"","overlay-opacity":"","overlay-gradient":""}},"ast-content-background-meta":{"desktop":{"background-color":"var(--ast-global-color-5)","background-image":"","background-repeat":"repeat","background-position":"center center","background-size":"auto","background-attachment":"scroll","background-type":"","background-media":"","overlay-type":"","overlay-color":"","overlay-opacity":"","overlay-gradient":""},"tablet":{"background-color":"var(--ast-global-color-5)","background-image":"","background-repeat":"repeat","background-position":"center center","background-size":"auto","background-attachment":"scroll","background-type":"","background-media":"","overlay-type":"","overlay-color":"","overlay-opacity":"","overlay-gradient":""},"mobile":{"background-color":"var(--ast-global-color-5)","background-image":"","background-repeat":"repeat","background-position":"center center","background-size":"auto","background-attachment":"scroll","background-type":"","background-media":"","overlay-type":"","overlay-color":"","overlay-opacity":"","overlay-gradient":""}},"_vp_format_video_url":"","_vp_image_focal_point":[],"footnotes":""},"class_list":["post-12173","page","type-page","status-publish","hentry"],"uagb_featured_image_src":{"full":false,"thumbnail":false,"medium":false,"medium_large":false,"large":false,"1536x1536":false,"2048x2048":false,"vp_sm":false,"vp_md":false,"vp_lg":false,"vp_xl":false,"vp_sm_popup":false,"vp_md_popup":false,"vp_xl_popup":false},"uagb_author_info":{"display_name":"clara","author_link":"https:\/\/icoprevencio.cat\/uct\/author\/clara\/"},"uagb_comment_info":0,"uagb_excerpt":null,"_links":{"self":[{"href":"https:\/\/icoprevencio.cat\/uct\/wp-json\/wp\/v2\/pages\/12173","targetHints":{"allow":["GET"]}}],"collection":[{"href":"https:\/\/icoprevencio.cat\/uct\/wp-json\/wp\/v2\/pages"}],"about":[{"href":"https:\/\/icoprevencio.cat\/uct\/wp-json\/wp\/v2\/types\/page"}],"author":[{"embeddable":true,"href":"https:\/\/icoprevencio.cat\/uct\/wp-json\/wp\/v2\/users\/28"}],"replies":[{"embeddable":true,"href":"https:\/\/icoprevencio.cat\/uct\/wp-json\/wp\/v2\/comments?post=12173"}],"version-history":[{"count":2,"href":"https:\/\/icoprevencio.cat\/uct\/wp-json\/wp\/v2\/pages\/12173\/revisions"}],"predecessor-version":[{"id":13955,"href":"https:\/\/icoprevencio.cat\/uct\/wp-json\/wp\/v2\/pages\/12173\/revisions\/13955"}],"wp:attachment":[{"href":"https:\/\/icoprevencio.cat\/uct\/wp-json\/wp\/v2\/media?parent=12173"}],"curies":[{"name":"wp","href":"https:\/\/api.w.org\/{rel}","templated":true}]}}