{"id":13968,"date":"2025-07-18T08:54:13","date_gmt":"2025-07-18T07:54:13","guid":{"rendered":"https:\/\/icoprevencio.cat\/uct\/?page_id=13968"},"modified":"2025-07-18T09:36:01","modified_gmt":"2025-07-18T08:36:01","slug":"tcatsm","status":"publish","type":"page","link":"https:\/\/icoprevencio.cat\/uct\/tcatsm\/","title":{"rendered":"TCAT+sm"},"content":{"rendered":"\n<div class=\"wp-block-uagb-container uagb-block-709c37ea alignfull uagb-is-root-container\"><div class=\"uagb-container-inner-blocks-wrap\">\n<div class=\"wp-block-uagb-info-box uagb-block-353171f0 uagb-infobox__content-wrap  uagb-infobox-icon-above-title uagb-infobox-image-valign-top wp-block-uagb-info-box--has-margin\"><div class=\"uagb-infobox-margin-wrapper\"><div class=\"uagb-ifb-content\"><div class=\"uagb-ifb-title-wrap\"><h2 class=\"uagb-ifb-title\"><strong>Projectes anteriors<\/strong><\/h2><\/div><\/div><\/div><\/div>\n<\/div><\/div>\n\n\n\n<div style=\"height:62px\" aria-hidden=\"true\" class=\"wp-block-spacer\"><\/div>\n\n\n\n<div class=\"wp-block-uagb-image uagb-block-71d5725e wp-block-uagb-image--layout-default wp-block-uagb-image--effect-static wp-block-uagb-image--align-none\"><figure class=\"wp-block-uagb-image__figure\"><img decoding=\"async\" src=\"https:\/\/icoprevencio.cat\/uct\/wp-content\/uploads\/sites\/10\/2025\/06\/Logo-TCAT-sm.jpg\" alt=\"\" class=\"uag-image-12987\" width=\"391\" height=\"92\" title=\"Logo-TCAT-sm\" loading=\"lazy\" role=\"img\" \/><\/figure><\/div>\n\n\n\n<div class=\"wp-block-uagb-info-box uagb-block-9271b190 uagb-infobox__content-wrap  uagb-infobox-icon-above-title uagb-infobox-image-valign-top wp-block-uagb-info-box--has-margin\"><div class=\"uagb-infobox-margin-wrapper\"><div class=\"uagb-ifb-content\"><div class=\"uagb-ifb-title-wrap\"><h3 class=\"uagb-ifb-title\">Avaluaci\u00f3 control del tabac, contaminaci\u00f3 i consum de tabac a unitats de salut mental de Catalunya<\/h3><\/div><p class=\"uagb-ifb-desc\">La prevalen\u00e7a de tabaquisme als pa\u00efsos desenvolupats va disminuint en el decurs dels anys, no obstant, es mant\u00e9 estable a la poblaci\u00f3 de persones amb trastorns mentals, que tamb\u00e9 fuma m\u00e9s quantitat de cigarretes per dia que la poblaci\u00f3 general. Els pacients amb trastorns mentals greus poden morir fins 20 anys abans que la poblaci\u00f3 general, habitualment degut a malalties provocades o empitjorades pel tabac. Encara que la prevalen\u00e7a de fumadors a les unitats hospital\u00e0ries de salut mental pot arribar fins un 80%, el consum de tabac ha estat un tema habitualment desat\u00e8s pels professionals d\u2019aquest \u00e0mbit.<\/p><\/div><\/div><\/div>\n\n\n<div class=\"wp-block-uagb-faq uagb-faq__outer-wrap uagb-block-07d58159 uagb-faq-icon-row-reverse uagb-faq-layout-accordion uagb-faq-expand-first-false uagb-faq-inactive-other-true uagb-faq__wrap uagb-buttons-layout-wrap uagb-faq-equal-height     \" data-faqtoggle=\"true\" role=\"tablist\"><div class=\"wp-block-uagb-faq-child uagb-faq-child__outer-wrap uagb-faq-item uagb-block-24e60ec9 \" role=\"tab\" tabindex=\"0\"><div class=\"uagb-faq-questions-button uagb-faq-questions\">\t\t\t<span class=\"uagb-icon uagb-faq-icon-wrap\">\n\t\t\t\t\t\t\t\t<svg xmlns=\"https:\/\/www.w3.org\/2000\/svg\" viewBox= \"0 0 448 512\"><path d=\"M432 256c0 17.69-14.33 32.01-32 32.01H256v144c0 17.69-14.33 31.99-32 31.99s-32-14.3-32-31.99v-144H48c-17.67 0-32-14.32-32-32.01s14.33-31.99 32-31.99H192v-144c0-17.69 14.33-32.01 32-32.01s32 14.32 32 32.01v144h144C417.7 224 432 238.3 432 256z\"><\/path><\/svg>\n\t\t\t\t\t\t\t<\/span>\n\t\t\t\t\t\t<span class=\"uagb-icon-active uagb-faq-icon-wrap\">\n\t\t\t\t\t\t\t<\/span>\n\t\t\t<span class=\"uagb-question\"><strong>Objectius<\/strong><\/span><\/div><div class=\"uagb-faq-content\"><p>Amb aquest estudi es pret\u00e9n: 1) Caracteritzar i comparar amb els resultats de fa 10 anys les estrat\u00e8gies de control del tabac desplegades a les unitats de salut mental de Catalunya (hospital\u00e0ries i ambulat\u00f2ries), 2) Avaluar objectivament els nivells de fum ambiental del tabac a les unitats hospital\u00e0ries de salut mental i comparar-los amb els resultats de fa 10 anys, despr\u00e9s de l\u2019entrada en vigor de la llei que prohibeix fumar als centres sanitaris de salut mental, i 3) Avaluar el consum de tabac i actituds respecte a l\u2019\u00fas del tabac en l\u2019\u00e0mbit de la salut mental per part de pacients i treballadors de les unitats d\u2019hospitalitzaci\u00f3, i comparar-los amb els resultats de fa 10 anys (<a href=\"https:\/\/icoprevencio.cat\/uct\/portfolio\/avaluacio-del-fum-ambiental-del-tabac-en-unitats-dingres-de-salut-mental\/\" target=\"_blank\" rel=\"noreferrer noopener\">veure estudi previ<\/a>)<\/p><\/div><\/div><div class=\"wp-block-uagb-faq-child uagb-faq-child__outer-wrap uagb-faq-item uagb-block-7502faf6 \" role=\"tab\" tabindex=\"0\"><div class=\"uagb-faq-questions-button uagb-faq-questions\">\t\t\t<span class=\"uagb-icon uagb-faq-icon-wrap\">\n\t\t\t\t\t\t\t\t<svg xmlns=\"https:\/\/www.w3.org\/2000\/svg\" viewBox= \"0 0 448 512\"><path d=\"M432 256c0 17.69-14.33 32.01-32 32.01H256v144c0 17.69-14.33 31.99-32 31.99s-32-14.3-32-31.99v-144H48c-17.67 0-32-14.32-32-32.01s14.33-31.99 32-31.99H192v-144c0-17.69 14.33-32.01 32-32.01s32 14.32 32 32.01v144h144C417.7 224 432 238.3 432 256z\"><\/path><\/svg>\n\t\t\t\t\t\t\t<\/span>\n\t\t\t\t\t\t<span class=\"uagb-icon-active uagb-faq-icon-wrap\">\n\t\t\t\t\t\t\t<\/span>\n\t\t\t<span class=\"uagb-question\"><strong>M\u00e8todes<\/strong><\/span><\/div><div class=\"uagb-faq-content\"><p>Per a l\u2019objectiu 1 s\u2019enviar\u00e0 a tots els responsables d\u2019unitats hospital\u00e0ries i centres de dia de salut mental de Catalunya (n=192) un ampli q\u00fcestionari electr\u00f2nic amb les variables d\u2019inter\u00e8s. Per a l\u2019objectiu 2 es mesurar\u00e0 la concentraci\u00f3 ambiental de part\u00edcules ultrafines (PM<sub>2.5<\/sub>) com a marcador del fum ambiental del tabac (FAT) (n=67). Finalment, per al objectiu 3 s\u2019administrar\u00e0 un breu q\u00fcestionari a pacients (m\u00ednim n=600) i professionals (m\u00ednim n=600) en els mateixos centres. Tota aquesta informaci\u00f3 es comparar\u00e0 amb la de l\u2019estudi previ realitzat fa 10 anys utilitzant la mateixa metodologia.<\/p><\/div><\/div><div class=\"wp-block-uagb-faq-child uagb-faq-child__outer-wrap uagb-faq-item uagb-block-076be222 \" role=\"tab\" tabindex=\"0\"><div class=\"uagb-faq-questions-button uagb-faq-questions\">\t\t\t<span class=\"uagb-icon uagb-faq-icon-wrap\">\n\t\t\t\t\t\t\t\t<svg xmlns=\"https:\/\/www.w3.org\/2000\/svg\" viewBox= \"0 0 448 512\"><path d=\"M432 256c0 17.69-14.33 32.01-32 32.01H256v144c0 17.69-14.33 31.99-32 31.99s-32-14.3-32-31.99v-144H48c-17.67 0-32-14.32-32-32.01s14.33-31.99 32-31.99H192v-144c0-17.69 14.33-32.01 32-32.01s32 14.32 32 32.01v144h144C417.7 224 432 238.3 432 256z\"><\/path><\/svg>\n\t\t\t\t\t\t\t<\/span>\n\t\t\t\t\t\t<span class=\"uagb-icon-active uagb-faq-icon-wrap\">\n\t\t\t\t\t\t\t<\/span>\n\t\t\t<span class=\"uagb-question\"><strong>Duraci\u00f3<\/strong><\/span><\/div><div class=\"uagb-faq-content\"><p>3 anys (gener 2019 \u2013 gener 2022)<\/p><\/div><\/div><div class=\"wp-block-uagb-faq-child uagb-faq-child__outer-wrap uagb-faq-item uagb-block-f17a63bd \" role=\"tab\" tabindex=\"0\"><div class=\"uagb-faq-questions-button uagb-faq-questions\">\t\t\t<span class=\"uagb-icon uagb-faq-icon-wrap\">\n\t\t\t\t\t\t\t\t<svg xmlns=\"https:\/\/www.w3.org\/2000\/svg\" viewBox= \"0 0 448 512\"><path d=\"M432 256c0 17.69-14.33 32.01-32 32.01H256v144c0 17.69-14.33 31.99-32 31.99s-32-14.3-32-31.99v-144H48c-17.67 0-32-14.32-32-32.01s14.33-31.99 32-31.99H192v-144c0-17.69 14.33-32.01 32-32.01s32 14.32 32 32.01v144h144C417.7 224 432 238.3 432 256z\"><\/path><\/svg>\n\t\t\t\t\t\t\t<\/span>\n\t\t\t\t\t\t<span class=\"uagb-icon-active uagb-faq-icon-wrap\">\n\t\t\t\t\t\t\t<\/span>\n\t\t\t<span class=\"uagb-question\"><strong>Finan\u00e7ament<\/strong><\/span><\/div><div class=\"uagb-faq-content\"><p>Instituto Carlos III FIS PI18\/ 01148 dotada amb 59.290,00 \u20ac<\/p><\/div><\/div><div class=\"wp-block-uagb-faq-child uagb-faq-child__outer-wrap uagb-faq-item uagb-block-da622fa5 \" role=\"tab\" tabindex=\"0\"><div class=\"uagb-faq-questions-button uagb-faq-questions\">\t\t\t<span class=\"uagb-icon uagb-faq-icon-wrap\">\n\t\t\t\t\t\t\t\t<svg xmlns=\"https:\/\/www.w3.org\/2000\/svg\" viewBox= \"0 0 448 512\"><path d=\"M432 256c0 17.69-14.33 32.01-32 32.01H256v144c0 17.69-14.33 31.99-32 31.99s-32-14.3-32-31.99v-144H48c-17.67 0-32-14.32-32-32.01s14.33-31.99 32-31.99H192v-144c0-17.69 14.33-32.01 32-32.01s32 14.32 32 32.01v144h144C417.7 224 432 238.3 432 256z\"><\/path><\/svg>\n\t\t\t\t\t\t\t<\/span>\n\t\t\t\t\t\t<span class=\"uagb-icon-active uagb-faq-icon-wrap\">\n\t\t\t\t\t\t\t<\/span>\n\t\t\t<span class=\"uagb-question\"><strong>Socis del projecte i investigador principal<\/strong><\/span><\/div><div class=\"uagb-faq-content\"><p>Institut Catal\u00e0 d\u2019Oncologia (ICO \u2013 Spain)<br>Fundaci\u00f3 Institut d\u2019Investigaci\u00f3 Biom\u00e8dica de Bellvitge (IDIBELL \u2013 Spain)<br>Dreamedsoft Solutions S.L. (DSOFT\u2014Spain)<br>Amsterdam University Medical Center (Vumc \u2013 Netherlands)<br>Stichting Trimbos-Instituut, Netherlands institute of mental health and addiction (TRIMBOS \u2013 Netherlands)<br>Universiteti i Mjekesise Tirane (UMT\u2014Albania)<br>Istituto per lo studio, la prevenzione e la rete oncol\u00f3gica (ISPRO\u2014Italy)<br>State Institution Public Health Center of the Ministry of Health of Ukraine (UPHC\u2014Ukraine)<br>Association Europeenne des Ligues Contre le Cancer (ECL\u2014Belgium)<br>Helse Bergen HF (HBE\/HUS\u2014Norway)<br>Medizinische Hochschule Hannover (MHH\u2014Germany)<br>German Cancer Research Center (DKFZ\u2014Germany)<br>German Network for Tobacco Free Healthcare Services (DNRfK\u2014Germany)<br>The University of Queensland (UQ\u2014Australia)<br>The University of Stirling (USTIRLING\u2013United Kingdom)<br><br>Investigador principal: Cristina Mart\u00ednez (ICO)<\/p><\/div><\/div><div class=\"wp-block-uagb-faq-child uagb-faq-child__outer-wrap uagb-faq-item uagb-block-43ba4076 \" role=\"tab\" tabindex=\"0\"><div class=\"uagb-faq-questions-button uagb-faq-questions\">\t\t\t<span class=\"uagb-icon uagb-faq-icon-wrap\">\n\t\t\t\t\t\t\t\t<svg xmlns=\"https:\/\/www.w3.org\/2000\/svg\" viewBox= \"0 0 448 512\"><path d=\"M432 256c0 17.69-14.33 32.01-32 32.01H256v144c0 17.69-14.33 31.99-32 31.99s-32-14.3-32-31.99v-144H48c-17.67 0-32-14.32-32-32.01s14.33-31.99 32-31.99H192v-144c0-17.69 14.33-32.01 32-32.01s32 14.32 32 32.01v144h144C417.7 224 432 238.3 432 256z\"><\/path><\/svg>\n\t\t\t\t\t\t\t<\/span>\n\t\t\t\t\t\t<span class=\"uagb-icon-active uagb-faq-icon-wrap\">\n\t\t\t\t\t\t\t<\/span>\n\t\t\t<span class=\"uagb-question\"><strong>Equip d\u2019Investigaci\u00f3<\/strong><\/span><\/div><div class=\"uagb-faq-content\"><p><a href=\"https:\/\/icoprevencio.cat\/uct\/member\/montse-ballbe\/\" target=\"_blank\" rel=\"noreferrer noopener\">Montse Ballb\u00e8<\/a>\u00a0(IP). (ICO-IDIBELL)<br><a href=\"https:\/\/icoprevencio.cat\/uct\/member\/esteve-fernandez\/\" target=\"_blank\" rel=\"noreferrer noopener\">Esteve Fern\u00e1ndez.<\/a>\u00a0(ICO-IDIBELL)<br><a href=\"https:\/\/icoprevencio.cat\/uct\/?attachment_id=2749\" target=\"_blank\" rel=\"noreferrer noopener\">Yolanda Castellano.<\/a>\u00a0(ICO-IDIBELL)<br>Josep Maria Suelves. (Departament de Salut de la Generalitat de Catalunya)<br><a href=\"https:\/\/icoprevencio.cat\/uct\/member\/esteve-salto\/\" target=\"_blank\" rel=\"noreferrer noopener\">Esteve Salt\u00f3.<\/a>\u00a0(Departament de Salut de la Generalitat de Catalunya)<br><br><strong>Col\u00b7laboradors:<\/strong><br><a href=\"https:\/\/icoprevencio.cat\/uct\/member\/laura-anton\/\" target=\"_blank\" rel=\"noreferrer noopener\">Laura Ant\u00f3n.<\/a>\u00a0(ICO-IDIBELL)<br>Antoni Gual. (Hospital Cl\u00ednic de Barcelona)<br>Projecte anterior:\u00a0<a href=\"https:\/\/icoprevencio.cat\/uct\/portfolio\/avaluacio-del-fum-ambiental-del-tabac-en-unitats-dingres-de-salut-mental\/\">Avaluaci\u00f3 del fum ambiental del tabac en unitats d\u2019ingr\u00e9s de salut mental<\/a><\/p><\/div><\/div><\/div>\n\n\n<div style=\"height:131px\" aria-hidden=\"true\" class=\"wp-block-spacer\"><\/div>\n\n\n\n<p><\/p>\n","protected":false},"excerpt":{"rendered":"","protected":false},"author":28,"featured_media":0,"parent":0,"menu_order":0,"comment_status":"closed","ping_status":"closed","template":"","meta":{"_uag_custom_page_level_css":"","site-sidebar-layout":"default","site-content-layout":"","ast-site-content-layout":"default","site-content-style":"default","site-sidebar-style":"default","ast-global-header-display":"","ast-banner-title-visibility":"","ast-main-header-display":"","ast-hfb-above-header-display":"","ast-hfb-below-header-display":"","ast-hfb-mobile-header-display":"","site-post-title":"disabled","ast-breadcrumbs-content":"","ast-featured-img":"","footer-sml-layout":"","ast-disable-related-posts":"","theme-transparent-header-meta":"","adv-header-id-meta":"","stick-header-meta":"","header-above-stick-meta":"","header-main-stick-meta":"","header-below-stick-meta":"","astra-migrate-meta-layouts":"set","ast-page-background-enabled":"default","ast-page-background-meta":{"desktop":{"background-color":"var(--ast-global-color-4)","background-image":"","background-repeat":"repeat","background-position":"center center","background-size":"auto","background-attachment":"scroll","background-type":"","background-media":"","overlay-type":"","overlay-color":"","overlay-opacity":"","overlay-gradient":""},"tablet":{"background-color":"","background-image":"","background-repeat":"repeat","background-position":"center center","background-size":"auto","background-attachment":"scroll","background-type":"","background-media":"","overlay-type":"","overlay-color":"","overlay-opacity":"","overlay-gradient":""},"mobile":{"background-color":"","background-image":"","background-repeat":"repeat","background-position":"center center","background-size":"auto","background-attachment":"scroll","background-type":"","background-media":"","overlay-type":"","overlay-color":"","overlay-opacity":"","overlay-gradient":""}},"ast-content-background-meta":{"desktop":{"background-color":"var(--ast-global-color-5)","background-image":"","background-repeat":"repeat","background-position":"center center","background-size":"auto","background-attachment":"scroll","background-type":"","background-media":"","overlay-type":"","overlay-color":"","overlay-opacity":"","overlay-gradient":""},"tablet":{"background-color":"var(--ast-global-color-5)","background-image":"","background-repeat":"repeat","background-position":"center center","background-size":"auto","background-attachment":"scroll","background-type":"","background-media":"","overlay-type":"","overlay-color":"","overlay-opacity":"","overlay-gradient":""},"mobile":{"background-color":"var(--ast-global-color-5)","background-image":"","background-repeat":"repeat","background-position":"center center","background-size":"auto","background-attachment":"scroll","background-type":"","background-media":"","overlay-type":"","overlay-color":"","overlay-opacity":"","overlay-gradient":""}},"_vp_format_video_url":"","_vp_image_focal_point":[],"footnotes":""},"class_list":["post-13968","page","type-page","status-publish","hentry"],"uagb_featured_image_src":{"full":false,"thumbnail":false,"medium":false,"medium_large":false,"large":false,"1536x1536":false,"2048x2048":false,"vp_sm":false,"vp_md":false,"vp_lg":false,"vp_xl":false,"vp_sm_popup":false,"vp_md_popup":false,"vp_xl_popup":false},"uagb_author_info":{"display_name":"clara","author_link":"https:\/\/icoprevencio.cat\/uct\/author\/clara\/"},"uagb_comment_info":0,"uagb_excerpt":null,"_links":{"self":[{"href":"https:\/\/icoprevencio.cat\/uct\/wp-json\/wp\/v2\/pages\/13968","targetHints":{"allow":["GET"]}}],"collection":[{"href":"https:\/\/icoprevencio.cat\/uct\/wp-json\/wp\/v2\/pages"}],"about":[{"href":"https:\/\/icoprevencio.cat\/uct\/wp-json\/wp\/v2\/types\/page"}],"author":[{"embeddable":true,"href":"https:\/\/icoprevencio.cat\/uct\/wp-json\/wp\/v2\/users\/28"}],"replies":[{"embeddable":true,"href":"https:\/\/icoprevencio.cat\/uct\/wp-json\/wp\/v2\/comments?post=13968"}],"version-history":[{"count":2,"href":"https:\/\/icoprevencio.cat\/uct\/wp-json\/wp\/v2\/pages\/13968\/revisions"}],"predecessor-version":[{"id":14045,"href":"https:\/\/icoprevencio.cat\/uct\/wp-json\/wp\/v2\/pages\/13968\/revisions\/14045"}],"wp:attachment":[{"href":"https:\/\/icoprevencio.cat\/uct\/wp-json\/wp\/v2\/media?parent=13968"}],"curies":[{"name":"wp","href":"https:\/\/api.w.org\/{rel}","templated":true}]}}