{"id":13991,"date":"2025-07-18T09:10:14","date_gmt":"2025-07-18T08:10:14","guid":{"rendered":"https:\/\/icoprevencio.cat\/uct\/?page_id=13991"},"modified":"2025-07-18T09:10:15","modified_gmt":"2025-07-18T08:10:15","slug":"instruct","status":"publish","type":"page","link":"https:\/\/icoprevencio.cat\/uct\/instruct\/","title":{"rendered":"INSTRUCT"},"content":{"rendered":"\n<div class=\"wp-block-uagb-container uagb-block-709c37ea alignfull uagb-is-root-container\"><div class=\"uagb-container-inner-blocks-wrap\">\n<div class=\"wp-block-uagb-info-box uagb-block-353171f0 uagb-infobox__content-wrap  uagb-infobox-icon-above-title uagb-infobox-image-valign-top wp-block-uagb-info-box--has-margin\"><div class=\"uagb-infobox-margin-wrapper\"><div class=\"uagb-ifb-content\"><div class=\"uagb-ifb-title-wrap\"><h2 class=\"uagb-ifb-title\"><strong>Projectes anteriors<\/strong><\/h2><\/div><\/div><\/div><\/div>\n<\/div><\/div>\n\n\n\n<div style=\"height:60px\" aria-hidden=\"true\" class=\"wp-block-spacer\"><\/div>\n\n\n\n<figure class=\"wp-block-image aligncenter size-full\"><img loading=\"lazy\" decoding=\"async\" width=\"484\" height=\"95\" src=\"https:\/\/icoprevencio.cat\/uct\/wp-content\/uploads\/sites\/10\/2025\/07\/image-1.png\" alt=\"\" class=\"wp-image-13998\" srcset=\"https:\/\/icoprevencio.cat\/uct\/wp-content\/uploads\/sites\/10\/2025\/07\/image-1.png 484w, https:\/\/icoprevencio.cat\/uct\/wp-content\/uploads\/sites\/10\/2025\/07\/image-1-300x59.png 300w\" sizes=\"auto, (max-width: 484px) 100vw, 484px\" \/><\/figure>\n\n\n\n<div class=\"wp-block-uagb-info-box uagb-block-9271b190 uagb-infobox__content-wrap  uagb-infobox-icon-above-title uagb-infobox-image-valign-top wp-block-uagb-info-box--has-margin\"><div class=\"uagb-infobox-margin-wrapper\"><div class=\"uagb-ifb-content\"><div class=\"uagb-ifb-title-wrap\"><h3 class=\"uagb-ifb-title\">Aprenentatge virtual per ajudar a deixar de fumar entre estudiants sanitaris<\/h3><\/div><p class=\"uagb-ifb-desc\">El consum de tabac \u00e9s un greu problema per a la salut p\u00fablica, responsable de gaireb\u00e9 700.000 morts anuals a Europa. Malgrat aquestes xifres, encara el 28% dels adults europeus s\u00f3n fumadors amb el conseg\u00fcent risc de mantenir i fins i tot augmentar la c\u00e0rrega de malalties relacionades amb el tabac en el vell continent. El tractament de la depend\u00e8ncia del tabac \u00e9s efectiu i est\u00e0 recolzat per una s\u00f2lida evid\u00e8ncia. Els professionals de la salut juguen un paper vital en ajudar els fumadors a deixar de fumar, ja que el coneixement i les habilitats per a ajuda a deixar s\u00f3n un contingut multidisciplinari que tots els professionals de la salut haurien d\u2019aprendre durant els seus anys de formaci\u00f3. Aix\u00ed \u00e9s esperable que els estudiants de professions sanit\u00e0ries adquireixin el coneixement i les habilitats necess\u00e0ries per tractar la depend\u00e8ncia del tabac i reduir la c\u00e0rrega de les malalties relacionades amb el tabac.<br><br>No obstant aix\u00f2, les intervencions pera deixar de fumar segueixen sent insuficients. Una de les raons \u00e9s la manca de programes de capacitaci\u00f3 sobre com ajudar els fumadors a durant la formaci\u00f3 acad\u00e8mica universit\u00e0ria. Per tant, fins ara, els coneixements, habilitats i compet\u00e8ncies per aprendre ajudar a deixar de fumar s\u2019han ofert als professionals de la salut com a part del seu desenvolupament professional continuat.<\/p><\/div><\/div><\/div>\n\n\n<div class=\"wp-block-uagb-faq uagb-faq__outer-wrap uagb-block-07d58159 uagb-faq-icon-row-reverse uagb-faq-layout-accordion uagb-faq-expand-first-false uagb-faq-inactive-other-true uagb-faq__wrap uagb-buttons-layout-wrap uagb-faq-equal-height     \" data-faqtoggle=\"true\" role=\"tablist\"><div class=\"wp-block-uagb-faq-child uagb-faq-child__outer-wrap uagb-faq-item uagb-block-24e60ec9 \" role=\"tab\" tabindex=\"0\"><div class=\"uagb-faq-questions-button uagb-faq-questions\">\t\t\t<span class=\"uagb-icon uagb-faq-icon-wrap\">\n\t\t\t\t\t\t\t\t<svg xmlns=\"https:\/\/www.w3.org\/2000\/svg\" viewBox= \"0 0 448 512\"><path d=\"M432 256c0 17.69-14.33 32.01-32 32.01H256v144c0 17.69-14.33 31.99-32 31.99s-32-14.3-32-31.99v-144H48c-17.67 0-32-14.32-32-32.01s14.33-31.99 32-31.99H192v-144c0-17.69 14.33-32.01 32-32.01s32 14.32 32 32.01v144h144C417.7 224 432 238.3 432 256z\"><\/path><\/svg>\n\t\t\t\t\t\t\t<\/span>\n\t\t\t\t\t\t<span class=\"uagb-icon-active uagb-faq-icon-wrap\">\n\t\t\t\t\t\t\t<\/span>\n\t\t\t<span class=\"uagb-question\"><strong>Objectius<\/strong><\/span><\/div><div class=\"uagb-faq-content\"><p>El projecte INSTrUCT vol desenvolupar, provar i difondre un recurs obert per deixar de fumar disponible per a totes les escoles d\u2019educaci\u00f3 superior d\u2019atenci\u00f3 sanit\u00e0ria a Europa.<\/p><\/div><\/div><div class=\"wp-block-uagb-faq-child uagb-faq-child__outer-wrap uagb-faq-item uagb-block-9be3fce9 \" role=\"tab\" tabindex=\"0\"><div class=\"uagb-faq-questions-button uagb-faq-questions\">\t\t\t<span class=\"uagb-icon uagb-faq-icon-wrap\">\n\t\t\t\t\t\t\t\t<svg xmlns=\"https:\/\/www.w3.org\/2000\/svg\" viewBox= \"0 0 448 512\"><path d=\"M432 256c0 17.69-14.33 32.01-32 32.01H256v144c0 17.69-14.33 31.99-32 31.99s-32-14.3-32-31.99v-144H48c-17.67 0-32-14.32-32-32.01s14.33-31.99 32-31.99H192v-144c0-17.69 14.33-32.01 32-32.01s32 14.32 32 32.01v144h144C417.7 224 432 238.3 432 256z\"><\/path><\/svg>\n\t\t\t\t\t\t\t<\/span>\n\t\t\t\t\t\t<span class=\"uagb-icon-active uagb-faq-icon-wrap\">\n\t\t\t\t\t\t\t<\/span>\n\t\t\t<span class=\"uagb-question\"><strong>Metodologia<\/strong><\/span><\/div><div class=\"uagb-faq-content\"><p>El INSTrUCT ser\u00e0 dissenyat per ensenyar els coneixements, habilitats i compet\u00e8ncies necessaris que tots els professionals de la salut han d\u2019aprendre abans de treballar en un entorn cl\u00ednic. El programa incorporar\u00e0 pedagogies i m\u00e8todes innovadors que donaran suport no nom\u00e9s als alumnes sin\u00f3 tamb\u00e9 als educadors. El programa \u00e9s un recurs educatiu obert (REA) compost per:<br>Un curs en l\u00ednia amb v\u00eddeos,<br>Una \u00e0rea de simulaci\u00f3 virtual i<br>Una guia d\u2019implementaci\u00f3 per a docents.<br>Degut a que les infermeres s\u00f3n el grup m\u00e9s nombr\u00f3s, primer desenvoluparem i avaluarem INSTrUCT entre estudiants d\u2019infermeria de sis escoles d\u2019infermeria de quatre pa\u00efsos europeus (B\u00e8lgica, Regne Unit, Espanya i Portugal). S\u2019espera que 180-240 estudiants utilitzin aquest recursos educatiu abans de ser ofert de forma oberta a la resta d\u2019universitats i disciplines.<br><\/p><\/div><\/div><div class=\"wp-block-uagb-faq-child uagb-faq-child__outer-wrap uagb-faq-item uagb-block-f17a63bd \" role=\"tab\" tabindex=\"0\"><div class=\"uagb-faq-questions-button uagb-faq-questions\">\t\t\t<span class=\"uagb-icon uagb-faq-icon-wrap\">\n\t\t\t\t\t\t\t\t<svg xmlns=\"https:\/\/www.w3.org\/2000\/svg\" viewBox= \"0 0 448 512\"><path d=\"M432 256c0 17.69-14.33 32.01-32 32.01H256v144c0 17.69-14.33 31.99-32 31.99s-32-14.3-32-31.99v-144H48c-17.67 0-32-14.32-32-32.01s14.33-31.99 32-31.99H192v-144c0-17.69 14.33-32.01 32-32.01s32 14.32 32 32.01v144h144C417.7 224 432 238.3 432 256z\"><\/path><\/svg>\n\t\t\t\t\t\t\t<\/span>\n\t\t\t\t\t\t<span class=\"uagb-icon-active uagb-faq-icon-wrap\">\n\t\t\t\t\t\t\t<\/span>\n\t\t\t<span class=\"uagb-question\"><strong>Finan\u00e7ament<\/strong><\/span><\/div><div class=\"uagb-faq-content\"><p>ERASMUS + (EU funded project) 360.596\u20ac,<\/p><\/div><\/div><div class=\"wp-block-uagb-faq-child uagb-faq-child__outer-wrap uagb-faq-item uagb-block-43ba4076 \" role=\"tab\" tabindex=\"0\"><div class=\"uagb-faq-questions-button uagb-faq-questions\">\t\t\t<span class=\"uagb-icon uagb-faq-icon-wrap\">\n\t\t\t\t\t\t\t\t<svg xmlns=\"https:\/\/www.w3.org\/2000\/svg\" viewBox= \"0 0 448 512\"><path d=\"M432 256c0 17.69-14.33 32.01-32 32.01H256v144c0 17.69-14.33 31.99-32 31.99s-32-14.3-32-31.99v-144H48c-17.67 0-32-14.32-32-32.01s14.33-31.99 32-31.99H192v-144c0-17.69 14.33-32.01 32-32.01s32 14.32 32 32.01v144h144C417.7 224 432 238.3 432 256z\"><\/path><\/svg>\n\t\t\t\t\t\t\t<\/span>\n\t\t\t\t\t\t<span class=\"uagb-icon-active uagb-faq-icon-wrap\">\n\t\t\t\t\t\t\t<\/span>\n\t\t\t<span class=\"uagb-question\"><strong>Equip investigador<\/strong><\/span><\/div><div class=\"uagb-faq-content\"><p><br>Institut Catal\u00e0 d\u2019Oncologia (Coordinator):\u00a0<a href=\"https:\/\/icoprevencio.cat\/uct\/member\/cristina-martinez\/\" target=\"_blank\" rel=\"noreferrer noopener\">Cristina Mart\u00ednez (PI)<\/a>,\u00a0<a href=\"https:\/\/icoprevencio.cat\/uct\/member\/esteve-fernandez\/\" target=\"_blank\" rel=\"noreferrer noopener\">Esteve Fern\u00e1ndez<\/a>, Assumpta Company,\u00a0<a href=\"https:\/\/icoprevencio.cat\/uct\/member\/montse-ballbe\/\" target=\"_blank\" rel=\"noreferrer noopener\">Montse Ballb\u00e8<\/a>,\u00a0<a href=\"https:\/\/icoprevencio.cat\/uct\/member\/laura-anton\/\" target=\"_blank\" rel=\"noreferrer noopener\">Laura Anton<\/a>,\u00a0<a href=\"https:\/\/icoprevencio.cat\/uct\/ariadna-feliu\/\" target=\"_blank\" rel=\"noreferrer noopener\">Ariadna Feliu<\/a>,\u00a0<a href=\"https:\/\/icoprevencio.cat\/uct\/member\/merce-margalef\/\" target=\"_blank\" rel=\"noreferrer noopener\">Merc\u00e8 Margalef<\/a>\u00a0i Olga Romero<br>Universitat de Barcelona: Montse Puig-Llobet, Maria Teresa Lluch, Carmen Moreno i Ra\u00fal Sancho<br>Universitat de Lleida: Jordi Vilaplana, Judith Roca<br>Universidad de Navarra: Miren Idoia Pardavila, Navidad Canga, Hildegart Gonz\u00e1lez i Mar\u00eda Pueyo<br>King\u2019s College London: Maria Duaso<br>Erasmushogeschool Brussel: Sandra Tricas-Sauras<br>Universit\u00e9 Libre de Bruxelles: Sandra Tricas-Sauras<br>Escola Superior de Enfermagem de Coimbra: Tereza Barroso i Isabel Marquez<br><\/p><\/div><\/div><\/div>\n\n\n<div style=\"height:131px\" aria-hidden=\"true\" class=\"wp-block-spacer\"><\/div>\n\n\n\n<p><\/p>\n","protected":false},"excerpt":{"rendered":"","protected":false},"author":28,"featured_media":0,"parent":0,"menu_order":0,"comment_status":"closed","ping_status":"closed","template":"","meta":{"_uag_custom_page_level_css":"","site-sidebar-layout":"default","site-content-layout":"","ast-site-content-layout":"default","site-content-style":"default","site-sidebar-style":"default","ast-global-header-display":"","ast-banner-title-visibility":"","ast-main-header-display":"","ast-hfb-above-header-display":"","ast-hfb-below-header-display":"","ast-hfb-mobile-header-display":"","site-post-title":"disabled","ast-breadcrumbs-content":"","ast-featured-img":"","footer-sml-layout":"","ast-disable-related-posts":"","theme-transparent-header-meta":"","adv-header-id-meta":"","stick-header-meta":"","header-above-stick-meta":"","header-main-stick-meta":"","header-below-stick-meta":"","astra-migrate-meta-layouts":"set","ast-page-background-enabled":"default","ast-page-background-meta":{"desktop":{"background-color":"var(--ast-global-color-4)","background-image":"","background-repeat":"repeat","background-position":"center center","background-size":"auto","background-attachment":"scroll","background-type":"","background-media":"","overlay-type":"","overlay-color":"","overlay-opacity":"","overlay-gradient":""},"tablet":{"background-color":"","background-image":"","background-repeat":"repeat","background-position":"center center","background-size":"auto","background-attachment":"scroll","background-type":"","background-media":"","overlay-type":"","overlay-color":"","overlay-opacity":"","overlay-gradient":""},"mobile":{"background-color":"","background-image":"","background-repeat":"repeat","background-position":"center center","background-size":"auto","background-attachment":"scroll","background-type":"","background-media":"","overlay-type":"","overlay-color":"","overlay-opacity":"","overlay-gradient":""}},"ast-content-background-meta":{"desktop":{"background-color":"var(--ast-global-color-5)","background-image":"","background-repeat":"repeat","background-position":"center center","background-size":"auto","background-attachment":"scroll","background-type":"","background-media":"","overlay-type":"","overlay-color":"","overlay-opacity":"","overlay-gradient":""},"tablet":{"background-color":"var(--ast-global-color-5)","background-image":"","background-repeat":"repeat","background-position":"center center","background-size":"auto","background-attachment":"scroll","background-type":"","background-media":"","overlay-type":"","overlay-color":"","overlay-opacity":"","overlay-gradient":""},"mobile":{"background-color":"var(--ast-global-color-5)","background-image":"","background-repeat":"repeat","background-position":"center center","background-size":"auto","background-attachment":"scroll","background-type":"","background-media":"","overlay-type":"","overlay-color":"","overlay-opacity":"","overlay-gradient":""}},"_vp_format_video_url":"","_vp_image_focal_point":[],"footnotes":""},"class_list":["post-13991","page","type-page","status-publish","hentry"],"uagb_featured_image_src":{"full":false,"thumbnail":false,"medium":false,"medium_large":false,"large":false,"1536x1536":false,"2048x2048":false,"vp_sm":false,"vp_md":false,"vp_lg":false,"vp_xl":false,"vp_sm_popup":false,"vp_md_popup":false,"vp_xl_popup":false},"uagb_author_info":{"display_name":"clara","author_link":"https:\/\/icoprevencio.cat\/uct\/author\/clara\/"},"uagb_comment_info":0,"uagb_excerpt":null,"_links":{"self":[{"href":"https:\/\/icoprevencio.cat\/uct\/wp-json\/wp\/v2\/pages\/13991","targetHints":{"allow":["GET"]}}],"collection":[{"href":"https:\/\/icoprevencio.cat\/uct\/wp-json\/wp\/v2\/pages"}],"about":[{"href":"https:\/\/icoprevencio.cat\/uct\/wp-json\/wp\/v2\/types\/page"}],"author":[{"embeddable":true,"href":"https:\/\/icoprevencio.cat\/uct\/wp-json\/wp\/v2\/users\/28"}],"replies":[{"embeddable":true,"href":"https:\/\/icoprevencio.cat\/uct\/wp-json\/wp\/v2\/comments?post=13991"}],"version-history":[{"count":1,"href":"https:\/\/icoprevencio.cat\/uct\/wp-json\/wp\/v2\/pages\/13991\/revisions"}],"predecessor-version":[{"id":14001,"href":"https:\/\/icoprevencio.cat\/uct\/wp-json\/wp\/v2\/pages\/13991\/revisions\/14001"}],"wp:attachment":[{"href":"https:\/\/icoprevencio.cat\/uct\/wp-json\/wp\/v2\/media?parent=13991"}],"curies":[{"name":"wp","href":"https:\/\/api.w.org\/{rel}","templated":true}]}}