{"id":14138,"date":"2025-07-18T10:36:13","date_gmt":"2025-07-18T09:36:13","guid":{"rendered":"https:\/\/icoprevencio.cat\/uct\/?page_id=14138"},"modified":"2025-07-18T10:37:43","modified_gmt":"2025-07-18T09:37:43","slug":"quit_mental","status":"publish","type":"page","link":"https:\/\/icoprevencio.cat\/uct\/quit_mental\/","title":{"rendered":"QUIT_MENTAL"},"content":{"rendered":"\n<div class=\"wp-block-uagb-container uagb-block-709c37ea alignfull uagb-is-root-container\"><div class=\"uagb-container-inner-blocks-wrap\">\n<div class=\"wp-block-uagb-info-box uagb-block-353171f0 uagb-infobox__content-wrap  uagb-infobox-icon-above-title uagb-infobox-image-valign-top wp-block-uagb-info-box--has-margin\"><div class=\"uagb-infobox-margin-wrapper\"><div class=\"uagb-ifb-content\"><div class=\"uagb-ifb-title-wrap\"><h2 class=\"uagb-ifb-title\"><strong>Projectes anteriors<\/strong><\/h2><\/div><\/div><\/div><\/div>\n<\/div><\/div>\n\n\n\n<div style=\"height:62px\" aria-hidden=\"true\" class=\"wp-block-spacer\"><\/div>\n\n\n\n<div class=\"wp-block-uagb-image uagb-block-71d5725e wp-block-uagb-image--layout-default wp-block-uagb-image--effect-static wp-block-uagb-image--align-none\"><figure class=\"wp-block-uagb-image__figure\"><img decoding=\"async\" src=\"https:\/\/icoprevencio.cat\/uct\/wp-content\/uploads\/sites\/10\/2025\/07\/QUIT_MENTAL_RGB_POSITIU-300x118-1.png\" alt=\"\" class=\"uag-image-14143\" width=\"336\" height=\"132\" title=\"QUIT_MENTAL_RGB_POSITIU-300x118\" loading=\"lazy\" role=\"img\" \/><\/figure><\/div>\n\n\n\n<div class=\"wp-block-uagb-info-box uagb-block-9271b190 uagb-infobox__content-wrap  uagb-infobox-icon-above-title uagb-infobox-image-valign-top wp-block-uagb-info-box--has-margin\"><div class=\"uagb-infobox-margin-wrapper\"><div class=\"uagb-ifb-content\"><div class=\"uagb-ifb-title-wrap\"><h3 class=\"uagb-ifb-title\">Efectivitat d\u2019una intervenci\u00f3 per deixar de fumar en pacients amb transtorn mental<\/h3><\/div><p class=\"uagb-ifb-desc\">Les persones amb trastorn mental presenten major probabilitat de fumar i a major gravetat del trastorn, major el consum de tabac. A Catalunya, el 74,4% dels pacients hospitalitzats amb trastorn mental fumen, triplicant el consum de tabac en la poblaci\u00f3 general (27,1%).<br><br>A l\u2019\u00faltima d\u00e8cada, s\u2019han aplicat algunes mesures cost-efectives per controlar el tabaquisme amb el prop\u00f2sit de disminuir les malalties relacionades amb el tabac i la mortalitat associada en aquest col\u00b7lectiu vulnerable. Aquestes mesures inclouen:<br><br>&#8211; Les pol\u00edtiques d\u2019espais sense fum;<br>&#8211; El tractament per deixar de fumar, incloent suport psicol\u00f2gic i ter\u00e0pia farmacol\u00f2gica i<br>&#8211; Les mesures comunit\u00e0ries de suport sostingut.<br><br>Al nostre pa\u00eds, la Llei 42\/2010 prohibeix fumar en els espais interiors i exteriors dels hospitals d\u2019aguts incloent les unitats de psiquiatria. Els pacients amb patologia mental ingressats tenen l\u2019oportunitat de rebre ajuda professional i mantenir-se abstinent durant la seva estada hospital\u00e0ria degut a la necessitat de complir amb la normativa. &nbsp;No obstant, un cop donats d\u2019alta el tipus de suport comunitari per deixar de fumar adre\u00e7at a aquests pacients \u00e9s insuficient.<br><br>El projecte&nbsp;<strong>QUIT_Mental<\/strong>&nbsp;&nbsp;proposa donar suport per deixar de fumar als pacients amb transtorn mental que han estat ingressats a hospitals d\u2019aguts despr\u00e9s de l\u2019alta hospital\u00e0ria &nbsp;mitjan\u00e7ant un suport telef\u00f2nic expert lliurat per les infermeres del 061 CatSalut Respon.<\/p><\/div><\/div><\/div>\n\n\n<div class=\"wp-block-uagb-faq uagb-faq__outer-wrap uagb-block-07d58159 uagb-faq-icon-row-reverse uagb-faq-layout-accordion uagb-faq-expand-first-false uagb-faq-inactive-other-true uagb-faq__wrap uagb-buttons-layout-wrap uagb-faq-equal-height     \" data-faqtoggle=\"true\" role=\"tablist\"><div class=\"wp-block-uagb-faq-child uagb-faq-child__outer-wrap uagb-faq-item uagb-block-24e60ec9 \" role=\"tab\" tabindex=\"0\"><div class=\"uagb-faq-questions-button uagb-faq-questions\">\t\t\t<span class=\"uagb-icon uagb-faq-icon-wrap\">\n\t\t\t\t\t\t\t\t<svg xmlns=\"https:\/\/www.w3.org\/2000\/svg\" viewBox= \"0 0 448 512\"><path d=\"M432 256c0 17.69-14.33 32.01-32 32.01H256v144c0 17.69-14.33 31.99-32 31.99s-32-14.3-32-31.99v-144H48c-17.67 0-32-14.32-32-32.01s14.33-31.99 32-31.99H192v-144c0-17.69 14.33-32.01 32-32.01s32 14.32 32 32.01v144h144C417.7 224 432 238.3 432 256z\"><\/path><\/svg>\n\t\t\t\t\t\t\t<\/span>\n\t\t\t\t\t\t<span class=\"uagb-icon-active uagb-faq-icon-wrap\">\n\t\t\t\t\t\t\t<\/span>\n\t\t\t<span class=\"uagb-question\"><strong>Objectius<\/strong><\/span><\/div><div class=\"uagb-faq-content\"><p>Avaluar l\u2019efectivitat d\u2019una intervenci\u00f3 telef\u00f2nica per deixar de fumar mitjan\u00e7ant un abordatge intensiu motivacional.<\/p><\/div><\/div><div class=\"wp-block-uagb-faq-child uagb-faq-child__outer-wrap uagb-faq-item uagb-block-7502faf6 \" role=\"tab\" tabindex=\"0\"><div class=\"uagb-faq-questions-button uagb-faq-questions\">\t\t\t<span class=\"uagb-icon uagb-faq-icon-wrap\">\n\t\t\t\t\t\t\t\t<svg xmlns=\"https:\/\/www.w3.org\/2000\/svg\" viewBox= \"0 0 448 512\"><path d=\"M432 256c0 17.69-14.33 32.01-32 32.01H256v144c0 17.69-14.33 31.99-32 31.99s-32-14.3-32-31.99v-144H48c-17.67 0-32-14.32-32-32.01s14.33-31.99 32-31.99H192v-144c0-17.69 14.33-32.01 32-32.01s32 14.32 32 32.01v144h144C417.7 224 432 238.3 432 256z\"><\/path><\/svg>\n\t\t\t\t\t\t\t<\/span>\n\t\t\t\t\t\t<span class=\"uagb-icon-active uagb-faq-icon-wrap\">\n\t\t\t\t\t\t\t<\/span>\n\t\t\t<span class=\"uagb-question\"><strong>M\u00e8todes<\/strong><\/span><\/div><div class=\"uagb-faq-content\"><p>Assaig cl\u00ednic aleatoritzat pragm\u00e0tic i comunitari . Els participants que compleixin els criteris d\u2019inclusi\u00f3 i d\u2019exclusi\u00f3 seran aleatoritzats al Grup Intervenci\u00f3 i al Grup Control amb assignaci\u00f3 2:1. Un total de cinc hospitals d\u2019alta tecnologia de Barcelona ciutat participen en l\u2019estudi, els que reclutaran un total de 1.002 pacients.<br><br>La principal variable dependent ser\u00e0 l\u2019abstin\u00e8ncia de consum de tabac, autoreportada i verificada a trav\u00e9s de la cotinina en saliva. Altres variables d\u2019estudi s\u00f3n el n\u00famero d\u2019intents d\u2019abandonament, el temps m\u00e0xim d\u2019abstin\u00e8ncia, el nivell de motivaci\u00f3 i l\u2019autoefic\u00e0cia.<\/p><\/div><\/div><div class=\"wp-block-uagb-faq-child uagb-faq-child__outer-wrap uagb-faq-item uagb-block-076be222 \" role=\"tab\" tabindex=\"0\"><div class=\"uagb-faq-questions-button uagb-faq-questions\">\t\t\t<span class=\"uagb-icon uagb-faq-icon-wrap\">\n\t\t\t\t\t\t\t\t<svg xmlns=\"https:\/\/www.w3.org\/2000\/svg\" viewBox= \"0 0 448 512\"><path d=\"M432 256c0 17.69-14.33 32.01-32 32.01H256v144c0 17.69-14.33 31.99-32 31.99s-32-14.3-32-31.99v-144H48c-17.67 0-32-14.32-32-32.01s14.33-31.99 32-31.99H192v-144c0-17.69 14.33-32.01 32-32.01s32 14.32 32 32.01v144h144C417.7 224 432 238.3 432 256z\"><\/path><\/svg>\n\t\t\t\t\t\t\t<\/span>\n\t\t\t\t\t\t<span class=\"uagb-icon-active uagb-faq-icon-wrap\">\n\t\t\t\t\t\t\t<\/span>\n\t\t\t<span class=\"uagb-question\"><strong>Duraci\u00f3<\/strong><\/span><\/div><div class=\"uagb-faq-content\"><p>2016-2018. Actualment en fase de disseny per la posada en marxa de l\u2019estudi.<\/p><\/div><\/div><div class=\"wp-block-uagb-faq-child uagb-faq-child__outer-wrap uagb-faq-item uagb-block-43ba4076 \" role=\"tab\" tabindex=\"0\"><div class=\"uagb-faq-questions-button uagb-faq-questions\">\t\t\t<span class=\"uagb-icon uagb-faq-icon-wrap\">\n\t\t\t\t\t\t\t\t<svg xmlns=\"https:\/\/www.w3.org\/2000\/svg\" viewBox= \"0 0 448 512\"><path d=\"M432 256c0 17.69-14.33 32.01-32 32.01H256v144c0 17.69-14.33 31.99-32 31.99s-32-14.3-32-31.99v-144H48c-17.67 0-32-14.32-32-32.01s14.33-31.99 32-31.99H192v-144c0-17.69 14.33-32.01 32-32.01s32 14.32 32 32.01v144h144C417.7 224 432 238.3 432 256z\"><\/path><\/svg>\n\t\t\t\t\t\t\t<\/span>\n\t\t\t\t\t\t<span class=\"uagb-icon-active uagb-faq-icon-wrap\">\n\t\t\t\t\t\t\t<\/span>\n\t\t\t<span class=\"uagb-question\"><strong>Finan\u00e7ament<\/strong><\/span><\/div><div class=\"uagb-faq-content\"><p>PI15\/00875\u00a0 (74.415 \u20ac, en tres anualitats) del Fondo de Investigaci\u00f3n Sanitaria de l\u2019Instituto de Salud Carlos III (Fondo de Desarrollo Regional Europeo, FEDER).<\/p><\/div><\/div><div class=\"wp-block-uagb-faq-child uagb-faq-child__outer-wrap uagb-faq-item uagb-block-3e079724 \" role=\"tab\" tabindex=\"0\"><div class=\"uagb-faq-questions-button uagb-faq-questions\">\t\t\t<span class=\"uagb-icon uagb-faq-icon-wrap\">\n\t\t\t\t\t\t\t\t<svg xmlns=\"https:\/\/www.w3.org\/2000\/svg\" viewBox= \"0 0 448 512\"><path d=\"M432 256c0 17.69-14.33 32.01-32 32.01H256v144c0 17.69-14.33 31.99-32 31.99s-32-14.3-32-31.99v-144H48c-17.67 0-32-14.32-32-32.01s14.33-31.99 32-31.99H192v-144c0-17.69 14.33-32.01 32-32.01s32 14.32 32 32.01v144h144C417.7 224 432 238.3 432 256z\"><\/path><\/svg>\n\t\t\t\t\t\t\t<\/span>\n\t\t\t\t\t\t<span class=\"uagb-icon-active uagb-faq-icon-wrap\">\n\t\t\t\t\t\t\t<\/span>\n\t\t\t<span class=\"uagb-question\"><strong><strong>Equip investigador<\/strong><\/strong><\/span><\/div><div class=\"uagb-faq-content\"><p><a href=\"https:\/\/icoprevencio.cat\/uct\/?member=cristina-martinez\">Cristina Mart\u00ednez<\/a>\u00a0(Inv. Principal, ICO-IDIBELL)<br><a href=\"https:\/\/icoprevencio.cat\/uct\/?member=esteve-fernandez\">Esteve Fern\u00e1ndez<\/a>\u00a0(Inv. Principal, ICO-IDIBELL)<br>Laura Allaustre (061 CatSalut Respon)<br><a href=\"https:\/\/icoprevencio.cat\/uct\/?member=montse-ballbe\">Montse Ballb\u00e8<\/a>\u00a0(ICO)<br>Roser Blanc (061 CatSalut Respon)<br>Eugeni Bruguera (H. Vall d\u2019Hebron)<br>Xavier Escalda (061 CatSalut Respon)<br><a href=\"https:\/\/icoprevencio.cat\/uct\/member\/marta-enriquez\/\" target=\"_blank\" rel=\"noreferrer noopener\">Marta Enriquez<\/a>\u00a0(ICO-IDIBELL)<br><a href=\"https:\/\/icoprevencio.cat\/uct\/?p=1748\">Ariadna Feliu<\/a>\u00a0(UCT ICO-IDIBELL)<br>Joseph\u00a0Guydish (UCSF)<br>Rosa Hern\u00e1ndez (H. Bellvitge)<br>S\u00edlvia Mond\u00f3n (H. Cl\u00ednic)<br>Cristina Pinet \u00a0(H. Sant Pau)<br><a href=\"https:\/\/icoprevencio.cat\/uct\/?member=nuria-quiros\">Nuria Quir\u00f3s<\/a>\u00a0(ICO)<br><a href=\"https:\/\/icoprevencio.cat\/uct\/?member=antonia-raich\">Ant\u00f2nia Raich\u00a0<\/a>(Althaia)<br>Susana Subira (Universitat de Barcelona)<br>Josep Maria Suelves (Departament de Salut)<br>N\u00faria Torres (061 CatSalut Respon)<br>Jordi Vicens (Universitat de Barcelona)<\/p><\/div><\/div><\/div>\n\n\n<div style=\"height:131px\" aria-hidden=\"true\" class=\"wp-block-spacer\"><\/div>\n","protected":false},"excerpt":{"rendered":"","protected":false},"author":28,"featured_media":0,"parent":0,"menu_order":0,"comment_status":"closed","ping_status":"closed","template":"","meta":{"_uag_custom_page_level_css":"","site-sidebar-layout":"default","site-content-layout":"","ast-site-content-layout":"default","site-content-style":"default","site-sidebar-style":"default","ast-global-header-display":"","ast-banner-title-visibility":"","ast-main-header-display":"","ast-hfb-above-header-display":"","ast-hfb-below-header-display":"","ast-hfb-mobile-header-display":"","site-post-title":"disabled","ast-breadcrumbs-content":"","ast-featured-img":"","footer-sml-layout":"","ast-disable-related-posts":"","theme-transparent-header-meta":"","adv-header-id-meta":"","stick-header-meta":"","header-above-stick-meta":"","header-main-stick-meta":"","header-below-stick-meta":"","astra-migrate-meta-layouts":"set","ast-page-background-enabled":"default","ast-page-background-meta":{"desktop":{"background-color":"var(--ast-global-color-4)","background-image":"","background-repeat":"repeat","background-position":"center center","background-size":"auto","background-attachment":"scroll","background-type":"","background-media":"","overlay-type":"","overlay-color":"","overlay-opacity":"","overlay-gradient":""},"tablet":{"background-color":"","background-image":"","background-repeat":"repeat","background-position":"center center","background-size":"auto","background-attachment":"scroll","background-type":"","background-media":"","overlay-type":"","overlay-color":"","overlay-opacity":"","overlay-gradient":""},"mobile":{"background-color":"","background-image":"","background-repeat":"repeat","background-position":"center center","background-size":"auto","background-attachment":"scroll","background-type":"","background-media":"","overlay-type":"","overlay-color":"","overlay-opacity":"","overlay-gradient":""}},"ast-content-background-meta":{"desktop":{"background-color":"var(--ast-global-color-5)","background-image":"","background-repeat":"repeat","background-position":"center center","background-size":"auto","background-attachment":"scroll","background-type":"","background-media":"","overlay-type":"","overlay-color":"","overlay-opacity":"","overlay-gradient":""},"tablet":{"background-color":"var(--ast-global-color-5)","background-image":"","background-repeat":"repeat","background-position":"center center","background-size":"auto","background-attachment":"scroll","background-type":"","background-media":"","overlay-type":"","overlay-color":"","overlay-opacity":"","overlay-gradient":""},"mobile":{"background-color":"var(--ast-global-color-5)","background-image":"","background-repeat":"repeat","background-position":"center center","background-size":"auto","background-attachment":"scroll","background-type":"","background-media":"","overlay-type":"","overlay-color":"","overlay-opacity":"","overlay-gradient":""}},"_vp_format_video_url":"","_vp_image_focal_point":[],"footnotes":""},"class_list":["post-14138","page","type-page","status-publish","hentry"],"uagb_featured_image_src":{"full":false,"thumbnail":false,"medium":false,"medium_large":false,"large":false,"1536x1536":false,"2048x2048":false,"vp_sm":false,"vp_md":false,"vp_lg":false,"vp_xl":false,"vp_sm_popup":false,"vp_md_popup":false,"vp_xl_popup":false},"uagb_author_info":{"display_name":"clara","author_link":"https:\/\/icoprevencio.cat\/uct\/author\/clara\/"},"uagb_comment_info":0,"uagb_excerpt":null,"_links":{"self":[{"href":"https:\/\/icoprevencio.cat\/uct\/wp-json\/wp\/v2\/pages\/14138","targetHints":{"allow":["GET"]}}],"collection":[{"href":"https:\/\/icoprevencio.cat\/uct\/wp-json\/wp\/v2\/pages"}],"about":[{"href":"https:\/\/icoprevencio.cat\/uct\/wp-json\/wp\/v2\/types\/page"}],"author":[{"embeddable":true,"href":"https:\/\/icoprevencio.cat\/uct\/wp-json\/wp\/v2\/users\/28"}],"replies":[{"embeddable":true,"href":"https:\/\/icoprevencio.cat\/uct\/wp-json\/wp\/v2\/comments?post=14138"}],"version-history":[{"count":4,"href":"https:\/\/icoprevencio.cat\/uct\/wp-json\/wp\/v2\/pages\/14138\/revisions"}],"predecessor-version":[{"id":14153,"href":"https:\/\/icoprevencio.cat\/uct\/wp-json\/wp\/v2\/pages\/14138\/revisions\/14153"}],"wp:attachment":[{"href":"https:\/\/icoprevencio.cat\/uct\/wp-json\/wp\/v2\/media?parent=14138"}],"curies":[{"name":"wp","href":"https:\/\/api.w.org\/{rel}","templated":true}]}}