{"id":14156,"date":"2025-07-18T10:39:54","date_gmt":"2025-07-18T09:39:54","guid":{"rendered":"https:\/\/icoprevencio.cat\/uct\/?page_id=14156"},"modified":"2025-07-18T10:46:02","modified_gmt":"2025-07-18T09:46:02","slug":"fruitful","status":"publish","type":"page","link":"https:\/\/icoprevencio.cat\/uct\/fruitful\/","title":{"rendered":"FRUITFUL"},"content":{"rendered":"\n<div class=\"wp-block-uagb-container uagb-block-709c37ea alignfull uagb-is-root-container\"><div class=\"uagb-container-inner-blocks-wrap\">\n<div class=\"wp-block-uagb-info-box uagb-block-353171f0 uagb-infobox__content-wrap  uagb-infobox-icon-above-title uagb-infobox-image-valign-top wp-block-uagb-info-box--has-margin\"><div class=\"uagb-infobox-margin-wrapper\"><div class=\"uagb-ifb-content\"><div class=\"uagb-ifb-title-wrap\"><h2 class=\"uagb-ifb-title\"><strong>Projectes anteriors<\/strong><\/h2><\/div><\/div><\/div><\/div>\n<\/div><\/div>\n\n\n\n<div style=\"height:62px\" aria-hidden=\"true\" class=\"wp-block-spacer\"><\/div>\n\n\n\n<div class=\"wp-block-uagb-image uagb-block-71d5725e wp-block-uagb-image--layout-default wp-block-uagb-image--effect-static wp-block-uagb-image--align-none\"><figure class=\"wp-block-uagb-image__figure\"><img decoding=\"async\" src=\"https:\/\/icoprevencio.cat\/uct\/wp-content\/uploads\/sites\/10\/2025\/07\/fruitful-300x169-1.jpg\" alt=\"\" class=\"uag-image-14158\" width=\"391\" height=\"92\" title=\"fruitful-300x169\" loading=\"lazy\" role=\"img\" \/><\/figure><\/div>\n\n\n\n<div class=\"wp-block-uagb-info-box uagb-block-9271b190 uagb-infobox__content-wrap  uagb-infobox-icon-above-title uagb-infobox-image-valign-top wp-block-uagb-info-box--has-margin\"><div class=\"uagb-infobox-margin-wrapper\"><div class=\"uagb-ifb-content\"><div class=\"uagb-ifb-title-wrap\"><h3 class=\"uagb-ifb-title\">Desenvolupament d\u2019un programa de formaci\u00f3 en cessaci\u00f3 tab\u00e0quica per a Llatinoam\u00e8rica<\/h3><\/div><p class=\"uagb-ifb-desc\">El consum de tabac est\u00e0 incrementant en els pa\u00efsos amb renda baixa com alguns pa\u00efsos de la Regi\u00f3 Llatinoamericana i Caribenya. Actualment 120 milions de fumadors viuen en aquests pa\u00efsos. La meitat d\u2019ells patir\u00e0 malalties relacionades amb el tabac i conseq\u00fcentment requeriran atenci\u00f3 sanit\u00e0ria. L\u2019OMS calcula que la mortalitat per malalties relacionades amb el tabac augmentar\u00e0 a Am\u00e8rica Llatina un 700% el 2030 si no es posen els mitjans necessaris per frenar el consum de tabac. Oferir ajuda per deixar de fumar \u00e9s una de les pol\u00edtiques efectives que l\u2019OMS recomana i per aix\u00f2 \u00e9s imprescindible la implicaci\u00f3 activa de tots i cadascun dels professionals sanitaris. El projecte Fruitful pret\u00e9n cobrir la falta de programes de formaci\u00f3 per a deixar de fumar als pa\u00efsos de parla hispana a Am\u00e8rica Llatina.<\/p><\/div><\/div><\/div>\n\n\n<div class=\"wp-block-uagb-faq uagb-faq__outer-wrap uagb-block-07d58159 uagb-faq-icon-row-reverse uagb-faq-layout-accordion uagb-faq-expand-first-false uagb-faq-inactive-other-true uagb-faq__wrap uagb-buttons-layout-wrap uagb-faq-equal-height     \" data-faqtoggle=\"true\" role=\"tablist\"><div class=\"wp-block-uagb-faq-child uagb-faq-child__outer-wrap uagb-faq-item uagb-block-24e60ec9 \" role=\"tab\" tabindex=\"0\"><div class=\"uagb-faq-questions-button uagb-faq-questions\">\t\t\t<span class=\"uagb-icon uagb-faq-icon-wrap\">\n\t\t\t\t\t\t\t\t<svg xmlns=\"https:\/\/www.w3.org\/2000\/svg\" viewBox= \"0 0 448 512\"><path d=\"M432 256c0 17.69-14.33 32.01-32 32.01H256v144c0 17.69-14.33 31.99-32 31.99s-32-14.3-32-31.99v-144H48c-17.67 0-32-14.32-32-32.01s14.33-31.99 32-31.99H192v-144c0-17.69 14.33-32.01 32-32.01s32 14.32 32 32.01v144h144C417.7 224 432 238.3 432 256z\"><\/path><\/svg>\n\t\t\t\t\t\t\t<\/span>\n\t\t\t\t\t\t<span class=\"uagb-icon-active uagb-faq-icon-wrap\">\n\t\t\t\t\t\t\t<\/span>\n\t\t\t<span class=\"uagb-question\"><strong>Objectius<\/strong><\/span><\/div><div class=\"uagb-faq-content\"><p>El Projecte Fruitful t\u00e9 com a objectiu adaptar un curs de formaci\u00f3 a dist\u00e0ncia desenvolupat a l\u2019Institut Catal\u00e0 l\u2019Oncologia (ICO) a la realitat de tres pa\u00efsos llatinoamericans (Bol\u00edvia, Guatemala i Paraguai) per difondre intervencions per deixar de fumar basades en l\u2019evid\u00e8ncia entre els professionals de la salut d\u2019aquest pa\u00efsos.<br><\/p><\/div><\/div><div class=\"wp-block-uagb-faq-child uagb-faq-child__outer-wrap uagb-faq-item uagb-block-7502faf6 \" role=\"tab\" tabindex=\"0\"><div class=\"uagb-faq-questions-button uagb-faq-questions\">\t\t\t<span class=\"uagb-icon uagb-faq-icon-wrap\">\n\t\t\t\t\t\t\t\t<svg xmlns=\"https:\/\/www.w3.org\/2000\/svg\" viewBox= \"0 0 448 512\"><path d=\"M432 256c0 17.69-14.33 32.01-32 32.01H256v144c0 17.69-14.33 31.99-32 31.99s-32-14.3-32-31.99v-144H48c-17.67 0-32-14.32-32-32.01s14.33-31.99 32-31.99H192v-144c0-17.69 14.33-32.01 32-32.01s32 14.32 32 32.01v144h144C417.7 224 432 238.3 432 256z\"><\/path><\/svg>\n\t\t\t\t\t\t\t<\/span>\n\t\t\t\t\t\t<span class=\"uagb-icon-active uagb-faq-icon-wrap\">\n\t\t\t\t\t\t\t<\/span>\n\t\t\t<span class=\"uagb-question\"><strong>M\u00e8todes<\/strong><\/span><\/div><div class=\"uagb-faq-content\"><p>Tres hospitals a Bol\u00edvia, Guatemala i Paraguai ofereixen a tots els seus professionals un curs on-line de formaci\u00f3 per fer deixar de fumar a trav\u00e9s de la plataforma e-oncologia. El programa de formaci\u00f3 en \u201cIntervenci\u00f3 Breu\u201d permetr\u00e0 als professionals sanitaris identificar, avaluar i tractar els fumadors en la seva pr\u00e0ctica di\u00e0ria. El model d\u2019avaluaci\u00f3 utilitza la triangulaci\u00f3 dels m\u00e8todes qualitatius i quantitatius. Per a l\u2019avaluaci\u00f3 quantitativa es realitzar\u00e0 una avaluaci\u00f3 pre-post dels coneixements, actituds i nivell d\u2019actuaci\u00f3 en les intervencions per deixar de fumar dels participants. En l\u2019avaluaci\u00f3 qualitativa s\u2019avaluar\u00e0 la satisfacci\u00f3 del projecte, les barreres i les oportunitats que aquest curs ofereix, mitjan\u00e7ant entrevistes en profunditat i grups focals.<\/p><\/div><\/div><div class=\"wp-block-uagb-faq-child uagb-faq-child__outer-wrap uagb-faq-item uagb-block-076be222 \" role=\"tab\" tabindex=\"0\"><div class=\"uagb-faq-questions-button uagb-faq-questions\">\t\t\t<span class=\"uagb-icon uagb-faq-icon-wrap\">\n\t\t\t\t\t\t\t\t<svg xmlns=\"https:\/\/www.w3.org\/2000\/svg\" viewBox= \"0 0 448 512\"><path d=\"M432 256c0 17.69-14.33 32.01-32 32.01H256v144c0 17.69-14.33 31.99-32 31.99s-32-14.3-32-31.99v-144H48c-17.67 0-32-14.32-32-32.01s14.33-31.99 32-31.99H192v-144c0-17.69 14.33-32.01 32-32.01s32 14.32 32 32.01v144h144C417.7 224 432 238.3 432 256z\"><\/path><\/svg>\n\t\t\t\t\t\t\t<\/span>\n\t\t\t\t\t\t<span class=\"uagb-icon-active uagb-faq-icon-wrap\">\n\t\t\t\t\t\t\t<\/span>\n\t\t\t<span class=\"uagb-question\"><strong>Finan\u00e7ament<\/strong><\/span><\/div><div class=\"uagb-faq-content\"><p>GB-13520139 (99.360 $)\u00a0 Estudi finan\u00e7at per Global Bridges: Healthcare Alliance for Tobacco Dependence Treatment, hosted at Mayo Clinic, and Pfizer Independent Grants for Learning and Change (IGLC).<\/p><\/div><\/div><div class=\"wp-block-uagb-faq-child uagb-faq-child__outer-wrap uagb-faq-item uagb-block-79fb3d4b \" role=\"tab\" tabindex=\"0\"><div class=\"uagb-faq-questions-button uagb-faq-questions\">\t\t\t<span class=\"uagb-icon uagb-faq-icon-wrap\">\n\t\t\t\t\t\t\t\t<svg xmlns=\"https:\/\/www.w3.org\/2000\/svg\" viewBox= \"0 0 448 512\"><path d=\"M432 256c0 17.69-14.33 32.01-32 32.01H256v144c0 17.69-14.33 31.99-32 31.99s-32-14.3-32-31.99v-144H48c-17.67 0-32-14.32-32-32.01s14.33-31.99 32-31.99H192v-144c0-17.69 14.33-32.01 32-32.01s32 14.32 32 32.01v144h144C417.7 224 432 238.3 432 256z\"><\/path><\/svg>\n\t\t\t\t\t\t\t<\/span>\n\t\t\t\t\t\t<span class=\"uagb-icon-active uagb-faq-icon-wrap\">\n\t\t\t\t\t\t\t<\/span>\n\t\t\t<span class=\"uagb-question\"><strong>Duraci\u00f3<\/strong><\/span><\/div><div class=\"uagb-faq-content\"><p>Novembre 2014- Novembre 2016.<\/p><\/div><\/div><div class=\"wp-block-uagb-faq-child uagb-faq-child__outer-wrap uagb-faq-item uagb-block-43ba4076 \" role=\"tab\" tabindex=\"0\"><div class=\"uagb-faq-questions-button uagb-faq-questions\">\t\t\t<span class=\"uagb-icon uagb-faq-icon-wrap\">\n\t\t\t\t\t\t\t\t<svg xmlns=\"https:\/\/www.w3.org\/2000\/svg\" viewBox= \"0 0 448 512\"><path d=\"M432 256c0 17.69-14.33 32.01-32 32.01H256v144c0 17.69-14.33 31.99-32 31.99s-32-14.3-32-31.99v-144H48c-17.67 0-32-14.32-32-32.01s14.33-31.99 32-31.99H192v-144c0-17.69 14.33-32.01 32-32.01s32 14.32 32 32.01v144h144C417.7 224 432 238.3 432 256z\"><\/path><\/svg>\n\t\t\t\t\t\t\t<\/span>\n\t\t\t\t\t\t<span class=\"uagb-icon-active uagb-faq-icon-wrap\">\n\t\t\t\t\t\t\t<\/span>\n\t\t\t<span class=\"uagb-question\"><strong><strong>Equip investigador<\/strong><\/strong><\/span><\/div><div class=\"uagb-faq-content\"><p><a href=\"https:\/\/icoprevencio.cat\/uct\/?p=229\">Cristina Mart\u00ednez\u00a0<\/a>(Inv. Principal, ICO-IDIBELL)<br><a href=\"https:\/\/icoprevencio.cat\/uct\/?member=esteve-fernandez\">Esteve Fern\u00e1ndez<\/a>\u00a0(Inv. Principal, ICO-IDIBELL)<br>Assumpta Company (ICO)<br>Olga Guillen (ICO)<br><a href=\"https:\/\/icoprevencio.cat\/uct\/?p=225\">Merc\u00e8 Margalef<\/a>\u00a0(ICO)<br>Martha Alicia Arrien (Instituto Oncol\u00f3gico del Oriente Boliviano de Santa Cruz de la Sierra-Bol\u00edvia)<br>Claudia S\u00e1nchez C (Ministerio de Salud P\u00fablica y Bienestar Social-Paraguay)<br>Paula C\u00e1ceres (Instituto de Cancerolog\u00eda y Hospital Dr. Bernardo del Valle-Guatemala)<br><\/p><\/div><\/div><div class=\"wp-block-uagb-faq-child uagb-faq-child__outer-wrap uagb-faq-item uagb-block-5f7306f3 \" role=\"tab\" tabindex=\"0\"><div class=\"uagb-faq-questions-button uagb-faq-questions\">\t\t\t<span class=\"uagb-icon uagb-faq-icon-wrap\">\n\t\t\t\t\t\t\t\t<svg xmlns=\"https:\/\/www.w3.org\/2000\/svg\" viewBox= \"0 0 448 512\"><path d=\"M432 256c0 17.69-14.33 32.01-32 32.01H256v144c0 17.69-14.33 31.99-32 31.99s-32-14.3-32-31.99v-144H48c-17.67 0-32-14.32-32-32.01s14.33-31.99 32-31.99H192v-144c0-17.69 14.33-32.01 32-32.01s32 14.32 32 32.01v144h144C417.7 224 432 238.3 432 256z\"><\/path><\/svg>\n\t\t\t\t\t\t\t<\/span>\n\t\t\t\t\t\t<span class=\"uagb-icon-active uagb-faq-icon-wrap\">\n\t\t\t\t\t\t\t<\/span>\n\t\t\t<span class=\"uagb-question\"><strong><strong>Not\u00edcies en premsa<\/strong><\/strong><\/span><\/div><div class=\"uagb-faq-content\"><p><a href=\"https:\/\/tobaccorelated.org\/2015\/05\/07\/proyecto-fruitful-primera-reunion-de-investigadores\/\" target=\"_blank\" rel=\"noreferrer noopener\">Proyecto Fruitful: primera reuni\u00f3n de investigadores<\/a><br><a href=\"https:\/\/tobaccorelated.org\/2016\/01\/07\/proyecto-fruitful-250-clinicos-de-latino-america-formados-online-en-tabaquismo\/\" target=\"_blank\" rel=\"noreferrer noopener\">Proyecto Fruitful: 250 cl\u00ednicos de Latino Am\u00e9rica formados online en tabaquismo<\/a><br><a href=\"https:\/\/www.globalbridges.org\/spotlight\/developing-a-tobacco-cessation-training-program-in-latin-american-countries\/#.VzrJF5OLSlM\" target=\"_blank\" rel=\"noreferrer noopener\">Developing a tobacco cessation training program in Latin American countries<\/a><\/p><\/div><\/div><\/div>\n\n\n<div style=\"height:131px\" aria-hidden=\"true\" class=\"wp-block-spacer\"><\/div>\n","protected":false},"excerpt":{"rendered":"","protected":false},"author":28,"featured_media":0,"parent":0,"menu_order":0,"comment_status":"closed","ping_status":"closed","template":"","meta":{"_uag_custom_page_level_css":"","site-sidebar-layout":"default","site-content-layout":"","ast-site-content-layout":"default","site-content-style":"default","site-sidebar-style":"default","ast-global-header-display":"","ast-banner-title-visibility":"","ast-main-header-display":"","ast-hfb-above-header-display":"","ast-hfb-below-header-display":"","ast-hfb-mobile-header-display":"","site-post-title":"disabled","ast-breadcrumbs-content":"","ast-featured-img":"","footer-sml-layout":"","ast-disable-related-posts":"","theme-transparent-header-meta":"","adv-header-id-meta":"","stick-header-meta":"","header-above-stick-meta":"","header-main-stick-meta":"","header-below-stick-meta":"","astra-migrate-meta-layouts":"set","ast-page-background-enabled":"default","ast-page-background-meta":{"desktop":{"background-color":"var(--ast-global-color-4)","background-image":"","background-repeat":"repeat","background-position":"center center","background-size":"auto","background-attachment":"scroll","background-type":"","background-media":"","overlay-type":"","overlay-color":"","overlay-opacity":"","overlay-gradient":""},"tablet":{"background-color":"","background-image":"","background-repeat":"repeat","background-position":"center center","background-size":"auto","background-attachment":"scroll","background-type":"","background-media":"","overlay-type":"","overlay-color":"","overlay-opacity":"","overlay-gradient":""},"mobile":{"background-color":"","background-image":"","background-repeat":"repeat","background-position":"center center","background-size":"auto","background-attachment":"scroll","background-type":"","background-media":"","overlay-type":"","overlay-color":"","overlay-opacity":"","overlay-gradient":""}},"ast-content-background-meta":{"desktop":{"background-color":"var(--ast-global-color-5)","background-image":"","background-repeat":"repeat","background-position":"center center","background-size":"auto","background-attachment":"scroll","background-type":"","background-media":"","overlay-type":"","overlay-color":"","overlay-opacity":"","overlay-gradient":""},"tablet":{"background-color":"var(--ast-global-color-5)","background-image":"","background-repeat":"repeat","background-position":"center center","background-size":"auto","background-attachment":"scroll","background-type":"","background-media":"","overlay-type":"","overlay-color":"","overlay-opacity":"","overlay-gradient":""},"mobile":{"background-color":"var(--ast-global-color-5)","background-image":"","background-repeat":"repeat","background-position":"center center","background-size":"auto","background-attachment":"scroll","background-type":"","background-media":"","overlay-type":"","overlay-color":"","overlay-opacity":"","overlay-gradient":""}},"_vp_format_video_url":"","_vp_image_focal_point":[],"footnotes":""},"class_list":["post-14156","page","type-page","status-publish","hentry"],"uagb_featured_image_src":{"full":false,"thumbnail":false,"medium":false,"medium_large":false,"large":false,"1536x1536":false,"2048x2048":false,"vp_sm":false,"vp_md":false,"vp_lg":false,"vp_xl":false,"vp_sm_popup":false,"vp_md_popup":false,"vp_xl_popup":false},"uagb_author_info":{"display_name":"clara","author_link":"https:\/\/icoprevencio.cat\/uct\/author\/clara\/"},"uagb_comment_info":0,"uagb_excerpt":null,"_links":{"self":[{"href":"https:\/\/icoprevencio.cat\/uct\/wp-json\/wp\/v2\/pages\/14156","targetHints":{"allow":["GET"]}}],"collection":[{"href":"https:\/\/icoprevencio.cat\/uct\/wp-json\/wp\/v2\/pages"}],"about":[{"href":"https:\/\/icoprevencio.cat\/uct\/wp-json\/wp\/v2\/types\/page"}],"author":[{"embeddable":true,"href":"https:\/\/icoprevencio.cat\/uct\/wp-json\/wp\/v2\/users\/28"}],"replies":[{"embeddable":true,"href":"https:\/\/icoprevencio.cat\/uct\/wp-json\/wp\/v2\/comments?post=14156"}],"version-history":[{"count":1,"href":"https:\/\/icoprevencio.cat\/uct\/wp-json\/wp\/v2\/pages\/14156\/revisions"}],"predecessor-version":[{"id":14161,"href":"https:\/\/icoprevencio.cat\/uct\/wp-json\/wp\/v2\/pages\/14156\/revisions\/14161"}],"wp:attachment":[{"href":"https:\/\/icoprevencio.cat\/uct\/wp-json\/wp\/v2\/media?parent=14156"}],"curies":[{"name":"wp","href":"https:\/\/api.w.org\/{rel}","templated":true}]}}