{"id":14185,"date":"2025-07-18T10:55:57","date_gmt":"2025-07-18T09:55:57","guid":{"rendered":"https:\/\/icoprevencio.cat\/uct\/?page_id=14185"},"modified":"2025-07-18T10:58:38","modified_gmt":"2025-07-18T09:58:38","slug":"es%c2%b7esc","status":"publish","type":"page","link":"https:\/\/icoprevencio.cat\/uct\/es%c2%b7esc\/","title":{"rendered":"ES\u00b7ESC"},"content":{"rendered":"\n<div class=\"wp-block-uagb-container uagb-block-709c37ea alignfull uagb-is-root-container\"><div class=\"uagb-container-inner-blocks-wrap\">\n<div class=\"wp-block-uagb-info-box uagb-block-353171f0 uagb-infobox__content-wrap  uagb-infobox-icon-above-title uagb-infobox-image-valign-top wp-block-uagb-info-box--has-margin\"><div class=\"uagb-infobox-margin-wrapper\"><div class=\"uagb-ifb-content\"><div class=\"uagb-ifb-title-wrap\"><h2 class=\"uagb-ifb-title\"><strong>Projectes anteriors<\/strong><\/h2><\/div><\/div><\/div><\/div>\n<\/div><\/div>\n\n\n\n<div style=\"height:62px\" aria-hidden=\"true\" class=\"wp-block-spacer\"><\/div>\n\n\n\n<div class=\"wp-block-uagb-image uagb-block-71d5725e wp-block-uagb-image--layout-default wp-block-uagb-image--effect-static wp-block-uagb-image--align-none\"><figure class=\"wp-block-uagb-image__figure\"><img decoding=\"async\" src=\"https:\/\/icoprevencio.cat\/uct\/wp-content\/uploads\/sites\/10\/2025\/07\/esesc-300x169-1.jpg\" alt=\"\" class=\"uag-image-14186\" width=\"391\" height=\"92\" title=\"esesc-300x169\" loading=\"lazy\" role=\"img\" \/><\/figure><\/div>\n\n\n\n<div class=\"wp-block-uagb-info-box uagb-block-9271b190 uagb-infobox__content-wrap  uagb-infobox-icon-above-title uagb-infobox-image-valign-top wp-block-uagb-info-box--has-margin\"><div class=\"uagb-infobox-margin-wrapper\"><div class=\"uagb-ifb-content\"><div class=\"uagb-ifb-title-wrap\"><h3 class=\"uagb-ifb-title\">Estudi de Seguiment de l\u2019Enquesta de Salut de Cornell\u00e0<\/h3><\/div><p class=\"uagb-ifb-desc\">Existeixen a Espanya cohorts formades amb voluntaris, com s\u00f3n el projecte MONICA sobre factors de risc cardiovascular, l\u2019estudi EPIC sobre dieta i c\u00e0ncer o l\u2019estudi SUN sobre dieta i altres factors de risc. Al nostre pa\u00eds s\u2019han realitzat diverses Enquestes de Salut d\u2019\u00e0mbit nacional, auton\u00f2mic o local, per\u00f2 no hi ha una tradici\u00f3 d\u2019estudis de seguiment de la mortalitat i\/o de la incid\u00e8ncia experimentada en aquestes mostres representatives de la poblaci\u00f3 general, que van ser entrevistades personalment , i de les que es va obtenir informaci\u00f3 en relaci\u00f3 no nom\u00e9s al seu estat de salut i estils de vida sin\u00f3 tamb\u00e9 sobre comorbiditat i utilitzaci\u00f3 de serveis sanitaris.<\/p><\/div><\/div><\/div>\n\n\n<div class=\"wp-block-uagb-faq uagb-faq__outer-wrap uagb-block-07d58159 uagb-faq-icon-row-reverse uagb-faq-layout-accordion uagb-faq-expand-first-false uagb-faq-inactive-other-true uagb-faq__wrap uagb-buttons-layout-wrap uagb-faq-equal-height     \" data-faqtoggle=\"true\" role=\"tablist\"><div class=\"wp-block-uagb-faq-child uagb-faq-child__outer-wrap uagb-faq-item uagb-block-24e60ec9 \" role=\"tab\" tabindex=\"0\"><div class=\"uagb-faq-questions-button uagb-faq-questions\">\t\t\t<span class=\"uagb-icon uagb-faq-icon-wrap\">\n\t\t\t\t\t\t\t\t<svg xmlns=\"https:\/\/www.w3.org\/2000\/svg\" viewBox= \"0 0 448 512\"><path d=\"M432 256c0 17.69-14.33 32.01-32 32.01H256v144c0 17.69-14.33 31.99-32 31.99s-32-14.3-32-31.99v-144H48c-17.67 0-32-14.32-32-32.01s14.33-31.99 32-31.99H192v-144c0-17.69 14.33-32.01 32-32.01s32 14.32 32 32.01v144h144C417.7 224 432 238.3 432 256z\"><\/path><\/svg>\n\t\t\t\t\t\t\t<\/span>\n\t\t\t\t\t\t<span class=\"uagb-icon-active uagb-faq-icon-wrap\">\n\t\t\t\t\t\t\t<\/span>\n\t\t\t<span class=\"uagb-question\"><strong>Objectius<\/strong><\/span><\/div><div class=\"uagb-faq-content\"><p>Analitzar els canvis en el consum de tabac, consum d\u2019alcohol i activitat f\u00edsica entre l\u2019any 1994 (entrevista basal) i l\u2019any 2002 (entrevista de seguiment). Secund\u00e0riament, el projecte permetr\u00e0 obtenir informaci\u00f3 transversal sobre altres factors psicosocials (percepci\u00f3 de risc, locus de control, suport social) relacionats amb la salut i investigar aspectes metodol\u00f2gics relacionats amb els estudis de cohorts.<br><\/p><\/div><\/div><div class=\"wp-block-uagb-faq-child uagb-faq-child__outer-wrap uagb-faq-item uagb-block-7502faf6 \" role=\"tab\" tabindex=\"0\"><div class=\"uagb-faq-questions-button uagb-faq-questions\">\t\t\t<span class=\"uagb-icon uagb-faq-icon-wrap\">\n\t\t\t\t\t\t\t\t<svg xmlns=\"https:\/\/www.w3.org\/2000\/svg\" viewBox= \"0 0 448 512\"><path d=\"M432 256c0 17.69-14.33 32.01-32 32.01H256v144c0 17.69-14.33 31.99-32 31.99s-32-14.3-32-31.99v-144H48c-17.67 0-32-14.32-32-32.01s14.33-31.99 32-31.99H192v-144c0-17.69 14.33-32.01 32-32.01s32 14.32 32 32.01v144h144C417.7 224 432 238.3 432 256z\"><\/path><\/svg>\n\t\t\t\t\t\t\t<\/span>\n\t\t\t\t\t\t<span class=\"uagb-icon-active uagb-faq-icon-wrap\">\n\t\t\t\t\t\t\t<\/span>\n\t\t\t<span class=\"uagb-question\"><strong>M\u00e8todes<\/strong><\/span><\/div><div class=\"uagb-faq-content\"><p><strong>Disseny:<\/strong>\u00a0Estudi prospectiu de cohorts d\u2019una mostra representativa de la poblaci\u00f3 general.\u00a0<strong>\u00c0mbit de l\u2019estudi:<\/strong>\u00a0Poblaci\u00f3 general no institucionalitzada de Cornell\u00e0 de Llobregat (Barcelona).\u00a0<strong>Subjectes de l\u2019estudi:<\/strong>\u00a01.237 homes i 1.263 dones entrevistats personalment durant l\u2019any 1994 a Cornell\u00e0.\u00a0<strong>Procediments:<\/strong>\u00a0El seguiment de la cohort i l\u2019obtenci\u00f3 de la nova informaci\u00f3 sobre els estils de vida i ocurr\u00e8ncia de malalties es realitzar\u00e0 mitjan\u00e7ant entrevista telef\u00f2nica personal durant l\u2019any 2002. El q\u00fcestionari de seguiment es basa en l\u2019utilitzat en l\u2019entrevista basal. S\u2019ha de comprovar la factibilitat del seu \u00fas en una mostra de conveni\u00e8ncia i durant la prova pilot. S\u2019analitzaran els determinants relacionats amb els canvis en els estils de vida i el risc relatiu de patir les diferents malalties estudiades mitjan\u00e7ant models de Cox i de regressi\u00f3 log\u00edstica.<br><\/p><\/div><\/div><div class=\"wp-block-uagb-faq-child uagb-faq-child__outer-wrap uagb-faq-item uagb-block-076be222 \" role=\"tab\" tabindex=\"0\"><div class=\"uagb-faq-questions-button uagb-faq-questions\">\t\t\t<span class=\"uagb-icon uagb-faq-icon-wrap\">\n\t\t\t\t\t\t\t\t<svg xmlns=\"https:\/\/www.w3.org\/2000\/svg\" viewBox= \"0 0 448 512\"><path d=\"M432 256c0 17.69-14.33 32.01-32 32.01H256v144c0 17.69-14.33 31.99-32 31.99s-32-14.3-32-31.99v-144H48c-17.67 0-32-14.32-32-32.01s14.33-31.99 32-31.99H192v-144c0-17.69 14.33-32.01 32-32.01s32 14.32 32 32.01v144h144C417.7 224 432 238.3 432 256z\"><\/path><\/svg>\n\t\t\t\t\t\t\t<\/span>\n\t\t\t\t\t\t<span class=\"uagb-icon-active uagb-faq-icon-wrap\">\n\t\t\t\t\t\t\t<\/span>\n\t\t\t<span class=\"uagb-question\"><strong>Finan\u00e7ament<\/strong><\/span><\/div><div class=\"uagb-faq-content\"><p>Ajut PI020261 (26.680,00 \u20ac, en tres anualitats) del Fondo de Investigaci\u00f3n Sanitaria del Instituto de Salud Carlos III (Fondo de Desarrollo Regional Europeo, FEDER) i contractes amb l\u2019Ajuntament de Cornell\u00e0 de Llobregat.<br><\/p><\/div><\/div><div class=\"wp-block-uagb-faq-child uagb-faq-child__outer-wrap uagb-faq-item uagb-block-79fb3d4b \" role=\"tab\" tabindex=\"0\"><div class=\"uagb-faq-questions-button uagb-faq-questions\">\t\t\t<span class=\"uagb-icon uagb-faq-icon-wrap\">\n\t\t\t\t\t\t\t\t<svg xmlns=\"https:\/\/www.w3.org\/2000\/svg\" viewBox= \"0 0 448 512\"><path d=\"M432 256c0 17.69-14.33 32.01-32 32.01H256v144c0 17.69-14.33 31.99-32 31.99s-32-14.3-32-31.99v-144H48c-17.67 0-32-14.32-32-32.01s14.33-31.99 32-31.99H192v-144c0-17.69 14.33-32.01 32-32.01s32 14.32 32 32.01v144h144C417.7 224 432 238.3 432 256z\"><\/path><\/svg>\n\t\t\t\t\t\t\t<\/span>\n\t\t\t\t\t\t<span class=\"uagb-icon-active uagb-faq-icon-wrap\">\n\t\t\t\t\t\t\t<\/span>\n\t\t\t<span class=\"uagb-question\"><strong>Duraci\u00f3<\/strong><\/span><\/div><div class=\"uagb-faq-content\"><p>2002-2005.<br><\/p><\/div><\/div><div class=\"wp-block-uagb-faq-child uagb-faq-child__outer-wrap uagb-faq-item uagb-block-43ba4076 \" role=\"tab\" tabindex=\"0\"><div class=\"uagb-faq-questions-button uagb-faq-questions\">\t\t\t<span class=\"uagb-icon uagb-faq-icon-wrap\">\n\t\t\t\t\t\t\t\t<svg xmlns=\"https:\/\/www.w3.org\/2000\/svg\" viewBox= \"0 0 448 512\"><path d=\"M432 256c0 17.69-14.33 32.01-32 32.01H256v144c0 17.69-14.33 31.99-32 31.99s-32-14.3-32-31.99v-144H48c-17.67 0-32-14.32-32-32.01s14.33-31.99 32-31.99H192v-144c0-17.69 14.33-32.01 32-32.01s32 14.32 32 32.01v144h144C417.7 224 432 238.3 432 256z\"><\/path><\/svg>\n\t\t\t\t\t\t\t<\/span>\n\t\t\t\t\t\t<span class=\"uagb-icon-active uagb-faq-icon-wrap\">\n\t\t\t\t\t\t\t<\/span>\n\t\t\t<span class=\"uagb-question\"><strong><strong>Equip investigador<\/strong><\/strong><\/span><\/div><div class=\"uagb-faq-content\"><p><a href=\"https:\/\/icoprevencio.cat\/uct\/?member=esteve-fernandez\">Esteve Fern\u00e1ndez\u00a0<\/a>(Inv. Principal, ICO-IDIBELL)<br>Josep Maria Borr\u00e0s\u00a0(ICO-IDIBELL)<br>Montse Garc\u00eda\u00a0(ICO-IDIBELL)<br>Merc\u00e8 Mart\u00ed\u00a0(Aj Cornell\u00e0)<br>F. Javier Nieto\u00a0(University of Wisconsin)<br>Gl\u00f2ria P\u00e9rez\u00a0(DS)<br>Merc\u00e8 Peris (ICO-IDIBELL)<br>Anna Schiaffino\u00a0(ICO-IDIBELL)<br>Esteve Salt\u00f3 (DS, ICO-IDIBELL)<\/p><\/div><\/div><div class=\"wp-block-uagb-faq-child uagb-faq-child__outer-wrap uagb-faq-item uagb-block-5f7306f3 \" role=\"tab\" tabindex=\"0\"><div class=\"uagb-faq-questions-button uagb-faq-questions\">\t\t\t<span class=\"uagb-icon uagb-faq-icon-wrap\">\n\t\t\t\t\t\t\t\t<svg xmlns=\"https:\/\/www.w3.org\/2000\/svg\" viewBox= \"0 0 448 512\"><path d=\"M432 256c0 17.69-14.33 32.01-32 32.01H256v144c0 17.69-14.33 31.99-32 31.99s-32-14.3-32-31.99v-144H48c-17.67 0-32-14.32-32-32.01s14.33-31.99 32-31.99H192v-144c0-17.69 14.33-32.01 32-32.01s32 14.32 32 32.01v144h144C417.7 224 432 238.3 432 256z\"><\/path><\/svg>\n\t\t\t\t\t\t\t<\/span>\n\t\t\t\t\t\t<span class=\"uagb-icon-active uagb-faq-icon-wrap\">\n\t\t\t\t\t\t\t<\/span>\n\t\t\t<span class=\"uagb-question\"><strong><strong>Publicacions<\/strong><\/strong><\/span><\/div><div class=\"uagb-faq-content\"><p>Garc\u00eda M, Schiaffino A, Fern\u00e1ndez E, et al.\u00a0<a href=\"http:\/\/www.ncbi.nlm.nih.gov\/pmc\/articles\/PMC152654\/pdf\/1471-2458-3-12.pdf\" target=\"_blank\" rel=\"noreferrer noopener\">The Cornella Health Interview Survey Follow-Up (CHIS.FU) Study: design, methods, and response rate.<\/a>\u00a0BMC Public Health. 2003; 3:12.<br>Garc\u00eda M, Schiaffino, Twose J, Borrell C, Salt\u00f3 E, Peris M, Fern\u00e1ndez E.\u00a0<a href=\"http:\/\/www.archbronconeumol.org\/index.php?p=watermark&amp;idApp=UINPBA00003Z&amp;piiItem=S030028960475543X&amp;origen=bronco&amp;web=bronco&amp;urlApp=http:\/\/www.archbronconeumol.org&amp;estadoItem=S300&amp;idiomaItem=es\" target=\"_blank\" rel=\"noreferrer noopener\">Abandono del consumo de tabaco en una cohorte de base poblacional.<\/a>\u00a0Arch Bronconeumol. 2004; 40:344-350.<br>Twose J, Schiaffino A, Garc\u00eda M, Mart\u00ed M, Fern\u00e1ndez E, Investigadores del Estudio de Seguimiento de la Encuesta de Salud de Cornell\u00e0.\u00a0<a href=\"http:\/\/apps.elsevier.es\/watermark\/ctl_servlet?_f=10&amp;pident_articulo=13067522&amp;pident_usuario=0&amp;pcontactid=&amp;pident_revista=2&amp;ty=44&amp;accion=L&amp;origen=zonadelectura&amp;web=www.elsevier.es&amp;lan=es&amp;fichero=2v123n13a13067522pdf001.pdf\" target=\"_blank\" rel=\"noreferrer noopener\">Prevalencia de la exposici\u00f3n al humo ambiental del tabaco en Cornell\u00e0 de Llobregat<\/a>. Med Clin (Barc). 2004;123(13):496-498.<br>Garc\u00eda M, Fern\u00e1ndez E, Schiaffino A, Borrell C, Mart\u00ed M, Borr\u00e1s JM; CHIS.FU Study Group.\u00a0<a href=\"http:\/\/www.annalsofepidemiology.org\/article\/S1047-2797(04)00123-1\/abstract\" target=\"_blank\" rel=\"noreferrer noopener\">Attrition in a population-based cohort eight years after baseline interview: The Cornella Health Interview Survey Follow-up (CHIS.FU) Study<\/a>. Ann Epidemiol. 2005;15(2):98-104.<br>Garc\u00eda M, Fern\u00e1ndez E, Schiaffino A, Peris M, Borr\u00e1s JM, Nieto J.\u00a0<a href=\"http:\/\/www.ncbi.nlm.nih.gov\/pubmed\/15771332\" target=\"_blank\" rel=\"noreferrer noopener\">Phonetracking in a follow-up study<\/a>. Soz Pr\u00e4ventivmed. 2005;50: 63-66.<br>Garc\u00eda M, Fern\u00e1ndez E, Schiaffino A, Peris M, Borr\u00e1s JM.\u00a0<a href=\"http:\/\/www.ncbi.nlm.nih.gov\/pubmed\/15850864\" target=\"_blank\" rel=\"noreferrer noopener\">Smoking reduction in a population-based cohort<\/a>. Prev Med. 2005; 40: 679-684.<br>Garc\u00eda M, Fern\u00e1ndez E, Borr\u00e1s JM, Nieto J, Schiaffino A, Peris M, P\u00e9rez G, La Vecchia C.\u00a0<a href=\"http:\/\/onlinelibrary.wiley.com\/doi\/10.1002\/ijc.21091\/epdf\" target=\"_blank\" rel=\"noreferrer noopener\">Cancer risk perceptions in an urban Mediterranean population<\/a>. Int J Cancer. 2005; 7: 132-136.<br>Twose J, Schiaffino A, Garc\u00eda M, Borr\u00e1s JM, Fern\u00e1ndez E. CHIS.FU Investigators.\u00a0<a href=\"http:\/\/www.ncbi.nlm.nih.gov\/pmc\/articles\/PMC1963452\/pdf\/1471-2458-7-194.pdf\" target=\"_blank\" rel=\"noreferrer noopener\">Correlates of exposure to secondhand smoke in an urban Mediterranean population<\/a>. BMC Public Health. 2007;7:194.<br>Cornelio C, Schiaffino A, Garc\u00eda M, P\u00e9rez G, Borr\u00e1s JM, Peris M, Fern\u00e1ndez E.\u00a0<a href=\"http:\/\/www.ncbi.nlm.nih.gov\/pubmed\/18272739\" target=\"_blank\" rel=\"noreferrer noopener\">Changes in leisure time and occupational physical activity over 8 years. The Cornella Health Interview Survey Follow-Up Study<\/a>. J Epidemiol Community Health. 2008;62(3):239-44.<br>Ortiz-Moncada R, Garc\u00eda M, Gonz\u00e1lez-Zapata LI, Fern\u00e1ndez E, Alvarez-Dardet C.\u00a0<a href=\"http:\/\/www.ncbi.nlm.nih.gov\/pubmed\/19944714\" target=\"_blank\" rel=\"noreferrer noopener\">Incidence of overweight and obesity in a Mediterranean population-based cohort: the Cornell\u00e0 Health Interview Survey Follow-up Study (CHIS.FU)<\/a>. Prev Med. 2010;50(1-2):45-9.<br><\/p><\/div><\/div><\/div>\n\n\n<div style=\"height:131px\" aria-hidden=\"true\" class=\"wp-block-spacer\"><\/div>\n\n\n\n<p><\/p>\n","protected":false},"excerpt":{"rendered":"","protected":false},"author":28,"featured_media":0,"parent":0,"menu_order":0,"comment_status":"closed","ping_status":"closed","template":"","meta":{"_uag_custom_page_level_css":"","site-sidebar-layout":"default","site-content-layout":"","ast-site-content-layout":"default","site-content-style":"default","site-sidebar-style":"default","ast-global-header-display":"","ast-banner-title-visibility":"","ast-main-header-display":"","ast-hfb-above-header-display":"","ast-hfb-below-header-display":"","ast-hfb-mobile-header-display":"","site-post-title":"disabled","ast-breadcrumbs-content":"","ast-featured-img":"","footer-sml-layout":"","ast-disable-related-posts":"","theme-transparent-header-meta":"","adv-header-id-meta":"","stick-header-meta":"","header-above-stick-meta":"","header-main-stick-meta":"","header-below-stick-meta":"","astra-migrate-meta-layouts":"set","ast-page-background-enabled":"default","ast-page-background-meta":{"desktop":{"background-color":"var(--ast-global-color-4)","background-image":"","background-repeat":"repeat","background-position":"center center","background-size":"auto","background-attachment":"scroll","background-type":"","background-media":"","overlay-type":"","overlay-color":"","overlay-opacity":"","overlay-gradient":""},"tablet":{"background-color":"","background-image":"","background-repeat":"repeat","background-position":"center center","background-size":"auto","background-attachment":"scroll","background-type":"","background-media":"","overlay-type":"","overlay-color":"","overlay-opacity":"","overlay-gradient":""},"mobile":{"background-color":"","background-image":"","background-repeat":"repeat","background-position":"center center","background-size":"auto","background-attachment":"scroll","background-type":"","background-media":"","overlay-type":"","overlay-color":"","overlay-opacity":"","overlay-gradient":""}},"ast-content-background-meta":{"desktop":{"background-color":"var(--ast-global-color-5)","background-image":"","background-repeat":"repeat","background-position":"center center","background-size":"auto","background-attachment":"scroll","background-type":"","background-media":"","overlay-type":"","overlay-color":"","overlay-opacity":"","overlay-gradient":""},"tablet":{"background-color":"var(--ast-global-color-5)","background-image":"","background-repeat":"repeat","background-position":"center center","background-size":"auto","background-attachment":"scroll","background-type":"","background-media":"","overlay-type":"","overlay-color":"","overlay-opacity":"","overlay-gradient":""},"mobile":{"background-color":"var(--ast-global-color-5)","background-image":"","background-repeat":"repeat","background-position":"center center","background-size":"auto","background-attachment":"scroll","background-type":"","background-media":"","overlay-type":"","overlay-color":"","overlay-opacity":"","overlay-gradient":""}},"_vp_format_video_url":"","_vp_image_focal_point":[],"footnotes":""},"class_list":["post-14185","page","type-page","status-publish","hentry"],"uagb_featured_image_src":{"full":false,"thumbnail":false,"medium":false,"medium_large":false,"large":false,"1536x1536":false,"2048x2048":false,"vp_sm":false,"vp_md":false,"vp_lg":false,"vp_xl":false,"vp_sm_popup":false,"vp_md_popup":false,"vp_xl_popup":false},"uagb_author_info":{"display_name":"clara","author_link":"https:\/\/icoprevencio.cat\/uct\/author\/clara\/"},"uagb_comment_info":0,"uagb_excerpt":null,"_links":{"self":[{"href":"https:\/\/icoprevencio.cat\/uct\/wp-json\/wp\/v2\/pages\/14185","targetHints":{"allow":["GET"]}}],"collection":[{"href":"https:\/\/icoprevencio.cat\/uct\/wp-json\/wp\/v2\/pages"}],"about":[{"href":"https:\/\/icoprevencio.cat\/uct\/wp-json\/wp\/v2\/types\/page"}],"author":[{"embeddable":true,"href":"https:\/\/icoprevencio.cat\/uct\/wp-json\/wp\/v2\/users\/28"}],"replies":[{"embeddable":true,"href":"https:\/\/icoprevencio.cat\/uct\/wp-json\/wp\/v2\/comments?post=14185"}],"version-history":[{"count":1,"href":"https:\/\/icoprevencio.cat\/uct\/wp-json\/wp\/v2\/pages\/14185\/revisions"}],"predecessor-version":[{"id":14189,"href":"https:\/\/icoprevencio.cat\/uct\/wp-json\/wp\/v2\/pages\/14185\/revisions\/14189"}],"wp:attachment":[{"href":"https:\/\/icoprevencio.cat\/uct\/wp-json\/wp\/v2\/media?parent=14185"}],"curies":[{"name":"wp","href":"https:\/\/api.w.org\/{rel}","templated":true}]}}