{"id":15188,"date":"2026-01-28T11:51:18","date_gmt":"2026-01-28T10:51:18","guid":{"rendered":"https:\/\/icoprevencio.cat\/uct\/?page_id=15188"},"modified":"2026-01-28T11:51:19","modified_gmt":"2026-01-28T10:51:19","slug":"consum-del-tabac-i-cannabis-entre-joves-del-regne-unit","status":"publish","type":"page","link":"https:\/\/icoprevencio.cat\/uct\/consum-del-tabac-i-cannabis-entre-joves-del-regne-unit\/","title":{"rendered":"Consum del tabac i c\u00e0nnabis entre joves del Regne Unit"},"content":{"rendered":"\n<figure class=\"wp-block-image\"><img decoding=\"async\" src=\"https:\/\/icoprevencio.cat\/uct\/wp-content\/uploads\/sites\/10\/2019\/07\/hannah_walsh.jpg\" alt=\"\"\/><\/figure>\n\n\n\n<div class=\"col-md-12\"><\/div>\n\n\n\n<div><span style=\"color: #800000;\"><strong>18 de Mar\u00e7 de 2019 (15:30 h. &#8211; 16:30 h.)&nbsp;| L&#8217;Hospitalet de Llobregat, Barcelona. Espanya<\/strong><\/span><\/div>\n\n\n\n<hr class=\"wp-block-separator has-alpha-channel-opacity\"\/>\n\n\n\n<div class=\"page\" title=\"Page 1\">\r\n<div class=\"section\">\r\n<div class=\"layoutArea\">\r\n<div class=\"column\" style=\"text-align: justify;\">\r\n<p>La <strong>Hannah Walsh<\/strong> \u00e9s una infermera en salut mental i estudiant de doctorat, al King&#8217;s College London, al Regne Unit. El seu tema d&#8217;estudi se centra en l&#8217;\u00fas dual del tabac i el c\u00e0nnabis entre els joves, i treballa per generar evid\u00e8ncies a fi de donar suport a una intervenci\u00f3 l&#8217;objectiu de la qual sigui tractar aquest \u00fas dual entre els joves. La Hannah est\u00e0 supervisada per la Dra. Maria Duaso i la catedr\u00e0tica Ann McNeill. Aquest dies, est\u00e0 visitant Espanya amb el suport de la Societat per a l&#8217;Estudi de les Addiccions del Regne Unit, amb l&#8217;objectiu de con\u00e8ixer altres investigadors que tamb\u00e9 estiguin investigant aquest \u00fas dual.<\/p>\r\n<h5>Resum de la seva tesi doctoral<\/h5>\r\n<p>Amb l&#8217;objectiu de generar evid\u00e8ncia cient\u00edfica que serveixi de base per desenvolupar una intervenci\u00f3 dirigida a tractar tabac i c\u00e0nnabis, est\u00e0 utilitzant el marc del Consell d&#8217;Investigaci\u00f3 M\u00e8dica per a desenvolupar intervencions complexes. Aix\u00ed, la seva investigaci\u00f3 doctoral va comen\u00e7ar amb una revisi\u00f3 sistem\u00e0tica i un meta-an\u00e0lisi de les intervencions que tenen com objectiu l&#8217;\u00fas dual, o una \u00fanica subst\u00e0ncia per\u00f2 mesurin el canvi del patr\u00f3 de consum de la segona. L&#8217;an\u00e0lisi va examinar els resultats per als usuaris duals dins d&#8217;una varietat intervencions.<\/p>\r\n<p>La segona part del seu doctorat es basa en els resultats d&#8217;una enquesta sobre l&#8217;\u00fas dual i deixar de fumar entre els joves del Regne Unit. L&#8217;estudi ha reclutat estudiants de formaci\u00f3 professional a Londres i als voltants, i ha fet preguntes detallades sobre l&#8217;\u00fas dual de tabac i c\u00e0nnabis, aix\u00ed com les motivacions i experi\u00e8ncies per a deixar un o l&#8217;altre. L&#8217;objectiu de l&#8217;enquesta \u00e9s proporcionar una descripci\u00f3 detallada de com els joves utilitzen les dues subst\u00e0ncies, mesurar la depend\u00e8ncia, la motivaci\u00f3 per deixar-les, i quins recursos s&#8217;han utilitzat fins ara per a fer-ho.<\/p>\r\n<p>Actualment est\u00e0 recollint dades per a un estudi qualitatiu a partir d&#8217;entrevistes a joves seleccionats de la mateixa mostra d&#8217;estudiants de formaci\u00f3 professional, centrant-se en aquells que hagin informat de m\u00e9s intents previs d&#8217;abandonament i amb una major motivaci\u00f3 per a deixar qualsevol d&#8217;ambdues subst\u00e0ncies. L&#8217;estudi combina el marc de canvi de comportament COM-B per a obtenir informaci\u00f3 sobre qu\u00e8 influeix en l&#8217;\u00fas dual, i qu\u00e8 podria influenciar en deixar les subst\u00e0ncies. L&#8217;objectiu de l&#8217;estudi \u00e9s obtenir una comprensi\u00f3 profunda de com els joves perceben ambdues subst\u00e0ncies, les seves raons per a consumir-les i per a deixar-les, cosa qu\u00e8 informar\u00e0 el desenvolupament de futures intervencions.<\/p>\r\n<\/div>\r\n<\/div>\r\n<\/div>\r\n<hr><hr>\r\n<h4><span style=\"color: #800000;\"><strong>Presentaci\u00f3 del seminari<\/strong><\/span><\/h4>\r\n<\/div>\n\n\n<p>[bullets effect=&#8221;&#8221; size=&#8221;normal&#8221; color_for=&#8221;bg&#8221; type=&#8221;icon&#8221;]<br \/>\n[bullet icon=&#8221;fa-slideshare&#8221; color=&#8221;red&#8221;]<a href=\"https:\/\/www.slideshare.net\/UCTICO\/developing-the-evidence-base-for-an-intervention-to-address-tobacco-and-cannabis-use-tcs-3-2019\" target=\"_blank\" rel=\"noopener noreferrer\">La presentaci\u00f3<\/a>[\/bullet]<br \/>\n[bullet icon=&#8221;fa-youtube-play&#8221; color=&#8221;red&#8221;]<a href=\"https:\/\/youtu.be\/4LGMNWRwmro\" target=\"_blank\" rel=\"noopener noreferrer\">El v\u00eddeo<\/a>[\/bullet]<br \/>\n[bullet icon=&#8221;fa-file-movie-o&#8221; color=&#8221;red&#8221;]<a href=\"http:\/\/www.zentation.com\/viewer2\/webcast\/Tkq7WDEFvv\/-Developing-the-evidence-base-for-an-intervention-to-adress-tobacco-and-cannabis-use\" target=\"_blank\" rel=\"noopener noreferrer\">La v\u00eddeo presentaci\u00f3 de seminari<\/a>[\/bullet]<br \/>\n[\/bullets]<\/p>\n\n\n\n<hr class=\"wp-block-separator has-alpha-channel-opacity\"\/>\n\n\n\n<hr class=\"wp-block-separator has-alpha-channel-opacity\"\/>\n\n\n<p>[accordion effect=&#8221;&#8221;]<br \/>\n[accordion_item title=&#8221;Informaci\u00f3 \u00fatil&#8221; open=&#8221;no&#8221; color=&#8221;darkcyan&#8221;]<br \/>\n[bullets effect=&#8221;&#8221; size=&#8221;normal&#8221; color_for=&#8221;bg&#8221; type=&#8221;icon&#8221;]<br \/>\n[bullet icon=&#8221;fa-flag&#8221; color=&#8221;darkcyan&#8221;]Angl\u00e8s[\/bullet]<br \/>\n[bullet icon=&#8221;fa-subway&#8221; color=&#8221;darkcyan&#8221;]ICO L\u2019Hospitalet, Aula \u201cCancer Center\u201d (1r Pis)\u00a0<a href=\"\/uct?page_id=3307\" target=\"_blank\" rel=\"noopener noreferrer\">[Com arribar-hi]<\/a>[\/bullet]<br \/>\n[\/bullets]<br \/>\n[\/accordion_item]<br \/>\n[\/accordion]<\/p>\n\n\n\n<hr class=\"wp-block-separator has-alpha-channel-opacity\"\/>\n","protected":false},"excerpt":{"rendered":"<p>18 de Mar\u00e7 de 2019 (15:30 h. &#8211; 16:30 h.)&nbsp;| L&#8217;Hospitalet de Llobregat, Barcelona. Espanya La Hannah Walsh \u00e9s una infermera en salut mental i estudiant de doctorat, al King&#8217;s College London, al Regne Unit. El seu tema d&#8217;estudi se centra en l&#8217;\u00fas dual del tabac i el c\u00e0nnabis entre els joves, i treballa per [&hellip;]<\/p>\n","protected":false},"author":15,"featured_media":0,"parent":0,"menu_order":0,"comment_status":"closed","ping_status":"closed","template":"","meta":{"_uag_custom_page_level_css":"","site-sidebar-layout":"default","site-content-layout":"","ast-site-content-layout":"default","site-content-style":"default","site-sidebar-style":"default","ast-global-header-display":"","ast-banner-title-visibility":"","ast-main-header-display":"","ast-hfb-above-header-display":"","ast-hfb-below-header-display":"","ast-hfb-mobile-header-display":"","site-post-title":"","ast-breadcrumbs-content":"","ast-featured-img":"","footer-sml-layout":"","ast-disable-related-posts":"","theme-transparent-header-meta":"","adv-header-id-meta":"","stick-header-meta":"","header-above-stick-meta":"","header-main-stick-meta":"","header-below-stick-meta":"","astra-migrate-meta-layouts":"set","ast-page-background-enabled":"default","ast-page-background-meta":{"desktop":{"background-color":"var(--ast-global-color-4)","background-image":"","background-repeat":"repeat","background-position":"center center","background-size":"auto","background-attachment":"scroll","background-type":"","background-media":"","overlay-type":"","overlay-color":"","overlay-opacity":"","overlay-gradient":""},"tablet":{"background-color":"","background-image":"","background-repeat":"repeat","background-position":"center center","background-size":"auto","background-attachment":"scroll","background-type":"","background-media":"","overlay-type":"","overlay-color":"","overlay-opacity":"","overlay-gradient":""},"mobile":{"background-color":"","background-image":"","background-repeat":"repeat","background-position":"center center","background-size":"auto","background-attachment":"scroll","background-type":"","background-media":"","overlay-type":"","overlay-color":"","overlay-opacity":"","overlay-gradient":""}},"ast-content-background-meta":{"desktop":{"background-color":"var(--ast-global-color-5)","background-image":"","background-repeat":"repeat","background-position":"center center","background-size":"auto","background-attachment":"scroll","background-type":"","background-media":"","overlay-type":"","overlay-color":"","overlay-opacity":"","overlay-gradient":""},"tablet":{"background-color":"var(--ast-global-color-5)","background-image":"","background-repeat":"repeat","background-position":"center center","background-size":"auto","background-attachment":"scroll","background-type":"","background-media":"","overlay-type":"","overlay-color":"","overlay-opacity":"","overlay-gradient":""},"mobile":{"background-color":"var(--ast-global-color-5)","background-image":"","background-repeat":"repeat","background-position":"center center","background-size":"auto","background-attachment":"scroll","background-type":"","background-media":"","overlay-type":"","overlay-color":"","overlay-opacity":"","overlay-gradient":""}},"_vp_format_video_url":"","_vp_image_focal_point":[],"footnotes":""},"class_list":["post-15188","page","type-page","status-publish","hentry"],"uagb_featured_image_src":{"full":false,"thumbnail":false,"medium":false,"medium_large":false,"large":false,"1536x1536":false,"2048x2048":false,"vp_sm":false,"vp_md":false,"vp_lg":false,"vp_xl":false,"vp_sm_popup":false,"vp_md_popup":false,"vp_xl_popup":false},"uagb_author_info":{"display_name":"xesco","author_link":"https:\/\/icoprevencio.cat\/uct\/author\/xesco\/"},"uagb_comment_info":0,"uagb_excerpt":"18 de Mar\u00e7 de 2019 (15:30 h. &#8211; 16:30 h.)&nbsp;| L&#8217;Hospitalet de Llobregat, Barcelona. Espanya La Hannah Walsh \u00e9s una infermera en salut mental i estudiant de doctorat, al King&#8217;s College London, al Regne Unit. El seu tema d&#8217;estudi se centra en l&#8217;\u00fas dual del tabac i el c\u00e0nnabis entre els joves, i treballa per&hellip;","_links":{"self":[{"href":"https:\/\/icoprevencio.cat\/uct\/wp-json\/wp\/v2\/pages\/15188","targetHints":{"allow":["GET"]}}],"collection":[{"href":"https:\/\/icoprevencio.cat\/uct\/wp-json\/wp\/v2\/pages"}],"about":[{"href":"https:\/\/icoprevencio.cat\/uct\/wp-json\/wp\/v2\/types\/page"}],"author":[{"embeddable":true,"href":"https:\/\/icoprevencio.cat\/uct\/wp-json\/wp\/v2\/users\/15"}],"replies":[{"embeddable":true,"href":"https:\/\/icoprevencio.cat\/uct\/wp-json\/wp\/v2\/comments?post=15188"}],"version-history":[{"count":1,"href":"https:\/\/icoprevencio.cat\/uct\/wp-json\/wp\/v2\/pages\/15188\/revisions"}],"predecessor-version":[{"id":15189,"href":"https:\/\/icoprevencio.cat\/uct\/wp-json\/wp\/v2\/pages\/15188\/revisions\/15189"}],"wp:attachment":[{"href":"https:\/\/icoprevencio.cat\/uct\/wp-json\/wp\/v2\/media?parent=15188"}],"curies":[{"name":"wp","href":"https:\/\/api.w.org\/{rel}","templated":true}]}}