{"id":15192,"date":"2026-01-28T12:06:47","date_gmt":"2026-01-28T11:06:47","guid":{"rendered":"https:\/\/icoprevencio.cat\/uct\/?page_id=15192"},"modified":"2026-01-28T12:06:48","modified_gmt":"2026-01-28T11:06:48","slug":"fctc","status":"publish","type":"page","link":"https:\/\/icoprevencio.cat\/uct\/fctc\/","title":{"rendered":"MOURE ENDAVANT EL CMCT A LA SEVA SEGONA D\u00c8CADA\u2026"},"content":{"rendered":"\n<figure class=\"wp-block-image\"><img loading=\"lazy\" decoding=\"async\" width=\"1024\" height=\"479\" src=\"https:\/\/icoprevencio.cat\/uct\/wp-content\/uploads\/sites\/10\/2017\/03\/Geoffrey-Fong-catal\u00e0_1-1-1024x479.jpg\" alt=\"\" class=\"wp-image-4962\" srcset=\"https:\/\/icoprevencio.cat\/uct\/wp-content\/uploads\/sites\/10\/2017\/03\/Geoffrey-Fong-catal\u00e0_1-1-1024x479.jpg 1024w, https:\/\/icoprevencio.cat\/uct\/wp-content\/uploads\/sites\/10\/2017\/03\/Geoffrey-Fong-catal\u00e0_1-1-300x140.jpg 300w, https:\/\/icoprevencio.cat\/uct\/wp-content\/uploads\/sites\/10\/2017\/03\/Geoffrey-Fong-catal\u00e0_1-1-768x359.jpg 768w, https:\/\/icoprevencio.cat\/uct\/wp-content\/uploads\/sites\/10\/2017\/03\/Geoffrey-Fong-catal\u00e0_1-1-750x351.jpg 750w, https:\/\/icoprevencio.cat\/uct\/wp-content\/uploads\/sites\/10\/2017\/03\/Geoffrey-Fong-catal\u00e0_1-1.jpg 1042w\" sizes=\"auto, (max-width: 1024px) 100vw, 1024px\" \/><\/figure>\n\n\n\n<p><\/p>\n\n\n\n<div><span style=\"color: #800000;\"><strong>21 de Mar\u00e7 de 2017 (15:00 h. &#8211; 16:00 h.)&nbsp;| L&#8217;Hospitalet de LLobregat, Barcelona. Espanya<\/strong><\/span><\/div>\n\n\n\n<hr class=\"wp-block-separator has-alpha-channel-opacity\"\/>\n\n\n\n<div class=\"page\" title=\"Page 1\">\r\n<div class=\"section\">\r\n<div class=\"layoutArea\">\r\n<div class=\"column\">El Dr.<strong>Geoffrey T. Fong<\/strong>&nbsp;\u00e9s professor de Psicologia i de Salut P\u00fablica i Sistemes de Salut de la Universitat de Waterloo i Investigador S\u00e8nior a l&#8217;Institut d&#8217;Ontario per a la Investigaci\u00f3 del C\u00e0ncer. El Dr Fong \u00e9s fundador i Investigador Principal del Projecte d&#8217;Avaluaci\u00f3 de la Pol\u00edtica de Control del Tabac Internacional (Projecte ITC). Va rebre el t\u00edtol de psicologia a la Universitat de Stanford i el seu doctorat en psicologia social de la Universitat de Michigan, i ha ocupat c\u00e0rrecs a la facultat en Northwestern i Princeton. Durant els \u00faltims 15 anys, el Dr. Fong ha centrat la seva recerca en l&#8217;\u00fas del tabac i en l&#8217;avaluaci\u00f3 de les pol\u00edtiques de control del tabac. El 2002, va fundar la International Tobacco Control Policy Evaluation Project (el projecte ITC), un consorci d&#8217;investigaci\u00f3 de m\u00e9s de 150 investigadors en 28 pa\u00efsos. A cada pa\u00eds, el Projecte ITC ha dut a terme estudis de cohorts longitudinals a gran escala per avaluar l&#8217;impacte de les pol\u00edtiques de control del tabac del Conveni Marc pel Control del Tabac (CMCT). Al maig de 2013, el Dr. Fong va ser guardonat amb el premi WHO World No Tobacco Day Award pel seu treball, que ha estat fonamental per a l&#8217;avan\u00e7 de l&#8217;aplicaci\u00f3 del CMCT de l&#8217;OMS per al Control del Tabac, no nom\u00e9s a la Regi\u00f3 de les Am\u00e8riques, sin\u00f3 arreu del m\u00f3n. Al mar\u00e7 de 2015, el Dr. Fong va rebre un premi Luther R. Terry per la destacada contribuci\u00f3 a la investigaci\u00f3 a la Confer\u00e8ncia Mundial sobre Tabac o Salut, un premi mundial donat a cada tres anys. Est\u00e0 a Twitter com @GFong570<\/div>\r\n<\/div>\r\n<\/div>\r\n<\/div>\n\n\n\n<hr class=\"wp-block-separator has-alpha-channel-opacity\"\/>\n\n\n\n<hr class=\"wp-block-separator has-alpha-channel-opacity\"\/>\n\n\n\n<h4 class=\"wp-block-heading\"><span style=\"color: #800000;\"><strong>Presentaci\u00f3 del seminari<\/strong><\/span><\/h4>\n\n\n<p>[bullets effect=&#8221;&#8221; size=&#8221;normal&#8221; color_for=&#8221;bg&#8221; type=&#8221;icon&#8221;]<br \/>\n[bullet icon=&#8221;fa-slideshare&#8221; color=&#8221;red&#8221;]<a href=\"http:\/\/www.slideshare.net\/UCTICO\/the-past-present-and-future-of-the-tobacco-control-scale\" target=\"_blank\" rel=\"noopener\">La presentaci\u00f3<\/a>[\/bullet]<br \/>\n[bullet icon=&#8221;fa-youtube-play&#8221; color=&#8221;red&#8221;]<a href=\"https:\/\/youtu.be\/SCKAO1iH4QY\" target=\"_blank\" rel=\"noopener\">El v\u00eddeo<\/a>[\/bullet]<br \/>\n[bullet icon=&#8221;fa-file-movie-o&#8221; color=&#8221;red&#8221;]<a href=\"http:\/\/www.zentation.com\/viewer2\/webcast\/VPk6cGTQZ3\/Moving%20the%20WHO%20FCTC%20Forward%20in%20its\" target=\"_blank\" rel=\"noopener\">La v\u00eddeo presentaci\u00f3 del seminari<\/a>[\/bullet]<br \/>\n[\/bullets]<\/p>\n\n\n\n<hr class=\"wp-block-separator has-alpha-channel-opacity\"\/>\n\n\n\n<hr class=\"wp-block-separator has-alpha-channel-opacity\"\/>\n\n\n<p>[accordion effect=&#8221;&#8221;]<br \/>\n[accordion_item title=&#8221;Informaci\u00f3 \u00fatil&#8221; open=&#8221;no&#8221; color=&#8221;darkcyan&#8221;]<br \/>\n[bullets effect=&#8221;&#8221; size=&#8221;normal&#8221; color_for=&#8221;bg&#8221; type=&#8221;icon&#8221;]<br \/>\n[bullet icon=&#8221;fa-file-pdf-o&#8221; color=&#8221;darkcyan&#8221;]<a href=\"https:\/\/icoprevencio.cat\/uct\/wp-content\/uploads\/sites\/10\/2017\/02\/TCS-Geoff-Fong.pdf\" target=\"_blank\" rel=\"noopener\">Anunci del seminari<\/a>[\/bullet]<br \/>\n[bullet icon=&#8221;fa-flag&#8221; color=&#8221;darkcyan&#8221;]Angl\u00e8s[\/bullet]<br \/>\n[bullet icon=&#8221;fa-subway&#8221; color=&#8221;darkcyan&#8221;]ICO L\u2019Hospitalet, Aula \u201cTrueta\u201d (1r Pis)\u00a0<a href=\"\/uct?page_id=3260\" target=\"_blank\" rel=\"noopener\">[Com arribar-hi]<\/a>[\/bullet]<br \/>\n[\/bullets]<br \/>\n[\/accordion_item]<br \/>\n[\/accordion]<\/p>\n\n\n\n<hr class=\"wp-block-separator has-alpha-channel-opacity\"\/>\n\n\n\n<p><strong>Comparteix-lo a:<\/strong><\/p>\n\n\n\n<div class=\"ssk-group\" data-url=\"\" data-text=\"\">&nbsp;<\/div>\n\n\n\n<p><script type=\"text\/javascript\"><br \/>\nSocialShareKit.init();<br \/>\n<\/script><\/p>\n","protected":false},"excerpt":{"rendered":"<p>21 de Mar\u00e7 de 2017 (15:00 h. &#8211; 16:00 h.)&nbsp;| L&#8217;Hospitalet de LLobregat, Barcelona. Espanya El Dr.Geoffrey T. Fong&nbsp;\u00e9s professor de Psicologia i de Salut P\u00fablica i Sistemes de Salut de la Universitat de Waterloo i Investigador S\u00e8nior a l&#8217;Institut d&#8217;Ontario per a la Investigaci\u00f3 del C\u00e0ncer. El Dr Fong \u00e9s fundador i Investigador Principal [&hellip;]<\/p>\n","protected":false},"author":15,"featured_media":0,"parent":0,"menu_order":0,"comment_status":"closed","ping_status":"closed","template":"","meta":{"_uag_custom_page_level_css":"","site-sidebar-layout":"default","site-content-layout":"","ast-site-content-layout":"default","site-content-style":"default","site-sidebar-style":"default","ast-global-header-display":"","ast-banner-title-visibility":"","ast-main-header-display":"","ast-hfb-above-header-display":"","ast-hfb-below-header-display":"","ast-hfb-mobile-header-display":"","site-post-title":"","ast-breadcrumbs-content":"","ast-featured-img":"","footer-sml-layout":"","ast-disable-related-posts":"","theme-transparent-header-meta":"","adv-header-id-meta":"","stick-header-meta":"","header-above-stick-meta":"","header-main-stick-meta":"","header-below-stick-meta":"","astra-migrate-meta-layouts":"set","ast-page-background-enabled":"default","ast-page-background-meta":{"desktop":{"background-color":"var(--ast-global-color-4)","background-image":"","background-repeat":"repeat","background-position":"center center","background-size":"auto","background-attachment":"scroll","background-type":"","background-media":"","overlay-type":"","overlay-color":"","overlay-opacity":"","overlay-gradient":""},"tablet":{"background-color":"","background-image":"","background-repeat":"repeat","background-position":"center center","background-size":"auto","background-attachment":"scroll","background-type":"","background-media":"","overlay-type":"","overlay-color":"","overlay-opacity":"","overlay-gradient":""},"mobile":{"background-color":"","background-image":"","background-repeat":"repeat","background-position":"center center","background-size":"auto","background-attachment":"scroll","background-type":"","background-media":"","overlay-type":"","overlay-color":"","overlay-opacity":"","overlay-gradient":""}},"ast-content-background-meta":{"desktop":{"background-color":"var(--ast-global-color-5)","background-image":"","background-repeat":"repeat","background-position":"center center","background-size":"auto","background-attachment":"scroll","background-type":"","background-media":"","overlay-type":"","overlay-color":"","overlay-opacity":"","overlay-gradient":""},"tablet":{"background-color":"var(--ast-global-color-5)","background-image":"","background-repeat":"repeat","background-position":"center center","background-size":"auto","background-attachment":"scroll","background-type":"","background-media":"","overlay-type":"","overlay-color":"","overlay-opacity":"","overlay-gradient":""},"mobile":{"background-color":"var(--ast-global-color-5)","background-image":"","background-repeat":"repeat","background-position":"center center","background-size":"auto","background-attachment":"scroll","background-type":"","background-media":"","overlay-type":"","overlay-color":"","overlay-opacity":"","overlay-gradient":""}},"_vp_format_video_url":"","_vp_image_focal_point":[],"footnotes":""},"class_list":["post-15192","page","type-page","status-publish","hentry"],"uagb_featured_image_src":{"full":false,"thumbnail":false,"medium":false,"medium_large":false,"large":false,"1536x1536":false,"2048x2048":false,"vp_sm":false,"vp_md":false,"vp_lg":false,"vp_xl":false,"vp_sm_popup":false,"vp_md_popup":false,"vp_xl_popup":false},"uagb_author_info":{"display_name":"xesco","author_link":"https:\/\/icoprevencio.cat\/uct\/author\/xesco\/"},"uagb_comment_info":0,"uagb_excerpt":"21 de Mar\u00e7 de 2017 (15:00 h. &#8211; 16:00 h.)&nbsp;| L&#8217;Hospitalet de LLobregat, Barcelona. Espanya El Dr.Geoffrey T. Fong&nbsp;\u00e9s professor de Psicologia i de Salut P\u00fablica i Sistemes de Salut de la Universitat de Waterloo i Investigador S\u00e8nior a l&#8217;Institut d&#8217;Ontario per a la Investigaci\u00f3 del C\u00e0ncer. El Dr Fong \u00e9s fundador i Investigador Principal&hellip;","_links":{"self":[{"href":"https:\/\/icoprevencio.cat\/uct\/wp-json\/wp\/v2\/pages\/15192","targetHints":{"allow":["GET"]}}],"collection":[{"href":"https:\/\/icoprevencio.cat\/uct\/wp-json\/wp\/v2\/pages"}],"about":[{"href":"https:\/\/icoprevencio.cat\/uct\/wp-json\/wp\/v2\/types\/page"}],"author":[{"embeddable":true,"href":"https:\/\/icoprevencio.cat\/uct\/wp-json\/wp\/v2\/users\/15"}],"replies":[{"embeddable":true,"href":"https:\/\/icoprevencio.cat\/uct\/wp-json\/wp\/v2\/comments?post=15192"}],"version-history":[{"count":1,"href":"https:\/\/icoprevencio.cat\/uct\/wp-json\/wp\/v2\/pages\/15192\/revisions"}],"predecessor-version":[{"id":15193,"href":"https:\/\/icoprevencio.cat\/uct\/wp-json\/wp\/v2\/pages\/15192\/revisions\/15193"}],"wp:attachment":[{"href":"https:\/\/icoprevencio.cat\/uct\/wp-json\/wp\/v2\/media?parent=15192"}],"curies":[{"name":"wp","href":"https:\/\/api.w.org\/{rel}","templated":true}]}}