{"id":15194,"date":"2026-01-28T12:09:10","date_gmt":"2026-01-28T11:09:10","guid":{"rendered":"https:\/\/icoprevencio.cat\/uct\/?page_id=15194"},"modified":"2026-01-28T12:09:10","modified_gmt":"2026-01-28T11:09:10","slug":"eneutre","status":"publish","type":"page","link":"https:\/\/icoprevencio.cat\/uct\/eneutre\/","title":{"rendered":"LA IMPORT\u00c0NCIA DE L&#8217;EMPAQUETAT EN EL CONSUM DELS PRODUCTES DEL TABAC"},"content":{"rendered":"\n<figure class=\"wp-block-image\"><img loading=\"lazy\" decoding=\"async\" width=\"1024\" height=\"479\" src=\"https:\/\/icoprevencio.cat\/uct\/wp-content\/uploads\/sites\/10\/2017\/03\/Juan-Miguel-Rey-catal\u00e0-1024x479.jpg\" alt=\"\" class=\"wp-image-4934\" srcset=\"https:\/\/icoprevencio.cat\/uct\/wp-content\/uploads\/sites\/10\/2017\/03\/Juan-Miguel-Rey-catal\u00e0-1024x479.jpg 1024w, https:\/\/icoprevencio.cat\/uct\/wp-content\/uploads\/sites\/10\/2017\/03\/Juan-Miguel-Rey-catal\u00e0-300x140.jpg 300w, https:\/\/icoprevencio.cat\/uct\/wp-content\/uploads\/sites\/10\/2017\/03\/Juan-Miguel-Rey-catal\u00e0-768x359.jpg 768w, https:\/\/icoprevencio.cat\/uct\/wp-content\/uploads\/sites\/10\/2017\/03\/Juan-Miguel-Rey-catal\u00e0-750x351.jpg 750w, https:\/\/icoprevencio.cat\/uct\/wp-content\/uploads\/sites\/10\/2017\/03\/Juan-Miguel-Rey-catal\u00e0.jpg 1042w\" sizes=\"auto, (max-width: 1024px) 100vw, 1024px\" \/><\/figure>\n\n\n\n<div><\/div>\n\n\n\n<div><span style=\"color: #800000;\"><strong>8 de Mar\u00e7 de 2017 (15:00 h. &#8211; 16:00 h.)&nbsp;| L&#8217;Hospitalet de LLobregat, Barcelona. Espanya<\/strong><\/span><\/div>\n\n\n\n<hr class=\"wp-block-separator has-alpha-channel-opacity\"\/>\n\n\n\n<div class=\"page\" title=\"Page 1\">\r\n<div class=\"section\">\r\n<div class=\"layoutArea\">\r\n<div class=\"column\">El Dr. <strong>Juan Miguel Rey<\/strong>&nbsp;treballa en M\u00e0rqueting cr\u00edtic i Social, una part del m\u00e0rqueting que t\u00e9 en compte d&#8217;una manera cr\u00edtica les activitats de comercialitzaci\u00f3 de la ind\u00fastria que pot tenir efectes negatius sobre la salut p\u00fablica. Es va graduar en Psicologia a la Universidad de Granada i es va doctorar en Ci\u00e8ncies Econ\u00f2miques a la Universidad de C\u00e1diz. El Dr. Rei ha publicat en diverses revistes nacionals i internacionals, incloent Tobacco Control, Journal d\u2019Economie M\u00e9dical o Gaceta Sanitaria. Ha participat en investigaci\u00f3 nacional i diversos projectes internacionals. Recentment s&#8217;ha centrat en l&#8217;empaquetat gen\u00e8ric dels productes de tabac, la publicitat de begudes alcoh\u00f2liques i la publicitat d&#8217;aliments per a nens. Ha estat professor visitant a l&#8217;Institut de M\u00e0rqueting Social de la Universitat de Stirling (Regne Unit), NTNU (Universitat de Trondheim, a Noruega), Universitat Centroamericana a Managua (Nicaragua), i la Universitat de Rennes (Fran\u00e7a). Est\u00e0 a Twitter com @mkysociedad<\/div>\r\n<\/div>\r\n<\/div>\r\n<\/div>\n\n\n\n<hr class=\"wp-block-separator has-alpha-channel-opacity\"\/>\n\n\n\n<hr class=\"wp-block-separator has-alpha-channel-opacity\"\/>\n\n\n\n<h4 class=\"wp-block-heading\"><span style=\"color: #800000;\"><strong>Presentaci\u00f3 del seminari<\/strong><\/span><\/h4>\n\n\n<p>[bullets effect=&#8221;&#8221; size=&#8221;normal&#8221; color_for=&#8221;bg&#8221; type=&#8221;icon&#8221;]<br \/>\n[bullet icon=&#8221;fa-slideshare&#8221; color=&#8221;red&#8221;]<a href=\"https:\/\/es.slideshare.net\/UCTICO\/la-importancia-del-empaquetado-en-el-consumo-de-los-productos-del-tabaco-investigacin-sobre-el-envase-neutro\" target=\"_blank\" rel=\"noopener\">La presentaci\u00f3<\/a>[\/bullet]<br \/>\n[bullet icon=&#8221;fa-youtube-play&#8221; color=&#8221;red&#8221;]<a href=\"https:\/\/youtu.be\/hwFTtotjuBk\" target=\"_blank\" rel=\"noopener\">El v\u00eddeo<\/a>[\/bullet]<br \/>\n[bullet icon=&#8221;fa-file-movie-o&#8221; color=&#8221;red&#8221;]<a href=\"http:\/\/www.zentation.com\/viewer2\/webcast\/wpDrykVpIB\/-LA-IMPORTANCIA-DEL-EMPAQUETADO-EN-EL-CONSUMO-DE-PRODUCTOS-DE-TABACO#.WOc-uVOLTJw\" target=\"_blank\" rel=\"noopener\">La v\u00eddeo presentaci\u00f3 del seminari<\/a>[\/bullet]<br \/>\n[\/bullets]<\/p>\n\n\n\n<hr class=\"wp-block-separator has-alpha-channel-opacity\"\/>\n\n\n\n<hr class=\"wp-block-separator has-alpha-channel-opacity\"\/>\n\n\n<p>[accordion effect=&#8221;&#8221;]<br \/>\n[accordion_item title=&#8221;Informaci\u00f3 \u00fatil&#8221; open=&#8221;no&#8221; color=&#8221;darkcyan&#8221;]<br \/>\n[bullets effect=&#8221;&#8221; size=&#8221;normal&#8221; color_for=&#8221;bg&#8221; type=&#8221;icon&#8221;]<br \/>\n[bullet icon=&#8221;fa-file-pdf-o&#8221; color=&#8221;darkcyan&#8221;]<a href=\"https:\/\/icoprevencio.cat\/uct\/wp-content\/uploads\/sites\/10\/2017\/02\/TCS-Juan-Miguel-Rey-Pino.pdf\" target=\"_blank\" rel=\"noopener\">Anunci del seminari<\/a>[\/bullet]<br \/>\n[bullet icon=&#8221;fa-flag&#8221; color=&#8221;darkcyan&#8221;]Castell\u00e0[\/bullet]<br \/>\n[bullet icon=&#8221;fa-subway&#8221; color=&#8221;darkcyan&#8221;]ICO L\u2019Hospitalet, Aula \u201cCancer Center\u201d (1r Pis)\u00a0<a href=\"\/uct?page_id=3260\" target=\"_blank\" rel=\"noopener\">[Com arribar-hi]<\/a>[\/bullet]<br \/>\n[\/bullets]<br \/>\n[\/accordion_item]<br \/>\n[\/accordion]<\/p>\n\n\n\n<hr class=\"wp-block-separator has-alpha-channel-opacity\"\/>\n\n\n\n<p><strong>Comparteix-lo a:<\/strong><\/p>\n\n\n\n<div class=\"ssk-group\" data-url=\"\" data-text=\"\">&nbsp;<\/div>\n\n\n\n<p><script type=\"text\/javascript\"><br \/>\nSocialShareKit.init();<br \/>\n<\/script><\/p>\n","protected":false},"excerpt":{"rendered":"<p>8 de Mar\u00e7 de 2017 (15:00 h. &#8211; 16:00 h.)&nbsp;| L&#8217;Hospitalet de LLobregat, Barcelona. Espanya El Dr. Juan Miguel Rey&nbsp;treballa en M\u00e0rqueting cr\u00edtic i Social, una part del m\u00e0rqueting que t\u00e9 en compte d&#8217;una manera cr\u00edtica les activitats de comercialitzaci\u00f3 de la ind\u00fastria que pot tenir efectes negatius sobre la salut p\u00fablica. Es va graduar [&hellip;]<\/p>\n","protected":false},"author":15,"featured_media":0,"parent":0,"menu_order":0,"comment_status":"closed","ping_status":"closed","template":"","meta":{"_uag_custom_page_level_css":"","site-sidebar-layout":"default","site-content-layout":"","ast-site-content-layout":"default","site-content-style":"default","site-sidebar-style":"default","ast-global-header-display":"","ast-banner-title-visibility":"","ast-main-header-display":"","ast-hfb-above-header-display":"","ast-hfb-below-header-display":"","ast-hfb-mobile-header-display":"","site-post-title":"","ast-breadcrumbs-content":"","ast-featured-img":"","footer-sml-layout":"","ast-disable-related-posts":"","theme-transparent-header-meta":"","adv-header-id-meta":"","stick-header-meta":"","header-above-stick-meta":"","header-main-stick-meta":"","header-below-stick-meta":"","astra-migrate-meta-layouts":"set","ast-page-background-enabled":"default","ast-page-background-meta":{"desktop":{"background-color":"var(--ast-global-color-4)","background-image":"","background-repeat":"repeat","background-position":"center center","background-size":"auto","background-attachment":"scroll","background-type":"","background-media":"","overlay-type":"","overlay-color":"","overlay-opacity":"","overlay-gradient":""},"tablet":{"background-color":"","background-image":"","background-repeat":"repeat","background-position":"center center","background-size":"auto","background-attachment":"scroll","background-type":"","background-media":"","overlay-type":"","overlay-color":"","overlay-opacity":"","overlay-gradient":""},"mobile":{"background-color":"","background-image":"","background-repeat":"repeat","background-position":"center center","background-size":"auto","background-attachment":"scroll","background-type":"","background-media":"","overlay-type":"","overlay-color":"","overlay-opacity":"","overlay-gradient":""}},"ast-content-background-meta":{"desktop":{"background-color":"var(--ast-global-color-5)","background-image":"","background-repeat":"repeat","background-position":"center center","background-size":"auto","background-attachment":"scroll","background-type":"","background-media":"","overlay-type":"","overlay-color":"","overlay-opacity":"","overlay-gradient":""},"tablet":{"background-color":"var(--ast-global-color-5)","background-image":"","background-repeat":"repeat","background-position":"center center","background-size":"auto","background-attachment":"scroll","background-type":"","background-media":"","overlay-type":"","overlay-color":"","overlay-opacity":"","overlay-gradient":""},"mobile":{"background-color":"var(--ast-global-color-5)","background-image":"","background-repeat":"repeat","background-position":"center center","background-size":"auto","background-attachment":"scroll","background-type":"","background-media":"","overlay-type":"","overlay-color":"","overlay-opacity":"","overlay-gradient":""}},"_vp_format_video_url":"","_vp_image_focal_point":[],"footnotes":""},"class_list":["post-15194","page","type-page","status-publish","hentry"],"uagb_featured_image_src":{"full":false,"thumbnail":false,"medium":false,"medium_large":false,"large":false,"1536x1536":false,"2048x2048":false,"vp_sm":false,"vp_md":false,"vp_lg":false,"vp_xl":false,"vp_sm_popup":false,"vp_md_popup":false,"vp_xl_popup":false},"uagb_author_info":{"display_name":"xesco","author_link":"https:\/\/icoprevencio.cat\/uct\/author\/xesco\/"},"uagb_comment_info":0,"uagb_excerpt":"8 de Mar\u00e7 de 2017 (15:00 h. &#8211; 16:00 h.)&nbsp;| L&#8217;Hospitalet de LLobregat, Barcelona. Espanya El Dr. Juan Miguel Rey&nbsp;treballa en M\u00e0rqueting cr\u00edtic i Social, una part del m\u00e0rqueting que t\u00e9 en compte d&#8217;una manera cr\u00edtica les activitats de comercialitzaci\u00f3 de la ind\u00fastria que pot tenir efectes negatius sobre la salut p\u00fablica. Es va graduar&hellip;","_links":{"self":[{"href":"https:\/\/icoprevencio.cat\/uct\/wp-json\/wp\/v2\/pages\/15194","targetHints":{"allow":["GET"]}}],"collection":[{"href":"https:\/\/icoprevencio.cat\/uct\/wp-json\/wp\/v2\/pages"}],"about":[{"href":"https:\/\/icoprevencio.cat\/uct\/wp-json\/wp\/v2\/types\/page"}],"author":[{"embeddable":true,"href":"https:\/\/icoprevencio.cat\/uct\/wp-json\/wp\/v2\/users\/15"}],"replies":[{"embeddable":true,"href":"https:\/\/icoprevencio.cat\/uct\/wp-json\/wp\/v2\/comments?post=15194"}],"version-history":[{"count":1,"href":"https:\/\/icoprevencio.cat\/uct\/wp-json\/wp\/v2\/pages\/15194\/revisions"}],"predecessor-version":[{"id":15195,"href":"https:\/\/icoprevencio.cat\/uct\/wp-json\/wp\/v2\/pages\/15194\/revisions\/15195"}],"wp:attachment":[{"href":"https:\/\/icoprevencio.cat\/uct\/wp-json\/wp\/v2\/media?parent=15194"}],"curies":[{"name":"wp","href":"https:\/\/api.w.org\/{rel}","templated":true}]}}