{"id":15197,"date":"2026-01-28T12:11:02","date_gmt":"2026-01-28T11:11:02","guid":{"rendered":"https:\/\/icoprevencio.cat\/uct\/?page_id=15197"},"modified":"2026-01-28T12:11:03","modified_gmt":"2026-01-28T11:11:03","slug":"tcs","status":"publish","type":"page","link":"https:\/\/icoprevencio.cat\/uct\/tcs\/","title":{"rendered":"PASSAT, PRESENT I FUTUR DE LA ESCALA DE CONTROL DEL TABAC"},"content":{"rendered":"\n<figure class=\"wp-block-image\"><img loading=\"lazy\" decoding=\"async\" width=\"1024\" height=\"479\" src=\"https:\/\/icoprevencio.cat\/uct\/wp-content\/uploads\/sites\/10\/2017\/03\/Luk-joossens-catal\u00e0-1024x479.jpg\" alt=\"\" class=\"wp-image-4925\" srcset=\"https:\/\/icoprevencio.cat\/uct\/wp-content\/uploads\/sites\/10\/2017\/03\/Luk-joossens-catal\u00e0-1024x479.jpg 1024w, https:\/\/icoprevencio.cat\/uct\/wp-content\/uploads\/sites\/10\/2017\/03\/Luk-joossens-catal\u00e0-300x140.jpg 300w, https:\/\/icoprevencio.cat\/uct\/wp-content\/uploads\/sites\/10\/2017\/03\/Luk-joossens-catal\u00e0-768x359.jpg 768w, https:\/\/icoprevencio.cat\/uct\/wp-content\/uploads\/sites\/10\/2017\/03\/Luk-joossens-catal\u00e0-750x351.jpg 750w, https:\/\/icoprevencio.cat\/uct\/wp-content\/uploads\/sites\/10\/2017\/03\/Luk-joossens-catal\u00e0.jpg 1042w\" sizes=\"auto, (max-width: 1024px) 100vw, 1024px\" \/><\/figure>\n\n\n\n<div><\/div>\n\n\n\n<div><span style=\"color: #800000;\"><strong>21 de Febrer de 2017 (15:00 h. &#8211; 16:00 h.)&nbsp;| L&#8217;Hospitalet de LLobregat, Barcelona. Espanya<\/strong><\/span><\/div>\n\n\n\n<hr class=\"wp-block-separator has-alpha-channel-opacity\"\/>\n\n\n\n<div class=\"page\" title=\"Page 1\">\r\n<div class=\"section\">\r\n<div class=\"layoutArea\">\r\n<div class=\"column\">El <strong>Luk Joossens<\/strong>&nbsp;\u00e9s el responsable d&#8217;advocacy de l&#8217;Associaci\u00f3 de Lligues Europees contra el C\u00e0ncer (ECL), un expert en el control del tabac dins de la Fundaci\u00f3 Belga contra el C\u00e0ncer i un expert internacional sobre el comer\u00e7 il\u00b7l\u00edcit de tabac. Ha publicat diversos articles cient\u00edfics sobre el contraban de cigarrets i va crear l&#8217;Escala de Control del Tabac (TCS) per avaluar l&#8217;acompliment de les pol\u00edtiques de control del tabac a Europa. Ha estat assessor del Banc Mundial, la Comissi\u00f3 Europea, l&#8217;Organitzaci\u00f3 Mundial de la Salut i moltes altres organitzacions internacionals i nacionals sobre el contraban i el control del tabac. El 1991, va rebre el premi Commemorative Award and Medal de l&#8217;Organitzaci\u00f3 Mundial de la Salut per la promoci\u00f3 del concepte de societats lliures de tabac. El 2006, va rebre el Premi Luther Terry Award per l&#8217;excepcional liderarge &nbsp;individual en el Control del Tabac i el 2015 la World Health Organization Director-General\u2019s Special Recognition per la contribuci\u00f3 al control mundial del tabac. Est\u00e0 a Twitter com @JoossensLuk.<\/div>\r\n<\/div>\r\n<\/div>\r\n<\/div>\n\n\n\n<hr class=\"wp-block-separator has-alpha-channel-opacity\"\/>\n\n\n\n<hr class=\"wp-block-separator has-alpha-channel-opacity\"\/>\n\n\n\n<h4 class=\"wp-block-heading\"><span style=\"color: #800000;\"><strong>Presentaci\u00f3 del seminari<\/strong><\/span><\/h4>\n\n\n<p>[bullets effect=&#8221;&#8221; size=&#8221;normal&#8221; color_for=&#8221;bg&#8221; type=&#8221;icon&#8221;]<br \/>\n[bullet icon=&#8221;fa-slideshare&#8221; color=&#8221;red&#8221;]<a href=\"http:\/\/www.slideshare.net\/UCTICO\/the-past-present-and-future-of-the-tobacco-control-scale\" target=\"_blank\" rel=\"noopener\">La presentaci\u00f3<\/a>[\/bullet]<br \/>\n[bullet icon=&#8221;fa-youtube-play&#8221; color=&#8221;red&#8221;]<a href=\"https:\/\/youtu.be\/-wD1e-23vdQ\" target=\"_blank\" rel=\"noopener\">El v\u00eddeo<\/a>[\/bullet]<br \/>\n[bullet icon=&#8221;fa-file-movie-o&#8221; color=&#8221;red&#8221;]<a href=\"http:\/\/www.zentation.com\/viewer2\/webcast\/7eHydp28DX\/PASAT,%20PRESENT,%20I%20FUTUR%20DE%20LA%20ESCALA%20DE%20CONTROL%20DEL%20TABAC\" target=\"_blank\" rel=\"noopener\">La v\u00eddeo presentaci\u00f3 del seminari<\/a>[\/bullet]<br \/>\n[\/bullets]<\/p>\n\n\n\n<hr class=\"wp-block-separator has-alpha-channel-opacity\"\/>\n\n\n\n<hr class=\"wp-block-separator has-alpha-channel-opacity\"\/>\n\n\n<p>[accordion effect=&#8221;&#8221;]<br \/>\n[accordion_item title=&#8221;Informaci\u00f3 \u00fatil&#8221; open=&#8221;no&#8221; color=&#8221;darkcyan&#8221;]<br \/>\n[bullets effect=&#8221;&#8221; size=&#8221;normal&#8221; color_for=&#8221;bg&#8221; type=&#8221;icon&#8221;]<br \/>\n[bullet icon=&#8221;fa-file-pdf-o&#8221; color=&#8221;darkcyan&#8221;]<a href=\"https:\/\/icoprevencio.cat\/uct\/wp-content\/uploads\/sites\/10\/2017\/02\/TCS-Luk-Joossens.pdf\" target=\"_blank\" rel=\"noopener\">Anunci del seminari<\/a>[\/bullet]<br \/>\n[bullet icon=&#8221;fa-flag&#8221; color=&#8221;darkcyan&#8221;]Angl\u00e8s[\/bullet]<br \/>\n[bullet icon=&#8221;fa-subway&#8221; color=&#8221;darkcyan&#8221;]ICO L\u2019Hospitalet, Aula \u201cTrueta\u201d (1r Pis)\u00a0<a href=\"\/uct?page_id=3260\" target=\"_blank\" rel=\"noopener\">[Com arribar-hi]<\/a>[\/bullet]<br \/>\n[\/bullets]<br \/>\n[\/accordion_item]<br \/>\n[\/accordion]<\/p>\n\n\n\n<hr class=\"wp-block-separator has-alpha-channel-opacity\"\/>\n\n\n\n<p><strong>Comparteix-lo a:<\/strong><\/p>\n\n\n\n<div class=\"ssk-group\" data-url=\"\" data-text=\"\">&nbsp;<\/div>\n\n\n\n<p><script type=\"text\/javascript\"><br \/>\nSocialShareKit.init();<br \/>\n<\/script><\/p>\n","protected":false},"excerpt":{"rendered":"<p>21 de Febrer de 2017 (15:00 h. &#8211; 16:00 h.)&nbsp;| L&#8217;Hospitalet de LLobregat, Barcelona. Espanya El Luk Joossens&nbsp;\u00e9s el responsable d&#8217;advocacy de l&#8217;Associaci\u00f3 de Lligues Europees contra el C\u00e0ncer (ECL), un expert en el control del tabac dins de la Fundaci\u00f3 Belga contra el C\u00e0ncer i un expert internacional sobre el comer\u00e7 il\u00b7l\u00edcit de tabac. [&hellip;]<\/p>\n","protected":false},"author":15,"featured_media":0,"parent":0,"menu_order":0,"comment_status":"closed","ping_status":"closed","template":"","meta":{"_uag_custom_page_level_css":"","site-sidebar-layout":"default","site-content-layout":"","ast-site-content-layout":"default","site-content-style":"default","site-sidebar-style":"default","ast-global-header-display":"","ast-banner-title-visibility":"","ast-main-header-display":"","ast-hfb-above-header-display":"","ast-hfb-below-header-display":"","ast-hfb-mobile-header-display":"","site-post-title":"","ast-breadcrumbs-content":"","ast-featured-img":"","footer-sml-layout":"","ast-disable-related-posts":"","theme-transparent-header-meta":"","adv-header-id-meta":"","stick-header-meta":"","header-above-stick-meta":"","header-main-stick-meta":"","header-below-stick-meta":"","astra-migrate-meta-layouts":"set","ast-page-background-enabled":"default","ast-page-background-meta":{"desktop":{"background-color":"var(--ast-global-color-4)","background-image":"","background-repeat":"repeat","background-position":"center center","background-size":"auto","background-attachment":"scroll","background-type":"","background-media":"","overlay-type":"","overlay-color":"","overlay-opacity":"","overlay-gradient":""},"tablet":{"background-color":"","background-image":"","background-repeat":"repeat","background-position":"center center","background-size":"auto","background-attachment":"scroll","background-type":"","background-media":"","overlay-type":"","overlay-color":"","overlay-opacity":"","overlay-gradient":""},"mobile":{"background-color":"","background-image":"","background-repeat":"repeat","background-position":"center center","background-size":"auto","background-attachment":"scroll","background-type":"","background-media":"","overlay-type":"","overlay-color":"","overlay-opacity":"","overlay-gradient":""}},"ast-content-background-meta":{"desktop":{"background-color":"var(--ast-global-color-5)","background-image":"","background-repeat":"repeat","background-position":"center center","background-size":"auto","background-attachment":"scroll","background-type":"","background-media":"","overlay-type":"","overlay-color":"","overlay-opacity":"","overlay-gradient":""},"tablet":{"background-color":"var(--ast-global-color-5)","background-image":"","background-repeat":"repeat","background-position":"center center","background-size":"auto","background-attachment":"scroll","background-type":"","background-media":"","overlay-type":"","overlay-color":"","overlay-opacity":"","overlay-gradient":""},"mobile":{"background-color":"var(--ast-global-color-5)","background-image":"","background-repeat":"repeat","background-position":"center center","background-size":"auto","background-attachment":"scroll","background-type":"","background-media":"","overlay-type":"","overlay-color":"","overlay-opacity":"","overlay-gradient":""}},"_vp_format_video_url":"","_vp_image_focal_point":[],"footnotes":""},"class_list":["post-15197","page","type-page","status-publish","hentry"],"uagb_featured_image_src":{"full":false,"thumbnail":false,"medium":false,"medium_large":false,"large":false,"1536x1536":false,"2048x2048":false,"vp_sm":false,"vp_md":false,"vp_lg":false,"vp_xl":false,"vp_sm_popup":false,"vp_md_popup":false,"vp_xl_popup":false},"uagb_author_info":{"display_name":"xesco","author_link":"https:\/\/icoprevencio.cat\/uct\/author\/xesco\/"},"uagb_comment_info":0,"uagb_excerpt":"21 de Febrer de 2017 (15:00 h. &#8211; 16:00 h.)&nbsp;| L&#8217;Hospitalet de LLobregat, Barcelona. Espanya El Luk Joossens&nbsp;\u00e9s el responsable d&#8217;advocacy de l&#8217;Associaci\u00f3 de Lligues Europees contra el C\u00e0ncer (ECL), un expert en el control del tabac dins de la Fundaci\u00f3 Belga contra el C\u00e0ncer i un expert internacional sobre el comer\u00e7 il\u00b7l\u00edcit de tabac.&hellip;","_links":{"self":[{"href":"https:\/\/icoprevencio.cat\/uct\/wp-json\/wp\/v2\/pages\/15197","targetHints":{"allow":["GET"]}}],"collection":[{"href":"https:\/\/icoprevencio.cat\/uct\/wp-json\/wp\/v2\/pages"}],"about":[{"href":"https:\/\/icoprevencio.cat\/uct\/wp-json\/wp\/v2\/types\/page"}],"author":[{"embeddable":true,"href":"https:\/\/icoprevencio.cat\/uct\/wp-json\/wp\/v2\/users\/15"}],"replies":[{"embeddable":true,"href":"https:\/\/icoprevencio.cat\/uct\/wp-json\/wp\/v2\/comments?post=15197"}],"version-history":[{"count":1,"href":"https:\/\/icoprevencio.cat\/uct\/wp-json\/wp\/v2\/pages\/15197\/revisions"}],"predecessor-version":[{"id":15198,"href":"https:\/\/icoprevencio.cat\/uct\/wp-json\/wp\/v2\/pages\/15197\/revisions\/15198"}],"wp:attachment":[{"href":"https:\/\/icoprevencio.cat\/uct\/wp-json\/wp\/v2\/media?parent=15197"}],"curies":[{"name":"wp","href":"https:\/\/api.w.org\/{rel}","templated":true}]}}