{"id":15205,"date":"2026-01-28T12:20:26","date_gmt":"2026-01-28T11:20:26","guid":{"rendered":"https:\/\/icoprevencio.cat\/uct\/?page_id=15205"},"modified":"2026-01-28T12:20:26","modified_gmt":"2026-01-28T11:20:26","slug":"deixar-de-fumar-sense-ajuda-com-la-majoria-dexfumadors-han-deixat-de-fumar-sempre","status":"publish","type":"page","link":"https:\/\/icoprevencio.cat\/uct\/deixar-de-fumar-sense-ajuda-com-la-majoria-dexfumadors-han-deixat-de-fumar-sempre\/","title":{"rendered":"DEIXAR DE FUMAR SENSE AJUDA: COM LA MAJORIA D&#8217;EXFUMADORS HAN DEIXAT DE FUMAR SEMPRE"},"content":{"rendered":"\n<figure class=\"wp-block-image\"><a href=\"https:\/\/icoprevencio.cat\/uct10\/wp-content\/uploads\/sites\/10\/2016\/02\/TSSimonChapman.png\"><img loading=\"lazy\" decoding=\"async\" width=\"1024\" height=\"451\" src=\"https:\/\/icoprevencio.cat\/uct10\/wp-content\/uploads\/sites\/10\/2016\/02\/TSSimonChapman-1024x451.png\" alt=\"TSSimonChapman\" class=\"wp-image-1702\" srcset=\"https:\/\/icoprevencio.cat\/uct\/wp-content\/uploads\/sites\/10\/2016\/02\/TSSimonChapman-1024x451.png 1024w, https:\/\/icoprevencio.cat\/uct\/wp-content\/uploads\/sites\/10\/2016\/02\/TSSimonChapman-300x132.png 300w, https:\/\/icoprevencio.cat\/uct\/wp-content\/uploads\/sites\/10\/2016\/02\/TSSimonChapman-768x338.png 768w, https:\/\/icoprevencio.cat\/uct\/wp-content\/uploads\/sites\/10\/2016\/02\/TSSimonChapman-750x330.png 750w\" sizes=\"auto, (max-width: 1024px) 100vw, 1024px\" \/><\/a><\/figure>\n\n\n\n<p><\/p>\n\n\n\n<div><span style=\"color: #800000;\"><strong>21 de Setembre de 2015 (12:30 h.-13:30 h.)&nbsp;| L&#8217;Hospitalet de LLobregat, Barcelona. Espanya&nbsp;<\/strong><\/span><\/div>\n\n\n\n<hr class=\"wp-block-separator has-alpha-channel-opacity\"\/>\n\n\n\n<div class=\"page\" title=\"Page 1\">\r\n<div class=\"section\">\r\n<div class=\"layoutArea\">\r\n<div class=\"column\">\r\n<p class=\"p1\"><span class=\"s1\">El <strong>Simon Chapman<\/strong> \u00e9s Professor en Salut P\u00fablica de la Universitat de Sydney. Ha publicat m\u00e9s de 500 articles en revistes cient\u00edfiques i 19 llibres a m\u00e9s de participar en els principals informes sobre el tabac. El seu nou llibre &#8220;Llevant-li el vestit a l&#8217;emperador: l&#8217;empaquetat gen\u00e8ric del tabac a Austr\u00e0lia&#8221; (en angl\u00e8s, gratis en pdf) es va publicar de novembre a 2014 per la Sydney University Press. En 1997 va guanyar la medalla del Dia Mundial Sense Tabac de l&#8217;Organitzaci\u00f3 Mundial de la Salut i en 2003 va ser triat per altres professionals per rebre el Premi Terry Luther de la Societat Americana del C\u00e0ncer pel seu destacat lideratge individual en el control del tabac. Va ser editor adjunt (1992-1997) i despr\u00e9s editor (1998-2008 ) de la revista Tobacco Control i ara \u00e9s el seu editor em\u00e8rit. El 2013 va ser nomenat Oficial de l&#8217;Ordre d&#8217;Austr\u00e0lia per les seves contribucions a la salut p\u00fablica, i Australian Skeptic of the Year per l&#8217;Australian Skeptics.<\/span><\/p>\r\n<\/div>\r\n<\/div>\r\n<\/div>\r\n<\/div>\n\n\n\n<hr class=\"wp-block-separator has-alpha-channel-opacity\"\/>\n\n\n\n<hr class=\"wp-block-separator has-alpha-channel-opacity\"\/>\n\n\n\n<h4 class=\"wp-block-heading\"><span style=\"color: #800000;\"><strong>Presentaci\u00f3 del seminari<\/strong><\/span><\/h4>\n\n\n<p>[bullets effect=&#8221;&#8221; size=&#8221;normal&#8221; color_for=&#8221;bg&#8221; type=&#8221;icon&#8221;]<br \/>\n[bullet icon=&#8221;fa-slideshare&#8221; color=&#8221;red&#8221;]<a href=\"http:\/\/www.slideshare.net\/UCTICO\/unassisted-cessation\" target=\"_blank\" rel=\"noopener\">La Presentaci\u00f3<\/a>[\/bullet]<br \/>\n[bullet icon=&#8221;fa-youtube-play&#8221; color=&#8221;red&#8221;]<a href=\"https:\/\/www.youtube.com\/watch?v=CAYnuuPU4Ok\" target=\"_blank\" rel=\"noopener\">El v\u00eddeo<\/a>[\/bullet]<br \/>\n[bullet icon=&#8221;fa-file-movie-o&#8221; color=&#8221;red&#8221;]<a href=\"http:\/\/www.zentation.com\/viewer2\/webcast\/AqWhHt2djI\/Unassisted%20smoking%20cessation:%20how%20most%20ex-smokers%20have%20always%20quit#.VsbvE5PhClM\" target=\"_blank\" rel=\"noopener\">La v\u00eddeo-presentaci\u00f3<\/a>[\/bullet]<br \/>\n[\/bullets]<\/p>\n\n\n\n<hr class=\"wp-block-separator has-alpha-channel-opacity\"\/>\n\n\n\n<hr class=\"wp-block-separator has-alpha-channel-opacity\"\/>\n\n\n<p>[accordion effect=&#8221;&#8221;]<br \/>\n[accordion_item title=&#8221;Informaci\u00f3 \u00datil&#8221; open=&#8221;no&#8221; color=&#8221;darkcyan&#8221;]<br \/>\n[bullets effect=&#8221;&#8221; size=&#8221;normal&#8221; color_for=&#8221;bg&#8221; type=&#8221;icon&#8221;]<br \/>\n[bullet icon=&#8221;fa-file-pdf-o&#8221; color=&#8221;darkcyan&#8221;]<a href=\"https:\/\/tobaccorelated.files.wordpress.com\/2015\/06\/tcs-simon-chapman.pdf\" target=\"_blank\" rel=\"noopener\">Anunci del seminari<\/a>[\/bullet]<br \/>\n[bullet icon=&#8221;fa-flag&#8221; color=&#8221;darkcyan&#8221;]Angl\u00e8s[\/bullet]<br \/>\n[bullet icon=&#8221;fa-subway&#8221; color=&#8221;darkcyan&#8221;]Aula Duran (1r Piso) ICO L\u2019Hospitalet <a href=\"http:\/\/ico.gencat.cat\/ca\/canalsocults\/contacte\/com_arribar_hospitalet\/\" target=\"_blank\" rel=\"noopener\">[C\u00f3m arribar-hi]<\/a>[\/bullet]<br \/>\n[\/bullets]<br \/>\n[\/accordion_item]<br \/>\n[\/accordion]<\/p>\n\n\n\n<hr class=\"wp-block-separator has-alpha-channel-opacity\"\/>\n\n\n\n<p><strong>Comp\u00e1rteix-lo:<\/strong><\/p>\n","protected":false},"excerpt":{"rendered":"<p>21 de Setembre de 2015 (12:30 h.-13:30 h.)&nbsp;| L&#8217;Hospitalet de LLobregat, Barcelona. Espanya&nbsp; El Simon Chapman \u00e9s Professor en Salut P\u00fablica de la Universitat de Sydney. Ha publicat m\u00e9s de 500 articles en revistes cient\u00edfiques i 19 llibres a m\u00e9s de participar en els principals informes sobre el tabac. El seu nou llibre &#8220;Llevant-li el [&hellip;]<\/p>\n","protected":false},"author":15,"featured_media":0,"parent":0,"menu_order":0,"comment_status":"closed","ping_status":"closed","template":"","meta":{"_uag_custom_page_level_css":"","site-sidebar-layout":"default","site-content-layout":"","ast-site-content-layout":"default","site-content-style":"default","site-sidebar-style":"default","ast-global-header-display":"","ast-banner-title-visibility":"","ast-main-header-display":"","ast-hfb-above-header-display":"","ast-hfb-below-header-display":"","ast-hfb-mobile-header-display":"","site-post-title":"","ast-breadcrumbs-content":"","ast-featured-img":"","footer-sml-layout":"","ast-disable-related-posts":"","theme-transparent-header-meta":"","adv-header-id-meta":"","stick-header-meta":"","header-above-stick-meta":"","header-main-stick-meta":"","header-below-stick-meta":"","astra-migrate-meta-layouts":"set","ast-page-background-enabled":"default","ast-page-background-meta":{"desktop":{"background-color":"var(--ast-global-color-4)","background-image":"","background-repeat":"repeat","background-position":"center center","background-size":"auto","background-attachment":"scroll","background-type":"","background-media":"","overlay-type":"","overlay-color":"","overlay-opacity":"","overlay-gradient":""},"tablet":{"background-color":"","background-image":"","background-repeat":"repeat","background-position":"center center","background-size":"auto","background-attachment":"scroll","background-type":"","background-media":"","overlay-type":"","overlay-color":"","overlay-opacity":"","overlay-gradient":""},"mobile":{"background-color":"","background-image":"","background-repeat":"repeat","background-position":"center center","background-size":"auto","background-attachment":"scroll","background-type":"","background-media":"","overlay-type":"","overlay-color":"","overlay-opacity":"","overlay-gradient":""}},"ast-content-background-meta":{"desktop":{"background-color":"var(--ast-global-color-5)","background-image":"","background-repeat":"repeat","background-position":"center center","background-size":"auto","background-attachment":"scroll","background-type":"","background-media":"","overlay-type":"","overlay-color":"","overlay-opacity":"","overlay-gradient":""},"tablet":{"background-color":"var(--ast-global-color-5)","background-image":"","background-repeat":"repeat","background-position":"center center","background-size":"auto","background-attachment":"scroll","background-type":"","background-media":"","overlay-type":"","overlay-color":"","overlay-opacity":"","overlay-gradient":""},"mobile":{"background-color":"var(--ast-global-color-5)","background-image":"","background-repeat":"repeat","background-position":"center center","background-size":"auto","background-attachment":"scroll","background-type":"","background-media":"","overlay-type":"","overlay-color":"","overlay-opacity":"","overlay-gradient":""}},"_vp_format_video_url":"","_vp_image_focal_point":[],"footnotes":""},"class_list":["post-15205","page","type-page","status-publish","hentry"],"uagb_featured_image_src":{"full":false,"thumbnail":false,"medium":false,"medium_large":false,"large":false,"1536x1536":false,"2048x2048":false,"vp_sm":false,"vp_md":false,"vp_lg":false,"vp_xl":false,"vp_sm_popup":false,"vp_md_popup":false,"vp_xl_popup":false},"uagb_author_info":{"display_name":"xesco","author_link":"https:\/\/icoprevencio.cat\/uct\/author\/xesco\/"},"uagb_comment_info":0,"uagb_excerpt":"21 de Setembre de 2015 (12:30 h.-13:30 h.)&nbsp;| L&#8217;Hospitalet de LLobregat, Barcelona. Espanya&nbsp; El Simon Chapman \u00e9s Professor en Salut P\u00fablica de la Universitat de Sydney. Ha publicat m\u00e9s de 500 articles en revistes cient\u00edfiques i 19 llibres a m\u00e9s de participar en els principals informes sobre el tabac. El seu nou llibre &#8220;Llevant-li el&hellip;","_links":{"self":[{"href":"https:\/\/icoprevencio.cat\/uct\/wp-json\/wp\/v2\/pages\/15205","targetHints":{"allow":["GET"]}}],"collection":[{"href":"https:\/\/icoprevencio.cat\/uct\/wp-json\/wp\/v2\/pages"}],"about":[{"href":"https:\/\/icoprevencio.cat\/uct\/wp-json\/wp\/v2\/types\/page"}],"author":[{"embeddable":true,"href":"https:\/\/icoprevencio.cat\/uct\/wp-json\/wp\/v2\/users\/15"}],"replies":[{"embeddable":true,"href":"https:\/\/icoprevencio.cat\/uct\/wp-json\/wp\/v2\/comments?post=15205"}],"version-history":[{"count":1,"href":"https:\/\/icoprevencio.cat\/uct\/wp-json\/wp\/v2\/pages\/15205\/revisions"}],"predecessor-version":[{"id":15206,"href":"https:\/\/icoprevencio.cat\/uct\/wp-json\/wp\/v2\/pages\/15205\/revisions\/15206"}],"wp:attachment":[{"href":"https:\/\/icoprevencio.cat\/uct\/wp-json\/wp\/v2\/media?parent=15205"}],"curies":[{"name":"wp","href":"https:\/\/api.w.org\/{rel}","templated":true}]}}