{"id":15283,"date":"2026-02-05T09:39:51","date_gmt":"2026-02-05T08:39:51","guid":{"rendered":"https:\/\/icoprevencio.cat\/uct\/?page_id=15283"},"modified":"2026-02-05T09:55:42","modified_gmt":"2026-02-05T08:55:42","slug":"taboh","status":"publish","type":"page","link":"https:\/\/icoprevencio.cat\/uct\/taboh\/","title":{"rendered":"TABOH"},"content":{"rendered":"\n<div class=\"wp-block-uagb-container uagb-block-709c37ea alignfull uagb-is-root-container\"><div class=\"uagb-container-inner-blocks-wrap\">\n<div class=\"wp-block-uagb-info-box uagb-block-353171f0 uagb-infobox__content-wrap  uagb-infobox-icon-above-title uagb-infobox-image-valign-top wp-block-uagb-info-box--has-margin\"><div class=\"uagb-infobox-margin-wrapper\"><div class=\"uagb-ifb-content\"><div class=\"uagb-ifb-title-wrap\"><h2 class=\"uagb-ifb-title\"><strong>Projectes en curs<\/strong><\/h2><\/div><\/div><\/div><\/div>\n<\/div><\/div>\n\n\n\n<div style=\"height:60px\" aria-hidden=\"true\" class=\"wp-block-spacer\"><\/div>\n\n\n\n<div class=\"wp-block-uagb-info-box uagb-block-9271b190 uagb-infobox__content-wrap  uagb-infobox-icon-above-title uagb-infobox-image-valign-top wp-block-uagb-info-box--has-margin\"><div class=\"uagb-infobox-margin-wrapper\"><div class=\"uagb-ifb-content\"><div class=\"uagb-ifb-title-wrap\"><h3 class=\"uagb-ifb-title\">Efic\u00e0cia d\u2019una intervenci\u00f3 breu integrada sobre el consum de tabac i alcohol a trav\u00e9s de la l\u00ednia d\u2019ajuda 061 Salut Respon: un assaig controlat aleatoritzat (ECA)<\/h3><\/div><p class=\"uagb-ifb-desc\">El tabac i l\u2019alcohol s\u00f3n dues de les subst\u00e0ncies additives m\u00e9s consumides i contribueixen de manera significativa a una elevada c\u00e0rrega de malaltia i de mortalitat prematura. El seu consum conjunt potencia els riscos i afecta especialment les persones en situaci\u00f3 de vulnerabilitat socioecon\u00f2mica. Malgrat el suport de l\u2019OMS, les intervencions integrades per al consum conjunt de tabac i alcohol son escasses a escala poblacional i s\u2019acostumen a abordar cada subst\u00e0ncia per separat, fet que en limita l\u2019efectivitat.<\/p><\/div><\/div><\/div>\n\n\n<div class=\"wp-block-uagb-faq uagb-faq__outer-wrap uagb-block-07d58159 uagb-faq-icon-row-reverse uagb-faq-layout-accordion uagb-faq-expand-first-false uagb-faq-inactive-other-true uagb-faq__wrap uagb-buttons-layout-wrap uagb-faq-equal-height     \" data-faqtoggle=\"true\" role=\"tablist\"><div class=\"wp-block-uagb-faq-child uagb-faq-child__outer-wrap uagb-faq-item uagb-block-24e60ec9 \" role=\"tab\" tabindex=\"0\"><div class=\"uagb-faq-questions-button uagb-faq-questions\">\t\t\t<span class=\"uagb-icon uagb-faq-icon-wrap\">\n\t\t\t\t\t\t\t\t<svg xmlns=\"https:\/\/www.w3.org\/2000\/svg\" viewBox= \"0 0 448 512\"><path d=\"M432 256c0 17.69-14.33 32.01-32 32.01H256v144c0 17.69-14.33 31.99-32 31.99s-32-14.3-32-31.99v-144H48c-17.67 0-32-14.32-32-32.01s14.33-31.99 32-31.99H192v-144c0-17.69 14.33-32.01 32-32.01s32 14.32 32 32.01v144h144C417.7 224 432 238.3 432 256z\"><\/path><\/svg>\n\t\t\t\t\t\t\t<\/span>\n\t\t\t\t\t\t<span class=\"uagb-icon-active uagb-faq-icon-wrap\">\n\t\t\t\t\t\t\t<\/span>\n\t\t\t<span class=\"uagb-question\"><strong>Objectius<\/strong><\/span><\/div><div class=\"uagb-faq-content\"><p><strong>Objectiu\u00a0General:<\/strong>\u00a0Avaluar l\u2019efic\u00e0cia d\u2019una intervenci\u00f3 breu integrada per\u00a0eliminar el consum de tabac i reduir el consum d\u2019alcohol, adre\u00e7ada a persones que contacten amb el 061 Salut Respon\u00a0per motius no urgents.\u00a0<br><br><strong>Objectius\u00a0secundaris:<\/strong>\u00a0<br><br><strong>O1:<\/strong>\u00a0Avaluar l\u2019efic\u00e0cia de la intervenci\u00f3 integrada en termes d\u2019abstin\u00e8ncia i reducci\u00f3 del consum de tabac i alcohol en comparaci\u00f3 amb els grups d\u2019intervenci\u00f3 exclusiva, tenint en compte les caracter\u00edstiques sociodemogr\u00e0fiques i els patrons inicials de consum dels participants.\u00a0<br><br><strong>O2:<\/strong>\u00a0Examinar l\u2019evoluci\u00f3 de la predisposici\u00f3 al canvi per deixar o reduir el consum de tabac i alcohol en els participants de la intervenci\u00f3 integrada enfront dels grups d\u2019intervenci\u00f3 exclusiva.\u00a0<br><br><strong>O3:<\/strong>\u00a0Analitzar les difer\u00e8ncies en el consum d\u2019alcohol, incloent-hi la freq\u00fc\u00e8ncia i el patr\u00f3 de consum\u00a0per afartament\u00a0entre els participants de la intervenci\u00f3 integrada i els grups d\u2019intervenci\u00f3 exclusiva.\u00a0<br><br><strong>O4:<\/strong>\u00a0Avaluar la depend\u00e8ncia de la nicotina i l\u2019\u00fas de productes del tabac en els participants de la intervenci\u00f3 integrada en comparaci\u00f3 amb els grups d\u2019intervenci\u00f3 exclusiva.\u00a0<br><br><strong>O5:<\/strong>\u00a0Analitzar els resultats d\u2019implementaci\u00f3 de la intervenci\u00f3 integrada, identificant-ne l\u2019abast, la fidelitat i el manteniment dins del 061 Salut Respon, aix\u00ed com explorar la satisfacci\u00f3 i les recomanacions per al manteniment de la intervenci\u00f3 tant entre els participants com en l\u2019equip del 061.\u00a0<br><\/p><\/div><\/div><div class=\"wp-block-uagb-faq-child uagb-faq-child__outer-wrap uagb-faq-item uagb-block-7502faf6 \" role=\"tab\" tabindex=\"0\"><div class=\"uagb-faq-questions-button uagb-faq-questions\">\t\t\t<span class=\"uagb-icon uagb-faq-icon-wrap\">\n\t\t\t\t\t\t\t\t<svg xmlns=\"https:\/\/www.w3.org\/2000\/svg\" viewBox= \"0 0 448 512\"><path d=\"M432 256c0 17.69-14.33 32.01-32 32.01H256v144c0 17.69-14.33 31.99-32 31.99s-32-14.3-32-31.99v-144H48c-17.67 0-32-14.32-32-32.01s14.33-31.99 32-31.99H192v-144c0-17.69 14.33-32.01 32-32.01s32 14.32 32 32.01v144h144C417.7 224 432 238.3 432 256z\"><\/path><\/svg>\n\t\t\t\t\t\t\t<\/span>\n\t\t\t\t\t\t<span class=\"uagb-icon-active uagb-faq-icon-wrap\">\n\t\t\t\t\t\t\t<\/span>\n\t\t\t<span class=\"uagb-question\"><strong>M\u00e8todes<\/strong><\/span><\/div><div class=\"uagb-faq-content\"><p>Estudi basat en un assaig controlat aleatoritzat amb m\u00e8todes mixtos, orientat a avaluar tant l\u2019efic\u00e0cia de la intervenci\u00f3 com la seva aplicaci\u00f3 en la pr\u00e0ctica assistencial.\u00a0\u00a0<br>\u00a0<br><strong>El projecte es desenvolupa en tres fases:\u00a0<br><\/strong>\u00a0<br><strong>Fase I (co-disseny<\/strong>):\u00a0disseny participatiu de la intervenci\u00f3 integrada amb professionals del 061, personal cl\u00ednic i investigadors, ajustant-la al funcionament del servei i desenvolupant un\u00a0aplicatiu\u00a0de suport.\u00a0<br>\u00a0<br><strong>Fase II (Assaig Controlat Aleatoritzat):<\/strong>\u00a0persones adultes que truquen al 061 per motius no urgents i que consumeixen tabac i alcohol de risc baix o moderat s\u00f3n assignades aleat\u00f2riament a tres grups: intervenci\u00f3 integrada tabac-alcohol, intervenci\u00f3 nom\u00e9s per\u00a0al tabac o intervenci\u00f3 nom\u00e9s per a l\u2019alcohol. Tots els grups reben sis trucades estructurades al llarg de sis mesos.\u00a0<br>\u00a0<br><strong>Fase III (implementaci\u00f3):\u00a0<\/strong>avaluaci\u00f3 de l\u2019abast, la fidelitat, el manteniment i la satisfacci\u00f3 mitjan\u00e7ant q\u00fcestionaris i grups focals amb participants i professionals del 061, amb an\u00e0lisi quantitativa i qualitativa.<\/p><\/div><\/div><div class=\"wp-block-uagb-faq-child uagb-faq-child__outer-wrap uagb-faq-item uagb-block-076be222 \" role=\"tab\" tabindex=\"0\"><div class=\"uagb-faq-questions-button uagb-faq-questions\">\t\t\t<span class=\"uagb-icon uagb-faq-icon-wrap\">\n\t\t\t\t\t\t\t\t<svg xmlns=\"https:\/\/www.w3.org\/2000\/svg\" viewBox= \"0 0 448 512\"><path d=\"M432 256c0 17.69-14.33 32.01-32 32.01H256v144c0 17.69-14.33 31.99-32 31.99s-32-14.3-32-31.99v-144H48c-17.67 0-32-14.32-32-32.01s14.33-31.99 32-31.99H192v-144c0-17.69 14.33-32.01 32-32.01s32 14.32 32 32.01v144h144C417.7 224 432 238.3 432 256z\"><\/path><\/svg>\n\t\t\t\t\t\t\t<\/span>\n\t\t\t\t\t\t<span class=\"uagb-icon-active uagb-faq-icon-wrap\">\n\t\t\t\t\t\t\t<\/span>\n\t\t\t<span class=\"uagb-question\"><strong>Duraci\u00f3<\/strong><\/span><\/div><div class=\"uagb-faq-content\"><p>3 anys (2026\u20132028)\u00a0<\/p><\/div><\/div><div class=\"wp-block-uagb-faq-child uagb-faq-child__outer-wrap uagb-faq-item uagb-block-f17a63bd \" role=\"tab\" tabindex=\"0\"><div class=\"uagb-faq-questions-button uagb-faq-questions\">\t\t\t<span class=\"uagb-icon uagb-faq-icon-wrap\">\n\t\t\t\t\t\t\t\t<svg xmlns=\"https:\/\/www.w3.org\/2000\/svg\" viewBox= \"0 0 448 512\"><path d=\"M432 256c0 17.69-14.33 32.01-32 32.01H256v144c0 17.69-14.33 31.99-32 31.99s-32-14.3-32-31.99v-144H48c-17.67 0-32-14.32-32-32.01s14.33-31.99 32-31.99H192v-144c0-17.69 14.33-32.01 32-32.01s32 14.32 32 32.01v144h144C417.7 224 432 238.3 432 256z\"><\/path><\/svg>\n\t\t\t\t\t\t\t<\/span>\n\t\t\t\t\t\t<span class=\"uagb-icon-active uagb-faq-icon-wrap\">\n\t\t\t\t\t\t\t<\/span>\n\t\t\t<span class=\"uagb-question\"><strong>Finan\u00e7ament<\/strong><\/span><\/div><div class=\"uagb-faq-content\"><p>Projecte finan\u00e7at per l\u2019Institut de Salut Carlos III (PI25\/00975, convocat\u00f2ria\u00a0AES 2025, projectes de salut\u00a0).\u00a0<\/p><\/div><\/div><div class=\"wp-block-uagb-faq-child uagb-faq-child__outer-wrap uagb-faq-item uagb-block-da622fa5 \" role=\"tab\" tabindex=\"0\"><div class=\"uagb-faq-questions-button uagb-faq-questions\">\t\t\t<span class=\"uagb-icon uagb-faq-icon-wrap\">\n\t\t\t\t\t\t\t\t<svg xmlns=\"https:\/\/www.w3.org\/2000\/svg\" viewBox= \"0 0 448 512\"><path d=\"M432 256c0 17.69-14.33 32.01-32 32.01H256v144c0 17.69-14.33 31.99-32 31.99s-32-14.3-32-31.99v-144H48c-17.67 0-32-14.32-32-32.01s14.33-31.99 32-31.99H192v-144c0-17.69 14.33-32.01 32-32.01s32 14.32 32 32.01v144h144C417.7 224 432 238.3 432 256z\"><\/path><\/svg>\n\t\t\t\t\t\t\t<\/span>\n\t\t\t\t\t\t<span class=\"uagb-icon-active uagb-faq-icon-wrap\">\n\t\t\t\t\t\t\t<\/span>\n\t\t\t<span class=\"uagb-question\"><strong><strong>Equip de recerca:<\/strong>\u00a0<\/strong><\/span><\/div><div class=\"uagb-faq-content\"><p>Projecte liderat per la Unitat de Control del Tabac de l\u2019Institut Catal\u00e0 d\u2019Oncologia\u2013IDIBELL, en col\u00b7laboraci\u00f3 amb l\u2019Ag\u00e8ncia de Salut P\u00fablica de Catalunya, el servei 061 Salut Respon, Fundaci\u00f3 de Recerca Cl\u00ednic Barcelona (FRCB) i\u00a0l\u2019Hospital Cl\u00ednic\u2013IDIBAPS, juntament amb un equip multidisciplinari d\u2019experts en control del tabac i de l\u2019alcohol, salut p\u00fablica, ci\u00e8ncia de la implementaci\u00f3, salut digital i metodologia quantitativa i qualitativa.\u00a0<br><\/p><\/div><\/div><div class=\"wp-block-uagb-faq-child uagb-faq-child__outer-wrap uagb-faq-item uagb-block-43ba4076 \" role=\"tab\" tabindex=\"0\"><div class=\"uagb-faq-questions-button uagb-faq-questions\">\t\t\t<span class=\"uagb-icon uagb-faq-icon-wrap\">\n\t\t\t\t\t\t\t\t<svg xmlns=\"https:\/\/www.w3.org\/2000\/svg\" viewBox= \"0 0 448 512\"><path d=\"M432 256c0 17.69-14.33 32.01-32 32.01H256v144c0 17.69-14.33 31.99-32 31.99s-32-14.3-32-31.99v-144H48c-17.67 0-32-14.32-32-32.01s14.33-31.99 32-31.99H192v-144c0-17.69 14.33-32.01 32-32.01s32 14.32 32 32.01v144h144C417.7 224 432 238.3 432 256z\"><\/path><\/svg>\n\t\t\t\t\t\t\t<\/span>\n\t\t\t\t\t\t<span class=\"uagb-icon-active uagb-faq-icon-wrap\">\n\t\t\t\t\t\t\t<\/span>\n\t\t\t<span class=\"uagb-question\"><strong>Equip d\u2019Investigaci\u00f3 UCT<\/strong><\/span><\/div><div class=\"uagb-faq-content\"><p>Cristina Mart\u00ednez\u00a0<br>Esteve Fern\u00e1ndez\u00a0<br>Judith Saura\u00a0<br>Laura\u00a0Perdiguero\u00a0<br>Victoria\u00a0Porth\u00e9\u00a0<br>David Fern\u00e1ndez\u00a0<br>Francesc Alarc\u00f3n\u00a0<br>Jon\u00a0Aritz\u00a0Panera\u00a0<br><\/p><\/div><\/div><div class=\"wp-block-uagb-faq-child uagb-faq-child__outer-wrap uagb-faq-item uagb-block-7ed2d871 \" role=\"tab\" tabindex=\"0\"><div class=\"uagb-faq-questions-button uagb-faq-questions\">\t\t\t<span class=\"uagb-icon uagb-faq-icon-wrap\">\n\t\t\t\t\t\t\t\t<svg xmlns=\"https:\/\/www.w3.org\/2000\/svg\" viewBox= \"0 0 448 512\"><path d=\"M432 256c0 17.69-14.33 32.01-32 32.01H256v144c0 17.69-14.33 31.99-32 31.99s-32-14.3-32-31.99v-144H48c-17.67 0-32-14.32-32-32.01s14.33-31.99 32-31.99H192v-144c0-17.69 14.33-32.01 32-32.01s32 14.32 32 32.01v144h144C417.7 224 432 238.3 432 256z\"><\/path><\/svg>\n\t\t\t\t\t\t\t<\/span>\n\t\t\t\t\t\t<span class=\"uagb-icon-active uagb-faq-icon-wrap\">\n\t\t\t\t\t\t\t<\/span>\n\t\t\t<span class=\"uagb-question\"><strong><strong>Col\u00b7laboradors\u00a0del projecte\u00a0<\/strong>\u00a0<\/strong><\/span><\/div><div class=\"uagb-faq-content\"><p>Jordi\u00a0Vilaplana\u00a0<br>Silvia\u00a0Matrai\u00a0<br>Pablo Barrio\u00a0<br>Lidia Segura\u00a0<br>Xavier Jim\u00e9nez\u00a0<br>Xavier Castillo\u00a0<br>Catalina Serra\u00a0<br>Francisco\u00a0Camarelles\u00a0<br>Infermeres\u00a0de l\u2019equip del 061\u00a0<br><\/p><\/div><\/div><div class=\"wp-block-uagb-faq-child uagb-faq-child__outer-wrap uagb-faq-item uagb-block-faa63e9c \" role=\"tab\" tabindex=\"0\"><div class=\"uagb-faq-questions-button uagb-faq-questions\">\t\t\t<span class=\"uagb-icon uagb-faq-icon-wrap\">\n\t\t\t\t\t\t\t\t<svg xmlns=\"https:\/\/www.w3.org\/2000\/svg\" viewBox= \"0 0 448 512\"><path d=\"M432 256c0 17.69-14.33 32.01-32 32.01H256v144c0 17.69-14.33 31.99-32 31.99s-32-14.3-32-31.99v-144H48c-17.67 0-32-14.32-32-32.01s14.33-31.99 32-31.99H192v-144c0-17.69 14.33-32.01 32-32.01s32 14.32 32 32.01v144h144C417.7 224 432 238.3 432 256z\"><\/path><\/svg>\n\t\t\t\t\t\t\t<\/span>\n\t\t\t\t\t\t<span class=\"uagb-icon-active uagb-faq-icon-wrap\">\n\t\t\t\t\t\t\t<\/span>\n\t\t\t<span class=\"uagb-question\"><strong>Publicacions cient\u00edfiques<\/strong><\/span><\/div><div class=\"uagb-faq-content\"><p>Encara no hi han publicacions&#8230;<br><\/p><\/div><\/div><\/div>\n\n\n<div style=\"height:131px\" aria-hidden=\"true\" class=\"wp-block-spacer\"><\/div>\n\n\n\n<p><\/p>\n","protected":false},"excerpt":{"rendered":"","protected":false},"author":28,"featured_media":0,"parent":0,"menu_order":0,"comment_status":"closed","ping_status":"closed","template":"","meta":{"_uag_custom_page_level_css":"","site-sidebar-layout":"default","site-content-layout":"","ast-site-content-layout":"default","site-content-style":"default","site-sidebar-style":"default","ast-global-header-display":"","ast-banner-title-visibility":"","ast-main-header-display":"","ast-hfb-above-header-display":"","ast-hfb-below-header-display":"","ast-hfb-mobile-header-display":"","site-post-title":"disabled","ast-breadcrumbs-content":"","ast-featured-img":"","footer-sml-layout":"","ast-disable-related-posts":"","theme-transparent-header-meta":"","adv-header-id-meta":"","stick-header-meta":"","header-above-stick-meta":"","header-main-stick-meta":"","header-below-stick-meta":"","astra-migrate-meta-layouts":"set","ast-page-background-enabled":"default","ast-page-background-meta":{"desktop":{"background-color":"var(--ast-global-color-4)","background-image":"","background-repeat":"repeat","background-position":"center center","background-size":"auto","background-attachment":"scroll","background-type":"","background-media":"","overlay-type":"","overlay-color":"","overlay-opacity":"","overlay-gradient":""},"tablet":{"background-color":"","background-image":"","background-repeat":"repeat","background-position":"center center","background-size":"auto","background-attachment":"scroll","background-type":"","background-media":"","overlay-type":"","overlay-color":"","overlay-opacity":"","overlay-gradient":""},"mobile":{"background-color":"","background-image":"","background-repeat":"repeat","background-position":"center center","background-size":"auto","background-attachment":"scroll","background-type":"","background-media":"","overlay-type":"","overlay-color":"","overlay-opacity":"","overlay-gradient":""}},"ast-content-background-meta":{"desktop":{"background-color":"var(--ast-global-color-5)","background-image":"","background-repeat":"repeat","background-position":"center center","background-size":"auto","background-attachment":"scroll","background-type":"","background-media":"","overlay-type":"","overlay-color":"","overlay-opacity":"","overlay-gradient":""},"tablet":{"background-color":"var(--ast-global-color-5)","background-image":"","background-repeat":"repeat","background-position":"center center","background-size":"auto","background-attachment":"scroll","background-type":"","background-media":"","overlay-type":"","overlay-color":"","overlay-opacity":"","overlay-gradient":""},"mobile":{"background-color":"var(--ast-global-color-5)","background-image":"","background-repeat":"repeat","background-position":"center center","background-size":"auto","background-attachment":"scroll","background-type":"","background-media":"","overlay-type":"","overlay-color":"","overlay-opacity":"","overlay-gradient":""}},"_vp_format_video_url":"","_vp_image_focal_point":[],"footnotes":""},"class_list":["post-15283","page","type-page","status-publish","hentry"],"uagb_featured_image_src":{"full":false,"thumbnail":false,"medium":false,"medium_large":false,"large":false,"1536x1536":false,"2048x2048":false,"vp_sm":false,"vp_md":false,"vp_lg":false,"vp_xl":false,"vp_sm_popup":false,"vp_md_popup":false,"vp_xl_popup":false},"uagb_author_info":{"display_name":"clara","author_link":"https:\/\/icoprevencio.cat\/uct\/author\/clara\/"},"uagb_comment_info":0,"uagb_excerpt":null,"_links":{"self":[{"href":"https:\/\/icoprevencio.cat\/uct\/wp-json\/wp\/v2\/pages\/15283","targetHints":{"allow":["GET"]}}],"collection":[{"href":"https:\/\/icoprevencio.cat\/uct\/wp-json\/wp\/v2\/pages"}],"about":[{"href":"https:\/\/icoprevencio.cat\/uct\/wp-json\/wp\/v2\/types\/page"}],"author":[{"embeddable":true,"href":"https:\/\/icoprevencio.cat\/uct\/wp-json\/wp\/v2\/users\/28"}],"replies":[{"embeddable":true,"href":"https:\/\/icoprevencio.cat\/uct\/wp-json\/wp\/v2\/comments?post=15283"}],"version-history":[{"count":5,"href":"https:\/\/icoprevencio.cat\/uct\/wp-json\/wp\/v2\/pages\/15283\/revisions"}],"predecessor-version":[{"id":15294,"href":"https:\/\/icoprevencio.cat\/uct\/wp-json\/wp\/v2\/pages\/15283\/revisions\/15294"}],"wp:attachment":[{"href":"https:\/\/icoprevencio.cat\/uct\/wp-json\/wp\/v2\/media?parent=15283"}],"curies":[{"name":"wp","href":"https:\/\/api.w.org\/{rel}","templated":true}]}}